{"id":1479,"date":"2021-01-29T11:20:21","date_gmt":"2021-01-29T11:20:21","guid":{"rendered":"https:\/\/ferrycroatia.com\/hr\/?page_id=1479"},"modified":"2021-04-08T16:05:29","modified_gmt":"2021-04-08T14:05:29","slug":"trajektna-luka-trpanj","status":"publish","type":"page","link":"https:\/\/www.ferrycroatia.com\/hr\/trajektna-luka-trpanj\/","title":{"rendered":"Trajektna luka Trpanj"},"content":{"rendered":"\n<p><strong>Gradi\u0107 Trpanj na poluotoku Pelje\u0161cu<\/strong> jedino je mjesto koje je trajektom izravno povezano s kopnom (s gradom Plo\u010dama). Trajektna luka nalazi se u blizini glavne \u0161etnice uz more.<\/p>\n\n\n\n<h3>Kako do\u0107i do luke Trpanj<\/h3>\n\n\n\n<p>Trpanj je mali primorski grad s trajektnom lukom u samom centru u blizini glavne \u0161etnice. <strong>Bez obzira na lokaciju va\u0161eg smje\u0161taja u gradu<\/strong>, do trajektne luke lako mo\u017eete do\u0107i pje\u0161ice. Povezan je s Orebi\u0107em <strong>redovnom autobusnom linijom<\/strong> (autobusi su \u010de\u0161\u0107i ljeti). <strong>Vozni red mo\u017eete prona\u0107i na autobusnoj stanici u Trpnju<\/strong> pored trajektne luke.<\/p>\n\n\n\n<h3>Kako do\u0107i iz Trpnja do Zra\u010dne luke Split<\/h3>\n\n\n\n<p>Ako putujete automobilom, predvi\u0111eno vrijeme putovanja <strong>do Zra\u010dne luke Split preko trajektne linije Trpanj &#8211; Plo\u010de<\/strong> iznosi oko 3 sata (1 sat putovanja trajektom i 2 sata vo\u017enje automobilom). Ukoliko putujete autobusom vo\u017enja mo\u017ee potrajati jer prvo morate do\u0107i do <a href=\"https:\/\/getbybus.com\/hr\/autobus-ploce\">autobusnog kolodvora u Plo\u010dama<\/a> (kolodvor 200 metara od luke), <strong>gdje \u0107ete morati sa\u010dekati ukrcavanje na autobus za Split<\/strong>. Nakon \u0161to do\u0111ete do Splita, morat \u0107ete <strong>presjesti na autobusnom kolodvoru u Splitu<\/strong> na autobus do zra\u010dne luke.<\/p>\n\n\n\n<h3>\u0160to se nalazi u blizini luke Trpanj<\/h3>\n\n\n\n<p>Kao \u0161to je ve\u0107 spomenuto, <strong>Trpanj je uistinu mali grad \u010dija se trajektna luka nalazi u blizini centra i glavne \u0161etnice<\/strong>. U neposrednoj blizini luke mo\u017eete prona\u0107i sve dodatne sadr\u017eaje: kafi\u0107e, restorane, trgovine itd.<\/p>\n\n\n\n<h3>Adresa Trajektne luke Trpanj<\/h3>\n\n\n\n<ul><li>Zalo 1<\/li><li>20240 Trpanj (Pelje\u0161ac)<\/li><li><strong>GPS koordinate:<\/strong><\/li><\/ul>\n\n\n\n<figure class=\"wp-block-image size-large\"><img decoding=\"async\" loading=\"lazy\" width=\"800\" height=\"604\" data-src=\"https:\/\/ferrycroatia.com\/hr\/wp-content\/uploads\/2021\/01\/Trpanj-1.jpg\" alt=\"Trpanj trajektna luka\" class=\"wp-image-1480\" data-srcset=\"https:\/\/www.ferrycroatia.com\/hr\/wp-content\/uploads\/2021\/01\/Trpanj-1.jpg 800w, https:\/\/www.ferrycroatia.com\/hr\/wp-content\/uploads\/2021\/01\/Trpanj-1-300x227.jpg 300w, https:\/\/www.ferrycroatia.com\/hr\/wp-content\/uploads\/2021\/01\/Trpanj-1-768x580.jpg 768w\" sizes=\"(max-width: 800px) 100vw, 800px\" \/><\/figure>\n\n\n\n<h3>Popis dostupnih polazaka od i do Trpnja<\/h3>\n\n\n\n<p>\u2192 Trajekt: Plo\u010de \u2013 Trpanj (Pelje\u0161ac)<\/p>\n\n\n\n<ul><li><a href=\"https:\/\/ferrycroatia.com\/hr\/trpanj-ploce\/\">Trpanj \u2013 Plo\u010de<\/a><\/li><\/ul>\n","protected":false},"excerpt":{"rendered":"<p>Gradi\u0107 Trpanj na poluotoku Pelje\u0161cu jedino je mjesto koje je trajektom izravno povezano s kopnom (s gradom Plo\u010dama). Trajektna luka nalazi se u blizini glavne \u0161etnice uz more. Kako do\u0107i do luke Trpanj Trpanj je mali primorski grad s trajektnom lukom u samom centru u blizini glavne \u0161etnice. Bez obzira na lokaciju va\u0161eg smje\u0161taja u [&hellip;]<\/p>\n<p><a class=\"more-link\" href=\"https:\/\/www.ferrycroatia.com\/hr\/trajektna-luka-trpanj\/\"> Continue reading&#8230;<\/a><\/p>\n","protected":false},"author":5,"featured_media":1481,"parent":0,"menu_order":0,"comment_status":"closed","ping_status":"closed","template":"","meta":[],"yoast_head":"<!-- This site is optimized with the Yoast SEO plugin v19.8 - https:\/\/yoast.com\/wordpress\/plugins\/seo\/ -->\n<title>Trpanj trajektna luka, dolasci i polasci iz luke<\/title>\n<meta name=\"robots\" content=\"index, follow, max-snippet:-1, max-image-preview:large, max-video-preview:-1\" \/>\n<link rel=\"canonical\" href=\"https:\/\/www.ferrycroatia.com\/hr\/trajektna-luka-trpanj\/\" \/>\n<meta property=\"og:locale\" content=\"en_US\" \/>\n<meta property=\"og:type\" content=\"article\" \/>\n<meta property=\"og:title\" content=\"Trpanj trajektna luka, dolasci i polasci iz luke\" \/>\n<meta property=\"og:description\" content=\"Gradi\u0107 Trpanj na poluotoku Pelje\u0161cu jedino je mjesto koje je trajektom izravno povezano s kopnom (s gradom Plo\u010dama). Trajektna luka nalazi se u blizini glavne \u0161etnice uz more. Kako do\u0107i do luke Trpanj Trpanj je mali primorski grad s trajektnom lukom u samom centru u blizini glavne \u0161etnice. Bez obzira na lokaciju va\u0161eg smje\u0161taja u [&hellip;] Continue reading...\" \/>\n<meta property=\"og:url\" content=\"https:\/\/www.ferrycroatia.com\/hr\/trajektna-luka-trpanj\/\" \/>\n<meta property=\"og:site_name\" content=\"Trajekti Hrvatska\" \/>\n<meta property=\"article:modified_time\" content=\"2021-04-08T14:05:29+00:00\" \/>\n<meta property=\"og:image\" content=\"https:\/\/www.ferrycroatia.com\/hr\/wp-content\/uploads\/2021\/01\/Trpanj.jpg\" \/>\n\t<meta property=\"og:image:width\" content=\"1024\" \/>\n\t<meta property=\"og:image:height\" content=\"768\" \/>\n\t<meta property=\"og:image:type\" content=\"image\/jpeg\" \/>\n<meta name=\"twitter:card\" content=\"summary_large_image\" \/>\n<meta name=\"twitter:label1\" content=\"Est. reading time\" \/>\n\t<meta name=\"twitter:data1\" content=\"1 minute\" \/>\n<script type=\"application\/ld+json\" class=\"yoast-schema-graph\">{\"@context\":\"https:\/\/schema.org\",\"@graph\":[{\"@type\":\"WebPage\",\"@id\":\"https:\/\/www.ferrycroatia.com\/hr\/trajektna-luka-trpanj\/\",\"url\":\"https:\/\/www.ferrycroatia.com\/hr\/trajektna-luka-trpanj\/\",\"name\":\"Trpanj trajektna luka, dolasci i polasci iz luke\",\"isPartOf\":{\"@id\":\"https:\/\/www.ferrycroatia.com\/hr\/#website\"},\"datePublished\":\"2021-01-29T11:20:21+00:00\",\"dateModified\":\"2021-04-08T14:05:29+00:00\",\"breadcrumb\":{\"@id\":\"https:\/\/www.ferrycroatia.com\/hr\/trajektna-luka-trpanj\/#breadcrumb\"},\"inLanguage\":\"en-US\",\"potentialAction\":[{\"@type\":\"ReadAction\",\"target\":[\"https:\/\/www.ferrycroatia.com\/hr\/trajektna-luka-trpanj\/\"]}]},{\"@type\":\"BreadcrumbList\",\"@id\":\"https:\/\/www.ferrycroatia.com\/hr\/trajektna-luka-trpanj\/#breadcrumb\",\"itemListElement\":[{\"@type\":\"ListItem\",\"position\":1,\"name\":\"Home\",\"item\":\"https:\/\/www.ferrycroatia.com\/hr\/\"},{\"@type\":\"ListItem\",\"position\":2,\"name\":\"Trajektna luka Trpanj\"}]},{\"@type\":\"WebSite\",\"@id\":\"https:\/\/www.ferrycroatia.com\/hr\/#website\",\"url\":\"https:\/\/www.ferrycroatia.com\/hr\/\",\"name\":\"Trajekti Hrvatska\",\"description\":\"Vozni red za sve trajekte i katamarane u Hrvatskoj\",\"potentialAction\":[{\"@type\":\"SearchAction\",\"target\":{\"@type\":\"EntryPoint\",\"urlTemplate\":\"https:\/\/www.ferrycroatia.com\/hr\/?s={search_term_string}\"},\"query-input\":\"required name=search_term_string\"}],\"inLanguage\":\"en-US\"}]}<\/script>\n<!-- \/ Yoast SEO plugin. -->","yoast_head_json":{"title":"Trpanj trajektna luka, dolasci i polasci iz luke","robots":{"index":"index","follow":"follow","max-snippet":"max-snippet:-1","max-image-preview":"max-image-preview:large","max-video-preview":"max-video-preview:-1"},"canonical":"https:\/\/www.ferrycroatia.com\/hr\/trajektna-luka-trpanj\/","og_locale":"en_US","og_type":"article","og_title":"Trpanj trajektna luka, dolasci i polasci iz luke","og_description":"Gradi\u0107 Trpanj na poluotoku Pelje\u0161cu jedino je mjesto koje je trajektom izravno povezano s kopnom (s gradom Plo\u010dama). Trajektna luka nalazi se u blizini glavne \u0161etnice uz more. Kako do\u0107i do luke Trpanj Trpanj je mali primorski grad s trajektnom lukom u samom centru u blizini glavne \u0161etnice. Bez obzira na lokaciju va\u0161eg smje\u0161taja u [&hellip;] Continue reading...","og_url":"https:\/\/www.ferrycroatia.com\/hr\/trajektna-luka-trpanj\/","og_site_name":"Trajekti Hrvatska","article_modified_time":"2021-04-08T14:05:29+00:00","og_image":[{"width":1024,"height":768,"url":"https:\/\/www.ferrycroatia.com\/hr\/wp-content\/uploads\/2021\/01\/Trpanj.jpg","type":"image\/jpeg"}],"twitter_card":"summary_large_image","twitter_misc":{"Est. reading time":"1 minute"},"schema":{"@context":"https:\/\/schema.org","@graph":[{"@type":"WebPage","@id":"https:\/\/www.ferrycroatia.com\/hr\/trajektna-luka-trpanj\/","url":"https:\/\/www.ferrycroatia.com\/hr\/trajektna-luka-trpanj\/","name":"Trpanj trajektna luka, dolasci i polasci iz luke","isPartOf":{"@id":"https:\/\/www.ferrycroatia.com\/hr\/#website"},"datePublished":"2021-01-29T11:20:21+00:00","dateModified":"2021-04-08T14:05:29+00:00","breadcrumb":{"@id":"https:\/\/www.ferrycroatia.com\/hr\/trajektna-luka-trpanj\/#breadcrumb"},"inLanguage":"en-US","potentialAction":[{"@type":"ReadAction","target":["https:\/\/www.ferrycroatia.com\/hr\/trajektna-luka-trpanj\/"]}]},{"@type":"BreadcrumbList","@id":"https:\/\/www.ferrycroatia.com\/hr\/trajektna-luka-trpanj\/#breadcrumb","itemListElement":[{"@type":"ListItem","position":1,"name":"Home","item":"https:\/\/www.ferrycroatia.com\/hr\/"},{"@type":"ListItem","position":2,"name":"Trajektna luka Trpanj"}]},{"@type":"WebSite","@id":"https:\/\/www.ferrycroatia.com\/hr\/#website","url":"https:\/\/www.ferrycroatia.com\/hr\/","name":"Trajekti Hrvatska","description":"Vozni red za sve trajekte i katamarane u Hrvatskoj","potentialAction":[{"@type":"SearchAction","target":{"@type":"EntryPoint","urlTemplate":"https:\/\/www.ferrycroatia.com\/hr\/?s={search_term_string}"},"query-input":"required name=search_term_string"}],"inLanguage":"en-US"}]}},"_links":{"self":[{"href":"https:\/\/www.ferrycroatia.com\/hr\/wp-json\/wp\/v2\/pages\/1479"}],"collection":[{"href":"https:\/\/www.ferrycroatia.com\/hr\/wp-json\/wp\/v2\/pages"}],"about":[{"href":"https:\/\/www.ferrycroatia.com\/hr\/wp-json\/wp\/v2\/types\/page"}],"author":[{"embeddable":true,"href":"https:\/\/www.ferrycroatia.com\/hr\/wp-json\/wp\/v2\/users\/5"}],"replies":[{"embeddable":true,"href":"https:\/\/www.ferrycroatia.com\/hr\/wp-json\/wp\/v2\/comments?post=1479"}],"version-history":[{"count":4,"href":"https:\/\/www.ferrycroatia.com\/hr\/wp-json\/wp\/v2\/pages\/1479\/revisions"}],"predecessor-version":[{"id":2174,"href":"https:\/\/www.ferrycroatia.com\/hr\/wp-json\/wp\/v2\/pages\/1479\/revisions\/2174"}],"wp:featuredmedia":[{"embeddable":true,"href":"https:\/\/www.ferrycroatia.com\/hr\/wp-json\/wp\/v2\/media\/1481"}],"wp:attachment":[{"href":"https:\/\/www.ferrycroatia.com\/hr\/wp-json\/wp\/v2\/media?parent=1479"}],"curies":[{"name":"wp","href":"https:\/\/api.w.org\/{rel}","templated":true}]}}