{"id":1483,"date":"2021-01-29T11:22:04","date_gmt":"2021-01-29T11:22:04","guid":{"rendered":"https:\/\/ferrycroatia.com\/hr\/?page_id=1483"},"modified":"2021-04-08T16:18:21","modified_gmt":"2021-04-08T14:18:21","slug":"trajektna-luka-ubli","status":"publish","type":"page","link":"https:\/\/www.ferrycroatia.com\/hr\/trajektna-luka-ubli\/","title":{"rendered":"Trajektna luka Ubli"},"content":{"rendered":"\n<p>Ubli su malo mjesto na jugozapadnom dijelu otoka Lastova.<strong> Ujedno su jedina trajektna luka na otoku<\/strong> i jedina veza s kopnom i ostalim otocima. Trajektna luka <strong>nalazi se u uskom zaljevu <\/strong>\u0161to je \u010dini savr\u0161eno za\u0161ti\u0107enom od vjetra i valova, a u blizini se nalazi lijepa \u0161etnica uz more.<\/p>\n\n\n\n<h3>Kako do\u0107i do luke Ubli<\/h3>\n\n\n\n<p>Kao \u0161to je ve\u0107 spomenuto, Ubli su malo mjesto, pa bez obzira gdje se nalazite,<strong> trajektna luka vam je blizu<\/strong>. Ako kao ve\u0107ina ljudi odsjedate u gradu Lastovu ili Pasaduru, tamo mo\u017eete do\u0107i autobusnom linijom koja je povezana s trajektnim linijama.<\/p>\n\n\n\n<h3>\u0160to se nalazi u blizini luke Ubli<\/h3>\n\n\n\n<p>Kao \u0161to je ve\u0107 spomenuto, Ubli su malo mjeso, trajektna luka <strong>nalazi se u samom centru, tako da se u blizini nalaze barovi, restorani, trgovine<\/strong> itd.<\/p>\n\n\n\n<h3>Adresa Trajektne luke Ubli<\/h3>\n\n\n\n<ul><li>20289 Ubli<\/li><li><strong>GPS koordinate:&nbsp; <\/strong>42.74612, 16.8247<\/li><\/ul>\n\n\n\n<figure class=\"wp-block-image size-large\"><img decoding=\"async\" loading=\"lazy\" width=\"800\" height=\"732\" data-src=\"https:\/\/ferrycroatia.com\/hr\/wp-content\/uploads\/2021\/01\/Ubli.jpg\" alt=\"Trajektna luka Ubli\" class=\"wp-image-1484\" data-srcset=\"https:\/\/www.ferrycroatia.com\/hr\/wp-content\/uploads\/2021\/01\/Ubli.jpg 800w, https:\/\/www.ferrycroatia.com\/hr\/wp-content\/uploads\/2021\/01\/Ubli-300x275.jpg 300w, https:\/\/www.ferrycroatia.com\/hr\/wp-content\/uploads\/2021\/01\/Ubli-768x703.jpg 768w\" sizes=\"(max-width: 800px) 100vw, 800px\" \/><\/figure>\n\n\n\n<h3>Popis linija od i do Ubli<\/h3>\n\n\n\n<p>\u2192 Trajekt: Split \u2013 Vela Luka (Kor\u010dula) \u2013 Ubli (Lastovo)<\/p>\n\n\n\n<ul><li><a href=\"https:\/\/ferrycroatia.com\/hr\/ubli-split\/\">Ubli \u2013 Split<\/a><\/li><li><a href=\"https:\/\/ferrycroatia.com\/hr\/ubli-vela-luka\/\">Ubli \u2013 Vela Luka<\/a><\/li><\/ul>\n\n\n\n<p>\u2192 Katamaran: Dubrovnik- Luka \u0160ipanska &#8211; Sobra (Mljet) &#8211; Pola\u010de (Mljet)- Kor\u010dula &#8211; Ubli (Lastovo)<\/p>\n\n\n\n<ul><li><a href=\"https:\/\/ferrycroatia.com\/hr\/ubli-dubrovnik\/\">Ubli \u2013 Dubrovnik<\/a><\/li><li><a href=\"https:\/\/ferrycroatia.com\/hr\/ubli-sipanska-luka\/\">Ubli \u2013 \u0160ipanska Luka<\/a><\/li><li><a href=\"https:\/\/ferrycroatia.com\/hr\/ubli-sobra\/\">Ubli \u2013 Sobra<\/a><\/li><li><a href=\"https:\/\/ferrycroatia.com\/hr\/ubli-korcula\/\">Ubli \u2013 Kor\u010dula<\/a><\/li><\/ul>\n\n\n\n<p>\u2192 Katamaran: Split \u2013 Hvar \u2013 Vela Luka (Kor\u010dula) \u2013 Ubli (Lastovo)<\/p>\n\n\n\n<ul><li><a href=\"https:\/\/ferrycroatia.com\/hr\/ubli-hvar\/\">Ubli \u2013 Hvar<\/a><\/li><\/ul>\n","protected":false},"excerpt":{"rendered":"<p>Ubli su malo mjesto na jugozapadnom dijelu otoka Lastova. Ujedno su jedina trajektna luka na otoku i jedina veza s kopnom i ostalim otocima. Trajektna luka nalazi se u uskom zaljevu \u0161to je \u010dini savr\u0161eno za\u0161ti\u0107enom od vjetra i valova, a u blizini se nalazi lijepa \u0161etnica uz more. Kako do\u0107i do luke Ubli Kao [&hellip;]<\/p>\n<p><a class=\"more-link\" href=\"https:\/\/www.ferrycroatia.com\/hr\/trajektna-luka-ubli\/\"> Continue reading&#8230;<\/a><\/p>\n","protected":false},"author":5,"featured_media":0,"parent":0,"menu_order":0,"comment_status":"closed","ping_status":"closed","template":"","meta":[],"yoast_head":"<!-- This site is optimized with the Yoast SEO plugin v19.8 - https:\/\/yoast.com\/wordpress\/plugins\/seo\/ -->\n<title>Trajektna luka Ubli, dolasci i polasci iz luke<\/title>\n<meta name=\"robots\" content=\"index, follow, max-snippet:-1, max-image-preview:large, max-video-preview:-1\" \/>\n<link rel=\"canonical\" href=\"https:\/\/www.ferrycroatia.com\/hr\/trajektna-luka-ubli\/\" \/>\n<meta property=\"og:locale\" content=\"en_US\" \/>\n<meta property=\"og:type\" content=\"article\" \/>\n<meta property=\"og:title\" content=\"Trajektna luka Ubli, dolasci i polasci iz luke\" \/>\n<meta property=\"og:description\" content=\"Ubli su malo mjesto na jugozapadnom dijelu otoka Lastova. Ujedno su jedina trajektna luka na otoku i jedina veza s kopnom i ostalim otocima. Trajektna luka nalazi se u uskom zaljevu \u0161to je \u010dini savr\u0161eno za\u0161ti\u0107enom od vjetra i valova, a u blizini se nalazi lijepa \u0161etnica uz more. Kako do\u0107i do luke Ubli Kao [&hellip;] Continue reading...\" \/>\n<meta property=\"og:url\" content=\"https:\/\/www.ferrycroatia.com\/hr\/trajektna-luka-ubli\/\" \/>\n<meta property=\"og:site_name\" content=\"Trajekti Hrvatska\" \/>\n<meta property=\"article:modified_time\" content=\"2021-04-08T14:18:21+00:00\" \/>\n<meta property=\"og:image\" content=\"https:\/\/ferrycroatia.com\/hr\/wp-content\/uploads\/2021\/01\/Ubli.jpg\" \/>\n<meta name=\"twitter:card\" content=\"summary_large_image\" \/>\n<meta name=\"twitter:label1\" content=\"Est. reading time\" \/>\n\t<meta name=\"twitter:data1\" content=\"1 minute\" \/>\n<script type=\"application\/ld+json\" class=\"yoast-schema-graph\">{\"@context\":\"https:\/\/schema.org\",\"@graph\":[{\"@type\":\"WebPage\",\"@id\":\"https:\/\/www.ferrycroatia.com\/hr\/trajektna-luka-ubli\/\",\"url\":\"https:\/\/www.ferrycroatia.com\/hr\/trajektna-luka-ubli\/\",\"name\":\"Trajektna luka Ubli, dolasci i polasci iz luke\",\"isPartOf\":{\"@id\":\"https:\/\/www.ferrycroatia.com\/hr\/#website\"},\"datePublished\":\"2021-01-29T11:22:04+00:00\",\"dateModified\":\"2021-04-08T14:18:21+00:00\",\"breadcrumb\":{\"@id\":\"https:\/\/www.ferrycroatia.com\/hr\/trajektna-luka-ubli\/#breadcrumb\"},\"inLanguage\":\"en-US\",\"potentialAction\":[{\"@type\":\"ReadAction\",\"target\":[\"https:\/\/www.ferrycroatia.com\/hr\/trajektna-luka-ubli\/\"]}]},{\"@type\":\"BreadcrumbList\",\"@id\":\"https:\/\/www.ferrycroatia.com\/hr\/trajektna-luka-ubli\/#breadcrumb\",\"itemListElement\":[{\"@type\":\"ListItem\",\"position\":1,\"name\":\"Home\",\"item\":\"https:\/\/www.ferrycroatia.com\/hr\/\"},{\"@type\":\"ListItem\",\"position\":2,\"name\":\"Trajektna luka Ubli\"}]},{\"@type\":\"WebSite\",\"@id\":\"https:\/\/www.ferrycroatia.com\/hr\/#website\",\"url\":\"https:\/\/www.ferrycroatia.com\/hr\/\",\"name\":\"Trajekti Hrvatska\",\"description\":\"Vozni red za sve trajekte i katamarane u Hrvatskoj\",\"potentialAction\":[{\"@type\":\"SearchAction\",\"target\":{\"@type\":\"EntryPoint\",\"urlTemplate\":\"https:\/\/www.ferrycroatia.com\/hr\/?s={search_term_string}\"},\"query-input\":\"required name=search_term_string\"}],\"inLanguage\":\"en-US\"}]}<\/script>\n<!-- \/ Yoast SEO plugin. -->","yoast_head_json":{"title":"Trajektna luka Ubli, dolasci i polasci iz luke","robots":{"index":"index","follow":"follow","max-snippet":"max-snippet:-1","max-image-preview":"max-image-preview:large","max-video-preview":"max-video-preview:-1"},"canonical":"https:\/\/www.ferrycroatia.com\/hr\/trajektna-luka-ubli\/","og_locale":"en_US","og_type":"article","og_title":"Trajektna luka Ubli, dolasci i polasci iz luke","og_description":"Ubli su malo mjesto na jugozapadnom dijelu otoka Lastova. Ujedno su jedina trajektna luka na otoku i jedina veza s kopnom i ostalim otocima. Trajektna luka nalazi se u uskom zaljevu \u0161to je \u010dini savr\u0161eno za\u0161ti\u0107enom od vjetra i valova, a u blizini se nalazi lijepa \u0161etnica uz more. Kako do\u0107i do luke Ubli Kao [&hellip;] Continue reading...","og_url":"https:\/\/www.ferrycroatia.com\/hr\/trajektna-luka-ubli\/","og_site_name":"Trajekti Hrvatska","article_modified_time":"2021-04-08T14:18:21+00:00","og_image":[{"url":"https:\/\/ferrycroatia.com\/hr\/wp-content\/uploads\/2021\/01\/Ubli.jpg"}],"twitter_card":"summary_large_image","twitter_misc":{"Est. reading time":"1 minute"},"schema":{"@context":"https:\/\/schema.org","@graph":[{"@type":"WebPage","@id":"https:\/\/www.ferrycroatia.com\/hr\/trajektna-luka-ubli\/","url":"https:\/\/www.ferrycroatia.com\/hr\/trajektna-luka-ubli\/","name":"Trajektna luka Ubli, dolasci i polasci iz luke","isPartOf":{"@id":"https:\/\/www.ferrycroatia.com\/hr\/#website"},"datePublished":"2021-01-29T11:22:04+00:00","dateModified":"2021-04-08T14:18:21+00:00","breadcrumb":{"@id":"https:\/\/www.ferrycroatia.com\/hr\/trajektna-luka-ubli\/#breadcrumb"},"inLanguage":"en-US","potentialAction":[{"@type":"ReadAction","target":["https:\/\/www.ferrycroatia.com\/hr\/trajektna-luka-ubli\/"]}]},{"@type":"BreadcrumbList","@id":"https:\/\/www.ferrycroatia.com\/hr\/trajektna-luka-ubli\/#breadcrumb","itemListElement":[{"@type":"ListItem","position":1,"name":"Home","item":"https:\/\/www.ferrycroatia.com\/hr\/"},{"@type":"ListItem","position":2,"name":"Trajektna luka Ubli"}]},{"@type":"WebSite","@id":"https:\/\/www.ferrycroatia.com\/hr\/#website","url":"https:\/\/www.ferrycroatia.com\/hr\/","name":"Trajekti Hrvatska","description":"Vozni red za sve trajekte i katamarane u Hrvatskoj","potentialAction":[{"@type":"SearchAction","target":{"@type":"EntryPoint","urlTemplate":"https:\/\/www.ferrycroatia.com\/hr\/?s={search_term_string}"},"query-input":"required name=search_term_string"}],"inLanguage":"en-US"}]}},"_links":{"self":[{"href":"https:\/\/www.ferrycroatia.com\/hr\/wp-json\/wp\/v2\/pages\/1483"}],"collection":[{"href":"https:\/\/www.ferrycroatia.com\/hr\/wp-json\/wp\/v2\/pages"}],"about":[{"href":"https:\/\/www.ferrycroatia.com\/hr\/wp-json\/wp\/v2\/types\/page"}],"author":[{"embeddable":true,"href":"https:\/\/www.ferrycroatia.com\/hr\/wp-json\/wp\/v2\/users\/5"}],"replies":[{"embeddable":true,"href":"https:\/\/www.ferrycroatia.com\/hr\/wp-json\/wp\/v2\/comments?post=1483"}],"version-history":[{"count":4,"href":"https:\/\/www.ferrycroatia.com\/hr\/wp-json\/wp\/v2\/pages\/1483\/revisions"}],"predecessor-version":[{"id":2177,"href":"https:\/\/www.ferrycroatia.com\/hr\/wp-json\/wp\/v2\/pages\/1483\/revisions\/2177"}],"wp:attachment":[{"href":"https:\/\/www.ferrycroatia.com\/hr\/wp-json\/wp\/v2\/media?parent=1483"}],"curies":[{"name":"wp","href":"https:\/\/api.w.org\/{rel}","templated":true}]}}