{"id":1487,"date":"2021-01-29T11:23:23","date_gmt":"2021-01-29T11:23:23","guid":{"rendered":"https:\/\/ferrycroatia.com\/hr\/?page_id=1487"},"modified":"2021-04-08T16:20:28","modified_gmt":"2021-04-08T14:20:28","slug":"trajektna-luka-umag","status":"publish","type":"page","link":"https:\/\/www.ferrycroatia.com\/hr\/trajektna-luka-umag\/","title":{"rendered":"Trajektna luka Umag"},"content":{"rendered":"\n<p><strong>Umag je jeda od najzapadnijih gradova u Hrvatskoj<\/strong>. Smje\u0161ten je na sjeverozapadnom kraju istarskog poluotoka u neposrednoj blizini slovenske granice. Svi katamarani u Umagu polaze s mola koji se nalazi u samom sredi\u0161tu grada.<\/p>\n\n\n\n<h3>Kako do\u0107i do luke Umag<\/h3>\n\n\n\n<p>Umag je stvarno mali grad <strong>i usluga javnog prijevoza nije dostupna<\/strong>. Bez obzira na to gdje odsjedate u Umagu do trajektne luke lako se dolazi pje\u0161ice. <strong>Tijekom ljetnih mjeseci vozi turisti\u010dki vlak<\/strong> &#8211; karta iznosi oko 20 kn = 2,5 eura za odrasle i oko 10 kn = 1,5 eura za djecu od 3-10 godina. Ako nosite puno prtljage, mo\u017eete pozvati taksi koji vas ne bi trebao puno ko\u0161tati jer se radi o malim udaljenostima u gradu.<\/p>\n\n\n\n<p><strong>Ako dolazite iz bilo kojeg mjesta blizu Umaga<\/strong> (na primjer iz Savudrije), autobus \u0107e vas dovesti do<a href=\"https:\/\/getbybus.com\/hr\/autobus-umag\"> glavnog autobusnog kolodvora u Umagu<\/a> koji je udaljen 5-10 minuta hoda od trajektne luke.<\/p>\n\n\n\n<h3>\u0160to se nalazi u blizini luke Umag<\/h3>\n\n\n\n<p>Kao \u0161to je ve\u0107 spomenuto, mol s kojeg polazi katamaran nalazi se to\u010dno u sredi\u0161tu grada i stoga su svi sadr\u017eaji u neposrednoj blizini: kafi\u0107i, restorani, trgovine, banke, ured za prodaju karata, itd.<\/p>\n\n\n\n<h3>Adresa Trajektne luke Umag<\/h3>\n\n\n\n<ul><li>Obala Josipa Broza Tita<\/li><li>52470 Umag<\/li><li>GPS koordinate: 45.434129, 13.518083<\/li><\/ul>\n\n\n\n<figure class=\"wp-block-image size-large\"><img decoding=\"async\" loading=\"lazy\" width=\"1024\" height=\"893\" data-src=\"https:\/\/ferrycroatia.com\/hr\/wp-content\/uploads\/2021\/01\/Umag-catamaran-1024x893.jpg\" alt=\"Umag trajektna luka\" class=\"wp-image-1488\" data-srcset=\"https:\/\/www.ferrycroatia.com\/hr\/wp-content\/uploads\/2021\/01\/Umag-catamaran-1024x893.jpg 1024w, https:\/\/www.ferrycroatia.com\/hr\/wp-content\/uploads\/2021\/01\/Umag-catamaran-300x262.jpg 300w, https:\/\/www.ferrycroatia.com\/hr\/wp-content\/uploads\/2021\/01\/Umag-catamaran-768x670.jpg 768w, https:\/\/www.ferrycroatia.com\/hr\/wp-content\/uploads\/2021\/01\/Umag-catamaran.jpg 1165w\" sizes=\"(max-width: 1024px) 100vw, 1024px\" \/><\/figure>\n\n\n\n<h3>Popis katamaranskih polazaka iz i do Umaga<\/h3>\n\n\n\n<p>\u2192 Katamaran: Venecija (IT) \u2013 Umag \u2013 Pore\u010d \u2013 Rovinj \u2013 Pula<\/p>\n\n\n\n<ul><li><a href=\"https:\/\/ferrycroatia.com\/hr\/umag-venecija\/\">Umag \u2013 Venecija<\/a><\/li><\/ul>\n","protected":false},"excerpt":{"rendered":"<p>Umag je jeda od najzapadnijih gradova u Hrvatskoj. Smje\u0161ten je na sjeverozapadnom kraju istarskog poluotoka u neposrednoj blizini slovenske granice. Svi katamarani u Umagu polaze s mola koji se nalazi u samom sredi\u0161tu grada. Kako do\u0107i do luke Umag Umag je stvarno mali grad i usluga javnog prijevoza nije dostupna. Bez obzira na to gdje [&hellip;]<\/p>\n<p><a class=\"more-link\" href=\"https:\/\/www.ferrycroatia.com\/hr\/trajektna-luka-umag\/\"> Continue reading&#8230;<\/a><\/p>\n","protected":false},"author":5,"featured_media":1489,"parent":0,"menu_order":0,"comment_status":"closed","ping_status":"closed","template":"","meta":[],"yoast_head":"<!-- This site is optimized with the Yoast SEO plugin v19.8 - https:\/\/yoast.com\/wordpress\/plugins\/seo\/ -->\n<title>Trajektna luka Umag, dolasci i polasci iz luke<\/title>\n<meta name=\"robots\" content=\"index, follow, max-snippet:-1, max-image-preview:large, max-video-preview:-1\" \/>\n<link rel=\"canonical\" href=\"https:\/\/www.ferrycroatia.com\/hr\/trajektna-luka-umag\/\" \/>\n<meta property=\"og:locale\" content=\"en_US\" \/>\n<meta property=\"og:type\" content=\"article\" \/>\n<meta property=\"og:title\" content=\"Trajektna luka Umag, dolasci i polasci iz luke\" \/>\n<meta property=\"og:description\" content=\"Umag je jeda od najzapadnijih gradova u Hrvatskoj. Smje\u0161ten je na sjeverozapadnom kraju istarskog poluotoka u neposrednoj blizini slovenske granice. Svi katamarani u Umagu polaze s mola koji se nalazi u samom sredi\u0161tu grada. Kako do\u0107i do luke Umag Umag je stvarno mali grad i usluga javnog prijevoza nije dostupna. Bez obzira na to gdje [&hellip;] Continue reading...\" \/>\n<meta property=\"og:url\" content=\"https:\/\/www.ferrycroatia.com\/hr\/trajektna-luka-umag\/\" \/>\n<meta property=\"og:site_name\" content=\"Trajekti Hrvatska\" \/>\n<meta property=\"article:modified_time\" content=\"2021-04-08T14:20:28+00:00\" \/>\n<meta property=\"og:image\" content=\"https:\/\/www.ferrycroatia.com\/hr\/wp-content\/uploads\/2021\/01\/Umag.jpg\" \/>\n\t<meta property=\"og:image:width\" content=\"1024\" \/>\n\t<meta property=\"og:image:height\" content=\"768\" \/>\n\t<meta property=\"og:image:type\" content=\"image\/jpeg\" \/>\n<meta name=\"twitter:card\" content=\"summary_large_image\" \/>\n<meta name=\"twitter:label1\" content=\"Est. reading time\" \/>\n\t<meta name=\"twitter:data1\" content=\"1 minute\" \/>\n<script type=\"application\/ld+json\" class=\"yoast-schema-graph\">{\"@context\":\"https:\/\/schema.org\",\"@graph\":[{\"@type\":\"WebPage\",\"@id\":\"https:\/\/www.ferrycroatia.com\/hr\/trajektna-luka-umag\/\",\"url\":\"https:\/\/www.ferrycroatia.com\/hr\/trajektna-luka-umag\/\",\"name\":\"Trajektna luka Umag, dolasci i polasci iz luke\",\"isPartOf\":{\"@id\":\"https:\/\/www.ferrycroatia.com\/hr\/#website\"},\"datePublished\":\"2021-01-29T11:23:23+00:00\",\"dateModified\":\"2021-04-08T14:20:28+00:00\",\"breadcrumb\":{\"@id\":\"https:\/\/www.ferrycroatia.com\/hr\/trajektna-luka-umag\/#breadcrumb\"},\"inLanguage\":\"en-US\",\"potentialAction\":[{\"@type\":\"ReadAction\",\"target\":[\"https:\/\/www.ferrycroatia.com\/hr\/trajektna-luka-umag\/\"]}]},{\"@type\":\"BreadcrumbList\",\"@id\":\"https:\/\/www.ferrycroatia.com\/hr\/trajektna-luka-umag\/#breadcrumb\",\"itemListElement\":[{\"@type\":\"ListItem\",\"position\":1,\"name\":\"Home\",\"item\":\"https:\/\/www.ferrycroatia.com\/hr\/\"},{\"@type\":\"ListItem\",\"position\":2,\"name\":\"Trajektna luka Umag\"}]},{\"@type\":\"WebSite\",\"@id\":\"https:\/\/www.ferrycroatia.com\/hr\/#website\",\"url\":\"https:\/\/www.ferrycroatia.com\/hr\/\",\"name\":\"Trajekti Hrvatska\",\"description\":\"Vozni red za sve trajekte i katamarane u Hrvatskoj\",\"potentialAction\":[{\"@type\":\"SearchAction\",\"target\":{\"@type\":\"EntryPoint\",\"urlTemplate\":\"https:\/\/www.ferrycroatia.com\/hr\/?s={search_term_string}\"},\"query-input\":\"required name=search_term_string\"}],\"inLanguage\":\"en-US\"}]}<\/script>\n<!-- \/ Yoast SEO plugin. -->","yoast_head_json":{"title":"Trajektna luka Umag, dolasci i polasci iz luke","robots":{"index":"index","follow":"follow","max-snippet":"max-snippet:-1","max-image-preview":"max-image-preview:large","max-video-preview":"max-video-preview:-1"},"canonical":"https:\/\/www.ferrycroatia.com\/hr\/trajektna-luka-umag\/","og_locale":"en_US","og_type":"article","og_title":"Trajektna luka Umag, dolasci i polasci iz luke","og_description":"Umag je jeda od najzapadnijih gradova u Hrvatskoj. Smje\u0161ten je na sjeverozapadnom kraju istarskog poluotoka u neposrednoj blizini slovenske granice. Svi katamarani u Umagu polaze s mola koji se nalazi u samom sredi\u0161tu grada. Kako do\u0107i do luke Umag Umag je stvarno mali grad i usluga javnog prijevoza nije dostupna. Bez obzira na to gdje [&hellip;] Continue reading...","og_url":"https:\/\/www.ferrycroatia.com\/hr\/trajektna-luka-umag\/","og_site_name":"Trajekti Hrvatska","article_modified_time":"2021-04-08T14:20:28+00:00","og_image":[{"width":1024,"height":768,"url":"https:\/\/www.ferrycroatia.com\/hr\/wp-content\/uploads\/2021\/01\/Umag.jpg","type":"image\/jpeg"}],"twitter_card":"summary_large_image","twitter_misc":{"Est. reading time":"1 minute"},"schema":{"@context":"https:\/\/schema.org","@graph":[{"@type":"WebPage","@id":"https:\/\/www.ferrycroatia.com\/hr\/trajektna-luka-umag\/","url":"https:\/\/www.ferrycroatia.com\/hr\/trajektna-luka-umag\/","name":"Trajektna luka Umag, dolasci i polasci iz luke","isPartOf":{"@id":"https:\/\/www.ferrycroatia.com\/hr\/#website"},"datePublished":"2021-01-29T11:23:23+00:00","dateModified":"2021-04-08T14:20:28+00:00","breadcrumb":{"@id":"https:\/\/www.ferrycroatia.com\/hr\/trajektna-luka-umag\/#breadcrumb"},"inLanguage":"en-US","potentialAction":[{"@type":"ReadAction","target":["https:\/\/www.ferrycroatia.com\/hr\/trajektna-luka-umag\/"]}]},{"@type":"BreadcrumbList","@id":"https:\/\/www.ferrycroatia.com\/hr\/trajektna-luka-umag\/#breadcrumb","itemListElement":[{"@type":"ListItem","position":1,"name":"Home","item":"https:\/\/www.ferrycroatia.com\/hr\/"},{"@type":"ListItem","position":2,"name":"Trajektna luka Umag"}]},{"@type":"WebSite","@id":"https:\/\/www.ferrycroatia.com\/hr\/#website","url":"https:\/\/www.ferrycroatia.com\/hr\/","name":"Trajekti Hrvatska","description":"Vozni red za sve trajekte i katamarane u Hrvatskoj","potentialAction":[{"@type":"SearchAction","target":{"@type":"EntryPoint","urlTemplate":"https:\/\/www.ferrycroatia.com\/hr\/?s={search_term_string}"},"query-input":"required name=search_term_string"}],"inLanguage":"en-US"}]}},"_links":{"self":[{"href":"https:\/\/www.ferrycroatia.com\/hr\/wp-json\/wp\/v2\/pages\/1487"}],"collection":[{"href":"https:\/\/www.ferrycroatia.com\/hr\/wp-json\/wp\/v2\/pages"}],"about":[{"href":"https:\/\/www.ferrycroatia.com\/hr\/wp-json\/wp\/v2\/types\/page"}],"author":[{"embeddable":true,"href":"https:\/\/www.ferrycroatia.com\/hr\/wp-json\/wp\/v2\/users\/5"}],"replies":[{"embeddable":true,"href":"https:\/\/www.ferrycroatia.com\/hr\/wp-json\/wp\/v2\/comments?post=1487"}],"version-history":[{"count":4,"href":"https:\/\/www.ferrycroatia.com\/hr\/wp-json\/wp\/v2\/pages\/1487\/revisions"}],"predecessor-version":[{"id":2179,"href":"https:\/\/www.ferrycroatia.com\/hr\/wp-json\/wp\/v2\/pages\/1487\/revisions\/2179"}],"wp:featuredmedia":[{"embeddable":true,"href":"https:\/\/www.ferrycroatia.com\/hr\/wp-json\/wp\/v2\/media\/1489"}],"wp:attachment":[{"href":"https:\/\/www.ferrycroatia.com\/hr\/wp-json\/wp\/v2\/media?parent=1487"}],"curies":[{"name":"wp","href":"https:\/\/api.w.org\/{rel}","templated":true}]}}