{"id":1492,"date":"2021-01-29T11:24:44","date_gmt":"2021-01-29T11:24:44","guid":{"rendered":"https:\/\/ferrycroatia.com\/hr\/?page_id=1492"},"modified":"2024-06-18T11:27:52","modified_gmt":"2024-06-18T09:27:52","slug":"trajektna-luka-vela-luka","status":"publish","type":"page","link":"https:\/\/www.ferrycroatia.com\/hr\/trajektna-luka-vela-luka\/","title":{"rendered":"Trajektna luka Vela Luka"},"content":{"rendered":"\n<p>Grad Vela Luka smje\u0161ten je na zapadnom dijelu <strong>otoka Kor\u010dule u zaljevu dugom 9,2 km<\/strong>. Jedno je od najboljih sidri\u0161ta na Jadranu. <strong>Zbog svog nevjerojatnog geografskog polo\u017eaja<\/strong> i dugog zaljeva, Vela Luka uvijek je bila vrlo va\u017ena luka na Jadranu. Katamaransko pristani\u0161te nalazi se <strong>na kraju duge \u0161etnice uz more<\/strong> u blizini centra grada. Povezana je sa Splitom redovnom trajektnom i katamaranskom linijom.<\/p>\n\n\n\n<h3 class=\"has-medium-font-size\">Kako do\u0107i do luke Vela Luka<\/h3>\n\n\n\n<p>Grad <strong>Vela Luka, <\/strong>kao i ve\u0107ina oto\u010dnih gradova, <strong>nije velik<\/strong> i bez obzira na to gdje se nalazite do trajektne luke mo\u017eete lako do\u0107i pje\u0161ice. Ako imate puno prtljage pozovite taksi koji vas ne\u0107e puno ko\u0161tati <strong>jer se radi o maloj udaljenosti<\/strong>. Ukoliko odsjedate negdje drugdje na otoku Kor\u010duli, autobusom \u0107ete lako do\u0107i do Vela Luke. Glavno autobusno stajali\u0161te Vela Luka nalazi se u blizini trajektnog terminala.<\/p>\n\n\n\n<h3 class=\"has-medium-font-size\">\u0160to se nalazi u blizini trajektne luke?<\/h3>\n\n\n\n<p>Kao \u0161to je ve\u0107 spomenuto, Vela Luka je mali grad i <strong>sve \u0161to vam zatreba mo\u017eete prona\u0107i u neposrednoj blizini trajektne luke<\/strong>: kafi\u0107e, restorane, trgovine itd.<\/p>\n\n\n\n<h3 class=\"has-medium-font-size\">Adresa Trajektne luke <\/h3>\n\n\n\n<ul>\n<li>Obala 3<\/li>\n\n\n\n<li>20270 Vela Luka<\/li>\n\n\n\n<li><strong>GPS koordinate: <\/strong>42.95972, 16.71007<\/li>\n<\/ul>\n\n\n\n<figure class=\"wp-block-image size-full\"><img decoding=\"async\" loading=\"lazy\" width=\"800\" height=\"642\" data-src=\"https:\/\/www.ferrycroatia.com\/hr\/wp-content\/uploads\/2024\/06\/Trajektna-luka-Vela-Luka.webp\" alt=\"Trajektna luka Vela Luka\" class=\"wp-image-4072\" data-srcset=\"https:\/\/www.ferrycroatia.com\/hr\/wp-content\/uploads\/2024\/06\/Trajektna-luka-Vela-Luka.webp 800w, https:\/\/www.ferrycroatia.com\/hr\/wp-content\/uploads\/2024\/06\/Trajektna-luka-Vela-Luka-300x241.webp 300w, https:\/\/www.ferrycroatia.com\/hr\/wp-content\/uploads\/2024\/06\/Trajektna-luka-Vela-Luka-768x616.webp 768w\" sizes=\"(max-width: 800px) 100vw, 800px\" \/><figcaption class=\"wp-element-caption\">Trajektna luka Vela Luka<\/figcaption><\/figure>\n\n\n\n<h3>Naj\u010de\u0161\u0107a pitanja o katamaranskom pristani\u0161tu u Veloj Luci<\/h3>\n\n\n\n<p><strong>Gdje se nalazi katamaransko pristani\u0161te u Vela Luci?<\/strong><\/p>\n\n\n\n<p>Trajektna luka nalazi se u sredi\u0161tu grada Vela Luka na zapadnoj strani otoka Kor\u010dule.<\/p>\n\n\n\n<p><strong>Kako do\u0107i do luke u Vela Luci?<\/strong><\/p>\n\n\n\n<ul>\n<li><strong>Pje\u0161ice:<\/strong> Grad Vela Luka je malen, tako da je trajektna luka lako dostupna pje\u0161ice iz bilo kojeg dijela grada.<\/li>\n\n\n\n<li><strong>Taksi:<\/strong> Ako imate puno prtljage, mo\u017eete pozvati taksi. Vo\u017enja ne\u0107e puno ko\u0161tati zbog male udaljenosti.<\/li>\n\n\n\n<li><strong>Autobusom:<\/strong> Ako boravite negdje drugdje na otoku Kor\u010duli, mo\u017eete do\u0107i autobusom do Vela Luke. Glavno autobusno stajali\u0161te Vela Luka nalazi se u blizini trajektnog terminala.<\/li>\n<\/ul>\n\n\n\n<p><strong>\u0160to se nalazi u blizini luke u Vela Luci?<\/strong><\/p>\n\n\n\n<p>U neposrednoj blizini trajektne luke u Vela Luci nalaze se kafi\u0107i, restorani, trgovine, bankomati i drugi potrebni sadr\u017eaji.<\/p>\n\n\n\n<p><strong>Kako iz Vela Luke do\u0107i do Zra\u010dne luke Split?<\/strong><\/p>\n\n\n\n<p><strong>Trajektom do Splita:<\/strong> Iz Vela Luke mo\u017eete trajektom putovati do Splita. Kada stignete u splitsku trajektnu luku, glavni autobusni kolodvor je odmah preko puta. Odatle mo\u017eete uhvatiti autobus za zra\u010dnu luku Split, koja je udaljena 25 km od grada. Vo\u017enja traje oko 30-40 minuta.<\/p>\n\n\n\n<h3 class=\"has-medium-font-size\">Popis dostupnih polazaka iz i do Vela Luke<\/h3>\n\n\n\n<figure class=\"wp-block-table\"><table><tbody><tr><td><a href=\"https:\/\/ferrycroatia.com\/hr\/vela-luka-split\/\">Vela Luka \u2013 Split<\/a><\/td><td><a href=\"https:\/\/ferrycroatia.com\/hr\/vela-luka-ubli\/\">Vela Luka \u2013 Ubli<\/a><\/td><td><a href=\"https:\/\/ferrycroatia.com\/hr\/vela-luka-hvar\/\">Vela Luka \u2013 Hvar<\/a><\/td><\/tr><\/tbody><\/table><\/figure>\n\n\n\n<p>Tekst i savjete za putovanja napisao&nbsp;<a href=\"https:\/\/www.ferrycroatia.com\/hr\/morten-smalby\/\">Morten Smalby<\/a>&nbsp;\u2013 zaljubljenik u putovanja koji \u017eivi u Splitu, u Hrvatskoj.<\/p>\n","protected":false},"excerpt":{"rendered":"<p>Grad Vela Luka smje\u0161ten je na zapadnom dijelu otoka Kor\u010dule u zaljevu dugom 9,2 km. Jedno je od najboljih sidri\u0161ta na Jadranu. Zbog svog nevjerojatnog geografskog polo\u017eaja i dugog zaljeva, Vela Luka uvijek je bila vrlo va\u017ena luka na Jadranu. Katamaransko pristani\u0161te nalazi se na kraju duge \u0161etnice uz more u blizini centra grada. Povezana [&hellip;]<\/p>\n<p><a class=\"more-link\" href=\"https:\/\/www.ferrycroatia.com\/hr\/trajektna-luka-vela-luka\/\"> Continue reading&#8230;<\/a><\/p>\n","protected":false},"author":5,"featured_media":1496,"parent":0,"menu_order":0,"comment_status":"closed","ping_status":"closed","template":"","meta":[],"yoast_head":"<!-- This site is optimized with the Yoast SEO plugin v19.8 - https:\/\/yoast.com\/wordpress\/plugins\/seo\/ -->\n<title>Trajektna luka Vela Luka, dolasci i polasci iz luke<\/title>\n<meta name=\"description\" content=\"Trajektna luka Vela Luka - sve informacije koje vam trebaju za putovanje trajektom ili katamaranom iz Vele Luke\" \/>\n<meta name=\"robots\" content=\"index, follow, max-snippet:-1, max-image-preview:large, max-video-preview:-1\" \/>\n<link rel=\"canonical\" href=\"https:\/\/www.ferrycroatia.com\/hr\/trajektna-luka-vela-luka\/\" \/>\n<meta property=\"og:locale\" content=\"en_US\" \/>\n<meta property=\"og:type\" content=\"article\" \/>\n<meta property=\"og:title\" content=\"Trajektna luka Vela Luka, dolasci i polasci iz luke\" \/>\n<meta property=\"og:description\" content=\"Trajektna luka Vela Luka - sve informacije koje vam trebaju za putovanje trajektom ili katamaranom iz Vele Luke\" \/>\n<meta property=\"og:url\" content=\"https:\/\/www.ferrycroatia.com\/hr\/trajektna-luka-vela-luka\/\" \/>\n<meta property=\"og:site_name\" content=\"Trajekti Hrvatska\" \/>\n<meta property=\"article:modified_time\" content=\"2024-06-18T09:27:52+00:00\" \/>\n<meta property=\"og:image\" content=\"https:\/\/www.ferrycroatia.com\/hr\/wp-content\/uploads\/2021\/01\/Vela-Luka-Ferry.jpg\" \/>\n\t<meta property=\"og:image:width\" content=\"1024\" \/>\n\t<meta property=\"og:image:height\" content=\"512\" \/>\n\t<meta property=\"og:image:type\" content=\"image\/jpeg\" \/>\n<meta name=\"twitter:card\" content=\"summary_large_image\" \/>\n<meta name=\"twitter:label1\" content=\"Est. reading time\" \/>\n\t<meta name=\"twitter:data1\" content=\"2 minutes\" \/>\n<script type=\"application\/ld+json\" class=\"yoast-schema-graph\">{\"@context\":\"https:\/\/schema.org\",\"@graph\":[{\"@type\":\"WebPage\",\"@id\":\"https:\/\/www.ferrycroatia.com\/hr\/trajektna-luka-vela-luka\/\",\"url\":\"https:\/\/www.ferrycroatia.com\/hr\/trajektna-luka-vela-luka\/\",\"name\":\"Trajektna luka Vela Luka, dolasci i polasci iz luke\",\"isPartOf\":{\"@id\":\"https:\/\/www.ferrycroatia.com\/hr\/#website\"},\"datePublished\":\"2021-01-29T11:24:44+00:00\",\"dateModified\":\"2024-06-18T09:27:52+00:00\",\"description\":\"Trajektna luka Vela Luka - sve informacije koje vam trebaju za putovanje trajektom ili katamaranom iz Vele Luke\",\"breadcrumb\":{\"@id\":\"https:\/\/www.ferrycroatia.com\/hr\/trajektna-luka-vela-luka\/#breadcrumb\"},\"inLanguage\":\"en-US\",\"potentialAction\":[{\"@type\":\"ReadAction\",\"target\":[\"https:\/\/www.ferrycroatia.com\/hr\/trajektna-luka-vela-luka\/\"]}]},{\"@type\":\"BreadcrumbList\",\"@id\":\"https:\/\/www.ferrycroatia.com\/hr\/trajektna-luka-vela-luka\/#breadcrumb\",\"itemListElement\":[{\"@type\":\"ListItem\",\"position\":1,\"name\":\"Home\",\"item\":\"https:\/\/www.ferrycroatia.com\/hr\/\"},{\"@type\":\"ListItem\",\"position\":2,\"name\":\"Trajektna luka Vela Luka\"}]},{\"@type\":\"WebSite\",\"@id\":\"https:\/\/www.ferrycroatia.com\/hr\/#website\",\"url\":\"https:\/\/www.ferrycroatia.com\/hr\/\",\"name\":\"Trajekti Hrvatska\",\"description\":\"Vozni red za sve trajekte i katamarane u Hrvatskoj\",\"potentialAction\":[{\"@type\":\"SearchAction\",\"target\":{\"@type\":\"EntryPoint\",\"urlTemplate\":\"https:\/\/www.ferrycroatia.com\/hr\/?s={search_term_string}\"},\"query-input\":\"required name=search_term_string\"}],\"inLanguage\":\"en-US\"}]}<\/script>\n<!-- \/ Yoast SEO plugin. -->","yoast_head_json":{"title":"Trajektna luka Vela Luka, dolasci i polasci iz luke","description":"Trajektna luka Vela Luka - sve informacije koje vam trebaju za putovanje trajektom ili katamaranom iz Vele Luke","robots":{"index":"index","follow":"follow","max-snippet":"max-snippet:-1","max-image-preview":"max-image-preview:large","max-video-preview":"max-video-preview:-1"},"canonical":"https:\/\/www.ferrycroatia.com\/hr\/trajektna-luka-vela-luka\/","og_locale":"en_US","og_type":"article","og_title":"Trajektna luka Vela Luka, dolasci i polasci iz luke","og_description":"Trajektna luka Vela Luka - sve informacije koje vam trebaju za putovanje trajektom ili katamaranom iz Vele Luke","og_url":"https:\/\/www.ferrycroatia.com\/hr\/trajektna-luka-vela-luka\/","og_site_name":"Trajekti Hrvatska","article_modified_time":"2024-06-18T09:27:52+00:00","og_image":[{"width":1024,"height":512,"url":"https:\/\/www.ferrycroatia.com\/hr\/wp-content\/uploads\/2021\/01\/Vela-Luka-Ferry.jpg","type":"image\/jpeg"}],"twitter_card":"summary_large_image","twitter_misc":{"Est. reading time":"2 minutes"},"schema":{"@context":"https:\/\/schema.org","@graph":[{"@type":"WebPage","@id":"https:\/\/www.ferrycroatia.com\/hr\/trajektna-luka-vela-luka\/","url":"https:\/\/www.ferrycroatia.com\/hr\/trajektna-luka-vela-luka\/","name":"Trajektna luka Vela Luka, dolasci i polasci iz luke","isPartOf":{"@id":"https:\/\/www.ferrycroatia.com\/hr\/#website"},"datePublished":"2021-01-29T11:24:44+00:00","dateModified":"2024-06-18T09:27:52+00:00","description":"Trajektna luka Vela Luka - sve informacije koje vam trebaju za putovanje trajektom ili katamaranom iz Vele Luke","breadcrumb":{"@id":"https:\/\/www.ferrycroatia.com\/hr\/trajektna-luka-vela-luka\/#breadcrumb"},"inLanguage":"en-US","potentialAction":[{"@type":"ReadAction","target":["https:\/\/www.ferrycroatia.com\/hr\/trajektna-luka-vela-luka\/"]}]},{"@type":"BreadcrumbList","@id":"https:\/\/www.ferrycroatia.com\/hr\/trajektna-luka-vela-luka\/#breadcrumb","itemListElement":[{"@type":"ListItem","position":1,"name":"Home","item":"https:\/\/www.ferrycroatia.com\/hr\/"},{"@type":"ListItem","position":2,"name":"Trajektna luka Vela Luka"}]},{"@type":"WebSite","@id":"https:\/\/www.ferrycroatia.com\/hr\/#website","url":"https:\/\/www.ferrycroatia.com\/hr\/","name":"Trajekti Hrvatska","description":"Vozni red za sve trajekte i katamarane u Hrvatskoj","potentialAction":[{"@type":"SearchAction","target":{"@type":"EntryPoint","urlTemplate":"https:\/\/www.ferrycroatia.com\/hr\/?s={search_term_string}"},"query-input":"required name=search_term_string"}],"inLanguage":"en-US"}]}},"_links":{"self":[{"href":"https:\/\/www.ferrycroatia.com\/hr\/wp-json\/wp\/v2\/pages\/1492"}],"collection":[{"href":"https:\/\/www.ferrycroatia.com\/hr\/wp-json\/wp\/v2\/pages"}],"about":[{"href":"https:\/\/www.ferrycroatia.com\/hr\/wp-json\/wp\/v2\/types\/page"}],"author":[{"embeddable":true,"href":"https:\/\/www.ferrycroatia.com\/hr\/wp-json\/wp\/v2\/users\/5"}],"replies":[{"embeddable":true,"href":"https:\/\/www.ferrycroatia.com\/hr\/wp-json\/wp\/v2\/comments?post=1492"}],"version-history":[{"count":6,"href":"https:\/\/www.ferrycroatia.com\/hr\/wp-json\/wp\/v2\/pages\/1492\/revisions"}],"predecessor-version":[{"id":4077,"href":"https:\/\/www.ferrycroatia.com\/hr\/wp-json\/wp\/v2\/pages\/1492\/revisions\/4077"}],"wp:featuredmedia":[{"embeddable":true,"href":"https:\/\/www.ferrycroatia.com\/hr\/wp-json\/wp\/v2\/media\/1496"}],"wp:attachment":[{"href":"https:\/\/www.ferrycroatia.com\/hr\/wp-json\/wp\/v2\/media?parent=1492"}],"curies":[{"name":"wp","href":"https:\/\/api.w.org\/{rel}","templated":true}]}}