{"id":1501,"date":"2021-01-29T11:27:42","date_gmt":"2021-01-29T11:27:42","guid":{"rendered":"https:\/\/ferrycroatia.com\/hr\/?page_id=1501"},"modified":"2024-06-18T11:35:04","modified_gmt":"2024-06-18T09:35:04","slug":"trajektna-luka-vis","status":"publish","type":"page","link":"https:\/\/www.ferrycroatia.com\/hr\/trajektna-luka-vis\/","title":{"rendered":"Trajektna luka Vis"},"content":{"rendered":"\n<p><em>Trajektna luka Vis<\/em> nalazi se <strong>u centru grada Visa<\/strong>, luka nije velika pa prije dolaska i odlaska trajekta mo\u017ee do\u0107i do prili\u010dne gu\u017eve, posebno tijekom ljetne sezone.<\/p>\n\n\n\n<p>U blizini luke nalaze se kiosci, supermarketi, kafi\u0107i, restorani i restorani brze hrane, pa vam ne\u0107e biti dosadno dok budete \u010dekali trajekt.<\/p>\n\n\n\n<h3 class=\"has-medium-font-size\">Kako do\u0107i do luke Vis<\/h3>\n\n\n\n<p>Ako odsjedate u gradu Visu, do luke mo\u017eete do\u0107i pje\u0161ice, \u010dak i ako boravite u isto\u010dnom dijelu grada, luka je udaljena oko 1 km.<\/p>\n\n\n\n<p>Ako <strong>odsjedate u Komi\u017ei<\/strong>, autobusne linije su prilago\u0111ene polascima i dolascima, ali iz ve\u0107ine ostalih mjesta na otoku morat \u0107ete sami organizirati prijevoz do grada Visa<\/p>\n\n\n\n<h3 class=\"has-medium-font-size\">Lokacija luke u Visu<\/h3>\n\n\n\n<figure class=\"wp-block-image size-full\"><img decoding=\"async\" loading=\"lazy\" width=\"1024\" height=\"509\" data-src=\"https:\/\/www.ferrycroatia.com\/hr\/wp-content\/uploads\/2024\/06\/Trajektna-luka-Vis.webp\" alt=\"Trajektna luka Vis\" class=\"wp-image-4079\" data-srcset=\"https:\/\/www.ferrycroatia.com\/hr\/wp-content\/uploads\/2024\/06\/Trajektna-luka-Vis.webp 1024w, https:\/\/www.ferrycroatia.com\/hr\/wp-content\/uploads\/2024\/06\/Trajektna-luka-Vis-300x149.webp 300w, https:\/\/www.ferrycroatia.com\/hr\/wp-content\/uploads\/2024\/06\/Trajektna-luka-Vis-768x382.webp 768w\" sizes=\"(max-width: 1024px) 100vw, 1024px\" \/><figcaption class=\"wp-element-caption\">Trajektna luka Vis<\/figcaption><\/figure>\n\n\n\n<h2 class=\"has-medium-font-size\">Trajekt Split Vis &#8211; naj\u010de\u0161\u0107a pitanja<\/h2>\n\n\n\n<p><strong>Gdje se nalazi trajektna luka u Visu?<\/strong><\/p>\n\n\n\n<p>Trajektna luka nalazi se u centru grada Visa na otoku Visu.<\/p>\n\n\n\n<p><strong>Kako do\u0107i do luke u Visu?<\/strong><\/p>\n\n\n\n<ul>\n<li><strong>Pje\u0161ice:<\/strong> Ako odsjedate u gradu Visu, do luke mo\u017eete do\u0107i pje\u0161ice, \u010dak i ako ste smje\u0161teni u isto\u010dnom dijelu grada. Luka je udaljena oko 1 km.<\/li>\n\n\n\n<li><strong>Autobusom:<\/strong> Ako odsjedate u Komi\u017ei, mo\u017eete koristiti autobusne linije koje su prilago\u0111ene polascima i dolascima trajekta.<\/li>\n\n\n\n<li><strong>Vlastitim prijevozom:<\/strong> Iz ve\u0107ine drugih mjesta na otoku morat \u0107ete sami organizirati prijevoz do grada Visa.<\/li>\n<\/ul>\n\n\n\n<p><strong>\u0160to se nalazi u blizini luke u Visu?<\/strong><\/p>\n\n\n\n<p>U blizini luke nalaze se kiosci, supermarketi, kafi\u0107i, restorani i restorani brze hrane, pru\u017eaju\u0107i razne sadr\u017eaje dok \u010dekate trajekt.<\/p>\n\n\n\n<p><strong>Kako iz Visa do\u0107i do Zra\u010dne luke Split?<\/strong><\/p>\n\n\n\n<p><strong>Trajektom do Splita:<\/strong> Iz Visa mo\u017eete trajektom putovati do Splita. Kada stignete u splitsku trajektnu luku, glavni autobusni kolodvor je odmah preko puta. Odatle mo\u017eete uhvatiti autobus za zra\u010dnu luku Split, koja je udaljena 25 km od grada. Vo\u017enja traje oko 30-40 minuta.<\/p>\n\n\n\n<p><strong>8. \u0160to mo\u017eete o\u010dekivati tijekom ljetne sezone?<\/strong><\/p>\n\n\n\n<p>Tijekom ljetne sezone mo\u017ee do\u0107i do prili\u010dne gu\u017eve u trajektnoj luci prije dolaska i odlaska trajekta, stoga planirajte svoje vrijeme dolaska unaprijed.<\/p>\n\n\n\n<h3 class=\"has-medium-font-size\">Trajekti do Visa<\/h3>\n\n\n\n<figure class=\"wp-block-table\"><table><tbody><tr><td><a href=\"https:\/\/ferrycroatia.com\/hr\/split-vis\/\">Split do Visa<\/a><\/td><td><a href=\"https:\/\/ferrycroatia.com\/hr\/hvar-vis\/\">Hvar do Visa<\/a><\/td><td><a href=\"https:\/\/ferrycroatia.com\/hr\/milna-vis\/\">Milna do Visa<\/a><\/td><\/tr><\/tbody><\/table><\/figure>\n\n\n\n<h3 class=\"has-medium-font-size\"><strong>Trajekti od Visa<\/strong><\/h3>\n\n\n\n<figure class=\"wp-block-table\"><table><tbody><tr><td><a href=\"https:\/\/ferrycroatia.com\/hr\/vis-split\/\">Vis do Splita<\/a><\/td><td><a href=\"https:\/\/ferrycroatia.com\/hr\/vis-hvar\/\">Vis do Hvara<\/a><\/td><td><a href=\"https:\/\/ferrycroatia.com\/hr\/vis-milna\/\">Vis do Milne<\/a><\/td><\/tr><\/tbody><\/table><\/figure>\n\n\n\n<h3 class=\"has-medium-font-size\">Pogledajte na\u0161 detaljni video vodi\u010d kroz otok Vis<\/h3>\n\n\n\n<div style=\"position: relative; overflow: hidden; padding-top: 56.25%; width: 100%;\"><iframe style=\"position: absolute; top: 0; left: 0; width: 100%; height: 100%;\" title=\"YouTube video player\" src=\"https:\/\/www.youtube.com\/embed\/-k5OIMR0RBI?si=Fha413AkGJ1NvWrP\" frameborder=\"0\" allowfullscreen=\"allowfullscreen\" data-mce-fragment=\"1\"><span data-mce-type=\"bookmark\" style=\"display: inline-block; width: 0px; overflow: hidden; line-height: 0;\" class=\"mce_SELRES_start\">\ufeff<\/span><span data-mce-type=\"bookmark\" style=\"display: inline-block; width: 0px; overflow: hidden; line-height: 0;\" class=\"mce_SELRES_start\">\ufeff<\/span><span data-mce-type=\"bookmark\" style=\"display: inline-block; width: 0px; overflow: hidden; line-height: 0;\" class=\"mce_SELRES_start\">\ufeff<\/span><span data-mce-type=\"bookmark\" style=\"display: inline-block; width: 0px; overflow: hidden; line-height: 0;\" class=\"mce_SELRES_start\">\ufeff<\/span><\/iframe><\/div>\n\n\n\n<p>Tekst i savjete za putovanja napisao\u00a0<a href=\"https:\/\/www.ferrycroatia.com\/hr\/morten-smalby\/\">Morten Smalby<\/a>\u00a0\u2013 zaljubljenik u putovanja koji \u017eivi u Splitu, u Hrvatskoj.<\/p>\n","protected":false},"excerpt":{"rendered":"<p>Trajektna luka Vis nalazi se u centru grada Visa, luka nije velika pa prije dolaska i odlaska trajekta mo\u017ee do\u0107i do prili\u010dne gu\u017eve, posebno tijekom ljetne sezone. U blizini luke nalaze se kiosci, supermarketi, kafi\u0107i, restorani i restorani brze hrane, pa vam ne\u0107e biti dosadno dok budete \u010dekali trajekt. Kako do\u0107i do luke Vis Ako [&hellip;]<\/p>\n<p><a class=\"more-link\" href=\"https:\/\/www.ferrycroatia.com\/hr\/trajektna-luka-vis\/\"> Continue reading&#8230;<\/a><\/p>\n","protected":false},"author":5,"featured_media":0,"parent":0,"menu_order":0,"comment_status":"closed","ping_status":"closed","template":"","meta":[],"yoast_head":"<!-- This site is optimized with the Yoast SEO plugin v19.8 - https:\/\/yoast.com\/wordpress\/plugins\/seo\/ -->\n<title>Trajektna luka Vis, dolasci i polasci iz luke<\/title>\n<meta name=\"description\" content=\"Trajektna luka Vis - sve informacije koje vam trebaju za putovanje trajektom ili katamaranom iz Visa na jednom mjestu\" \/>\n<meta name=\"robots\" content=\"index, follow, max-snippet:-1, max-image-preview:large, max-video-preview:-1\" \/>\n<link rel=\"canonical\" href=\"https:\/\/www.ferrycroatia.com\/hr\/trajektna-luka-vis\/\" \/>\n<meta property=\"og:locale\" content=\"en_US\" \/>\n<meta property=\"og:type\" content=\"article\" \/>\n<meta property=\"og:title\" content=\"Trajektna luka Vis, dolasci i polasci iz luke\" \/>\n<meta property=\"og:description\" content=\"Trajektna luka Vis - sve informacije koje vam trebaju za putovanje trajektom ili katamaranom iz Visa na jednom mjestu\" \/>\n<meta property=\"og:url\" content=\"https:\/\/www.ferrycroatia.com\/hr\/trajektna-luka-vis\/\" \/>\n<meta property=\"og:site_name\" content=\"Trajekti Hrvatska\" \/>\n<meta property=\"article:modified_time\" content=\"2024-06-18T09:35:04+00:00\" \/>\n<meta property=\"og:image\" content=\"https:\/\/www.ferrycroatia.com\/hr\/wp-content\/uploads\/2024\/06\/Trajektna-luka-Vis.webp\" \/>\n<meta name=\"twitter:card\" content=\"summary_large_image\" \/>\n<meta name=\"twitter:label1\" content=\"Est. reading time\" \/>\n\t<meta name=\"twitter:data1\" content=\"2 minutes\" \/>\n<script type=\"application\/ld+json\" class=\"yoast-schema-graph\">{\"@context\":\"https:\/\/schema.org\",\"@graph\":[{\"@type\":\"WebPage\",\"@id\":\"https:\/\/www.ferrycroatia.com\/hr\/trajektna-luka-vis\/\",\"url\":\"https:\/\/www.ferrycroatia.com\/hr\/trajektna-luka-vis\/\",\"name\":\"Trajektna luka Vis, dolasci i polasci iz luke\",\"isPartOf\":{\"@id\":\"https:\/\/www.ferrycroatia.com\/hr\/#website\"},\"datePublished\":\"2021-01-29T11:27:42+00:00\",\"dateModified\":\"2024-06-18T09:35:04+00:00\",\"description\":\"Trajektna luka Vis - sve informacije koje vam trebaju za putovanje trajektom ili katamaranom iz Visa na jednom mjestu\",\"breadcrumb\":{\"@id\":\"https:\/\/www.ferrycroatia.com\/hr\/trajektna-luka-vis\/#breadcrumb\"},\"inLanguage\":\"en-US\",\"potentialAction\":[{\"@type\":\"ReadAction\",\"target\":[\"https:\/\/www.ferrycroatia.com\/hr\/trajektna-luka-vis\/\"]}]},{\"@type\":\"BreadcrumbList\",\"@id\":\"https:\/\/www.ferrycroatia.com\/hr\/trajektna-luka-vis\/#breadcrumb\",\"itemListElement\":[{\"@type\":\"ListItem\",\"position\":1,\"name\":\"Home\",\"item\":\"https:\/\/www.ferrycroatia.com\/hr\/\"},{\"@type\":\"ListItem\",\"position\":2,\"name\":\"Trajektna luka Vis\"}]},{\"@type\":\"WebSite\",\"@id\":\"https:\/\/www.ferrycroatia.com\/hr\/#website\",\"url\":\"https:\/\/www.ferrycroatia.com\/hr\/\",\"name\":\"Trajekti Hrvatska\",\"description\":\"Vozni red za sve trajekte i katamarane u Hrvatskoj\",\"potentialAction\":[{\"@type\":\"SearchAction\",\"target\":{\"@type\":\"EntryPoint\",\"urlTemplate\":\"https:\/\/www.ferrycroatia.com\/hr\/?s={search_term_string}\"},\"query-input\":\"required name=search_term_string\"}],\"inLanguage\":\"en-US\"}]}<\/script>\n<!-- \/ Yoast SEO plugin. -->","yoast_head_json":{"title":"Trajektna luka Vis, dolasci i polasci iz luke","description":"Trajektna luka Vis - sve informacije koje vam trebaju za putovanje trajektom ili katamaranom iz Visa na jednom mjestu","robots":{"index":"index","follow":"follow","max-snippet":"max-snippet:-1","max-image-preview":"max-image-preview:large","max-video-preview":"max-video-preview:-1"},"canonical":"https:\/\/www.ferrycroatia.com\/hr\/trajektna-luka-vis\/","og_locale":"en_US","og_type":"article","og_title":"Trajektna luka Vis, dolasci i polasci iz luke","og_description":"Trajektna luka Vis - sve informacije koje vam trebaju za putovanje trajektom ili katamaranom iz Visa na jednom mjestu","og_url":"https:\/\/www.ferrycroatia.com\/hr\/trajektna-luka-vis\/","og_site_name":"Trajekti Hrvatska","article_modified_time":"2024-06-18T09:35:04+00:00","og_image":[{"url":"https:\/\/www.ferrycroatia.com\/hr\/wp-content\/uploads\/2024\/06\/Trajektna-luka-Vis.webp"}],"twitter_card":"summary_large_image","twitter_misc":{"Est. reading time":"2 minutes"},"schema":{"@context":"https:\/\/schema.org","@graph":[{"@type":"WebPage","@id":"https:\/\/www.ferrycroatia.com\/hr\/trajektna-luka-vis\/","url":"https:\/\/www.ferrycroatia.com\/hr\/trajektna-luka-vis\/","name":"Trajektna luka Vis, dolasci i polasci iz luke","isPartOf":{"@id":"https:\/\/www.ferrycroatia.com\/hr\/#website"},"datePublished":"2021-01-29T11:27:42+00:00","dateModified":"2024-06-18T09:35:04+00:00","description":"Trajektna luka Vis - sve informacije koje vam trebaju za putovanje trajektom ili katamaranom iz Visa na jednom mjestu","breadcrumb":{"@id":"https:\/\/www.ferrycroatia.com\/hr\/trajektna-luka-vis\/#breadcrumb"},"inLanguage":"en-US","potentialAction":[{"@type":"ReadAction","target":["https:\/\/www.ferrycroatia.com\/hr\/trajektna-luka-vis\/"]}]},{"@type":"BreadcrumbList","@id":"https:\/\/www.ferrycroatia.com\/hr\/trajektna-luka-vis\/#breadcrumb","itemListElement":[{"@type":"ListItem","position":1,"name":"Home","item":"https:\/\/www.ferrycroatia.com\/hr\/"},{"@type":"ListItem","position":2,"name":"Trajektna luka Vis"}]},{"@type":"WebSite","@id":"https:\/\/www.ferrycroatia.com\/hr\/#website","url":"https:\/\/www.ferrycroatia.com\/hr\/","name":"Trajekti Hrvatska","description":"Vozni red za sve trajekte i katamarane u Hrvatskoj","potentialAction":[{"@type":"SearchAction","target":{"@type":"EntryPoint","urlTemplate":"https:\/\/www.ferrycroatia.com\/hr\/?s={search_term_string}"},"query-input":"required name=search_term_string"}],"inLanguage":"en-US"}]}},"_links":{"self":[{"href":"https:\/\/www.ferrycroatia.com\/hr\/wp-json\/wp\/v2\/pages\/1501"}],"collection":[{"href":"https:\/\/www.ferrycroatia.com\/hr\/wp-json\/wp\/v2\/pages"}],"about":[{"href":"https:\/\/www.ferrycroatia.com\/hr\/wp-json\/wp\/v2\/types\/page"}],"author":[{"embeddable":true,"href":"https:\/\/www.ferrycroatia.com\/hr\/wp-json\/wp\/v2\/users\/5"}],"replies":[{"embeddable":true,"href":"https:\/\/www.ferrycroatia.com\/hr\/wp-json\/wp\/v2\/comments?post=1501"}],"version-history":[{"count":6,"href":"https:\/\/www.ferrycroatia.com\/hr\/wp-json\/wp\/v2\/pages\/1501\/revisions"}],"predecessor-version":[{"id":4080,"href":"https:\/\/www.ferrycroatia.com\/hr\/wp-json\/wp\/v2\/pages\/1501\/revisions\/4080"}],"wp:attachment":[{"href":"https:\/\/www.ferrycroatia.com\/hr\/wp-json\/wp\/v2\/media?parent=1501"}],"curies":[{"name":"wp","href":"https:\/\/api.w.org\/{rel}","templated":true}]}}