{"id":1504,"date":"2021-01-29T11:29:22","date_gmt":"2021-01-29T11:29:22","guid":{"rendered":"https:\/\/ferrycroatia.com\/hr\/?page_id=1504"},"modified":"2021-04-08T16:25:11","modified_gmt":"2021-04-08T14:25:11","slug":"trajektna-luka-vodice","status":"publish","type":"page","link":"https:\/\/www.ferrycroatia.com\/hr\/trajektna-luka-vodice\/","title":{"rendered":"Trajektna luka Vodice"},"content":{"rendered":"\n<p>Vodice su <strong>mali grad u \u0160ibensko-kninskoj \u017eupaniji<\/strong>, a nalaze se nekih 10 km od grada \u0160ibenika. Luka iz koje brod kre\u0107e prema <strong>Prvi\u0107u, Kapriju, \u017dirju i gradu \u0160ibeniku<\/strong> nalazi se u samom centru grada, <strong>u blizini ACI Marine i rive<\/strong>. Glavni autobusni kolodvor nalazi se tek nekoliko minuta od pristani\u0161ta, a neki autobusi se zaustavljaju na glavnoj obalnoj cesti koja se nalazi nekih 700 m od pristani\u0161ta.<\/p>\n\n\n\n<h3>Kako do\u0107i do luke u Vodicama<\/h3>\n\n\n\n<p>Vodice su mali grad, pa ako odsjedate tu i \u017eelite posjetiti<strong> otoke Prvi\u0107, Kaprije ili \u017dirje<\/strong>, luku \u0107ete lako prona\u0107i jer se nalazi u samom centru grada. <strong>Glavna \u0161etnica uz more nalazi se odmah uz luku<\/strong>. Ako imate puno prtljage, mo\u017eete naru\u010diti taksi \u010dija vas usluga ne\u0107e puno ko\u0161tati, po\u0161to su Vodice vrlo mal grad.&nbsp;<\/p>\n\n\n\n<h3>Kako do\u0107i iz Zra\u010dne luke Zadar do luke u Vodicama<\/h3>\n\n\n\n<p>Zra\u010dna luka Zadar najbli\u017ea je Vodicama, a od Vodica je udaljena <strong>nekih 60 km od Vodica<\/strong> (oko 10 km od Zadra). Nakon \u0161to sletite, mo\u017eete <strong>unaprijed rezerviranim transferom ili taksijem<\/strong> izravno do luke u Vodicama. Iz zra\u010dne luke prema Zadru prometuju i <strong>autobusi zra\u010dne luke<\/strong> (svi se zaustavljaju na glavnom autobusnom kolodvoru, samo par minuta od luke). <strong>Cijena karte je oko 25 kn = 3 eura<\/strong>, a vo\u017enja do glavnog autobusnog kolodvora u Zadru traje oko 15 &#8211; 20 minuta. <strong>Kad do\u0111ete do<\/strong><a href=\"https:\/\/getbybus.com\/hr\/autobus-zadar\"><strong> glavnog autobusnog kolodvora u Zadru<\/strong><\/a>, trebat \u0107ete kupiti kartu za Vodice.<\/p>\n\n\n\n<p>Ako \u017eelite pro\u010ditati vi\u0161e o prijevozu iz Zra\u010dne luke Zadar, <a href=\"https:\/\/getbybus.com\/hr\/blog\/autobus-zracne-luke-zadar\/\">kliknite ovdje<\/a>.<\/p>\n\n\n\n<h3>\u0160to se nalazi u blizini luke Vodicama<\/h3>\n\n\n\n<p>Kao \u0161to je ve\u0107 navedeno, Luka Vodice nalazi se <strong>u samom centru grada<\/strong>, uz \u0161etnicu uz more. Ve\u0107ina gradskih sadr\u017eaja kao \u0161to su <strong>barovi, restorani i trgovine i sl<\/strong>. nalaze se u blizini.<\/p>\n\n\n\n<h3>Adresa luke Vodice<\/h3>\n\n\n\n<ul><li>Obala Ive Juriceva Cota 1<\/li><li>22211 Vodice<\/li><li><strong>GPS koordinate: <\/strong>43.75613, 15.77797<\/li><\/ul>\n\n\n\n<figure class=\"wp-block-image size-large\"><img decoding=\"async\" loading=\"lazy\" width=\"800\" height=\"585\" data-src=\"https:\/\/ferrycroatia.com\/hr\/wp-content\/uploads\/2021\/01\/Vodice-1.jpg\" alt=\"Trajektna luka Vodice\" class=\"wp-image-1505\" data-srcset=\"https:\/\/www.ferrycroatia.com\/hr\/wp-content\/uploads\/2021\/01\/Vodice-1.jpg 800w, https:\/\/www.ferrycroatia.com\/hr\/wp-content\/uploads\/2021\/01\/Vodice-1-300x219.jpg 300w, https:\/\/www.ferrycroatia.com\/hr\/wp-content\/uploads\/2021\/01\/Vodice-1-768x562.jpg 768w\" sizes=\"(max-width: 800px) 100vw, 800px\" \/><\/figure>\n\n\n\n<h3>Popis linija iz i do Vodica<\/h3>\n\n\n\n<p>\u2192 Brod: \u0160ibenik \u2013 Zlarin \u2013 Prvi\u0107 Luka \u2013 \u0160epurine \u2013 Vodice<\/p>\n\n\n\n<ul><li><a href=\"https:\/\/ferrycroatia.com\/hr\/vodice-sibenik\/\">Vodice \u2013 \u0160ibenik<\/a><\/li><li><a href=\"https:\/\/ferrycroatia.com\/hr\/vodice-zlarin\/\">Vodice \u2013 Zlarin<\/a><\/li><li><a href=\"https:\/\/ferrycroatia.com\/hr\/vodice-prvic\/\">Vodice \u2013 Prvic Luka<\/a><\/li><li><a href=\"https:\/\/ferrycroatia.com\/hr\/vodice-sepurine\/\">Vodice \u2013 Sepurine<\/a><\/li><\/ul>\n","protected":false},"excerpt":{"rendered":"<p>Vodice su mali grad u \u0160ibensko-kninskoj \u017eupaniji, a nalaze se nekih 10 km od grada \u0160ibenika. Luka iz koje brod kre\u0107e prema Prvi\u0107u, Kapriju, \u017dirju i gradu \u0160ibeniku nalazi se u samom centru grada, u blizini ACI Marine i rive. Glavni autobusni kolodvor nalazi se tek nekoliko minuta od pristani\u0161ta, a neki autobusi se zaustavljaju [&hellip;]<\/p>\n<p><a class=\"more-link\" href=\"https:\/\/www.ferrycroatia.com\/hr\/trajektna-luka-vodice\/\"> Continue reading&#8230;<\/a><\/p>\n","protected":false},"author":5,"featured_media":1506,"parent":0,"menu_order":0,"comment_status":"closed","ping_status":"closed","template":"","meta":[],"yoast_head":"<!-- This site is optimized with the Yoast SEO plugin v19.8 - https:\/\/yoast.com\/wordpress\/plugins\/seo\/ -->\n<title>Trajektna luka Vodice, dolasci i polasci iz luke<\/title>\n<meta name=\"robots\" content=\"index, follow, max-snippet:-1, max-image-preview:large, max-video-preview:-1\" \/>\n<link rel=\"canonical\" href=\"https:\/\/www.ferrycroatia.com\/hr\/trajektna-luka-vodice\/\" \/>\n<meta property=\"og:locale\" content=\"en_US\" \/>\n<meta property=\"og:type\" content=\"article\" \/>\n<meta property=\"og:title\" content=\"Trajektna luka Vodice, dolasci i polasci iz luke\" \/>\n<meta property=\"og:description\" content=\"Vodice su mali grad u \u0160ibensko-kninskoj \u017eupaniji, a nalaze se nekih 10 km od grada \u0160ibenika. Luka iz koje brod kre\u0107e prema Prvi\u0107u, Kapriju, \u017dirju i gradu \u0160ibeniku nalazi se u samom centru grada, u blizini ACI Marine i rive. Glavni autobusni kolodvor nalazi se tek nekoliko minuta od pristani\u0161ta, a neki autobusi se zaustavljaju [&hellip;] Continue reading...\" \/>\n<meta property=\"og:url\" content=\"https:\/\/www.ferrycroatia.com\/hr\/trajektna-luka-vodice\/\" \/>\n<meta property=\"og:site_name\" content=\"Trajekti Hrvatska\" \/>\n<meta property=\"article:modified_time\" content=\"2021-04-08T14:25:11+00:00\" \/>\n<meta property=\"og:image\" content=\"https:\/\/www.ferrycroatia.com\/hr\/wp-content\/uploads\/2021\/01\/Vodice.jpg\" \/>\n\t<meta property=\"og:image:width\" content=\"1024\" \/>\n\t<meta property=\"og:image:height\" content=\"768\" \/>\n\t<meta property=\"og:image:type\" content=\"image\/jpeg\" \/>\n<meta name=\"twitter:card\" content=\"summary_large_image\" \/>\n<meta name=\"twitter:label1\" content=\"Est. reading time\" \/>\n\t<meta name=\"twitter:data1\" content=\"2 minutes\" \/>\n<script type=\"application\/ld+json\" class=\"yoast-schema-graph\">{\"@context\":\"https:\/\/schema.org\",\"@graph\":[{\"@type\":\"WebPage\",\"@id\":\"https:\/\/www.ferrycroatia.com\/hr\/trajektna-luka-vodice\/\",\"url\":\"https:\/\/www.ferrycroatia.com\/hr\/trajektna-luka-vodice\/\",\"name\":\"Trajektna luka Vodice, dolasci i polasci iz luke\",\"isPartOf\":{\"@id\":\"https:\/\/www.ferrycroatia.com\/hr\/#website\"},\"datePublished\":\"2021-01-29T11:29:22+00:00\",\"dateModified\":\"2021-04-08T14:25:11+00:00\",\"breadcrumb\":{\"@id\":\"https:\/\/www.ferrycroatia.com\/hr\/trajektna-luka-vodice\/#breadcrumb\"},\"inLanguage\":\"en-US\",\"potentialAction\":[{\"@type\":\"ReadAction\",\"target\":[\"https:\/\/www.ferrycroatia.com\/hr\/trajektna-luka-vodice\/\"]}]},{\"@type\":\"BreadcrumbList\",\"@id\":\"https:\/\/www.ferrycroatia.com\/hr\/trajektna-luka-vodice\/#breadcrumb\",\"itemListElement\":[{\"@type\":\"ListItem\",\"position\":1,\"name\":\"Home\",\"item\":\"https:\/\/www.ferrycroatia.com\/hr\/\"},{\"@type\":\"ListItem\",\"position\":2,\"name\":\"Trajektna luka Vodice\"}]},{\"@type\":\"WebSite\",\"@id\":\"https:\/\/www.ferrycroatia.com\/hr\/#website\",\"url\":\"https:\/\/www.ferrycroatia.com\/hr\/\",\"name\":\"Trajekti Hrvatska\",\"description\":\"Vozni red za sve trajekte i katamarane u Hrvatskoj\",\"potentialAction\":[{\"@type\":\"SearchAction\",\"target\":{\"@type\":\"EntryPoint\",\"urlTemplate\":\"https:\/\/www.ferrycroatia.com\/hr\/?s={search_term_string}\"},\"query-input\":\"required name=search_term_string\"}],\"inLanguage\":\"en-US\"}]}<\/script>\n<!-- \/ Yoast SEO plugin. -->","yoast_head_json":{"title":"Trajektna luka Vodice, dolasci i polasci iz luke","robots":{"index":"index","follow":"follow","max-snippet":"max-snippet:-1","max-image-preview":"max-image-preview:large","max-video-preview":"max-video-preview:-1"},"canonical":"https:\/\/www.ferrycroatia.com\/hr\/trajektna-luka-vodice\/","og_locale":"en_US","og_type":"article","og_title":"Trajektna luka Vodice, dolasci i polasci iz luke","og_description":"Vodice su mali grad u \u0160ibensko-kninskoj \u017eupaniji, a nalaze se nekih 10 km od grada \u0160ibenika. Luka iz koje brod kre\u0107e prema Prvi\u0107u, Kapriju, \u017dirju i gradu \u0160ibeniku nalazi se u samom centru grada, u blizini ACI Marine i rive. Glavni autobusni kolodvor nalazi se tek nekoliko minuta od pristani\u0161ta, a neki autobusi se zaustavljaju [&hellip;] Continue reading...","og_url":"https:\/\/www.ferrycroatia.com\/hr\/trajektna-luka-vodice\/","og_site_name":"Trajekti Hrvatska","article_modified_time":"2021-04-08T14:25:11+00:00","og_image":[{"width":1024,"height":768,"url":"https:\/\/www.ferrycroatia.com\/hr\/wp-content\/uploads\/2021\/01\/Vodice.jpg","type":"image\/jpeg"}],"twitter_card":"summary_large_image","twitter_misc":{"Est. reading time":"2 minutes"},"schema":{"@context":"https:\/\/schema.org","@graph":[{"@type":"WebPage","@id":"https:\/\/www.ferrycroatia.com\/hr\/trajektna-luka-vodice\/","url":"https:\/\/www.ferrycroatia.com\/hr\/trajektna-luka-vodice\/","name":"Trajektna luka Vodice, dolasci i polasci iz luke","isPartOf":{"@id":"https:\/\/www.ferrycroatia.com\/hr\/#website"},"datePublished":"2021-01-29T11:29:22+00:00","dateModified":"2021-04-08T14:25:11+00:00","breadcrumb":{"@id":"https:\/\/www.ferrycroatia.com\/hr\/trajektna-luka-vodice\/#breadcrumb"},"inLanguage":"en-US","potentialAction":[{"@type":"ReadAction","target":["https:\/\/www.ferrycroatia.com\/hr\/trajektna-luka-vodice\/"]}]},{"@type":"BreadcrumbList","@id":"https:\/\/www.ferrycroatia.com\/hr\/trajektna-luka-vodice\/#breadcrumb","itemListElement":[{"@type":"ListItem","position":1,"name":"Home","item":"https:\/\/www.ferrycroatia.com\/hr\/"},{"@type":"ListItem","position":2,"name":"Trajektna luka Vodice"}]},{"@type":"WebSite","@id":"https:\/\/www.ferrycroatia.com\/hr\/#website","url":"https:\/\/www.ferrycroatia.com\/hr\/","name":"Trajekti Hrvatska","description":"Vozni red za sve trajekte i katamarane u Hrvatskoj","potentialAction":[{"@type":"SearchAction","target":{"@type":"EntryPoint","urlTemplate":"https:\/\/www.ferrycroatia.com\/hr\/?s={search_term_string}"},"query-input":"required name=search_term_string"}],"inLanguage":"en-US"}]}},"_links":{"self":[{"href":"https:\/\/www.ferrycroatia.com\/hr\/wp-json\/wp\/v2\/pages\/1504"}],"collection":[{"href":"https:\/\/www.ferrycroatia.com\/hr\/wp-json\/wp\/v2\/pages"}],"about":[{"href":"https:\/\/www.ferrycroatia.com\/hr\/wp-json\/wp\/v2\/types\/page"}],"author":[{"embeddable":true,"href":"https:\/\/www.ferrycroatia.com\/hr\/wp-json\/wp\/v2\/users\/5"}],"replies":[{"embeddable":true,"href":"https:\/\/www.ferrycroatia.com\/hr\/wp-json\/wp\/v2\/comments?post=1504"}],"version-history":[{"count":4,"href":"https:\/\/www.ferrycroatia.com\/hr\/wp-json\/wp\/v2\/pages\/1504\/revisions"}],"predecessor-version":[{"id":2187,"href":"https:\/\/www.ferrycroatia.com\/hr\/wp-json\/wp\/v2\/pages\/1504\/revisions\/2187"}],"wp:featuredmedia":[{"embeddable":true,"href":"https:\/\/www.ferrycroatia.com\/hr\/wp-json\/wp\/v2\/media\/1506"}],"wp:attachment":[{"href":"https:\/\/www.ferrycroatia.com\/hr\/wp-json\/wp\/v2\/media?parent=1504"}],"curies":[{"name":"wp","href":"https:\/\/api.w.org\/{rel}","templated":true}]}}