{"id":1508,"date":"2021-01-29T11:32:16","date_gmt":"2021-01-29T11:32:16","guid":{"rendered":"https:\/\/ferrycroatia.com\/hr\/?page_id=1508"},"modified":"2024-06-07T16:15:45","modified_gmt":"2024-06-07T14:15:45","slug":"trajektna-luka-zadar","status":"publish","type":"page","link":"https:\/\/www.ferrycroatia.com\/hr\/trajektna-luka-zadar\/","title":{"rendered":"Trajektna luka Zadar"},"content":{"rendered":"\n<p>Zadar je povijesni grad u srednjoj Dalmaciji vrlo je popularan me\u0111u turistima. Zbog toga je odli\u010dno <strong>povezan s gotovo svim otocima zadarskog arhipelaga<\/strong>, ali i s Anconom u Italiji. <\/p>\n\n\n\n<p>Ve\u0107ina trajektnih linija idu iz <strong>trajektne luke u Ga\u017eenici<\/strong>, smje\u0161tene jugoisto\u010dno od starog grada Zadra i njegove glavne trajektne luke. U luci se nalazi zgrada lu\u010dke uprave, ali nema puno objekata.<\/p>\n\n\n\n<p><strong>Stara zadarska luka<\/strong> danas ima nekoliko katamaranskih veza i trajektnu liniju do Italije.<\/p>\n\n\n\n<p>Glavni autobusni kolodvor nalazi se <strong>izme\u0111u trajektne luke Ga\u017eenica i starog grada<\/strong> (3,5 km od Ga\u017eenice i 2 km od starog grada).<\/p>\n\n\n\n<h2 class=\"has-medium-font-size\">Trajektna luka Zadar Ga\u017eenica<\/h2>\n\n\n\n<p>Luka Ga\u017eenica u Zadru nalazi se na Ga\u017eeni\u010dkoj cesti, na jugoisto\u010dnom rubu Zadra. Trajektna luka povezana je s glavnim autobusnim kolodvorom gradskom autobusnom linijom broj 9.<\/p>\n\n\n\n<p>Trajektna luka ima izvrstan sustav signalizacije, \u0161to olak\u0161ava putnicima navigaciju do odgovaraju\u0107ih ukrcajnih traka.<\/p>\n\n\n\n<p>Luka ima potpuno novu terminalsku zgradu koja nudi sadr\u017eaje poput \u010dekaonice, WiFi-a, sanitarnih \u010dvorova, ureda za prodaju karata Jadrolinije i nekoliko kafi\u0107a.<\/p>\n\n\n\n<figure class=\"wp-block-image size-full\"><img decoding=\"async\" loading=\"lazy\" width=\"1024\" height=\"768\" data-src=\"https:\/\/www.ferrycroatia.com\/hr\/wp-content\/uploads\/2024\/06\/Zadar-luka-Gaz\u030cenica.webp\" alt=\"Trajektna luka Zadar Ga\u017eenica\" class=\"wp-image-3964\" data-srcset=\"https:\/\/www.ferrycroatia.com\/hr\/wp-content\/uploads\/2024\/06\/Zadar-luka-Gaz\u030cenica.webp 1024w, https:\/\/www.ferrycroatia.com\/hr\/wp-content\/uploads\/2024\/06\/Zadar-luka-Gaz\u030cenica-300x225.webp 300w, https:\/\/www.ferrycroatia.com\/hr\/wp-content\/uploads\/2024\/06\/Zadar-luka-Gaz\u030cenica-768x576.webp 768w\" sizes=\"(max-width: 1024px) 100vw, 1024px\" \/><figcaption class=\"wp-element-caption\">Luka Ga\u017eenica Zadar<\/figcaption><\/figure>\n\n\n\n<h2 class=\"has-medium-font-size\">Polasci iz luke Ga\u017eenica<\/h2>\n\n\n\n<figure class=\"wp-block-table\"><table><tbody><tr><td><a href=\"https:\/\/www.ferrycroatia.com\/hr\/zadar-preko\/\">Trajekt Zadar &#8211; Preko<\/a><\/td><td><a href=\"https:\/\/www.ferrycroatia.com\/hr\/zadar-brbinj\/\"><\/a><a href=\"https:\/\/www.ferrycroatia.com\/hr\/zadar-brbinj\/\">Trajekt Zadar &#8211; Brbinj (Dugi Otok)<\/a><\/td><td><a href=\"https:\/\/www.ferrycroatia.com\/en\/zadar-brsanj\/\"><\/a><a href=\"https:\/\/www.ferrycroatia.com\/hr\/zadar-brsanj\/\">Trajekt Zadar &#8211; Br\u0161anj<\/a> (I\u017e)<\/td><\/tr><tr><td><a href=\"https:\/\/www.ferrycroatia.com\/hr\/zadar-rava\/\"><\/a><a href=\"https:\/\/www.ferrycroatia.com\/hr\/zadar-rava\/\">Trajekt Zadar &#8211; Rava<\/a><\/td><td><a href=\"https:\/\/www.ferrycroatia.com\/hr\/zadar-mala-rava\/\"><\/a><a href=\"https:\/\/www.ferrycroatia.com\/hr\/zadar-mala-rava\/\">Trajekt Zadar &#8211; Mala Rava<\/a><\/td><td><a href=\"https:\/\/www.ferrycroatia.com\/hr\/zadar-rivanj\/\"><\/a><a href=\"https:\/\/www.ferrycroatia.com\/hr\/zadar-rivanj\/\">Trajekt Zadar &#8211; Rivanj<\/a><\/td><\/tr><tr><td><a href=\"https:\/\/www.ferrycroatia.com\/hr\/zadar-sestrunj\/\"><\/a><a href=\"https:\/\/www.ferrycroatia.com\/hr\/zadar-sestrunj\/\">Trajekt Zadar &#8211; Sestrunj<\/a><\/td><td><a href=\"https:\/\/www.ferrycroatia.com\/hr\/zadar-zverinac\/\"><\/a><a href=\"https:\/\/www.ferrycroatia.com\/hr\/zadar-zverinac\/\">Trajekt Zadar &#8211; Zverinac<\/a><\/td><td><a href=\"https:\/\/www.ferrycroatia.com\/hr\/zadar-molat\/\"><\/a><a href=\"https:\/\/www.ferrycroatia.com\/en\/zadar-rivanj\/\"><\/a><a href=\"https:\/\/www.ferrycroatia.com\/hr\/zadar-molat\/\">Trajekt Zadar &#8211; Molat<\/a><\/td><\/tr><tr><td><a href=\"https:\/\/www.ferrycroatia.com\/hr\/zadar-ist\/\"><\/a><a href=\"https:\/\/www.ferrycroatia.com\/hr\/zadar-ist\/\">Trajekt Zadar &#8211; Ist<\/a><\/td><td><a href=\"https:\/\/www.ferrycroatia.com\/hr\/zadar-osiljak\/\">Trajekt Zadar &#8211; O\u0161ljak<\/a><\/td><td><a href=\"https:\/\/www.ferrycroatia.com\/hr\/zadar-olib\/\"><\/a><a href=\"https:\/\/www.ferrycroatia.com\/en\/zadar-rivanj\/\"><\/a><a href=\"https:\/\/www.ferrycroatia.com\/hr\/zadar-olib\/\">Trajekt Zadar &#8211; Olib<\/a><\/td><\/tr><tr><td><a href=\"https:\/\/www.ferrycroatia.com\/hr\/zadar-silba\/\"><\/a><a href=\"https:\/\/www.ferrycroatia.com\/hr\/zadar-silba\/\">Trajekt Zadar &#8211; Silba<\/a><\/td><td><a href=\"https:\/\/www.ferrycroatia.com\/hr\/zadar-premuda\/\"><\/a><a href=\"https:\/\/www.ferrycroatia.com\/hr\/zadar-premuda\/\">Trajekt Zadar &#8211; Premuda<\/a><\/td><td><a href=\"https:\/\/www.ferrycroatia.com\/hr\/zadar-mali-losinj\/\"><\/a><a href=\"https:\/\/www.ferrycroatia.com\/en\/zadar-rivanj\/\"><\/a><a href=\"https:\/\/www.ferrycroatia.com\/hr\/zadar-mali-losinj\/\">Trajekt Zadar &#8211; Mali Lo\u0161inj<\/a><\/td><\/tr><tr><td><a href=\"https:\/\/www.ferrycroatia.com\/hr\/zadar-ancona\/\"><\/a><a href=\"https:\/\/www.ferrycroatia.com\/hr\/zadar-ancona\/\">Trajekt Zadar &#8211; Ancona<\/a><\/td><td><\/td><td><\/td><\/tr><\/tbody><\/table><\/figure>\n\n\n\n<h2 class=\"has-medium-font-size\">Trajektna luka u starom dijelu Zadra<\/h2>\n\n\n\n<p>Luka u centru Zadra nije prava luka, ve\u0107 su to jednostavno privezi\u0161ta du\u017e sjeverne obale starog grada. Adresa je Liburnska obala br. 4, a GPS koordinate su 44\u00b007\u201900.8\u2033N 15\u00b013\u201938.0\u2033E.<\/p>\n\n\n\n<p>Trajektna luka u starom gradu nema sadr\u017eaje, ali budu\u0107i da se nalazi na poluotoku starog grada, u blizini imate mnogo sadr\u017eaja poput barova, restorana, trgovina, po\u0161te, ureda za prodaju karata, bankomata itd.<\/p>\n\n\n\n<p>Nekoliko savjeta:<\/p>\n\n\n\n<ul>\n<li>Vidio sam 10 putni\u010dkih trajekata u luci, neki od iste kompanije, stoga provjerite koji je pravi (ako je potrebno, pitajte osoblje trajekta).<\/li>\n\n\n\n<li>Nema hlada, pa pripazite na sunce.<\/li>\n<\/ul>\n\n\n\n<figure class=\"wp-block-image size-full\"><img decoding=\"async\" loading=\"lazy\" width=\"1024\" height=\"768\" data-src=\"https:\/\/www.ferrycroatia.com\/hr\/wp-content\/uploads\/2024\/06\/Trajektna-luka-pokraj-starog-grada-u-Zadru.webp\" alt=\"\" class=\"wp-image-3965\" data-srcset=\"https:\/\/www.ferrycroatia.com\/hr\/wp-content\/uploads\/2024\/06\/Trajektna-luka-pokraj-starog-grada-u-Zadru.webp 1024w, https:\/\/www.ferrycroatia.com\/hr\/wp-content\/uploads\/2024\/06\/Trajektna-luka-pokraj-starog-grada-u-Zadru-300x225.webp 300w, https:\/\/www.ferrycroatia.com\/hr\/wp-content\/uploads\/2024\/06\/Trajektna-luka-pokraj-starog-grada-u-Zadru-768x576.webp 768w\" sizes=\"(max-width: 1024px) 100vw, 1024px\" \/><\/figure>\n\n\n\n<h3>Polasci iz luke u starom dijelu grada Zadra<\/h3>\n\n\n\n<figure class=\"wp-block-table\"><table><tbody><tr><td><a href=\"https:\/\/www.ferrycroatia.com\/hr\/zadar-pula\/\">Trajekt Zadar &#8211; Pula<\/a><\/td><td><a href=\"https:\/\/www.ferrycroatia.com\/hr\/zadar-bozava\/\"><\/a><a href=\"https:\/\/www.ferrycroatia.com\/hr\/zadar-bozava\/\">Trajekt Zadar &#8211; Bo\u017eava<\/a><\/td><td><a href=\"https:\/\/www.ferrycroatia.com\/hr\/zadar-brbinj\/\"><\/a><a href=\"https:\/\/www.ferrycroatia.com\/hr\/zadar-brbinj\/\">Trajekt Zadar &#8211; Brbinj (Dugi otok)<\/a><\/td><\/tr><tr><td><a href=\"https:\/\/www.ferrycroatia.com\/hr\/zadar-brgulje\/\"><\/a><a href=\"https:\/\/www.ferrycroatia.com\/hr\/zadar-brgulje\/\">Trajekt Zadar &#8211; Brgulje<\/a><\/td><td><a href=\"https:\/\/www.ferrycroatia.com\/hr\/zadar-brsanj\/\"><\/a><a href=\"https:\/\/www.ferrycroatia.com\/hr\/zadar-brsanj\/\">Trajekt Zadar &#8211; Br\u0161anj (I\u017e)<\/a><\/td><td><a href=\"https:\/\/www.ferrycroatia.com\/hr\/zadar-ilovik\/\"><\/a><a href=\"https:\/\/www.ferrycroatia.com\/hr\/zadar-ilovik\/\">Trajekt Zadar &#8211; Ilovik<\/a><\/td><\/tr><tr><td><a href=\"https:\/\/www.ferrycroatia.com\/hr\/zadar-ist\/\"><\/a><a href=\"https:\/\/www.ferrycroatia.com\/hr\/zadar-ist\/\">Trajekt Zadar &#8211; Ist<\/a><\/td><td><a href=\"https:\/\/www.ferrycroatia.com\/hr\/zadar-veli-iz\/\"><\/a><a href=\"https:\/\/www.ferrycroatia.com\/hr\/zadar-veli-iz\/\">Trajekt Zadar &#8211; Veli I\u017e<\/a><\/td><td><a href=\"https:\/\/www.ferrycroatia.com\/hr\/zadar-mala-rava\/\"><\/a><a href=\"https:\/\/www.ferrycroatia.com\/hr\/zadar-mala-rava\/\">Trajekt Zadar &#8211; Mala Rava<\/a><\/td><\/tr><tr><td><a href=\"https:\/\/www.ferrycroatia.com\/hr\/zadar-mali-losinj\/\"><\/a><a href=\"https:\/\/www.ferrycroatia.com\/hr\/zadar-mali-losinj\/\">Trajekt Zadar &#8211; Mali Lo\u0161inj<\/a><\/td><td><a href=\"https:\/\/www.ferrycroatia.com\/hr\/zadar-molat\/\"><\/a><a href=\"https:\/\/www.ferrycroatia.com\/hr\/zadar-molat\/\">Trajekt Zadar &#8211; Molat<\/a><\/td><td><a href=\"https:\/\/www.ferrycroatia.com\/hr\/zadar-olib\/\"><\/a><a href=\"https:\/\/www.ferrycroatia.com\/hr\/zadar-olib\/\">Trajekt Zadar &#8211; Olib<\/a><\/td><\/tr><tr><td><a href=\"https:\/\/www.ferrycroatia.com\/hr\/zadar-preko\/\"><\/a><a href=\"https:\/\/www.ferrycroatia.com\/hr\/zadar-preko\/\">Trajekt Zadar &#8211; Preko (Ugljan)<\/a><\/td><td><a href=\"https:\/\/www.ferrycroatia.com\/hr\/zadar-premuda\/\"><\/a><a href=\"https:\/\/www.ferrycroatia.com\/hr\/zadar-premuda\/\">Trajekt Zadar &#8211; Premuda<\/a><\/td><td><a href=\"https:\/\/www.ferrycroatia.com\/hr\/zadar-krk\/\"><\/a><a href=\"https:\/\/www.ferrycroatia.com\/hr\/zadar-krk\/\">Trajekt Zadar &#8211; Krk<\/a><\/td><\/tr><tr><td><a href=\"https:\/\/www.ferrycroatia.com\/hr\/zadar-rava\/\"><\/a><a href=\"https:\/\/www.ferrycroatia.com\/hr\/zadar-rava\/\">Trajekt Zadar &#8211; Rava<\/a><\/td><td><a href=\"https:\/\/www.ferrycroatia.com\/hr\/zadar-rivanj\/\"><\/a><a href=\"https:\/\/www.ferrycroatia.com\/hr\/zadar-rivanj\/\">Trajekt Zadar &#8211; Rivanj<\/a><\/td><td><a href=\"https:\/\/www.ferrycroatia.com\/hr\/zadar-sali\/\"><\/a><a href=\"https:\/\/www.ferrycroatia.com\/hr\/zadar-sali\/\">Trajekt Zadar &#8211; Sali\u00a0 (Dugi Otok)<\/a><\/td><\/tr><tr><td><a href=\"https:\/\/www.ferrycroatia.com\/hr\/zadar-silba\/\"><\/a><a href=\"https:\/\/www.ferrycroatia.com\/hr\/zadar-silba\/\">Trajekt Zadar &#8211; Silba<\/a><\/td><td><a href=\"https:\/\/www.ferrycroatia.com\/hr\/zadar-susak\/\"><\/a><a href=\"https:\/\/www.ferrycroatia.com\/hr\/zadar-susak\/\">Trajekt Zadar &#8211; Susak<\/a><\/td><td><a href=\"https:\/\/www.ferrycroatia.com\/hr\/zadar-unije\/\"><\/a><a href=\"https:\/\/www.ferrycroatia.com\/hr\/zadar-unije\/\">Trajekt Zadar &#8211; Unije<\/a><\/td><\/tr><tr><td><a href=\"https:\/\/www.ferrycroatia.com\/hr\/zadar-split\/\"><\/a><a href=\"https:\/\/www.ferrycroatia.com\/hr\/zadar-split\/\">Trajekt Zadar &#8211; Split<\/a><\/td><td><a href=\"https:\/\/www.ferrycroatia.com\/hr\/zadar-zapuntel\/\"><\/a><a href=\"https:\/\/www.ferrycroatia.com\/hr\/zadar-zapuntel\/\">Trajekt Zadar &#8211; Zapuntel<\/a><\/td><td><a href=\"https:\/\/www.ferrycroatia.com\/hr\/zadar-zverinac\/\"><\/a><a href=\"https:\/\/www.ferrycroatia.com\/hr\/zadar-zverinac\/\">Trajekt Zadar &#8211; Zverinac<\/a><\/td><\/tr><tr><td><a href=\"https:\/\/www.ferrycroatia.com\/hr\/zadar-rijeka\/\"><\/a><a href=\"https:\/\/www.ferrycroatia.com\/hr\/zadar-rijeka\/\">Trajekt Zadar &#8211; Rijeka<\/a><\/td><td><a href=\"https:\/\/www.ferrycroatia.com\/hr\/zadar-lopar\/\"><\/a><a href=\"https:\/\/www.ferrycroatia.com\/hr\/zadar-lopar\/\">Trajekt Zadar &#8211; Lopar (Rab)<\/a><\/td><\/tr><\/tbody><\/table><\/figure>\n\n\n\n<h2 class=\"has-medium-font-size\">Video vodi\u010d za trajektne luke u Zadru:<\/h2>\n\n\n\n<div style=\"position: relative; overflow: hidden; padding-top: 56.25%; width: 100%;\">\n    <iframe src=\"https:\/\/www.youtube.com\/embed\/Hph736Y-uYU?si=cUDZ6xikkjnsOy3t\" title=\"Zadar Ferry Port\" frameborder=\"0\" style=\"position: absolute; top: 0; left: 0; width: 100%; height: 100%;\" allow=\"accelerometer; autoplay; clipboard-write; encrypted-media; gyroscope; picture-in-picture; web-share\" referrerpolicy=\"strict-origin-when-cross-origin\" allowfullscreen=\"\" loading=\"lazy\">\n    <\/iframe>\n<\/div>\n\n\n\n<h3>Kako do\u0107i do trajektnih luka u Zadru<\/h3>\n\n\n\n<p>Ako odsjedate u Zadru i <strong>\u017eelite posjetiti otoke <a href=\"https:\/\/ferrycroatia.com\/hr\/otok-ugljan\/\">Ugljan<\/a>, <a href=\"https:\/\/ferrycroatia.com\/hr\/dugi-otok\/\">Dugi Otok<\/a>, <a href=\"https:\/\/ferrycroatia.com\/hr\/otok-iz\/\">I\u017e<\/a>, <a href=\"https:\/\/ferrycroatia.com\/hr\/otok-molat\/\">Molat <\/a>i druge<\/strong>, ispod mo\u017eete prona\u0107i informacije o tome kako iz razli\u010ditih dijelova grada do\u0107i do dvije iznad navedene trajektne luke:<\/p>\n\n\n\n<p>Ako odsjedate u sredi\u0161tu Zadra, <strong>katamaranska luka udaljena je tek nekoliko minuta od ve\u0107ine povijesnih znamenitosti<\/strong> pa do nje mo\u017eete jednostavno do\u0107i pje\u0161ice. No, ako \u017eelite do\u0107i do luke Ga\u017eenica, prvo morate autobusom broj 2 ili 4 do\u0107i do glavnog autobusnog kolodvora u Zadru, pa zatim autobusom broj 9 do luke Ga\u017eenica.<\/p>\n\n\n\n<p><strong>Ako odsjedate u Diklu ili Boriku<\/strong>, autobusom broj 8 idite do glavnog autobusnog kolodvora, pa zatim autobusom 2 ili 4 do katamaranske luke u centru ili autobusom broj 9 do trajektne luke Ga\u017eenica.<\/p>\n\n\n\n<p>Cijena autobusne karte iznosi oko 10 kn (malo vi\u0161e od 1 eura), a autobusi voze od ranog jutra do kasno nave\u010der.<\/p>\n\n\n\n<p>Iz sva tri gore navedena dijela grada tako\u0111er mo\u017eete naru\u010diti taksi koji vas ne\u0107e puno ko\u0161tati, jer se radi o vrlo kratkoj udaljenosti.<\/p>\n\n\n\n<p><strong>Ako boravite izvan Zadra<\/strong>, na primjer u Petr\u010danima (12 km od Zadra), glavni autobusni kolodvor u Zadru i Petr\u010dane povezani su redovitim autobusnim linijama. Cijena karte je tek nekoliko eura.<\/p>\n\n\n\n<h3>Kako do\u0107i iz Zra\u010dne luke Zadar do zadarskih luka<\/h3>\n\n\n\n<p><strong>Zra\u010dna luka Zadar &#8211; Zemunik<\/strong> udaljena je nekih 10 km od trajektne luke Ga\u017eenica i nekih 12 km od katamaranske luke. Nakon \u0161to sletite, mo\u017eete <a href=\"https:\/\/getbytransfer.com\/en\/zadar-airport-zadar\">unaprijed rezervirati transfer<\/a> (cijena privatnog transfera je nekih 20 eura) ili naru\u010diti taksi.<\/p>\n\n\n\n<p><strong>Autobusi zra\u010dne luke iz zra\u010dne luke do glavnog autobusnog kolodvora u Zadru<\/strong> jo\u0161 su jedna opcija. Zatim autobusima 2 ili 4 idite do katamaranske luke u centru ili autobusom broj 9 do trajektne luke u Ga\u017eenici. Cijena karte za autobus zra\u010dne luke je nekih 25 kn (3 eura), a vo\u017enja do glavnog autobusnog kolodvora u Zadru traje 15 &#8211; 20 minuta.<\/p>\n\n\n\n<p>\u017delite li pro\u010ditati vi\u0161e o prijevozu od zra\u010dne luke do trajektne luke, <a href=\"https:\/\/getbybus.com\/hr\/blog\/autobus-zracne-luke-zadar\/\">kliknite ovdje<\/a>:<\/p>\n\n\n\n<h3>Kako do\u0107i luka u Zadru iz drugih destinacija<\/h3>\n\n\n\n<p>Zadar je <strong>redovnim i sezonskim autobusnim linijama vrlo dobro povezan s mnogim hrvatskim<\/strong>, pa \u010dak i nekim europskim destinacijama. Kao \u0161to je ve\u0107 spomenuto, glavni autobusni kolodvor nalazi se izme\u0111u katamaranske luke (2 km) i trajektne luke Ga\u017eenica (3,5 km). <a href=\"https:\/\/getbybus.com\/hr\/autobus-zadar\">Kliknite ovdje<\/a> kako biste vidjeli to\u010dnu lokaciju.&nbsp;<\/p>\n\n\n\n<p>Ukoliko \u017eelite putovati automobilom mo\u017eete birati izme\u0111u autoceste i obalne ceste. Kada do\u0111ete u grad Zadar, ovisno o tome gdje \u017eelite i\u0107i &#8211;&nbsp; trajektna luka Ga\u017eenica ili katamaranska luka (smje\u0161tena to\u010dno u centru), <strong>jednostavno slijedite znakove i prona\u0107i \u0107ete put bez problema<\/strong>.<\/p>\n\n\n\n<h3>\u0160to se nalazi u blizini luka Zadar<\/h3>\n\n\n\n<p>Luka u blizini sredi\u0161ta Zadra nalazi se na poluotoku gdje je i stara gradska jezgra, tako da se <strong>ve\u0107ina povijesnih znamenitosti nalazi u blizini<\/strong>, ba\u0161 kao i barovi, restorani, trgovine, po\u0161te, blagajne, bankomati-s itd.<\/p>\n\n\n\n<p>U trajektnoj luci Ga\u017eenica uglavnom nema drugih sadr\u017eaja.<\/p>\n\n\n\n<h3>Lokacija luka u Zadru<\/h3>\n\n\n\n<ul>\n<li>Zemljopisna du\u017eina: 15,258944 \/ 15,224668<\/li>\n\n\n\n<li>Zemljipisna \u0161irina: 44.091249 \/ 44.118073<\/li>\n\n\n\n<li>Ga\u017eenica Zadar\/Liburnska obala &#8211; Zadar<\/li>\n<\/ul>\n\n\n\n<figure class=\"wp-block-image size-full\"><img decoding=\"async\" loading=\"lazy\" width=\"800\" height=\"533\" data-src=\"https:\/\/www.ferrycroatia.com\/hr\/wp-content\/uploads\/2024\/06\/Mapa-trajektne-luke-Zadar.webp\" alt=\"\" class=\"wp-image-3966\" data-srcset=\"https:\/\/www.ferrycroatia.com\/hr\/wp-content\/uploads\/2024\/06\/Mapa-trajektne-luke-Zadar.webp 800w, https:\/\/www.ferrycroatia.com\/hr\/wp-content\/uploads\/2024\/06\/Mapa-trajektne-luke-Zadar-300x200.webp 300w, https:\/\/www.ferrycroatia.com\/hr\/wp-content\/uploads\/2024\/06\/Mapa-trajektne-luke-Zadar-768x512.webp 768w\" sizes=\"(max-width: 800px) 100vw, 800px\" \/><\/figure>\n\n\n\n<h3>Trajektne i katamaranske linije iz Zadra<\/h3>\n\n\n\n<h4>Trajekti iz Zadra<\/h4>\n\n\n\n<p>\u2192 Zadar (Ga\u017eenica) &#8211; Ist &#8211; Olib &#8211; Silba &#8211; Premuda &#8211; Mali Lo\u0161inj<\/p>\n\n\n\n<p>\u2192 Zadar (Ga\u017eenica) &#8211; Preko (Ugljan)<\/p>\n\n\n\n<p>\u2192 Zadar (Ga\u017eenica) &#8211; Rivanj &#8211; Sestrunj &#8211; Zverinac &#8211; Molat<\/p>\n\n\n\n<p>\u2192 Zadar (Ga\u017eenica) &#8211; Brbinj (Dugi otok)<\/p>\n\n\n\n<p>\u2192 Zadar (Ga\u017eenica) &#8211; Br\u0161anj (I\u017e) &#8211; Rava &#8211; Mala Rava<\/p>\n\n\n\n<p>\u2192 Zadar &#8211; Ancona<\/p>\n\n\n\n<h4>Katamarani iz Zadra<\/h4>\n\n\n\n<p>\u2192 Zadar &#8211; Molat &#8211; Brgulje &#8211; Zapuntel &#8211; Ist<\/p>\n\n\n\n<p>\u2192 Zadar &#8211; Rivanj &#8211; Sestrunj &#8211; Zverinac &#8211; Bo\u017eava &#8211; Brbinj<\/p>\n\n\n\n<p>\u2192 Zadar &#8211; Sali (Dugi Otok) &#8211; Zaglav (Dugi Otok)<\/p>\n\n\n\n<p>\u2192 Zadar &#8211; I\u017e &#8211; Rava<\/p>\n\n\n\n<p>\u2192 Zadar &#8211; Silba &#8211; Ilovik &#8211; Mali Lo\u0161inj &#8211; Susak &#8211; Unije &#8211; Pula<\/p>\n\n\n\n<p>\u2192 Zadar &#8211; Premuda &#8211; Silba &#8211; Olib<\/p>\n\n\n\n<h4><strong>Brodovi iz Zadra<\/strong><\/h4>\n\n\n\n<p>\u2192 Zadar &#8211; Mali I\u017e- Veli I\u017e &#8211; Mala Rava- Rava (katamaran)<\/p>\n\n\n\n<p>\u2192 Zadar\u2013 Preko (Ugljan)<\/p>\n\n\n\n<h3>Trajektna luka Zadar &#8211; naj\u010de\u0161\u0107a pitanja<\/h3>\n\n\n\n<p><strong>Gdje se nalazi trajektna luka u Zadru?<\/strong><\/p>\n\n\n\n<p>U Zadru postoje dvije trajektne luke: jedna je Zadar Ga\u017eenica, koja je terminal za trajekte za automobile, a druga je luka za pje\u0161ake koja se nalazi na sjevernoj strani starog grada u Zadru.<\/p>\n\n\n\n<p><strong>Je li trajektna luka u Zadru daleko od centra grada?<\/strong><\/p>\n\n\n\n<p>Luka u starom gradu, odakle polaze katamarani, nalazi se na sjevernoj strani starog grada. Luka za trajekte za automobile, Ga\u017eenica, udaljena je 3,5 km od starog grada.<\/p>\n\n\n\n<p><strong>Postoji li trajekt iz Zadra do Splita?<\/strong><\/p>\n\n\n\n<p>Ne, nekada je postojao trajekt, ali trenutno nijedna trajektna kompanija ne posluje na toj ruti. Alternativna opcija je autobus sa zadarskog autobusnog kolodvora.<\/p>\n\n\n\n<p>Tekst i savjete za putovanja napisao&nbsp;<a href=\"https:\/\/www.ferrycroatia.com\/hr\/morten-smalby\/\">Morten Smalby<\/a>&nbsp;\u2013 zaljubljenik u putovanja koji \u017eivi u Splitu, u Hrvatskoj.<\/p>\n","protected":false},"excerpt":{"rendered":"<p>Zadar je povijesni grad u srednjoj Dalmaciji vrlo je popularan me\u0111u turistima. Zbog toga je odli\u010dno povezan s gotovo svim otocima zadarskog arhipelaga, ali i s Anconom u Italiji. Ve\u0107ina trajektnih linija idu iz trajektne luke u Ga\u017eenici, smje\u0161tene jugoisto\u010dno od starog grada Zadra i njegove glavne trajektne luke. U luci se nalazi zgrada lu\u010dke [&hellip;]<\/p>\n<p><a class=\"more-link\" href=\"https:\/\/www.ferrycroatia.com\/hr\/trajektna-luka-zadar\/\"> Continue reading&#8230;<\/a><\/p>\n","protected":false},"author":5,"featured_media":1510,"parent":0,"menu_order":0,"comment_status":"closed","ping_status":"closed","template":"","meta":[],"yoast_head":"<!-- This site is optimized with the Yoast SEO plugin v19.8 - https:\/\/yoast.com\/wordpress\/plugins\/seo\/ -->\n<title>Trajektna luka Zadar, dolasci i polasci iz luke<\/title>\n<meta name=\"description\" content=\"Trajektna luka Zadar - provjerite sve bitne informacije za putovanje trajektom ili katamaranom iz Zadra na jednom mjestu!\" \/>\n<meta name=\"robots\" content=\"index, follow, max-snippet:-1, max-image-preview:large, max-video-preview:-1\" \/>\n<link rel=\"canonical\" href=\"https:\/\/www.ferrycroatia.com\/hr\/trajektna-luka-zadar\/\" \/>\n<meta property=\"og:locale\" content=\"en_US\" \/>\n<meta property=\"og:type\" content=\"article\" \/>\n<meta property=\"og:title\" content=\"Trajektna luka Zadar, dolasci i polasci iz luke\" \/>\n<meta property=\"og:description\" content=\"Trajektna luka Zadar - provjerite sve bitne informacije za putovanje trajektom ili katamaranom iz Zadra na jednom mjestu!\" \/>\n<meta property=\"og:url\" content=\"https:\/\/www.ferrycroatia.com\/hr\/trajektna-luka-zadar\/\" \/>\n<meta property=\"og:site_name\" content=\"Trajekti Hrvatska\" \/>\n<meta property=\"article:modified_time\" content=\"2024-06-07T14:15:45+00:00\" \/>\n<meta property=\"og:image\" content=\"https:\/\/www.ferrycroatia.com\/hr\/wp-content\/uploads\/2021\/01\/Zadar-ferry-terminal.jpg\" \/>\n\t<meta property=\"og:image:width\" content=\"1024\" \/>\n\t<meta property=\"og:image:height\" content=\"576\" \/>\n\t<meta property=\"og:image:type\" content=\"image\/jpeg\" \/>\n<meta name=\"twitter:card\" content=\"summary_large_image\" \/>\n<meta name=\"twitter:label1\" content=\"Est. reading time\" \/>\n\t<meta name=\"twitter:data1\" content=\"6 minutes\" \/>\n<script type=\"application\/ld+json\" class=\"yoast-schema-graph\">{\"@context\":\"https:\/\/schema.org\",\"@graph\":[{\"@type\":\"WebPage\",\"@id\":\"https:\/\/www.ferrycroatia.com\/hr\/trajektna-luka-zadar\/\",\"url\":\"https:\/\/www.ferrycroatia.com\/hr\/trajektna-luka-zadar\/\",\"name\":\"Trajektna luka Zadar, dolasci i polasci iz luke\",\"isPartOf\":{\"@id\":\"https:\/\/www.ferrycroatia.com\/hr\/#website\"},\"datePublished\":\"2021-01-29T11:32:16+00:00\",\"dateModified\":\"2024-06-07T14:15:45+00:00\",\"description\":\"Trajektna luka Zadar - provjerite sve bitne informacije za putovanje trajektom ili katamaranom iz Zadra na jednom mjestu!\",\"breadcrumb\":{\"@id\":\"https:\/\/www.ferrycroatia.com\/hr\/trajektna-luka-zadar\/#breadcrumb\"},\"inLanguage\":\"en-US\",\"potentialAction\":[{\"@type\":\"ReadAction\",\"target\":[\"https:\/\/www.ferrycroatia.com\/hr\/trajektna-luka-zadar\/\"]}]},{\"@type\":\"BreadcrumbList\",\"@id\":\"https:\/\/www.ferrycroatia.com\/hr\/trajektna-luka-zadar\/#breadcrumb\",\"itemListElement\":[{\"@type\":\"ListItem\",\"position\":1,\"name\":\"Home\",\"item\":\"https:\/\/www.ferrycroatia.com\/hr\/\"},{\"@type\":\"ListItem\",\"position\":2,\"name\":\"Trajektna luka Zadar\"}]},{\"@type\":\"WebSite\",\"@id\":\"https:\/\/www.ferrycroatia.com\/hr\/#website\",\"url\":\"https:\/\/www.ferrycroatia.com\/hr\/\",\"name\":\"Trajekti Hrvatska\",\"description\":\"Vozni red za sve trajekte i katamarane u Hrvatskoj\",\"potentialAction\":[{\"@type\":\"SearchAction\",\"target\":{\"@type\":\"EntryPoint\",\"urlTemplate\":\"https:\/\/www.ferrycroatia.com\/hr\/?s={search_term_string}\"},\"query-input\":\"required name=search_term_string\"}],\"inLanguage\":\"en-US\"}]}<\/script>\n<!-- \/ Yoast SEO plugin. -->","yoast_head_json":{"title":"Trajektna luka Zadar, dolasci i polasci iz luke","description":"Trajektna luka Zadar - provjerite sve bitne informacije za putovanje trajektom ili katamaranom iz Zadra na jednom mjestu!","robots":{"index":"index","follow":"follow","max-snippet":"max-snippet:-1","max-image-preview":"max-image-preview:large","max-video-preview":"max-video-preview:-1"},"canonical":"https:\/\/www.ferrycroatia.com\/hr\/trajektna-luka-zadar\/","og_locale":"en_US","og_type":"article","og_title":"Trajektna luka Zadar, dolasci i polasci iz luke","og_description":"Trajektna luka Zadar - provjerite sve bitne informacije za putovanje trajektom ili katamaranom iz Zadra na jednom mjestu!","og_url":"https:\/\/www.ferrycroatia.com\/hr\/trajektna-luka-zadar\/","og_site_name":"Trajekti Hrvatska","article_modified_time":"2024-06-07T14:15:45+00:00","og_image":[{"width":1024,"height":576,"url":"https:\/\/www.ferrycroatia.com\/hr\/wp-content\/uploads\/2021\/01\/Zadar-ferry-terminal.jpg","type":"image\/jpeg"}],"twitter_card":"summary_large_image","twitter_misc":{"Est. reading time":"6 minutes"},"schema":{"@context":"https:\/\/schema.org","@graph":[{"@type":"WebPage","@id":"https:\/\/www.ferrycroatia.com\/hr\/trajektna-luka-zadar\/","url":"https:\/\/www.ferrycroatia.com\/hr\/trajektna-luka-zadar\/","name":"Trajektna luka Zadar, dolasci i polasci iz luke","isPartOf":{"@id":"https:\/\/www.ferrycroatia.com\/hr\/#website"},"datePublished":"2021-01-29T11:32:16+00:00","dateModified":"2024-06-07T14:15:45+00:00","description":"Trajektna luka Zadar - provjerite sve bitne informacije za putovanje trajektom ili katamaranom iz Zadra na jednom mjestu!","breadcrumb":{"@id":"https:\/\/www.ferrycroatia.com\/hr\/trajektna-luka-zadar\/#breadcrumb"},"inLanguage":"en-US","potentialAction":[{"@type":"ReadAction","target":["https:\/\/www.ferrycroatia.com\/hr\/trajektna-luka-zadar\/"]}]},{"@type":"BreadcrumbList","@id":"https:\/\/www.ferrycroatia.com\/hr\/trajektna-luka-zadar\/#breadcrumb","itemListElement":[{"@type":"ListItem","position":1,"name":"Home","item":"https:\/\/www.ferrycroatia.com\/hr\/"},{"@type":"ListItem","position":2,"name":"Trajektna luka Zadar"}]},{"@type":"WebSite","@id":"https:\/\/www.ferrycroatia.com\/hr\/#website","url":"https:\/\/www.ferrycroatia.com\/hr\/","name":"Trajekti Hrvatska","description":"Vozni red za sve trajekte i katamarane u Hrvatskoj","potentialAction":[{"@type":"SearchAction","target":{"@type":"EntryPoint","urlTemplate":"https:\/\/www.ferrycroatia.com\/hr\/?s={search_term_string}"},"query-input":"required name=search_term_string"}],"inLanguage":"en-US"}]}},"_links":{"self":[{"href":"https:\/\/www.ferrycroatia.com\/hr\/wp-json\/wp\/v2\/pages\/1508"}],"collection":[{"href":"https:\/\/www.ferrycroatia.com\/hr\/wp-json\/wp\/v2\/pages"}],"about":[{"href":"https:\/\/www.ferrycroatia.com\/hr\/wp-json\/wp\/v2\/types\/page"}],"author":[{"embeddable":true,"href":"https:\/\/www.ferrycroatia.com\/hr\/wp-json\/wp\/v2\/users\/5"}],"replies":[{"embeddable":true,"href":"https:\/\/www.ferrycroatia.com\/hr\/wp-json\/wp\/v2\/comments?post=1508"}],"version-history":[{"count":5,"href":"https:\/\/www.ferrycroatia.com\/hr\/wp-json\/wp\/v2\/pages\/1508\/revisions"}],"predecessor-version":[{"id":3969,"href":"https:\/\/www.ferrycroatia.com\/hr\/wp-json\/wp\/v2\/pages\/1508\/revisions\/3969"}],"wp:featuredmedia":[{"embeddable":true,"href":"https:\/\/www.ferrycroatia.com\/hr\/wp-json\/wp\/v2\/media\/1510"}],"wp:attachment":[{"href":"https:\/\/www.ferrycroatia.com\/hr\/wp-json\/wp\/v2\/media?parent=1508"}],"curies":[{"name":"wp","href":"https:\/\/api.w.org\/{rel}","templated":true}]}}