{"id":1657,"date":"2021-02-01T08:47:45","date_gmt":"2021-02-01T08:47:45","guid":{"rendered":"https:\/\/ferrycroatia.com\/hr\/?page_id=1657"},"modified":"2021-04-08T15:38:14","modified_gmt":"2021-04-08T13:38:14","slug":"trajektna-luka-stari-grad","status":"publish","type":"page","link":"https:\/\/www.ferrycroatia.com\/hr\/trajektna-luka-stari-grad\/","title":{"rendered":"Trajektna luka Stari Grad"},"content":{"rendered":"<p><b>Stari Grad je grad smje\u0161ten u lijepoj uvali na zapadnoj strani otoka Hvara<\/b><span style=\"font-weight: 400;\">. Trajektna luka se ne nalazi u centru grada, ve\u0107 <\/span><b>nekih 2 kilometra zapadno<\/b><span style=\"font-weight: 400;\">.<\/span><\/p>\n<h3><b>Kako do\u0107i do luke Stari Grad<\/b><\/h3>\n<p><b>Stari Grad je malo oto\u010dno mjesto<\/b><span style=\"font-weight: 400;\"> \u010dija se trajektna luka nalazi nekih 2,3 kilometra dalje. Gdje god odsjeli u centru grada prate\u0107i \u0161etnicu mo\u017eete do\u0107i do trajektne luke, tako\u0111er mo\u017eete i naru\u010diti taksi ili autobusom od <\/span><b>autobusne stanice u Starigradu<\/b><span style=\"font-weight: 400;\">. Ako odsjedate bilo gdje drugdje na otoku Hvaru, do Starigrada mo\u017eete jednostavno do\u0107i autobusom. <\/span><a href=\"https:\/\/getbybus.com\/hr\/autobus-stari-grad-hvar\"><span style=\"font-weight: 400;\">Glavna autobusna stanica<\/span><\/a><span style=\"font-weight: 400;\"> nalazi se u centru grada<\/span><b>.<\/b><\/p>\n<h3><b>Kako od Starigrada do\u0107i do Zra\u010dne luke Split<\/b><\/h3>\n<p><span style=\"font-weight: 400;\">Put od Starigrada do Zra\u010dne luke Split traje nekih 3-4 sata, vo\u017enja trajektom od Starog Grada do Splita traje oko 2 sata i 30 minuta, a vo\u017enja taksijem ili autobusom zra\u010dne luke od splitske trajektne luke do zra\u010dne luke traje nekih 30 minuta.\u00a0<\/span><\/p>\n<h3><b>Od Starog Grada do grada Hvara<\/b><\/h3>\n<p><span style=\"font-weight: 400;\">Prilikom dolaska trajekta u <\/span><b>starigradsku luku<\/b><span style=\"font-weight: 400;\"> tamo vas \u010deka autobus za grad Hvar i druga mjesta na <a href=\"https:\/\/ferrycroatia.com\/hr\/otok-hvar\/\">otoku Hvaru<\/a>. Kartu mo\u017eete kupiti u autobusu, a vo\u017enja do Hvara traje nekih 25 minuta. Autobusne linije od <\/span><b>grada Hvara do Starog Grada<\/b><span style=\"font-weight: 400;\"> polaze u odre\u0111eno vrijeme prilago\u0111eno polascima trajekta.<\/span><\/p>\n<h3><b>\u0160to se nalazi blizini luke Stari Grad<\/b><\/h3>\n<p><span style=\"font-weight: 400;\">Kao \u0161to je ve\u0107 navedeno, <\/span><b>Trajektna luka Stari Grad nalazi se samo par kilometara od centra grada<\/b><span style=\"font-weight: 400;\">. U trajektnoj luci nema mnogo sadr\u017eaja pored bara, supermarketa, kioska i sl. Ako vam je potrebno ne\u0161to \u0161to ne mo\u017eete na\u0107i u luci, uvijek mo\u017eete oti\u0107i do <\/span><b>centra grada<\/b><span style=\"font-weight: 400;\">.<\/span><\/p>\n<p><span style=\"font-weight: 400;\">As I already mentioned, Stari Grad <\/span><b>ferry terminal is located a few kilometres from the town centre<\/b><span style=\"font-weight: 400;\">. At the ferry terminal itself, there aren\u2019t many facilities: a bar, a supermarket, a kiosk, etc. For anything more that you might need, you can go <\/span><b>to the town centre<\/b><span style=\"font-weight: 400;\">.<\/span><\/p>\n<h3><b>Adresa luke Stari Grad<\/b><\/h3>\n<ul>\n<li><span style=\"font-weight: 400;\">D116<\/span><\/li>\n<li><span style=\"font-weight: 400;\">21460 Stari Grad (Hvar)<\/span><\/li>\n<li><b>GPS koordinate: <\/b><span style=\"font-weight: 400;\">43.18124, 16.57622<\/span><\/li>\n<\/ul>\n<p><img decoding=\"async\" loading=\"lazy\" class=\"alignnone wp-image-1659 size-full\" data-src=\"https:\/\/ferrycroatia.com\/hr\/wp-content\/uploads\/2021\/02\/Stari-Grad.jpg\" alt=\"Stari Grad trajektna luka\" width=\"800\" height=\"545\" data-srcset=\"https:\/\/www.ferrycroatia.com\/hr\/wp-content\/uploads\/2021\/02\/Stari-Grad.jpg 800w, https:\/\/www.ferrycroatia.com\/hr\/wp-content\/uploads\/2021\/02\/Stari-Grad-300x204.jpg 300w, https:\/\/www.ferrycroatia.com\/hr\/wp-content\/uploads\/2021\/02\/Stari-Grad-768x523.jpg 768w\" sizes=\"(max-width: 800px) 100vw, 800px\" \/><\/p>\n<h3><b>Popis linija od i do Starigrada<br \/>\n<\/b><\/h3>\n<p><span style=\"font-weight: 400;\">Trajekt: Split \u2013 Stari Grad (Hvar)<\/span><\/p>\n<ul>\n<li style=\"font-weight: 400;\" aria-level=\"1\"><a href=\"https:\/\/ferrycroatia.com\/hr\/stari-grad-split\/\"><span style=\"font-weight: 400;\">Stari Grad \u2013 Split<\/span><\/a><\/li>\n<\/ul>\n<p><span style=\"font-weight: 400;\">Trajekt: Split \u2013 Stari Grad (Hvar) \u2013 Ancona<\/span><\/p>\n<ul>\n<li style=\"font-weight: 400;\" aria-level=\"1\"><a href=\"https:\/\/ferrycroatia.com\/hr\/stari-grad-ancona\/\"><span style=\"font-weight: 400;\">Stari Grad \u2013 Ancona<\/span><\/a><\/li>\n<\/ul>\n","protected":false},"excerpt":{"rendered":"<p>Stari Grad je grad smje\u0161ten u lijepoj uvali na zapadnoj strani otoka Hvara. Trajektna luka se ne nalazi u centru grada, ve\u0107 nekih 2 kilometra zapadno. Kako do\u0107i do luke Stari Grad Stari Grad je malo oto\u010dno mjesto \u010dija se trajektna luka nalazi nekih 2,3 kilometra dalje. Gdje god odsjeli u centru grada prate\u0107i \u0161etnicu [&hellip;]<\/p>\n<p><a class=\"more-link\" href=\"https:\/\/www.ferrycroatia.com\/hr\/trajektna-luka-stari-grad\/\"> Continue reading&#8230;<\/a><\/p>\n","protected":false},"author":5,"featured_media":0,"parent":0,"menu_order":0,"comment_status":"closed","ping_status":"closed","template":"","meta":[],"yoast_head":"<!-- This site is optimized with the Yoast SEO plugin v19.8 - https:\/\/yoast.com\/wordpress\/plugins\/seo\/ -->\n<title>Trajektna luka Stari Grad, dolasci i polasci iz luke<\/title>\n<meta name=\"robots\" content=\"index, follow, max-snippet:-1, max-image-preview:large, max-video-preview:-1\" \/>\n<link rel=\"canonical\" href=\"https:\/\/www.ferrycroatia.com\/hr\/trajektna-luka-stari-grad\/\" \/>\n<meta property=\"og:locale\" content=\"en_US\" \/>\n<meta property=\"og:type\" content=\"article\" \/>\n<meta property=\"og:title\" content=\"Trajektna luka Stari Grad, dolasci i polasci iz luke\" \/>\n<meta property=\"og:description\" content=\"Stari Grad je grad smje\u0161ten u lijepoj uvali na zapadnoj strani otoka Hvara. Trajektna luka se ne nalazi u centru grada, ve\u0107 nekih 2 kilometra zapadno. Kako do\u0107i do luke Stari Grad Stari Grad je malo oto\u010dno mjesto \u010dija se trajektna luka nalazi nekih 2,3 kilometra dalje. Gdje god odsjeli u centru grada prate\u0107i \u0161etnicu [&hellip;] Continue reading...\" \/>\n<meta property=\"og:url\" content=\"https:\/\/www.ferrycroatia.com\/hr\/trajektna-luka-stari-grad\/\" \/>\n<meta property=\"og:site_name\" content=\"Trajekti Hrvatska\" \/>\n<meta property=\"article:modified_time\" content=\"2021-04-08T13:38:14+00:00\" \/>\n<meta property=\"og:image\" content=\"https:\/\/ferrycroatia.com\/hr\/wp-content\/uploads\/2021\/02\/Stari-Grad.jpg\" \/>\n<meta name=\"twitter:card\" content=\"summary_large_image\" \/>\n<meta name=\"twitter:label1\" content=\"Est. reading time\" \/>\n\t<meta name=\"twitter:data1\" content=\"2 minutes\" \/>\n<script type=\"application\/ld+json\" class=\"yoast-schema-graph\">{\"@context\":\"https:\/\/schema.org\",\"@graph\":[{\"@type\":\"WebPage\",\"@id\":\"https:\/\/www.ferrycroatia.com\/hr\/trajektna-luka-stari-grad\/\",\"url\":\"https:\/\/www.ferrycroatia.com\/hr\/trajektna-luka-stari-grad\/\",\"name\":\"Trajektna luka Stari Grad, dolasci i polasci iz luke\",\"isPartOf\":{\"@id\":\"https:\/\/www.ferrycroatia.com\/hr\/#website\"},\"datePublished\":\"2021-02-01T08:47:45+00:00\",\"dateModified\":\"2021-04-08T13:38:14+00:00\",\"breadcrumb\":{\"@id\":\"https:\/\/www.ferrycroatia.com\/hr\/trajektna-luka-stari-grad\/#breadcrumb\"},\"inLanguage\":\"en-US\",\"potentialAction\":[{\"@type\":\"ReadAction\",\"target\":[\"https:\/\/www.ferrycroatia.com\/hr\/trajektna-luka-stari-grad\/\"]}]},{\"@type\":\"BreadcrumbList\",\"@id\":\"https:\/\/www.ferrycroatia.com\/hr\/trajektna-luka-stari-grad\/#breadcrumb\",\"itemListElement\":[{\"@type\":\"ListItem\",\"position\":1,\"name\":\"Home\",\"item\":\"https:\/\/www.ferrycroatia.com\/hr\/\"},{\"@type\":\"ListItem\",\"position\":2,\"name\":\"Trajektna luka Stari Grad\"}]},{\"@type\":\"WebSite\",\"@id\":\"https:\/\/www.ferrycroatia.com\/hr\/#website\",\"url\":\"https:\/\/www.ferrycroatia.com\/hr\/\",\"name\":\"Trajekti Hrvatska\",\"description\":\"Vozni red za sve trajekte i katamarane u Hrvatskoj\",\"potentialAction\":[{\"@type\":\"SearchAction\",\"target\":{\"@type\":\"EntryPoint\",\"urlTemplate\":\"https:\/\/www.ferrycroatia.com\/hr\/?s={search_term_string}\"},\"query-input\":\"required name=search_term_string\"}],\"inLanguage\":\"en-US\"}]}<\/script>\n<!-- \/ Yoast SEO plugin. -->","yoast_head_json":{"title":"Trajektna luka Stari Grad, dolasci i polasci iz luke","robots":{"index":"index","follow":"follow","max-snippet":"max-snippet:-1","max-image-preview":"max-image-preview:large","max-video-preview":"max-video-preview:-1"},"canonical":"https:\/\/www.ferrycroatia.com\/hr\/trajektna-luka-stari-grad\/","og_locale":"en_US","og_type":"article","og_title":"Trajektna luka Stari Grad, dolasci i polasci iz luke","og_description":"Stari Grad je grad smje\u0161ten u lijepoj uvali na zapadnoj strani otoka Hvara. Trajektna luka se ne nalazi u centru grada, ve\u0107 nekih 2 kilometra zapadno. Kako do\u0107i do luke Stari Grad Stari Grad je malo oto\u010dno mjesto \u010dija se trajektna luka nalazi nekih 2,3 kilometra dalje. Gdje god odsjeli u centru grada prate\u0107i \u0161etnicu [&hellip;] Continue reading...","og_url":"https:\/\/www.ferrycroatia.com\/hr\/trajektna-luka-stari-grad\/","og_site_name":"Trajekti Hrvatska","article_modified_time":"2021-04-08T13:38:14+00:00","og_image":[{"url":"https:\/\/ferrycroatia.com\/hr\/wp-content\/uploads\/2021\/02\/Stari-Grad.jpg"}],"twitter_card":"summary_large_image","twitter_misc":{"Est. reading time":"2 minutes"},"schema":{"@context":"https:\/\/schema.org","@graph":[{"@type":"WebPage","@id":"https:\/\/www.ferrycroatia.com\/hr\/trajektna-luka-stari-grad\/","url":"https:\/\/www.ferrycroatia.com\/hr\/trajektna-luka-stari-grad\/","name":"Trajektna luka Stari Grad, dolasci i polasci iz luke","isPartOf":{"@id":"https:\/\/www.ferrycroatia.com\/hr\/#website"},"datePublished":"2021-02-01T08:47:45+00:00","dateModified":"2021-04-08T13:38:14+00:00","breadcrumb":{"@id":"https:\/\/www.ferrycroatia.com\/hr\/trajektna-luka-stari-grad\/#breadcrumb"},"inLanguage":"en-US","potentialAction":[{"@type":"ReadAction","target":["https:\/\/www.ferrycroatia.com\/hr\/trajektna-luka-stari-grad\/"]}]},{"@type":"BreadcrumbList","@id":"https:\/\/www.ferrycroatia.com\/hr\/trajektna-luka-stari-grad\/#breadcrumb","itemListElement":[{"@type":"ListItem","position":1,"name":"Home","item":"https:\/\/www.ferrycroatia.com\/hr\/"},{"@type":"ListItem","position":2,"name":"Trajektna luka Stari Grad"}]},{"@type":"WebSite","@id":"https:\/\/www.ferrycroatia.com\/hr\/#website","url":"https:\/\/www.ferrycroatia.com\/hr\/","name":"Trajekti Hrvatska","description":"Vozni red za sve trajekte i katamarane u Hrvatskoj","potentialAction":[{"@type":"SearchAction","target":{"@type":"EntryPoint","urlTemplate":"https:\/\/www.ferrycroatia.com\/hr\/?s={search_term_string}"},"query-input":"required name=search_term_string"}],"inLanguage":"en-US"}]}},"_links":{"self":[{"href":"https:\/\/www.ferrycroatia.com\/hr\/wp-json\/wp\/v2\/pages\/1657"}],"collection":[{"href":"https:\/\/www.ferrycroatia.com\/hr\/wp-json\/wp\/v2\/pages"}],"about":[{"href":"https:\/\/www.ferrycroatia.com\/hr\/wp-json\/wp\/v2\/types\/page"}],"author":[{"embeddable":true,"href":"https:\/\/www.ferrycroatia.com\/hr\/wp-json\/wp\/v2\/users\/5"}],"replies":[{"embeddable":true,"href":"https:\/\/www.ferrycroatia.com\/hr\/wp-json\/wp\/v2\/comments?post=1657"}],"version-history":[{"count":5,"href":"https:\/\/www.ferrycroatia.com\/hr\/wp-json\/wp\/v2\/pages\/1657\/revisions"}],"predecessor-version":[{"id":2159,"href":"https:\/\/www.ferrycroatia.com\/hr\/wp-json\/wp\/v2\/pages\/1657\/revisions\/2159"}],"wp:attachment":[{"href":"https:\/\/www.ferrycroatia.com\/hr\/wp-json\/wp\/v2\/media?parent=1657"}],"curies":[{"name":"wp","href":"https:\/\/api.w.org\/{rel}","templated":true}]}}