{"id":1090,"date":"2021-02-02T07:49:01","date_gmt":"2021-02-02T07:49:01","guid":{"rendered":"https:\/\/ferrycroatia.com\/it\/?page_id=1090"},"modified":"2021-07-26T14:54:31","modified_gmt":"2021-07-26T12:54:31","slug":"isola-di-eso","status":"publish","type":"page","link":"https:\/\/www.ferrycroatia.com\/it\/isola-di-eso\/","title":{"rendered":"Isola di Iz"},"content":{"rendered":"\n<p><strong>L&#8217;isola di Eso \u00e8 una piccola isola dell&#8217;arcipelago di Zara<\/strong> che si trova a circa 10 km di distanza aerea e 20 km di distanza marittima particolarmente da Zara. Siccome l&#8217;isola ha una popolazione annuale inferiore a 700 persone, \u00e8 una meta popolare per le barche a vela. L&#8217;isola, con la superficie di 18 km\u00b2, \u00e8 lunga circa 12 km e larga 1,5 km.<\/p>\n\n\n\n<p>L&#8217;<strong>insediamento principale dell&#8217;isola di Eso \u00e8 Eso Grande (Veli I\u017e)<\/strong> e il secondo insediamento pi\u00f9 importante \u00e8 Eso Piccolo (Mali I\u017e), poi Drage vicino a Eso Grande e Mu\u0107e, Makovac, Kne\u017e, Porovac, Dolinje tutti<strong> vicino a Eso Piccolo (Mali I\u017e)<\/strong>. Inoltre, tutti questi insediamenti si trovano sulla costa orientale dell&#8217;isola<strong> verso l&#8217;isola di Ugliano<\/strong>.<\/p>\n\n\n\n<h2>Arrivare all&#8217;isola di Iz<\/h2>\n\n\n\n<p>L&#8217;isola di Eso \u00e8 <strong>collegata a Zara sulla terraferma<\/strong> durante tutto l&#8217;anno, poi c&#8217;\u00e8 <strong>un collegamento anche tutto l&#8217;anno con l&#8217;isola di Rava<\/strong> che si trova a ovest dell&#8217;isola di Eso.<\/p>\n\n\n\n<p>Si pu\u00f2 arrivare all\u2019isola <strong>in traghetto oppure in catamarano<\/strong>.<\/p>\n\n\n\n<p>Il <strong>traghetto opera tra Zara (Gazenica) e <a href=\"https:\/\/www.ferrycroatia.com\/it\/porto-di-brsanj\/\" title=\"Porto dei traghetti di Brsanj\">il porto di Brsagn<\/a><\/strong> situato a sud-est dell&#8217;isola di Eso. Il traghetto opera tutti i giorni ma durante la stagione estiva e fine settimana il traghetto opera due volte a giorno. Il tempo di percorrenza da Zara (Gazenica) a Brsagn \u00e8 di circa un\u2019ora e 15 minuti. L\u2019orario da <a href=\"https:\/\/www.ferrycroatia.com\/it\/zara-brsanj\/\" title=\"Zara \u2013 Brsanj Traghetto\">Zara (Gazenica) a Brsagn<\/a>.<\/p>\n\n\n\n<p>Il <strong>catamarano<\/strong>, che opera anche tutto l&#8217;anno, opera tra <strong>Zara (Centro storico)<\/strong> <strong>e <a href=\"https:\/\/www.ferrycroatia.com\/it\/porto-di-eso-piccolo\/\" title=\"Porto dei catamarani di Eso Piccolo\">Eso Piccolo<\/a><\/strong> e prosegue da l\u00ec fino a <a href=\"https:\/\/www.ferrycroatia.com\/it\/porto-di-eso-grande\/\" title=\"Porto dei catamarani di Eso Grande (Veli Iz)\">Eso Grande<\/a>. Dopo le due soste all&#8217;isola di Eso il catamarano continua verso l&#8217;isola di Rava.<\/p>\n\n\n\n<p><a href=\"https:\/\/www.ferrycroatia.com\/it\/zara-mali-iz\/\" title=\"Zara \u2192 Mali Iz\">Orario tra Zara e Eso Piccolo<\/a><\/p>\n\n\n\n<p><a href=\"https:\/\/www.ferrycroatia.com\/it\/zara-veli-iz\/\" title=\"Zara \u2192 Veli Iz\">Orario tra Zara e Eso Grande<\/a><\/p>\n\n\n\n<p>Il tempo di percorrenza <strong>da Zara a Eso Piccolo \u00e8 di 35 minuti<\/strong>, tra Zadar e Eso Grande il tempo di percorrenza \u00e8 di circa 55 minuti.<\/p>\n\n\n\n<h2>Tariffe traghetti da Zara all&#8217;isola di Iz<\/h2>\n\n\n\n<p>Arrivare all&#8217;isola di Eso \u00e8<strong> abbastanza conveniente ed economico<\/strong>. Un biglietto di sola andata per adulti da Zara a Piccolo o Grande Eso costa soltanto<strong> 40 HRK in alta stagione<\/strong>, 30 HRK in bassa stagione e 20 HRK durante la stagione invernale.<\/p>\n\n\n\n<p>Un biglietto di sola andata in<strong> traghetto da Zara a Brsagn costa 24 HRK<\/strong> durante la stagione estiva e 20 HRK durante la stagione invernale. Dall\u2019altra parte il trasporto veicoli costa 130 HRK. I prezzi per il trasporto degli altri tipi di veicoli si possono controllare qui:<\/p>\n\n\n\n<div class=\"wp-block-image\"><figure class=\"aligncenter\"><img decoding=\"async\" data-src=\"https:\/\/ferrycroatia.com\/it\/wp-content\/uploads\/2021\/02\/Zadar-Brsanj-Price.jpg\" alt=\"This image has an empty alt attribute; its file name is Zadar-Brsanj-Price.jpg\"\/><\/figure><\/div>\n","protected":false},"excerpt":{"rendered":"<p>L&#8217;isola di Eso \u00e8 una piccola isola dell&#8217;arcipelago di Zara che si trova a circa 10 km di distanza aerea e 20 km di distanza marittima particolarmente da Zara. Siccome l&#8217;isola ha una popolazione annuale inferiore a 700 persone, \u00e8 una meta popolare per le barche a vela. L&#8217;isola, con la superficie di 18 km\u00b2, [&hellip;]<\/p>\n<p><a class=\"more-link\" href=\"https:\/\/www.ferrycroatia.com\/it\/isola-di-eso\/\"> Continue reading&#8230;<\/a><\/p>\n","protected":false},"author":5,"featured_media":0,"parent":0,"menu_order":0,"comment_status":"closed","ping_status":"closed","template":"","meta":[],"yoast_head":"<!-- This site is optimized with the Yoast SEO plugin v19.8 - https:\/\/yoast.com\/wordpress\/plugins\/seo\/ -->\n<title>Isola di Iz Croazia, come arrivare in traghetto<\/title>\n<meta name=\"description\" content=\"Isola di Iz Croazia, informazioni utili per visitare l&#039;isola. Scoprite i porti dell&#039;isola e le rotte di traghetti e catamarani da e per Iz.\" \/>\n<meta name=\"robots\" content=\"index, follow, max-snippet:-1, max-image-preview:large, max-video-preview:-1\" \/>\n<link rel=\"canonical\" href=\"https:\/\/www.ferrycroatia.com\/it\/isola-di-eso\/\" \/>\n<meta property=\"og:locale\" content=\"en_US\" \/>\n<meta property=\"og:type\" content=\"article\" \/>\n<meta property=\"og:title\" content=\"Isola di Iz Croazia, come arrivare in traghetto\" \/>\n<meta property=\"og:description\" content=\"Isola di Iz Croazia, informazioni utili per visitare l&#039;isola. Scoprite i porti dell&#039;isola e le rotte di traghetti e catamarani da e per Iz.\" \/>\n<meta property=\"og:url\" content=\"https:\/\/www.ferrycroatia.com\/it\/isola-di-eso\/\" \/>\n<meta property=\"og:site_name\" content=\"Traghetto Croazia\" \/>\n<meta property=\"article:modified_time\" content=\"2021-07-26T12:54:31+00:00\" \/>\n<meta property=\"og:image\" content=\"https:\/\/ferrycroatia.com\/it\/wp-content\/uploads\/2021\/02\/Zadar-Brsanj-Price.jpg\" \/>\n<meta name=\"twitter:card\" content=\"summary_large_image\" \/>\n<meta name=\"twitter:label1\" content=\"Est. reading time\" \/>\n\t<meta name=\"twitter:data1\" content=\"2 minutes\" \/>\n<script type=\"application\/ld+json\" class=\"yoast-schema-graph\">{\"@context\":\"https:\/\/schema.org\",\"@graph\":[{\"@type\":\"WebPage\",\"@id\":\"https:\/\/www.ferrycroatia.com\/it\/isola-di-eso\/\",\"url\":\"https:\/\/www.ferrycroatia.com\/it\/isola-di-eso\/\",\"name\":\"Isola di Iz Croazia, come arrivare in traghetto\",\"isPartOf\":{\"@id\":\"https:\/\/www.ferrycroatia.com\/it\/#website\"},\"datePublished\":\"2021-02-02T07:49:01+00:00\",\"dateModified\":\"2021-07-26T12:54:31+00:00\",\"description\":\"Isola di Iz Croazia, informazioni utili per visitare l'isola. Scoprite i porti dell'isola e le rotte di traghetti e catamarani da e per Iz.\",\"breadcrumb\":{\"@id\":\"https:\/\/www.ferrycroatia.com\/it\/isola-di-eso\/#breadcrumb\"},\"inLanguage\":\"en-US\",\"potentialAction\":[{\"@type\":\"ReadAction\",\"target\":[\"https:\/\/www.ferrycroatia.com\/it\/isola-di-eso\/\"]}]},{\"@type\":\"BreadcrumbList\",\"@id\":\"https:\/\/www.ferrycroatia.com\/it\/isola-di-eso\/#breadcrumb\",\"itemListElement\":[{\"@type\":\"ListItem\",\"position\":1,\"name\":\"Home\",\"item\":\"https:\/\/www.ferrycroatia.com\/it\/\"},{\"@type\":\"ListItem\",\"position\":2,\"name\":\"Isola di Iz\"}]},{\"@type\":\"WebSite\",\"@id\":\"https:\/\/www.ferrycroatia.com\/it\/#website\",\"url\":\"https:\/\/www.ferrycroatia.com\/it\/\",\"name\":\"Traghetto Croazia\",\"description\":\"Info e orari per tutti i catamarani e traghetti in Croazia\",\"potentialAction\":[{\"@type\":\"SearchAction\",\"target\":{\"@type\":\"EntryPoint\",\"urlTemplate\":\"https:\/\/www.ferrycroatia.com\/it\/?s={search_term_string}\"},\"query-input\":\"required name=search_term_string\"}],\"inLanguage\":\"en-US\"}]}<\/script>\n<!-- \/ Yoast SEO plugin. -->","yoast_head_json":{"title":"Isola di Iz Croazia, come arrivare in traghetto","description":"Isola di Iz Croazia, informazioni utili per visitare l'isola. Scoprite i porti dell'isola e le rotte di traghetti e catamarani da e per Iz.","robots":{"index":"index","follow":"follow","max-snippet":"max-snippet:-1","max-image-preview":"max-image-preview:large","max-video-preview":"max-video-preview:-1"},"canonical":"https:\/\/www.ferrycroatia.com\/it\/isola-di-eso\/","og_locale":"en_US","og_type":"article","og_title":"Isola di Iz Croazia, come arrivare in traghetto","og_description":"Isola di Iz Croazia, informazioni utili per visitare l'isola. Scoprite i porti dell'isola e le rotte di traghetti e catamarani da e per Iz.","og_url":"https:\/\/www.ferrycroatia.com\/it\/isola-di-eso\/","og_site_name":"Traghetto Croazia","article_modified_time":"2021-07-26T12:54:31+00:00","og_image":[{"url":"https:\/\/ferrycroatia.com\/it\/wp-content\/uploads\/2021\/02\/Zadar-Brsanj-Price.jpg"}],"twitter_card":"summary_large_image","twitter_misc":{"Est. reading time":"2 minutes"},"schema":{"@context":"https:\/\/schema.org","@graph":[{"@type":"WebPage","@id":"https:\/\/www.ferrycroatia.com\/it\/isola-di-eso\/","url":"https:\/\/www.ferrycroatia.com\/it\/isola-di-eso\/","name":"Isola di Iz Croazia, come arrivare in traghetto","isPartOf":{"@id":"https:\/\/www.ferrycroatia.com\/it\/#website"},"datePublished":"2021-02-02T07:49:01+00:00","dateModified":"2021-07-26T12:54:31+00:00","description":"Isola di Iz Croazia, informazioni utili per visitare l'isola. Scoprite i porti dell'isola e le rotte di traghetti e catamarani da e per Iz.","breadcrumb":{"@id":"https:\/\/www.ferrycroatia.com\/it\/isola-di-eso\/#breadcrumb"},"inLanguage":"en-US","potentialAction":[{"@type":"ReadAction","target":["https:\/\/www.ferrycroatia.com\/it\/isola-di-eso\/"]}]},{"@type":"BreadcrumbList","@id":"https:\/\/www.ferrycroatia.com\/it\/isola-di-eso\/#breadcrumb","itemListElement":[{"@type":"ListItem","position":1,"name":"Home","item":"https:\/\/www.ferrycroatia.com\/it\/"},{"@type":"ListItem","position":2,"name":"Isola di Iz"}]},{"@type":"WebSite","@id":"https:\/\/www.ferrycroatia.com\/it\/#website","url":"https:\/\/www.ferrycroatia.com\/it\/","name":"Traghetto Croazia","description":"Info e orari per tutti i catamarani e traghetti in Croazia","potentialAction":[{"@type":"SearchAction","target":{"@type":"EntryPoint","urlTemplate":"https:\/\/www.ferrycroatia.com\/it\/?s={search_term_string}"},"query-input":"required name=search_term_string"}],"inLanguage":"en-US"}]}},"_links":{"self":[{"href":"https:\/\/www.ferrycroatia.com\/it\/wp-json\/wp\/v2\/pages\/1090"}],"collection":[{"href":"https:\/\/www.ferrycroatia.com\/it\/wp-json\/wp\/v2\/pages"}],"about":[{"href":"https:\/\/www.ferrycroatia.com\/it\/wp-json\/wp\/v2\/types\/page"}],"author":[{"embeddable":true,"href":"https:\/\/www.ferrycroatia.com\/it\/wp-json\/wp\/v2\/users\/5"}],"replies":[{"embeddable":true,"href":"https:\/\/www.ferrycroatia.com\/it\/wp-json\/wp\/v2\/comments?post=1090"}],"version-history":[{"count":8,"href":"https:\/\/www.ferrycroatia.com\/it\/wp-json\/wp\/v2\/pages\/1090\/revisions"}],"predecessor-version":[{"id":3059,"href":"https:\/\/www.ferrycroatia.com\/it\/wp-json\/wp\/v2\/pages\/1090\/revisions\/3059"}],"wp:attachment":[{"href":"https:\/\/www.ferrycroatia.com\/it\/wp-json\/wp\/v2\/media?parent=1090"}],"curies":[{"name":"wp","href":"https:\/\/api.w.org\/{rel}","templated":true}]}}