{"id":1096,"date":"2021-02-02T07:59:52","date_gmt":"2021-02-02T07:59:52","guid":{"rendered":"https:\/\/ferrycroatia.com\/it\/?page_id=1096"},"modified":"2021-07-26T14:52:19","modified_gmt":"2021-07-26T12:52:19","slug":"isola-di-calamotta","status":"publish","type":"page","link":"https:\/\/www.ferrycroatia.com\/it\/isola-di-calamotta\/","title":{"rendered":"Isola di Kolocep"},"content":{"rendered":"\n<p>L&#8217;isola di Calamotta (Kolo\u010dep) \u00e8 <strong>la pi\u00f9 piccola delle 3 isole Elafiti<\/strong> e quella pi\u00f9 vicina a Ragusa (Dubrovnik). L&#8217;isola \u00e8 grande meno di 3 Km2 ha una <strong>popolazione per tutto l\u2019anno inferiore a 200 persone<\/strong>. Durante il periodo estivo l&#8217;isola ospita centinaia di turisti che soggiornano sull&#8217;isola e un gran numero di persone che la visitano in gite di un giorno da Ragusa.<\/p>\n\n\n\n<p>L&#8217;<strong>isola pedonale<\/strong> ha due insediamenti,<strong> Donje \u010celo e Gornje \u010celo<\/strong>, ciascuno situato in fondo a una baia. Gornje \u010celo si trova all&#8217;estremit\u00e0 sud-orientale dell&#8217;isola con la vista sulla terraferma, il Donje \u010celo che \u00e8 pi\u00f9 grande si trova all&#8217;estremit\u00e0 nord dell&#8217;<strong>isola di Calamotta<\/strong>, la distanza tra i due villaggi \u00e8 di circa 1,5 Km.<\/p>\n\n\n\n<p>L\u2019<strong>alloggio<\/strong> pu\u00f2 essere trovato in entrambi gli insediamenti. L\u2019hotel Sensimar Kalamota Island Resort (TUI BLUE) e Kalamota Beach House sono le opzioni principali. Gli appartamenti si possono trovare a Donje \u010celo e Gornje \u010celo cos\u00ec come tra i villaggi.<\/p>\n\n\n\n<h2><b>Cosa vedere e fare a Kolocep<\/b><\/h2>\n\n\n\n<p>L&#8217;<strong>attivit\u00e0 principale<\/strong> per gli ospiti dell&#8217;isola di Calamotta \u00e8 <strong>rilassarsi e divertirsi<\/strong>, seguita da vicino dal nuotare nelle acque cristalline che circondano l&#8217;isola.<\/p>\n\n\n\n<p>E consigliabile inoltre<strong> esplorare tutti gli angoli dell&#8217;isola<\/strong> seguendo i sentieri escursionistici che coprono la maggior parte dell&#8217;isola.<\/p>\n\n\n\n<p>Assolutamente da non perdere \u00e8<strong> fare una visita alla Grotta Azzurra<\/strong>, una grotta situata all&#8217;estremit\u00e0 sud-occidentale dell&#8217;isola. Per arrivare alla Grotta Azzurra, dovrete partecipare a un tour o noleggiare una barca a Donje \u010celo.<\/p>\n\n\n\n<h2><b>Arrivare a Kolocep:<\/b><\/h2>\n\n\n\n<p>Il <strong>porto dei traghetti di Calamotta si trova a Gornje \u010celo<\/strong> nella parte orientale della baia. La rotta della nave passeggeri 807 della Jadrolinija ha <strong>fino a quattro partenze giornaliere<\/strong> tra Ragusa e Calamotta. Potete trovare gli orari per tutte le combinazioni di viaggio da \/ per Calamotta qui:<\/p>\n\n\n\n<figure class=\"wp-block-table\"><table><tbody><tr><td><a href=\"https:\/\/www.ferrycroatia.com\/it\/ragusa-calamotta\/\" title=\"Ragusa \u2013 Calamotta\"> Ragusa &#8211; Calamotta<\/a><\/td><td><a href=\"https:\/\/www.ferrycroatia.com\/it\/calamotta-lopud\/\" title=\"Calamotta \u2013 Lopud\"> Calamotta &#8211; Lopud<\/a><\/td><td><a href=\"https:\/\/www.ferrycroatia.com\/it\/calamotta-sudurad\/\" title=\"Calamotta \u2013 Sudurad\"> Calamotta &#8211; Sudurad<\/a><\/td><\/tr><tr><td><a href=\"https:\/\/www.ferrycroatia.com\/it\/calamotta-ragusa\/\" title=\"Calamotta \u2013 Ragusa\"> Calamotta &#8211; Ragusa<\/a><\/td><td><a href=\"https:\/\/www.ferrycroatia.com\/it\/lopud-calamotta\/\" title=\"Lopud \u2013 Calamotta\"> Lopud &#8211; Calamotta<\/a><\/td><td><a href=\"https:\/\/www.ferrycroatia.com\/it\/sudurad-calamotta\/\" title=\"Sudurad \u2013 Calamotta\"> Sudurad &#8211; Calamotta<\/a><\/td><\/tr><\/tbody><\/table><\/figure>\n","protected":false},"excerpt":{"rendered":"<p>L&#8217;isola di Calamotta (Kolo\u010dep) \u00e8 la pi\u00f9 piccola delle 3 isole Elafiti e quella pi\u00f9 vicina a Ragusa (Dubrovnik). L&#8217;isola \u00e8 grande meno di 3 Km2 ha una popolazione per tutto l\u2019anno inferiore a 200 persone. Durante il periodo estivo l&#8217;isola ospita centinaia di turisti che soggiornano sull&#8217;isola e un gran numero di persone che [&hellip;]<\/p>\n<p><a class=\"more-link\" href=\"https:\/\/www.ferrycroatia.com\/it\/isola-di-calamotta\/\"> Continue reading&#8230;<\/a><\/p>\n","protected":false},"author":5,"featured_media":0,"parent":0,"menu_order":0,"comment_status":"closed","ping_status":"closed","template":"","meta":[],"yoast_head":"<!-- This site is optimized with the Yoast SEO plugin v19.8 - https:\/\/yoast.com\/wordpress\/plugins\/seo\/ -->\n<title>Isola di Kolocep Croazia, come arrivare in traghetto<\/title>\n<meta name=\"description\" content=\"Isola di Kolocep Croazia, informazioni utili per visitare l&#039;isola. Scoprite i porti dell&#039;isola e le rotte di traghetti e catamarani da e per Kolocep.\" \/>\n<meta name=\"robots\" content=\"index, follow, max-snippet:-1, max-image-preview:large, max-video-preview:-1\" \/>\n<link rel=\"canonical\" href=\"https:\/\/www.ferrycroatia.com\/it\/isola-di-calamotta\/\" \/>\n<meta property=\"og:locale\" content=\"en_US\" \/>\n<meta property=\"og:type\" content=\"article\" \/>\n<meta property=\"og:title\" content=\"Isola di Kolocep Croazia, come arrivare in traghetto\" \/>\n<meta property=\"og:description\" content=\"Isola di Kolocep Croazia, informazioni utili per visitare l&#039;isola. Scoprite i porti dell&#039;isola e le rotte di traghetti e catamarani da e per Kolocep.\" \/>\n<meta property=\"og:url\" content=\"https:\/\/www.ferrycroatia.com\/it\/isola-di-calamotta\/\" \/>\n<meta property=\"og:site_name\" content=\"Traghetto Croazia\" \/>\n<meta property=\"article:modified_time\" content=\"2021-07-26T12:52:19+00:00\" \/>\n<meta name=\"twitter:card\" content=\"summary_large_image\" \/>\n<meta name=\"twitter:label1\" content=\"Est. reading time\" \/>\n\t<meta name=\"twitter:data1\" content=\"2 minutes\" \/>\n<script type=\"application\/ld+json\" class=\"yoast-schema-graph\">{\"@context\":\"https:\/\/schema.org\",\"@graph\":[{\"@type\":\"WebPage\",\"@id\":\"https:\/\/www.ferrycroatia.com\/it\/isola-di-calamotta\/\",\"url\":\"https:\/\/www.ferrycroatia.com\/it\/isola-di-calamotta\/\",\"name\":\"Isola di Kolocep Croazia, come arrivare in traghetto\",\"isPartOf\":{\"@id\":\"https:\/\/www.ferrycroatia.com\/it\/#website\"},\"datePublished\":\"2021-02-02T07:59:52+00:00\",\"dateModified\":\"2021-07-26T12:52:19+00:00\",\"description\":\"Isola di Kolocep Croazia, informazioni utili per visitare l'isola. Scoprite i porti dell'isola e le rotte di traghetti e catamarani da e per Kolocep.\",\"breadcrumb\":{\"@id\":\"https:\/\/www.ferrycroatia.com\/it\/isola-di-calamotta\/#breadcrumb\"},\"inLanguage\":\"en-US\",\"potentialAction\":[{\"@type\":\"ReadAction\",\"target\":[\"https:\/\/www.ferrycroatia.com\/it\/isola-di-calamotta\/\"]}]},{\"@type\":\"BreadcrumbList\",\"@id\":\"https:\/\/www.ferrycroatia.com\/it\/isola-di-calamotta\/#breadcrumb\",\"itemListElement\":[{\"@type\":\"ListItem\",\"position\":1,\"name\":\"Home\",\"item\":\"https:\/\/www.ferrycroatia.com\/it\/\"},{\"@type\":\"ListItem\",\"position\":2,\"name\":\"Isola di Kolocep\"}]},{\"@type\":\"WebSite\",\"@id\":\"https:\/\/www.ferrycroatia.com\/it\/#website\",\"url\":\"https:\/\/www.ferrycroatia.com\/it\/\",\"name\":\"Traghetto Croazia\",\"description\":\"Info e orari per tutti i catamarani e traghetti in Croazia\",\"potentialAction\":[{\"@type\":\"SearchAction\",\"target\":{\"@type\":\"EntryPoint\",\"urlTemplate\":\"https:\/\/www.ferrycroatia.com\/it\/?s={search_term_string}\"},\"query-input\":\"required name=search_term_string\"}],\"inLanguage\":\"en-US\"}]}<\/script>\n<!-- \/ Yoast SEO plugin. -->","yoast_head_json":{"title":"Isola di Kolocep Croazia, come arrivare in traghetto","description":"Isola di Kolocep Croazia, informazioni utili per visitare l'isola. Scoprite i porti dell'isola e le rotte di traghetti e catamarani da e per Kolocep.","robots":{"index":"index","follow":"follow","max-snippet":"max-snippet:-1","max-image-preview":"max-image-preview:large","max-video-preview":"max-video-preview:-1"},"canonical":"https:\/\/www.ferrycroatia.com\/it\/isola-di-calamotta\/","og_locale":"en_US","og_type":"article","og_title":"Isola di Kolocep Croazia, come arrivare in traghetto","og_description":"Isola di Kolocep Croazia, informazioni utili per visitare l'isola. Scoprite i porti dell'isola e le rotte di traghetti e catamarani da e per Kolocep.","og_url":"https:\/\/www.ferrycroatia.com\/it\/isola-di-calamotta\/","og_site_name":"Traghetto Croazia","article_modified_time":"2021-07-26T12:52:19+00:00","twitter_card":"summary_large_image","twitter_misc":{"Est. reading time":"2 minutes"},"schema":{"@context":"https:\/\/schema.org","@graph":[{"@type":"WebPage","@id":"https:\/\/www.ferrycroatia.com\/it\/isola-di-calamotta\/","url":"https:\/\/www.ferrycroatia.com\/it\/isola-di-calamotta\/","name":"Isola di Kolocep Croazia, come arrivare in traghetto","isPartOf":{"@id":"https:\/\/www.ferrycroatia.com\/it\/#website"},"datePublished":"2021-02-02T07:59:52+00:00","dateModified":"2021-07-26T12:52:19+00:00","description":"Isola di Kolocep Croazia, informazioni utili per visitare l'isola. Scoprite i porti dell'isola e le rotte di traghetti e catamarani da e per Kolocep.","breadcrumb":{"@id":"https:\/\/www.ferrycroatia.com\/it\/isola-di-calamotta\/#breadcrumb"},"inLanguage":"en-US","potentialAction":[{"@type":"ReadAction","target":["https:\/\/www.ferrycroatia.com\/it\/isola-di-calamotta\/"]}]},{"@type":"BreadcrumbList","@id":"https:\/\/www.ferrycroatia.com\/it\/isola-di-calamotta\/#breadcrumb","itemListElement":[{"@type":"ListItem","position":1,"name":"Home","item":"https:\/\/www.ferrycroatia.com\/it\/"},{"@type":"ListItem","position":2,"name":"Isola di Kolocep"}]},{"@type":"WebSite","@id":"https:\/\/www.ferrycroatia.com\/it\/#website","url":"https:\/\/www.ferrycroatia.com\/it\/","name":"Traghetto Croazia","description":"Info e orari per tutti i catamarani e traghetti in Croazia","potentialAction":[{"@type":"SearchAction","target":{"@type":"EntryPoint","urlTemplate":"https:\/\/www.ferrycroatia.com\/it\/?s={search_term_string}"},"query-input":"required name=search_term_string"}],"inLanguage":"en-US"}]}},"_links":{"self":[{"href":"https:\/\/www.ferrycroatia.com\/it\/wp-json\/wp\/v2\/pages\/1096"}],"collection":[{"href":"https:\/\/www.ferrycroatia.com\/it\/wp-json\/wp\/v2\/pages"}],"about":[{"href":"https:\/\/www.ferrycroatia.com\/it\/wp-json\/wp\/v2\/types\/page"}],"author":[{"embeddable":true,"href":"https:\/\/www.ferrycroatia.com\/it\/wp-json\/wp\/v2\/users\/5"}],"replies":[{"embeddable":true,"href":"https:\/\/www.ferrycroatia.com\/it\/wp-json\/wp\/v2\/comments?post=1096"}],"version-history":[{"count":4,"href":"https:\/\/www.ferrycroatia.com\/it\/wp-json\/wp\/v2\/pages\/1096\/revisions"}],"predecessor-version":[{"id":3057,"href":"https:\/\/www.ferrycroatia.com\/it\/wp-json\/wp\/v2\/pages\/1096\/revisions\/3057"}],"wp:attachment":[{"href":"https:\/\/www.ferrycroatia.com\/it\/wp-json\/wp\/v2\/media?parent=1096"}],"curies":[{"name":"wp","href":"https:\/\/api.w.org\/{rel}","templated":true}]}}