{"id":1239,"date":"2021-02-03T08:45:14","date_gmt":"2021-02-03T08:45:14","guid":{"rendered":"https:\/\/ferrycroatia.com\/it\/?page_id=1239"},"modified":"2021-07-26T15:01:34","modified_gmt":"2021-07-26T13:01:34","slug":"isola-di-melada","status":"publish","type":"page","link":"https:\/\/www.ferrycroatia.com\/it\/isola-di-melada\/","title":{"rendered":"Isola di Molat"},"content":{"rendered":"<p>Isola di Isto (Ist)La piccola <strong>Isola di Melada (Molat)<\/strong> si trova nell&#8217;arcipelago di Zara, a 15 NM o 28 km di distanza in linea d\u2019aria da Zara. L&#8217;isola che ha una <strong>popolazione di meno di 200 persone<\/strong>, \u00e8 un ottimo posto per chi cerca una vacanza in un ambiente tranquillo.<\/p>\n<p>L&#8217;isola che ha una<strong> dimensione totale di circa 23 km2<\/strong> \u00e8 lunga 9 km e larga fino a 3 km, ha <strong>3 insediamenti<\/strong>, <strong>Melada, Brgulje e Zapuntel<\/strong>. Melada si trova nella parte meridionale, Brgulje al centro e Zapuntel nella parte settentrionale dell&#8217;isola. Tutti e 3 gli insediamenti hanno porti. Dalla parte settentrionale dell&#8217;isola ci sono solo circa 100 metri per l&#8217;<a href=\"https:\/\/www.ferrycroatia.com\/it\/isola-di-isto\/\">Isola di Isto<\/a> (Ist).<\/p>\n<h2><b>Arrivare all&#8217;isola di Molat<\/b><\/h2>\n<p>L&#8217;isola di Melada \u00e8 <strong>collegata a Zara sulla terraferma<\/strong> tutto l&#8217;anno con un catamarano \/ traghetto veloce e con una rotta in traghetto, entrambi operano tutti i giorni tranne alcuni giorni festivi.<\/p>\n<p>Il <strong>catamarano giornaliero<\/strong> (<strong>traghetto per soli passeggeri<\/strong>) naviga sulla seguente rotta: Zara &#8211; <a href=\"https:\/\/www.ferrycroatia.com\/it\/porto-di-melada\/\">Melada <\/a>&#8211; <a href=\"https:\/\/www.ferrycroatia.com\/it\/porto-di-berguglie\/\">Brgulje <\/a>&#8211; <a href=\"https:\/\/www.ferrycroatia.com\/it\/porto-di-zapuntel\/\">Zapuntel<\/a> &#8211; Ist. Il <strong>tempo di navigazione da Zara a Melada \u00e8 di 50 minuti<\/strong>, a Brgulje 1 ora 5 minuti e a Zapuntel 1 ora e 35 minuti. Di seguito potete controllare gli orari dei catamarani da e per l&#8217;isola:<\/p>\n<table width=\"747\">\n<tbody>\n<tr>\n<td style=\"text-align: center;\"><a href=\"https:\/\/www.ferrycroatia.com\/it\/zara-melada\/\">Zara &#8211; Melada<\/a><\/td>\n<td style=\"text-align: center;\"><a href=\"https:\/\/www.ferrycroatia.com\/it\/zara-berguglie\/\">Zara &#8211; Brgulje<\/a><\/td>\n<td style=\"text-align: center;\"><a href=\"https:\/\/www.ferrycroatia.com\/it\/zara-zapuntel\/\">Zara &#8211; Zapuntel<\/a><\/td>\n<\/tr>\n<tr>\n<td style=\"text-align: center;\"><a href=\"https:\/\/www.ferrycroatia.com\/it\/melada-zara\/\">Melada &#8211; Zara<\/a><\/td>\n<td style=\"text-align: center;\"><a href=\"https:\/\/www.ferrycroatia.com\/it\/berguglie-zara\/\">Brgulje &#8211; Zara<\/a><\/td>\n<td style=\"text-align: center;\"><a href=\"https:\/\/www.ferrycroatia.com\/it\/zapuntel-zara\/\">Zapuntel &#8211; Zara<\/a><\/td>\n<\/tr>\n<\/tbody>\n<\/table>\n<p>Il <strong>traghetto giornaliero<\/strong> da Zara prosegue poi verso tutte o alcune delle seguenti isole, <strong>Isola di Rivanj<\/strong>,<strong> Isola di Sestrunj<\/strong> e<strong> Isola di Zverinac<\/strong> prima di terminare a Melada, il tempo di navigazione del traghetto \u00e8 compreso tra 2 ore e 30 minuti e 3 ore. Qui potete vedere gli orari dei traghetti da e per l&#8217;isola di Melada:<\/p>\n<table width=\"747\">\n<tbody>\n<tr>\n<td style=\"text-align: center;\"><a href=\"https:\/\/www.ferrycroatia.com\/it\/zara-melada\/\">Zara &#8211; Melada<\/a><\/td>\n<td style=\"text-align: center;\"><a href=\"https:\/\/www.ferrycroatia.com\/it\/rivani-melada\/\">Rivanj &#8211; Melada<\/a><\/td>\n<td style=\"text-align: center;\"><a href=\"https:\/\/www.ferrycroatia.com\/it\/sestrugno-melada\/\">Sestrunj &#8211; Melada<\/a><\/td>\n<td style=\"text-align: center;\"><a href=\"https:\/\/www.ferrycroatia.com\/it\/sferinaz-melada\/\">Zverinac &#8211; Melada<\/a><\/td>\n<\/tr>\n<tr>\n<td style=\"text-align: center;\"><a href=\"https:\/\/www.ferrycroatia.com\/it\/melada-zara\/\">Melada &#8211; Zara<\/a><\/td>\n<td style=\"text-align: center;\"><a href=\"https:\/\/www.ferrycroatia.com\/it\/melada-rivani\/\">Melada &#8211; Rivanj<\/a><\/td>\n<td style=\"text-align: center;\"><a href=\"https:\/\/www.ferrycroatia.com\/it\/melada-sestrugno\/\">Melada &#8211; Sestrunj<\/a><\/td>\n<td style=\"text-align: center;\"><a href=\"https:\/\/www.ferrycroatia.com\/it\/melada-sferinaz\/\">Melada &#8211; Zverinac<\/a><\/td>\n<\/tr>\n<\/tbody>\n<\/table>\n<h2><b>Prezzo del traghetto Zara &#8211; Molat<\/b><\/h2>\n<p>N\u00e9 un viaggio con il catamarano n\u00e9 un viaggio con il traghetto, vi svuoter\u00e0 le tasche. Un biglietto di sola andata con il <strong>catamarano da Zara a uno dei 3 porti dell&#8217;isola di Melada costa 40 Kuna<\/strong> <strong>in estate<\/strong>, 30 Kuna nella stagione bassa e 20 Kuna nella stagione invernale. Il prezzo di un biglietto di sola andata per adulti sul <strong>traghetto da Zara costa 28 kune in estate<\/strong> e 23 kune in inverno, portare la vostra auto sull&#8217;isola vi coster\u00e0 da 160 kune solo andata.<\/p>\n","protected":false},"excerpt":{"rendered":"<p>Isola di Isto (Ist)La piccola Isola di Melada (Molat) si trova nell&#8217;arcipelago di Zara, a 15 NM o 28 km di distanza in linea d\u2019aria da Zara. L&#8217;isola che ha una popolazione di meno di 200 persone, \u00e8 un ottimo posto per chi cerca una vacanza in un ambiente tranquillo. L&#8217;isola che ha una dimensione [&hellip;]<\/p>\n<p><a class=\"more-link\" href=\"https:\/\/www.ferrycroatia.com\/it\/isola-di-melada\/\"> Continue reading&#8230;<\/a><\/p>\n","protected":false},"author":5,"featured_media":0,"parent":0,"menu_order":0,"comment_status":"closed","ping_status":"closed","template":"","meta":[],"yoast_head":"<!-- This site is optimized with the Yoast SEO plugin v19.8 - https:\/\/yoast.com\/wordpress\/plugins\/seo\/ -->\n<title>Isola di Molat Croazia, come arrivare in traghetto<\/title>\n<meta name=\"description\" content=\"Isola di Molat Croazia, informazioni utili per visitare l&#039;isola. Scoprite i porti dell&#039;isola e le rotte di traghetti e catamarani da e per Molat.\" \/>\n<meta name=\"robots\" content=\"index, follow, max-snippet:-1, max-image-preview:large, max-video-preview:-1\" \/>\n<link rel=\"canonical\" href=\"https:\/\/www.ferrycroatia.com\/it\/isola-di-melada\/\" \/>\n<meta property=\"og:locale\" content=\"en_US\" \/>\n<meta property=\"og:type\" content=\"article\" \/>\n<meta property=\"og:title\" content=\"Isola di Molat Croazia, come arrivare in traghetto\" \/>\n<meta property=\"og:description\" content=\"Isola di Molat Croazia, informazioni utili per visitare l&#039;isola. Scoprite i porti dell&#039;isola e le rotte di traghetti e catamarani da e per Molat.\" \/>\n<meta property=\"og:url\" content=\"https:\/\/www.ferrycroatia.com\/it\/isola-di-melada\/\" \/>\n<meta property=\"og:site_name\" content=\"Traghetto Croazia\" \/>\n<meta property=\"article:modified_time\" content=\"2021-07-26T13:01:34+00:00\" \/>\n<meta name=\"twitter:card\" content=\"summary_large_image\" \/>\n<meta name=\"twitter:label1\" content=\"Est. reading time\" \/>\n\t<meta name=\"twitter:data1\" content=\"2 minutes\" \/>\n<script type=\"application\/ld+json\" class=\"yoast-schema-graph\">{\"@context\":\"https:\/\/schema.org\",\"@graph\":[{\"@type\":\"WebPage\",\"@id\":\"https:\/\/www.ferrycroatia.com\/it\/isola-di-melada\/\",\"url\":\"https:\/\/www.ferrycroatia.com\/it\/isola-di-melada\/\",\"name\":\"Isola di Molat Croazia, come arrivare in traghetto\",\"isPartOf\":{\"@id\":\"https:\/\/www.ferrycroatia.com\/it\/#website\"},\"datePublished\":\"2021-02-03T08:45:14+00:00\",\"dateModified\":\"2021-07-26T13:01:34+00:00\",\"description\":\"Isola di Molat Croazia, informazioni utili per visitare l'isola. Scoprite i porti dell'isola e le rotte di traghetti e catamarani da e per Molat.\",\"breadcrumb\":{\"@id\":\"https:\/\/www.ferrycroatia.com\/it\/isola-di-melada\/#breadcrumb\"},\"inLanguage\":\"en-US\",\"potentialAction\":[{\"@type\":\"ReadAction\",\"target\":[\"https:\/\/www.ferrycroatia.com\/it\/isola-di-melada\/\"]}]},{\"@type\":\"BreadcrumbList\",\"@id\":\"https:\/\/www.ferrycroatia.com\/it\/isola-di-melada\/#breadcrumb\",\"itemListElement\":[{\"@type\":\"ListItem\",\"position\":1,\"name\":\"Home\",\"item\":\"https:\/\/www.ferrycroatia.com\/it\/\"},{\"@type\":\"ListItem\",\"position\":2,\"name\":\"Isola di Molat\"}]},{\"@type\":\"WebSite\",\"@id\":\"https:\/\/www.ferrycroatia.com\/it\/#website\",\"url\":\"https:\/\/www.ferrycroatia.com\/it\/\",\"name\":\"Traghetto Croazia\",\"description\":\"Info e orari per tutti i catamarani e traghetti in Croazia\",\"potentialAction\":[{\"@type\":\"SearchAction\",\"target\":{\"@type\":\"EntryPoint\",\"urlTemplate\":\"https:\/\/www.ferrycroatia.com\/it\/?s={search_term_string}\"},\"query-input\":\"required name=search_term_string\"}],\"inLanguage\":\"en-US\"}]}<\/script>\n<!-- \/ Yoast SEO plugin. -->","yoast_head_json":{"title":"Isola di Molat Croazia, come arrivare in traghetto","description":"Isola di Molat Croazia, informazioni utili per visitare l'isola. Scoprite i porti dell'isola e le rotte di traghetti e catamarani da e per Molat.","robots":{"index":"index","follow":"follow","max-snippet":"max-snippet:-1","max-image-preview":"max-image-preview:large","max-video-preview":"max-video-preview:-1"},"canonical":"https:\/\/www.ferrycroatia.com\/it\/isola-di-melada\/","og_locale":"en_US","og_type":"article","og_title":"Isola di Molat Croazia, come arrivare in traghetto","og_description":"Isola di Molat Croazia, informazioni utili per visitare l'isola. Scoprite i porti dell'isola e le rotte di traghetti e catamarani da e per Molat.","og_url":"https:\/\/www.ferrycroatia.com\/it\/isola-di-melada\/","og_site_name":"Traghetto Croazia","article_modified_time":"2021-07-26T13:01:34+00:00","twitter_card":"summary_large_image","twitter_misc":{"Est. reading time":"2 minutes"},"schema":{"@context":"https:\/\/schema.org","@graph":[{"@type":"WebPage","@id":"https:\/\/www.ferrycroatia.com\/it\/isola-di-melada\/","url":"https:\/\/www.ferrycroatia.com\/it\/isola-di-melada\/","name":"Isola di Molat Croazia, come arrivare in traghetto","isPartOf":{"@id":"https:\/\/www.ferrycroatia.com\/it\/#website"},"datePublished":"2021-02-03T08:45:14+00:00","dateModified":"2021-07-26T13:01:34+00:00","description":"Isola di Molat Croazia, informazioni utili per visitare l'isola. Scoprite i porti dell'isola e le rotte di traghetti e catamarani da e per Molat.","breadcrumb":{"@id":"https:\/\/www.ferrycroatia.com\/it\/isola-di-melada\/#breadcrumb"},"inLanguage":"en-US","potentialAction":[{"@type":"ReadAction","target":["https:\/\/www.ferrycroatia.com\/it\/isola-di-melada\/"]}]},{"@type":"BreadcrumbList","@id":"https:\/\/www.ferrycroatia.com\/it\/isola-di-melada\/#breadcrumb","itemListElement":[{"@type":"ListItem","position":1,"name":"Home","item":"https:\/\/www.ferrycroatia.com\/it\/"},{"@type":"ListItem","position":2,"name":"Isola di Molat"}]},{"@type":"WebSite","@id":"https:\/\/www.ferrycroatia.com\/it\/#website","url":"https:\/\/www.ferrycroatia.com\/it\/","name":"Traghetto Croazia","description":"Info e orari per tutti i catamarani e traghetti in Croazia","potentialAction":[{"@type":"SearchAction","target":{"@type":"EntryPoint","urlTemplate":"https:\/\/www.ferrycroatia.com\/it\/?s={search_term_string}"},"query-input":"required name=search_term_string"}],"inLanguage":"en-US"}]}},"_links":{"self":[{"href":"https:\/\/www.ferrycroatia.com\/it\/wp-json\/wp\/v2\/pages\/1239"}],"collection":[{"href":"https:\/\/www.ferrycroatia.com\/it\/wp-json\/wp\/v2\/pages"}],"about":[{"href":"https:\/\/www.ferrycroatia.com\/it\/wp-json\/wp\/v2\/types\/page"}],"author":[{"embeddable":true,"href":"https:\/\/www.ferrycroatia.com\/it\/wp-json\/wp\/v2\/users\/5"}],"replies":[{"embeddable":true,"href":"https:\/\/www.ferrycroatia.com\/it\/wp-json\/wp\/v2\/comments?post=1239"}],"version-history":[{"count":9,"href":"https:\/\/www.ferrycroatia.com\/it\/wp-json\/wp\/v2\/pages\/1239\/revisions"}],"predecessor-version":[{"id":3065,"href":"https:\/\/www.ferrycroatia.com\/it\/wp-json\/wp\/v2\/pages\/1239\/revisions\/3065"}],"wp:attachment":[{"href":"https:\/\/www.ferrycroatia.com\/it\/wp-json\/wp\/v2\/media?parent=1239"}],"curies":[{"name":"wp","href":"https:\/\/api.w.org\/{rel}","templated":true}]}}