{"id":1283,"date":"2021-02-03T12:30:11","date_gmt":"2021-02-03T12:30:11","guid":{"rendered":"https:\/\/ferrycroatia.com\/it\/?page_id=1283"},"modified":"2021-07-26T15:13:28","modified_gmt":"2021-07-26T13:13:28","slug":"isola-di-provicchio","status":"publish","type":"page","link":"https:\/\/www.ferrycroatia.com\/it\/isola-di-provicchio\/","title":{"rendered":"Isola di Prvic"},"content":{"rendered":"\n<p><strong>A breve distanza da Vodice<\/strong> in Croazia si trova l&#8217;isola Prvic (&#8220;Prvic&#8221; significa la prima, in riferimento all&#8217;isola che \u00e8 la prima della costa da Vodice \ud83d\ude42). L&#8217;isola, <strong>grande meno di 3 km2<\/strong>, \u00e8 un ottimo posto per una vacanza tranquilla. Sull&#8217;<strong>isola di Prvic<\/strong> c&#8217;\u00e8 una popolazione di circa 400 persone durante tutto l&#8217;anno, ma durante l&#8217;estate questo numero si aumenta. L&#8217;isola ha<strong> due insediamenti<\/strong>, tra i quali il pi\u00f9 grande \u00e8 <strong>Sepurine<\/strong>, che si trova sul lato ovest dell&#8217;isola. L&#8217;altro villaggio si chiama <strong>Prvic Luka<\/strong> e si trova all&#8217;estremit\u00e0 sud dell&#8217;isola. C&#8217;\u00e8 una strada che collega gli insediamenti, ma \u00e8 anche possibile camminare dall\u2019uno all\u2019altro perch\u00e9 c&#8217;\u00e8 solo la distanza di 1.5 chilometri tra i paesi.<\/p>\n\n\n\n<h2><b>Visitare l&#8217;isola di Prvic<\/b><\/h2>\n\n\n\n<p>Se sta cercando di trascorrere le Sue vacanze su un&#8217;isola <strong>godendo di grandi feste<\/strong>, dovrebbe probabilmente dare un&#8217;occhiata all&#8217;<a href=\"https:\/\/www.ferrycroatia.com\/it\/isola-di-lesina\/\">isola di Hvar<\/a> (Lesina) o all&#8217;<a href=\"https:\/\/www.ferrycroatia.com\/it\/isola-di-brazza\/\">isola di Brac<\/a> (Brazza)&nbsp; poich\u00e9 l&#8217;isola di Prvic ha molto poco da offrire se si parla della vita notturna. Tuttavia, se <strong>sta cercando un posto tranquillo dove trascorrere la Sua vacanza<\/strong>, godr\u00e0 l&#8217;isola di Prvic.<\/p>\n\n\n\n<p>L&#8217;isola non ha molti siti da offrire, ma ci sono alcune chiese storiche e un <strong>centro commemorativo per Faust Vrancic<\/strong>, un vescovo e inventore la cui famiglia era proprietaria dell&#8217;isola.<\/p>\n\n\n\n<p>Le spiagge si possono trovare in molti luoghi dell&#8217;isola; la maggior parte sono spiagge di ciottoli.<\/p>\n\n\n\n<p>Le opzioni per lo shopping sono disponibili sia a Sepurine che a Prvic Luka. Entrambi gli insediamenti hanno anche <strong>diversi bar e ristoranti<\/strong>, quindi non \u00e8 necessario cucinare nell&#8217;appartamento. \ud83d\ude42<\/p>\n\n\n\n<h2><b>Arrivare all&#8217;isola di Prvic<\/b><\/h2>\n\n\n\n<p>Come gi\u00e0 menzionato, pu\u00f2 davvero nuotare fino all&#8217;isola di Prvic, ma se<strong> sta visitando per una vacanza<\/strong>, probabilmente sta cercando un modo pi\u00f9 convenzionale per raggiungere l&#8217;isola.<\/p>\n\n\n\n<p>La<strong> rotta del traghetto Jadrolinija Nr 505<\/strong> \u00e8 quella offerta sulla linea Vodice &#8211; Prvic. La rotta di navigazione completa \u00e8 <strong>Vodice &#8211; Prvic &#8211; Zlarin<\/strong> e <strong>Sibenik<\/strong>; dunque, pu\u00f2 anche arrivare all&#8217;isola di Prvic direttamente da Sibenik.<\/p>\n\n\n\n<p>La rotta del traghetto \u00e8 <strong>operata con una nave passeggeri<\/strong>, che significa che <strong>non pu\u00f2 trasferire la Sua macchina<\/strong> sull&#8217;isola in questo modo. A luglio e agosto ci sono fino a quattro partenze giornaliere tra Vodice e Prvic e <strong>fino a cinque partenze tra Prvic e Sibenik<\/strong>. A giugno e settembre, cos\u00ec come il resto dell&#8217;anno, ci sono fino a tre partenze giornaliere tra Prvic e Vodice e fino a cinque partenze giornaliere tra Sibenik e Prvic. <strong>La maggior parte dei traghetti si ferma nei porti di Prvic Luka e Sepurine<\/strong>, ma alcuni viaggiano solo da e per il porto di Sepurine. Partenze da e per Sepurine si possono vedere qui:<\/p>\n\n\n\n<figure class=\"wp-block-table\"><table><tbody><tr><td> <a href=\"https:\/\/www.ferrycroatia.com\/it\/vodizze-sepurine\/\" title=\"Vodizze \u2013 Sepurine\">Vodice &#8211; Sepurine <\/a><\/td><td><a href=\"https:\/\/www.ferrycroatia.com\/it\/sebenico-sepurine\/\" title=\"Sebenico \u2013 Sepurine\"> Sibenik &#8211; Sepurine&nbsp;  <\/a><\/td><td class=\"has-text-align-center\" data-align=\"center\"><a href=\"https:\/\/www.ferrycroatia.com\/it\/slarino-sepurine\/\" title=\"Slarino \u2013 Sepurine\"> Zlarin &#8211; Sepurine <\/a><\/td><\/tr><tr><td><a href=\"https:\/\/www.ferrycroatia.com\/it\/sepurine-vodizze\/\" title=\"Sepurine \u2013 Vodizze\"> Sepurine &#8211; Vodice <\/a><\/td><td><a href=\"https:\/\/www.ferrycroatia.com\/it\/sepurine-sebenico\/\" title=\"Sepurine \u2013 Sebenico\">Sepurine &#8211; Sibenik <\/a><\/td><td class=\"has-text-align-center\" data-align=\"center\"><a href=\"https:\/\/www.ferrycroatia.com\/it\/sepurine-slarino\/\" title=\"Sepurine \u2013 Slarino\"> Sepurine &#8211; Zlarin <\/a><\/td><\/tr><\/tbody><\/table><\/figure>\n\n\n\n<p>E qui c&#8217;\u00e8 la lista delle partenze da e per Prvic Luka:<\/p>\n\n\n\n<figure class=\"wp-block-table\"><table><tbody><tr><td> <a href=\"https:\/\/www.ferrycroatia.com\/it\/vodizze-provicchio\/\" title=\"Vodizze \u2013 Provicchio\">Vodice &#8211; Prvic Luka<\/a>&nbsp;  <\/td><td><a href=\"https:\/\/www.ferrycroatia.com\/it\/sebenico-provicchio\/\" title=\"Sebenico \u2013 Provicchio\"> Sibenik &#8211; Prvic Luka&nbsp;  <\/a><\/td><td class=\"has-text-align-center\" data-align=\"center\"><a href=\"https:\/\/www.ferrycroatia.com\/it\/slarino-provicchio\/\" title=\"Slarino \u2013 Provicchio\"> Zlarin &#8211; Prvic Luka <\/a><\/td><\/tr><tr><td><a href=\"https:\/\/www.ferrycroatia.com\/it\/provicchio-vodizze\/\" title=\"Provicchio \u2013 Vodizze\"> Prvic Luka &#8211; Vodice <\/a><\/td><td><a href=\"https:\/\/www.ferrycroatia.com\/it\/provicchio-sebenico\/\" title=\"Provicchio \u2013 Sebenico\"> Prvic Luka &#8211; Sibenik <\/a><\/td><td class=\"has-text-align-center\" data-align=\"center\"><a href=\"https:\/\/www.ferrycroatia.com\/it\/provicchio-slarino\/\" title=\"Provicchio \u2013 Slarino\"> Prvic &#8211; Zlarin <\/a><\/td><\/tr><\/tbody><\/table><\/figure>\n\n\n\n<p><\/p>\n","protected":false},"excerpt":{"rendered":"<p>A breve distanza da Vodice in Croazia si trova l&#8217;isola Prvic (&#8220;Prvic&#8221; significa la prima, in riferimento all&#8217;isola che \u00e8 la prima della costa da Vodice \ud83d\ude42). L&#8217;isola, grande meno di 3 km2, \u00e8 un ottimo posto per una vacanza tranquilla. Sull&#8217;isola di Prvic c&#8217;\u00e8 una popolazione di circa 400 persone durante tutto l&#8217;anno, ma [&hellip;]<\/p>\n<p><a class=\"more-link\" href=\"https:\/\/www.ferrycroatia.com\/it\/isola-di-provicchio\/\"> Continue reading&#8230;<\/a><\/p>\n","protected":false},"author":5,"featured_media":0,"parent":0,"menu_order":0,"comment_status":"closed","ping_status":"closed","template":"","meta":[],"yoast_head":"<!-- This site is optimized with the Yoast SEO plugin v19.8 - https:\/\/yoast.com\/wordpress\/plugins\/seo\/ -->\n<title>Isola di Prvic Croazia, come arrivare in traghetto<\/title>\n<meta name=\"description\" content=\"Isola di Prvic Croazia, informazioni utili per visitare l&#039;isola. Scoprite i porti dell&#039;isola e le rotte di traghetti e catamarani da e per Prvic.\" \/>\n<meta name=\"robots\" content=\"index, follow, max-snippet:-1, max-image-preview:large, max-video-preview:-1\" \/>\n<link rel=\"canonical\" href=\"https:\/\/www.ferrycroatia.com\/it\/isola-di-provicchio\/\" \/>\n<meta property=\"og:locale\" content=\"en_US\" \/>\n<meta property=\"og:type\" content=\"article\" \/>\n<meta property=\"og:title\" content=\"Isola di Prvic Croazia, come arrivare in traghetto\" \/>\n<meta property=\"og:description\" content=\"Isola di Prvic Croazia, informazioni utili per visitare l&#039;isola. Scoprite i porti dell&#039;isola e le rotte di traghetti e catamarani da e per Prvic.\" \/>\n<meta property=\"og:url\" content=\"https:\/\/www.ferrycroatia.com\/it\/isola-di-provicchio\/\" \/>\n<meta property=\"og:site_name\" content=\"Traghetto Croazia\" \/>\n<meta property=\"article:modified_time\" content=\"2021-07-26T13:13:28+00:00\" \/>\n<meta name=\"twitter:card\" content=\"summary_large_image\" \/>\n<meta name=\"twitter:label1\" content=\"Est. reading time\" \/>\n\t<meta name=\"twitter:data1\" content=\"3 minutes\" \/>\n<script type=\"application\/ld+json\" class=\"yoast-schema-graph\">{\"@context\":\"https:\/\/schema.org\",\"@graph\":[{\"@type\":\"WebPage\",\"@id\":\"https:\/\/www.ferrycroatia.com\/it\/isola-di-provicchio\/\",\"url\":\"https:\/\/www.ferrycroatia.com\/it\/isola-di-provicchio\/\",\"name\":\"Isola di Prvic Croazia, come arrivare in traghetto\",\"isPartOf\":{\"@id\":\"https:\/\/www.ferrycroatia.com\/it\/#website\"},\"datePublished\":\"2021-02-03T12:30:11+00:00\",\"dateModified\":\"2021-07-26T13:13:28+00:00\",\"description\":\"Isola di Prvic Croazia, informazioni utili per visitare l'isola. Scoprite i porti dell'isola e le rotte di traghetti e catamarani da e per Prvic.\",\"breadcrumb\":{\"@id\":\"https:\/\/www.ferrycroatia.com\/it\/isola-di-provicchio\/#breadcrumb\"},\"inLanguage\":\"en-US\",\"potentialAction\":[{\"@type\":\"ReadAction\",\"target\":[\"https:\/\/www.ferrycroatia.com\/it\/isola-di-provicchio\/\"]}]},{\"@type\":\"BreadcrumbList\",\"@id\":\"https:\/\/www.ferrycroatia.com\/it\/isola-di-provicchio\/#breadcrumb\",\"itemListElement\":[{\"@type\":\"ListItem\",\"position\":1,\"name\":\"Home\",\"item\":\"https:\/\/www.ferrycroatia.com\/it\/\"},{\"@type\":\"ListItem\",\"position\":2,\"name\":\"Isola di Prvic\"}]},{\"@type\":\"WebSite\",\"@id\":\"https:\/\/www.ferrycroatia.com\/it\/#website\",\"url\":\"https:\/\/www.ferrycroatia.com\/it\/\",\"name\":\"Traghetto Croazia\",\"description\":\"Info e orari per tutti i catamarani e traghetti in Croazia\",\"potentialAction\":[{\"@type\":\"SearchAction\",\"target\":{\"@type\":\"EntryPoint\",\"urlTemplate\":\"https:\/\/www.ferrycroatia.com\/it\/?s={search_term_string}\"},\"query-input\":\"required name=search_term_string\"}],\"inLanguage\":\"en-US\"}]}<\/script>\n<!-- \/ Yoast SEO plugin. -->","yoast_head_json":{"title":"Isola di Prvic Croazia, come arrivare in traghetto","description":"Isola di Prvic Croazia, informazioni utili per visitare l'isola. Scoprite i porti dell'isola e le rotte di traghetti e catamarani da e per Prvic.","robots":{"index":"index","follow":"follow","max-snippet":"max-snippet:-1","max-image-preview":"max-image-preview:large","max-video-preview":"max-video-preview:-1"},"canonical":"https:\/\/www.ferrycroatia.com\/it\/isola-di-provicchio\/","og_locale":"en_US","og_type":"article","og_title":"Isola di Prvic Croazia, come arrivare in traghetto","og_description":"Isola di Prvic Croazia, informazioni utili per visitare l'isola. Scoprite i porti dell'isola e le rotte di traghetti e catamarani da e per Prvic.","og_url":"https:\/\/www.ferrycroatia.com\/it\/isola-di-provicchio\/","og_site_name":"Traghetto Croazia","article_modified_time":"2021-07-26T13:13:28+00:00","twitter_card":"summary_large_image","twitter_misc":{"Est. reading time":"3 minutes"},"schema":{"@context":"https:\/\/schema.org","@graph":[{"@type":"WebPage","@id":"https:\/\/www.ferrycroatia.com\/it\/isola-di-provicchio\/","url":"https:\/\/www.ferrycroatia.com\/it\/isola-di-provicchio\/","name":"Isola di Prvic Croazia, come arrivare in traghetto","isPartOf":{"@id":"https:\/\/www.ferrycroatia.com\/it\/#website"},"datePublished":"2021-02-03T12:30:11+00:00","dateModified":"2021-07-26T13:13:28+00:00","description":"Isola di Prvic Croazia, informazioni utili per visitare l'isola. Scoprite i porti dell'isola e le rotte di traghetti e catamarani da e per Prvic.","breadcrumb":{"@id":"https:\/\/www.ferrycroatia.com\/it\/isola-di-provicchio\/#breadcrumb"},"inLanguage":"en-US","potentialAction":[{"@type":"ReadAction","target":["https:\/\/www.ferrycroatia.com\/it\/isola-di-provicchio\/"]}]},{"@type":"BreadcrumbList","@id":"https:\/\/www.ferrycroatia.com\/it\/isola-di-provicchio\/#breadcrumb","itemListElement":[{"@type":"ListItem","position":1,"name":"Home","item":"https:\/\/www.ferrycroatia.com\/it\/"},{"@type":"ListItem","position":2,"name":"Isola di Prvic"}]},{"@type":"WebSite","@id":"https:\/\/www.ferrycroatia.com\/it\/#website","url":"https:\/\/www.ferrycroatia.com\/it\/","name":"Traghetto Croazia","description":"Info e orari per tutti i catamarani e traghetti in Croazia","potentialAction":[{"@type":"SearchAction","target":{"@type":"EntryPoint","urlTemplate":"https:\/\/www.ferrycroatia.com\/it\/?s={search_term_string}"},"query-input":"required name=search_term_string"}],"inLanguage":"en-US"}]}},"_links":{"self":[{"href":"https:\/\/www.ferrycroatia.com\/it\/wp-json\/wp\/v2\/pages\/1283"}],"collection":[{"href":"https:\/\/www.ferrycroatia.com\/it\/wp-json\/wp\/v2\/pages"}],"about":[{"href":"https:\/\/www.ferrycroatia.com\/it\/wp-json\/wp\/v2\/types\/page"}],"author":[{"embeddable":true,"href":"https:\/\/www.ferrycroatia.com\/it\/wp-json\/wp\/v2\/users\/5"}],"replies":[{"embeddable":true,"href":"https:\/\/www.ferrycroatia.com\/it\/wp-json\/wp\/v2\/comments?post=1283"}],"version-history":[{"count":5,"href":"https:\/\/www.ferrycroatia.com\/it\/wp-json\/wp\/v2\/pages\/1283\/revisions"}],"predecessor-version":[{"id":3069,"href":"https:\/\/www.ferrycroatia.com\/it\/wp-json\/wp\/v2\/pages\/1283\/revisions\/3069"}],"wp:attachment":[{"href":"https:\/\/www.ferrycroatia.com\/it\/wp-json\/wp\/v2\/media?parent=1283"}],"curies":[{"name":"wp","href":"https:\/\/api.w.org\/{rel}","templated":true}]}}