{"id":1304,"date":"2021-02-03T13:17:44","date_gmt":"2021-02-03T13:17:44","guid":{"rendered":"https:\/\/ferrycroatia.com\/it\/?page_id=1304"},"modified":"2021-07-26T15:14:17","modified_gmt":"2021-07-26T13:14:17","slug":"isola-di-rava","status":"publish","type":"page","link":"https:\/\/www.ferrycroatia.com\/it\/isola-di-rava\/","title":{"rendered":"Isola di Rava"},"content":{"rendered":"\n<p>L&#8217;isola di Rava \u00e8<strong> una piccola isola dell&#8217;arcipelago di Zara<\/strong>, si trova tra l&#8217;<a href=\"https:\/\/www.ferrycroatia.com\/it\/isola-lunga\/\">Isola Lunga<\/a> (Dugi Otok) e l&#8217;<a href=\"https:\/\/www.ferrycroatia.com\/it\/isola-di-eso\/\">isola di Eso<\/a> (I\u017e). L&#8217;isola \u00e8 grande solo circa 4 km2, \u00e8 lunga circa 5 km e la sua larghezza \u00e8 compresa tra 50 metri e 1,2 km. La popolazione dell&#8217;isola \u00e8 inferiore a 200, quindi se sta <strong>cercando un posto tranquillo per le Sue vacanze<\/strong>, l&#8217;isola di Rava \u00e8 effettivamente un&#8217;opzione.<\/p>\n\n\n\n<p>Ci sono due insediamenti sull&#8217;isola, <strong>Rava e Mala Rava<\/strong>. <a href=\"https:\/\/www.ferrycroatia.com\/it\/porto-di-rava\/\">Rava<\/a> si trova nel centro dell&#8217;isola e <a href=\"https:\/\/www.ferrycroatia.com\/it\/porto-di-rava-piccola\/\">Mala Rava<\/a> all&#8217;estremit\u00e0 nord dell\u2019isola, entrambi gli insediamenti sono citt\u00e0 portuali.<\/p>\n\n\n\n<h2><b>Arrivare all&#8217;isola di Rava<\/b><\/h2>\n\n\n\n<p>L&#8217;isola di Rava \u00e8 collegata alla terraferma tramite un<strong> traghetto veloce \/ catamarano con frequenza giornaliera<\/strong>, una motonave e un traghetto che opera 1-3 giorni alla settimana a seconda del periodo dell&#8217;anno.<\/p>\n\n\n\n<p>Il catamarano giornaliero percorre la seguente rotta:<\/p>\n\n\n\n<p><strong>Zadar &#8211; Mali I\u017e &#8211; Veli I\u017e &#8211; Mala Rava &#8211; Rava<\/strong> (Linea numero 9405)<\/p>\n\n\n\n<p>Il traghetto opera <strong>3 volte a settimana a luglio<\/strong> <strong>e agosto<\/strong>, 2 volte a settimana a giugno e settembre e una volta a settimana il resto dell&#8217;anno. Il traghetto percorre la seguente rotta di navigazione:<\/p>\n\n\n\n<p><strong>Zara (Ga\u017eenica) &#8211; Brsanj (I\u017e) &#8211; Rava &#8211; Mala Rava<\/strong> (Linea numero 435)<\/p>\n\n\n\n<p>La motonave (Linea numero 405) percorre la stessa rotta del catamarano, ma \u00e8 un po&#8217; pi\u00f9 lenta (circa 2 ore; e il catamarano 1 ora e 30 minuti da Zara).<\/p>\n\n\n\n<p>Pu\u00f2 vedere gli<strong> orari di catamarano, motonave e traghetto<\/strong> qui:<\/p>\n\n\n\n<figure class=\"wp-block-table\"><table><tbody><tr><td><a href=\"https:\/\/www.ferrycroatia.com\/it\/zara-rava\/\">Zara &#8211; Rava<\/a><\/td><td><a href=\"https:\/\/www.ferrycroatia.com\/it\/zara-rava-piccola\/\">Zara &#8211; Mala Rava<\/a><\/td><td><a href=\"https:\/\/www.ferrycroatia.com\/it\/veli-iz-rava\/\">Veli Iz &#8211; Rava<\/a><\/td><td><a href=\"https:\/\/www.ferrycroatia.com\/it\/brsanj-rava\/\">Brsanj &#8211; Rava<\/a><\/td><\/tr><tr><td><a href=\"https:\/\/www.ferrycroatia.com\/it\/rava-zara\/\">Rava &#8211; Zara<\/a><\/td><td><a href=\"https:\/\/www.ferrycroatia.com\/it\/rava-piccola-zara\/\">Mala Rava &#8211; Zara<\/a><\/td><td><a href=\"https:\/\/www.ferrycroatia.com\/it\/rava-veli-iz\/\">Rava &#8211; Veli Iz<\/a><\/td><td><a href=\"https:\/\/www.ferrycroatia.com\/it\/rava-brsanj\/\">Rava &#8211; Brsanj<\/a><\/td><\/tr><\/tbody><\/table><\/figure>\n\n\n\n<h2><b>Prezzo del traghetto Zara &#8211; Rava \/ Mala Rava<\/b><\/h2>\n\n\n\n<p>Poich\u00e9 i traghetti che salpano per l&#8217;isola sono sovvenzionati dallo stato, \u00e8 <strong>incredibilmente economico arrivarci<\/strong>. Un biglietto di sola andata per adulti con il catamarano<strong> da Zara a Rava o Mala Rava costa 40 Kuna<\/strong> nella stagione principale, 30 Kuna nella bassa stagione e 20 Kuna nella stagione invernale.<\/p>\n\n\n\n<p>Un <strong>biglietto di sola andata per adulti con il traghetto<\/strong> costa 28 Kuna nella stagione principale e 23 Kuna nella stagione invernale, il prezzo per portare un&#8217;auto parte da 130 Kuna per sola andata.<\/p>\n","protected":false},"excerpt":{"rendered":"<p>L&#8217;isola di Rava \u00e8 una piccola isola dell&#8217;arcipelago di Zara, si trova tra l&#8217;Isola Lunga (Dugi Otok) e l&#8217;isola di Eso (I\u017e). L&#8217;isola \u00e8 grande solo circa 4 km2, \u00e8 lunga circa 5 km e la sua larghezza \u00e8 compresa tra 50 metri e 1,2 km. La popolazione dell&#8217;isola \u00e8 inferiore a 200, quindi se [&hellip;]<\/p>\n<p><a class=\"more-link\" href=\"https:\/\/www.ferrycroatia.com\/it\/isola-di-rava\/\"> Continue reading&#8230;<\/a><\/p>\n","protected":false},"author":5,"featured_media":0,"parent":0,"menu_order":0,"comment_status":"closed","ping_status":"closed","template":"","meta":[],"yoast_head":"<!-- This site is optimized with the Yoast SEO plugin v19.8 - https:\/\/yoast.com\/wordpress\/plugins\/seo\/ -->\n<title>Isola di Rava Croazia, come arrivare in traghetto<\/title>\n<meta name=\"description\" content=\"Isola di Rava Croazia, informazioni utili per visitare l&#039;isola. Scoprite i porti dell&#039;isola e le rotte di traghetti e catamarani da e per Rava.\" \/>\n<meta name=\"robots\" content=\"index, follow, max-snippet:-1, max-image-preview:large, max-video-preview:-1\" \/>\n<link rel=\"canonical\" href=\"https:\/\/www.ferrycroatia.com\/it\/isola-di-rava\/\" \/>\n<meta property=\"og:locale\" content=\"en_US\" \/>\n<meta property=\"og:type\" content=\"article\" \/>\n<meta property=\"og:title\" content=\"Isola di Rava Croazia, come arrivare in traghetto\" \/>\n<meta property=\"og:description\" content=\"Isola di Rava Croazia, informazioni utili per visitare l&#039;isola. Scoprite i porti dell&#039;isola e le rotte di traghetti e catamarani da e per Rava.\" \/>\n<meta property=\"og:url\" content=\"https:\/\/www.ferrycroatia.com\/it\/isola-di-rava\/\" \/>\n<meta property=\"og:site_name\" content=\"Traghetto Croazia\" \/>\n<meta property=\"article:modified_time\" content=\"2021-07-26T13:14:17+00:00\" \/>\n<meta name=\"twitter:card\" content=\"summary_large_image\" \/>\n<meta name=\"twitter:label1\" content=\"Est. reading time\" \/>\n\t<meta name=\"twitter:data1\" content=\"2 minutes\" \/>\n<script type=\"application\/ld+json\" class=\"yoast-schema-graph\">{\"@context\":\"https:\/\/schema.org\",\"@graph\":[{\"@type\":\"WebPage\",\"@id\":\"https:\/\/www.ferrycroatia.com\/it\/isola-di-rava\/\",\"url\":\"https:\/\/www.ferrycroatia.com\/it\/isola-di-rava\/\",\"name\":\"Isola di Rava Croazia, come arrivare in traghetto\",\"isPartOf\":{\"@id\":\"https:\/\/www.ferrycroatia.com\/it\/#website\"},\"datePublished\":\"2021-02-03T13:17:44+00:00\",\"dateModified\":\"2021-07-26T13:14:17+00:00\",\"description\":\"Isola di Rava Croazia, informazioni utili per visitare l'isola. Scoprite i porti dell'isola e le rotte di traghetti e catamarani da e per Rava.\",\"breadcrumb\":{\"@id\":\"https:\/\/www.ferrycroatia.com\/it\/isola-di-rava\/#breadcrumb\"},\"inLanguage\":\"en-US\",\"potentialAction\":[{\"@type\":\"ReadAction\",\"target\":[\"https:\/\/www.ferrycroatia.com\/it\/isola-di-rava\/\"]}]},{\"@type\":\"BreadcrumbList\",\"@id\":\"https:\/\/www.ferrycroatia.com\/it\/isola-di-rava\/#breadcrumb\",\"itemListElement\":[{\"@type\":\"ListItem\",\"position\":1,\"name\":\"Home\",\"item\":\"https:\/\/www.ferrycroatia.com\/it\/\"},{\"@type\":\"ListItem\",\"position\":2,\"name\":\"Isola di Rava\"}]},{\"@type\":\"WebSite\",\"@id\":\"https:\/\/www.ferrycroatia.com\/it\/#website\",\"url\":\"https:\/\/www.ferrycroatia.com\/it\/\",\"name\":\"Traghetto Croazia\",\"description\":\"Info e orari per tutti i catamarani e traghetti in Croazia\",\"potentialAction\":[{\"@type\":\"SearchAction\",\"target\":{\"@type\":\"EntryPoint\",\"urlTemplate\":\"https:\/\/www.ferrycroatia.com\/it\/?s={search_term_string}\"},\"query-input\":\"required name=search_term_string\"}],\"inLanguage\":\"en-US\"}]}<\/script>\n<!-- \/ Yoast SEO plugin. -->","yoast_head_json":{"title":"Isola di Rava Croazia, come arrivare in traghetto","description":"Isola di Rava Croazia, informazioni utili per visitare l'isola. Scoprite i porti dell'isola e le rotte di traghetti e catamarani da e per Rava.","robots":{"index":"index","follow":"follow","max-snippet":"max-snippet:-1","max-image-preview":"max-image-preview:large","max-video-preview":"max-video-preview:-1"},"canonical":"https:\/\/www.ferrycroatia.com\/it\/isola-di-rava\/","og_locale":"en_US","og_type":"article","og_title":"Isola di Rava Croazia, come arrivare in traghetto","og_description":"Isola di Rava Croazia, informazioni utili per visitare l'isola. Scoprite i porti dell'isola e le rotte di traghetti e catamarani da e per Rava.","og_url":"https:\/\/www.ferrycroatia.com\/it\/isola-di-rava\/","og_site_name":"Traghetto Croazia","article_modified_time":"2021-07-26T13:14:17+00:00","twitter_card":"summary_large_image","twitter_misc":{"Est. reading time":"2 minutes"},"schema":{"@context":"https:\/\/schema.org","@graph":[{"@type":"WebPage","@id":"https:\/\/www.ferrycroatia.com\/it\/isola-di-rava\/","url":"https:\/\/www.ferrycroatia.com\/it\/isola-di-rava\/","name":"Isola di Rava Croazia, come arrivare in traghetto","isPartOf":{"@id":"https:\/\/www.ferrycroatia.com\/it\/#website"},"datePublished":"2021-02-03T13:17:44+00:00","dateModified":"2021-07-26T13:14:17+00:00","description":"Isola di Rava Croazia, informazioni utili per visitare l'isola. Scoprite i porti dell'isola e le rotte di traghetti e catamarani da e per Rava.","breadcrumb":{"@id":"https:\/\/www.ferrycroatia.com\/it\/isola-di-rava\/#breadcrumb"},"inLanguage":"en-US","potentialAction":[{"@type":"ReadAction","target":["https:\/\/www.ferrycroatia.com\/it\/isola-di-rava\/"]}]},{"@type":"BreadcrumbList","@id":"https:\/\/www.ferrycroatia.com\/it\/isola-di-rava\/#breadcrumb","itemListElement":[{"@type":"ListItem","position":1,"name":"Home","item":"https:\/\/www.ferrycroatia.com\/it\/"},{"@type":"ListItem","position":2,"name":"Isola di Rava"}]},{"@type":"WebSite","@id":"https:\/\/www.ferrycroatia.com\/it\/#website","url":"https:\/\/www.ferrycroatia.com\/it\/","name":"Traghetto Croazia","description":"Info e orari per tutti i catamarani e traghetti in Croazia","potentialAction":[{"@type":"SearchAction","target":{"@type":"EntryPoint","urlTemplate":"https:\/\/www.ferrycroatia.com\/it\/?s={search_term_string}"},"query-input":"required name=search_term_string"}],"inLanguage":"en-US"}]}},"_links":{"self":[{"href":"https:\/\/www.ferrycroatia.com\/it\/wp-json\/wp\/v2\/pages\/1304"}],"collection":[{"href":"https:\/\/www.ferrycroatia.com\/it\/wp-json\/wp\/v2\/pages"}],"about":[{"href":"https:\/\/www.ferrycroatia.com\/it\/wp-json\/wp\/v2\/types\/page"}],"author":[{"embeddable":true,"href":"https:\/\/www.ferrycroatia.com\/it\/wp-json\/wp\/v2\/users\/5"}],"replies":[{"embeddable":true,"href":"https:\/\/www.ferrycroatia.com\/it\/wp-json\/wp\/v2\/comments?post=1304"}],"version-history":[{"count":3,"href":"https:\/\/www.ferrycroatia.com\/it\/wp-json\/wp\/v2\/pages\/1304\/revisions"}],"predecessor-version":[{"id":3070,"href":"https:\/\/www.ferrycroatia.com\/it\/wp-json\/wp\/v2\/pages\/1304\/revisions\/3070"}],"wp:attachment":[{"href":"https:\/\/www.ferrycroatia.com\/it\/wp-json\/wp\/v2\/media?parent=1304"}],"curies":[{"name":"wp","href":"https:\/\/api.w.org\/{rel}","templated":true}]}}