{"id":1310,"date":"2021-02-03T13:28:23","date_gmt":"2021-02-03T13:28:23","guid":{"rendered":"https:\/\/ferrycroatia.com\/it\/?page_id=1310"},"modified":"2021-07-26T15:15:11","modified_gmt":"2021-07-26T13:15:11","slug":"isola-di-rivani","status":"publish","type":"page","link":"https:\/\/www.ferrycroatia.com\/it\/isola-di-rivani\/","title":{"rendered":"Isola di Rivanj"},"content":{"rendered":"\n<p>Isola di Rivani \u00e8 <strong>una piccola isola situata tra l&#8217;isola di Ugliano (Ugljan) e l&#8217;isola di Sestrugno (Sestrunj)<\/strong>, che fa parte dell\u2019arcipelago zaratino. L&#8217;isola che ha <strong>una popolazione meno di 50 abitanti<\/strong> \u00e8 per lo pi\u00f9 visitata da barche a vela, ma poich\u00e9 ci sono <strong>alcune unit\u00e0 di alloggio<\/strong> sull&#8217;isola i viaggiatori hanno anche la possibilit\u00e0 di godersi una vacanza molto tranquilla.<\/p>\n\n\n\n<p>L&#8217;unico insediamento dell&#8217;isola \u00e8 Rivani che si trova sul lato occidentale dell&#8217;isola, il<strong><a href=\"https:\/\/www.ferrycroatia.com\/it\/porto-di-rivani\/\"> porto di Rivani<\/a> \u00e8 il &#8220;centro&#8221; dell&#8217;isola<\/strong>. <span class=\"VIiyi\" lang=\"it\"><span class=\"JLqJ4b ChMk0b\" data-language-for-alternatives=\"it\" data-language-to-translate-into=\"en\" data-phrase-index=\"0\">L&#8217;isola \u00e8 collegata alla terraferma e alle altre isole con le seguenti rotte di traghetti e catamarani.<\/span><\/span><\/p>\n\n\n\n<p><strong>La tratta 9404<\/strong> del catamarano opera ogni giorno tutto l&#8217;anno (tranne alcuni giorni festivi). La tratta \u00e8 la seguente: Zara &#8211; Rivani &#8211; Sestrugno &#8211; Sferinaz (Zverinac) &#8211; Bozava &#8211; Berbigno (Brbinj).&nbsp; Il tempo di percorrenza tra <strong>Zara e Rivani \u00e8 di 35 minuti<\/strong>. Gli orari dei catamarani si possono vedere qui:<\/p>\n\n\n\n<figure class=\"wp-block-table\"><table><tbody><tr><td><a href=\"https:\/\/www.ferrycroatia.com\/it\/zara-rivani\/\">Zara &#8211; Rivani<\/a><\/td><td><a href=\"https:\/\/www.ferrycroatia.com\/it\/birbigno-rivani\/\">Birbigno &#8211; Rivani<\/a><\/td><td><a href=\"https:\/\/www.ferrycroatia.com\/it\/bozava-rivani\/\">Bozava &#8211; Rivani<\/a><\/td><\/tr><tr><td><a href=\"https:\/\/www.ferrycroatia.com\/it\/rivani-zara\/\">Rivani &#8211; Zara<\/a><\/td><td><a href=\"https:\/\/www.ferrycroatia.com\/it\/rivanj-birbigno\/\">Rivani &#8211; Birbigno<\/a><\/td><td><a href=\"https:\/\/www.ferrycroatia.com\/it\/rivani-bozava\/\">Rivani &#8211; Bozava<\/a><\/td><\/tr><\/tbody><\/table><\/figure>\n\n\n\n<p><strong>La tratta 433<\/strong> del traghetto opera tutto l&#8217;anno, durante la stagione estiva opera fino a Rivani ogni giorno, durante la stagione invernale alcune volte a settimana. La tratta \u00e8 la seguente, Zara &#8211; Rivani &#8211; Sestrugno &#8211; Sferinaz &#8211; Melada. Il tempo di percorrenza in<strong> traghetto da Rivani a Zara<\/strong> \u00e8 di circa un&#8217;ora e 20 minuti. Gli orari dei traghetti per e da Rivani si possono vedere qui:<\/p>\n\n\n\n<figure class=\"wp-block-table\"><table><tbody><tr><td><a href=\"https:\/\/www.ferrycroatia.com\/it\/rivani-melada\/\">Rivani &#8211; Melada<\/a><\/td><td><a href=\"https:\/\/www.ferrycroatia.com\/it\/rivani-sestrugno\/\">Rivani &#8211; Sestrugno<\/a><\/td><td><a href=\"https:\/\/www.ferrycroatia.com\/it\/rivani-sferinaz\/\">Rivani &#8211; Sferinaz<\/a><\/td><\/tr><tr><td><a href=\"https:\/\/www.ferrycroatia.com\/it\/melada-rivani\/\">Melada &#8211; Rivani<\/a><\/td><td><a href=\"https:\/\/www.ferrycroatia.com\/it\/sestrugno-rivani\/\">Sestrugno &#8211; Rivani<\/a><\/td><td><a href=\"https:\/\/www.ferrycroatia.com\/it\/sferinaz-rivani\/\">Sferinaz &#8211; Rivani<\/a><\/td><\/tr><\/tbody><\/table><\/figure>\n","protected":false},"excerpt":{"rendered":"<p>Isola di Rivani \u00e8 una piccola isola situata tra l&#8217;isola di Ugliano (Ugljan) e l&#8217;isola di Sestrugno (Sestrunj), che fa parte dell\u2019arcipelago zaratino. L&#8217;isola che ha una popolazione meno di 50 abitanti \u00e8 per lo pi\u00f9 visitata da barche a vela, ma poich\u00e9 ci sono alcune unit\u00e0 di alloggio sull&#8217;isola i viaggiatori hanno anche la [&hellip;]<\/p>\n<p><a class=\"more-link\" href=\"https:\/\/www.ferrycroatia.com\/it\/isola-di-rivani\/\"> Continue reading&#8230;<\/a><\/p>\n","protected":false},"author":5,"featured_media":0,"parent":0,"menu_order":0,"comment_status":"closed","ping_status":"closed","template":"","meta":[],"yoast_head":"<!-- This site is optimized with the Yoast SEO plugin v19.8 - https:\/\/yoast.com\/wordpress\/plugins\/seo\/ -->\n<title>Isola di Rivanj Croazia, come arrivare in traghetto<\/title>\n<meta name=\"description\" content=\"Isola di Rivanj Croazia, informazioni utili per visitare l&#039;isola. Scoprite i porti dell&#039;isola e le rotte di traghetti e catamarani da e per Rivanj.\" \/>\n<meta name=\"robots\" content=\"index, follow, max-snippet:-1, max-image-preview:large, max-video-preview:-1\" \/>\n<link rel=\"canonical\" href=\"https:\/\/www.ferrycroatia.com\/it\/isola-di-rivani\/\" \/>\n<meta property=\"og:locale\" content=\"en_US\" \/>\n<meta property=\"og:type\" content=\"article\" \/>\n<meta property=\"og:title\" content=\"Isola di Rivanj Croazia, come arrivare in traghetto\" \/>\n<meta property=\"og:description\" content=\"Isola di Rivanj Croazia, informazioni utili per visitare l&#039;isola. Scoprite i porti dell&#039;isola e le rotte di traghetti e catamarani da e per Rivanj.\" \/>\n<meta property=\"og:url\" content=\"https:\/\/www.ferrycroatia.com\/it\/isola-di-rivani\/\" \/>\n<meta property=\"og:site_name\" content=\"Traghetto Croazia\" \/>\n<meta property=\"article:modified_time\" content=\"2021-07-26T13:15:11+00:00\" \/>\n<meta name=\"twitter:card\" content=\"summary_large_image\" \/>\n<meta name=\"twitter:label1\" content=\"Est. reading time\" \/>\n\t<meta name=\"twitter:data1\" content=\"2 minutes\" \/>\n<script type=\"application\/ld+json\" class=\"yoast-schema-graph\">{\"@context\":\"https:\/\/schema.org\",\"@graph\":[{\"@type\":\"WebPage\",\"@id\":\"https:\/\/www.ferrycroatia.com\/it\/isola-di-rivani\/\",\"url\":\"https:\/\/www.ferrycroatia.com\/it\/isola-di-rivani\/\",\"name\":\"Isola di Rivanj Croazia, come arrivare in traghetto\",\"isPartOf\":{\"@id\":\"https:\/\/www.ferrycroatia.com\/it\/#website\"},\"datePublished\":\"2021-02-03T13:28:23+00:00\",\"dateModified\":\"2021-07-26T13:15:11+00:00\",\"description\":\"Isola di Rivanj Croazia, informazioni utili per visitare l'isola. Scoprite i porti dell'isola e le rotte di traghetti e catamarani da e per Rivanj.\",\"breadcrumb\":{\"@id\":\"https:\/\/www.ferrycroatia.com\/it\/isola-di-rivani\/#breadcrumb\"},\"inLanguage\":\"en-US\",\"potentialAction\":[{\"@type\":\"ReadAction\",\"target\":[\"https:\/\/www.ferrycroatia.com\/it\/isola-di-rivani\/\"]}]},{\"@type\":\"BreadcrumbList\",\"@id\":\"https:\/\/www.ferrycroatia.com\/it\/isola-di-rivani\/#breadcrumb\",\"itemListElement\":[{\"@type\":\"ListItem\",\"position\":1,\"name\":\"Home\",\"item\":\"https:\/\/www.ferrycroatia.com\/it\/\"},{\"@type\":\"ListItem\",\"position\":2,\"name\":\"Isola di Rivanj\"}]},{\"@type\":\"WebSite\",\"@id\":\"https:\/\/www.ferrycroatia.com\/it\/#website\",\"url\":\"https:\/\/www.ferrycroatia.com\/it\/\",\"name\":\"Traghetto Croazia\",\"description\":\"Info e orari per tutti i catamarani e traghetti in Croazia\",\"potentialAction\":[{\"@type\":\"SearchAction\",\"target\":{\"@type\":\"EntryPoint\",\"urlTemplate\":\"https:\/\/www.ferrycroatia.com\/it\/?s={search_term_string}\"},\"query-input\":\"required name=search_term_string\"}],\"inLanguage\":\"en-US\"}]}<\/script>\n<!-- \/ Yoast SEO plugin. -->","yoast_head_json":{"title":"Isola di Rivanj Croazia, come arrivare in traghetto","description":"Isola di Rivanj Croazia, informazioni utili per visitare l'isola. Scoprite i porti dell'isola e le rotte di traghetti e catamarani da e per Rivanj.","robots":{"index":"index","follow":"follow","max-snippet":"max-snippet:-1","max-image-preview":"max-image-preview:large","max-video-preview":"max-video-preview:-1"},"canonical":"https:\/\/www.ferrycroatia.com\/it\/isola-di-rivani\/","og_locale":"en_US","og_type":"article","og_title":"Isola di Rivanj Croazia, come arrivare in traghetto","og_description":"Isola di Rivanj Croazia, informazioni utili per visitare l'isola. Scoprite i porti dell'isola e le rotte di traghetti e catamarani da e per Rivanj.","og_url":"https:\/\/www.ferrycroatia.com\/it\/isola-di-rivani\/","og_site_name":"Traghetto Croazia","article_modified_time":"2021-07-26T13:15:11+00:00","twitter_card":"summary_large_image","twitter_misc":{"Est. reading time":"2 minutes"},"schema":{"@context":"https:\/\/schema.org","@graph":[{"@type":"WebPage","@id":"https:\/\/www.ferrycroatia.com\/it\/isola-di-rivani\/","url":"https:\/\/www.ferrycroatia.com\/it\/isola-di-rivani\/","name":"Isola di Rivanj Croazia, come arrivare in traghetto","isPartOf":{"@id":"https:\/\/www.ferrycroatia.com\/it\/#website"},"datePublished":"2021-02-03T13:28:23+00:00","dateModified":"2021-07-26T13:15:11+00:00","description":"Isola di Rivanj Croazia, informazioni utili per visitare l'isola. Scoprite i porti dell'isola e le rotte di traghetti e catamarani da e per Rivanj.","breadcrumb":{"@id":"https:\/\/www.ferrycroatia.com\/it\/isola-di-rivani\/#breadcrumb"},"inLanguage":"en-US","potentialAction":[{"@type":"ReadAction","target":["https:\/\/www.ferrycroatia.com\/it\/isola-di-rivani\/"]}]},{"@type":"BreadcrumbList","@id":"https:\/\/www.ferrycroatia.com\/it\/isola-di-rivani\/#breadcrumb","itemListElement":[{"@type":"ListItem","position":1,"name":"Home","item":"https:\/\/www.ferrycroatia.com\/it\/"},{"@type":"ListItem","position":2,"name":"Isola di Rivanj"}]},{"@type":"WebSite","@id":"https:\/\/www.ferrycroatia.com\/it\/#website","url":"https:\/\/www.ferrycroatia.com\/it\/","name":"Traghetto Croazia","description":"Info e orari per tutti i catamarani e traghetti in Croazia","potentialAction":[{"@type":"SearchAction","target":{"@type":"EntryPoint","urlTemplate":"https:\/\/www.ferrycroatia.com\/it\/?s={search_term_string}"},"query-input":"required name=search_term_string"}],"inLanguage":"en-US"}]}},"_links":{"self":[{"href":"https:\/\/www.ferrycroatia.com\/it\/wp-json\/wp\/v2\/pages\/1310"}],"collection":[{"href":"https:\/\/www.ferrycroatia.com\/it\/wp-json\/wp\/v2\/pages"}],"about":[{"href":"https:\/\/www.ferrycroatia.com\/it\/wp-json\/wp\/v2\/types\/page"}],"author":[{"embeddable":true,"href":"https:\/\/www.ferrycroatia.com\/it\/wp-json\/wp\/v2\/users\/5"}],"replies":[{"embeddable":true,"href":"https:\/\/www.ferrycroatia.com\/it\/wp-json\/wp\/v2\/comments?post=1310"}],"version-history":[{"count":5,"href":"https:\/\/www.ferrycroatia.com\/it\/wp-json\/wp\/v2\/pages\/1310\/revisions"}],"predecessor-version":[{"id":3071,"href":"https:\/\/www.ferrycroatia.com\/it\/wp-json\/wp\/v2\/pages\/1310\/revisions\/3071"}],"wp:attachment":[{"href":"https:\/\/www.ferrycroatia.com\/it\/wp-json\/wp\/v2\/media?parent=1310"}],"curies":[{"name":"wp","href":"https:\/\/api.w.org\/{rel}","templated":true}]}}