{"id":1461,"date":"2021-02-04T08:58:29","date_gmt":"2021-02-04T08:58:29","guid":{"rendered":"https:\/\/ferrycroatia.com\/it\/?page_id=1461"},"modified":"2021-07-26T14:56:03","modified_gmt":"2021-07-26T12:56:03","slug":"isola-di-giuppana","status":"publish","type":"page","link":"https:\/\/www.ferrycroatia.com\/it\/isola-di-giuppana\/","title":{"rendered":"Isola di Sipan"},"content":{"rendered":"\n<p>L&#8217;isola di Sipan (Giuppana) \u00e8 <strong>la pi\u00f9 grande delle 3 isole Elafiti<\/strong> situate a nord di Ragusa. Quest&#8217;isola di circa 16 km2 ha solo <strong>una popolazione di circa 400 persone<\/strong> per un anno intero. Durante l&#8217;estate c&#8217;\u00e8 ovviamente pi\u00f9 gente sull&#8217;isola, ma non \u00e8 affatto affollato, quindi se state cercando un posto tranquillo, l&#8217;isola di Sipan \u00e8 sicuramente qualcosa da considerare.<\/p>\n\n\n\n<p>L&#8217;isola ha <strong>due insediamenti<\/strong> \/ <strong>villaggi<\/strong> Sudurad (in croato Su\u0111ura\u0111) all&#8217;estremit\u00e0 sud dell&#8217;isola verso l&#8217;<a href=\"https:\/\/www.ferrycroatia.com\/it\/isola-di-mezzo\/\">isola di Lopud<\/a> e la pi\u00f9 grande <strong>Porto Giuppana<\/strong> (\u0160ipanska Luka) sul lato ovest dell&#8217;isola. La distanza tra i due insediamenti \u00e8 di circa 5 km. Il collegamento tra i due villaggi avviene in una valle, dove si <strong>coltivano Vino, Ulivi e Agrumi<\/strong>. Il resto dell&#8217;isola ha molte colline ed<strong> il punto pi\u00f9 alto \u00e8 a 247 metri<\/strong> sul livello del mare, quindi ci sono molti posti con una vista fantastica sulla vicina isola di Jakljan, l&#8217;isola di Lopud, l&#8217;<a href=\"https:\/\/www.ferrycroatia.com\/it\/isola-di-meleda\/\">isola di Mljet<\/a> e la terraferma.<\/p>\n\n\n\n<h2>Visitare l&#8217;isola di Sipan &#8211; Buono a sapersi<\/h2>\n\n\n\n<p>Gli <strong>alloggi sull&#8217;isola di Sipan<\/strong> possono essere trovati sia in Sudurad che in Porto Giuppana. se vi piace soggiornare in un hotel potete scegliere tra l&#8217;<strong>hotel Bozica in Sudurad<\/strong> e l&#8217;hotel Sipan a Porto Giuppana. In alternativa avete diversi appartamenti privati e qualche casa per le vacanze tra cui scegliere.<\/p>\n\n\n\n<p>Nonostante l&#8217;isola di Sipan abbia<strong> una lunga storia come isola abitata<\/strong>, non ci sono molti luoghi significativi, ma quello che potreste vedere \u00e8<strong> il Palazzo Sko\u010dibuha<\/strong>. Altre cose che potreste fare durante il vostro soggiorno \u00e8 <strong>fare escursioni a piedi intorno all&#8217;isola<\/strong>, ci sono diversi sentieri segnalati. Inoltre, non dimenticate di visitare<a href=\"https:\/\/www.bowa-dubrovnik.com\/\"> il ristorante Bowa<\/a> che \u00e8 un&#8217;esperienza unica.<\/p>\n\n\n\n<p>In termini di spiagge avete <strong>molte opzioni intorno all&#8217;isola<\/strong>, classificandole dalle pi\u00f9 popolari di Sudurad e Porto Giuppana alle spiagge in luoghi pi\u00f9 remoti e difficili da raggiungere. Chiedete consiglio alla gente del posto una volta l\u00ec.<\/p>\n\n\n\n<p>Lo shopping \u00e8 possibile sia a Porto Giuppana che a Sudurad. In entrambi i villaggi ci sono anche molti bar e ristoranti. <strong>SUGGERIMENTO:<\/strong> Poich\u00e9 la maggior parte delle persone che vivono sull&#8217;isola di Sipan sono pescatori, <strong>mangiare pesce<\/strong> non \u00e8 una cattiva idea.<\/p>\n\n\n\n<p>Potete <strong>visitare l&#8217;isola di Sipan da Ragusa in una gita di un giorno<\/strong>. Potete organizzarlo da solo o partecipare a una delle escursioni offerte da Ragusa. Il modo pi\u00f9 economico \u00e8 organizzarlo da soli.<\/p>\n\n\n\n<h2>Arrivare all&#8217;isola di Sipan<\/h2>\n\n\n\n<p>Sia Sudurad che Porto Giuppana sono villaggi portuali. <strong>Sudurad \u00e8 il porto principale<\/strong>, \u00e8 collegato alla terraferma con le seguenti rotte di traghetti:<\/p>\n\n\n\n<p><strong>Linea 831 del traghetto:<\/strong> Ragusa &#8211; Lopud &#8211; Sudurad<\/p>\n\n\n\n<p><strong>Linea 807 della nave passeggeri:<\/strong> Ragusa &#8211; Kolocep &#8211; Lopud &#8211; Sipan<\/p>\n\n\n\n<p>Entrambe le rotte <strong>operano tutto l&#8217;anno<\/strong>. Nei mesi di giugno, luglio, agosto e settembre, il traghetto naviga fino a 2 volte al giorno e la nave passeggeri <strong>fino a 4 volte al giorno<\/strong>. Il resto dell&#8217;anno ci sono fino a 5 collegamenti giornalieri da Ragusa. Potete vedere maggiori informazioni sugli orari qui.<\/p>\n\n\n\n<figure class=\"wp-block-table\"><table><tbody><tr><td><a href=\"https:\/\/www.ferrycroatia.com\/it\/ragusa-sudurad\/\">Ragusa &#8211; Sudurad<\/a><\/td><td><a href=\"https:\/\/www.ferrycroatia.com\/it\/lopud-sudurad\/\">Lopud &#8211; Sudurad<\/a><\/td><td><a href=\"https:\/\/www.ferrycroatia.com\/it\/calamotta-sudurad\/\">Kolocep &#8211; Sudurad<\/a><\/td><\/tr><tr><td><a href=\"https:\/\/www.ferrycroatia.com\/it\/sudurad-ragusa\/\">Sudurad &#8211; Ragusa<\/a><\/td><td><a href=\"https:\/\/www.ferrycroatia.com\/it\/sudurad-lopud\/\">Sudurad &#8211; Lopud<\/a><\/td><td><a href=\"https:\/\/www.ferrycroatia.com\/it\/sudurad-calamotta\/\">Sudurad &#8211; Kolocep<\/a><\/td><\/tr><\/tbody><\/table><\/figure>\n\n\n\n<p>Il <strong>collegamento in traghetto per Porto Giuppana<\/strong> \u00e8 un traghetto veloce \/ catamarano operato dal G&amp;V line. Il catamarano <strong>naviga tutti i giorni tutto l&#8217;anno<\/strong>, potete vedere l&#8217;orario delle opzioni di viaggio da Porto Giuppana qui.<\/p>\n\n\n\n<figure class=\"wp-block-table\"><table><tbody><tr><td><a href=\"https:\/\/www.ferrycroatia.com\/it\/ragusa-porto-giuppana\/\">Ragusa &#8211; Porto Giuppana<\/a><\/td><td><a href=\"https:\/\/www.ferrycroatia.com\/it\/sobra-porto-giuppana\/\">Mljet &#8211; Porto Giuppana<\/a><\/td><\/tr><tr><td><a href=\"https:\/\/www.ferrycroatia.com\/it\/porto-giuppana-ragusa\/\">Porto Giuppana &#8211; Ragusa<\/a><\/td><td><a href=\"https:\/\/www.ferrycroatia.com\/it\/porto-giuppana-sobra\/\">Porto Giuppana &#8211; Mljet<\/a><\/td><\/tr><\/tbody><\/table><\/figure>\n\n\n\n<p><\/p>\n","protected":false},"excerpt":{"rendered":"<p>L&#8217;isola di Sipan (Giuppana) \u00e8 la pi\u00f9 grande delle 3 isole Elafiti situate a nord di Ragusa. Quest&#8217;isola di circa 16 km2 ha solo una popolazione di circa 400 persone per un anno intero. Durante l&#8217;estate c&#8217;\u00e8 ovviamente pi\u00f9 gente sull&#8217;isola, ma non \u00e8 affatto affollato, quindi se state cercando un posto tranquillo, l&#8217;isola di [&hellip;]<\/p>\n<p><a class=\"more-link\" href=\"https:\/\/www.ferrycroatia.com\/it\/isola-di-giuppana\/\"> Continue reading&#8230;<\/a><\/p>\n","protected":false},"author":5,"featured_media":0,"parent":0,"menu_order":0,"comment_status":"closed","ping_status":"closed","template":"","meta":[],"yoast_head":"<!-- This site is optimized with the Yoast SEO plugin v19.8 - https:\/\/yoast.com\/wordpress\/plugins\/seo\/ -->\n<title>Isola di Sipan Croazia, come arrivare in traghetto<\/title>\n<meta name=\"description\" content=\"Isola di Sipan Croazia, informazioni utili per visitare l&#039;isola. Scoprite i porti dell&#039;isola e le rotte di traghetti e catamarani da e per Sipan.\" \/>\n<meta name=\"robots\" content=\"index, follow, max-snippet:-1, max-image-preview:large, max-video-preview:-1\" \/>\n<link rel=\"canonical\" href=\"https:\/\/www.ferrycroatia.com\/it\/isola-di-giuppana\/\" \/>\n<meta property=\"og:locale\" content=\"en_US\" \/>\n<meta property=\"og:type\" content=\"article\" \/>\n<meta property=\"og:title\" content=\"Isola di Sipan Croazia, come arrivare in traghetto\" \/>\n<meta property=\"og:description\" content=\"Isola di Sipan Croazia, informazioni utili per visitare l&#039;isola. Scoprite i porti dell&#039;isola e le rotte di traghetti e catamarani da e per Sipan.\" \/>\n<meta property=\"og:url\" content=\"https:\/\/www.ferrycroatia.com\/it\/isola-di-giuppana\/\" \/>\n<meta property=\"og:site_name\" content=\"Traghetto Croazia\" \/>\n<meta property=\"article:modified_time\" content=\"2021-07-26T12:56:03+00:00\" \/>\n<meta name=\"twitter:card\" content=\"summary_large_image\" \/>\n<meta name=\"twitter:label1\" content=\"Est. reading time\" \/>\n\t<meta name=\"twitter:data1\" content=\"3 minutes\" \/>\n<script type=\"application\/ld+json\" class=\"yoast-schema-graph\">{\"@context\":\"https:\/\/schema.org\",\"@graph\":[{\"@type\":\"WebPage\",\"@id\":\"https:\/\/www.ferrycroatia.com\/it\/isola-di-giuppana\/\",\"url\":\"https:\/\/www.ferrycroatia.com\/it\/isola-di-giuppana\/\",\"name\":\"Isola di Sipan Croazia, come arrivare in traghetto\",\"isPartOf\":{\"@id\":\"https:\/\/www.ferrycroatia.com\/it\/#website\"},\"datePublished\":\"2021-02-04T08:58:29+00:00\",\"dateModified\":\"2021-07-26T12:56:03+00:00\",\"description\":\"Isola di Sipan Croazia, informazioni utili per visitare l'isola. Scoprite i porti dell'isola e le rotte di traghetti e catamarani da e per Sipan.\",\"breadcrumb\":{\"@id\":\"https:\/\/www.ferrycroatia.com\/it\/isola-di-giuppana\/#breadcrumb\"},\"inLanguage\":\"en-US\",\"potentialAction\":[{\"@type\":\"ReadAction\",\"target\":[\"https:\/\/www.ferrycroatia.com\/it\/isola-di-giuppana\/\"]}]},{\"@type\":\"BreadcrumbList\",\"@id\":\"https:\/\/www.ferrycroatia.com\/it\/isola-di-giuppana\/#breadcrumb\",\"itemListElement\":[{\"@type\":\"ListItem\",\"position\":1,\"name\":\"Home\",\"item\":\"https:\/\/www.ferrycroatia.com\/it\/\"},{\"@type\":\"ListItem\",\"position\":2,\"name\":\"Isola di Sipan\"}]},{\"@type\":\"WebSite\",\"@id\":\"https:\/\/www.ferrycroatia.com\/it\/#website\",\"url\":\"https:\/\/www.ferrycroatia.com\/it\/\",\"name\":\"Traghetto Croazia\",\"description\":\"Info e orari per tutti i catamarani e traghetti in Croazia\",\"potentialAction\":[{\"@type\":\"SearchAction\",\"target\":{\"@type\":\"EntryPoint\",\"urlTemplate\":\"https:\/\/www.ferrycroatia.com\/it\/?s={search_term_string}\"},\"query-input\":\"required name=search_term_string\"}],\"inLanguage\":\"en-US\"}]}<\/script>\n<!-- \/ Yoast SEO plugin. -->","yoast_head_json":{"title":"Isola di Sipan Croazia, come arrivare in traghetto","description":"Isola di Sipan Croazia, informazioni utili per visitare l'isola. Scoprite i porti dell'isola e le rotte di traghetti e catamarani da e per Sipan.","robots":{"index":"index","follow":"follow","max-snippet":"max-snippet:-1","max-image-preview":"max-image-preview:large","max-video-preview":"max-video-preview:-1"},"canonical":"https:\/\/www.ferrycroatia.com\/it\/isola-di-giuppana\/","og_locale":"en_US","og_type":"article","og_title":"Isola di Sipan Croazia, come arrivare in traghetto","og_description":"Isola di Sipan Croazia, informazioni utili per visitare l'isola. Scoprite i porti dell'isola e le rotte di traghetti e catamarani da e per Sipan.","og_url":"https:\/\/www.ferrycroatia.com\/it\/isola-di-giuppana\/","og_site_name":"Traghetto Croazia","article_modified_time":"2021-07-26T12:56:03+00:00","twitter_card":"summary_large_image","twitter_misc":{"Est. reading time":"3 minutes"},"schema":{"@context":"https:\/\/schema.org","@graph":[{"@type":"WebPage","@id":"https:\/\/www.ferrycroatia.com\/it\/isola-di-giuppana\/","url":"https:\/\/www.ferrycroatia.com\/it\/isola-di-giuppana\/","name":"Isola di Sipan Croazia, come arrivare in traghetto","isPartOf":{"@id":"https:\/\/www.ferrycroatia.com\/it\/#website"},"datePublished":"2021-02-04T08:58:29+00:00","dateModified":"2021-07-26T12:56:03+00:00","description":"Isola di Sipan Croazia, informazioni utili per visitare l'isola. Scoprite i porti dell'isola e le rotte di traghetti e catamarani da e per Sipan.","breadcrumb":{"@id":"https:\/\/www.ferrycroatia.com\/it\/isola-di-giuppana\/#breadcrumb"},"inLanguage":"en-US","potentialAction":[{"@type":"ReadAction","target":["https:\/\/www.ferrycroatia.com\/it\/isola-di-giuppana\/"]}]},{"@type":"BreadcrumbList","@id":"https:\/\/www.ferrycroatia.com\/it\/isola-di-giuppana\/#breadcrumb","itemListElement":[{"@type":"ListItem","position":1,"name":"Home","item":"https:\/\/www.ferrycroatia.com\/it\/"},{"@type":"ListItem","position":2,"name":"Isola di Sipan"}]},{"@type":"WebSite","@id":"https:\/\/www.ferrycroatia.com\/it\/#website","url":"https:\/\/www.ferrycroatia.com\/it\/","name":"Traghetto Croazia","description":"Info e orari per tutti i catamarani e traghetti in Croazia","potentialAction":[{"@type":"SearchAction","target":{"@type":"EntryPoint","urlTemplate":"https:\/\/www.ferrycroatia.com\/it\/?s={search_term_string}"},"query-input":"required name=search_term_string"}],"inLanguage":"en-US"}]}},"_links":{"self":[{"href":"https:\/\/www.ferrycroatia.com\/it\/wp-json\/wp\/v2\/pages\/1461"}],"collection":[{"href":"https:\/\/www.ferrycroatia.com\/it\/wp-json\/wp\/v2\/pages"}],"about":[{"href":"https:\/\/www.ferrycroatia.com\/it\/wp-json\/wp\/v2\/types\/page"}],"author":[{"embeddable":true,"href":"https:\/\/www.ferrycroatia.com\/it\/wp-json\/wp\/v2\/users\/5"}],"replies":[{"embeddable":true,"href":"https:\/\/www.ferrycroatia.com\/it\/wp-json\/wp\/v2\/comments?post=1461"}],"version-history":[{"count":4,"href":"https:\/\/www.ferrycroatia.com\/it\/wp-json\/wp\/v2\/pages\/1461\/revisions"}],"predecessor-version":[{"id":3061,"href":"https:\/\/www.ferrycroatia.com\/it\/wp-json\/wp\/v2\/pages\/1461\/revisions\/3061"}],"wp:attachment":[{"href":"https:\/\/www.ferrycroatia.com\/it\/wp-json\/wp\/v2\/media?parent=1461"}],"curies":[{"name":"wp","href":"https:\/\/api.w.org\/{rel}","templated":true}]}}