{"id":1490,"date":"2021-02-04T10:49:00","date_gmt":"2021-02-04T10:49:00","guid":{"rendered":"https:\/\/ferrycroatia.com\/it\/?page_id=1490"},"modified":"2021-02-09T11:05:53","modified_gmt":"2021-02-09T11:05:53","slug":"ritardi-dei-traghetti-in-croazia","status":"publish","type":"page","link":"https:\/\/www.ferrycroatia.com\/it\/ritardi-dei-traghetti-in-croazia\/","title":{"rendered":"Ritardi dei traghetti in Croazia"},"content":{"rendered":"<p>I traghetti in Croazia operano tutto l&#8217;anno con un programma pi\u00f9 frequente durante i mesi estivi. Nella maggior parte dei casi, le linee di traghetti operano secondo <strong>l&#8217;orario annunciato all&#8217;inizio dell&#8217;anno\/stagione<\/strong> con poche o senza modifiche. I<strong> ritardi dei traghetti sono davvero rari<\/strong> nonostante l&#8217;affollamento in alta stagione e la maggior parte dei <strong>cambiamenti nelle partenze sono precedentemente annunciati sui siti web dei vettori<\/strong>. Tuttavia, il trasporto marittimo \u00e8 influenzato da diversi fattori come le condizioni meteorologiche che possono causare ritardi o addirittura cancellazioni delle linee di traghetti tra le<a href=\"https:\/\/www.ferrycroatia.com\/it\/isole-della-croazia\/\"> isole dell&#8217;Adriatico<\/a>.<\/p>\n<p>Ci sono diversi venti che soffiano sul mare Adriatico ma due di loro possono influenzare in modo significativo il traffico marittimo. Il <strong>vento del sud-est<\/strong> chiamato <i><strong>jugo<\/strong> <\/i>(lo scirocco) insieme al vento del sud <i>o\u0161tro <\/i>appare in tutte le stagioni, ma soprattutto in primavera, autunno e inverno. Questo vento porta calore e umidit\u00e0 seguiti da pioggia e spesso tuoni. <i>Jugo <\/i>ha la tendenza a rafforzare gradualmente e sollevare le onde a un livello tale che la maggior parte delle linee di traghetti e catamarani devono essere cancellate per motivi di sicurezza dei passeggeri.<\/p>\n<h2>Le partenze dei traghetti dipendono dalle condizioni meteorologiche<\/h2>\n<p>L&#8217;altro vento significativo \u00e8 chiamato <i><strong>bura<\/strong> <\/i>(la bora) che <strong>soffia da<\/strong> <strong>nord<\/strong>. Questo vento \u00e8 l&#8217;esatto opposto del <i>jugo<\/i>, quindi porta aria secca e cieli limpidi. Tuttavia, la <i>bura <\/i>ha la tendenza a raggiungere velocit\u00e0 superiori a 200 km\/h che possono causare onde enormi. Pertanto, quando soffia una forte <i>bura<\/i>, potete aspettarvi che la maggior parte delle partenze dei traghetti e catamarani vengano annullate.<\/p>\n<p>A volte, quando questi venti sono moderati, potete anche aspettarvi cancellazioni o ritardi.<strong> Catamarani e imbarcazioni veloci sono i primi a essere cancellati<\/strong> a causa del maltempo poich\u00e9 queste barche sono pi\u00f9 piccole e meno stabili sulle onde. I traghetti, soprattutto quelli grandi come Petar Hektorovi\u0107, Faros e Biokovo di <a href=\"https:\/\/www.ferrycroatia.com\/it\/jadrolinija\/\">Jadrolinija<\/a> sono molto pi\u00f9 stabili in mare e pi\u00f9 resistenti alle onde alte. Si possono prevedere ritardi se la nave ha difficolt\u00e0 ad ormeggiare a causa dei forti venti.<\/p>\n<p>\u00c8 bene sapere che un tempo cos\u00ec brutto causato dai venti in Croazia \u00e8 previsto in autunno, inverno e all&#8217;inizio della primavera. Tuttavia, questo \u00e8 un caso raro durante i mesi estivi e<strong> sicuramente non comune tra giugno e settembre<\/strong>.<\/p>\n<p>In ogni caso, per assicurarvi che il vostro traghetto opera nella data di viaggio nonostante il maltempo, vi suggeriamo di <strong>controllare il sito ufficiale del vettore<\/strong> che avviser\u00e0 i passeggeri in caso di ritardi e cancellazioni.<\/p>\n","protected":false},"excerpt":{"rendered":"<p>I traghetti in Croazia operano tutto l&#8217;anno con un programma pi\u00f9 frequente durante i mesi estivi. Nella maggior parte dei casi, le linee di traghetti operano secondo l&#8217;orario annunciato all&#8217;inizio dell&#8217;anno\/stagione con poche o senza modifiche. I ritardi dei traghetti sono davvero rari nonostante l&#8217;affollamento in alta stagione e la maggior parte dei cambiamenti nelle [&hellip;]<\/p>\n<p><a class=\"more-link\" href=\"https:\/\/www.ferrycroatia.com\/it\/ritardi-dei-traghetti-in-croazia\/\"> Continue reading&#8230;<\/a><\/p>\n","protected":false},"author":5,"featured_media":1492,"parent":0,"menu_order":0,"comment_status":"closed","ping_status":"closed","template":"","meta":[],"yoast_head":"<!-- This site is optimized with the Yoast SEO plugin v19.8 - https:\/\/yoast.com\/wordpress\/plugins\/seo\/ -->\n<title>Ritardi dei traghetti in Croazia - Informazioni sui passeggeri<\/title>\n<meta name=\"description\" content=\"Informazioni sui ritardi dei traghetti in Croazia. Perch\u00e9 i traghetti a volte subiscono ritardi e dove controllare le informazioni sui ritardi.\" \/>\n<meta name=\"robots\" content=\"index, follow, max-snippet:-1, max-image-preview:large, max-video-preview:-1\" \/>\n<link rel=\"canonical\" href=\"https:\/\/www.ferrycroatia.com\/it\/ritardi-dei-traghetti-in-croazia\/\" \/>\n<meta property=\"og:locale\" content=\"en_US\" \/>\n<meta property=\"og:type\" content=\"article\" \/>\n<meta property=\"og:title\" content=\"Ritardi dei traghetti in Croazia - Informazioni sui passeggeri\" \/>\n<meta property=\"og:description\" content=\"Informazioni sui ritardi dei traghetti in Croazia. Perch\u00e9 i traghetti a volte subiscono ritardi e dove controllare le informazioni sui ritardi.\" \/>\n<meta property=\"og:url\" content=\"https:\/\/www.ferrycroatia.com\/it\/ritardi-dei-traghetti-in-croazia\/\" \/>\n<meta property=\"og:site_name\" content=\"Traghetto Croazia\" \/>\n<meta property=\"article:modified_time\" content=\"2021-02-09T11:05:53+00:00\" \/>\n<meta property=\"og:image\" content=\"https:\/\/www.ferrycroatia.com\/it\/wp-content\/uploads\/2021\/02\/ferry-1648809_960_720.jpg\" \/>\n\t<meta property=\"og:image:width\" content=\"960\" \/>\n\t<meta property=\"og:image:height\" content=\"720\" \/>\n\t<meta property=\"og:image:type\" content=\"image\/jpeg\" \/>\n<meta name=\"twitter:card\" content=\"summary_large_image\" \/>\n<meta name=\"twitter:label1\" content=\"Est. reading time\" \/>\n\t<meta name=\"twitter:data1\" content=\"2 minutes\" \/>\n<script type=\"application\/ld+json\" class=\"yoast-schema-graph\">{\"@context\":\"https:\/\/schema.org\",\"@graph\":[{\"@type\":\"WebPage\",\"@id\":\"https:\/\/www.ferrycroatia.com\/it\/ritardi-dei-traghetti-in-croazia\/\",\"url\":\"https:\/\/www.ferrycroatia.com\/it\/ritardi-dei-traghetti-in-croazia\/\",\"name\":\"Ritardi dei traghetti in Croazia - Informazioni sui passeggeri\",\"isPartOf\":{\"@id\":\"https:\/\/www.ferrycroatia.com\/it\/#website\"},\"datePublished\":\"2021-02-04T10:49:00+00:00\",\"dateModified\":\"2021-02-09T11:05:53+00:00\",\"description\":\"Informazioni sui ritardi dei traghetti in Croazia. Perch\u00e9 i traghetti a volte subiscono ritardi e dove controllare le informazioni sui ritardi.\",\"breadcrumb\":{\"@id\":\"https:\/\/www.ferrycroatia.com\/it\/ritardi-dei-traghetti-in-croazia\/#breadcrumb\"},\"inLanguage\":\"en-US\",\"potentialAction\":[{\"@type\":\"ReadAction\",\"target\":[\"https:\/\/www.ferrycroatia.com\/it\/ritardi-dei-traghetti-in-croazia\/\"]}]},{\"@type\":\"BreadcrumbList\",\"@id\":\"https:\/\/www.ferrycroatia.com\/it\/ritardi-dei-traghetti-in-croazia\/#breadcrumb\",\"itemListElement\":[{\"@type\":\"ListItem\",\"position\":1,\"name\":\"Home\",\"item\":\"https:\/\/www.ferrycroatia.com\/it\/\"},{\"@type\":\"ListItem\",\"position\":2,\"name\":\"Ritardi dei traghetti in Croazia\"}]},{\"@type\":\"WebSite\",\"@id\":\"https:\/\/www.ferrycroatia.com\/it\/#website\",\"url\":\"https:\/\/www.ferrycroatia.com\/it\/\",\"name\":\"Traghetto Croazia\",\"description\":\"Info e orari per tutti i catamarani e traghetti in Croazia\",\"potentialAction\":[{\"@type\":\"SearchAction\",\"target\":{\"@type\":\"EntryPoint\",\"urlTemplate\":\"https:\/\/www.ferrycroatia.com\/it\/?s={search_term_string}\"},\"query-input\":\"required name=search_term_string\"}],\"inLanguage\":\"en-US\"}]}<\/script>\n<!-- \/ Yoast SEO plugin. -->","yoast_head_json":{"title":"Ritardi dei traghetti in Croazia - Informazioni sui passeggeri","description":"Informazioni sui ritardi dei traghetti in Croazia. Perch\u00e9 i traghetti a volte subiscono ritardi e dove controllare le informazioni sui ritardi.","robots":{"index":"index","follow":"follow","max-snippet":"max-snippet:-1","max-image-preview":"max-image-preview:large","max-video-preview":"max-video-preview:-1"},"canonical":"https:\/\/www.ferrycroatia.com\/it\/ritardi-dei-traghetti-in-croazia\/","og_locale":"en_US","og_type":"article","og_title":"Ritardi dei traghetti in Croazia - Informazioni sui passeggeri","og_description":"Informazioni sui ritardi dei traghetti in Croazia. Perch\u00e9 i traghetti a volte subiscono ritardi e dove controllare le informazioni sui ritardi.","og_url":"https:\/\/www.ferrycroatia.com\/it\/ritardi-dei-traghetti-in-croazia\/","og_site_name":"Traghetto Croazia","article_modified_time":"2021-02-09T11:05:53+00:00","og_image":[{"width":960,"height":720,"url":"https:\/\/www.ferrycroatia.com\/it\/wp-content\/uploads\/2021\/02\/ferry-1648809_960_720.jpg","type":"image\/jpeg"}],"twitter_card":"summary_large_image","twitter_misc":{"Est. reading time":"2 minutes"},"schema":{"@context":"https:\/\/schema.org","@graph":[{"@type":"WebPage","@id":"https:\/\/www.ferrycroatia.com\/it\/ritardi-dei-traghetti-in-croazia\/","url":"https:\/\/www.ferrycroatia.com\/it\/ritardi-dei-traghetti-in-croazia\/","name":"Ritardi dei traghetti in Croazia - Informazioni sui passeggeri","isPartOf":{"@id":"https:\/\/www.ferrycroatia.com\/it\/#website"},"datePublished":"2021-02-04T10:49:00+00:00","dateModified":"2021-02-09T11:05:53+00:00","description":"Informazioni sui ritardi dei traghetti in Croazia. Perch\u00e9 i traghetti a volte subiscono ritardi e dove controllare le informazioni sui ritardi.","breadcrumb":{"@id":"https:\/\/www.ferrycroatia.com\/it\/ritardi-dei-traghetti-in-croazia\/#breadcrumb"},"inLanguage":"en-US","potentialAction":[{"@type":"ReadAction","target":["https:\/\/www.ferrycroatia.com\/it\/ritardi-dei-traghetti-in-croazia\/"]}]},{"@type":"BreadcrumbList","@id":"https:\/\/www.ferrycroatia.com\/it\/ritardi-dei-traghetti-in-croazia\/#breadcrumb","itemListElement":[{"@type":"ListItem","position":1,"name":"Home","item":"https:\/\/www.ferrycroatia.com\/it\/"},{"@type":"ListItem","position":2,"name":"Ritardi dei traghetti in Croazia"}]},{"@type":"WebSite","@id":"https:\/\/www.ferrycroatia.com\/it\/#website","url":"https:\/\/www.ferrycroatia.com\/it\/","name":"Traghetto Croazia","description":"Info e orari per tutti i catamarani e traghetti in Croazia","potentialAction":[{"@type":"SearchAction","target":{"@type":"EntryPoint","urlTemplate":"https:\/\/www.ferrycroatia.com\/it\/?s={search_term_string}"},"query-input":"required name=search_term_string"}],"inLanguage":"en-US"}]}},"_links":{"self":[{"href":"https:\/\/www.ferrycroatia.com\/it\/wp-json\/wp\/v2\/pages\/1490"}],"collection":[{"href":"https:\/\/www.ferrycroatia.com\/it\/wp-json\/wp\/v2\/pages"}],"about":[{"href":"https:\/\/www.ferrycroatia.com\/it\/wp-json\/wp\/v2\/types\/page"}],"author":[{"embeddable":true,"href":"https:\/\/www.ferrycroatia.com\/it\/wp-json\/wp\/v2\/users\/5"}],"replies":[{"embeddable":true,"href":"https:\/\/www.ferrycroatia.com\/it\/wp-json\/wp\/v2\/comments?post=1490"}],"version-history":[{"count":4,"href":"https:\/\/www.ferrycroatia.com\/it\/wp-json\/wp\/v2\/pages\/1490\/revisions"}],"predecessor-version":[{"id":1990,"href":"https:\/\/www.ferrycroatia.com\/it\/wp-json\/wp\/v2\/pages\/1490\/revisions\/1990"}],"wp:featuredmedia":[{"embeddable":true,"href":"https:\/\/www.ferrycroatia.com\/it\/wp-json\/wp\/v2\/media\/1492"}],"wp:attachment":[{"href":"https:\/\/www.ferrycroatia.com\/it\/wp-json\/wp\/v2\/media?parent=1490"}],"curies":[{"name":"wp","href":"https:\/\/api.w.org\/{rel}","templated":true}]}}