{"id":1494,"date":"2021-02-04T11:12:23","date_gmt":"2021-02-04T11:12:23","guid":{"rendered":"https:\/\/ferrycroatia.com\/it\/?page_id=1494"},"modified":"2021-08-19T14:15:01","modified_gmt":"2021-08-19T12:15:01","slug":"porto-di-zaravecchia","status":"publish","type":"page","link":"https:\/\/www.ferrycroatia.com\/it\/porto-di-zaravecchia\/","title":{"rendered":"Porto di Biograd na Moru"},"content":{"rendered":"\n<p>Zaravecchia \u00e8 una piccola citt\u00e0 costiera situata<strong> nella regione di Zara<\/strong>, a circa 30 chilometri da Zara. \u00c8 collegata da <strong>una linea regolare di traghetti con la citt\u00e0 di Tkon<\/strong>. Il terminal dei traghetti di Zaravecchia si trova praticamente nel centro della citt\u00e0, <strong>vicino al lungomare principale e ad un piccolo e grazioso ACI-marina<\/strong>.<\/p>\n\n\n\n<p><span style=\"text-decoration: underline;\"><b>Raggiungere il terminal dei traghetti di Zaravecchia:<\/b><\/span><\/p>\n\n\n\n<p>Zaravecchia \u00e8 una <strong>piccola citt\u00e0 costiera<\/strong>, quindi se rimane l\u00ec e desidera raggiungere <strong>Tkon sull&#8217;isola di Pasman<\/strong> (ovunque soggiorna), non sar\u00e0 un problema raggiungere il terminal dei traghetti a piedi. Se ha molti bagagli, c&#8217;\u00e8 sempre<strong> la possibilit\u00e0 di prendere un taxi<\/strong> che non La coster\u00e0 molto poich\u00e9 non si tratta di una grande distanza.<\/p>\n\n\n\n<p><span style=\"text-decoration: underline;\"><b>Collegamenti dall&#8217;Aeroporto di Zara al terminal dei traghetti di Zaravecchia:<\/b><\/span><\/p>\n\n\n\n<p>Se viaggia a Croazia in aereo e vuole raggiungere Tkon sull&#8217;isola di Pasman via Zaravecchia, l&#8217;aeroporto pi\u00f9 vicino \u00e8 l&#8217;Aeroporto di Zara <strong>situato a circa 25 km da Zaravecchia<\/strong> (circa 10 km da Zara). Una volta atterrato, pu\u00f2 prendere un <a href=\"https:\/\/getbytransfer.com\/it\/zara-aeroporto-zaravecchia\">trasferimento prenotato in anticipo<\/a> o prendere un taxi direttamente <strong>al porto di Zaravecchia<\/strong>.<\/p>\n\n\n\n<p><strong>Ci sono anche bus navetta che partono dall&#8217;aeroporto verso Zara<\/strong> (tutti si fermano alla stazione principale degli autobus che si trova a pochi minuti dal terminal dei traghetti). Il biglietto costa circa 25 kune = 3 euro e il viaggio fino alla stazione principale degli autobus di Zara dura 15-20 minuti. Quando raggiunge<strong> la stazione principale degli autobus di Zara<\/strong>, deve acquistare il biglietto per Zaravecchia.<\/p>\n\n\n\n<p>Se vuole saperne di pi\u00f9 su come scendere dall&#8217;Aeroporto di Zara, clicca <a href=\"https:\/\/getbybus.com\/it\/blog\/autobus-aeroporto-di-zara\/\">qui<\/a>.<\/p>\n\n\n\n<p><span style=\"text-decoration: underline;\"><b>Arrivare da altre destinazioni in Croazia e in Europa al terminal dei traghetti di Zaravecchia:&nbsp;<\/b><\/span><\/p>\n\n\n\n<p>Zaravecchia \u00e8 collegata da alcune linee di autobus con <strong>alcune delle principali destinazioni croate<\/strong>. La principale stazione degli autobus di Zaravecchia si trova a circa 500 m dal terminal dei traghetti,<strong> facilmente raggiungibile a piedi<\/strong>, oppure pu\u00f2 prendere un taxi che non La coster\u00e0 molto, dato che \u00e8 <strong>una cittadina davvero piccola<\/strong>.<\/p>\n\n\n\n<p>Per la posizione esatta della stazione principale degli autobus, faccia clic <a href=\"https:\/\/getbybus.com\/it\/bus-da-zaravecchia\">qui<\/a>.<\/p>\n\n\n\n<p>Se sceglie di <strong>viaggiare in auto prendendo l&#8217;autostrada o la strada costiera<\/strong>, una volta entrato a Zaravecchia da nord o da sud, dovrebbe semplicemente continuare a guidare verso il centro della citt\u00e0 e molto presto vedr\u00e0 il cartello per <strong>il terminal dei traghetti che si trova a sinistra di un piccolo ACI-marina<\/strong>.<\/p>\n\n\n\n<p><span style=\"text-decoration: underline;\"><b>Cosa pu\u00f2 trovare al terminal dei traghetti di Zaravecchia:<\/b><\/span><\/p>\n\n\n\n<p>Zaravecchia \u00e8 una piccola citt\u00e0, ma trattandosi come un luogo turistico, <strong>pu\u00f2 trovare molte cose vicino al terminal dei traghetti<\/strong> che si trova, come gi\u00e0 accennato, proprio nel centro della citt\u00e0: una biglietteria dove si acquistano i biglietti per il traghetto,<strong> bar, ristoranti, negozi, bancomat<\/strong>.<\/p>\n\n\n\n<p><strong><span style=\"text-decoration: underline;\">Indirizzo del terminal dei traghetti di Zaravecchia:<\/span><\/strong><\/p>\n\n\n\n<blockquote class=\"wp-block-quote\"><p>Obala Petra Kre\u0161imira IV<\/p><p>23212 Zaravecchia<\/p><p><strong>Coordinate GPS:<\/strong> 43.93943, 15.43922<\/p><\/blockquote>\n\n\n\n<div class=\"wp-block-image\"><figure class=\"aligncenter\"><img decoding=\"async\" loading=\"lazy\" width=\"800\" height=\"473\" data-src=\"https:\/\/ferrycroatia.com\/it\/wp-content\/uploads\/2021\/02\/Biograd-na-Moru-1.jpg\" alt=\"\" class=\"wp-image-1504\" data-srcset=\"https:\/\/www.ferrycroatia.com\/it\/wp-content\/uploads\/2021\/02\/Biograd-na-Moru-1.jpg 800w, https:\/\/www.ferrycroatia.com\/it\/wp-content\/uploads\/2021\/02\/Biograd-na-Moru-1-300x177.jpg 300w, https:\/\/www.ferrycroatia.com\/it\/wp-content\/uploads\/2021\/02\/Biograd-na-Moru-1-768x454.jpg 768w\" sizes=\"(max-width: 800px) 100vw, 800px\" \/><\/figure><\/div>\n\n\n\n<p><span style=\"text-decoration: underline;\"><b>Elenco delle rotte dei traghetti da Zaravecchia:<\/b><\/span><\/p>\n\n\n\n<ul><li><a href=\"https:\/\/www.ferrycroatia.com\/it\/zaravecchia-tuconio\/\">Zaravecchia &#8211; Tkon (Pasman) (traghetto)<\/a><\/li><\/ul>\n","protected":false},"excerpt":{"rendered":"<p>Zaravecchia \u00e8 una piccola citt\u00e0 costiera situata nella regione di Zara, a circa 30 chilometri da Zara. \u00c8 collegata da una linea regolare di traghetti con la citt\u00e0 di Tkon. Il terminal dei traghetti di Zaravecchia si trova praticamente nel centro della citt\u00e0, vicino al lungomare principale e ad un piccolo e grazioso ACI-marina. Raggiungere [&hellip;]<\/p>\n<p><a class=\"more-link\" href=\"https:\/\/www.ferrycroatia.com\/it\/porto-di-zaravecchia\/\"> Continue reading&#8230;<\/a><\/p>\n","protected":false},"author":5,"featured_media":1498,"parent":0,"menu_order":0,"comment_status":"closed","ping_status":"closed","template":"","meta":[],"yoast_head":"<!-- This site is optimized with the Yoast SEO plugin v19.8 - https:\/\/yoast.com\/wordpress\/plugins\/seo\/ -->\n<title>Porto di Biograd na Moru, partenze traghetti e battelli<\/title>\n<meta name=\"description\" content=\"Porto di Biograd na Moru informazioni, posizione e servizi disponibili. Come arrivarci, e tutti i traghetti battelli che partono da e fino a Biograd na Moru.\" \/>\n<meta name=\"robots\" content=\"index, follow, max-snippet:-1, max-image-preview:large, max-video-preview:-1\" \/>\n<link rel=\"canonical\" href=\"https:\/\/www.ferrycroatia.com\/it\/porto-di-zaravecchia\/\" \/>\n<meta property=\"og:locale\" content=\"en_US\" \/>\n<meta property=\"og:type\" content=\"article\" \/>\n<meta property=\"og:title\" content=\"Porto di Biograd na Moru, partenze traghetti e battelli\" \/>\n<meta property=\"og:description\" content=\"Porto di Biograd na Moru informazioni, posizione e servizi disponibili. Come arrivarci, e tutti i traghetti battelli che partono da e fino a Biograd na Moru.\" \/>\n<meta property=\"og:url\" content=\"https:\/\/www.ferrycroatia.com\/it\/porto-di-zaravecchia\/\" \/>\n<meta property=\"og:site_name\" content=\"Traghetto Croazia\" \/>\n<meta property=\"article:modified_time\" content=\"2021-08-19T12:15:01+00:00\" \/>\n<meta property=\"og:image\" content=\"https:\/\/www.ferrycroatia.com\/it\/wp-content\/uploads\/2021\/02\/Ferry-Biograd-na-moru.jpg\" \/>\n\t<meta property=\"og:image:width\" content=\"1024\" \/>\n\t<meta property=\"og:image:height\" content=\"683\" \/>\n\t<meta property=\"og:image:type\" content=\"image\/jpeg\" \/>\n<meta name=\"twitter:card\" content=\"summary_large_image\" \/>\n<meta name=\"twitter:label1\" content=\"Est. reading time\" \/>\n\t<meta name=\"twitter:data1\" content=\"3 minutes\" \/>\n<script type=\"application\/ld+json\" class=\"yoast-schema-graph\">{\"@context\":\"https:\/\/schema.org\",\"@graph\":[{\"@type\":\"WebPage\",\"@id\":\"https:\/\/www.ferrycroatia.com\/it\/porto-di-zaravecchia\/\",\"url\":\"https:\/\/www.ferrycroatia.com\/it\/porto-di-zaravecchia\/\",\"name\":\"Porto di Biograd na Moru, partenze traghetti e battelli\",\"isPartOf\":{\"@id\":\"https:\/\/www.ferrycroatia.com\/it\/#website\"},\"datePublished\":\"2021-02-04T11:12:23+00:00\",\"dateModified\":\"2021-08-19T12:15:01+00:00\",\"description\":\"Porto di Biograd na Moru informazioni, posizione e servizi disponibili. Come arrivarci, e tutti i traghetti battelli che partono da e fino a Biograd na Moru.\",\"breadcrumb\":{\"@id\":\"https:\/\/www.ferrycroatia.com\/it\/porto-di-zaravecchia\/#breadcrumb\"},\"inLanguage\":\"en-US\",\"potentialAction\":[{\"@type\":\"ReadAction\",\"target\":[\"https:\/\/www.ferrycroatia.com\/it\/porto-di-zaravecchia\/\"]}]},{\"@type\":\"BreadcrumbList\",\"@id\":\"https:\/\/www.ferrycroatia.com\/it\/porto-di-zaravecchia\/#breadcrumb\",\"itemListElement\":[{\"@type\":\"ListItem\",\"position\":1,\"name\":\"Home\",\"item\":\"https:\/\/www.ferrycroatia.com\/it\/\"},{\"@type\":\"ListItem\",\"position\":2,\"name\":\"Porto di Biograd na Moru\"}]},{\"@type\":\"WebSite\",\"@id\":\"https:\/\/www.ferrycroatia.com\/it\/#website\",\"url\":\"https:\/\/www.ferrycroatia.com\/it\/\",\"name\":\"Traghetto Croazia\",\"description\":\"Info e orari per tutti i catamarani e traghetti in Croazia\",\"potentialAction\":[{\"@type\":\"SearchAction\",\"target\":{\"@type\":\"EntryPoint\",\"urlTemplate\":\"https:\/\/www.ferrycroatia.com\/it\/?s={search_term_string}\"},\"query-input\":\"required name=search_term_string\"}],\"inLanguage\":\"en-US\"}]}<\/script>\n<!-- \/ Yoast SEO plugin. -->","yoast_head_json":{"title":"Porto di Biograd na Moru, partenze traghetti e battelli","description":"Porto di Biograd na Moru informazioni, posizione e servizi disponibili. Come arrivarci, e tutti i traghetti battelli che partono da e fino a Biograd na Moru.","robots":{"index":"index","follow":"follow","max-snippet":"max-snippet:-1","max-image-preview":"max-image-preview:large","max-video-preview":"max-video-preview:-1"},"canonical":"https:\/\/www.ferrycroatia.com\/it\/porto-di-zaravecchia\/","og_locale":"en_US","og_type":"article","og_title":"Porto di Biograd na Moru, partenze traghetti e battelli","og_description":"Porto di Biograd na Moru informazioni, posizione e servizi disponibili. Come arrivarci, e tutti i traghetti battelli che partono da e fino a Biograd na Moru.","og_url":"https:\/\/www.ferrycroatia.com\/it\/porto-di-zaravecchia\/","og_site_name":"Traghetto Croazia","article_modified_time":"2021-08-19T12:15:01+00:00","og_image":[{"width":1024,"height":683,"url":"https:\/\/www.ferrycroatia.com\/it\/wp-content\/uploads\/2021\/02\/Ferry-Biograd-na-moru.jpg","type":"image\/jpeg"}],"twitter_card":"summary_large_image","twitter_misc":{"Est. reading time":"3 minutes"},"schema":{"@context":"https:\/\/schema.org","@graph":[{"@type":"WebPage","@id":"https:\/\/www.ferrycroatia.com\/it\/porto-di-zaravecchia\/","url":"https:\/\/www.ferrycroatia.com\/it\/porto-di-zaravecchia\/","name":"Porto di Biograd na Moru, partenze traghetti e battelli","isPartOf":{"@id":"https:\/\/www.ferrycroatia.com\/it\/#website"},"datePublished":"2021-02-04T11:12:23+00:00","dateModified":"2021-08-19T12:15:01+00:00","description":"Porto di Biograd na Moru informazioni, posizione e servizi disponibili. Come arrivarci, e tutti i traghetti battelli che partono da e fino a Biograd na Moru.","breadcrumb":{"@id":"https:\/\/www.ferrycroatia.com\/it\/porto-di-zaravecchia\/#breadcrumb"},"inLanguage":"en-US","potentialAction":[{"@type":"ReadAction","target":["https:\/\/www.ferrycroatia.com\/it\/porto-di-zaravecchia\/"]}]},{"@type":"BreadcrumbList","@id":"https:\/\/www.ferrycroatia.com\/it\/porto-di-zaravecchia\/#breadcrumb","itemListElement":[{"@type":"ListItem","position":1,"name":"Home","item":"https:\/\/www.ferrycroatia.com\/it\/"},{"@type":"ListItem","position":2,"name":"Porto di Biograd na Moru"}]},{"@type":"WebSite","@id":"https:\/\/www.ferrycroatia.com\/it\/#website","url":"https:\/\/www.ferrycroatia.com\/it\/","name":"Traghetto Croazia","description":"Info e orari per tutti i catamarani e traghetti in Croazia","potentialAction":[{"@type":"SearchAction","target":{"@type":"EntryPoint","urlTemplate":"https:\/\/www.ferrycroatia.com\/it\/?s={search_term_string}"},"query-input":"required name=search_term_string"}],"inLanguage":"en-US"}]}},"_links":{"self":[{"href":"https:\/\/www.ferrycroatia.com\/it\/wp-json\/wp\/v2\/pages\/1494"}],"collection":[{"href":"https:\/\/www.ferrycroatia.com\/it\/wp-json\/wp\/v2\/pages"}],"about":[{"href":"https:\/\/www.ferrycroatia.com\/it\/wp-json\/wp\/v2\/types\/page"}],"author":[{"embeddable":true,"href":"https:\/\/www.ferrycroatia.com\/it\/wp-json\/wp\/v2\/users\/5"}],"replies":[{"embeddable":true,"href":"https:\/\/www.ferrycroatia.com\/it\/wp-json\/wp\/v2\/comments?post=1494"}],"version-history":[{"count":8,"href":"https:\/\/www.ferrycroatia.com\/it\/wp-json\/wp\/v2\/pages\/1494\/revisions"}],"predecessor-version":[{"id":3180,"href":"https:\/\/www.ferrycroatia.com\/it\/wp-json\/wp\/v2\/pages\/1494\/revisions\/3180"}],"wp:featuredmedia":[{"embeddable":true,"href":"https:\/\/www.ferrycroatia.com\/it\/wp-json\/wp\/v2\/media\/1498"}],"wp:attachment":[{"href":"https:\/\/www.ferrycroatia.com\/it\/wp-json\/wp\/v2\/media?parent=1494"}],"curies":[{"name":"wp","href":"https:\/\/api.w.org\/{rel}","templated":true}]}}