{"id":1495,"date":"2021-02-04T11:09:07","date_gmt":"2021-02-04T11:09:07","guid":{"rendered":"https:\/\/ferrycroatia.com\/it\/?page_id=1495"},"modified":"2023-12-19T13:31:52","modified_gmt":"2023-12-19T12:31:52","slug":"porto-di-bol","status":"publish","type":"page","link":"https:\/\/www.ferrycroatia.com\/it\/porto-di-bol\/","title":{"rendered":"Porto di Bol"},"content":{"rendered":"\n<p><strong>Bol \u00e8 una citt\u00e0 sul lato sud<\/strong> dell&#8217;isola di Brazza. \u00c8 la citt\u00e0 famosa per una delle spiagge pi\u00f9 belle della Croazia \u2013 Corno d\u2019oro. Bol<strong> \u00e8 collegata alla terraferma (Spalato)<\/strong> e all&#8217;isola di Lesina (Jelsa) da regolari linee di catamarani.<\/p>\n\n\n\n<p>Il molo da cui parte <strong>il catamarano si trova vicino<\/strong> alla passeggiata principale in riva al mare, nel centro del paese.<\/p>\n\n\n\n<div id=\"ez-toc-container\" class=\"ez-toc-v2_0_62 counter-hierarchy ez-toc-counter ez-toc-grey ez-toc-container-direction\">\n<div class=\"ez-toc-title-container\">\n<p class=\"ez-toc-title \" >Table of Contents<\/p>\n<span class=\"ez-toc-title-toggle\"><a href=\"#\" class=\"ez-toc-pull-right ez-toc-btn ez-toc-btn-xs ez-toc-btn-default ez-toc-toggle\" aria-label=\"Toggle Table of Content\"><span class=\"ez-toc-js-icon-con\"><span class=\"\"><span class=\"eztoc-hide\" style=\"display:none;\">Toggle<\/span><span class=\"ez-toc-icon-toggle-span\"><svg style=\"fill: #070c63;color:#070c63\" xmlns=\"http:\/\/www.w3.org\/2000\/svg\" class=\"list-377408\" width=\"20px\" height=\"20px\" viewBox=\"0 0 24 24\" fill=\"none\"><path d=\"M6 6H4v2h2V6zm14 0H8v2h12V6zM4 11h2v2H4v-2zm16 0H8v2h12v-2zM4 16h2v2H4v-2zm16 0H8v2h12v-2z\" fill=\"currentColor\"><\/path><\/svg><svg style=\"fill: #070c63;color:#070c63\" class=\"arrow-unsorted-368013\" xmlns=\"http:\/\/www.w3.org\/2000\/svg\" width=\"10px\" height=\"10px\" viewBox=\"0 0 24 24\" version=\"1.2\" baseProfile=\"tiny\"><path d=\"M18.2 9.3l-6.2-6.3-6.2 6.3c-.2.2-.3.4-.3.7s.1.5.3.7c.2.2.4.3.7.3h11c.3 0 .5-.1.7-.3.2-.2.3-.5.3-.7s-.1-.5-.3-.7zM5.8 14.7l6.2 6.3 6.2-6.3c.2-.2.3-.5.3-.7s-.1-.5-.3-.7c-.2-.2-.4-.3-.7-.3h-11c-.3 0-.5.1-.7.3-.2.2-.3.5-.3.7s.1.5.3.7z\"\/><\/svg><\/span><\/span><\/span><\/a><\/span><\/div>\n<nav><ul class='ez-toc-list ez-toc-list-level-1 eztoc-toggle-hide-by-default' ><li class='ez-toc-page-1 ez-toc-heading-level-3'><a class=\"ez-toc-link ez-toc-heading-1\" href=\"https:\/\/www.ferrycroatia.com\/it\/porto-di-bol\/#I_nostri_migliori_consigli_dal_video_per_il_viaggio_in_traghetto_da_Spalato_a_Bol_Brac\" title=\"I nostri migliori consigli dal video per il viaggio in traghetto da Spalato a Bol (Brac).\">I nostri migliori consigli dal video per il viaggio in traghetto da Spalato a Bol (Brac).<\/a><\/li><li class='ez-toc-page-1 ez-toc-heading-level-3'><a class=\"ez-toc-link ez-toc-heading-2\" href=\"https:\/\/www.ferrycroatia.com\/it\/porto-di-bol\/#Arrivare_da_e_per_il_porto_dei_traghetti_di_Bol\" title=\"Arrivare da e per il porto dei traghetti di Bol:\">Arrivare da e per il porto dei traghetti di Bol:<\/a><\/li><li class='ez-toc-page-1 ez-toc-heading-level-3'><a class=\"ez-toc-link ez-toc-heading-3\" href=\"https:\/\/www.ferrycroatia.com\/it\/porto-di-bol\/#Come_arrivare_da_Bol_allaeroporto_di_Spalato\" title=\"Come arrivare da Bol all&#8217;aeroporto di Spalato:\">Come arrivare da Bol all&#8217;aeroporto di Spalato:<\/a><\/li><li class='ez-toc-page-1 ez-toc-heading-level-3'><a class=\"ez-toc-link ez-toc-heading-4\" href=\"https:\/\/www.ferrycroatia.com\/it\/porto-di-bol\/#Raggiungere_Bol_in_autobus\" title=\"Raggiungere Bol in autobus:\">Raggiungere Bol in autobus:<\/a><\/li><li class='ez-toc-page-1 ez-toc-heading-level-3'><a class=\"ez-toc-link ez-toc-heading-5\" href=\"https:\/\/www.ferrycroatia.com\/it\/porto-di-bol\/#Cosa_si_puo_trovare_al_porto_di_Bol\" title=\"Cosa si pu\u00f2 trovare al porto di Bol:\">Cosa si pu\u00f2 trovare al porto di Bol:<\/a><\/li><li class='ez-toc-page-1 ez-toc-heading-level-3'><a class=\"ez-toc-link ez-toc-heading-6\" href=\"https:\/\/www.ferrycroatia.com\/it\/porto-di-bol\/#Indirizzo_del_porto_di_Bol\" title=\"Indirizzo del porto di Bol:\">Indirizzo del porto di Bol:<\/a><\/li><li class='ez-toc-page-1 ez-toc-heading-level-3'><a class=\"ez-toc-link ez-toc-heading-7\" href=\"https:\/\/www.ferrycroatia.com\/it\/porto-di-bol\/#Elenco_delle_tratte_dei_traghetti_da_per_Bol\" title=\"Elenco delle tratte dei traghetti da \/ per Bol:\">Elenco delle tratte dei traghetti da \/ per Bol:<\/a><\/li><li class='ez-toc-page-1 ez-toc-heading-level-3'><a class=\"ez-toc-link ez-toc-heading-8\" href=\"https:\/\/www.ferrycroatia.com\/it\/porto-di-bol\/#Guarda_il_nostro_video_sulla_gita_di_un_giorno_a_Bol_Brac\" title=\"Guarda il nostro video sulla gita di un giorno a Bol (Brac)\">Guarda il nostro video sulla gita di un giorno a Bol (Brac)<\/a><\/li><\/ul><\/nav><\/div>\n<h3><span class=\"ez-toc-section\" id=\"I_nostri_migliori_consigli_dal_video_per_il_viaggio_in_traghetto_da_Spalato_a_Bol_Brac\"><\/span>I nostri migliori consigli dal video per il viaggio in traghetto da Spalato a Bol (Brac).<span class=\"ez-toc-section-end\"><\/span><\/h3>\n\n\n\n\n\n\n    <meta charset=\"UTF-8\">\n    <meta name=\"viewport\" content=\"width=device-width, initial-scale=1.0\">\n    <style>\n        .video-container {\n            position: relative;\n            width: 100%;\n            padding-bottom: 56.25%; \/* 16:9 aspect ratio (height\/width) *\/\n            overflow: hidden;\n        }\n\n        .video-container iframe {\n            position: absolute;\n            top: 0;\n            left: 0;\n            width: 100%;\n            height: 100%;\n        }\n    <\/style>\n\n\n\n<div class=\"video-container\">\n    <iframe src=\"https:\/\/www.youtube.com\/embed\/QXTCvB5v0N4?si=k68qmyL9k8NZPr9Z\" title=\"YouTube video player\" frameborder=\"0\" allow=\"accelerometer; autoplay; clipboard-write; encrypted-media; gyroscope; picture-in-picture; web-share\" allowfullscreen=\"\"><\/iframe>\n<\/div>\n\n\n\n\n\n\n<p><\/p>\n\n\n\n<h3><span class=\"ez-toc-section\" id=\"Arrivare_da_e_per_il_porto_dei_traghetti_di_Bol\"><\/span>Arrivare da e per il porto dei traghetti di Bol:<span class=\"ez-toc-section-end\"><\/span><\/h3>\n\n\n\n<p>Il molo da cui partono i traghetti\/catamarani si trova proprio nel <strong>centro di Bol<\/strong>, vicino alla passeggiata principale in riva al mare. Non importa dove si trova il suo alloggio siccome \u00e8 facilmente <strong>raggiungibile a piedi<\/strong>.<\/p>\n\n\n\n<p>L&#8217;alternativa, soprattutto se ha molti bagagli \u00e8 prendere un taxi che non costa molto, visto che <strong>\u00e8 una distanza piuttosto breve<\/strong>.<\/p>\n\n\n\n<p><strong>Anche la stazione degli autobus \u00e8 vicino al porto<\/strong> ed \u00e8 facile da trovare. Controlli il link <a href=\"https:\/\/getbybus.com\/it\/bus-da-bol-brac\">qui<\/a> per vedere la posizione esatta. Ci sono linee di autobus tra Bol e altre principali destinazioni di Lesina.<\/p>\n\n\n\n<h3><span class=\"ez-toc-section\" id=\"Come_arrivare_da_Bol_allaeroporto_di_Spalato\"><\/span>Come arrivare da Bol all&#8217;aeroporto di Spalato:<span class=\"ez-toc-section-end\"><\/span><\/h3>\n\n\n\n<p>Ci sono <strong>traghetti passeggeri diretti da Bol a Spalato<\/strong>. Se nessuna delle partenze in traghetto corrisponde al suo itinerario, pu\u00f2 semplicemente prendere un traghetto da <a href=\"https:\/\/www.ferrycroatia.com\/it\/san-pietro-di-brazza-spalato\/\">Supetar a Spalato<\/a> (che sono pi\u00f9 frequenti), ma tenga presente che<strong><a href=\"https:\/\/getbybus.com\/it\/bus-bol-a-san-pietro-di-brazza\"> il viaggio in autobus da Bol a Supetar<\/a> <\/strong>pu\u00f2 richiedere fino a un&#8217;ora. Una volta arrivato al <a href=\"https:\/\/www.ferrycroatia.com\/it\/porto-di-spalato\/\">porto dei traghetti di Spalato<\/a> bisogna semplicemente <strong>attraversare la strada per raggiungere la stazione principale degli autobus<\/strong> dove poi bisogna prendere un bus navetta per l&#8217;aeroporto.<\/p>\n\n\n\n<p>L&#8217;aeroporto si trova a circa <strong>25 km da Spalato<\/strong> e ci vogliono circa 30-40 minuti con il bus navetta.<\/p>\n\n\n\n<h3><span class=\"ez-toc-section\" id=\"Raggiungere_Bol_in_autobus\"><\/span>Raggiungere Bol in autobus:<span class=\"ez-toc-section-end\"><\/span><\/h3>\n\n\n\n<p><strong>Se viaggia in autobus e deve raggiungere Bol<\/strong>, bisogna prima arrivare a Spalato, la citt\u00e0 collegata da linee di autobus regolari e stagionali a molte destinazioni croate e <strong>persino europee<\/strong>. La stazione principale degli autobus si trova proprio dall&#8217;altro lato della strada rispetto al terminal dei traghetti, dove pu\u00f2 prendere un catamarano diretto a Bol. Per la posizione esatta controlli <a href=\"https:\/\/getbybus.com\/it\/bus-da-spalato\">qui<\/a>.<\/p>\n\n\n\n<p>Se va in macchina, l&#8217;alternativa \u00e8 prendere un<a href=\"https:\/\/www.ferrycroatia.com\/it\/porto-di-supetar\/\"> traghetto per Supetar<\/a> e poi guidare fino a Bol.<\/p>\n\n\n\n<h3><span class=\"ez-toc-section\" id=\"Cosa_si_puo_trovare_al_porto_di_Bol\"><\/span>Cosa si pu\u00f2 trovare al porto di Bol:<span class=\"ez-toc-section-end\"><\/span><\/h3>\n\n\n\n<p>Come accennato in precedenza, il porto dei catamarani a Bol si trova proprio <strong>nel centro della citt\u00e0<\/strong>, <strong>vicino alla passeggiata principale in riva<\/strong> al mare quindi ovviamente l\u00ec si pu\u00f2 trovare molti servizi come ad es. negozi, bar, ristoranti, bancomat, ecc.<\/p>\n\n\n\n<h3><span class=\"ez-toc-section\" id=\"Indirizzo_del_porto_di_Bol\"><\/span>Indirizzo del porto di Bol:<span class=\"ez-toc-section-end\"><\/span><\/h3>\n\n\n\n<blockquote class=\"wp-block-quote\"><p>Ra\u010di\u0107eva<\/p><p>21420 Bol (Brazza)<\/p><p>Coordinate GPS: 43.26092, 16.65739<\/p><\/blockquote>\n\n\n\n<figure class=\"wp-block-image\"><a class=\"lightbox\" href=\"http:\/\/www.ferrycroatia.com\/wp-content\/uploads\/2016\/06\/Bol.jpg\"><img decoding=\"async\" data-src=\"http:\/\/www.ferrycroatia.com\/wp-content\/uploads\/2016\/06\/Bol.jpg\" alt=\"Bol\" class=\"wp-image-230\"\/><\/a><\/figure>\n\n\n\n<h3><span class=\"ez-toc-section\" id=\"Elenco_delle_tratte_dei_traghetti_da_per_Bol\"><\/span>Elenco delle tratte dei traghetti da \/ per Bol:<span class=\"ez-toc-section-end\"><\/span><\/h3>\n\n\n\n<p>Linea di catamarani da Spalato via Bol e Jelsa a Lesina<\/p>\n\n\n\n<figure class=\"wp-block-table\"><table><tbody><tr><td><a href=\"https:\/\/www.ferrycroatia.com\/it\/bol-spalato\/\">Bol &#8211; Spalato<\/a><\/td><td><a href=\"https:\/\/www.ferrycroatia.com\/it\/bol-gelsa\/\">Bol &#8211; Gelsa<\/a><\/td><\/tr><tr><td><a href=\"https:\/\/www.ferrycroatia.com\/it\/spalato-bol\/\">Spalato &#8211; Bol<\/a><\/td><td><a href=\"https:\/\/www.ferrycroatia.com\/it\/gelsa-bol\/\">Gelsa &#8211; Bol<\/a><\/td><\/tr><\/tbody><\/table><\/figure>\n\n\n\n<p>Linea di catamarani da Spalato via Bol a Makarska, Sobra (Meleda), Curzola a Ragusa<\/p>\n\n\n\n<figure class=\"wp-block-table\"><table><tbody><tr><td><a href=\"https:\/\/www.ferrycroatia.com\/it\/bol-makarska\/\">Bol &#8211; Makarska<\/a><\/td><td><a href=\"https:\/\/www.ferrycroatia.com\/it\/bol-sobra\/\">Bol &#8211; Meleda<\/a><\/td><td><a href=\"https:\/\/www.ferrycroatia.com\/it\/bol-curzola\/\">Bol &#8211; Curzola<\/a><\/td><\/tr><tr><td><a href=\"https:\/\/www.ferrycroatia.com\/it\/makarska-bol\/\">Makarska &#8211; Bol<\/a><\/td><td><a href=\"https:\/\/www.ferrycroatia.com\/it\/sobra-bol\/\">Meleda &#8211; Bol<\/a><\/td><td><a href=\"https:\/\/www.ferrycroatia.com\/it\/curzola-bol\/\">Curzola &#8211; Bol<\/a><\/td><\/tr><\/tbody><\/table><\/figure>\n\n\n\n<p>Linea di catamarani da Spalato via Bol alla citt\u00e0 di Lesina, Curzola e Ragusa<\/p>\n\n\n\n<figure class=\"wp-block-table\"><table><tbody><tr><td><a href=\"https:\/\/www.ferrycroatia.com\/it\/bol-lesina\/\">Bol &#8211; Lesina<\/a><\/td><td><a href=\"https:\/\/www.ferrycroatia.com\/it\/bol-ragusa\/\">Bol &#8211; Ragusa<\/a><\/td><\/tr><tr><td><a href=\"https:\/\/www.ferrycroatia.com\/it\/lesina-bol\/\">Lesina &#8211; Bol<\/a><\/td><td><a href=\"https:\/\/www.ferrycroatia.com\/it\/ragusa-bol\/\">Ragusa &#8211; Bol<\/a><\/td><\/tr><\/tbody><\/table><\/figure>\n\n\n\n<h3><span class=\"ez-toc-section\" id=\"Guarda_il_nostro_video_sulla_gita_di_un_giorno_a_Bol_Brac\"><\/span>Guarda il nostro video sulla gita di un giorno a Bol (Brac)<span class=\"ez-toc-section-end\"><\/span><\/h3>\n\n\n\n<p><iframe loading=\"lazy\" title=\"YouTube video player\" src=\"https:\/\/www.youtube.com\/embed\/7E7OYzG2eK4?si=s5SJdU9TiNB4iTKb\" width=\"560\" height=\"315\" frameborder=\"0\" allowfullscreen=\"allowfullscreen\"><\/iframe><\/p>\n","protected":false},"excerpt":{"rendered":"<p>Bol \u00e8 una citt\u00e0 sul lato sud dell&#8217;isola di Brazza. \u00c8 la citt\u00e0 famosa per una delle spiagge pi\u00f9 belle della Croazia \u2013 Corno d\u2019oro. Bol \u00e8 collegata alla terraferma (Spalato) e all&#8217;isola di Lesina (Jelsa) da regolari linee di catamarani. Il molo da cui parte il catamarano si trova vicino alla passeggiata principale in [&hellip;]<\/p>\n<p><a class=\"more-link\" href=\"https:\/\/www.ferrycroatia.com\/it\/porto-di-bol\/\"> Continue reading&#8230;<\/a><\/p>\n","protected":false},"author":6,"featured_media":1497,"parent":0,"menu_order":0,"comment_status":"closed","ping_status":"closed","template":"","meta":[],"yoast_head":"<!-- This site is optimized with the Yoast SEO plugin v19.8 - https:\/\/yoast.com\/wordpress\/plugins\/seo\/ -->\n<title>Porto di Bol, partenze di catamarani e traghetti veloci<\/title>\n<meta name=\"description\" content=\"Porto di Bol informazioni, posizione e servizi disponibili. Come arrivarci, e tutti i traghetti veloci e catamarani che partono da e fino a Brac.\" \/>\n<meta name=\"robots\" content=\"index, follow, max-snippet:-1, max-image-preview:large, max-video-preview:-1\" \/>\n<link rel=\"canonical\" href=\"https:\/\/www.ferrycroatia.com\/it\/porto-di-bol\/\" \/>\n<meta property=\"og:locale\" content=\"en_US\" \/>\n<meta property=\"og:type\" content=\"article\" \/>\n<meta property=\"og:title\" content=\"Porto di Bol, partenze di catamarani e traghetti veloci\" \/>\n<meta property=\"og:description\" content=\"Porto di Bol informazioni, posizione e servizi disponibili. Come arrivarci, e tutti i traghetti veloci e catamarani che partono da e fino a Brac.\" \/>\n<meta property=\"og:url\" content=\"https:\/\/www.ferrycroatia.com\/it\/porto-di-bol\/\" \/>\n<meta property=\"og:site_name\" content=\"Traghetto Croazia\" \/>\n<meta property=\"article:modified_time\" content=\"2023-12-19T12:31:52+00:00\" \/>\n<meta property=\"og:image\" content=\"https:\/\/www.ferrycroatia.com\/it\/wp-content\/uploads\/2021\/02\/Bol-on-Brac.jpg\" \/>\n\t<meta property=\"og:image:width\" content=\"1024\" \/>\n\t<meta property=\"og:image:height\" content=\"763\" \/>\n\t<meta property=\"og:image:type\" content=\"image\/jpeg\" \/>\n<meta name=\"twitter:card\" content=\"summary_large_image\" \/>\n<meta name=\"twitter:label1\" content=\"Est. reading time\" \/>\n\t<meta name=\"twitter:data1\" content=\"3 minutes\" \/>\n<script type=\"application\/ld+json\" class=\"yoast-schema-graph\">{\"@context\":\"https:\/\/schema.org\",\"@graph\":[{\"@type\":\"WebPage\",\"@id\":\"https:\/\/www.ferrycroatia.com\/it\/porto-di-bol\/\",\"url\":\"https:\/\/www.ferrycroatia.com\/it\/porto-di-bol\/\",\"name\":\"Porto di Bol, partenze di catamarani e traghetti veloci\",\"isPartOf\":{\"@id\":\"https:\/\/www.ferrycroatia.com\/it\/#website\"},\"datePublished\":\"2021-02-04T11:09:07+00:00\",\"dateModified\":\"2023-12-19T12:31:52+00:00\",\"description\":\"Porto di Bol informazioni, posizione e servizi disponibili. Come arrivarci, e tutti i traghetti veloci e catamarani che partono da e fino a Brac.\",\"breadcrumb\":{\"@id\":\"https:\/\/www.ferrycroatia.com\/it\/porto-di-bol\/#breadcrumb\"},\"inLanguage\":\"en-US\",\"potentialAction\":[{\"@type\":\"ReadAction\",\"target\":[\"https:\/\/www.ferrycroatia.com\/it\/porto-di-bol\/\"]}]},{\"@type\":\"BreadcrumbList\",\"@id\":\"https:\/\/www.ferrycroatia.com\/it\/porto-di-bol\/#breadcrumb\",\"itemListElement\":[{\"@type\":\"ListItem\",\"position\":1,\"name\":\"Home\",\"item\":\"https:\/\/www.ferrycroatia.com\/it\/\"},{\"@type\":\"ListItem\",\"position\":2,\"name\":\"Porto di Bol\"}]},{\"@type\":\"WebSite\",\"@id\":\"https:\/\/www.ferrycroatia.com\/it\/#website\",\"url\":\"https:\/\/www.ferrycroatia.com\/it\/\",\"name\":\"Traghetto Croazia\",\"description\":\"Info e orari per tutti i catamarani e traghetti in Croazia\",\"potentialAction\":[{\"@type\":\"SearchAction\",\"target\":{\"@type\":\"EntryPoint\",\"urlTemplate\":\"https:\/\/www.ferrycroatia.com\/it\/?s={search_term_string}\"},\"query-input\":\"required name=search_term_string\"}],\"inLanguage\":\"en-US\"}]}<\/script>\n<!-- \/ Yoast SEO plugin. -->","yoast_head_json":{"title":"Porto di Bol, partenze di catamarani e traghetti veloci","description":"Porto di Bol informazioni, posizione e servizi disponibili. Come arrivarci, e tutti i traghetti veloci e catamarani che partono da e fino a Brac.","robots":{"index":"index","follow":"follow","max-snippet":"max-snippet:-1","max-image-preview":"max-image-preview:large","max-video-preview":"max-video-preview:-1"},"canonical":"https:\/\/www.ferrycroatia.com\/it\/porto-di-bol\/","og_locale":"en_US","og_type":"article","og_title":"Porto di Bol, partenze di catamarani e traghetti veloci","og_description":"Porto di Bol informazioni, posizione e servizi disponibili. Come arrivarci, e tutti i traghetti veloci e catamarani che partono da e fino a Brac.","og_url":"https:\/\/www.ferrycroatia.com\/it\/porto-di-bol\/","og_site_name":"Traghetto Croazia","article_modified_time":"2023-12-19T12:31:52+00:00","og_image":[{"width":1024,"height":763,"url":"https:\/\/www.ferrycroatia.com\/it\/wp-content\/uploads\/2021\/02\/Bol-on-Brac.jpg","type":"image\/jpeg"}],"twitter_card":"summary_large_image","twitter_misc":{"Est. reading time":"3 minutes"},"schema":{"@context":"https:\/\/schema.org","@graph":[{"@type":"WebPage","@id":"https:\/\/www.ferrycroatia.com\/it\/porto-di-bol\/","url":"https:\/\/www.ferrycroatia.com\/it\/porto-di-bol\/","name":"Porto di Bol, partenze di catamarani e traghetti veloci","isPartOf":{"@id":"https:\/\/www.ferrycroatia.com\/it\/#website"},"datePublished":"2021-02-04T11:09:07+00:00","dateModified":"2023-12-19T12:31:52+00:00","description":"Porto di Bol informazioni, posizione e servizi disponibili. Come arrivarci, e tutti i traghetti veloci e catamarani che partono da e fino a Brac.","breadcrumb":{"@id":"https:\/\/www.ferrycroatia.com\/it\/porto-di-bol\/#breadcrumb"},"inLanguage":"en-US","potentialAction":[{"@type":"ReadAction","target":["https:\/\/www.ferrycroatia.com\/it\/porto-di-bol\/"]}]},{"@type":"BreadcrumbList","@id":"https:\/\/www.ferrycroatia.com\/it\/porto-di-bol\/#breadcrumb","itemListElement":[{"@type":"ListItem","position":1,"name":"Home","item":"https:\/\/www.ferrycroatia.com\/it\/"},{"@type":"ListItem","position":2,"name":"Porto di Bol"}]},{"@type":"WebSite","@id":"https:\/\/www.ferrycroatia.com\/it\/#website","url":"https:\/\/www.ferrycroatia.com\/it\/","name":"Traghetto Croazia","description":"Info e orari per tutti i catamarani e traghetti in Croazia","potentialAction":[{"@type":"SearchAction","target":{"@type":"EntryPoint","urlTemplate":"https:\/\/www.ferrycroatia.com\/it\/?s={search_term_string}"},"query-input":"required name=search_term_string"}],"inLanguage":"en-US"}]}},"_links":{"self":[{"href":"https:\/\/www.ferrycroatia.com\/it\/wp-json\/wp\/v2\/pages\/1495"}],"collection":[{"href":"https:\/\/www.ferrycroatia.com\/it\/wp-json\/wp\/v2\/pages"}],"about":[{"href":"https:\/\/www.ferrycroatia.com\/it\/wp-json\/wp\/v2\/types\/page"}],"author":[{"embeddable":true,"href":"https:\/\/www.ferrycroatia.com\/it\/wp-json\/wp\/v2\/users\/6"}],"replies":[{"embeddable":true,"href":"https:\/\/www.ferrycroatia.com\/it\/wp-json\/wp\/v2\/comments?post=1495"}],"version-history":[{"count":6,"href":"https:\/\/www.ferrycroatia.com\/it\/wp-json\/wp\/v2\/pages\/1495\/revisions"}],"predecessor-version":[{"id":3521,"href":"https:\/\/www.ferrycroatia.com\/it\/wp-json\/wp\/v2\/pages\/1495\/revisions\/3521"}],"wp:featuredmedia":[{"embeddable":true,"href":"https:\/\/www.ferrycroatia.com\/it\/wp-json\/wp\/v2\/media\/1497"}],"wp:attachment":[{"href":"https:\/\/www.ferrycroatia.com\/it\/wp-json\/wp\/v2\/media?parent=1495"}],"curies":[{"name":"wp","href":"https:\/\/api.w.org\/{rel}","templated":true}]}}