{"id":1499,"date":"2021-02-04T11:01:10","date_gmt":"2021-02-04T11:01:10","guid":{"rendered":"https:\/\/ferrycroatia.com\/it\/?page_id=1499"},"modified":"2021-08-19T13:26:33","modified_gmt":"2021-08-19T11:26:33","slug":"porto-di-bosavia","status":"publish","type":"page","link":"https:\/\/www.ferrycroatia.com\/it\/porto-di-bosavia\/","title":{"rendered":"Porto di Bozava"},"content":{"rendered":"\n<p><strong>Bozava \u00e8 una piccola citt\u00e0 situata sul lato nord-est di <a href=\"https:\/\/www.ferrycroatia.com\/it\/isola-lunga\/\">Isola Lunga<\/a>.<\/strong> \u00c8 una destinazione turistica sviluppata, con un piccolo porto di catamarani collegato da regolari linee di catamarani con Zara e le isole di <a href=\"https:\/\/www.ferrycroatia.com\/it\/isola-di-sestrugno\/\">Sestrunj<\/a>, <a href=\"https:\/\/www.ferrycroatia.com\/it\/isola-di-sferinaz\/\">Zverinac<\/a> e <a href=\"https:\/\/www.ferrycroatia.com\/it\/isola-di-rivani\/\">Rivanj<\/a>. Il porto dei catamarani di Bozava si trova all&#8217;inizio di una baia stretta, <strong>ben protetta dai venti e dalle onde,<\/strong> proprio nel centro della citt\u00e0.<\/p>\n\n\n\n<div id=\"ez-toc-container\" class=\"ez-toc-v2_0_62 counter-hierarchy ez-toc-counter ez-toc-grey ez-toc-container-direction\">\n<div class=\"ez-toc-title-container\">\n<p class=\"ez-toc-title \" >Table of Contents<\/p>\n<span class=\"ez-toc-title-toggle\"><a href=\"#\" class=\"ez-toc-pull-right ez-toc-btn ez-toc-btn-xs ez-toc-btn-default ez-toc-toggle\" aria-label=\"Toggle Table of Content\"><span class=\"ez-toc-js-icon-con\"><span class=\"\"><span class=\"eztoc-hide\" style=\"display:none;\">Toggle<\/span><span class=\"ez-toc-icon-toggle-span\"><svg style=\"fill: #070c63;color:#070c63\" xmlns=\"http:\/\/www.w3.org\/2000\/svg\" class=\"list-377408\" width=\"20px\" height=\"20px\" viewBox=\"0 0 24 24\" fill=\"none\"><path d=\"M6 6H4v2h2V6zm14 0H8v2h12V6zM4 11h2v2H4v-2zm16 0H8v2h12v-2zM4 16h2v2H4v-2zm16 0H8v2h12v-2z\" fill=\"currentColor\"><\/path><\/svg><svg style=\"fill: #070c63;color:#070c63\" class=\"arrow-unsorted-368013\" xmlns=\"http:\/\/www.w3.org\/2000\/svg\" width=\"10px\" height=\"10px\" viewBox=\"0 0 24 24\" version=\"1.2\" baseProfile=\"tiny\"><path d=\"M18.2 9.3l-6.2-6.3-6.2 6.3c-.2.2-.3.4-.3.7s.1.5.3.7c.2.2.4.3.7.3h11c.3 0 .5-.1.7-.3.2-.2.3-.5.3-.7s-.1-.5-.3-.7zM5.8 14.7l6.2 6.3 6.2-6.3c.2-.2.3-.5.3-.7s-.1-.5-.3-.7c-.2-.2-.4-.3-.7-.3h-11c-.3 0-.5.1-.7.3-.2.2-.3.5-.3.7s.1.5.3.7z\"\/><\/svg><\/span><\/span><\/span><\/a><\/span><\/div>\n<nav><ul class='ez-toc-list ez-toc-list-level-1 eztoc-toggle-hide-by-default' ><li class='ez-toc-page-1 ez-toc-heading-level-3'><a class=\"ez-toc-link ez-toc-heading-1\" href=\"https:\/\/www.ferrycroatia.com\/it\/porto-di-bosavia\/#Raggiungere_il_porto_di_Bozava\" title=\"Raggiungere il porto di Bozava\">Raggiungere il porto di Bozava<\/a><\/li><li class='ez-toc-page-1 ez-toc-heading-level-3'><a class=\"ez-toc-link ez-toc-heading-2\" href=\"https:\/\/www.ferrycroatia.com\/it\/porto-di-bosavia\/#Cosa_puo_trovare_nel_porto_di_Bozava\" title=\"Cosa pu\u00f2 trovare nel porto di Bozava\">Cosa pu\u00f2 trovare nel porto di Bozava<\/a><\/li><li class='ez-toc-page-1 ez-toc-heading-level-3'><a class=\"ez-toc-link ez-toc-heading-3\" href=\"https:\/\/www.ferrycroatia.com\/it\/porto-di-bosavia\/#Indirizzo_del_porto_Bozava\" title=\"Indirizzo del porto Bozava\">Indirizzo del porto Bozava<\/a><\/li><li class='ez-toc-page-1 ez-toc-heading-level-3'><a class=\"ez-toc-link ez-toc-heading-4\" href=\"https:\/\/www.ferrycroatia.com\/it\/porto-di-bosavia\/#Elenco_dei_percorsi_in_traghetto_da_e_per_Bozava\" title=\"Elenco dei percorsi in traghetto da e per Bozava:\">Elenco dei percorsi in traghetto da e per Bozava:<\/a><\/li><\/ul><\/nav><\/div>\n<h3><span class=\"ez-toc-section\" id=\"Raggiungere_il_porto_di_Bozava\"><\/span><b>Raggiungere il porto di Bozava<\/b><span class=\"ez-toc-section-end\"><\/span><\/h3>\n\n\n\n<p>Il tempo di viaggio <strong>con il traghetto veloce da Zara a Bozava<\/strong> dura circa 1 ora e 30 minuti, e la linea opera solo durante la stagione estiva. Una volta arrivato a Bozava, pu\u00f2 raggiungere a piedi il Suo alloggio poich\u00e9 la citt\u00e0 \u00e8 davvero piccola. <strong>Se avesse bisogno di andare in un altro posto su Isola Lunga,<\/strong> dovrebbe chiedere consiglio al padrone di luogo in cui soggiorna.<\/p>\n\n\n\n<h3><span class=\"ez-toc-section\" id=\"Cosa_puo_trovare_nel_porto_di_Bozava\"><\/span><b>Cosa pu\u00f2 trovare nel porto di Bozava<\/b><span class=\"ez-toc-section-end\"><\/span><\/h3>\n\n\n\n<p>Il molo da cui parte il catamarano si trova proprio nel centro del paese, quindi nelle vicinanze \u00e8 possibile trovare alcuni servizi (alcune formano la parte di un complesso alberghiero): bar, ristoranti, negozi, un ufficio postale, ecc.<\/p>\n\n\n\n<h3><span class=\"ez-toc-section\" id=\"Indirizzo_del_porto_Bozava\"><\/span><b>Indirizzo del porto Bozava<\/b><span class=\"ez-toc-section-end\"><\/span><\/h3>\n\n\n\n<ul><li aria-level=\"1\">Longitudine: 14.906786<\/li><li aria-level=\"1\">Latitudine: 44.139598<\/li><li aria-level=\"1\">23286 Bozava (Isola Lunga)<\/li><\/ul>\n\n\n\n<figure class=\"wp-block-image\"><a class=\"lightbox\" href=\"http:\/\/www.ferrycroatia.com\/wp-content\/uploads\/2016\/08\/bozava-catamaran-port.jpg\"><img decoding=\"async\" data-src=\"http:\/\/www.ferrycroatia.com\/wp-content\/uploads\/2016\/08\/bozava-catamaran-port.jpg\" alt=\"bozava catamaran port\" class=\"wp-image-619\"\/><\/a><\/figure>\n\n\n\n<h3><span class=\"ez-toc-section\" id=\"Elenco_dei_percorsi_in_traghetto_da_e_per_Bozava\"><\/span><b>Elenco dei percorsi in traghetto da e per Bozava:<\/b><span class=\"ez-toc-section-end\"><\/span><\/h3>\n\n\n\n<p>Linea: Zara &#8211; Rivanj &#8211; Sestrunj &#8211; Zverinac &#8211; Bozava (Isola Lunga) \u2013 Brbinj<\/p>\n\n\n\n<figure class=\"wp-block-table\"><table><tbody><tr><td><a href=\"https:\/\/www.ferrycroatia.com\/it\/bozava-zara\/\">Bozava &#8211; Zara<\/a><\/td><td><a href=\"https:\/\/www.ferrycroatia.com\/it\/bozava-birbigno\/\">Bozava &#8211; Brbinj<\/a><\/td><td><a href=\"https:\/\/www.ferrycroatia.com\/it\/bozava-zverinac\/\">Bozava &#8211; Zverinac<\/a><\/td><td><a href=\"https:\/\/www.ferrycroatia.com\/it\/bozava-sestrugno\/\">Bozava &#8211; Sestrunj<\/a><\/td><td><a href=\"https:\/\/www.ferrycroatia.com\/it\/bozava-rivani\/\">Bozava &#8211; Rivanj<\/a><\/td><\/tr><tr><td><a href=\"https:\/\/www.ferrycroatia.com\/it\/zara-bozava\/\">Zara &#8211; Bozava<\/a><\/td><td><a href=\"https:\/\/www.ferrycroatia.com\/it\/birbigno-bozava\/\">Brbinj &#8211; Bozava<\/a><\/td><td><a href=\"https:\/\/www.ferrycroatia.com\/it\/sferinaz-bozava\/\">Zverinac &#8211; Bozava<\/a><\/td><td><a href=\"https:\/\/www.ferrycroatia.com\/it\/sestrugno-bozava\/\">Sestrunj &#8211; Bozava<\/a><\/td><td><a href=\"https:\/\/www.ferrycroatia.com\/it\/rivani-bozava\/\">Rivanj &#8211; Bozava<\/a><\/td><\/tr><\/tbody><\/table><\/figure>\n\n\n\n<p><\/p>\n","protected":false},"excerpt":{"rendered":"<p>Bozava \u00e8 una piccola citt\u00e0 situata sul lato nord-est di Isola Lunga. \u00c8 una destinazione turistica sviluppata, con un piccolo porto di catamarani collegato da regolari linee di catamarani con Zara e le isole di Sestrunj, Zverinac e Rivanj. Il porto dei catamarani di Bozava si trova all&#8217;inizio di una baia stretta, ben protetta dai [&hellip;]<\/p>\n<p><a class=\"more-link\" href=\"https:\/\/www.ferrycroatia.com\/it\/porto-di-bosavia\/\"> Continue reading&#8230;<\/a><\/p>\n","protected":false},"author":7,"featured_media":0,"parent":0,"menu_order":0,"comment_status":"closed","ping_status":"closed","template":"","meta":[],"yoast_head":"<!-- This site is optimized with the Yoast SEO plugin v19.8 - https:\/\/yoast.com\/wordpress\/plugins\/seo\/ -->\n<title>Porto di Bozava, partenze di catamarani e traghetti veloci<\/title>\n<meta name=\"description\" content=\"Porto di Bozava informazioni, posizione e servizi disponibili. Come arrivarci, e tutti i traghetti veloci e catamarani che partono da e fino a Dugi Otok.\" \/>\n<meta name=\"robots\" content=\"index, follow, max-snippet:-1, max-image-preview:large, max-video-preview:-1\" \/>\n<link rel=\"canonical\" href=\"https:\/\/www.ferrycroatia.com\/it\/porto-di-bosavia\/\" \/>\n<meta property=\"og:locale\" content=\"en_US\" \/>\n<meta property=\"og:type\" content=\"article\" \/>\n<meta property=\"og:title\" content=\"Porto di Bozava, partenze di catamarani e traghetti veloci\" \/>\n<meta property=\"og:description\" content=\"Porto di Bozava informazioni, posizione e servizi disponibili. Come arrivarci, e tutti i traghetti veloci e catamarani che partono da e fino a Dugi Otok.\" \/>\n<meta property=\"og:url\" content=\"https:\/\/www.ferrycroatia.com\/it\/porto-di-bosavia\/\" \/>\n<meta property=\"og:site_name\" content=\"Traghetto Croazia\" \/>\n<meta property=\"article:modified_time\" content=\"2021-08-19T11:26:33+00:00\" \/>\n<meta property=\"og:image\" content=\"http:\/\/www.ferrycroatia.com\/wp-content\/uploads\/2016\/08\/bozava-catamaran-port.jpg\" \/>\n<meta name=\"twitter:card\" content=\"summary_large_image\" \/>\n<meta name=\"twitter:label1\" content=\"Est. reading time\" \/>\n\t<meta name=\"twitter:data1\" content=\"2 minutes\" \/>\n<script type=\"application\/ld+json\" class=\"yoast-schema-graph\">{\"@context\":\"https:\/\/schema.org\",\"@graph\":[{\"@type\":\"WebPage\",\"@id\":\"https:\/\/www.ferrycroatia.com\/it\/porto-di-bosavia\/\",\"url\":\"https:\/\/www.ferrycroatia.com\/it\/porto-di-bosavia\/\",\"name\":\"Porto di Bozava, partenze di catamarani e traghetti veloci\",\"isPartOf\":{\"@id\":\"https:\/\/www.ferrycroatia.com\/it\/#website\"},\"datePublished\":\"2021-02-04T11:01:10+00:00\",\"dateModified\":\"2021-08-19T11:26:33+00:00\",\"description\":\"Porto di Bozava informazioni, posizione e servizi disponibili. Come arrivarci, e tutti i traghetti veloci e catamarani che partono da e fino a Dugi Otok.\",\"breadcrumb\":{\"@id\":\"https:\/\/www.ferrycroatia.com\/it\/porto-di-bosavia\/#breadcrumb\"},\"inLanguage\":\"en-US\",\"potentialAction\":[{\"@type\":\"ReadAction\",\"target\":[\"https:\/\/www.ferrycroatia.com\/it\/porto-di-bosavia\/\"]}]},{\"@type\":\"BreadcrumbList\",\"@id\":\"https:\/\/www.ferrycroatia.com\/it\/porto-di-bosavia\/#breadcrumb\",\"itemListElement\":[{\"@type\":\"ListItem\",\"position\":1,\"name\":\"Home\",\"item\":\"https:\/\/www.ferrycroatia.com\/it\/\"},{\"@type\":\"ListItem\",\"position\":2,\"name\":\"Porto di Bozava\"}]},{\"@type\":\"WebSite\",\"@id\":\"https:\/\/www.ferrycroatia.com\/it\/#website\",\"url\":\"https:\/\/www.ferrycroatia.com\/it\/\",\"name\":\"Traghetto Croazia\",\"description\":\"Info e orari per tutti i catamarani e traghetti in Croazia\",\"potentialAction\":[{\"@type\":\"SearchAction\",\"target\":{\"@type\":\"EntryPoint\",\"urlTemplate\":\"https:\/\/www.ferrycroatia.com\/it\/?s={search_term_string}\"},\"query-input\":\"required name=search_term_string\"}],\"inLanguage\":\"en-US\"}]}<\/script>\n<!-- \/ Yoast SEO plugin. -->","yoast_head_json":{"title":"Porto di Bozava, partenze di catamarani e traghetti veloci","description":"Porto di Bozava informazioni, posizione e servizi disponibili. Come arrivarci, e tutti i traghetti veloci e catamarani che partono da e fino a Dugi Otok.","robots":{"index":"index","follow":"follow","max-snippet":"max-snippet:-1","max-image-preview":"max-image-preview:large","max-video-preview":"max-video-preview:-1"},"canonical":"https:\/\/www.ferrycroatia.com\/it\/porto-di-bosavia\/","og_locale":"en_US","og_type":"article","og_title":"Porto di Bozava, partenze di catamarani e traghetti veloci","og_description":"Porto di Bozava informazioni, posizione e servizi disponibili. Come arrivarci, e tutti i traghetti veloci e catamarani che partono da e fino a Dugi Otok.","og_url":"https:\/\/www.ferrycroatia.com\/it\/porto-di-bosavia\/","og_site_name":"Traghetto Croazia","article_modified_time":"2021-08-19T11:26:33+00:00","og_image":[{"url":"http:\/\/www.ferrycroatia.com\/wp-content\/uploads\/2016\/08\/bozava-catamaran-port.jpg"}],"twitter_card":"summary_large_image","twitter_misc":{"Est. reading time":"2 minutes"},"schema":{"@context":"https:\/\/schema.org","@graph":[{"@type":"WebPage","@id":"https:\/\/www.ferrycroatia.com\/it\/porto-di-bosavia\/","url":"https:\/\/www.ferrycroatia.com\/it\/porto-di-bosavia\/","name":"Porto di Bozava, partenze di catamarani e traghetti veloci","isPartOf":{"@id":"https:\/\/www.ferrycroatia.com\/it\/#website"},"datePublished":"2021-02-04T11:01:10+00:00","dateModified":"2021-08-19T11:26:33+00:00","description":"Porto di Bozava informazioni, posizione e servizi disponibili. Come arrivarci, e tutti i traghetti veloci e catamarani che partono da e fino a Dugi Otok.","breadcrumb":{"@id":"https:\/\/www.ferrycroatia.com\/it\/porto-di-bosavia\/#breadcrumb"},"inLanguage":"en-US","potentialAction":[{"@type":"ReadAction","target":["https:\/\/www.ferrycroatia.com\/it\/porto-di-bosavia\/"]}]},{"@type":"BreadcrumbList","@id":"https:\/\/www.ferrycroatia.com\/it\/porto-di-bosavia\/#breadcrumb","itemListElement":[{"@type":"ListItem","position":1,"name":"Home","item":"https:\/\/www.ferrycroatia.com\/it\/"},{"@type":"ListItem","position":2,"name":"Porto di Bozava"}]},{"@type":"WebSite","@id":"https:\/\/www.ferrycroatia.com\/it\/#website","url":"https:\/\/www.ferrycroatia.com\/it\/","name":"Traghetto Croazia","description":"Info e orari per tutti i catamarani e traghetti in Croazia","potentialAction":[{"@type":"SearchAction","target":{"@type":"EntryPoint","urlTemplate":"https:\/\/www.ferrycroatia.com\/it\/?s={search_term_string}"},"query-input":"required name=search_term_string"}],"inLanguage":"en-US"}]}},"_links":{"self":[{"href":"https:\/\/www.ferrycroatia.com\/it\/wp-json\/wp\/v2\/pages\/1499"}],"collection":[{"href":"https:\/\/www.ferrycroatia.com\/it\/wp-json\/wp\/v2\/pages"}],"about":[{"href":"https:\/\/www.ferrycroatia.com\/it\/wp-json\/wp\/v2\/types\/page"}],"author":[{"embeddable":true,"href":"https:\/\/www.ferrycroatia.com\/it\/wp-json\/wp\/v2\/users\/7"}],"replies":[{"embeddable":true,"href":"https:\/\/www.ferrycroatia.com\/it\/wp-json\/wp\/v2\/comments?post=1499"}],"version-history":[{"count":4,"href":"https:\/\/www.ferrycroatia.com\/it\/wp-json\/wp\/v2\/pages\/1499\/revisions"}],"predecessor-version":[{"id":3118,"href":"https:\/\/www.ferrycroatia.com\/it\/wp-json\/wp\/v2\/pages\/1499\/revisions\/3118"}],"wp:attachment":[{"href":"https:\/\/www.ferrycroatia.com\/it\/wp-json\/wp\/v2\/media?parent=1499"}],"curies":[{"name":"wp","href":"https:\/\/api.w.org\/{rel}","templated":true}]}}