{"id":1501,"date":"2021-02-04T11:10:43","date_gmt":"2021-02-04T11:10:43","guid":{"rendered":"https:\/\/ferrycroatia.com\/it\/?page_id=1501"},"modified":"2021-08-19T13:23:57","modified_gmt":"2021-08-19T11:23:57","slug":"porto-di-berbigno","status":"publish","type":"page","link":"https:\/\/www.ferrycroatia.com\/it\/porto-di-berbigno\/","title":{"rendered":"Porto di Brbin"},"content":{"rendered":"\n<p>Brbinj \u00e8 una piccola citt\u00e0 <strong>sul lato nord-orientale di Isola Lunga.<\/strong> Abbraccia due baie. Nella baia settentrionale Bura, c&#8217;\u00e8 un terminal dei traghetti situato all&#8217;inizio, a circa 2 km dall&#8217;altra baia. Brbinj \u00e8 collegata da linee regolari di traghetti e catamarani con <a href=\"https:\/\/www.ferrycroatia.com\/it\/porto-di-zara\/\">il porto vicino al centro di Zara<\/a> e il terminal dei traghetti Gazenica a Zara, le isole di Sestrunj, Zverinac e Rivanj.<\/p>\n\n\n\n<div id=\"ez-toc-container\" class=\"ez-toc-v2_0_62 counter-hierarchy ez-toc-counter ez-toc-grey ez-toc-container-direction\">\n<div class=\"ez-toc-title-container\">\n<p class=\"ez-toc-title \" >Table of Contents<\/p>\n<span class=\"ez-toc-title-toggle\"><a href=\"#\" class=\"ez-toc-pull-right ez-toc-btn ez-toc-btn-xs ez-toc-btn-default ez-toc-toggle\" aria-label=\"Toggle Table of Content\"><span class=\"ez-toc-js-icon-con\"><span class=\"\"><span class=\"eztoc-hide\" style=\"display:none;\">Toggle<\/span><span class=\"ez-toc-icon-toggle-span\"><svg style=\"fill: #070c63;color:#070c63\" xmlns=\"http:\/\/www.w3.org\/2000\/svg\" class=\"list-377408\" width=\"20px\" height=\"20px\" viewBox=\"0 0 24 24\" fill=\"none\"><path d=\"M6 6H4v2h2V6zm14 0H8v2h12V6zM4 11h2v2H4v-2zm16 0H8v2h12v-2zM4 16h2v2H4v-2zm16 0H8v2h12v-2z\" fill=\"currentColor\"><\/path><\/svg><svg style=\"fill: #070c63;color:#070c63\" class=\"arrow-unsorted-368013\" xmlns=\"http:\/\/www.w3.org\/2000\/svg\" width=\"10px\" height=\"10px\" viewBox=\"0 0 24 24\" version=\"1.2\" baseProfile=\"tiny\"><path d=\"M18.2 9.3l-6.2-6.3-6.2 6.3c-.2.2-.3.4-.3.7s.1.5.3.7c.2.2.4.3.7.3h11c.3 0 .5-.1.7-.3.2-.2.3-.5.3-.7s-.1-.5-.3-.7zM5.8 14.7l6.2 6.3 6.2-6.3c.2-.2.3-.5.3-.7s-.1-.5-.3-.7c-.2-.2-.4-.3-.7-.3h-11c-.3 0-.5.1-.7.3-.2.2-.3.5-.3.7s.1.5.3.7z\"\/><\/svg><\/span><\/span><\/span><\/a><\/span><\/div>\n<nav><ul class='ez-toc-list ez-toc-list-level-1 eztoc-toggle-hide-by-default' ><li class='ez-toc-page-1 ez-toc-heading-level-3'><a class=\"ez-toc-link ez-toc-heading-1\" href=\"https:\/\/www.ferrycroatia.com\/it\/porto-di-berbigno\/#Raggiungere_il_porto_dei_traghetti_di_Brbinj\" title=\"Raggiungere il porto dei traghetti di Brbinj:\">Raggiungere il porto dei traghetti di Brbinj:<\/a><\/li><li class='ez-toc-page-1 ez-toc-heading-level-3'><a class=\"ez-toc-link ez-toc-heading-2\" href=\"https:\/\/www.ferrycroatia.com\/it\/porto-di-berbigno\/#Cosa_puo_trovare_al_porto_dei_traghetti_di_Brbinj\" title=\"Cosa pu\u00f2 trovare al porto dei traghetti di Brbinj:\">Cosa pu\u00f2 trovare al porto dei traghetti di Brbinj:<\/a><\/li><li class='ez-toc-page-1 ez-toc-heading-level-3'><a class=\"ez-toc-link ez-toc-heading-3\" href=\"https:\/\/www.ferrycroatia.com\/it\/porto-di-berbigno\/#Indirizzo_del_porto_dei_traghetti_di_Brbinj\" title=\"Indirizzo del porto dei traghetti di Brbinj:\">Indirizzo del porto dei traghetti di Brbinj:<\/a><\/li><li class='ez-toc-page-1 ez-toc-heading-level-3'><a class=\"ez-toc-link ez-toc-heading-4\" href=\"https:\/\/www.ferrycroatia.com\/it\/porto-di-berbigno\/#Elenco_dei_percorsi_in_traghetto_e_catamarano_da_per_Brbinj\" title=\"Elenco dei percorsi in traghetto e catamarano da \/ per Brbinj:\">Elenco dei percorsi in traghetto e catamarano da \/ per Brbinj:<\/a><\/li><\/ul><\/nav><\/div>\n<h3><span class=\"ez-toc-section\" id=\"Raggiungere_il_porto_dei_traghetti_di_Brbinj\"><\/span><b>Raggiungere il porto dei traghetti di Brbinj:<\/b><span class=\"ez-toc-section-end\"><\/span><\/h3>\n\n\n\n<p><strong>Brbinj \u00e8 una piccola citt\u00e0 insulare<\/strong> su <a href=\"https:\/\/www.ferrycroatia.com\/it\/isola-lunga\/\">Isola Lunga<\/a> e come nella maggior parte delle citt\u00e0 insulari, tutto \u00e8 abbastanza vicino. Non importa dove sia il Suo alloggio, <strong>il terminal dei traghetti \u00e8 facilmente raggiungibile<\/strong> a piedi oppure pu\u00f2 prendere un taxi, se alloggia un po&#8217; pi\u00f9 lontano o se ha molti bagagli.<\/p>\n\n\n\n<h3><span class=\"ez-toc-section\" id=\"Cosa_puo_trovare_al_porto_dei_traghetti_di_Brbinj\"><\/span><b>Cosa pu\u00f2 trovare al porto dei traghetti di Brbinj:<\/b><span class=\"ez-toc-section-end\"><\/span><\/h3>\n\n\n\n<p>Brbinj \u00e8 una citt\u00e0 davvero piccola, quindi non ci sono molti servizi l\u00ec, ma per qualunque cosa tu abbia bisogno, non dovr\u00e0 andare lontano dal terminal dei traghetti.<\/p>\n\n\n\n<h3><span class=\"ez-toc-section\" id=\"Indirizzo_del_porto_dei_traghetti_di_Brbinj\"><\/span><b>Indirizzo del porto dei traghetti di Brbinj:<\/b><span class=\"ez-toc-section-end\"><\/span><\/h3>\n\n\n\n<ul><li aria-level=\"1\">Longitudine: 14.996648<\/li><li aria-level=\"1\">Latitudine: 44,083949<\/li><li aria-level=\"1\">D124 13<\/li><li aria-level=\"1\">23285 Brbinj (Isola Lunga)<\/li><\/ul>\n\n\n\n<figure class=\"wp-block-image\"><a class=\"lightbox\" href=\"http:\/\/www.ferrycroatia.com\/wp-content\/uploads\/2016\/08\/Brbinj-ferry-port.jpg\"><img decoding=\"async\" data-src=\"http:\/\/www.ferrycroatia.com\/wp-content\/uploads\/2016\/08\/Brbinj-ferry-port.jpg\" alt=\"Brbinj ferry port\" class=\"wp-image-614\"\/><\/a><\/figure>\n\n\n\n<h3><span class=\"ez-toc-section\" id=\"Elenco_dei_percorsi_in_traghetto_e_catamarano_da_per_Brbinj\"><\/span><b>Elenco dei percorsi in traghetto e catamarano da \/ per Brbinj:<\/b><span class=\"ez-toc-section-end\"><\/span><\/h3>\n\n\n\n<p>Traghetto: Brbinj (Isola Lunga) &#8211; Zara (Gazenica)<\/p>\n\n\n\n<figure class=\"wp-block-table\"><table><tbody><tr><td><a href=\"https:\/\/www.ferrycroatia.com\/it\/zara-birbigno\/\">Zara &#8211; Brbinj<\/a><\/td><td><a href=\"https:\/\/www.ferrycroatia.com\/it\/birbigno-zara\/\">Brbinj &#8211; Zara<\/a><\/td><\/tr><\/tbody><\/table><\/figure>\n\n\n\n<p>Linea catamarano: Brbinj- Bozava &#8211; Zverinac &#8211; Sestrunj &#8211; Rivanj \u2013 Zara<\/p>\n\n\n\n<figure class=\"wp-block-table\"><table><tbody><tr><td><a href=\"https:\/\/www.ferrycroatia.com\/it\/birbigno-bozava\/\">Brbinj &#8211; Bozava<\/a><\/td><td><a href=\"https:\/\/www.ferrycroatia.com\/it\/birbigno-zverinac\/\">Brbinj &#8211; Zverinac<\/a><\/td><td><a href=\"https:\/\/www.ferrycroatia.com\/it\/birbigno-sestrugno\/\">Brbinj &#8211; Sestrunj<\/a><\/td><td><a href=\"https:\/\/www.ferrycroatia.com\/it\/birbigno-rivani\/\">Brbinj &#8211; Rivanj<\/a><\/td><\/tr><tr><td><a href=\"https:\/\/www.ferrycroatia.com\/it\/bozava-birbigno\/\">Bozava &#8211; Brbinj<\/a><\/td><td><a href=\"https:\/\/www.ferrycroatia.com\/it\/sferinaz-birbigno\/\">Zverinac &#8211; Brbinj<\/a><\/td><td><a href=\"https:\/\/www.ferrycroatia.com\/it\/sestrugno-birbigno\/\">Sestrunj &#8211; Brbinj<\/a><\/td><td><a href=\"https:\/\/www.ferrycroatia.com\/it\/rivanj-birbigno\/\">Rivanj &#8211; Brbinj<\/a><\/td><\/tr><\/tbody><\/table><\/figure>\n","protected":false},"excerpt":{"rendered":"<p>Brbinj \u00e8 una piccola citt\u00e0 sul lato nord-orientale di Isola Lunga. Abbraccia due baie. Nella baia settentrionale Bura, c&#8217;\u00e8 un terminal dei traghetti situato all&#8217;inizio, a circa 2 km dall&#8217;altra baia. Brbinj \u00e8 collegata da linee regolari di traghetti e catamarani con il porto vicino al centro di Zara e il terminal dei traghetti Gazenica [&hellip;]<\/p>\n<p><a class=\"more-link\" href=\"https:\/\/www.ferrycroatia.com\/it\/porto-di-berbigno\/\"> Continue reading&#8230;<\/a><\/p>\n","protected":false},"author":7,"featured_media":0,"parent":0,"menu_order":0,"comment_status":"closed","ping_status":"closed","template":"","meta":[],"yoast_head":"<!-- This site is optimized with the Yoast SEO plugin v19.8 - https:\/\/yoast.com\/wordpress\/plugins\/seo\/ -->\n<title>Porto di Brbinj, partenze dei traghetti e catamarani<\/title>\n<meta name=\"description\" content=\"Porto di Brbinj informazioni, posizione e servizi disponibili. Come arrivarci, e tutti i traghetti e catamarani che partono da e fino a Dugi Otok.\" \/>\n<meta name=\"robots\" content=\"index, follow, max-snippet:-1, max-image-preview:large, max-video-preview:-1\" \/>\n<link rel=\"canonical\" href=\"https:\/\/www.ferrycroatia.com\/it\/porto-di-berbigno\/\" \/>\n<meta property=\"og:locale\" content=\"en_US\" \/>\n<meta property=\"og:type\" content=\"article\" \/>\n<meta property=\"og:title\" content=\"Porto di Brbinj, partenze dei traghetti e catamarani\" \/>\n<meta property=\"og:description\" content=\"Porto di Brbinj informazioni, posizione e servizi disponibili. Come arrivarci, e tutti i traghetti e catamarani che partono da e fino a Dugi Otok.\" \/>\n<meta property=\"og:url\" content=\"https:\/\/www.ferrycroatia.com\/it\/porto-di-berbigno\/\" \/>\n<meta property=\"og:site_name\" content=\"Traghetto Croazia\" \/>\n<meta property=\"article:modified_time\" content=\"2021-08-19T11:23:57+00:00\" \/>\n<meta property=\"og:image\" content=\"http:\/\/www.ferrycroatia.com\/wp-content\/uploads\/2016\/08\/Brbinj-ferry-port.jpg\" \/>\n<meta name=\"twitter:card\" content=\"summary_large_image\" \/>\n<meta name=\"twitter:label1\" content=\"Est. reading time\" \/>\n\t<meta name=\"twitter:data1\" content=\"2 minutes\" \/>\n<script type=\"application\/ld+json\" class=\"yoast-schema-graph\">{\"@context\":\"https:\/\/schema.org\",\"@graph\":[{\"@type\":\"WebPage\",\"@id\":\"https:\/\/www.ferrycroatia.com\/it\/porto-di-berbigno\/\",\"url\":\"https:\/\/www.ferrycroatia.com\/it\/porto-di-berbigno\/\",\"name\":\"Porto di Brbinj, partenze dei traghetti e catamarani\",\"isPartOf\":{\"@id\":\"https:\/\/www.ferrycroatia.com\/it\/#website\"},\"datePublished\":\"2021-02-04T11:10:43+00:00\",\"dateModified\":\"2021-08-19T11:23:57+00:00\",\"description\":\"Porto di Brbinj informazioni, posizione e servizi disponibili. Come arrivarci, e tutti i traghetti e catamarani che partono da e fino a Dugi Otok.\",\"breadcrumb\":{\"@id\":\"https:\/\/www.ferrycroatia.com\/it\/porto-di-berbigno\/#breadcrumb\"},\"inLanguage\":\"en-US\",\"potentialAction\":[{\"@type\":\"ReadAction\",\"target\":[\"https:\/\/www.ferrycroatia.com\/it\/porto-di-berbigno\/\"]}]},{\"@type\":\"BreadcrumbList\",\"@id\":\"https:\/\/www.ferrycroatia.com\/it\/porto-di-berbigno\/#breadcrumb\",\"itemListElement\":[{\"@type\":\"ListItem\",\"position\":1,\"name\":\"Home\",\"item\":\"https:\/\/www.ferrycroatia.com\/it\/\"},{\"@type\":\"ListItem\",\"position\":2,\"name\":\"Porto di Brbin\"}]},{\"@type\":\"WebSite\",\"@id\":\"https:\/\/www.ferrycroatia.com\/it\/#website\",\"url\":\"https:\/\/www.ferrycroatia.com\/it\/\",\"name\":\"Traghetto Croazia\",\"description\":\"Info e orari per tutti i catamarani e traghetti in Croazia\",\"potentialAction\":[{\"@type\":\"SearchAction\",\"target\":{\"@type\":\"EntryPoint\",\"urlTemplate\":\"https:\/\/www.ferrycroatia.com\/it\/?s={search_term_string}\"},\"query-input\":\"required name=search_term_string\"}],\"inLanguage\":\"en-US\"}]}<\/script>\n<!-- \/ Yoast SEO plugin. -->","yoast_head_json":{"title":"Porto di Brbinj, partenze dei traghetti e catamarani","description":"Porto di Brbinj informazioni, posizione e servizi disponibili. Come arrivarci, e tutti i traghetti e catamarani che partono da e fino a Dugi Otok.","robots":{"index":"index","follow":"follow","max-snippet":"max-snippet:-1","max-image-preview":"max-image-preview:large","max-video-preview":"max-video-preview:-1"},"canonical":"https:\/\/www.ferrycroatia.com\/it\/porto-di-berbigno\/","og_locale":"en_US","og_type":"article","og_title":"Porto di Brbinj, partenze dei traghetti e catamarani","og_description":"Porto di Brbinj informazioni, posizione e servizi disponibili. Come arrivarci, e tutti i traghetti e catamarani che partono da e fino a Dugi Otok.","og_url":"https:\/\/www.ferrycroatia.com\/it\/porto-di-berbigno\/","og_site_name":"Traghetto Croazia","article_modified_time":"2021-08-19T11:23:57+00:00","og_image":[{"url":"http:\/\/www.ferrycroatia.com\/wp-content\/uploads\/2016\/08\/Brbinj-ferry-port.jpg"}],"twitter_card":"summary_large_image","twitter_misc":{"Est. reading time":"2 minutes"},"schema":{"@context":"https:\/\/schema.org","@graph":[{"@type":"WebPage","@id":"https:\/\/www.ferrycroatia.com\/it\/porto-di-berbigno\/","url":"https:\/\/www.ferrycroatia.com\/it\/porto-di-berbigno\/","name":"Porto di Brbinj, partenze dei traghetti e catamarani","isPartOf":{"@id":"https:\/\/www.ferrycroatia.com\/it\/#website"},"datePublished":"2021-02-04T11:10:43+00:00","dateModified":"2021-08-19T11:23:57+00:00","description":"Porto di Brbinj informazioni, posizione e servizi disponibili. Come arrivarci, e tutti i traghetti e catamarani che partono da e fino a Dugi Otok.","breadcrumb":{"@id":"https:\/\/www.ferrycroatia.com\/it\/porto-di-berbigno\/#breadcrumb"},"inLanguage":"en-US","potentialAction":[{"@type":"ReadAction","target":["https:\/\/www.ferrycroatia.com\/it\/porto-di-berbigno\/"]}]},{"@type":"BreadcrumbList","@id":"https:\/\/www.ferrycroatia.com\/it\/porto-di-berbigno\/#breadcrumb","itemListElement":[{"@type":"ListItem","position":1,"name":"Home","item":"https:\/\/www.ferrycroatia.com\/it\/"},{"@type":"ListItem","position":2,"name":"Porto di Brbin"}]},{"@type":"WebSite","@id":"https:\/\/www.ferrycroatia.com\/it\/#website","url":"https:\/\/www.ferrycroatia.com\/it\/","name":"Traghetto Croazia","description":"Info e orari per tutti i catamarani e traghetti in Croazia","potentialAction":[{"@type":"SearchAction","target":{"@type":"EntryPoint","urlTemplate":"https:\/\/www.ferrycroatia.com\/it\/?s={search_term_string}"},"query-input":"required name=search_term_string"}],"inLanguage":"en-US"}]}},"_links":{"self":[{"href":"https:\/\/www.ferrycroatia.com\/it\/wp-json\/wp\/v2\/pages\/1501"}],"collection":[{"href":"https:\/\/www.ferrycroatia.com\/it\/wp-json\/wp\/v2\/pages"}],"about":[{"href":"https:\/\/www.ferrycroatia.com\/it\/wp-json\/wp\/v2\/types\/page"}],"author":[{"embeddable":true,"href":"https:\/\/www.ferrycroatia.com\/it\/wp-json\/wp\/v2\/users\/7"}],"replies":[{"embeddable":true,"href":"https:\/\/www.ferrycroatia.com\/it\/wp-json\/wp\/v2\/comments?post=1501"}],"version-history":[{"count":4,"href":"https:\/\/www.ferrycroatia.com\/it\/wp-json\/wp\/v2\/pages\/1501\/revisions"}],"predecessor-version":[{"id":3115,"href":"https:\/\/www.ferrycroatia.com\/it\/wp-json\/wp\/v2\/pages\/1501\/revisions\/3115"}],"wp:attachment":[{"href":"https:\/\/www.ferrycroatia.com\/it\/wp-json\/wp\/v2\/media?parent=1501"}],"curies":[{"name":"wp","href":"https:\/\/api.w.org\/{rel}","templated":true}]}}