{"id":1508,"date":"2021-02-04T11:22:43","date_gmt":"2021-02-04T11:22:43","guid":{"rendered":"https:\/\/ferrycroatia.com\/it\/?page_id=1508"},"modified":"2021-08-19T13:24:40","modified_gmt":"2021-08-19T11:24:40","slug":"porto-di-berguglie","status":"publish","type":"page","link":"https:\/\/www.ferrycroatia.com\/it\/porto-di-berguglie\/","title":{"rendered":"Porto di Brgulje"},"content":{"rendered":"\n<p>Brgulje \u00e8 un&#8217;altra <strong>piccola citt\u00e0 dell&#8217;<a href=\"https:\/\/www.ferrycroatia.com\/it\/isola-di-melada\/\">isola di Melada<\/a><\/strong> nell&#8217;arcipelago di Zara, situata un po&#8217; ad ovest della citt\u00e0 di Melada. Ha un piccolo porto per catamarani con linee regolari tra Brgulje, Zapuntel e Melada, l&#8217;isola di Isto e Zara.<\/p>\n\n\n\n<div id=\"ez-toc-container\" class=\"ez-toc-v2_0_62 counter-hierarchy ez-toc-counter ez-toc-grey ez-toc-container-direction\">\n<div class=\"ez-toc-title-container\">\n<p class=\"ez-toc-title \" >Table of Contents<\/p>\n<span class=\"ez-toc-title-toggle\"><a href=\"#\" class=\"ez-toc-pull-right ez-toc-btn ez-toc-btn-xs ez-toc-btn-default ez-toc-toggle\" aria-label=\"Toggle Table of Content\"><span class=\"ez-toc-js-icon-con\"><span class=\"\"><span class=\"eztoc-hide\" style=\"display:none;\">Toggle<\/span><span class=\"ez-toc-icon-toggle-span\"><svg style=\"fill: #070c63;color:#070c63\" xmlns=\"http:\/\/www.w3.org\/2000\/svg\" class=\"list-377408\" width=\"20px\" height=\"20px\" viewBox=\"0 0 24 24\" fill=\"none\"><path d=\"M6 6H4v2h2V6zm14 0H8v2h12V6zM4 11h2v2H4v-2zm16 0H8v2h12v-2zM4 16h2v2H4v-2zm16 0H8v2h12v-2z\" fill=\"currentColor\"><\/path><\/svg><svg style=\"fill: #070c63;color:#070c63\" class=\"arrow-unsorted-368013\" xmlns=\"http:\/\/www.w3.org\/2000\/svg\" width=\"10px\" height=\"10px\" viewBox=\"0 0 24 24\" version=\"1.2\" baseProfile=\"tiny\"><path d=\"M18.2 9.3l-6.2-6.3-6.2 6.3c-.2.2-.3.4-.3.7s.1.5.3.7c.2.2.4.3.7.3h11c.3 0 .5-.1.7-.3.2-.2.3-.5.3-.7s-.1-.5-.3-.7zM5.8 14.7l6.2 6.3 6.2-6.3c.2-.2.3-.5.3-.7s-.1-.5-.3-.7c-.2-.2-.4-.3-.7-.3h-11c-.3 0-.5.1-.7.3-.2.2-.3.5-.3.7s.1.5.3.7z\"\/><\/svg><\/span><\/span><\/span><\/a><\/span><\/div>\n<nav><ul class='ez-toc-list ez-toc-list-level-1 eztoc-toggle-hide-by-default' ><li class='ez-toc-page-1 ez-toc-heading-level-3'><a class=\"ez-toc-link ez-toc-heading-1\" href=\"https:\/\/www.ferrycroatia.com\/it\/porto-di-berguglie\/#Arrivare_da_e_per_il_porto_dei_catamarani_a_Brgulje\" title=\"Arrivare da e per il porto dei catamarani a Brgulje:\">Arrivare da e per il porto dei catamarani a Brgulje:<\/a><\/li><li class='ez-toc-page-1 ez-toc-heading-level-3'><a class=\"ez-toc-link ez-toc-heading-2\" href=\"https:\/\/www.ferrycroatia.com\/it\/porto-di-berguglie\/#Cosa_puo_trovare_nel_porto_dei_catamarani_di_Brgulje\" title=\"Cosa pu\u00f2 trovare nel porto dei catamarani di Brgulje:\">Cosa pu\u00f2 trovare nel porto dei catamarani di Brgulje:<\/a><\/li><li class='ez-toc-page-1 ez-toc-heading-level-3'><a class=\"ez-toc-link ez-toc-heading-3\" href=\"https:\/\/www.ferrycroatia.com\/it\/porto-di-berguglie\/#Indirizzo_del_porto_dei_catamarani_Brgulje\" title=\"Indirizzo del porto dei catamarani Brgulje:\">Indirizzo del porto dei catamarani Brgulje:<\/a><\/li><li class='ez-toc-page-1 ez-toc-heading-level-3'><a class=\"ez-toc-link ez-toc-heading-4\" href=\"https:\/\/www.ferrycroatia.com\/it\/porto-di-berguglie\/#Linee_in_catamarano_da_e_per_Brgulje\" title=\"Linee in catamarano da e per Brgulje:\">Linee in catamarano da e per Brgulje:<\/a><\/li><\/ul><\/nav><\/div>\n<h3><span class=\"ez-toc-section\" id=\"Arrivare_da_e_per_il_porto_dei_catamarani_a_Brgulje\"><\/span><b>Arrivare da e per il porto dei catamarani a Brgulje:<\/b><span class=\"ez-toc-section-end\"><\/span><\/h3>\n\n\n\n<p>L&#8217;unico <strong>collegamento per Brgulje \u00e8 un catamarano da Zara<\/strong>, che ferma anche a Melada, Zapuntel e sull&#8217;<a href=\"https:\/\/www.ferrycroatia.com\/it\/isola-di-isto\/\">isola di Isto<\/a>. Il tempo di navigazione da Zara \u00e8 di circa 1 ora.<\/p>\n\n\n\n<p>Brgulje \u00e8 <strong>una piccola citt\u00e0 insulare dove pu\u00f2 godersi una vacanza tranquilla<\/strong>. Non importa dove si trova, il molo da cui parte il catamarano non \u00e8 lontano, quindi \u00e8 facilmente raggiungibile a piedi.<\/p>\n\n\n\n<h3><span class=\"ez-toc-section\" id=\"Cosa_puo_trovare_nel_porto_dei_catamarani_di_Brgulje\"><\/span><b>Cosa pu\u00f2 trovare nel porto dei catamarani di Brgulje:<\/b><span class=\"ez-toc-section-end\"><\/span><\/h3>\n\n\n\n<p>Come gi\u00e0 accennato in precedenza, Brgulje \u00e8 un piccolo insediamento insulare, quindi non trover\u00e0 molti servizi l\u00ec.<\/p>\n\n\n\n<h3><span class=\"ez-toc-section\" id=\"Indirizzo_del_porto_dei_catamarani_Brgulje\"><\/span><b>Indirizzo del porto dei catamarani Brgulje:<\/b><span class=\"ez-toc-section-end\"><\/span><\/h3>\n\n\n\n<ul><li aria-level=\"1\">Longitudine: 14.839244<\/li><li aria-level=\"1\">Latitudine: 44,225423<\/li><li aria-level=\"1\">Brgumul<\/li><li aria-level=\"1\">23292 Brgulje<\/li><\/ul>\n\n\n\n<h3><img decoding=\"async\" loading=\"lazy\" class=\"size-full wp-image-1509 aligncenter\" data-src=\"https:\/\/ferrycroatia.com\/it\/wp-content\/uploads\/2021\/02\/Brgulje-ferry.jpg\" alt=\"\" width=\"1024\" height=\"544\" data-srcset=\"https:\/\/www.ferrycroatia.com\/it\/wp-content\/uploads\/2021\/02\/Brgulje-ferry.jpg 1024w, https:\/\/www.ferrycroatia.com\/it\/wp-content\/uploads\/2021\/02\/Brgulje-ferry-300x159.jpg 300w, https:\/\/www.ferrycroatia.com\/it\/wp-content\/uploads\/2021\/02\/Brgulje-ferry-768x408.jpg 768w\" sizes=\"(max-width: 1024px) 100vw, 1024px\" \/><\/h3>\n\n\n\n<h3><span class=\"ez-toc-section\" id=\"Linee_in_catamarano_da_e_per_Brgulje\"><\/span><b>Linee in catamarano da e per Brgulje:<\/b><span class=\"ez-toc-section-end\"><\/span><\/h3>\n\n\n\n<p>Linea in catamarano: Zara &#8211; Melada &#8211; Brgulje &#8211; Zapuntel &#8211; Isto<\/p>\n\n\n\n<figure class=\"wp-block-table\"><table><tbody><tr><td><a href=\"https:\/\/www.ferrycroatia.com\/it\/berguglie-zara\/\">Brgulje &#8211; Zara<\/a><\/td><td><a href=\"https:\/\/www.ferrycroatia.com\/it\/berguglie-melada\/\">Brgulje &#8211; Melada<\/a><\/td><td><a href=\"https:\/\/www.ferrycroatia.com\/it\/berguglie-zapuntel\/\">Brgulje &#8211; Zapuntel<\/a><\/td><td><a href=\"https:\/\/www.ferrycroatia.com\/it\/berguglie-isto\/\">Brgulje &#8211; Isto<\/a><\/td><\/tr><tr><td><a href=\"https:\/\/www.ferrycroatia.com\/it\/zara-berguglie\/\">Zara &#8211; Brgulje<\/a><\/td><td><a href=\"https:\/\/www.ferrycroatia.com\/it\/melada-berguglie\/\">Melada &#8211; Brgulje<\/a><\/td><td><a href=\"https:\/\/www.ferrycroatia.com\/it\/zapuntel-berguglie\/\">Zapuntel &#8211; Brgulje<\/a><\/td><td><a href=\"https:\/\/www.ferrycroatia.com\/it\/isto-brguglie\/\">Isto &#8211; Brgulje<\/a><\/td><\/tr><\/tbody><\/table><\/figure>\n","protected":false},"excerpt":{"rendered":"<p>Brgulje \u00e8 un&#8217;altra piccola citt\u00e0 dell&#8217;isola di Melada nell&#8217;arcipelago di Zara, situata un po&#8217; ad ovest della citt\u00e0 di Melada. Ha un piccolo porto per catamarani con linee regolari tra Brgulje, Zapuntel e Melada, l&#8217;isola di Isto e Zara. Arrivare da e per il porto dei catamarani a Brgulje: L&#8217;unico collegamento per Brgulje \u00e8 un [&hellip;]<\/p>\n<p><a class=\"more-link\" href=\"https:\/\/www.ferrycroatia.com\/it\/porto-di-berguglie\/\"> Continue reading&#8230;<\/a><\/p>\n","protected":false},"author":5,"featured_media":0,"parent":0,"menu_order":0,"comment_status":"closed","ping_status":"closed","template":"","meta":[],"yoast_head":"<!-- This site is optimized with the Yoast SEO plugin v19.8 - https:\/\/yoast.com\/wordpress\/plugins\/seo\/ -->\n<title>Porto di Brgulje, partenze di catamarani e traghetti veloci<\/title>\n<meta name=\"description\" content=\"Porto di Brgulje informazioni, posizione e servizi disponibili. Come arrivarci, e tutti i traghetti veloci e catamarani che partono da e fino a Molat.\" \/>\n<meta name=\"robots\" content=\"index, follow, max-snippet:-1, max-image-preview:large, max-video-preview:-1\" \/>\n<link rel=\"canonical\" href=\"https:\/\/www.ferrycroatia.com\/it\/porto-di-berguglie\/\" \/>\n<meta property=\"og:locale\" content=\"en_US\" \/>\n<meta property=\"og:type\" content=\"article\" \/>\n<meta property=\"og:title\" content=\"Porto di Brgulje, partenze di catamarani e traghetti veloci\" \/>\n<meta property=\"og:description\" content=\"Porto di Brgulje informazioni, posizione e servizi disponibili. Come arrivarci, e tutti i traghetti veloci e catamarani che partono da e fino a Molat.\" \/>\n<meta property=\"og:url\" content=\"https:\/\/www.ferrycroatia.com\/it\/porto-di-berguglie\/\" \/>\n<meta property=\"og:site_name\" content=\"Traghetto Croazia\" \/>\n<meta property=\"article:modified_time\" content=\"2021-08-19T11:24:40+00:00\" \/>\n<meta property=\"og:image\" content=\"https:\/\/ferrycroatia.com\/it\/wp-content\/uploads\/2021\/02\/Brgulje-ferry.jpg\" \/>\n<meta name=\"twitter:card\" content=\"summary_large_image\" \/>\n<meta name=\"twitter:label1\" content=\"Est. reading time\" \/>\n\t<meta name=\"twitter:data1\" content=\"2 minutes\" \/>\n<script type=\"application\/ld+json\" class=\"yoast-schema-graph\">{\"@context\":\"https:\/\/schema.org\",\"@graph\":[{\"@type\":\"WebPage\",\"@id\":\"https:\/\/www.ferrycroatia.com\/it\/porto-di-berguglie\/\",\"url\":\"https:\/\/www.ferrycroatia.com\/it\/porto-di-berguglie\/\",\"name\":\"Porto di Brgulje, partenze di catamarani e traghetti veloci\",\"isPartOf\":{\"@id\":\"https:\/\/www.ferrycroatia.com\/it\/#website\"},\"datePublished\":\"2021-02-04T11:22:43+00:00\",\"dateModified\":\"2021-08-19T11:24:40+00:00\",\"description\":\"Porto di Brgulje informazioni, posizione e servizi disponibili. Come arrivarci, e tutti i traghetti veloci e catamarani che partono da e fino a Molat.\",\"breadcrumb\":{\"@id\":\"https:\/\/www.ferrycroatia.com\/it\/porto-di-berguglie\/#breadcrumb\"},\"inLanguage\":\"en-US\",\"potentialAction\":[{\"@type\":\"ReadAction\",\"target\":[\"https:\/\/www.ferrycroatia.com\/it\/porto-di-berguglie\/\"]}]},{\"@type\":\"BreadcrumbList\",\"@id\":\"https:\/\/www.ferrycroatia.com\/it\/porto-di-berguglie\/#breadcrumb\",\"itemListElement\":[{\"@type\":\"ListItem\",\"position\":1,\"name\":\"Home\",\"item\":\"https:\/\/www.ferrycroatia.com\/it\/\"},{\"@type\":\"ListItem\",\"position\":2,\"name\":\"Porto di Brgulje\"}]},{\"@type\":\"WebSite\",\"@id\":\"https:\/\/www.ferrycroatia.com\/it\/#website\",\"url\":\"https:\/\/www.ferrycroatia.com\/it\/\",\"name\":\"Traghetto Croazia\",\"description\":\"Info e orari per tutti i catamarani e traghetti in Croazia\",\"potentialAction\":[{\"@type\":\"SearchAction\",\"target\":{\"@type\":\"EntryPoint\",\"urlTemplate\":\"https:\/\/www.ferrycroatia.com\/it\/?s={search_term_string}\"},\"query-input\":\"required name=search_term_string\"}],\"inLanguage\":\"en-US\"}]}<\/script>\n<!-- \/ Yoast SEO plugin. -->","yoast_head_json":{"title":"Porto di Brgulje, partenze di catamarani e traghetti veloci","description":"Porto di Brgulje informazioni, posizione e servizi disponibili. Come arrivarci, e tutti i traghetti veloci e catamarani che partono da e fino a Molat.","robots":{"index":"index","follow":"follow","max-snippet":"max-snippet:-1","max-image-preview":"max-image-preview:large","max-video-preview":"max-video-preview:-1"},"canonical":"https:\/\/www.ferrycroatia.com\/it\/porto-di-berguglie\/","og_locale":"en_US","og_type":"article","og_title":"Porto di Brgulje, partenze di catamarani e traghetti veloci","og_description":"Porto di Brgulje informazioni, posizione e servizi disponibili. Come arrivarci, e tutti i traghetti veloci e catamarani che partono da e fino a Molat.","og_url":"https:\/\/www.ferrycroatia.com\/it\/porto-di-berguglie\/","og_site_name":"Traghetto Croazia","article_modified_time":"2021-08-19T11:24:40+00:00","og_image":[{"url":"https:\/\/ferrycroatia.com\/it\/wp-content\/uploads\/2021\/02\/Brgulje-ferry.jpg"}],"twitter_card":"summary_large_image","twitter_misc":{"Est. reading time":"2 minutes"},"schema":{"@context":"https:\/\/schema.org","@graph":[{"@type":"WebPage","@id":"https:\/\/www.ferrycroatia.com\/it\/porto-di-berguglie\/","url":"https:\/\/www.ferrycroatia.com\/it\/porto-di-berguglie\/","name":"Porto di Brgulje, partenze di catamarani e traghetti veloci","isPartOf":{"@id":"https:\/\/www.ferrycroatia.com\/it\/#website"},"datePublished":"2021-02-04T11:22:43+00:00","dateModified":"2021-08-19T11:24:40+00:00","description":"Porto di Brgulje informazioni, posizione e servizi disponibili. Come arrivarci, e tutti i traghetti veloci e catamarani che partono da e fino a Molat.","breadcrumb":{"@id":"https:\/\/www.ferrycroatia.com\/it\/porto-di-berguglie\/#breadcrumb"},"inLanguage":"en-US","potentialAction":[{"@type":"ReadAction","target":["https:\/\/www.ferrycroatia.com\/it\/porto-di-berguglie\/"]}]},{"@type":"BreadcrumbList","@id":"https:\/\/www.ferrycroatia.com\/it\/porto-di-berguglie\/#breadcrumb","itemListElement":[{"@type":"ListItem","position":1,"name":"Home","item":"https:\/\/www.ferrycroatia.com\/it\/"},{"@type":"ListItem","position":2,"name":"Porto di Brgulje"}]},{"@type":"WebSite","@id":"https:\/\/www.ferrycroatia.com\/it\/#website","url":"https:\/\/www.ferrycroatia.com\/it\/","name":"Traghetto Croazia","description":"Info e orari per tutti i catamarani e traghetti in Croazia","potentialAction":[{"@type":"SearchAction","target":{"@type":"EntryPoint","urlTemplate":"https:\/\/www.ferrycroatia.com\/it\/?s={search_term_string}"},"query-input":"required name=search_term_string"}],"inLanguage":"en-US"}]}},"_links":{"self":[{"href":"https:\/\/www.ferrycroatia.com\/it\/wp-json\/wp\/v2\/pages\/1508"}],"collection":[{"href":"https:\/\/www.ferrycroatia.com\/it\/wp-json\/wp\/v2\/pages"}],"about":[{"href":"https:\/\/www.ferrycroatia.com\/it\/wp-json\/wp\/v2\/types\/page"}],"author":[{"embeddable":true,"href":"https:\/\/www.ferrycroatia.com\/it\/wp-json\/wp\/v2\/users\/5"}],"replies":[{"embeddable":true,"href":"https:\/\/www.ferrycroatia.com\/it\/wp-json\/wp\/v2\/comments?post=1508"}],"version-history":[{"count":4,"href":"https:\/\/www.ferrycroatia.com\/it\/wp-json\/wp\/v2\/pages\/1508\/revisions"}],"predecessor-version":[{"id":3116,"href":"https:\/\/www.ferrycroatia.com\/it\/wp-json\/wp\/v2\/pages\/1508\/revisions\/3116"}],"wp:attachment":[{"href":"https:\/\/www.ferrycroatia.com\/it\/wp-json\/wp\/v2\/media?parent=1508"}],"curies":[{"name":"wp","href":"https:\/\/api.w.org\/{rel}","templated":true}]}}