{"id":1510,"date":"2021-02-04T11:28:32","date_gmt":"2021-02-04T11:28:32","guid":{"rendered":"https:\/\/ferrycroatia.com\/it\/?page_id=1510"},"modified":"2021-08-19T13:27:42","modified_gmt":"2021-08-19T11:27:42","slug":"porto-di-brsanj","status":"publish","type":"page","link":"https:\/\/www.ferrycroatia.com\/it\/porto-di-brsanj\/","title":{"rendered":"Porto di Brsanj"},"content":{"rendered":"\n<p><strong>Brsanj non \u00e8 una citt\u00e0, \u00e8 solo un terminal dei traghetti<\/strong> della citt\u00e0 di <a href=\"https:\/\/www.ferrycroatia.com\/it\/porto-di-eso-piccolo\/\">Mali Iz<\/a> situata sul lato sud-orientale dell&#8217;<a href=\"https:\/\/www.ferrycroatia.com\/it\/isola-di-eso\/\">isola di Eso<\/a>. Il terminal dei traghetti si trova a circa 1 km dal centro della citt\u00e0. Il terminal dei traghetti di Brsanj \u00e8 collegato da linee regolari di traghetti con il<strong><a href=\"https:\/\/www.ferrycroatia.com\/it\/porto-di-zara\/\"> terminal dei traghetti di Gazenica a Zara<\/a><\/strong> e l&#8217;<a href=\"https:\/\/www.ferrycroatia.com\/it\/isola-di-rava\/\">isola di Rava<\/a>. Oltre al traghetto per auto, c&#8217;\u00e8 un collegamento in catamarano da Zara che opera in solo alcuni periodi dell&#8217;anno.<\/p>\n\n\n\n<div id=\"ez-toc-container\" class=\"ez-toc-v2_0_62 counter-hierarchy ez-toc-counter ez-toc-grey ez-toc-container-direction\">\n<div class=\"ez-toc-title-container\">\n<p class=\"ez-toc-title \" >Table of Contents<\/p>\n<span class=\"ez-toc-title-toggle\"><a href=\"#\" class=\"ez-toc-pull-right ez-toc-btn ez-toc-btn-xs ez-toc-btn-default ez-toc-toggle\" aria-label=\"Toggle Table of Content\"><span class=\"ez-toc-js-icon-con\"><span class=\"\"><span class=\"eztoc-hide\" style=\"display:none;\">Toggle<\/span><span class=\"ez-toc-icon-toggle-span\"><svg style=\"fill: #070c63;color:#070c63\" xmlns=\"http:\/\/www.w3.org\/2000\/svg\" class=\"list-377408\" width=\"20px\" height=\"20px\" viewBox=\"0 0 24 24\" fill=\"none\"><path d=\"M6 6H4v2h2V6zm14 0H8v2h12V6zM4 11h2v2H4v-2zm16 0H8v2h12v-2zM4 16h2v2H4v-2zm16 0H8v2h12v-2z\" fill=\"currentColor\"><\/path><\/svg><svg style=\"fill: #070c63;color:#070c63\" class=\"arrow-unsorted-368013\" xmlns=\"http:\/\/www.w3.org\/2000\/svg\" width=\"10px\" height=\"10px\" viewBox=\"0 0 24 24\" version=\"1.2\" baseProfile=\"tiny\"><path d=\"M18.2 9.3l-6.2-6.3-6.2 6.3c-.2.2-.3.4-.3.7s.1.5.3.7c.2.2.4.3.7.3h11c.3 0 .5-.1.7-.3.2-.2.3-.5.3-.7s-.1-.5-.3-.7zM5.8 14.7l6.2 6.3 6.2-6.3c.2-.2.3-.5.3-.7s-.1-.5-.3-.7c-.2-.2-.4-.3-.7-.3h-11c-.3 0-.5.1-.7.3-.2.2-.3.5-.3.7s.1.5.3.7z\"\/><\/svg><\/span><\/span><\/span><\/a><\/span><\/div>\n<nav><ul class='ez-toc-list ez-toc-list-level-1 eztoc-toggle-hide-by-default' ><li class='ez-toc-page-1 ez-toc-heading-level-3'><a class=\"ez-toc-link ez-toc-heading-1\" href=\"https:\/\/www.ferrycroatia.com\/it\/porto-di-brsanj\/#Arrivare_e_partire_dal_terminal_dei_traghetti_a_Brsanj\" title=\"Arrivare e partire dal terminal dei traghetti a Brsanj:\">Arrivare e partire dal terminal dei traghetti a Brsanj:<\/a><\/li><li class='ez-toc-page-1 ez-toc-heading-level-3'><a class=\"ez-toc-link ez-toc-heading-2\" href=\"https:\/\/www.ferrycroatia.com\/it\/porto-di-brsanj\/#Cosa_puo_trovare_al_terminal_dei_traghetti_di_Brsanj\" title=\"Cosa pu\u00f2 trovare al terminal dei traghetti di Brsanj:\">Cosa pu\u00f2 trovare al terminal dei traghetti di Brsanj:<\/a><\/li><li class='ez-toc-page-1 ez-toc-heading-level-3'><a class=\"ez-toc-link ez-toc-heading-3\" href=\"https:\/\/www.ferrycroatia.com\/it\/porto-di-brsanj\/#Elenco_delle_rotte_dei_traghetti_da_e_per_Brsanj\" title=\"Elenco delle rotte dei traghetti da e per Brsanj:\">Elenco delle rotte dei traghetti da e per Brsanj:<\/a><\/li><\/ul><\/nav><\/div>\n<h3><span class=\"ez-toc-section\" id=\"Arrivare_e_partire_dal_terminal_dei_traghetti_a_Brsanj\"><\/span><b>Arrivare e partire dal terminal dei traghetti a Brsanj:<\/b><span class=\"ez-toc-section-end\"><\/span><\/h3>\n\n\n\n<p><strong>Il traghetto tra Zara Gazenica e Brsanj<\/strong> ha un tempo di percorrenza di circa 1 ora e 30 minuti. Se arriva all&#8217;aeroporto di Zara, pu\u00f2 raggiungere il porto dei traghetti con un taxi in circa 20 minuti. Come accennato, il porto dei traghetti Brsanj non si trova direttamente alla citt\u00e0, quindi dovrebbe contattare il padrone del posto in cui soggiorna per chiedere se, una volta arrivato, esiste la possibilit\u00e0 di <strong>organizzare il trasporto direttamente dal porto dei traghetti<\/strong>. Se fosse flessibile con il tempo, potrebbe <strong>anche prendere il catamarano da Zara<\/strong>, che ferma sia in Mali Iz che a Veli Iz.<\/p>\n\n\n\n<h3><span class=\"ez-toc-section\" id=\"Cosa_puo_trovare_al_terminal_dei_traghetti_di_Brsanj\"><\/span><b>Cosa pu\u00f2 trovare al terminal dei traghetti di Brsanj:<\/b><span class=\"ez-toc-section-end\"><\/span><\/h3>\n\n\n\n<p>Brsanj si trova a 1 km dal centro della citt\u00e0 di Mali Iz dove si trovano tutti i servizi. <strong>L&#8217;unica cosa sul terminal dei traghetti \u00e8 la biglietteria<\/strong>, quindi se potr\u00e0 aver bisogno di comprare qualcosa, dovr\u00e0 andare a Mali Iz.<\/p>\n\n\n\n<p><b>Indirizzo del terminal dei traghetti Brsanj:<\/b><\/p>\n\n\n\n<ul><li aria-level=\"1\">Longitudine: 15.146519<\/li><li aria-level=\"1\">Latitudine: 44,024261<\/li><li aria-level=\"1\">23284 Brsanj (Eso)<\/li><\/ul>\n\n\n\n<figure class=\"wp-block-image\"><a class=\"lightbox\" href=\"http:\/\/www.ferrycroatia.com\/wp-content\/uploads\/2016\/08\/Brsanj-ferry-port.jpg\"><img decoding=\"async\" data-src=\"http:\/\/www.ferrycroatia.com\/wp-content\/uploads\/2016\/08\/Brsanj-ferry-port.jpg\" alt=\"Brsanj ferry port\" class=\"wp-image-609\"\/><\/a><\/figure>\n\n\n\n<h3><span class=\"ez-toc-section\" id=\"Elenco_delle_rotte_dei_traghetti_da_e_per_Brsanj\"><\/span><b>Elenco delle rotte dei traghetti da e per Brsanj:<\/b><span class=\"ez-toc-section-end\"><\/span><\/h3>\n\n\n\n<p>Traghetto: Zara (Gazenica) &#8211; Brsanj (Eso) &#8211; Rava &#8211; Mala Rava<\/p>\n\n\n\n<p>Catamarano: Zara &#8211; Sale &#8211; Zaglava &#8211; Brsanj<\/p>\n\n\n\n<figure class=\"wp-block-table\"><table><tbody><tr><td><a href=\"https:\/\/www.ferrycroatia.com\/it\/brsanj-zara\/\">Brsanj &#8211; Zara<\/a><\/td><td><a href=\"https:\/\/www.ferrycroatia.com\/it\/brsanj-rava\/\">Brsanj &#8211; Rava<\/a><\/td><td><a href=\"https:\/\/www.ferrycroatia.com\/it\/brsanj-rava-piccola\/\">Brsanj &#8211; Mala Rava<\/a><\/td><\/tr><tr><td><a href=\"https:\/\/www.ferrycroatia.com\/it\/zara-brsanj\/\">Zara &#8211; Brsanj<\/a><\/td><td><a href=\"https:\/\/www.ferrycroatia.com\/it\/rava-brsanj\/\">Rava &#8211; Brsanj<\/a><\/td><td><a href=\"https:\/\/www.ferrycroatia.com\/it\/rava-piccola-brsanj\/\">Mala Rava &#8211; Brsanj<\/a><\/td><\/tr><\/tbody><\/table><\/figure>\n","protected":false},"excerpt":{"rendered":"<p>Brsanj non \u00e8 una citt\u00e0, \u00e8 solo un terminal dei traghetti della citt\u00e0 di Mali Iz situata sul lato sud-orientale dell&#8217;isola di Eso. Il terminal dei traghetti si trova a circa 1 km dal centro della citt\u00e0. Il terminal dei traghetti di Brsanj \u00e8 collegato da linee regolari di traghetti con il terminal dei traghetti [&hellip;]<\/p>\n<p><a class=\"more-link\" href=\"https:\/\/www.ferrycroatia.com\/it\/porto-di-brsanj\/\"> Continue reading&#8230;<\/a><\/p>\n","protected":false},"author":7,"featured_media":0,"parent":0,"menu_order":0,"comment_status":"closed","ping_status":"closed","template":"","meta":[],"yoast_head":"<!-- This site is optimized with the Yoast SEO plugin v19.8 - https:\/\/yoast.com\/wordpress\/plugins\/seo\/ -->\n<title>Porto di Brsanj, partenze dei traghetti e catamarani<\/title>\n<meta name=\"description\" content=\"Porto di Brsanj informazioni, posizione e servizi disponibili. Come arrivarci, e tutti i traghetti e catamarani che partono da e fino a Mali Iz.\" \/>\n<meta name=\"robots\" content=\"index, follow, max-snippet:-1, max-image-preview:large, max-video-preview:-1\" \/>\n<link rel=\"canonical\" href=\"https:\/\/www.ferrycroatia.com\/it\/porto-di-brsanj\/\" \/>\n<meta property=\"og:locale\" content=\"en_US\" \/>\n<meta property=\"og:type\" content=\"article\" \/>\n<meta property=\"og:title\" content=\"Porto di Brsanj, partenze dei traghetti e catamarani\" \/>\n<meta property=\"og:description\" content=\"Porto di Brsanj informazioni, posizione e servizi disponibili. Come arrivarci, e tutti i traghetti e catamarani che partono da e fino a Mali Iz.\" \/>\n<meta property=\"og:url\" content=\"https:\/\/www.ferrycroatia.com\/it\/porto-di-brsanj\/\" \/>\n<meta property=\"og:site_name\" content=\"Traghetto Croazia\" \/>\n<meta property=\"article:modified_time\" content=\"2021-08-19T11:27:42+00:00\" \/>\n<meta property=\"og:image\" content=\"http:\/\/www.ferrycroatia.com\/wp-content\/uploads\/2016\/08\/Brsanj-ferry-port.jpg\" \/>\n<meta name=\"twitter:card\" content=\"summary_large_image\" \/>\n<meta name=\"twitter:label1\" content=\"Est. reading time\" \/>\n\t<meta name=\"twitter:data1\" content=\"2 minutes\" \/>\n<script type=\"application\/ld+json\" class=\"yoast-schema-graph\">{\"@context\":\"https:\/\/schema.org\",\"@graph\":[{\"@type\":\"WebPage\",\"@id\":\"https:\/\/www.ferrycroatia.com\/it\/porto-di-brsanj\/\",\"url\":\"https:\/\/www.ferrycroatia.com\/it\/porto-di-brsanj\/\",\"name\":\"Porto di Brsanj, partenze dei traghetti e catamarani\",\"isPartOf\":{\"@id\":\"https:\/\/www.ferrycroatia.com\/it\/#website\"},\"datePublished\":\"2021-02-04T11:28:32+00:00\",\"dateModified\":\"2021-08-19T11:27:42+00:00\",\"description\":\"Porto di Brsanj informazioni, posizione e servizi disponibili. Come arrivarci, e tutti i traghetti e catamarani che partono da e fino a Mali Iz.\",\"breadcrumb\":{\"@id\":\"https:\/\/www.ferrycroatia.com\/it\/porto-di-brsanj\/#breadcrumb\"},\"inLanguage\":\"en-US\",\"potentialAction\":[{\"@type\":\"ReadAction\",\"target\":[\"https:\/\/www.ferrycroatia.com\/it\/porto-di-brsanj\/\"]}]},{\"@type\":\"BreadcrumbList\",\"@id\":\"https:\/\/www.ferrycroatia.com\/it\/porto-di-brsanj\/#breadcrumb\",\"itemListElement\":[{\"@type\":\"ListItem\",\"position\":1,\"name\":\"Home\",\"item\":\"https:\/\/www.ferrycroatia.com\/it\/\"},{\"@type\":\"ListItem\",\"position\":2,\"name\":\"Porto di Brsanj\"}]},{\"@type\":\"WebSite\",\"@id\":\"https:\/\/www.ferrycroatia.com\/it\/#website\",\"url\":\"https:\/\/www.ferrycroatia.com\/it\/\",\"name\":\"Traghetto Croazia\",\"description\":\"Info e orari per tutti i catamarani e traghetti in Croazia\",\"potentialAction\":[{\"@type\":\"SearchAction\",\"target\":{\"@type\":\"EntryPoint\",\"urlTemplate\":\"https:\/\/www.ferrycroatia.com\/it\/?s={search_term_string}\"},\"query-input\":\"required name=search_term_string\"}],\"inLanguage\":\"en-US\"}]}<\/script>\n<!-- \/ Yoast SEO plugin. -->","yoast_head_json":{"title":"Porto di Brsanj, partenze dei traghetti e catamarani","description":"Porto di Brsanj informazioni, posizione e servizi disponibili. Come arrivarci, e tutti i traghetti e catamarani che partono da e fino a Mali Iz.","robots":{"index":"index","follow":"follow","max-snippet":"max-snippet:-1","max-image-preview":"max-image-preview:large","max-video-preview":"max-video-preview:-1"},"canonical":"https:\/\/www.ferrycroatia.com\/it\/porto-di-brsanj\/","og_locale":"en_US","og_type":"article","og_title":"Porto di Brsanj, partenze dei traghetti e catamarani","og_description":"Porto di Brsanj informazioni, posizione e servizi disponibili. Come arrivarci, e tutti i traghetti e catamarani che partono da e fino a Mali Iz.","og_url":"https:\/\/www.ferrycroatia.com\/it\/porto-di-brsanj\/","og_site_name":"Traghetto Croazia","article_modified_time":"2021-08-19T11:27:42+00:00","og_image":[{"url":"http:\/\/www.ferrycroatia.com\/wp-content\/uploads\/2016\/08\/Brsanj-ferry-port.jpg"}],"twitter_card":"summary_large_image","twitter_misc":{"Est. reading time":"2 minutes"},"schema":{"@context":"https:\/\/schema.org","@graph":[{"@type":"WebPage","@id":"https:\/\/www.ferrycroatia.com\/it\/porto-di-brsanj\/","url":"https:\/\/www.ferrycroatia.com\/it\/porto-di-brsanj\/","name":"Porto di Brsanj, partenze dei traghetti e catamarani","isPartOf":{"@id":"https:\/\/www.ferrycroatia.com\/it\/#website"},"datePublished":"2021-02-04T11:28:32+00:00","dateModified":"2021-08-19T11:27:42+00:00","description":"Porto di Brsanj informazioni, posizione e servizi disponibili. Come arrivarci, e tutti i traghetti e catamarani che partono da e fino a Mali Iz.","breadcrumb":{"@id":"https:\/\/www.ferrycroatia.com\/it\/porto-di-brsanj\/#breadcrumb"},"inLanguage":"en-US","potentialAction":[{"@type":"ReadAction","target":["https:\/\/www.ferrycroatia.com\/it\/porto-di-brsanj\/"]}]},{"@type":"BreadcrumbList","@id":"https:\/\/www.ferrycroatia.com\/it\/porto-di-brsanj\/#breadcrumb","itemListElement":[{"@type":"ListItem","position":1,"name":"Home","item":"https:\/\/www.ferrycroatia.com\/it\/"},{"@type":"ListItem","position":2,"name":"Porto di Brsanj"}]},{"@type":"WebSite","@id":"https:\/\/www.ferrycroatia.com\/it\/#website","url":"https:\/\/www.ferrycroatia.com\/it\/","name":"Traghetto Croazia","description":"Info e orari per tutti i catamarani e traghetti in Croazia","potentialAction":[{"@type":"SearchAction","target":{"@type":"EntryPoint","urlTemplate":"https:\/\/www.ferrycroatia.com\/it\/?s={search_term_string}"},"query-input":"required name=search_term_string"}],"inLanguage":"en-US"}]}},"_links":{"self":[{"href":"https:\/\/www.ferrycroatia.com\/it\/wp-json\/wp\/v2\/pages\/1510"}],"collection":[{"href":"https:\/\/www.ferrycroatia.com\/it\/wp-json\/wp\/v2\/pages"}],"about":[{"href":"https:\/\/www.ferrycroatia.com\/it\/wp-json\/wp\/v2\/types\/page"}],"author":[{"embeddable":true,"href":"https:\/\/www.ferrycroatia.com\/it\/wp-json\/wp\/v2\/users\/7"}],"replies":[{"embeddable":true,"href":"https:\/\/www.ferrycroatia.com\/it\/wp-json\/wp\/v2\/comments?post=1510"}],"version-history":[{"count":4,"href":"https:\/\/www.ferrycroatia.com\/it\/wp-json\/wp\/v2\/pages\/1510\/revisions"}],"predecessor-version":[{"id":3120,"href":"https:\/\/www.ferrycroatia.com\/it\/wp-json\/wp\/v2\/pages\/1510\/revisions\/3120"}],"wp:attachment":[{"href":"https:\/\/www.ferrycroatia.com\/it\/wp-json\/wp\/v2\/media?parent=1510"}],"curies":[{"name":"wp","href":"https:\/\/api.w.org\/{rel}","templated":true}]}}