{"id":1514,"date":"2021-02-04T11:36:45","date_gmt":"2021-02-04T11:36:45","guid":{"rendered":"https:\/\/ferrycroatia.com\/it\/?page_id=1514"},"modified":"2021-08-19T13:31:52","modified_gmt":"2021-08-19T11:31:52","slug":"porto-di-domince","status":"publish","type":"page","link":"https:\/\/www.ferrycroatia.com\/it\/porto-di-domince\/","title":{"rendered":"Porto di Domince"},"content":{"rendered":"\n<p>Domince \u00e8 il secondo terminal dei traghetti che appartiene alla citt\u00e0 di Curzola. <strong>Si trova a circa 3 chilometri<\/strong> dal centro storico; l&#8217;unico collegamento in traghetto da l\u00ec \u00e8 quello con Orebic sulla penisola di Sabbioncello. L&#8217;unico modo per raggiungere la citt\u00e0 di Curzola \u00e8 in auto o in taxi<strong> (pu\u00f2 chiamare il taxi dall&#8217;agenzia turistica situata proprio sul terminal dei traghetti)<\/strong>. Dalla citt\u00e0 di Curzola, <strong>pu\u00f2 prendere un autobus e visitare altri luoghi dell&#8217;<a href=\"https:\/\/www.ferrycroatia.com\/it\/isola-di-curzola\/\">isola di Curzola <\/a><\/strong>come Lombarda, Blato e Vallegrande.<\/p>\n\n\n\n<div id=\"ez-toc-container\" class=\"ez-toc-v2_0_62 counter-hierarchy ez-toc-counter ez-toc-grey ez-toc-container-direction\">\n<div class=\"ez-toc-title-container\">\n<p class=\"ez-toc-title \" >Table of Contents<\/p>\n<span class=\"ez-toc-title-toggle\"><a href=\"#\" class=\"ez-toc-pull-right ez-toc-btn ez-toc-btn-xs ez-toc-btn-default ez-toc-toggle\" aria-label=\"Toggle Table of Content\"><span class=\"ez-toc-js-icon-con\"><span class=\"\"><span class=\"eztoc-hide\" style=\"display:none;\">Toggle<\/span><span class=\"ez-toc-icon-toggle-span\"><svg style=\"fill: #070c63;color:#070c63\" xmlns=\"http:\/\/www.w3.org\/2000\/svg\" class=\"list-377408\" width=\"20px\" height=\"20px\" viewBox=\"0 0 24 24\" fill=\"none\"><path d=\"M6 6H4v2h2V6zm14 0H8v2h12V6zM4 11h2v2H4v-2zm16 0H8v2h12v-2zM4 16h2v2H4v-2zm16 0H8v2h12v-2z\" fill=\"currentColor\"><\/path><\/svg><svg style=\"fill: #070c63;color:#070c63\" class=\"arrow-unsorted-368013\" xmlns=\"http:\/\/www.w3.org\/2000\/svg\" width=\"10px\" height=\"10px\" viewBox=\"0 0 24 24\" version=\"1.2\" baseProfile=\"tiny\"><path d=\"M18.2 9.3l-6.2-6.3-6.2 6.3c-.2.2-.3.4-.3.7s.1.5.3.7c.2.2.4.3.7.3h11c.3 0 .5-.1.7-.3.2-.2.3-.5.3-.7s-.1-.5-.3-.7zM5.8 14.7l6.2 6.3 6.2-6.3c.2-.2.3-.5.3-.7s-.1-.5-.3-.7c-.2-.2-.4-.3-.7-.3h-11c-.3 0-.5.1-.7.3-.2.2-.3.5-.3.7s.1.5.3.7z\"\/><\/svg><\/span><\/span><\/span><\/a><\/span><\/div>\n<nav><ul class='ez-toc-list ez-toc-list-level-1 eztoc-toggle-hide-by-default' ><li class='ez-toc-page-1 ez-toc-heading-level-3'><a class=\"ez-toc-link ez-toc-heading-1\" href=\"https:\/\/www.ferrycroatia.com\/it\/porto-di-domince\/#Da_Curzola_allAeroporto_di_Spalato_Ragusa_con_lauto\" title=\"Da Curzola all&#8217;Aeroporto di Spalato \/ Ragusa con l&#8217;auto:\">Da Curzola all&#8217;Aeroporto di Spalato \/ Ragusa con l&#8217;auto:<\/a><\/li><li class='ez-toc-page-1 ez-toc-heading-level-3'><a class=\"ez-toc-link ez-toc-heading-2\" href=\"https:\/\/www.ferrycroatia.com\/it\/porto-di-domince\/#Cosa_puo_trovare_sul_terminal_dei_traghetti_di_Domince\" title=\"Cosa pu\u00f2 trovare sul terminal dei traghetti di Domince:\">Cosa pu\u00f2 trovare sul terminal dei traghetti di Domince:<\/a><\/li><li class='ez-toc-page-1 ez-toc-heading-level-3'><a class=\"ez-toc-link ez-toc-heading-3\" href=\"https:\/\/www.ferrycroatia.com\/it\/porto-di-domince\/#Indirizzo_del_terminal_dei_traghetti_Domince\" title=\"Indirizzo del terminal dei traghetti Domince:\">Indirizzo del terminal dei traghetti Domince:<\/a><\/li><li class='ez-toc-page-1 ez-toc-heading-level-3'><a class=\"ez-toc-link ez-toc-heading-4\" href=\"https:\/\/www.ferrycroatia.com\/it\/porto-di-domince\/#Lelenco_dei_percorsi\" title=\"L\u2019elenco dei percorsi:\">L\u2019elenco dei percorsi:<\/a><\/li><\/ul><\/nav><\/div>\n<h3><span class=\"ez-toc-section\" id=\"Da_Curzola_allAeroporto_di_Spalato_Ragusa_con_lauto\"><\/span><b>Da Curzola all&#8217;Aeroporto di Spalato \/ Ragusa con l&#8217;auto:<\/b><span class=\"ez-toc-section-end\"><\/span><\/h3>\n\n\n\n<p>Una volta che si ha trasferito con il traghetto da Domince a Orebic, ha 130 km in auto per l&#8217;<strong>Aeroporto di Ragusa<\/strong>. Se viaggia in aeroporto dall&#8217;aeroporto di Spalato ha circa 270 km, ma un&#8217;opzione migliore per raggiungere Spalato \u00e8 <strong>guidare fino a Trpanj, un&#8217;altra citt\u00e0 sulla penisola<\/strong> (19 km da Orebic). Da l\u00ec si pu\u00f2 prendere un traghetto per Ploce e poi guidare fino all&#8217;aeroporto di Spalato (160 km), oppure si pu\u00f2 anche prendere il traghetto da Vallegrande direttamente a Spalato.<\/p>\n\n\n\n<h3><span class=\"ez-toc-section\" id=\"Cosa_puo_trovare_sul_terminal_dei_traghetti_di_Domince\"><\/span><b>Cosa pu\u00f2 trovare sul terminal dei traghetti di Domince:<\/b><span class=\"ez-toc-section-end\"><\/span><\/h3>\n\n\n\n<p>Sul terminal dei traghetti non ci sono molti servizi: <strong>pu\u00f2 trovare una biglietteria<\/strong> (dove pu\u00f2 acquistare i biglietti per il traghetto), due bar e un&#8217;agenzia di viaggi. Se ha bisogno di qualcos&#8217;altro, la citt\u00e0 di Curzola <strong>si trova a soli 3 km<\/strong>.<\/p>\n\n\n\n<h3><span class=\"ez-toc-section\" id=\"Indirizzo_del_terminal_dei_traghetti_Domince\"><\/span><b>Indirizzo del terminal dei traghetti Domince:<\/b><span class=\"ez-toc-section-end\"><\/span><\/h3>\n\n\n\n<blockquote class=\"wp-block-quote\"><p>20260 Domince, la citt\u00e0 di Curzola (Korcula)<\/p><p><strong>Coordinate GPS:<\/strong> 42.95299, 17.15008<\/p><\/blockquote>\n\n\n\n<h3><img decoding=\"async\" loading=\"lazy\" class=\"size-full wp-image-1520 aligncenter\" data-src=\"https:\/\/ferrycroatia.com\/it\/wp-content\/uploads\/2021\/02\/Domince.jpg\" alt=\"\" width=\"800\" height=\"787\" data-srcset=\"https:\/\/www.ferrycroatia.com\/it\/wp-content\/uploads\/2021\/02\/Domince.jpg 800w, https:\/\/www.ferrycroatia.com\/it\/wp-content\/uploads\/2021\/02\/Domince-300x295.jpg 300w, https:\/\/www.ferrycroatia.com\/it\/wp-content\/uploads\/2021\/02\/Domince-768x756.jpg 768w, https:\/\/www.ferrycroatia.com\/it\/wp-content\/uploads\/2021\/02\/Domince-60x60.jpg 60w\" sizes=\"(max-width: 800px) 100vw, 800px\" \/><\/h3>\n\n\n\n<h3><span class=\"ez-toc-section\" id=\"Lelenco_dei_percorsi\"><\/span><b>L\u2019elenco dei percorsi:<\/b><span class=\"ez-toc-section-end\"><\/span><\/h3>\n\n\n\n<ul><li aria-level=\"1\">Traghetto: Domince (Curzola) &#8211; Orebic<\/li><\/ul>\n\n\n\n<figure class=\"wp-block-table\"><table><tbody><tr><td><a href=\"https:\/\/www.ferrycroatia.com\/it\/domince-sabbioncello\/\">Domince &#8211; Orebic<\/a><\/td><td><a href=\"https:\/\/www.ferrycroatia.com\/it\/sabbioncello-domince\/\">Orebic &#8211; Domince<\/a><\/td><\/tr><\/tbody><\/table><\/figure>\n\n\n\n<p><\/p>\n","protected":false},"excerpt":{"rendered":"<p>Domince \u00e8 il secondo terminal dei traghetti che appartiene alla citt\u00e0 di Curzola. Si trova a circa 3 chilometri dal centro storico; l&#8217;unico collegamento in traghetto da l\u00ec \u00e8 quello con Orebic sulla penisola di Sabbioncello. L&#8217;unico modo per raggiungere la citt\u00e0 di Curzola \u00e8 in auto o in taxi (pu\u00f2 chiamare il taxi dall&#8217;agenzia [&hellip;]<\/p>\n<p><a class=\"more-link\" href=\"https:\/\/www.ferrycroatia.com\/it\/porto-di-domince\/\"> Continue reading&#8230;<\/a><\/p>\n","protected":false},"author":5,"featured_media":1522,"parent":0,"menu_order":0,"comment_status":"closed","ping_status":"closed","template":"","meta":[],"yoast_head":"<!-- This site is optimized with the Yoast SEO plugin v19.8 - https:\/\/yoast.com\/wordpress\/plugins\/seo\/ -->\n<title>Porto di Domince, partenze e arrivi di traghetti e battelli<\/title>\n<meta name=\"description\" content=\"Porto di Domince informazioni, posizione e servizi disponibili. Come arrivarci, e tutti i traghetti battelli che partono da e fino a Korcula.\" \/>\n<meta name=\"robots\" content=\"index, follow, max-snippet:-1, max-image-preview:large, max-video-preview:-1\" \/>\n<link rel=\"canonical\" href=\"https:\/\/www.ferrycroatia.com\/it\/porto-di-domince\/\" \/>\n<meta property=\"og:locale\" content=\"en_US\" \/>\n<meta property=\"og:type\" content=\"article\" \/>\n<meta property=\"og:title\" content=\"Porto di Domince, partenze e arrivi di traghetti e battelli\" \/>\n<meta property=\"og:description\" content=\"Porto di Domince informazioni, posizione e servizi disponibili. Come arrivarci, e tutti i traghetti battelli che partono da e fino a Korcula.\" \/>\n<meta property=\"og:url\" content=\"https:\/\/www.ferrycroatia.com\/it\/porto-di-domince\/\" \/>\n<meta property=\"og:site_name\" content=\"Traghetto Croazia\" \/>\n<meta property=\"article:modified_time\" content=\"2021-08-19T11:31:52+00:00\" \/>\n<meta property=\"og:image\" content=\"https:\/\/www.ferrycroatia.com\/it\/wp-content\/uploads\/2021\/02\/domince-Korcula-1.jpg\" \/>\n\t<meta property=\"og:image:width\" content=\"1024\" \/>\n\t<meta property=\"og:image:height\" content=\"768\" \/>\n\t<meta property=\"og:image:type\" content=\"image\/jpeg\" \/>\n<meta name=\"twitter:card\" content=\"summary_large_image\" \/>\n<meta name=\"twitter:label1\" content=\"Est. reading time\" \/>\n\t<meta name=\"twitter:data1\" content=\"2 minutes\" \/>\n<script type=\"application\/ld+json\" class=\"yoast-schema-graph\">{\"@context\":\"https:\/\/schema.org\",\"@graph\":[{\"@type\":\"WebPage\",\"@id\":\"https:\/\/www.ferrycroatia.com\/it\/porto-di-domince\/\",\"url\":\"https:\/\/www.ferrycroatia.com\/it\/porto-di-domince\/\",\"name\":\"Porto di Domince, partenze e arrivi di traghetti e battelli\",\"isPartOf\":{\"@id\":\"https:\/\/www.ferrycroatia.com\/it\/#website\"},\"datePublished\":\"2021-02-04T11:36:45+00:00\",\"dateModified\":\"2021-08-19T11:31:52+00:00\",\"description\":\"Porto di Domince informazioni, posizione e servizi disponibili. Come arrivarci, e tutti i traghetti battelli che partono da e fino a Korcula.\",\"breadcrumb\":{\"@id\":\"https:\/\/www.ferrycroatia.com\/it\/porto-di-domince\/#breadcrumb\"},\"inLanguage\":\"en-US\",\"potentialAction\":[{\"@type\":\"ReadAction\",\"target\":[\"https:\/\/www.ferrycroatia.com\/it\/porto-di-domince\/\"]}]},{\"@type\":\"BreadcrumbList\",\"@id\":\"https:\/\/www.ferrycroatia.com\/it\/porto-di-domince\/#breadcrumb\",\"itemListElement\":[{\"@type\":\"ListItem\",\"position\":1,\"name\":\"Home\",\"item\":\"https:\/\/www.ferrycroatia.com\/it\/\"},{\"@type\":\"ListItem\",\"position\":2,\"name\":\"Porto di Domince\"}]},{\"@type\":\"WebSite\",\"@id\":\"https:\/\/www.ferrycroatia.com\/it\/#website\",\"url\":\"https:\/\/www.ferrycroatia.com\/it\/\",\"name\":\"Traghetto Croazia\",\"description\":\"Info e orari per tutti i catamarani e traghetti in Croazia\",\"potentialAction\":[{\"@type\":\"SearchAction\",\"target\":{\"@type\":\"EntryPoint\",\"urlTemplate\":\"https:\/\/www.ferrycroatia.com\/it\/?s={search_term_string}\"},\"query-input\":\"required name=search_term_string\"}],\"inLanguage\":\"en-US\"}]}<\/script>\n<!-- \/ Yoast SEO plugin. -->","yoast_head_json":{"title":"Porto di Domince, partenze e arrivi di traghetti e battelli","description":"Porto di Domince informazioni, posizione e servizi disponibili. Come arrivarci, e tutti i traghetti battelli che partono da e fino a Korcula.","robots":{"index":"index","follow":"follow","max-snippet":"max-snippet:-1","max-image-preview":"max-image-preview:large","max-video-preview":"max-video-preview:-1"},"canonical":"https:\/\/www.ferrycroatia.com\/it\/porto-di-domince\/","og_locale":"en_US","og_type":"article","og_title":"Porto di Domince, partenze e arrivi di traghetti e battelli","og_description":"Porto di Domince informazioni, posizione e servizi disponibili. Come arrivarci, e tutti i traghetti battelli che partono da e fino a Korcula.","og_url":"https:\/\/www.ferrycroatia.com\/it\/porto-di-domince\/","og_site_name":"Traghetto Croazia","article_modified_time":"2021-08-19T11:31:52+00:00","og_image":[{"width":1024,"height":768,"url":"https:\/\/www.ferrycroatia.com\/it\/wp-content\/uploads\/2021\/02\/domince-Korcula-1.jpg","type":"image\/jpeg"}],"twitter_card":"summary_large_image","twitter_misc":{"Est. reading time":"2 minutes"},"schema":{"@context":"https:\/\/schema.org","@graph":[{"@type":"WebPage","@id":"https:\/\/www.ferrycroatia.com\/it\/porto-di-domince\/","url":"https:\/\/www.ferrycroatia.com\/it\/porto-di-domince\/","name":"Porto di Domince, partenze e arrivi di traghetti e battelli","isPartOf":{"@id":"https:\/\/www.ferrycroatia.com\/it\/#website"},"datePublished":"2021-02-04T11:36:45+00:00","dateModified":"2021-08-19T11:31:52+00:00","description":"Porto di Domince informazioni, posizione e servizi disponibili. Come arrivarci, e tutti i traghetti battelli che partono da e fino a Korcula.","breadcrumb":{"@id":"https:\/\/www.ferrycroatia.com\/it\/porto-di-domince\/#breadcrumb"},"inLanguage":"en-US","potentialAction":[{"@type":"ReadAction","target":["https:\/\/www.ferrycroatia.com\/it\/porto-di-domince\/"]}]},{"@type":"BreadcrumbList","@id":"https:\/\/www.ferrycroatia.com\/it\/porto-di-domince\/#breadcrumb","itemListElement":[{"@type":"ListItem","position":1,"name":"Home","item":"https:\/\/www.ferrycroatia.com\/it\/"},{"@type":"ListItem","position":2,"name":"Porto di Domince"}]},{"@type":"WebSite","@id":"https:\/\/www.ferrycroatia.com\/it\/#website","url":"https:\/\/www.ferrycroatia.com\/it\/","name":"Traghetto Croazia","description":"Info e orari per tutti i catamarani e traghetti in Croazia","potentialAction":[{"@type":"SearchAction","target":{"@type":"EntryPoint","urlTemplate":"https:\/\/www.ferrycroatia.com\/it\/?s={search_term_string}"},"query-input":"required name=search_term_string"}],"inLanguage":"en-US"}]}},"_links":{"self":[{"href":"https:\/\/www.ferrycroatia.com\/it\/wp-json\/wp\/v2\/pages\/1514"}],"collection":[{"href":"https:\/\/www.ferrycroatia.com\/it\/wp-json\/wp\/v2\/pages"}],"about":[{"href":"https:\/\/www.ferrycroatia.com\/it\/wp-json\/wp\/v2\/types\/page"}],"author":[{"embeddable":true,"href":"https:\/\/www.ferrycroatia.com\/it\/wp-json\/wp\/v2\/users\/5"}],"replies":[{"embeddable":true,"href":"https:\/\/www.ferrycroatia.com\/it\/wp-json\/wp\/v2\/comments?post=1514"}],"version-history":[{"count":5,"href":"https:\/\/www.ferrycroatia.com\/it\/wp-json\/wp\/v2\/pages\/1514\/revisions"}],"predecessor-version":[{"id":3124,"href":"https:\/\/www.ferrycroatia.com\/it\/wp-json\/wp\/v2\/pages\/1514\/revisions\/3124"}],"wp:featuredmedia":[{"embeddable":true,"href":"https:\/\/www.ferrycroatia.com\/it\/wp-json\/wp\/v2\/media\/1522"}],"wp:attachment":[{"href":"https:\/\/www.ferrycroatia.com\/it\/wp-json\/wp\/v2\/media?parent=1514"}],"curies":[{"name":"wp","href":"https:\/\/api.w.org\/{rel}","templated":true}]}}