{"id":1526,"date":"2021-02-04T12:45:49","date_gmt":"2021-02-04T12:45:49","guid":{"rendered":"https:\/\/ferrycroatia.com\/it\/?page_id=1526"},"modified":"2021-08-19T13:52:09","modified_gmt":"2021-08-19T11:52:09","slug":"porto-di-ragusa","status":"publish","type":"page","link":"https:\/\/www.ferrycroatia.com\/it\/porto-di-ragusa\/","title":{"rendered":"Porto di Dubrovnik"},"content":{"rendered":"\n<p>Il terminal dei traghetti di Ragusa si trova<strong> nella parte della citt\u00e0 chiamata Gruz<\/strong>, a soli 3 chilometri dal centro storico di Ragusa. Da l\u00ec tutti i traghetti e catamarani operano da e per Ragusa. Il terminal dei traghetti \u00e8 aperto 0-24, 7 giorni alla settimana. La <strong>stazione principale degli autobus<\/strong> si trova vicino al terminal dei traghetti dove \u00e8 possibile facilmente raggiungere il terminal da altre citt\u00e0 croate.<\/p>\n\n\n\n<div id=\"ez-toc-container\" class=\"ez-toc-v2_0_62 counter-hierarchy ez-toc-counter ez-toc-grey ez-toc-container-direction\">\n<div class=\"ez-toc-title-container\">\n<p class=\"ez-toc-title \" >Table of Contents<\/p>\n<span class=\"ez-toc-title-toggle\"><a href=\"#\" class=\"ez-toc-pull-right ez-toc-btn ez-toc-btn-xs ez-toc-btn-default ez-toc-toggle\" aria-label=\"Toggle Table of Content\"><span class=\"ez-toc-js-icon-con\"><span class=\"\"><span class=\"eztoc-hide\" style=\"display:none;\">Toggle<\/span><span class=\"ez-toc-icon-toggle-span\"><svg style=\"fill: #070c63;color:#070c63\" xmlns=\"http:\/\/www.w3.org\/2000\/svg\" class=\"list-377408\" width=\"20px\" height=\"20px\" viewBox=\"0 0 24 24\" fill=\"none\"><path d=\"M6 6H4v2h2V6zm14 0H8v2h12V6zM4 11h2v2H4v-2zm16 0H8v2h12v-2zM4 16h2v2H4v-2zm16 0H8v2h12v-2z\" fill=\"currentColor\"><\/path><\/svg><svg style=\"fill: #070c63;color:#070c63\" class=\"arrow-unsorted-368013\" xmlns=\"http:\/\/www.w3.org\/2000\/svg\" width=\"10px\" height=\"10px\" viewBox=\"0 0 24 24\" version=\"1.2\" baseProfile=\"tiny\"><path d=\"M18.2 9.3l-6.2-6.3-6.2 6.3c-.2.2-.3.4-.3.7s.1.5.3.7c.2.2.4.3.7.3h11c.3 0 .5-.1.7-.3.2-.2.3-.5.3-.7s-.1-.5-.3-.7zM5.8 14.7l6.2 6.3 6.2-6.3c.2-.2.3-.5.3-.7s-.1-.5-.3-.7c-.2-.2-.4-.3-.7-.3h-11c-.3 0-.5.1-.7.3-.2.2-.3.5-.3.7s.1.5.3.7z\"\/><\/svg><\/span><\/span><\/span><\/a><\/span><\/div>\n<nav><ul class='ez-toc-list ez-toc-list-level-1 eztoc-toggle-hide-by-default' ><li class='ez-toc-page-1 ez-toc-heading-level-3'><a class=\"ez-toc-link ez-toc-heading-1\" href=\"https:\/\/www.ferrycroatia.com\/it\/porto-di-ragusa\/#Da_e_per_il_porto_dei_traghetti_di_Ragusa\" title=\"Da e per il porto dei traghetti di Ragusa:\">Da e per il porto dei traghetti di Ragusa:<\/a><\/li><li class='ez-toc-page-1 ez-toc-heading-level-3'><a class=\"ez-toc-link ez-toc-heading-2\" href=\"https:\/\/www.ferrycroatia.com\/it\/porto-di-ragusa\/#DallAeroporto_di_Ragusa_al_terminal_dei_traghetti\" title=\"Dall&#8217;Aeroporto di Ragusa al terminal dei traghetti:\">Dall&#8217;Aeroporto di Ragusa al terminal dei traghetti:<\/a><\/li><li class='ez-toc-page-1 ez-toc-heading-level-3'><a class=\"ez-toc-link ez-toc-heading-3\" href=\"https:\/\/www.ferrycroatia.com\/it\/porto-di-ragusa\/#Altre_destinazioni_per_il_terminal_dei_traghetti_di_Ragusa\" title=\"Altre destinazioni per il terminal dei traghetti di Ragusa:\">Altre destinazioni per il terminal dei traghetti di Ragusa:<\/a><\/li><li class='ez-toc-page-1 ez-toc-heading-level-3'><a class=\"ez-toc-link ez-toc-heading-4\" href=\"https:\/\/www.ferrycroatia.com\/it\/porto-di-ragusa\/#Cosa_si_puo_trovare_sul_porto_di_Ragusa\" title=\"Cosa si pu\u00f2 trovare sul porto di Ragusa?\">Cosa si pu\u00f2 trovare sul porto di Ragusa?<\/a><\/li><li class='ez-toc-page-1 ez-toc-heading-level-3'><a class=\"ez-toc-link ez-toc-heading-5\" href=\"https:\/\/www.ferrycroatia.com\/it\/porto-di-ragusa\/#Indirizzo_del_terminal_dei_traghetti_di_Ragusa\" title=\"Indirizzo del terminal dei traghetti di Ragusa:\">Indirizzo del terminal dei traghetti di Ragusa:<\/a><\/li><li class='ez-toc-page-1 ez-toc-heading-level-3'><a class=\"ez-toc-link ez-toc-heading-6\" href=\"https:\/\/www.ferrycroatia.com\/it\/porto-di-ragusa\/#Tratte_in_traghetto_e_in_catamarano_da_Ragusa\" title=\"Tratte in traghetto e in catamarano da Ragusa:\">Tratte in traghetto e in catamarano da Ragusa:<\/a><ul class='ez-toc-list-level-4' ><li class='ez-toc-heading-level-4'><a class=\"ez-toc-link ez-toc-heading-7\" href=\"https:\/\/www.ferrycroatia.com\/it\/porto-di-ragusa\/#Linee_di_traghetti_e_navi_da_Ragusa\" title=\"Linee di traghetti e navi da Ragusa:\">Linee di traghetti e navi da Ragusa:<\/a><\/li><li class='ez-toc-page-1 ez-toc-heading-level-4'><a class=\"ez-toc-link ez-toc-heading-8\" href=\"https:\/\/www.ferrycroatia.com\/it\/porto-di-ragusa\/#Linee_popolari_di_catamarani_traghetti_i_da_Ragusa\" title=\"Linee popolari di catamarani \/ traghetti i da Ragusa:\">Linee popolari di catamarani \/ traghetti i da Ragusa:<\/a><\/li><li class='ez-toc-page-1 ez-toc-heading-level-4'><a class=\"ez-toc-link ez-toc-heading-9\" href=\"https:\/\/www.ferrycroatia.com\/it\/porto-di-ragusa\/#Catamarano_traghetto_verso_lisola_di_Meleda\" title=\"Catamarano \/ traghetto verso l&#8217;isola di Meleda:\">Catamarano \/ traghetto verso l&#8217;isola di Meleda:<\/a><\/li><li class='ez-toc-page-1 ez-toc-heading-level-4'><a class=\"ez-toc-link ez-toc-heading-10\" href=\"https:\/\/www.ferrycroatia.com\/it\/porto-di-ragusa\/#Catamarano_traghetto_per_lisola_di_Brazza_e_per_Spalato\" title=\"Catamarano \/ traghetto per l&#8217;isola di Brazza e per Spalato:\">Catamarano \/ traghetto per l&#8217;isola di Brazza e per Spalato:<\/a><\/li><\/ul><\/li><\/ul><\/nav><\/div>\n<h3><span class=\"ez-toc-section\" id=\"Da_e_per_il_porto_dei_traghetti_di_Ragusa\"><\/span>Da e per il porto dei traghetti di Ragusa:<span class=\"ez-toc-section-end\"><\/span><\/h3>\n\n\n\n<p>Se alloggia a Ragusa e vuole visitare <strong>l\u2019<a href=\"https:\/\/www.ferrycroatia.com\/it\/isola-di-mezzo\/\">isola di Mezzo<\/a> (in croato Lopud), l\u2019<a href=\"https:\/\/www.ferrycroatia.com\/it\/isola-di-giuppana\/\">isola di Giuppana<\/a> (in croato \u0160ipan), l&#8217;isola di <a href=\"https:\/\/www.ferrycroatia.com\/it\/isola-di-calamotta\/\">Calamotta<\/a> (in croato Kolo\u010dep)<\/strong> oppure <strong>l\u2019isola di <a href=\"https:\/\/www.ferrycroatia.com\/it\/isola-di-meleda\/\">Meleda<\/a><\/strong> e cos\u00ec via, ecco come arrivare al terminal dei traghetti dalle diverse parti della citt\u00e0 (dove si trova la maggior parte delle unit\u00e0 di alloggio).<\/p>\n\n\n\n<p>Se arriva <strong>dal centro storico al terminal dei traghetti<\/strong> pu\u00f2 prendere l&#8217;autobus numero 1A, 1B, 3 o 6.<\/p>\n\n\n\n<p>Se dall\u2019altra parte alloggia nella parte cittadina di Lapad, <strong>per raggiungere il terminal dei traghetti bisogna prendere l&#8217;autobus numero 6<\/strong>.<\/p>\n\n\n\n<p>Se <strong>alloggia a Babin Kuk<\/strong> e vuole<strong> raggiungere il terminal dei traghetti,<\/strong> i numeri degli autobus che deve prendere sono 6 e 7.<\/p>\n\n\n\n<div class=\"wp-block-image wp-image-1534 size-full\"><figure class=\"aligncenter\"><img decoding=\"async\" loading=\"lazy\" width=\"1024\" height=\"576\" data-src=\"https:\/\/ferrycroatia.com\/it\/wp-content\/uploads\/2021\/02\/Ingresso-principale-al-Centro-storico-di-Dubrovnik.jpg\" alt=\"\" class=\"wp-image-1534\" data-srcset=\"https:\/\/www.ferrycroatia.com\/it\/wp-content\/uploads\/2021\/02\/Ingresso-principale-al-Centro-storico-di-Dubrovnik.jpg 1024w, https:\/\/www.ferrycroatia.com\/it\/wp-content\/uploads\/2021\/02\/Ingresso-principale-al-Centro-storico-di-Dubrovnik-300x169.jpg 300w, https:\/\/www.ferrycroatia.com\/it\/wp-content\/uploads\/2021\/02\/Ingresso-principale-al-Centro-storico-di-Dubrovnik-768x432.jpg 768w\" sizes=\"(max-width: 1024px) 100vw, 1024px\" \/><figcaption>Ingresso principale al Centro storico di Ragusa<\/figcaption><\/figure><\/div>\n\n\n\n<p>Un biglietto di sola andata per gli autobus locali (se acquistato direttamente in autobus) <strong>costa circa 15 HRK = 2 euro<\/strong> <strong>oppure pu\u00f2 costare un po\u2019 meno se acquistato prima (al chiosco ad es.).<\/strong><\/p>\n\n\n\n<p>Da tutte e tre le parti della citt\u00e0 sopra menzionate pu\u00f2 anche prendere un taxi che non coster\u00e0 molto dato che \u00e8 una distanza piuttosto breve.<\/p>\n\n\n\n<p>Se invece <strong>alloggia a Ragusa Vecchia (in croato Cavtat)<\/strong>, <strong>deve prendere l&#8217;autobus numero 10<\/strong> che arriva alla stazione principale degli autobus di Ragusa (situata proprio accanto al terminal dei traghetti). Un biglietto di sola andata da Ragusa Vecchia costa circa 25 HRK (il viaggio dura circa 25 minuti).<\/p>\n\n\n\n<p>L&#8217;altro modo per raggiungere Ragusa da Ragusa Vecchia \u00e8 <strong>organizzare un trasferimento privato<\/strong>.<\/p>\n\n\n\n<p>Tutti gli autobus operano dalla mattina presto alla sera tardi e sono piuttosto frequenti.<\/p>\n\n\n\n<h3><span class=\"ez-toc-section\" id=\"DallAeroporto_di_Ragusa_al_terminal_dei_traghetti\"><\/span>Dall&#8217;Aeroporto di Ragusa al terminal dei traghetti:<span class=\"ez-toc-section-end\"><\/span><\/h3>\n\n\n\n<p><strong>L&#8217;Aeroporto di Ragusa<\/strong> si trova a circa 22 km dal terminal dei traghetti di Ragusa. Una volta atterrato, pu\u00f2 <strong>prenotare in anticipo un transferimento privato (che costa circa 32 euro)<\/strong>, <strong>prendere un taxi<\/strong> (che porta direttamente al terminal dei traghetti. Il trasferimento costa circa 35 euro. <strong>Ci sono anche bus navetta che partono dall&#8217;aeroporto verso Ragusa<\/strong> (tutti fermano alla stazione principale degli autobus che si trova a pochi minuti dal terminal dei traghetti). Il <strong>biglietto costa circa 40 HRK<\/strong> = poco pi\u00f9 di 5 euro e il viaggio dura tra 30 e 40 min.<\/p>\n\n\n\n<p>Se vuole saperne di pi\u00f9 sul trasporto dall&#8217;aeroporto al terminal dei traghetti, faccia click <a href=\"https:\/\/getbybus.com\/it\/blog\/bus-aeroporto-di-dubrovnik\/\">qui<\/a>.<\/p>\n\n\n\n<div class=\"wp-block-image size-full wp-image-1538\"><figure class=\"aligncenter\"><img decoding=\"async\" loading=\"lazy\" width=\"1024\" height=\"768\" data-src=\"https:\/\/ferrycroatia.com\/it\/wp-content\/uploads\/2021\/02\/Nave-da-crociera-nel-porto.jpg\" alt=\"\" class=\"wp-image-1538\" data-srcset=\"https:\/\/www.ferrycroatia.com\/it\/wp-content\/uploads\/2021\/02\/Nave-da-crociera-nel-porto.jpg 1024w, https:\/\/www.ferrycroatia.com\/it\/wp-content\/uploads\/2021\/02\/Nave-da-crociera-nel-porto-300x225.jpg 300w, https:\/\/www.ferrycroatia.com\/it\/wp-content\/uploads\/2021\/02\/Nave-da-crociera-nel-porto-768x576.jpg 768w\" sizes=\"(max-width: 1024px) 100vw, 1024px\" \/><figcaption>Nave da crociera nel porto<\/figcaption><\/figure><\/div>\n\n\n\n<h3><span class=\"ez-toc-section\" id=\"Altre_destinazioni_per_il_terminal_dei_traghetti_di_Ragusa\"><\/span>Altre destinazioni per il terminal dei traghetti di Ragusa:<span class=\"ez-toc-section-end\"><\/span><\/h3>\n\n\n\n<p>Ragusa \u00e8 ben collegata da linee di autobus regolari e stagionali con<strong> molte destinazioni croate<\/strong>. Come accennato in precedenza, la stazione principale degli autobus di Ragusa si trova a pochi minuti dal terminal dei traghetti.<\/p>\n\n\n\n<p>Fare clic su questo link per vedere la posizione esatta: <a href=\"https:\/\/getbybus.com\/it\/bus-da-ragusa\">https:\/\/getbybus.com\/it\/bus-da-ragusa <\/a><\/p>\n\n\n\n<p>Lei potrebbe anche <strong>decidere di viaggiare in auto<\/strong>. Se arriva da nord, <strong>quando entra in citt\u00e0, molto presto raggiunger\u00e0 un grande ponte<\/strong> chiamato Ponte di Franjo Tu\u0111man. Il modo pi\u00f9 semplice per raggiungere il terminal dei traghetti \u00e8 svoltare immediatamente a sinistra dopo di esso. <strong>La strada La porter\u00e0 direttamente al terminal dei traghetti<\/strong>.<\/p>\n\n\n\n<p>Viaggiando da sud, <strong>non seguire le indicazioni per Ragusa<\/strong>, ma prosegue dritto fino a quando vedr\u00e0 il ponte davanti a Lei. Una volta che lo veda, gira a destra prima e segue la strada direttamente verso il terminal dei traghetti.<\/p>\n\n\n\n<h3><span class=\"ez-toc-section\" id=\"Cosa_si_puo_trovare_sul_porto_di_Ragusa\"><\/span>Cosa si pu\u00f2 trovare sul porto di Ragusa?<span class=\"ez-toc-section-end\"><\/span><\/h3>\n\n\n\n<p><strong>Sul terminal dei traghetti<\/strong> o nelle vicinanze si possono trovare gli sportelli bancomat, una banca, uffici informazioni, un ufficio di cambio valuta, un autonoleggio, alcune agenzie di viaggio, un supermercato di nome Konzum, un mercato, un centro commerciale Sergio (in croato Sr\u0111), un hotel Petka e alcuni ristoranti e bar.<\/p>\n\n\n\n<p>La citt\u00e0 di Ragusa \u00e8 una citt\u00e0 piuttosto piccola quindi un\u2019ottima idea sarebbe di <strong>prendere un taxi<\/strong>, <strong>se vuole arrivare ovunque in citt\u00e0 dal terminal dei traghetti<\/strong> (soprattutto se ha molti bagagli). Il trasferimento via taxi costa meno di 100 HRK (circa 13 euro). L&#8217;altra possibilit\u00e0 \u00e8 prendere un autobus locale (il biglietto costa circa 15 HRK &#8211; meno di 2 euro).<\/p>\n\n\n\n<h3><span class=\"ez-toc-section\" id=\"Indirizzo_del_terminal_dei_traghetti_di_Ragusa\"><\/span>Indirizzo del terminal dei traghetti di Ragusa:<span class=\"ez-toc-section-end\"><\/span><\/h3>\n\n\n\n<blockquote class=\"wp-block-quote\"><p>Obala Ivana Pavla II 1<\/p><p>20000 Dubrovnik<\/p><p><strong>Coordinate GPS:<\/strong> 42.65837, 18.08615<\/p><\/blockquote>\n\n\n\n<div class=\"wp-block-image\"><figure class=\"aligncenter\"><img decoding=\"async\" loading=\"lazy\" width=\"800\" height=\"459\" data-src=\"https:\/\/ferrycroatia.com\/it\/wp-content\/uploads\/2021\/02\/Dubrovnik3.jpg\" alt=\"\" class=\"wp-image-1552\" data-srcset=\"https:\/\/www.ferrycroatia.com\/it\/wp-content\/uploads\/2021\/02\/Dubrovnik3.jpg 800w, https:\/\/www.ferrycroatia.com\/it\/wp-content\/uploads\/2021\/02\/Dubrovnik3-300x172.jpg 300w, https:\/\/www.ferrycroatia.com\/it\/wp-content\/uploads\/2021\/02\/Dubrovnik3-768x441.jpg 768w\" sizes=\"(max-width: 800px) 100vw, 800px\" \/><\/figure><\/div>\n\n\n\n<h3><span class=\"ez-toc-section\" id=\"Tratte_in_traghetto_e_in_catamarano_da_Ragusa\"><\/span>Tratte in traghetto e in catamarano da Ragusa:<span class=\"ez-toc-section-end\"><\/span><\/h3>\n\n\n\n<h4><span class=\"ez-toc-section\" id=\"Linee_di_traghetti_e_navi_da_Ragusa\"><\/span>Linee di traghetti e navi da Ragusa:<span class=\"ez-toc-section-end\"><\/span><\/h4>\n\n\n\n<figure class=\"wp-block-table\"><table><tbody><tr><td><strong>Bari Italia<br>\n<\/strong><\/td><td><strong>Isola di Calamotta<\/strong><\/td><td><strong>&nbsp;Isola di Lopud<\/strong><\/td><td><strong>Isola di Giuppana<\/strong><\/td><\/tr><tr><td><a href=\"https:\/\/www.ferrycroatia.com\/it\/ragusa-bari\/\">Ragusa &#8211; Bari<\/a><\/td><td><a href=\"https:\/\/www.ferrycroatia.com\/it\/ragusa-calamotta\/\">Ragusa &#8211; Calamotta<\/a><\/td><td><a href=\"https:\/\/www.ferrycroatia.com\/it\/ragusa-lopud\/\">Ragusa &#8211; Lopud<\/a><\/td><td><a href=\"https:\/\/www.ferrycroatia.com\/it\/ragusa-sudurad\/\">Ragusa &#8211; Sudurad<\/a><\/td><\/tr><tr><td><a href=\"https:\/\/www.ferrycroatia.com\/it\/bari-ragusa\/\">Bari &#8211; Ragusa<\/a><\/td><td><a href=\"https:\/\/www.ferrycroatia.com\/it\/calamotta-ragusa\/\">Calamotta &#8211; Ragusa<\/a><\/td><td><a href=\"https:\/\/www.ferrycroatia.com\/it\/lopud-ragusa\/\">Lopud &#8211; Ragusa<\/a><\/td><td><a href=\"https:\/\/www.ferrycroatia.com\/it\/sudurad-ragusa\/\">Sudurad \u2013 Ragusa<\/a><\/td><\/tr><\/tbody><\/table><\/figure>\n\n\n\n<h4><span class=\"ez-toc-section\" id=\"Linee_popolari_di_catamarani_traghetti_i_da_Ragusa\"><\/span>Linee popolari di catamarani \/ traghetti i da Ragusa:<span class=\"ez-toc-section-end\"><\/span><\/h4>\n\n\n\n<figure class=\"wp-block-table\"><table><tbody><tr><td><strong>Isola di Curzola<br>\n<\/strong><\/td><td><strong>Isola di Lesina<br>\n<\/strong><\/td><td><strong>Island di Lagosta<br>\n<\/strong><\/td><\/tr><tr><td><a href=\"https:\/\/www.ferrycroatia.com\/it\/ragusa-curzola\/\">Ragusa &#8211; Curzola<\/a><\/td><td><a href=\"https:\/\/www.ferrycroatia.com\/it\/ragusa-citta-di-lesina\/\">Ragusa &#8211; Lesina<\/a><\/td><td><a href=\"https:\/\/www.ferrycroatia.com\/it\/ragusa-ubli\/\">Ragusa &#8211; Ubli<\/a><\/td><\/tr><tr><td><a href=\"https:\/\/www.ferrycroatia.com\/it\/curzola-ragusa\/\">Curzola &#8211; Ragusa<\/a><\/td><td><a href=\"https:\/\/www.ferrycroatia.com\/it\/lesina-ragusa\/\">Lesina &#8211; Ragusa<\/a><\/td><td><a href=\"https:\/\/www.ferrycroatia.com\/it\/ubli-ragusa\/\">Ubli \u2013 Ragusa<\/a><\/td><\/tr><\/tbody><\/table><\/figure>\n\n\n\n<h4><span class=\"ez-toc-section\" id=\"Catamarano_traghetto_verso_lisola_di_Meleda\"><\/span>Catamarano \/ traghetto verso l&#8217;isola di Meleda:<span class=\"ez-toc-section-end\"><\/span><\/h4>\n\n\n\n<figure class=\"wp-block-table\"><table><tbody><tr><td><a href=\"https:\/\/www.ferrycroatia.com\/it\/ragusa-sobra\/\">Ragusa &#8211; Sobra<\/a><\/td><td><a href=\"https:\/\/www.ferrycroatia.com\/it\/ragusa-pomena\/\">Ragusa &#8211; Pomena<\/a><\/td><td><a href=\"https:\/\/www.ferrycroatia.com\/it\/ragusa-polace\/\">Ragusa &#8211; Polace<\/a><\/td><\/tr><tr><td><a href=\"https:\/\/www.ferrycroatia.com\/it\/sobra-ragusa\/\">Sobra &#8211; Ragusa<\/a><\/td><td><a href=\"https:\/\/www.ferrycroatia.com\/it\/pomena-ragusa\/\">Pomena &#8211; Ragusa<\/a><\/td><td><a href=\"https:\/\/www.ferrycroatia.com\/it\/polace-ragusa\/\">Polace &#8211; Ragusa<\/a><\/td><\/tr><\/tbody><\/table><\/figure>\n\n\n\n<h4><span class=\"ez-toc-section\" id=\"Catamarano_traghetto_per_lisola_di_Brazza_e_per_Spalato\"><\/span>Catamarano \/ traghetto per l&#8217;isola di Brazza e per Spalato:<span class=\"ez-toc-section-end\"><\/span><\/h4>\n\n\n\n<figure class=\"wp-block-table\"><table><tbody><tr><td><strong>Isola di Brazza<\/strong><\/td><td><strong>Isola di Brazza<\/strong><\/td><td><strong>Spalato<\/strong><\/td><td><strong>Macarsca<\/strong><\/td><\/tr><tr><td><a href=\"https:\/\/www.ferrycroatia.com\/it\/ragusa-bol\/\">Ragusa &#8211; Bol<\/a><\/td><td><a href=\"https:\/\/www.ferrycroatia.com\/it\/ragusa-milna\/\">Ragusa &#8211; Milna<\/a><\/td><td><a href=\"https:\/\/www.ferrycroatia.com\/it\/ragusa-spalato\/\">Ragusa &#8211; Spalato<\/a><\/td><td><a href=\"https:\/\/www.ferrycroatia.com\/it\/ragusa-makarska\/\">Ragusa &#8211; Macarsca<\/a><\/td><\/tr><tr><td><a href=\"https:\/\/www.ferrycroatia.com\/it\/bol-ragusa\/\">Bol &#8211; Ragusa<\/a><\/td><td><a href=\"https:\/\/www.ferrycroatia.com\/it\/milna-ragusa\/\">Milna &#8211; Ragusa<\/a><\/td><td><a href=\"https:\/\/www.ferrycroatia.com\/it\/spalato-ragusa\/\">Spalato &#8211; Ragusa<\/a><\/td><td><a href=\"https:\/\/www.ferrycroatia.com\/it\/makarska-ragusa\/\">Macarsca &#8211; Ragusa<\/a><\/td><\/tr><\/tbody><\/table><\/figure>\n","protected":false},"excerpt":{"rendered":"<p>Il terminal dei traghetti di Ragusa si trova nella parte della citt\u00e0 chiamata Gruz, a soli 3 chilometri dal centro storico di Ragusa. Da l\u00ec tutti i traghetti e catamarani operano da e per Ragusa. Il terminal dei traghetti \u00e8 aperto 0-24, 7 giorni alla settimana. La stazione principale degli autobus si trova vicino al [&hellip;]<\/p>\n<p><a class=\"more-link\" href=\"https:\/\/www.ferrycroatia.com\/it\/porto-di-ragusa\/\"> Continue reading&#8230;<\/a><\/p>\n","protected":false},"author":5,"featured_media":1561,"parent":0,"menu_order":0,"comment_status":"closed","ping_status":"closed","template":"","meta":[],"yoast_head":"<!-- This site is optimized with the Yoast SEO plugin v19.8 - https:\/\/yoast.com\/wordpress\/plugins\/seo\/ -->\n<title>Porto di Dubrovnik, partenze dei traghetti e catamarani<\/title>\n<meta name=\"description\" content=\"Porto di Dubrovnik informazioni, posizione e servizi disponibili. Come arrivarci, e tutti i traghetti e catamarani che partono da e fino a Dubrovnik.\" \/>\n<meta name=\"robots\" content=\"index, follow, max-snippet:-1, max-image-preview:large, max-video-preview:-1\" \/>\n<link rel=\"canonical\" href=\"https:\/\/www.ferrycroatia.com\/it\/porto-di-ragusa\/\" \/>\n<meta property=\"og:locale\" content=\"en_US\" \/>\n<meta property=\"og:type\" content=\"article\" \/>\n<meta property=\"og:title\" content=\"Porto di Dubrovnik, partenze dei traghetti e catamarani\" \/>\n<meta property=\"og:description\" content=\"Porto di Dubrovnik informazioni, posizione e servizi disponibili. Come arrivarci, e tutti i traghetti e catamarani che partono da e fino a Dubrovnik.\" \/>\n<meta property=\"og:url\" content=\"https:\/\/www.ferrycroatia.com\/it\/porto-di-ragusa\/\" \/>\n<meta property=\"og:site_name\" content=\"Traghetto Croazia\" \/>\n<meta property=\"article:modified_time\" content=\"2021-08-19T11:52:09+00:00\" \/>\n<meta property=\"og:image\" content=\"https:\/\/www.ferrycroatia.com\/it\/wp-content\/uploads\/2021\/02\/Dubrovnik4.jpg\" \/>\n\t<meta property=\"og:image:width\" content=\"1024\" \/>\n\t<meta property=\"og:image:height\" content=\"576\" \/>\n\t<meta property=\"og:image:type\" content=\"image\/jpeg\" \/>\n<meta name=\"twitter:card\" content=\"summary_large_image\" \/>\n<meta name=\"twitter:label1\" content=\"Est. reading time\" \/>\n\t<meta name=\"twitter:data1\" content=\"5 minutes\" \/>\n<script type=\"application\/ld+json\" class=\"yoast-schema-graph\">{\"@context\":\"https:\/\/schema.org\",\"@graph\":[{\"@type\":\"WebPage\",\"@id\":\"https:\/\/www.ferrycroatia.com\/it\/porto-di-ragusa\/\",\"url\":\"https:\/\/www.ferrycroatia.com\/it\/porto-di-ragusa\/\",\"name\":\"Porto di Dubrovnik, partenze dei traghetti e catamarani\",\"isPartOf\":{\"@id\":\"https:\/\/www.ferrycroatia.com\/it\/#website\"},\"datePublished\":\"2021-02-04T12:45:49+00:00\",\"dateModified\":\"2021-08-19T11:52:09+00:00\",\"description\":\"Porto di Dubrovnik informazioni, posizione e servizi disponibili. Come arrivarci, e tutti i traghetti e catamarani che partono da e fino a Dubrovnik.\",\"breadcrumb\":{\"@id\":\"https:\/\/www.ferrycroatia.com\/it\/porto-di-ragusa\/#breadcrumb\"},\"inLanguage\":\"en-US\",\"potentialAction\":[{\"@type\":\"ReadAction\",\"target\":[\"https:\/\/www.ferrycroatia.com\/it\/porto-di-ragusa\/\"]}]},{\"@type\":\"BreadcrumbList\",\"@id\":\"https:\/\/www.ferrycroatia.com\/it\/porto-di-ragusa\/#breadcrumb\",\"itemListElement\":[{\"@type\":\"ListItem\",\"position\":1,\"name\":\"Home\",\"item\":\"https:\/\/www.ferrycroatia.com\/it\/\"},{\"@type\":\"ListItem\",\"position\":2,\"name\":\"Porto di Dubrovnik\"}]},{\"@type\":\"WebSite\",\"@id\":\"https:\/\/www.ferrycroatia.com\/it\/#website\",\"url\":\"https:\/\/www.ferrycroatia.com\/it\/\",\"name\":\"Traghetto Croazia\",\"description\":\"Info e orari per tutti i catamarani e traghetti in Croazia\",\"potentialAction\":[{\"@type\":\"SearchAction\",\"target\":{\"@type\":\"EntryPoint\",\"urlTemplate\":\"https:\/\/www.ferrycroatia.com\/it\/?s={search_term_string}\"},\"query-input\":\"required name=search_term_string\"}],\"inLanguage\":\"en-US\"}]}<\/script>\n<!-- \/ Yoast SEO plugin. -->","yoast_head_json":{"title":"Porto di Dubrovnik, partenze dei traghetti e catamarani","description":"Porto di Dubrovnik informazioni, posizione e servizi disponibili. Come arrivarci, e tutti i traghetti e catamarani che partono da e fino a Dubrovnik.","robots":{"index":"index","follow":"follow","max-snippet":"max-snippet:-1","max-image-preview":"max-image-preview:large","max-video-preview":"max-video-preview:-1"},"canonical":"https:\/\/www.ferrycroatia.com\/it\/porto-di-ragusa\/","og_locale":"en_US","og_type":"article","og_title":"Porto di Dubrovnik, partenze dei traghetti e catamarani","og_description":"Porto di Dubrovnik informazioni, posizione e servizi disponibili. Come arrivarci, e tutti i traghetti e catamarani che partono da e fino a Dubrovnik.","og_url":"https:\/\/www.ferrycroatia.com\/it\/porto-di-ragusa\/","og_site_name":"Traghetto Croazia","article_modified_time":"2021-08-19T11:52:09+00:00","og_image":[{"width":1024,"height":576,"url":"https:\/\/www.ferrycroatia.com\/it\/wp-content\/uploads\/2021\/02\/Dubrovnik4.jpg","type":"image\/jpeg"}],"twitter_card":"summary_large_image","twitter_misc":{"Est. reading time":"5 minutes"},"schema":{"@context":"https:\/\/schema.org","@graph":[{"@type":"WebPage","@id":"https:\/\/www.ferrycroatia.com\/it\/porto-di-ragusa\/","url":"https:\/\/www.ferrycroatia.com\/it\/porto-di-ragusa\/","name":"Porto di Dubrovnik, partenze dei traghetti e catamarani","isPartOf":{"@id":"https:\/\/www.ferrycroatia.com\/it\/#website"},"datePublished":"2021-02-04T12:45:49+00:00","dateModified":"2021-08-19T11:52:09+00:00","description":"Porto di Dubrovnik informazioni, posizione e servizi disponibili. Come arrivarci, e tutti i traghetti e catamarani che partono da e fino a Dubrovnik.","breadcrumb":{"@id":"https:\/\/www.ferrycroatia.com\/it\/porto-di-ragusa\/#breadcrumb"},"inLanguage":"en-US","potentialAction":[{"@type":"ReadAction","target":["https:\/\/www.ferrycroatia.com\/it\/porto-di-ragusa\/"]}]},{"@type":"BreadcrumbList","@id":"https:\/\/www.ferrycroatia.com\/it\/porto-di-ragusa\/#breadcrumb","itemListElement":[{"@type":"ListItem","position":1,"name":"Home","item":"https:\/\/www.ferrycroatia.com\/it\/"},{"@type":"ListItem","position":2,"name":"Porto di Dubrovnik"}]},{"@type":"WebSite","@id":"https:\/\/www.ferrycroatia.com\/it\/#website","url":"https:\/\/www.ferrycroatia.com\/it\/","name":"Traghetto Croazia","description":"Info e orari per tutti i catamarani e traghetti in Croazia","potentialAction":[{"@type":"SearchAction","target":{"@type":"EntryPoint","urlTemplate":"https:\/\/www.ferrycroatia.com\/it\/?s={search_term_string}"},"query-input":"required name=search_term_string"}],"inLanguage":"en-US"}]}},"_links":{"self":[{"href":"https:\/\/www.ferrycroatia.com\/it\/wp-json\/wp\/v2\/pages\/1526"}],"collection":[{"href":"https:\/\/www.ferrycroatia.com\/it\/wp-json\/wp\/v2\/pages"}],"about":[{"href":"https:\/\/www.ferrycroatia.com\/it\/wp-json\/wp\/v2\/types\/page"}],"author":[{"embeddable":true,"href":"https:\/\/www.ferrycroatia.com\/it\/wp-json\/wp\/v2\/users\/5"}],"replies":[{"embeddable":true,"href":"https:\/\/www.ferrycroatia.com\/it\/wp-json\/wp\/v2\/comments?post=1526"}],"version-history":[{"count":6,"href":"https:\/\/www.ferrycroatia.com\/it\/wp-json\/wp\/v2\/pages\/1526\/revisions"}],"predecessor-version":[{"id":3150,"href":"https:\/\/www.ferrycroatia.com\/it\/wp-json\/wp\/v2\/pages\/1526\/revisions\/3150"}],"wp:featuredmedia":[{"embeddable":true,"href":"https:\/\/www.ferrycroatia.com\/it\/wp-json\/wp\/v2\/media\/1561"}],"wp:attachment":[{"href":"https:\/\/www.ferrycroatia.com\/it\/wp-json\/wp\/v2\/media?parent=1526"}],"curies":[{"name":"wp","href":"https:\/\/api.w.org\/{rel}","templated":true}]}}