{"id":1527,"date":"2021-02-04T11:52:51","date_gmt":"2021-02-04T11:52:51","guid":{"rendered":"https:\/\/ferrycroatia.com\/it\/?page_id=1527"},"modified":"2021-08-19T13:22:15","modified_gmt":"2021-08-19T11:22:15","slug":"porto-di-asinello","status":"publish","type":"page","link":"https:\/\/www.ferrycroatia.com\/it\/porto-di-asinello\/","title":{"rendered":"Porto di Ilovik"},"content":{"rendered":"\n<p><strong>La citt\u00e0 di Ilovik si trova sull&#8217;isola di Ilovik<\/strong> (a sud dell&#8217;isola di Lussino), sul lato nord-est. Il porto dei catamarani \u00e8 uno dei porti pi\u00f9 belli e sicuri dell&#8217;Adriatico, situato vicino al centro del paese e alla passeggiata principale in riva al mare. \u00c8 collegato <strong>da linee regolari di catamarani con le isole di Silba, Lussino, Cherso e Unije e con le citt\u00e0 di Zara, Fiume e Pola<\/strong>.<\/p>\n\n\n\n<p><span style=\"text-decoration: underline;\"><strong>Arrivare da e per il porto dei catamarani di Ilovik:<\/strong><\/span><\/p>\n\n\n\n<p><strong>Ilovik \u00e8 un&#8217;isola davvero piccola<\/strong> con un piccolo porto per catamarani, situata vicino al centro citt\u00e0, quindi non importa dove sia il vostro alloggio, \u00e8 facilmente raggiungibile a piedi. \u00c8 anche l&#8217;unica opzione, poich\u00e9 <strong>le auto non sono ammesse sull&#8217;isola<\/strong>.<\/p>\n\n\n\n<p><span style=\"text-decoration: underline;\"><strong>Cosa potete trovare al porto dei catamarani di Ilovik:<\/strong><\/span><\/p>\n\n\n\n<p>Ilovik \u00e8 una citt\u00e0 davvero piccola dove potete trovare un ufficio postale, un negozio, un negozio di souvenir, alcuni caff\u00e8 e ristoranti.<\/p>\n\n\n\n<p><span style=\"text-decoration: underline;\"><strong>I<\/strong><strong>ndirizzo del porto dei catamarani Ilovik:<\/strong><\/span><\/p>\n\n\n\n<ul><li>&nbsp;&nbsp;&nbsp; Longitudine: 14.548746<\/li><li>&nbsp;&nbsp;&nbsp; Latitudine: 44,461829<\/li><li>&nbsp;&nbsp;&nbsp; 51552 Ilovik (Ilovik)<\/li><\/ul>\n\n\n\n<figure class=\"wp-block-image\"><a class=\"lightbox\" href=\"http:\/\/www.ferrycroatia.com\/wp-content\/uploads\/2016\/07\/Ilovik-catamaran-port.jpg\"><img decoding=\"async\" data-src=\"http:\/\/www.ferrycroatia.com\/wp-content\/uploads\/2016\/07\/Ilovik-catamaran-port.jpg\" alt=\"Ilovik catamaran port\" class=\"wp-image-581\"\/><\/a><\/figure>\n\n\n\n<p><span style=\"text-decoration: underline;\"><strong>Elenco delle tratte in traghetto e catamarano da \/ per l&#8217;isola di Ilovik<\/strong><\/span><\/p>\n\n\n\n<p>\u2192 Catamarano: Zara &#8211; Selve &#8211; Ilovik &#8211; Lussinpiccolo &#8211; Unie &#8211; Pola<\/p>\n\n\n\n<ul><li><a href=\"https:\/\/www.ferrycroatia.com\/it\/asinello-zara\/\">&nbsp;&nbsp;&nbsp;&nbsp; Ilovik &#8211; Zara<\/a><\/li><li><a href=\"https:\/\/www.ferrycroatia.com\/it\/asinello-selve\/\">&nbsp;&nbsp;&nbsp;&nbsp; Ilovik &#8211; Selve<\/a><\/li><li><a href=\"https:\/\/www.ferrycroatia.com\/it\/asinello-lussinpiccolo\/\">&nbsp;&nbsp;&nbsp;&nbsp; Ilovik &#8211; Lussinpiccolo<\/a><\/li><li><a href=\"https:\/\/www.ferrycroatia.com\/it\/asinello-unie\/\">&nbsp;&nbsp;&nbsp;&nbsp; Ilovik &#8211; Unie<\/a><\/li><li><a href=\"https:\/\/www.ferrycroatia.com\/it\/asinello-pola\/\">&nbsp;&nbsp;&nbsp;&nbsp; Ilovik &#8211; Pola<\/a><\/li><\/ul>\n\n\n\n<p>\u2192 Catamarano: Fiume &#8211; Cherso &#8211; Martinscica (Cherso) &#8211; Unie &#8211; Susak &#8211; Ilovik &#8211; Lussinpiccolo<\/p>\n\n\n\n<ul><li><a href=\"https:\/\/www.ferrycroatia.com\/it\/asinello-fiume\/\">&nbsp;&nbsp;&nbsp;&nbsp; Ilovik &#8211; Rijeka<\/a><\/li><li><a href=\"https:\/\/www.ferrycroatia.com\/it\/asinello-cherso\/\">&nbsp;&nbsp;&nbsp;&nbsp; Ilovik &#8211; Cherso (citt\u00e0)<\/a><\/li><li><a href=\"https:\/\/www.ferrycroatia.com\/it\/asinello-martinscica\/\">&nbsp;&nbsp;&nbsp;&nbsp; Ilovik &#8211; Martinscica (Cherso)<\/a><\/li><li><a href=\"https:\/\/www.ferrycroatia.com\/it\/asinello-sansego\/\">&nbsp;&nbsp;&nbsp;&nbsp; Ilovik &#8211; Susak<\/a><\/li><li><a href=\"https:\/\/www.ferrycroatia.com\/it\/asinello-lussinpiccolo\/\">&nbsp;&nbsp;&nbsp;&nbsp; Ilovik &#8211; Lussinpiccolo<\/a><\/li><\/ul>\n\n\n\n<p>\u2192 Traghetto: Ilovik &#8211; Mrtvaska (Lussino)<\/p>\n\n\n\n<ul><li>&nbsp;&nbsp;&nbsp;&nbsp;&nbsp;Ilovik &#8211; Mrtvaska<\/li><\/ul>\n","protected":false},"excerpt":{"rendered":"<p>La citt\u00e0 di Ilovik si trova sull&#8217;isola di Ilovik (a sud dell&#8217;isola di Lussino), sul lato nord-est. Il porto dei catamarani \u00e8 uno dei porti pi\u00f9 belli e sicuri dell&#8217;Adriatico, situato vicino al centro del paese e alla passeggiata principale in riva al mare. \u00c8 collegato da linee regolari di catamarani con le isole di [&hellip;]<\/p>\n<p><a class=\"more-link\" href=\"https:\/\/www.ferrycroatia.com\/it\/porto-di-asinello\/\"> Continue reading&#8230;<\/a><\/p>\n","protected":false},"author":6,"featured_media":0,"parent":0,"menu_order":0,"comment_status":"closed","ping_status":"closed","template":"","meta":[],"yoast_head":"<!-- This site is optimized with the Yoast SEO plugin v19.8 - https:\/\/yoast.com\/wordpress\/plugins\/seo\/ -->\n<title>Porto di Ilovik, partenze dei traghetti e catamarani<\/title>\n<meta name=\"description\" content=\"Porto di Ilovik informazioni, posizione e servizi disponibili. Come arrivarci, e tutti i traghetti e catamarani che partono da e fino a Ilovik.\" \/>\n<meta name=\"robots\" content=\"index, follow, max-snippet:-1, max-image-preview:large, max-video-preview:-1\" \/>\n<link rel=\"canonical\" href=\"https:\/\/www.ferrycroatia.com\/it\/porto-di-asinello\/\" \/>\n<meta property=\"og:locale\" content=\"en_US\" \/>\n<meta property=\"og:type\" content=\"article\" \/>\n<meta property=\"og:title\" content=\"Porto di Ilovik, partenze dei traghetti e catamarani\" \/>\n<meta property=\"og:description\" content=\"Porto di Ilovik informazioni, posizione e servizi disponibili. Come arrivarci, e tutti i traghetti e catamarani che partono da e fino a Ilovik.\" \/>\n<meta property=\"og:url\" content=\"https:\/\/www.ferrycroatia.com\/it\/porto-di-asinello\/\" \/>\n<meta property=\"og:site_name\" content=\"Traghetto Croazia\" \/>\n<meta property=\"article:modified_time\" content=\"2021-08-19T11:22:15+00:00\" \/>\n<meta property=\"og:image\" content=\"http:\/\/www.ferrycroatia.com\/wp-content\/uploads\/2016\/07\/Ilovik-catamaran-port.jpg\" \/>\n<meta name=\"twitter:card\" content=\"summary_large_image\" \/>\n<meta name=\"twitter:label1\" content=\"Est. reading time\" \/>\n\t<meta name=\"twitter:data1\" content=\"2 minutes\" \/>\n<script type=\"application\/ld+json\" class=\"yoast-schema-graph\">{\"@context\":\"https:\/\/schema.org\",\"@graph\":[{\"@type\":\"WebPage\",\"@id\":\"https:\/\/www.ferrycroatia.com\/it\/porto-di-asinello\/\",\"url\":\"https:\/\/www.ferrycroatia.com\/it\/porto-di-asinello\/\",\"name\":\"Porto di Ilovik, partenze dei traghetti e catamarani\",\"isPartOf\":{\"@id\":\"https:\/\/www.ferrycroatia.com\/it\/#website\"},\"datePublished\":\"2021-02-04T11:52:51+00:00\",\"dateModified\":\"2021-08-19T11:22:15+00:00\",\"description\":\"Porto di Ilovik informazioni, posizione e servizi disponibili. Come arrivarci, e tutti i traghetti e catamarani che partono da e fino a Ilovik.\",\"breadcrumb\":{\"@id\":\"https:\/\/www.ferrycroatia.com\/it\/porto-di-asinello\/#breadcrumb\"},\"inLanguage\":\"en-US\",\"potentialAction\":[{\"@type\":\"ReadAction\",\"target\":[\"https:\/\/www.ferrycroatia.com\/it\/porto-di-asinello\/\"]}]},{\"@type\":\"BreadcrumbList\",\"@id\":\"https:\/\/www.ferrycroatia.com\/it\/porto-di-asinello\/#breadcrumb\",\"itemListElement\":[{\"@type\":\"ListItem\",\"position\":1,\"name\":\"Home\",\"item\":\"https:\/\/www.ferrycroatia.com\/it\/\"},{\"@type\":\"ListItem\",\"position\":2,\"name\":\"Porto di Ilovik\"}]},{\"@type\":\"WebSite\",\"@id\":\"https:\/\/www.ferrycroatia.com\/it\/#website\",\"url\":\"https:\/\/www.ferrycroatia.com\/it\/\",\"name\":\"Traghetto Croazia\",\"description\":\"Info e orari per tutti i catamarani e traghetti in Croazia\",\"potentialAction\":[{\"@type\":\"SearchAction\",\"target\":{\"@type\":\"EntryPoint\",\"urlTemplate\":\"https:\/\/www.ferrycroatia.com\/it\/?s={search_term_string}\"},\"query-input\":\"required name=search_term_string\"}],\"inLanguage\":\"en-US\"}]}<\/script>\n<!-- \/ Yoast SEO plugin. -->","yoast_head_json":{"title":"Porto di Ilovik, partenze dei traghetti e catamarani","description":"Porto di Ilovik informazioni, posizione e servizi disponibili. Come arrivarci, e tutti i traghetti e catamarani che partono da e fino a Ilovik.","robots":{"index":"index","follow":"follow","max-snippet":"max-snippet:-1","max-image-preview":"max-image-preview:large","max-video-preview":"max-video-preview:-1"},"canonical":"https:\/\/www.ferrycroatia.com\/it\/porto-di-asinello\/","og_locale":"en_US","og_type":"article","og_title":"Porto di Ilovik, partenze dei traghetti e catamarani","og_description":"Porto di Ilovik informazioni, posizione e servizi disponibili. Come arrivarci, e tutti i traghetti e catamarani che partono da e fino a Ilovik.","og_url":"https:\/\/www.ferrycroatia.com\/it\/porto-di-asinello\/","og_site_name":"Traghetto Croazia","article_modified_time":"2021-08-19T11:22:15+00:00","og_image":[{"url":"http:\/\/www.ferrycroatia.com\/wp-content\/uploads\/2016\/07\/Ilovik-catamaran-port.jpg"}],"twitter_card":"summary_large_image","twitter_misc":{"Est. reading time":"2 minutes"},"schema":{"@context":"https:\/\/schema.org","@graph":[{"@type":"WebPage","@id":"https:\/\/www.ferrycroatia.com\/it\/porto-di-asinello\/","url":"https:\/\/www.ferrycroatia.com\/it\/porto-di-asinello\/","name":"Porto di Ilovik, partenze dei traghetti e catamarani","isPartOf":{"@id":"https:\/\/www.ferrycroatia.com\/it\/#website"},"datePublished":"2021-02-04T11:52:51+00:00","dateModified":"2021-08-19T11:22:15+00:00","description":"Porto di Ilovik informazioni, posizione e servizi disponibili. Come arrivarci, e tutti i traghetti e catamarani che partono da e fino a Ilovik.","breadcrumb":{"@id":"https:\/\/www.ferrycroatia.com\/it\/porto-di-asinello\/#breadcrumb"},"inLanguage":"en-US","potentialAction":[{"@type":"ReadAction","target":["https:\/\/www.ferrycroatia.com\/it\/porto-di-asinello\/"]}]},{"@type":"BreadcrumbList","@id":"https:\/\/www.ferrycroatia.com\/it\/porto-di-asinello\/#breadcrumb","itemListElement":[{"@type":"ListItem","position":1,"name":"Home","item":"https:\/\/www.ferrycroatia.com\/it\/"},{"@type":"ListItem","position":2,"name":"Porto di Ilovik"}]},{"@type":"WebSite","@id":"https:\/\/www.ferrycroatia.com\/it\/#website","url":"https:\/\/www.ferrycroatia.com\/it\/","name":"Traghetto Croazia","description":"Info e orari per tutti i catamarani e traghetti in Croazia","potentialAction":[{"@type":"SearchAction","target":{"@type":"EntryPoint","urlTemplate":"https:\/\/www.ferrycroatia.com\/it\/?s={search_term_string}"},"query-input":"required name=search_term_string"}],"inLanguage":"en-US"}]}},"_links":{"self":[{"href":"https:\/\/www.ferrycroatia.com\/it\/wp-json\/wp\/v2\/pages\/1527"}],"collection":[{"href":"https:\/\/www.ferrycroatia.com\/it\/wp-json\/wp\/v2\/pages"}],"about":[{"href":"https:\/\/www.ferrycroatia.com\/it\/wp-json\/wp\/v2\/types\/page"}],"author":[{"embeddable":true,"href":"https:\/\/www.ferrycroatia.com\/it\/wp-json\/wp\/v2\/users\/6"}],"replies":[{"embeddable":true,"href":"https:\/\/www.ferrycroatia.com\/it\/wp-json\/wp\/v2\/comments?post=1527"}],"version-history":[{"count":5,"href":"https:\/\/www.ferrycroatia.com\/it\/wp-json\/wp\/v2\/pages\/1527\/revisions"}],"predecessor-version":[{"id":3113,"href":"https:\/\/www.ferrycroatia.com\/it\/wp-json\/wp\/v2\/pages\/1527\/revisions\/3113"}],"wp:attachment":[{"href":"https:\/\/www.ferrycroatia.com\/it\/wp-json\/wp\/v2\/media?parent=1527"}],"curies":[{"name":"wp","href":"https:\/\/api.w.org\/{rel}","templated":true}]}}