{"id":1537,"date":"2021-02-04T12:10:06","date_gmt":"2021-02-04T12:10:06","guid":{"rendered":"https:\/\/ferrycroatia.com\/it\/?page_id=1537"},"modified":"2021-08-19T13:35:22","modified_gmt":"2021-08-19T11:35:22","slug":"porto-di-gelsa","status":"publish","type":"page","link":"https:\/\/www.ferrycroatia.com\/it\/porto-di-gelsa\/","title":{"rendered":"Porto di Jelsa"},"content":{"rendered":"\n<p>La citt\u00e0 di Gelsa \u00e8 situata <strong>in una baia al centro della costa settentrionale dell&#8217;isola di Lesina<\/strong>. Il porto di Gelsa \u00e8 collegato da linee regolari a Bol e Spalato. Il porto si trova nel centro del paese. Situato a 200 m dalla passeggiata principale in riva al mare.<\/p>\n\n\n\n<p><span style=\"text-decoration: underline;\"><strong>Arrivare da e al porto dei traghetti di Gelsa:<\/strong><\/span><\/p>\n\n\n\n<p>Jelsa \u00e8 una cittadina insulare davvero piccola <strong>e il molo da cui parte il catamarano si trova proprio nel centro<\/strong>. Non importa dove sia il suo alloggio, tutto \u00e8 praticamente raggiungibile a piedi. <strong>L&#8217;alternativa \u00e8 prendere un taxi<\/strong> che non costa molto visto che \u00e8 una distanza abbastanza breve.<\/p>\n\n\n\n<p>\u00c8 abbastanza facile raggiungere la citt\u00e0 di Gelsa da alcune altre citt\u00e0 di Lesina poich\u00e9 \u00e8 ben collegata dalle linee di autobus. <a href=\"https:\/\/getbybus.com\/it\/bus-da-gelsa\">La fermata principale degli autobus<\/a> di Gelsa si trova a circa 650 m dal molo da cui partono i catamarani ed \u00e8 abbastanza facile raggiungerla a piedi.<\/p>\n\n\n\n<p><span style=\"text-decoration: underline;\"><strong>Cosa si pu\u00f2 trovare al porto dei catamarani di Gelsa:<\/strong><\/span><\/p>\n\n\n\n<p>Come gi\u00e0 menzionato in precedenza, <strong>il porto dei catamarani di Gelsa si trova proprio nel centro<\/strong>, quindi la maggior parte delle strutture della citt\u00e0 si possono trovare nelle vicinanze: ad es. bar, ristoranti, negozi, bancomat, ecc.<\/p>\n\n\n\n<p><span style=\"text-decoration: underline;\"><strong>Indirizzo del porto dei catamarani di Gelsa:<\/strong><\/span><\/p>\n\n\n\n<blockquote class=\"wp-block-quote\"><p>Mala banda<\/p><p>21465 Gelsa (Lesina)<\/p><p><strong>COORDINATE GPS<\/strong>: 43.16304, 16.69617<\/p><\/blockquote>\n\n\n\n<figure class=\"wp-block-image\"><a class=\"lightbox\" href=\"http:\/\/www.ferrycroatia.com\/wp-content\/uploads\/2016\/06\/Jelsa.jpg\"><img decoding=\"async\" data-src=\"http:\/\/www.ferrycroatia.com\/wp-content\/uploads\/2016\/06\/Jelsa.jpg\" alt=\"Jelsa\" class=\"wp-image-288\"\/><\/a><\/figure>\n\n\n\n<p><strong>La lista delle tratte:<\/strong><\/p>\n\n\n\n<p>Catamarano: Gelsa \u2013 Bol (Brazza) \u2013 Spalato<\/p>\n\n\n\n<ul><li><a href=\"https:\/\/www.ferrycroatia.com\/it\/gelsa-bol\/\">Gelsa \u2013 Bol (Brazza)<\/a><\/li><li><a href=\"https:\/\/www.ferrycroatia.com\/it\/gelsa-spalato\/\">Gelsa&nbsp; \u2013 Spalato<\/a><\/li><\/ul>\n","protected":false},"excerpt":{"rendered":"<p>La citt\u00e0 di Gelsa \u00e8 situata in una baia al centro della costa settentrionale dell&#8217;isola di Lesina. Il porto di Gelsa \u00e8 collegato da linee regolari a Bol e Spalato. Il porto si trova nel centro del paese. Situato a 200 m dalla passeggiata principale in riva al mare. Arrivare da e al porto dei [&hellip;]<\/p>\n<p><a class=\"more-link\" href=\"https:\/\/www.ferrycroatia.com\/it\/porto-di-gelsa\/\"> Continue reading&#8230;<\/a><\/p>\n","protected":false},"author":6,"featured_media":2021,"parent":0,"menu_order":0,"comment_status":"closed","ping_status":"closed","template":"","meta":[],"yoast_head":"<!-- This site is optimized with the Yoast SEO plugin v19.8 - https:\/\/yoast.com\/wordpress\/plugins\/seo\/ -->\n<title>Porto di Jelsa, partenze di catamarani e traghetti veloci<\/title>\n<meta name=\"description\" content=\"Porto di Jelsa informazioni, posizione e servizi disponibili. Come arrivarci, e tutti i traghetti veloci e catamarani che partono da e fino a Hvar.\" \/>\n<meta name=\"robots\" content=\"index, follow, max-snippet:-1, max-image-preview:large, max-video-preview:-1\" \/>\n<link rel=\"canonical\" href=\"https:\/\/www.ferrycroatia.com\/it\/porto-di-gelsa\/\" \/>\n<meta property=\"og:locale\" content=\"en_US\" \/>\n<meta property=\"og:type\" content=\"article\" \/>\n<meta property=\"og:title\" content=\"Porto di Jelsa, partenze di catamarani e traghetti veloci\" \/>\n<meta property=\"og:description\" content=\"Porto di Jelsa informazioni, posizione e servizi disponibili. Come arrivarci, e tutti i traghetti veloci e catamarani che partono da e fino a Hvar.\" \/>\n<meta property=\"og:url\" content=\"https:\/\/www.ferrycroatia.com\/it\/porto-di-gelsa\/\" \/>\n<meta property=\"og:site_name\" content=\"Traghetto Croazia\" \/>\n<meta property=\"article:modified_time\" content=\"2021-08-19T11:35:22+00:00\" \/>\n<meta property=\"og:image\" content=\"https:\/\/www.ferrycroatia.com\/it\/wp-content\/uploads\/2021\/02\/Jelsa-Hvar-1.jpg\" \/>\n\t<meta property=\"og:image:width\" content=\"1024\" \/>\n\t<meta property=\"og:image:height\" content=\"442\" \/>\n\t<meta property=\"og:image:type\" content=\"image\/jpeg\" \/>\n<meta name=\"twitter:card\" content=\"summary_large_image\" \/>\n<meta name=\"twitter:label1\" content=\"Est. reading time\" \/>\n\t<meta name=\"twitter:data1\" content=\"2 minutes\" \/>\n<script type=\"application\/ld+json\" class=\"yoast-schema-graph\">{\"@context\":\"https:\/\/schema.org\",\"@graph\":[{\"@type\":\"WebPage\",\"@id\":\"https:\/\/www.ferrycroatia.com\/it\/porto-di-gelsa\/\",\"url\":\"https:\/\/www.ferrycroatia.com\/it\/porto-di-gelsa\/\",\"name\":\"Porto di Jelsa, partenze di catamarani e traghetti veloci\",\"isPartOf\":{\"@id\":\"https:\/\/www.ferrycroatia.com\/it\/#website\"},\"datePublished\":\"2021-02-04T12:10:06+00:00\",\"dateModified\":\"2021-08-19T11:35:22+00:00\",\"description\":\"Porto di Jelsa informazioni, posizione e servizi disponibili. Come arrivarci, e tutti i traghetti veloci e catamarani che partono da e fino a Hvar.\",\"breadcrumb\":{\"@id\":\"https:\/\/www.ferrycroatia.com\/it\/porto-di-gelsa\/#breadcrumb\"},\"inLanguage\":\"en-US\",\"potentialAction\":[{\"@type\":\"ReadAction\",\"target\":[\"https:\/\/www.ferrycroatia.com\/it\/porto-di-gelsa\/\"]}]},{\"@type\":\"BreadcrumbList\",\"@id\":\"https:\/\/www.ferrycroatia.com\/it\/porto-di-gelsa\/#breadcrumb\",\"itemListElement\":[{\"@type\":\"ListItem\",\"position\":1,\"name\":\"Home\",\"item\":\"https:\/\/www.ferrycroatia.com\/it\/\"},{\"@type\":\"ListItem\",\"position\":2,\"name\":\"Porto di Jelsa\"}]},{\"@type\":\"WebSite\",\"@id\":\"https:\/\/www.ferrycroatia.com\/it\/#website\",\"url\":\"https:\/\/www.ferrycroatia.com\/it\/\",\"name\":\"Traghetto Croazia\",\"description\":\"Info e orari per tutti i catamarani e traghetti in Croazia\",\"potentialAction\":[{\"@type\":\"SearchAction\",\"target\":{\"@type\":\"EntryPoint\",\"urlTemplate\":\"https:\/\/www.ferrycroatia.com\/it\/?s={search_term_string}\"},\"query-input\":\"required name=search_term_string\"}],\"inLanguage\":\"en-US\"}]}<\/script>\n<!-- \/ Yoast SEO plugin. -->","yoast_head_json":{"title":"Porto di Jelsa, partenze di catamarani e traghetti veloci","description":"Porto di Jelsa informazioni, posizione e servizi disponibili. Come arrivarci, e tutti i traghetti veloci e catamarani che partono da e fino a Hvar.","robots":{"index":"index","follow":"follow","max-snippet":"max-snippet:-1","max-image-preview":"max-image-preview:large","max-video-preview":"max-video-preview:-1"},"canonical":"https:\/\/www.ferrycroatia.com\/it\/porto-di-gelsa\/","og_locale":"en_US","og_type":"article","og_title":"Porto di Jelsa, partenze di catamarani e traghetti veloci","og_description":"Porto di Jelsa informazioni, posizione e servizi disponibili. Come arrivarci, e tutti i traghetti veloci e catamarani che partono da e fino a Hvar.","og_url":"https:\/\/www.ferrycroatia.com\/it\/porto-di-gelsa\/","og_site_name":"Traghetto Croazia","article_modified_time":"2021-08-19T11:35:22+00:00","og_image":[{"width":1024,"height":442,"url":"https:\/\/www.ferrycroatia.com\/it\/wp-content\/uploads\/2021\/02\/Jelsa-Hvar-1.jpg","type":"image\/jpeg"}],"twitter_card":"summary_large_image","twitter_misc":{"Est. reading time":"2 minutes"},"schema":{"@context":"https:\/\/schema.org","@graph":[{"@type":"WebPage","@id":"https:\/\/www.ferrycroatia.com\/it\/porto-di-gelsa\/","url":"https:\/\/www.ferrycroatia.com\/it\/porto-di-gelsa\/","name":"Porto di Jelsa, partenze di catamarani e traghetti veloci","isPartOf":{"@id":"https:\/\/www.ferrycroatia.com\/it\/#website"},"datePublished":"2021-02-04T12:10:06+00:00","dateModified":"2021-08-19T11:35:22+00:00","description":"Porto di Jelsa informazioni, posizione e servizi disponibili. Come arrivarci, e tutti i traghetti veloci e catamarani che partono da e fino a Hvar.","breadcrumb":{"@id":"https:\/\/www.ferrycroatia.com\/it\/porto-di-gelsa\/#breadcrumb"},"inLanguage":"en-US","potentialAction":[{"@type":"ReadAction","target":["https:\/\/www.ferrycroatia.com\/it\/porto-di-gelsa\/"]}]},{"@type":"BreadcrumbList","@id":"https:\/\/www.ferrycroatia.com\/it\/porto-di-gelsa\/#breadcrumb","itemListElement":[{"@type":"ListItem","position":1,"name":"Home","item":"https:\/\/www.ferrycroatia.com\/it\/"},{"@type":"ListItem","position":2,"name":"Porto di Jelsa"}]},{"@type":"WebSite","@id":"https:\/\/www.ferrycroatia.com\/it\/#website","url":"https:\/\/www.ferrycroatia.com\/it\/","name":"Traghetto Croazia","description":"Info e orari per tutti i catamarani e traghetti in Croazia","potentialAction":[{"@type":"SearchAction","target":{"@type":"EntryPoint","urlTemplate":"https:\/\/www.ferrycroatia.com\/it\/?s={search_term_string}"},"query-input":"required name=search_term_string"}],"inLanguage":"en-US"}]}},"_links":{"self":[{"href":"https:\/\/www.ferrycroatia.com\/it\/wp-json\/wp\/v2\/pages\/1537"}],"collection":[{"href":"https:\/\/www.ferrycroatia.com\/it\/wp-json\/wp\/v2\/pages"}],"about":[{"href":"https:\/\/www.ferrycroatia.com\/it\/wp-json\/wp\/v2\/types\/page"}],"author":[{"embeddable":true,"href":"https:\/\/www.ferrycroatia.com\/it\/wp-json\/wp\/v2\/users\/6"}],"replies":[{"embeddable":true,"href":"https:\/\/www.ferrycroatia.com\/it\/wp-json\/wp\/v2\/comments?post=1537"}],"version-history":[{"count":5,"href":"https:\/\/www.ferrycroatia.com\/it\/wp-json\/wp\/v2\/pages\/1537\/revisions"}],"predecessor-version":[{"id":3128,"href":"https:\/\/www.ferrycroatia.com\/it\/wp-json\/wp\/v2\/pages\/1537\/revisions\/3128"}],"wp:featuredmedia":[{"embeddable":true,"href":"https:\/\/www.ferrycroatia.com\/it\/wp-json\/wp\/v2\/media\/2021"}],"wp:attachment":[{"href":"https:\/\/www.ferrycroatia.com\/it\/wp-json\/wp\/v2\/media?parent=1537"}],"curies":[{"name":"wp","href":"https:\/\/api.w.org\/{rel}","templated":true}]}}