{"id":1540,"date":"2021-02-04T12:26:05","date_gmt":"2021-02-04T12:26:05","guid":{"rendered":"https:\/\/ferrycroatia.com\/it\/?page_id=1540"},"modified":"2021-08-19T13:20:46","modified_gmt":"2021-08-19T11:20:46","slug":"porto-di-curzola","status":"publish","type":"page","link":"https:\/\/www.ferrycroatia.com\/it\/porto-di-curzola\/","title":{"rendered":"Porto di Korcula"},"content":{"rendered":"\n<p>Curzola \u00e8 una citt\u00e0 storica sull&#8217;isola di Curzola (Korcula), situata sul lato nord-est dell&#8217;isola, con vista sulla penisola di Peljesac (Sabbioncello). Da Curzola \u00e8 possibile navigare con catamarani (nave per soli passeggeri). Il vicino <a href=\"https:\/\/www.ferrycroatia.com\/it\/porto-di-domince\/\">porto di Domince<\/a> \u00e8 dove partono i <a href=\"https:\/\/www.ferrycroatia.com\/it\/porto-di-orebic\/\">traghetti per Orebic<\/a>. Il porto dei catamarani si trova nelle vicinanze delle mura del Centro storico. I biglietti per il catamarano possono essere acquistati in biglietteria al porto oppure online.<\/p>\n\n\n\n<p><span style=\"text-decoration: underline;\"><b>Arrivare da e per il porto di Curzola:<\/b><\/span><\/p>\n\n\n\n<p>Poich\u00e9 Curzola \u00e8, <strong>come la maggior parte delle altre citt\u00e0 dell&#8217;isola<\/strong>, una citt\u00e0 piuttosto piccola, non importa dove sia il vostro alloggio, il porto dei catamarani, situato appena fuori dalle mura del Centro storico, \u00e8 facilmente raggiungibile a piedi da qualsiasi parte della citt\u00e0. <strong>Se soggiornate un po&#8217; fuori Curzola, ad esempio a Lumbarda,<\/strong> dovrete prendere un taxi per arrivarci. Da altre citt\u00e0 dell&#8217;isola come Vela Luka, Blato ecc., ci sono autobus dell&#8217;isola che guidano pi\u00f9 volte al giorno. <a href=\"https:\/\/getbybus.com\/it\/bus-da-curzola\">La stazione degli autobus di Curzola<\/a> si trova a poche centinaia di metri da dove salpano i catamarani.<\/p>\n\n\n\n<p><span style=\"text-decoration: underline;\"><b>Arrivare da Curzola all&#8217;Aeroporto di Spalato \/ Ragusa:<\/b><\/span><\/p>\n\n\n\n<p><strong>Da Curzola potete prendere un catamarano sia a Spalato che a Ragusa. Una volta arrivati in una di queste citt\u00e0,<\/strong> troverete la stazione degli autobus molto vicino al terminal dei traghetti. Da l\u00ec prenderete un bus navetta per l&#8217;aeroporto.<\/p>\n\n\n\n<p><span style=\"text-decoration: underline;\"><b>Cosa potete trovare nel porto di Curzola:<\/b><\/span><\/p>\n\n\n\n<p>Come gi\u00e0 accennato in precedenza, il porto dei catamarani a Curzola si trova appena fuori dalle mura della citt\u00e0, quindi tutte le strutture della citt\u00e0 sono a pochi passi dal molo da cui partono i catamarani. Nel centro di Curzola potete trovare molti ristoranti, bar, negozi, negozi di souvenir, bancomat, ecc.<\/p>\n\n\n\n<p><span style=\"text-decoration: underline;\"><b>Indirizzo del porto di Curzola:<\/b><\/span><\/p>\n\n\n\n<blockquote class=\"wp-block-quote\"><p>Obala Franje Tu\u0111mana<\/p><p>20260 Kor\u010dula (Kor\u010dula)<\/p><p><strong>Coordinate GPS:<\/strong> 42.9633, 17.13562<\/p><\/blockquote>\n\n\n\n<figure class=\"wp-block-image\"><a class=\"lightbox\" href=\"http:\/\/www.ferrycroatia.com\/en\/wp-content\/uploads\/2016\/07\/Korcula-1.jpg\"><img decoding=\"async\" data-src=\"http:\/\/www.ferrycroatia.com\/en\/wp-content\/uploads\/2016\/07\/Korcula-1.jpg\" alt=\"Korcula\" class=\"wp-image-2538\"\/><\/a><\/figure>\n\n\n\n<p><span style=\"text-decoration: underline;\"><b>Elenco delle rotte in catamarano da Curzola:<\/b><\/span><\/p>\n\n\n\n<p>\u2192 Catamarano: Spalato &#8211; Milna (Brazza) &#8211; Hvar (L\u00e8sina) &#8211; Curzola &#8211; Mljet (Meleda) &#8211; Ragusa<\/p>\n\n\n\n<ul><li><a href=\"https:\/\/www.ferrycroatia.com\/it\/curzola-ragusa\/\">Curzola &#8211; Ragusa<\/a><\/li><li><a href=\"https:\/\/www.ferrycroatia.com\/it\/curzola-meleda\/\">Curzola &#8211; Meleda<\/a><\/li><li><a href=\"https:\/\/www.ferrycroatia.com\/it\/curzola-lesina\/\">Curzola &#8211; Lesina<\/a><\/li><li><a href=\"https:\/\/www.ferrycroatia.com\/it\/curzola-milna\/\">Curzola &#8211; Milna (Brazza)<\/a><\/li><li><a href=\"https:\/\/www.ferrycroatia.com\/it\/curzola-spalato\/\">Curzola &#8211; Spalato<\/a><\/li><\/ul>\n\n\n\n<p>\u2192 Catamarano: Spalato &#8211; L\u00e8sina &#8211; Curzola<\/p>\n","protected":false},"excerpt":{"rendered":"<p>Curzola \u00e8 una citt\u00e0 storica sull&#8217;isola di Curzola (Korcula), situata sul lato nord-est dell&#8217;isola, con vista sulla penisola di Peljesac (Sabbioncello). Da Curzola \u00e8 possibile navigare con catamarani (nave per soli passeggeri). Il vicino porto di Domince \u00e8 dove partono i traghetti per Orebic. Il porto dei catamarani si trova nelle vicinanze delle mura del [&hellip;]<\/p>\n<p><a class=\"more-link\" href=\"https:\/\/www.ferrycroatia.com\/it\/porto-di-curzola\/\"> Continue reading&#8230;<\/a><\/p>\n","protected":false},"author":7,"featured_media":1544,"parent":0,"menu_order":0,"comment_status":"closed","ping_status":"closed","template":"","meta":[],"yoast_head":"<!-- This site is optimized with the Yoast SEO plugin v19.8 - https:\/\/yoast.com\/wordpress\/plugins\/seo\/ -->\n<title>Porto di Korcula, partenze dei traghetti e catamarani<\/title>\n<meta name=\"description\" content=\"Porto di Korcula informazioni, posizione e servizi disponibili. Come arrivarci, e tutti i traghetti e catamarani che partono da e fino a Korcula.\" \/>\n<meta name=\"robots\" content=\"index, follow, max-snippet:-1, max-image-preview:large, max-video-preview:-1\" \/>\n<link rel=\"canonical\" href=\"https:\/\/www.ferrycroatia.com\/it\/porto-di-curzola\/\" \/>\n<meta property=\"og:locale\" content=\"en_US\" \/>\n<meta property=\"og:type\" content=\"article\" \/>\n<meta property=\"og:title\" content=\"Porto di Korcula, partenze dei traghetti e catamarani\" \/>\n<meta property=\"og:description\" content=\"Porto di Korcula informazioni, posizione e servizi disponibili. Come arrivarci, e tutti i traghetti e catamarani che partono da e fino a Korcula.\" \/>\n<meta property=\"og:url\" content=\"https:\/\/www.ferrycroatia.com\/it\/porto-di-curzola\/\" \/>\n<meta property=\"og:site_name\" content=\"Traghetto Croazia\" \/>\n<meta property=\"article:modified_time\" content=\"2021-08-19T11:20:46+00:00\" \/>\n<meta property=\"og:image\" content=\"https:\/\/www.ferrycroatia.com\/it\/wp-content\/uploads\/2021\/02\/Curzola.jpg\" \/>\n\t<meta property=\"og:image:width\" content=\"1024\" \/>\n\t<meta property=\"og:image:height\" content=\"768\" \/>\n\t<meta property=\"og:image:type\" content=\"image\/jpeg\" \/>\n<meta name=\"twitter:card\" content=\"summary_large_image\" \/>\n<meta name=\"twitter:label1\" content=\"Est. reading time\" \/>\n\t<meta name=\"twitter:data1\" content=\"2 minutes\" \/>\n<script type=\"application\/ld+json\" class=\"yoast-schema-graph\">{\"@context\":\"https:\/\/schema.org\",\"@graph\":[{\"@type\":\"WebPage\",\"@id\":\"https:\/\/www.ferrycroatia.com\/it\/porto-di-curzola\/\",\"url\":\"https:\/\/www.ferrycroatia.com\/it\/porto-di-curzola\/\",\"name\":\"Porto di Korcula, partenze dei traghetti e catamarani\",\"isPartOf\":{\"@id\":\"https:\/\/www.ferrycroatia.com\/it\/#website\"},\"datePublished\":\"2021-02-04T12:26:05+00:00\",\"dateModified\":\"2021-08-19T11:20:46+00:00\",\"description\":\"Porto di Korcula informazioni, posizione e servizi disponibili. Come arrivarci, e tutti i traghetti e catamarani che partono da e fino a Korcula.\",\"breadcrumb\":{\"@id\":\"https:\/\/www.ferrycroatia.com\/it\/porto-di-curzola\/#breadcrumb\"},\"inLanguage\":\"en-US\",\"potentialAction\":[{\"@type\":\"ReadAction\",\"target\":[\"https:\/\/www.ferrycroatia.com\/it\/porto-di-curzola\/\"]}]},{\"@type\":\"BreadcrumbList\",\"@id\":\"https:\/\/www.ferrycroatia.com\/it\/porto-di-curzola\/#breadcrumb\",\"itemListElement\":[{\"@type\":\"ListItem\",\"position\":1,\"name\":\"Home\",\"item\":\"https:\/\/www.ferrycroatia.com\/it\/\"},{\"@type\":\"ListItem\",\"position\":2,\"name\":\"Porto di Korcula\"}]},{\"@type\":\"WebSite\",\"@id\":\"https:\/\/www.ferrycroatia.com\/it\/#website\",\"url\":\"https:\/\/www.ferrycroatia.com\/it\/\",\"name\":\"Traghetto Croazia\",\"description\":\"Info e orari per tutti i catamarani e traghetti in Croazia\",\"potentialAction\":[{\"@type\":\"SearchAction\",\"target\":{\"@type\":\"EntryPoint\",\"urlTemplate\":\"https:\/\/www.ferrycroatia.com\/it\/?s={search_term_string}\"},\"query-input\":\"required name=search_term_string\"}],\"inLanguage\":\"en-US\"}]}<\/script>\n<!-- \/ Yoast SEO plugin. -->","yoast_head_json":{"title":"Porto di Korcula, partenze dei traghetti e catamarani","description":"Porto di Korcula informazioni, posizione e servizi disponibili. Come arrivarci, e tutti i traghetti e catamarani che partono da e fino a Korcula.","robots":{"index":"index","follow":"follow","max-snippet":"max-snippet:-1","max-image-preview":"max-image-preview:large","max-video-preview":"max-video-preview:-1"},"canonical":"https:\/\/www.ferrycroatia.com\/it\/porto-di-curzola\/","og_locale":"en_US","og_type":"article","og_title":"Porto di Korcula, partenze dei traghetti e catamarani","og_description":"Porto di Korcula informazioni, posizione e servizi disponibili. Come arrivarci, e tutti i traghetti e catamarani che partono da e fino a Korcula.","og_url":"https:\/\/www.ferrycroatia.com\/it\/porto-di-curzola\/","og_site_name":"Traghetto Croazia","article_modified_time":"2021-08-19T11:20:46+00:00","og_image":[{"width":1024,"height":768,"url":"https:\/\/www.ferrycroatia.com\/it\/wp-content\/uploads\/2021\/02\/Curzola.jpg","type":"image\/jpeg"}],"twitter_card":"summary_large_image","twitter_misc":{"Est. reading time":"2 minutes"},"schema":{"@context":"https:\/\/schema.org","@graph":[{"@type":"WebPage","@id":"https:\/\/www.ferrycroatia.com\/it\/porto-di-curzola\/","url":"https:\/\/www.ferrycroatia.com\/it\/porto-di-curzola\/","name":"Porto di Korcula, partenze dei traghetti e catamarani","isPartOf":{"@id":"https:\/\/www.ferrycroatia.com\/it\/#website"},"datePublished":"2021-02-04T12:26:05+00:00","dateModified":"2021-08-19T11:20:46+00:00","description":"Porto di Korcula informazioni, posizione e servizi disponibili. Come arrivarci, e tutti i traghetti e catamarani che partono da e fino a Korcula.","breadcrumb":{"@id":"https:\/\/www.ferrycroatia.com\/it\/porto-di-curzola\/#breadcrumb"},"inLanguage":"en-US","potentialAction":[{"@type":"ReadAction","target":["https:\/\/www.ferrycroatia.com\/it\/porto-di-curzola\/"]}]},{"@type":"BreadcrumbList","@id":"https:\/\/www.ferrycroatia.com\/it\/porto-di-curzola\/#breadcrumb","itemListElement":[{"@type":"ListItem","position":1,"name":"Home","item":"https:\/\/www.ferrycroatia.com\/it\/"},{"@type":"ListItem","position":2,"name":"Porto di Korcula"}]},{"@type":"WebSite","@id":"https:\/\/www.ferrycroatia.com\/it\/#website","url":"https:\/\/www.ferrycroatia.com\/it\/","name":"Traghetto Croazia","description":"Info e orari per tutti i catamarani e traghetti in Croazia","potentialAction":[{"@type":"SearchAction","target":{"@type":"EntryPoint","urlTemplate":"https:\/\/www.ferrycroatia.com\/it\/?s={search_term_string}"},"query-input":"required name=search_term_string"}],"inLanguage":"en-US"}]}},"_links":{"self":[{"href":"https:\/\/www.ferrycroatia.com\/it\/wp-json\/wp\/v2\/pages\/1540"}],"collection":[{"href":"https:\/\/www.ferrycroatia.com\/it\/wp-json\/wp\/v2\/pages"}],"about":[{"href":"https:\/\/www.ferrycroatia.com\/it\/wp-json\/wp\/v2\/types\/page"}],"author":[{"embeddable":true,"href":"https:\/\/www.ferrycroatia.com\/it\/wp-json\/wp\/v2\/users\/7"}],"replies":[{"embeddable":true,"href":"https:\/\/www.ferrycroatia.com\/it\/wp-json\/wp\/v2\/comments?post=1540"}],"version-history":[{"count":6,"href":"https:\/\/www.ferrycroatia.com\/it\/wp-json\/wp\/v2\/pages\/1540\/revisions"}],"predecessor-version":[{"id":3112,"href":"https:\/\/www.ferrycroatia.com\/it\/wp-json\/wp\/v2\/pages\/1540\/revisions\/3112"}],"wp:featuredmedia":[{"embeddable":true,"href":"https:\/\/www.ferrycroatia.com\/it\/wp-json\/wp\/v2\/media\/1544"}],"wp:attachment":[{"href":"https:\/\/www.ferrycroatia.com\/it\/wp-json\/wp\/v2\/media?parent=1540"}],"curies":[{"name":"wp","href":"https:\/\/api.w.org\/{rel}","templated":true}]}}