{"id":1546,"date":"2021-02-04T12:29:31","date_gmt":"2021-02-04T12:29:31","guid":{"rendered":"https:\/\/ferrycroatia.com\/it\/?page_id=1546"},"modified":"2021-08-19T13:53:25","modified_gmt":"2021-08-19T11:53:25","slug":"porto-di-rava-piccola","status":"publish","type":"page","link":"https:\/\/www.ferrycroatia.com\/it\/porto-di-rava-piccola\/","title":{"rendered":"Porto di Mala Rava"},"content":{"rendered":"\n<p>Rava Piccola \u00e8 una piccola <strong>citt\u00e0 situata sul lato nord dell&#8217;isola Rava<\/strong>. Abbraccia due baie, e il terminal dei traghetti si trova nel centro della citt\u00e0 nella baia meridionale ben protetta. Il terminal dei traghetti \u00e8 collegato con la citt\u00e0 di Rava, l&#8217;isola di Eso (Eso Piccolo ed Eso Grande e Brsanj) e con <strong><a href=\"https:\/\/www.ferrycroatia.com\/it\/porto-di-zara\/\">Zara e Zara (Gazenica)<\/a><\/strong> da linee regolari di traghetti e catamarani.<\/p>\n\n\n\n<p>Dal terminal dei traghetti pu\u00f2 raggiungere a piedi <strong>qualsiasi luogo all&#8217;interno di Rava Piccola<\/strong>. Se si trova altrove sull&#8217;isola, pu\u00f2 chiedere consigli sul trasporto privato.<\/p>\n\n\n\n<p><span style=\"text-decoration: underline;\"><b>Cosa pu\u00f2 trovare al terminal dei traghetti di Rava Piccola:<\/b><\/span><\/p>\n\n\n\n<p>Come gi\u00e0 accennato in precedenza, Rava Piccola \u00e8 una cittadina davvero piccola, ma l\u00ec pu\u00f2 trovare alcuni servizi come caff\u00e8, ristoranti, negozi, ecc.<\/p>\n\n\n\n<p><span style=\"text-decoration: underline;\"><b>Indirizzo del terminal dei traghetti di Rava Piccola:<\/b><\/span><\/p>\n\n\n\n<ul><li aria-level=\"1\">Longitudine: 15.056954<\/li><li aria-level=\"1\">Latitudine: 44,040103<\/li><li aria-level=\"1\">23283 Rava Piccola (Rava)<\/li><\/ul>\n\n\n\n<figure class=\"wp-block-image\"><a class=\"lightbox\" href=\"http:\/\/www.ferrycroatia.com\/wp-content\/uploads\/2016\/08\/Mala-Rava-ferry-port.jpg\"><img decoding=\"async\" data-src=\"http:\/\/www.ferrycroatia.com\/wp-content\/uploads\/2016\/08\/Mala-Rava-ferry-port.jpg\" alt=\"Mala Rava ferry port\" class=\"wp-image-773\"\/><\/a><\/figure>\n\n\n\n<p><b>Elenco delle rotte in catamarano e traghetto da e per Rava Piccola:<\/b><\/p>\n\n\n\n<p>\u2192 Traghetto: Zara (Gazenica) &#8211; Brsanj (Eso) &#8211; Rava &#8211; Rava Piccola<\/p>\n\n\n\n<ul><li aria-level=\"1\"><a href=\"https:\/\/www.ferrycroatia.com\/it\/rava-piccola-zara\/\">Rava Piccola &#8211; Zara<\/a><\/li><li aria-level=\"1\"><a href=\"https:\/\/www.ferrycroatia.com\/it\/rava-piccola-rava\/\">Rava Piccola -Rava<\/a><\/li><li aria-level=\"1\"><a href=\"https:\/\/www.ferrycroatia.com\/it\/rava-piccola-brsanj\/\">Rava Piccola &#8211; Brsanj (Eso)<\/a><\/li><\/ul>\n\n\n\n<p>\u2192 Catamarano: Zara &#8211; Eso Piccolo &#8211; Eso Grande &#8211; Rava Piccola &#8211; Rava<\/p>\n\n\n\n<ul><li aria-level=\"1\"><a href=\"https:\/\/www.ferrycroatia.com\/it\/rava-piccola-eso-grande\/\">Rava Piccola &#8211; Eso Grande<\/a><\/li><li aria-level=\"1\"><a href=\"https:\/\/www.ferrycroatia.com\/it\/rava-piccola-eso-piccolo\/\">Rava Piccola &#8211; Eso Piccolo<\/a><\/li><\/ul>\n","protected":false},"excerpt":{"rendered":"<p>Rava Piccola \u00e8 una piccola citt\u00e0 situata sul lato nord dell&#8217;isola Rava. Abbraccia due baie, e il terminal dei traghetti si trova nel centro della citt\u00e0 nella baia meridionale ben protetta. Il terminal dei traghetti \u00e8 collegato con la citt\u00e0 di Rava, l&#8217;isola di Eso (Eso Piccolo ed Eso Grande e Brsanj) e con Zara [&hellip;]<\/p>\n<p><a class=\"more-link\" href=\"https:\/\/www.ferrycroatia.com\/it\/porto-di-rava-piccola\/\"> Continue reading&#8230;<\/a><\/p>\n","protected":false},"author":6,"featured_media":0,"parent":0,"menu_order":0,"comment_status":"closed","ping_status":"closed","template":"","meta":[],"yoast_head":"<!-- This site is optimized with the Yoast SEO plugin v19.8 - https:\/\/yoast.com\/wordpress\/plugins\/seo\/ -->\n<title>Porto di Mala Rava, partenze dei traghetti e catamarani<\/title>\n<meta name=\"description\" content=\"Porto di Mala Rava informazioni, posizione e servizi disponibili. Come arrivarci, e tutti i traghetti e catamarani che partono da e fino a Rava.\" \/>\n<meta name=\"robots\" content=\"index, follow, max-snippet:-1, max-image-preview:large, max-video-preview:-1\" \/>\n<link rel=\"canonical\" href=\"https:\/\/www.ferrycroatia.com\/it\/porto-di-rava-piccola\/\" \/>\n<meta property=\"og:locale\" content=\"en_US\" \/>\n<meta property=\"og:type\" content=\"article\" \/>\n<meta property=\"og:title\" content=\"Porto di Mala Rava, partenze dei traghetti e catamarani\" \/>\n<meta property=\"og:description\" content=\"Porto di Mala Rava informazioni, posizione e servizi disponibili. Come arrivarci, e tutti i traghetti e catamarani che partono da e fino a Rava.\" \/>\n<meta property=\"og:url\" content=\"https:\/\/www.ferrycroatia.com\/it\/porto-di-rava-piccola\/\" \/>\n<meta property=\"og:site_name\" content=\"Traghetto Croazia\" \/>\n<meta property=\"article:modified_time\" content=\"2021-08-19T11:53:25+00:00\" \/>\n<meta property=\"og:image\" content=\"http:\/\/www.ferrycroatia.com\/wp-content\/uploads\/2016\/08\/Mala-Rava-ferry-port.jpg\" \/>\n<meta name=\"twitter:card\" content=\"summary_large_image\" \/>\n<meta name=\"twitter:label1\" content=\"Est. reading time\" \/>\n\t<meta name=\"twitter:data1\" content=\"2 minutes\" \/>\n<script type=\"application\/ld+json\" class=\"yoast-schema-graph\">{\"@context\":\"https:\/\/schema.org\",\"@graph\":[{\"@type\":\"WebPage\",\"@id\":\"https:\/\/www.ferrycroatia.com\/it\/porto-di-rava-piccola\/\",\"url\":\"https:\/\/www.ferrycroatia.com\/it\/porto-di-rava-piccola\/\",\"name\":\"Porto di Mala Rava, partenze dei traghetti e catamarani\",\"isPartOf\":{\"@id\":\"https:\/\/www.ferrycroatia.com\/it\/#website\"},\"datePublished\":\"2021-02-04T12:29:31+00:00\",\"dateModified\":\"2021-08-19T11:53:25+00:00\",\"description\":\"Porto di Mala Rava informazioni, posizione e servizi disponibili. Come arrivarci, e tutti i traghetti e catamarani che partono da e fino a Rava.\",\"breadcrumb\":{\"@id\":\"https:\/\/www.ferrycroatia.com\/it\/porto-di-rava-piccola\/#breadcrumb\"},\"inLanguage\":\"en-US\",\"potentialAction\":[{\"@type\":\"ReadAction\",\"target\":[\"https:\/\/www.ferrycroatia.com\/it\/porto-di-rava-piccola\/\"]}]},{\"@type\":\"BreadcrumbList\",\"@id\":\"https:\/\/www.ferrycroatia.com\/it\/porto-di-rava-piccola\/#breadcrumb\",\"itemListElement\":[{\"@type\":\"ListItem\",\"position\":1,\"name\":\"Home\",\"item\":\"https:\/\/www.ferrycroatia.com\/it\/\"},{\"@type\":\"ListItem\",\"position\":2,\"name\":\"Porto di Mala Rava\"}]},{\"@type\":\"WebSite\",\"@id\":\"https:\/\/www.ferrycroatia.com\/it\/#website\",\"url\":\"https:\/\/www.ferrycroatia.com\/it\/\",\"name\":\"Traghetto Croazia\",\"description\":\"Info e orari per tutti i catamarani e traghetti in Croazia\",\"potentialAction\":[{\"@type\":\"SearchAction\",\"target\":{\"@type\":\"EntryPoint\",\"urlTemplate\":\"https:\/\/www.ferrycroatia.com\/it\/?s={search_term_string}\"},\"query-input\":\"required name=search_term_string\"}],\"inLanguage\":\"en-US\"}]}<\/script>\n<!-- \/ Yoast SEO plugin. -->","yoast_head_json":{"title":"Porto di Mala Rava, partenze dei traghetti e catamarani","description":"Porto di Mala Rava informazioni, posizione e servizi disponibili. Come arrivarci, e tutti i traghetti e catamarani che partono da e fino a Rava.","robots":{"index":"index","follow":"follow","max-snippet":"max-snippet:-1","max-image-preview":"max-image-preview:large","max-video-preview":"max-video-preview:-1"},"canonical":"https:\/\/www.ferrycroatia.com\/it\/porto-di-rava-piccola\/","og_locale":"en_US","og_type":"article","og_title":"Porto di Mala Rava, partenze dei traghetti e catamarani","og_description":"Porto di Mala Rava informazioni, posizione e servizi disponibili. Come arrivarci, e tutti i traghetti e catamarani che partono da e fino a Rava.","og_url":"https:\/\/www.ferrycroatia.com\/it\/porto-di-rava-piccola\/","og_site_name":"Traghetto Croazia","article_modified_time":"2021-08-19T11:53:25+00:00","og_image":[{"url":"http:\/\/www.ferrycroatia.com\/wp-content\/uploads\/2016\/08\/Mala-Rava-ferry-port.jpg"}],"twitter_card":"summary_large_image","twitter_misc":{"Est. reading time":"2 minutes"},"schema":{"@context":"https:\/\/schema.org","@graph":[{"@type":"WebPage","@id":"https:\/\/www.ferrycroatia.com\/it\/porto-di-rava-piccola\/","url":"https:\/\/www.ferrycroatia.com\/it\/porto-di-rava-piccola\/","name":"Porto di Mala Rava, partenze dei traghetti e catamarani","isPartOf":{"@id":"https:\/\/www.ferrycroatia.com\/it\/#website"},"datePublished":"2021-02-04T12:29:31+00:00","dateModified":"2021-08-19T11:53:25+00:00","description":"Porto di Mala Rava informazioni, posizione e servizi disponibili. Come arrivarci, e tutti i traghetti e catamarani che partono da e fino a Rava.","breadcrumb":{"@id":"https:\/\/www.ferrycroatia.com\/it\/porto-di-rava-piccola\/#breadcrumb"},"inLanguage":"en-US","potentialAction":[{"@type":"ReadAction","target":["https:\/\/www.ferrycroatia.com\/it\/porto-di-rava-piccola\/"]}]},{"@type":"BreadcrumbList","@id":"https:\/\/www.ferrycroatia.com\/it\/porto-di-rava-piccola\/#breadcrumb","itemListElement":[{"@type":"ListItem","position":1,"name":"Home","item":"https:\/\/www.ferrycroatia.com\/it\/"},{"@type":"ListItem","position":2,"name":"Porto di Mala Rava"}]},{"@type":"WebSite","@id":"https:\/\/www.ferrycroatia.com\/it\/#website","url":"https:\/\/www.ferrycroatia.com\/it\/","name":"Traghetto Croazia","description":"Info e orari per tutti i catamarani e traghetti in Croazia","potentialAction":[{"@type":"SearchAction","target":{"@type":"EntryPoint","urlTemplate":"https:\/\/www.ferrycroatia.com\/it\/?s={search_term_string}"},"query-input":"required name=search_term_string"}],"inLanguage":"en-US"}]}},"_links":{"self":[{"href":"https:\/\/www.ferrycroatia.com\/it\/wp-json\/wp\/v2\/pages\/1546"}],"collection":[{"href":"https:\/\/www.ferrycroatia.com\/it\/wp-json\/wp\/v2\/pages"}],"about":[{"href":"https:\/\/www.ferrycroatia.com\/it\/wp-json\/wp\/v2\/types\/page"}],"author":[{"embeddable":true,"href":"https:\/\/www.ferrycroatia.com\/it\/wp-json\/wp\/v2\/users\/6"}],"replies":[{"embeddable":true,"href":"https:\/\/www.ferrycroatia.com\/it\/wp-json\/wp\/v2\/comments?post=1546"}],"version-history":[{"count":4,"href":"https:\/\/www.ferrycroatia.com\/it\/wp-json\/wp\/v2\/pages\/1546\/revisions"}],"predecessor-version":[{"id":3152,"href":"https:\/\/www.ferrycroatia.com\/it\/wp-json\/wp\/v2\/pages\/1546\/revisions\/3152"}],"wp:attachment":[{"href":"https:\/\/www.ferrycroatia.com\/it\/wp-json\/wp\/v2\/media?parent=1546"}],"curies":[{"name":"wp","href":"https:\/\/api.w.org\/{rel}","templated":true}]}}