{"id":1551,"date":"2021-02-04T12:36:36","date_gmt":"2021-02-04T12:36:36","guid":{"rendered":"https:\/\/ferrycroatia.com\/it\/?page_id=1551"},"modified":"2021-08-19T13:41:57","modified_gmt":"2021-08-19T11:41:57","slug":"porto-di-milna","status":"publish","type":"page","link":"https:\/\/www.ferrycroatia.com\/it\/porto-di-milna\/","title":{"rendered":"Porto di Milna"},"content":{"rendered":"\n<p><strong>Milna \u00e8 una cittadina<\/strong> situata sul lato occidentale dell&#8217;isola di Brazza (Bra\u010d) in una baia stretta, ben protetta dal vento e dalle onde. Il porto di Milna \u00e8 principalmente per barche a vela private. Non c&#8217;\u00e8 possibilit\u00e0 di arrivare a Milna con il traghetto, l&#8217;unica opzione \u00e8 il catamarano (nave veloce solo per passeggeri). Il porto si trova <strong>al centro della citt\u00e0<\/strong> e vicino alla passeggiata principale in riva al mare. Il porto dei traghetti di Milna \u00e8 collegato da linee regolari di catamarani con <strong>Spalato, Ragusa e le isole di L\u00e8sina (Hvar), Curzola (Kor\u010dula) e Meleda (Mljet)<\/strong>.<\/p>\n\n\n\n<p><span style=\"text-decoration: underline;\"><b>Arrivare da e per il terminal dei traghetti di Milna:<\/b><\/span><\/p>\n\n\n\n<p>Il molo da cui parte il catamarano si trova proprio <strong>nel centro di Milna<\/strong> e poich\u00e9 Milna \u00e8 una cittadina insulare davvero piccola, non importa dove si trova il vostro alloggio, \u00e8 facilmente raggiungibile a piedi. <strong>Milna \u00e8 abbastanza facilmente raggiungibile dalle altre localit\u00e0 dell&#8217;isola in autobus<\/strong>. <a href=\"https:\/\/getbybus.com\/it\/bus-da-milna-brac\">La fermata dell&#8217;autobus di Milna<\/a> si trova vicino al porto ed \u00e8 collegata alla maggior parte delle altre citt\u00e0<strong> dell&#8217;isola di Brazza<\/strong>.<\/p>\n\n\n\n<p><span style=\"text-decoration: underline;\"><b>Arrivare da Milna all&#8217;Aeroporto di Spalato:<\/b><\/span><\/p>\n\n\n\n<p>Milna \u00e8 collegata sia a Spalato che a Ragusa da linee regolari di catamarani. <strong>Una volta arrivati in una di queste citt\u00e0<\/strong>, troverete la stazione degli autobus molto vicino al terminal dei traghetti. L\u00ec prendete un bus navetta per l&#8217;aeroporto. L&#8217;alternativa, soprattutto se siete con i bagagli e volete evitare il fastidio, \u00e8 prendere un taxi o un transfer privato fino all&#8217;aeroporto.<\/p>\n\n\n\n<p><span style=\"text-decoration: underline;\"><b>Cosa potete trovare al porto dei traghetti di Milna:<\/b><\/span><\/p>\n\n\n\n<p>Come gi\u00e0 menzionato in precedenza, <strong>Milna non \u00e8 una grande citt\u00e0<\/strong>, quindi ovviamente quasi tutto ci\u00f2 di cui avete bisogno \u00e8 vicino al porto <strong>(bar, ristoranti, negozi)<\/strong>.<\/p>\n\n\n\n<p><span style=\"text-decoration: underline;\"><b>Indirizzo del porto dei traghetti di Milna:<\/b><\/span><\/p>\n\n\n\n<blockquote class=\"wp-block-quote\"><p>D114 4<\/p><p>21405 Milna (Bra\u010d)<\/p><p><strong>COORDINATE GPS<\/strong>: 43.32677, 16.44747<\/p><\/blockquote>\n\n\n\n<figure class=\"wp-block-image\"><a class=\"lightbox\" href=\"http:\/\/www.ferrycroatia.com\/wp-content\/uploads\/2016\/06\/Milna.jpg\"><img decoding=\"async\" data-src=\"http:\/\/www.ferrycroatia.com\/wp-content\/uploads\/2016\/06\/Milna.jpg\" alt=\"Milna\" class=\"wp-image-244\"\/><\/a><\/figure>\n\n\n\n<p><span style=\"text-decoration: underline;\"><b>Elenco dei percorsi:<\/b><\/span><\/p>\n\n\n\n<p>\u2192 Catamarano: Spalato &#8211; Milna (Brazza) &#8211; Lesina &#8211; Curzola &#8211; Meleda &#8211; Ragusa<\/p>\n\n\n\n<ul><li><a href=\"https:\/\/www.ferrycroatia.com\/it\/milna-spalato\/\">Milna &#8211; Spalato<\/a><\/li><li><a href=\"https:\/\/www.ferrycroatia.com\/it\/milna-lesina\/\">Milna &#8211; Lesina<\/a><\/li><li><a href=\"https:\/\/www.ferrycroatia.com\/it\/milna-curzola\/\">Milna &#8211; Curzola<\/a><\/li><li><a href=\"https:\/\/www.ferrycroatia.com\/it\/milna-sobra\/\">Milna &#8211; Meleda<\/a><\/li><li><a href=\"https:\/\/www.ferrycroatia.com\/it\/milna-ragusa\/\">Milna &#8211; Ragusa<\/a><\/li><\/ul>\n\n\n\n<p>\u2192 Catamarano: Spalato &#8211; Milna (Brazza) &#8211; Lesina &#8211; Lissa (Vis)<\/p>\n\n\n\n<ul><li><a href=\"https:\/\/www.ferrycroatia.com\/it\/milna-lissa\/\">Milna &#8211; Lissa<\/a><\/li><\/ul>\n","protected":false},"excerpt":{"rendered":"<p>Milna \u00e8 una cittadina situata sul lato occidentale dell&#8217;isola di Brazza (Bra\u010d) in una baia stretta, ben protetta dal vento e dalle onde. Il porto di Milna \u00e8 principalmente per barche a vela private. Non c&#8217;\u00e8 possibilit\u00e0 di arrivare a Milna con il traghetto, l&#8217;unica opzione \u00e8 il catamarano (nave veloce solo per passeggeri). Il [&hellip;]<\/p>\n<p><a class=\"more-link\" href=\"https:\/\/www.ferrycroatia.com\/it\/porto-di-milna\/\"> Continue reading&#8230;<\/a><\/p>\n","protected":false},"author":6,"featured_media":0,"parent":0,"menu_order":0,"comment_status":"closed","ping_status":"closed","template":"","meta":[],"yoast_head":"<!-- This site is optimized with the Yoast SEO plugin v19.8 - https:\/\/yoast.com\/wordpress\/plugins\/seo\/ -->\n<title>Porto di Milna, partenze di catamarani e traghetti veloci<\/title>\n<meta name=\"description\" content=\"Porto di Milna informazioni, posizione e servizi disponibili. Come arrivarci, e tutti i traghetti veloci e catamarani che partono da e fino a Brac.\" \/>\n<meta name=\"robots\" content=\"index, follow, max-snippet:-1, max-image-preview:large, max-video-preview:-1\" \/>\n<link rel=\"canonical\" href=\"https:\/\/www.ferrycroatia.com\/it\/porto-di-milna\/\" \/>\n<meta property=\"og:locale\" content=\"en_US\" \/>\n<meta property=\"og:type\" content=\"article\" \/>\n<meta property=\"og:title\" content=\"Porto di Milna, partenze di catamarani e traghetti veloci\" \/>\n<meta property=\"og:description\" content=\"Porto di Milna informazioni, posizione e servizi disponibili. Come arrivarci, e tutti i traghetti veloci e catamarani che partono da e fino a Brac.\" \/>\n<meta property=\"og:url\" content=\"https:\/\/www.ferrycroatia.com\/it\/porto-di-milna\/\" \/>\n<meta property=\"og:site_name\" content=\"Traghetto Croazia\" \/>\n<meta property=\"article:modified_time\" content=\"2021-08-19T11:41:57+00:00\" \/>\n<meta property=\"og:image\" content=\"http:\/\/www.ferrycroatia.com\/wp-content\/uploads\/2016\/06\/Milna.jpg\" \/>\n<meta name=\"twitter:card\" content=\"summary_large_image\" \/>\n<meta name=\"twitter:label1\" content=\"Est. reading time\" \/>\n\t<meta name=\"twitter:data1\" content=\"2 minutes\" \/>\n<script type=\"application\/ld+json\" class=\"yoast-schema-graph\">{\"@context\":\"https:\/\/schema.org\",\"@graph\":[{\"@type\":\"WebPage\",\"@id\":\"https:\/\/www.ferrycroatia.com\/it\/porto-di-milna\/\",\"url\":\"https:\/\/www.ferrycroatia.com\/it\/porto-di-milna\/\",\"name\":\"Porto di Milna, partenze di catamarani e traghetti veloci\",\"isPartOf\":{\"@id\":\"https:\/\/www.ferrycroatia.com\/it\/#website\"},\"datePublished\":\"2021-02-04T12:36:36+00:00\",\"dateModified\":\"2021-08-19T11:41:57+00:00\",\"description\":\"Porto di Milna informazioni, posizione e servizi disponibili. Come arrivarci, e tutti i traghetti veloci e catamarani che partono da e fino a Brac.\",\"breadcrumb\":{\"@id\":\"https:\/\/www.ferrycroatia.com\/it\/porto-di-milna\/#breadcrumb\"},\"inLanguage\":\"en-US\",\"potentialAction\":[{\"@type\":\"ReadAction\",\"target\":[\"https:\/\/www.ferrycroatia.com\/it\/porto-di-milna\/\"]}]},{\"@type\":\"BreadcrumbList\",\"@id\":\"https:\/\/www.ferrycroatia.com\/it\/porto-di-milna\/#breadcrumb\",\"itemListElement\":[{\"@type\":\"ListItem\",\"position\":1,\"name\":\"Home\",\"item\":\"https:\/\/www.ferrycroatia.com\/it\/\"},{\"@type\":\"ListItem\",\"position\":2,\"name\":\"Porto di Milna\"}]},{\"@type\":\"WebSite\",\"@id\":\"https:\/\/www.ferrycroatia.com\/it\/#website\",\"url\":\"https:\/\/www.ferrycroatia.com\/it\/\",\"name\":\"Traghetto Croazia\",\"description\":\"Info e orari per tutti i catamarani e traghetti in Croazia\",\"potentialAction\":[{\"@type\":\"SearchAction\",\"target\":{\"@type\":\"EntryPoint\",\"urlTemplate\":\"https:\/\/www.ferrycroatia.com\/it\/?s={search_term_string}\"},\"query-input\":\"required name=search_term_string\"}],\"inLanguage\":\"en-US\"}]}<\/script>\n<!-- \/ Yoast SEO plugin. -->","yoast_head_json":{"title":"Porto di Milna, partenze di catamarani e traghetti veloci","description":"Porto di Milna informazioni, posizione e servizi disponibili. Come arrivarci, e tutti i traghetti veloci e catamarani che partono da e fino a Brac.","robots":{"index":"index","follow":"follow","max-snippet":"max-snippet:-1","max-image-preview":"max-image-preview:large","max-video-preview":"max-video-preview:-1"},"canonical":"https:\/\/www.ferrycroatia.com\/it\/porto-di-milna\/","og_locale":"en_US","og_type":"article","og_title":"Porto di Milna, partenze di catamarani e traghetti veloci","og_description":"Porto di Milna informazioni, posizione e servizi disponibili. Come arrivarci, e tutti i traghetti veloci e catamarani che partono da e fino a Brac.","og_url":"https:\/\/www.ferrycroatia.com\/it\/porto-di-milna\/","og_site_name":"Traghetto Croazia","article_modified_time":"2021-08-19T11:41:57+00:00","og_image":[{"url":"http:\/\/www.ferrycroatia.com\/wp-content\/uploads\/2016\/06\/Milna.jpg"}],"twitter_card":"summary_large_image","twitter_misc":{"Est. reading time":"2 minutes"},"schema":{"@context":"https:\/\/schema.org","@graph":[{"@type":"WebPage","@id":"https:\/\/www.ferrycroatia.com\/it\/porto-di-milna\/","url":"https:\/\/www.ferrycroatia.com\/it\/porto-di-milna\/","name":"Porto di Milna, partenze di catamarani e traghetti veloci","isPartOf":{"@id":"https:\/\/www.ferrycroatia.com\/it\/#website"},"datePublished":"2021-02-04T12:36:36+00:00","dateModified":"2021-08-19T11:41:57+00:00","description":"Porto di Milna informazioni, posizione e servizi disponibili. Come arrivarci, e tutti i traghetti veloci e catamarani che partono da e fino a Brac.","breadcrumb":{"@id":"https:\/\/www.ferrycroatia.com\/it\/porto-di-milna\/#breadcrumb"},"inLanguage":"en-US","potentialAction":[{"@type":"ReadAction","target":["https:\/\/www.ferrycroatia.com\/it\/porto-di-milna\/"]}]},{"@type":"BreadcrumbList","@id":"https:\/\/www.ferrycroatia.com\/it\/porto-di-milna\/#breadcrumb","itemListElement":[{"@type":"ListItem","position":1,"name":"Home","item":"https:\/\/www.ferrycroatia.com\/it\/"},{"@type":"ListItem","position":2,"name":"Porto di Milna"}]},{"@type":"WebSite","@id":"https:\/\/www.ferrycroatia.com\/it\/#website","url":"https:\/\/www.ferrycroatia.com\/it\/","name":"Traghetto Croazia","description":"Info e orari per tutti i catamarani e traghetti in Croazia","potentialAction":[{"@type":"SearchAction","target":{"@type":"EntryPoint","urlTemplate":"https:\/\/www.ferrycroatia.com\/it\/?s={search_term_string}"},"query-input":"required name=search_term_string"}],"inLanguage":"en-US"}]}},"_links":{"self":[{"href":"https:\/\/www.ferrycroatia.com\/it\/wp-json\/wp\/v2\/pages\/1551"}],"collection":[{"href":"https:\/\/www.ferrycroatia.com\/it\/wp-json\/wp\/v2\/pages"}],"about":[{"href":"https:\/\/www.ferrycroatia.com\/it\/wp-json\/wp\/v2\/types\/page"}],"author":[{"embeddable":true,"href":"https:\/\/www.ferrycroatia.com\/it\/wp-json\/wp\/v2\/users\/6"}],"replies":[{"embeddable":true,"href":"https:\/\/www.ferrycroatia.com\/it\/wp-json\/wp\/v2\/comments?post=1551"}],"version-history":[{"count":4,"href":"https:\/\/www.ferrycroatia.com\/it\/wp-json\/wp\/v2\/pages\/1551\/revisions"}],"predecessor-version":[{"id":3135,"href":"https:\/\/www.ferrycroatia.com\/it\/wp-json\/wp\/v2\/pages\/1551\/revisions\/3135"}],"wp:attachment":[{"href":"https:\/\/www.ferrycroatia.com\/it\/wp-json\/wp\/v2\/media?parent=1551"}],"curies":[{"name":"wp","href":"https:\/\/api.w.org\/{rel}","templated":true}]}}