{"id":1584,"date":"2021-02-04T14:33:42","date_gmt":"2021-02-04T14:33:42","guid":{"rendered":"https:\/\/ferrycroatia.com\/it\/?page_id=1584"},"modified":"2021-08-19T13:47:00","modified_gmt":"2021-08-19T11:47:00","slug":"porto-di-polace","status":"publish","type":"page","link":"https:\/\/www.ferrycroatia.com\/it\/porto-di-polace\/","title":{"rendered":"Porto di Polace"},"content":{"rendered":"\n<p><strong>Polace \u00e8 un villaggio sul lato nord-ovest dell&#8217;isola di Meleda (Mljet)<\/strong> nella parte del Parco nazionale di Meleda. Si trova in un&#8217;ampia baia circondata da quattro isolotti e per questo \u00e8 considerato uno dei porti pi\u00f9 sicuri dell&#8217;Adriatico, situato proprio nel centro del villaggio.<\/p>\n\n\n\n<p><span style=\"text-decoration: underline;\"><b>Arrivare e partire dal porto dei catamarani di Polace:<\/b><\/span><\/p>\n\n\n\n<p>Il tempo di viaggio con <strong>il catamarano da Ragusa a Polace<\/strong> \u00e8 di circa 1 ora e 40 minuti. Una volta arrivati a Polace potrete raggiungere a piedi qualsiasi alloggio in citt\u00e0. <strong>Se soggiornate altrove sull&#8217;isola<\/strong> potete spostarvi in autobus o in taxi. La fermata dell&#8217;autobus di Polace si trova vicino al porto di Polace.<\/p>\n\n\n\n<p>Se atterrate <strong>all&#8217;Aeroporto di Ragusa<\/strong>, avete bisogno di <strong>circa 20 minuti<\/strong> dall&#8217;uscita del terminal per arrivare al punto di partenza del catamarano. Per ottenere il biglietto dovete essere al porto 30 minuti prima della partenza.<\/p>\n\n\n\n<p><span style=\"text-decoration: underline;\"><b>Cosa potete trovare al porto dei catamarani di Polace:<\/b><\/span><\/p>\n\n\n\n<p>Come gi\u00e0 accennato in precedenza, Polace \u00e8 un villaggio davvero piccolo con un porto dei catamarani situato proprio al centro. Non ci sono molte strutture l\u00ec, ma tutto ci\u00f2 che potete trovare sar\u00e0 vicino al porto.<\/p>\n\n\n\n<p><span style=\"text-decoration: underline;\"><b>Indirizzo del porto dei catamarani di Polace:<\/b><\/span><\/p>\n\n\n\n<ul><li>Longitudine: 17.378509<\/li><li>Latitudine: 42.785864<\/li><li>D120<\/li><li>20226 Polace (Mljet)<\/li><\/ul>\n\n\n\n<div class=\"wp-block-image\"><figure class=\"aligncenter\"><img decoding=\"async\" loading=\"lazy\" width=\"1024\" height=\"684\" data-src=\"https:\/\/ferrycroatia.com\/it\/wp-content\/uploads\/2021\/02\/Polace-ferry-port.jpg\" alt=\"\" class=\"wp-image-1585\" data-srcset=\"https:\/\/www.ferrycroatia.com\/it\/wp-content\/uploads\/2021\/02\/Polace-ferry-port.jpg 1024w, https:\/\/www.ferrycroatia.com\/it\/wp-content\/uploads\/2021\/02\/Polace-ferry-port-300x200.jpg 300w, https:\/\/www.ferrycroatia.com\/it\/wp-content\/uploads\/2021\/02\/Polace-ferry-port-768x513.jpg 768w\" sizes=\"(max-width: 1024px) 100vw, 1024px\" \/><\/figure><\/div>\n\n\n\n<p><b><span style=\"text-decoration: underline;\"><span class=\"VIiyi\" lang=\"it\"><span class=\"JLqJ4b ChMk0b\" data-language-for-alternatives=\"it\" data-language-to-translate-into=\"en\" data-phrase-index=\"0\">E<\/span><\/span>lenco delle rotte in catamarano da e per Polace:<\/span><\/b><\/p>\n\n\n\n<p>\u2192 Catamarano: Ragusa &#8211; Sipanska Luka &#8211; Sobra (Meleda) &#8211; Polace (Meleda) &#8211; Curzola &#8211; Ubli (Lastovo)<\/p>\n\n\n\n<ul><li><a href=\"https:\/\/www.ferrycroatia.com\/it\/polace-ragusa\/\">Polace &#8211; Ragusa<\/a><\/li><li><a href=\"https:\/\/www.ferrycroatia.com\/it\/polace-porto-giuppana\/\">Polace &#8211; Sipanska Luka<\/a><\/li><li>Polace &#8211; Sobra<\/li><li><a href=\"https:\/\/www.ferrycroatia.com\/it\/polace-curzola\/\">Polace &#8211; Curzola<\/a><\/li><li><a href=\"https:\/\/www.ferrycroatia.com\/it\/polace-ubli\/\">Polace &#8211; Ubli<\/a><\/li><\/ul>\n","protected":false},"excerpt":{"rendered":"<p>Polace \u00e8 un villaggio sul lato nord-ovest dell&#8217;isola di Meleda (Mljet) nella parte del Parco nazionale di Meleda. Si trova in un&#8217;ampia baia circondata da quattro isolotti e per questo \u00e8 considerato uno dei porti pi\u00f9 sicuri dell&#8217;Adriatico, situato proprio nel centro del villaggio. Arrivare e partire dal porto dei catamarani di Polace: Il tempo [&hellip;]<\/p>\n<p><a class=\"more-link\" href=\"https:\/\/www.ferrycroatia.com\/it\/porto-di-polace\/\"> Continue reading&#8230;<\/a><\/p>\n","protected":false},"author":5,"featured_media":0,"parent":0,"menu_order":0,"comment_status":"closed","ping_status":"closed","template":"","meta":[],"yoast_head":"<!-- This site is optimized with the Yoast SEO plugin v19.8 - https:\/\/yoast.com\/wordpress\/plugins\/seo\/ -->\n<title>Porto di Polace, partenze di catamarani e traghetti veloci<\/title>\n<meta name=\"description\" content=\"Porto di Polace informazioni, posizione e servizi disponibili. Come arrivarci, e tutti i traghetti veloci e catamarani che partono da e fino a Mljet.\" \/>\n<meta name=\"robots\" content=\"index, follow, max-snippet:-1, max-image-preview:large, max-video-preview:-1\" \/>\n<link rel=\"canonical\" href=\"https:\/\/www.ferrycroatia.com\/it\/porto-di-polace\/\" \/>\n<meta property=\"og:locale\" content=\"en_US\" \/>\n<meta property=\"og:type\" content=\"article\" \/>\n<meta property=\"og:title\" content=\"Porto di Polace, partenze di catamarani e traghetti veloci\" \/>\n<meta property=\"og:description\" content=\"Porto di Polace informazioni, posizione e servizi disponibili. Come arrivarci, e tutti i traghetti veloci e catamarani che partono da e fino a Mljet.\" \/>\n<meta property=\"og:url\" content=\"https:\/\/www.ferrycroatia.com\/it\/porto-di-polace\/\" \/>\n<meta property=\"og:site_name\" content=\"Traghetto Croazia\" \/>\n<meta property=\"article:modified_time\" content=\"2021-08-19T11:47:00+00:00\" \/>\n<meta property=\"og:image\" content=\"https:\/\/ferrycroatia.com\/it\/wp-content\/uploads\/2021\/02\/Polace-ferry-port.jpg\" \/>\n<meta name=\"twitter:card\" content=\"summary_large_image\" \/>\n<meta name=\"twitter:label1\" content=\"Est. reading time\" \/>\n\t<meta name=\"twitter:data1\" content=\"2 minutes\" \/>\n<script type=\"application\/ld+json\" class=\"yoast-schema-graph\">{\"@context\":\"https:\/\/schema.org\",\"@graph\":[{\"@type\":\"WebPage\",\"@id\":\"https:\/\/www.ferrycroatia.com\/it\/porto-di-polace\/\",\"url\":\"https:\/\/www.ferrycroatia.com\/it\/porto-di-polace\/\",\"name\":\"Porto di Polace, partenze di catamarani e traghetti veloci\",\"isPartOf\":{\"@id\":\"https:\/\/www.ferrycroatia.com\/it\/#website\"},\"datePublished\":\"2021-02-04T14:33:42+00:00\",\"dateModified\":\"2021-08-19T11:47:00+00:00\",\"description\":\"Porto di Polace informazioni, posizione e servizi disponibili. Come arrivarci, e tutti i traghetti veloci e catamarani che partono da e fino a Mljet.\",\"breadcrumb\":{\"@id\":\"https:\/\/www.ferrycroatia.com\/it\/porto-di-polace\/#breadcrumb\"},\"inLanguage\":\"en-US\",\"potentialAction\":[{\"@type\":\"ReadAction\",\"target\":[\"https:\/\/www.ferrycroatia.com\/it\/porto-di-polace\/\"]}]},{\"@type\":\"BreadcrumbList\",\"@id\":\"https:\/\/www.ferrycroatia.com\/it\/porto-di-polace\/#breadcrumb\",\"itemListElement\":[{\"@type\":\"ListItem\",\"position\":1,\"name\":\"Home\",\"item\":\"https:\/\/www.ferrycroatia.com\/it\/\"},{\"@type\":\"ListItem\",\"position\":2,\"name\":\"Porto di Polace\"}]},{\"@type\":\"WebSite\",\"@id\":\"https:\/\/www.ferrycroatia.com\/it\/#website\",\"url\":\"https:\/\/www.ferrycroatia.com\/it\/\",\"name\":\"Traghetto Croazia\",\"description\":\"Info e orari per tutti i catamarani e traghetti in Croazia\",\"potentialAction\":[{\"@type\":\"SearchAction\",\"target\":{\"@type\":\"EntryPoint\",\"urlTemplate\":\"https:\/\/www.ferrycroatia.com\/it\/?s={search_term_string}\"},\"query-input\":\"required name=search_term_string\"}],\"inLanguage\":\"en-US\"}]}<\/script>\n<!-- \/ Yoast SEO plugin. -->","yoast_head_json":{"title":"Porto di Polace, partenze di catamarani e traghetti veloci","description":"Porto di Polace informazioni, posizione e servizi disponibili. Come arrivarci, e tutti i traghetti veloci e catamarani che partono da e fino a Mljet.","robots":{"index":"index","follow":"follow","max-snippet":"max-snippet:-1","max-image-preview":"max-image-preview:large","max-video-preview":"max-video-preview:-1"},"canonical":"https:\/\/www.ferrycroatia.com\/it\/porto-di-polace\/","og_locale":"en_US","og_type":"article","og_title":"Porto di Polace, partenze di catamarani e traghetti veloci","og_description":"Porto di Polace informazioni, posizione e servizi disponibili. Come arrivarci, e tutti i traghetti veloci e catamarani che partono da e fino a Mljet.","og_url":"https:\/\/www.ferrycroatia.com\/it\/porto-di-polace\/","og_site_name":"Traghetto Croazia","article_modified_time":"2021-08-19T11:47:00+00:00","og_image":[{"url":"https:\/\/ferrycroatia.com\/it\/wp-content\/uploads\/2021\/02\/Polace-ferry-port.jpg"}],"twitter_card":"summary_large_image","twitter_misc":{"Est. reading time":"2 minutes"},"schema":{"@context":"https:\/\/schema.org","@graph":[{"@type":"WebPage","@id":"https:\/\/www.ferrycroatia.com\/it\/porto-di-polace\/","url":"https:\/\/www.ferrycroatia.com\/it\/porto-di-polace\/","name":"Porto di Polace, partenze di catamarani e traghetti veloci","isPartOf":{"@id":"https:\/\/www.ferrycroatia.com\/it\/#website"},"datePublished":"2021-02-04T14:33:42+00:00","dateModified":"2021-08-19T11:47:00+00:00","description":"Porto di Polace informazioni, posizione e servizi disponibili. Come arrivarci, e tutti i traghetti veloci e catamarani che partono da e fino a Mljet.","breadcrumb":{"@id":"https:\/\/www.ferrycroatia.com\/it\/porto-di-polace\/#breadcrumb"},"inLanguage":"en-US","potentialAction":[{"@type":"ReadAction","target":["https:\/\/www.ferrycroatia.com\/it\/porto-di-polace\/"]}]},{"@type":"BreadcrumbList","@id":"https:\/\/www.ferrycroatia.com\/it\/porto-di-polace\/#breadcrumb","itemListElement":[{"@type":"ListItem","position":1,"name":"Home","item":"https:\/\/www.ferrycroatia.com\/it\/"},{"@type":"ListItem","position":2,"name":"Porto di Polace"}]},{"@type":"WebSite","@id":"https:\/\/www.ferrycroatia.com\/it\/#website","url":"https:\/\/www.ferrycroatia.com\/it\/","name":"Traghetto Croazia","description":"Info e orari per tutti i catamarani e traghetti in Croazia","potentialAction":[{"@type":"SearchAction","target":{"@type":"EntryPoint","urlTemplate":"https:\/\/www.ferrycroatia.com\/it\/?s={search_term_string}"},"query-input":"required name=search_term_string"}],"inLanguage":"en-US"}]}},"_links":{"self":[{"href":"https:\/\/www.ferrycroatia.com\/it\/wp-json\/wp\/v2\/pages\/1584"}],"collection":[{"href":"https:\/\/www.ferrycroatia.com\/it\/wp-json\/wp\/v2\/pages"}],"about":[{"href":"https:\/\/www.ferrycroatia.com\/it\/wp-json\/wp\/v2\/types\/page"}],"author":[{"embeddable":true,"href":"https:\/\/www.ferrycroatia.com\/it\/wp-json\/wp\/v2\/users\/5"}],"replies":[{"embeddable":true,"href":"https:\/\/www.ferrycroatia.com\/it\/wp-json\/wp\/v2\/comments?post=1584"}],"version-history":[{"count":5,"href":"https:\/\/www.ferrycroatia.com\/it\/wp-json\/wp\/v2\/pages\/1584\/revisions"}],"predecessor-version":[{"id":3142,"href":"https:\/\/www.ferrycroatia.com\/it\/wp-json\/wp\/v2\/pages\/1584\/revisions\/3142"}],"wp:attachment":[{"href":"https:\/\/www.ferrycroatia.com\/it\/wp-json\/wp\/v2\/media?parent=1584"}],"curies":[{"name":"wp","href":"https:\/\/api.w.org\/{rel}","templated":true}]}}