{"id":1587,"date":"2021-02-04T14:53:38","date_gmt":"2021-02-04T14:53:38","guid":{"rendered":"https:\/\/ferrycroatia.com\/it\/?page_id=1587"},"modified":"2021-08-19T13:45:15","modified_gmt":"2021-08-19T11:45:15","slug":"porto-di-parenzo","status":"publish","type":"page","link":"https:\/\/www.ferrycroatia.com\/it\/porto-di-parenzo\/","title":{"rendered":"Porto di Porec"},"content":{"rendered":"\n<p>La citt\u00e0 di<strong> Parenzo \u00e8 una bellissima cittadina<\/strong> situata sulla costa occidentale della penisola istriana. Il porto dei traghetti a Parenzo \u00e8 solo per catamarani. <strong>Tutti i catamarani a Parenzo partono dal molo<\/strong> situato proprio accanto al centro storico (sul lato sinistro della penisola dove si trova il centro storico &#8211; se trova di fronte al mare).<\/p>\n\n\n\n<p><span style=\"text-decoration: underline;\"><strong>Arrivare da e per il porto di Parenzo:<\/strong><\/span><\/p>\n\n\n\n<p>Parenzo \u00e8 una citt\u00e0 piuttosto piccola, quindi tutto \u00e8 abbastanza vicino. <strong>Dato che non \u00e8 una grande citt\u00e0<\/strong> non dispone di trasporti pubblici regolari, ma solo di un servizio taxi che non costa molto, dato che <strong>quasi tutto \u00e8 a breve distanza<\/strong>.<\/p>\n\n\n\n<p>Tuttavia, durante i mesi estivi, ci sono <strong>alcuni modi per spostarsi in citt\u00e0<\/strong> se non preferisce di camminare. C&#8217;\u00e8 un treno turistico <strong>(biglietto di sola andata costa circa 20 HRK = 2,5 euro)<\/strong> che gira intorno a Parenzo, c&#8217;\u00e8 anche un taxi boat (il trasporto costa circa 25 HRK = 3 euro e circa 40 HRK = 5 euro per entrambe le direzioni;di andata e ritorno) e ci sono<strong> autobus locali<\/strong> che collegano le localit\u00e0 turistiche Zelena Laguna, Plava Laguna e Brulo con Parenzo (il biglietto costa circa 15 HRK= 2 euro) &#8211; <strong>arrivano tutte alla stazione principale degli autobus di Parenzo.<\/strong><\/p>\n\n\n\n<p>Parenzo \u00e8 ben collegata con le altre citt\u00e0 istriane: la <a href=\"https:\/\/getbybus.com\/it\/bus-da-parenzo\">stazione principale degli autobus<\/a> \u00e8 a pochi minuti dal molo di partenza quindi<strong> \u00e8 anche possibile raggiungerla a piedi<\/strong> senza preoccuparsi dei trasporti.<\/p>\n\n\n\n<p><span style=\"text-decoration: underline;\"><strong>Cosa pu\u00f2 trovare al porto di Parenzo:<\/strong><\/span><\/p>\n\n\n\n<p>Come gi\u00e0 accennato,<strong> il molo da cui parte il catamarano<\/strong> si trova letteralmente nel centro di Parenzo, quindi per tutte le cose che non pu\u00f2 trovare proprio al porto, pu\u00f2 trovarle nel vicino centro della citt<span class=\"VIiyi\" lang=\"it\"><span class=\"JLqJ4b ChMk0b\" data-language-for-alternatives=\"it\" data-language-to-translate-into=\"en\" data-phrase-index=\"0\">\u00e0<\/span><\/span>: bar, ristoranti, negozi\u2026<\/p>\n\n\n\n<p><span style=\"text-decoration: underline;\"><strong>Indirizzo del porto di Parenzo:<\/strong><\/span><\/p>\n\n\n\n<blockquote class=\"wp-block-quote\"><p>Obala mar\u0161ala Tita<\/p><p>52440 Parenzo<\/p><p><strong>Coordinate GPS:<\/strong> 45.22526, 13.59459<\/p><\/blockquote>\n\n\n\n<div class=\"wp-block-image\"><figure class=\"aligncenter\"><img decoding=\"async\" loading=\"lazy\" width=\"800\" height=\"534\" data-src=\"https:\/\/ferrycroatia.com\/it\/wp-content\/uploads\/2021\/02\/Porec-catamaran.jpg\" alt=\"\" class=\"wp-image-1589\" data-srcset=\"https:\/\/www.ferrycroatia.com\/it\/wp-content\/uploads\/2021\/02\/Porec-catamaran.jpg 800w, https:\/\/www.ferrycroatia.com\/it\/wp-content\/uploads\/2021\/02\/Porec-catamaran-300x200.jpg 300w, https:\/\/www.ferrycroatia.com\/it\/wp-content\/uploads\/2021\/02\/Porec-catamaran-768x513.jpg 768w\" sizes=\"(max-width: 800px) 100vw, 800px\" \/><\/figure><\/div>\n\n\n\n<p><span style=\"text-decoration: underline;\"><strong>Elenco delle rotte:<\/strong><\/span><\/p>\n\n\n\n<p>\u2192 Catamarano: Venezia &#8211; Umago &#8211; Parenzo &#8211; Rovigno &#8211; Pola<\/p>\n\n\n\n<ul><li><a href=\"https:\/\/www.ferrycroatia.com\/it\/parenzo-venezia\/\">Parenzo &#8211; Venezia<\/a><\/li><\/ul>\n\n\n\n<p>\u2192 Catamarano: Trieste &#8211; Pirano &#8211; Parenzo &#8211; Rovigno &#8211; Pola<\/p>\n\n\n\n<ul><li><a href=\"https:\/\/www.ferrycroatia.com\/it\/parenzo-trieste\/\">Parenzo &#8211; Trieste<\/a><\/li><li><a href=\"https:\/\/www.ferrycroatia.com\/it\/parenzo-pirano\/\">Parenzo &#8211; Pirano<\/a><\/li><\/ul>\n","protected":false},"excerpt":{"rendered":"<p>La citt\u00e0 di Parenzo \u00e8 una bellissima cittadina situata sulla costa occidentale della penisola istriana. Il porto dei traghetti a Parenzo \u00e8 solo per catamarani. Tutti i catamarani a Parenzo partono dal molo situato proprio accanto al centro storico (sul lato sinistro della penisola dove si trova il centro storico &#8211; se trova di fronte [&hellip;]<\/p>\n<p><a class=\"more-link\" href=\"https:\/\/www.ferrycroatia.com\/it\/porto-di-parenzo\/\"> Continue reading&#8230;<\/a><\/p>\n","protected":false},"author":5,"featured_media":1588,"parent":0,"menu_order":0,"comment_status":"closed","ping_status":"closed","template":"","meta":[],"yoast_head":"<!-- This site is optimized with the Yoast SEO plugin v19.8 - https:\/\/yoast.com\/wordpress\/plugins\/seo\/ -->\n<title>Porto di Porec, partenze di catamarani e traghetti veloci<\/title>\n<meta name=\"description\" content=\"Porto di Porec informazioni, posizione e servizi disponibili. Come arrivarci, e tutti i traghetti veloci e catamarani che partono da e fino a Porec.\" \/>\n<meta name=\"robots\" content=\"index, follow, max-snippet:-1, max-image-preview:large, max-video-preview:-1\" \/>\n<link rel=\"canonical\" href=\"https:\/\/www.ferrycroatia.com\/it\/porto-di-parenzo\/\" \/>\n<meta property=\"og:locale\" content=\"en_US\" \/>\n<meta property=\"og:type\" content=\"article\" \/>\n<meta property=\"og:title\" content=\"Porto di Porec, partenze di catamarani e traghetti veloci\" \/>\n<meta property=\"og:description\" content=\"Porto di Porec informazioni, posizione e servizi disponibili. Come arrivarci, e tutti i traghetti veloci e catamarani che partono da e fino a Porec.\" \/>\n<meta property=\"og:url\" content=\"https:\/\/www.ferrycroatia.com\/it\/porto-di-parenzo\/\" \/>\n<meta property=\"og:site_name\" content=\"Traghetto Croazia\" \/>\n<meta property=\"article:modified_time\" content=\"2021-08-19T11:45:15+00:00\" \/>\n<meta property=\"og:image\" content=\"https:\/\/www.ferrycroatia.com\/it\/wp-content\/uploads\/2021\/02\/Porec-catamaran-port.jpg\" \/>\n\t<meta property=\"og:image:width\" content=\"1024\" \/>\n\t<meta property=\"og:image:height\" content=\"768\" \/>\n\t<meta property=\"og:image:type\" content=\"image\/jpeg\" \/>\n<meta name=\"twitter:card\" content=\"summary_large_image\" \/>\n<meta name=\"twitter:label1\" content=\"Est. reading time\" \/>\n\t<meta name=\"twitter:data1\" content=\"2 minutes\" \/>\n<script type=\"application\/ld+json\" class=\"yoast-schema-graph\">{\"@context\":\"https:\/\/schema.org\",\"@graph\":[{\"@type\":\"WebPage\",\"@id\":\"https:\/\/www.ferrycroatia.com\/it\/porto-di-parenzo\/\",\"url\":\"https:\/\/www.ferrycroatia.com\/it\/porto-di-parenzo\/\",\"name\":\"Porto di Porec, partenze di catamarani e traghetti veloci\",\"isPartOf\":{\"@id\":\"https:\/\/www.ferrycroatia.com\/it\/#website\"},\"datePublished\":\"2021-02-04T14:53:38+00:00\",\"dateModified\":\"2021-08-19T11:45:15+00:00\",\"description\":\"Porto di Porec informazioni, posizione e servizi disponibili. Come arrivarci, e tutti i traghetti veloci e catamarani che partono da e fino a Porec.\",\"breadcrumb\":{\"@id\":\"https:\/\/www.ferrycroatia.com\/it\/porto-di-parenzo\/#breadcrumb\"},\"inLanguage\":\"en-US\",\"potentialAction\":[{\"@type\":\"ReadAction\",\"target\":[\"https:\/\/www.ferrycroatia.com\/it\/porto-di-parenzo\/\"]}]},{\"@type\":\"BreadcrumbList\",\"@id\":\"https:\/\/www.ferrycroatia.com\/it\/porto-di-parenzo\/#breadcrumb\",\"itemListElement\":[{\"@type\":\"ListItem\",\"position\":1,\"name\":\"Home\",\"item\":\"https:\/\/www.ferrycroatia.com\/it\/\"},{\"@type\":\"ListItem\",\"position\":2,\"name\":\"Porto di Porec\"}]},{\"@type\":\"WebSite\",\"@id\":\"https:\/\/www.ferrycroatia.com\/it\/#website\",\"url\":\"https:\/\/www.ferrycroatia.com\/it\/\",\"name\":\"Traghetto Croazia\",\"description\":\"Info e orari per tutti i catamarani e traghetti in Croazia\",\"potentialAction\":[{\"@type\":\"SearchAction\",\"target\":{\"@type\":\"EntryPoint\",\"urlTemplate\":\"https:\/\/www.ferrycroatia.com\/it\/?s={search_term_string}\"},\"query-input\":\"required name=search_term_string\"}],\"inLanguage\":\"en-US\"}]}<\/script>\n<!-- \/ Yoast SEO plugin. -->","yoast_head_json":{"title":"Porto di Porec, partenze di catamarani e traghetti veloci","description":"Porto di Porec informazioni, posizione e servizi disponibili. Come arrivarci, e tutti i traghetti veloci e catamarani che partono da e fino a Porec.","robots":{"index":"index","follow":"follow","max-snippet":"max-snippet:-1","max-image-preview":"max-image-preview:large","max-video-preview":"max-video-preview:-1"},"canonical":"https:\/\/www.ferrycroatia.com\/it\/porto-di-parenzo\/","og_locale":"en_US","og_type":"article","og_title":"Porto di Porec, partenze di catamarani e traghetti veloci","og_description":"Porto di Porec informazioni, posizione e servizi disponibili. Come arrivarci, e tutti i traghetti veloci e catamarani che partono da e fino a Porec.","og_url":"https:\/\/www.ferrycroatia.com\/it\/porto-di-parenzo\/","og_site_name":"Traghetto Croazia","article_modified_time":"2021-08-19T11:45:15+00:00","og_image":[{"width":1024,"height":768,"url":"https:\/\/www.ferrycroatia.com\/it\/wp-content\/uploads\/2021\/02\/Porec-catamaran-port.jpg","type":"image\/jpeg"}],"twitter_card":"summary_large_image","twitter_misc":{"Est. reading time":"2 minutes"},"schema":{"@context":"https:\/\/schema.org","@graph":[{"@type":"WebPage","@id":"https:\/\/www.ferrycroatia.com\/it\/porto-di-parenzo\/","url":"https:\/\/www.ferrycroatia.com\/it\/porto-di-parenzo\/","name":"Porto di Porec, partenze di catamarani e traghetti veloci","isPartOf":{"@id":"https:\/\/www.ferrycroatia.com\/it\/#website"},"datePublished":"2021-02-04T14:53:38+00:00","dateModified":"2021-08-19T11:45:15+00:00","description":"Porto di Porec informazioni, posizione e servizi disponibili. Come arrivarci, e tutti i traghetti veloci e catamarani che partono da e fino a Porec.","breadcrumb":{"@id":"https:\/\/www.ferrycroatia.com\/it\/porto-di-parenzo\/#breadcrumb"},"inLanguage":"en-US","potentialAction":[{"@type":"ReadAction","target":["https:\/\/www.ferrycroatia.com\/it\/porto-di-parenzo\/"]}]},{"@type":"BreadcrumbList","@id":"https:\/\/www.ferrycroatia.com\/it\/porto-di-parenzo\/#breadcrumb","itemListElement":[{"@type":"ListItem","position":1,"name":"Home","item":"https:\/\/www.ferrycroatia.com\/it\/"},{"@type":"ListItem","position":2,"name":"Porto di Porec"}]},{"@type":"WebSite","@id":"https:\/\/www.ferrycroatia.com\/it\/#website","url":"https:\/\/www.ferrycroatia.com\/it\/","name":"Traghetto Croazia","description":"Info e orari per tutti i catamarani e traghetti in Croazia","potentialAction":[{"@type":"SearchAction","target":{"@type":"EntryPoint","urlTemplate":"https:\/\/www.ferrycroatia.com\/it\/?s={search_term_string}"},"query-input":"required name=search_term_string"}],"inLanguage":"en-US"}]}},"_links":{"self":[{"href":"https:\/\/www.ferrycroatia.com\/it\/wp-json\/wp\/v2\/pages\/1587"}],"collection":[{"href":"https:\/\/www.ferrycroatia.com\/it\/wp-json\/wp\/v2\/pages"}],"about":[{"href":"https:\/\/www.ferrycroatia.com\/it\/wp-json\/wp\/v2\/types\/page"}],"author":[{"embeddable":true,"href":"https:\/\/www.ferrycroatia.com\/it\/wp-json\/wp\/v2\/users\/5"}],"replies":[{"embeddable":true,"href":"https:\/\/www.ferrycroatia.com\/it\/wp-json\/wp\/v2\/comments?post=1587"}],"version-history":[{"count":6,"href":"https:\/\/www.ferrycroatia.com\/it\/wp-json\/wp\/v2\/pages\/1587\/revisions"}],"predecessor-version":[{"id":3139,"href":"https:\/\/www.ferrycroatia.com\/it\/wp-json\/wp\/v2\/pages\/1587\/revisions\/3139"}],"wp:featuredmedia":[{"embeddable":true,"href":"https:\/\/www.ferrycroatia.com\/it\/wp-json\/wp\/v2\/media\/1588"}],"wp:attachment":[{"href":"https:\/\/www.ferrycroatia.com\/it\/wp-json\/wp\/v2\/media?parent=1587"}],"curies":[{"name":"wp","href":"https:\/\/api.w.org\/{rel}","templated":true}]}}