{"id":1592,"date":"2021-02-04T15:08:48","date_gmt":"2021-02-04T15:08:48","guid":{"rendered":"https:\/\/ferrycroatia.com\/it\/?page_id=1592"},"modified":"2021-08-19T13:47:31","modified_gmt":"2021-08-19T11:47:31","slug":"porto-di-porozina","status":"publish","type":"page","link":"https:\/\/www.ferrycroatia.com\/it\/porto-di-porozina\/","title":{"rendered":"Porto di Porozina"},"content":{"rendered":"\n<p>Porozina \u00e8 una piccola citt\u00e0 sul <strong>lato occidentale dell&#8217;isola di Cherso (Cres)<\/strong>, direttamente collegata a Brestova in Istria. Quando arrivate l\u00ec, molto probabilmente non \u00e8 la vostra destinazione finale e volete continuare verso qualche altro posto sull&#8217;isola di Cherso o verso alcune isole vicine.<\/p>\n\n\n\n<p><span style=\"text-decoration: underline;\"><b>Arrivare e partire dal terminal dei traghetti di Porozina:<\/b><\/span><\/p>\n\n\n\n<p>Il <strong>tempo di viaggio in traghetto da Brestova sulla terraferma a Porozina<\/strong> \u00e8 di circa 20 minuti. Se soggiornate a Porozina potete raggiungere a piedi qualsiasi parte della citt\u00e0 dal porto dei traghetti, se soggiornate altrove sull&#8217;isola dovreste prendere un autobus o un taxi dal porto dei traghetti.<\/p>\n\n\n\n<p><span style=\"text-decoration: underline;\"><b>Cosa potete trovare al terminal dei traghetti di Porozina:<\/b><\/span><\/p>\n\n\n\n<p><strong>Porozina \u00e8 un posto isolano davvero piccolo<\/strong>, quindi non ci sono molte strutture: pochi bar e una biglietteria. Se avete bisogno di qualcosa in pi\u00f9, potete sempre andare nella citt\u00e0 di Cherso che dista circa 26 km da Porozina.<\/p>\n\n\n\n<p><span style=\"text-decoration: underline;\"><b>Indirizzo del terminal dei traghetti di Porozina:<\/b><\/span><\/p>\n\n\n\n<ul><li>Longitudine: 14.284843<\/li><li>Latitudine: 45.131312<\/li><li>D100<\/li><li>51557 Porozina (Cres)<\/li><\/ul>\n\n\n\n<figure class=\"wp-block-image\"><img decoding=\"async\" loading=\"lazy\" width=\"1006\" height=\"618\" data-src=\"https:\/\/ferrycroatia.com\/it\/wp-content\/uploads\/2021\/02\/Porozina-ferry-port.jpg\" alt=\"\" class=\"wp-image-1593\" data-srcset=\"https:\/\/www.ferrycroatia.com\/it\/wp-content\/uploads\/2021\/02\/Porozina-ferry-port.jpg 1006w, https:\/\/www.ferrycroatia.com\/it\/wp-content\/uploads\/2021\/02\/Porozina-ferry-port-300x184.jpg 300w, https:\/\/www.ferrycroatia.com\/it\/wp-content\/uploads\/2021\/02\/Porozina-ferry-port-768x472.jpg 768w\" sizes=\"(max-width: 1006px) 100vw, 1006px\" \/><\/figure>\n\n\n\n<p><span style=\"text-decoration: underline;\"><b>Elenco delle rotte dei traghetti da e per Porozina:<\/b><\/span><\/p>\n\n\n\n<p>\u2192 Traghetto: Brestova &#8211; Porozina (Cherso)<\/p>\n\n\n\n<ul><li><a href=\"https:\/\/www.ferrycroatia.com\/it\/brestova-porozina\/\">Brestova &#8211; Porozina<\/a><\/li><\/ul>\n","protected":false},"excerpt":{"rendered":"<p>Porozina \u00e8 una piccola citt\u00e0 sul lato occidentale dell&#8217;isola di Cherso (Cres), direttamente collegata a Brestova in Istria. Quando arrivate l\u00ec, molto probabilmente non \u00e8 la vostra destinazione finale e volete continuare verso qualche altro posto sull&#8217;isola di Cherso o verso alcune isole vicine. Arrivare e partire dal terminal dei traghetti di Porozina: Il tempo [&hellip;]<\/p>\n<p><a class=\"more-link\" href=\"https:\/\/www.ferrycroatia.com\/it\/porto-di-porozina\/\"> Continue reading&#8230;<\/a><\/p>\n","protected":false},"author":5,"featured_media":0,"parent":0,"menu_order":0,"comment_status":"closed","ping_status":"closed","template":"","meta":[],"yoast_head":"<!-- This site is optimized with the Yoast SEO plugin v19.8 - https:\/\/yoast.com\/wordpress\/plugins\/seo\/ -->\n<title>Porto di Porozina, partenze e arrivi di traghetti e battelli<\/title>\n<meta name=\"description\" content=\"Porto di Porozina informazioni, posizione e servizi disponibili. Come arrivarci, e tutti i traghetti battelli che partono da e fino a Cres.\" \/>\n<meta name=\"robots\" content=\"index, follow, max-snippet:-1, max-image-preview:large, max-video-preview:-1\" \/>\n<link rel=\"canonical\" href=\"https:\/\/www.ferrycroatia.com\/it\/porto-di-porozina\/\" \/>\n<meta property=\"og:locale\" content=\"en_US\" \/>\n<meta property=\"og:type\" content=\"article\" \/>\n<meta property=\"og:title\" content=\"Porto di Porozina, partenze e arrivi di traghetti e battelli\" \/>\n<meta property=\"og:description\" content=\"Porto di Porozina informazioni, posizione e servizi disponibili. Come arrivarci, e tutti i traghetti battelli che partono da e fino a Cres.\" \/>\n<meta property=\"og:url\" content=\"https:\/\/www.ferrycroatia.com\/it\/porto-di-porozina\/\" \/>\n<meta property=\"og:site_name\" content=\"Traghetto Croazia\" \/>\n<meta property=\"article:modified_time\" content=\"2021-08-19T11:47:31+00:00\" \/>\n<meta property=\"og:image\" content=\"https:\/\/ferrycroatia.com\/it\/wp-content\/uploads\/2021\/02\/Porozina-ferry-port.jpg\" \/>\n<meta name=\"twitter:card\" content=\"summary_large_image\" \/>\n<meta name=\"twitter:label1\" content=\"Est. reading time\" \/>\n\t<meta name=\"twitter:data1\" content=\"1 minute\" \/>\n<script type=\"application\/ld+json\" class=\"yoast-schema-graph\">{\"@context\":\"https:\/\/schema.org\",\"@graph\":[{\"@type\":\"WebPage\",\"@id\":\"https:\/\/www.ferrycroatia.com\/it\/porto-di-porozina\/\",\"url\":\"https:\/\/www.ferrycroatia.com\/it\/porto-di-porozina\/\",\"name\":\"Porto di Porozina, partenze e arrivi di traghetti e battelli\",\"isPartOf\":{\"@id\":\"https:\/\/www.ferrycroatia.com\/it\/#website\"},\"datePublished\":\"2021-02-04T15:08:48+00:00\",\"dateModified\":\"2021-08-19T11:47:31+00:00\",\"description\":\"Porto di Porozina informazioni, posizione e servizi disponibili. Come arrivarci, e tutti i traghetti battelli che partono da e fino a Cres.\",\"breadcrumb\":{\"@id\":\"https:\/\/www.ferrycroatia.com\/it\/porto-di-porozina\/#breadcrumb\"},\"inLanguage\":\"en-US\",\"potentialAction\":[{\"@type\":\"ReadAction\",\"target\":[\"https:\/\/www.ferrycroatia.com\/it\/porto-di-porozina\/\"]}]},{\"@type\":\"BreadcrumbList\",\"@id\":\"https:\/\/www.ferrycroatia.com\/it\/porto-di-porozina\/#breadcrumb\",\"itemListElement\":[{\"@type\":\"ListItem\",\"position\":1,\"name\":\"Home\",\"item\":\"https:\/\/www.ferrycroatia.com\/it\/\"},{\"@type\":\"ListItem\",\"position\":2,\"name\":\"Porto di Porozina\"}]},{\"@type\":\"WebSite\",\"@id\":\"https:\/\/www.ferrycroatia.com\/it\/#website\",\"url\":\"https:\/\/www.ferrycroatia.com\/it\/\",\"name\":\"Traghetto Croazia\",\"description\":\"Info e orari per tutti i catamarani e traghetti in Croazia\",\"potentialAction\":[{\"@type\":\"SearchAction\",\"target\":{\"@type\":\"EntryPoint\",\"urlTemplate\":\"https:\/\/www.ferrycroatia.com\/it\/?s={search_term_string}\"},\"query-input\":\"required name=search_term_string\"}],\"inLanguage\":\"en-US\"}]}<\/script>\n<!-- \/ Yoast SEO plugin. -->","yoast_head_json":{"title":"Porto di Porozina, partenze e arrivi di traghetti e battelli","description":"Porto di Porozina informazioni, posizione e servizi disponibili. Come arrivarci, e tutti i traghetti battelli che partono da e fino a Cres.","robots":{"index":"index","follow":"follow","max-snippet":"max-snippet:-1","max-image-preview":"max-image-preview:large","max-video-preview":"max-video-preview:-1"},"canonical":"https:\/\/www.ferrycroatia.com\/it\/porto-di-porozina\/","og_locale":"en_US","og_type":"article","og_title":"Porto di Porozina, partenze e arrivi di traghetti e battelli","og_description":"Porto di Porozina informazioni, posizione e servizi disponibili. Come arrivarci, e tutti i traghetti battelli che partono da e fino a Cres.","og_url":"https:\/\/www.ferrycroatia.com\/it\/porto-di-porozina\/","og_site_name":"Traghetto Croazia","article_modified_time":"2021-08-19T11:47:31+00:00","og_image":[{"url":"https:\/\/ferrycroatia.com\/it\/wp-content\/uploads\/2021\/02\/Porozina-ferry-port.jpg"}],"twitter_card":"summary_large_image","twitter_misc":{"Est. reading time":"1 minute"},"schema":{"@context":"https:\/\/schema.org","@graph":[{"@type":"WebPage","@id":"https:\/\/www.ferrycroatia.com\/it\/porto-di-porozina\/","url":"https:\/\/www.ferrycroatia.com\/it\/porto-di-porozina\/","name":"Porto di Porozina, partenze e arrivi di traghetti e battelli","isPartOf":{"@id":"https:\/\/www.ferrycroatia.com\/it\/#website"},"datePublished":"2021-02-04T15:08:48+00:00","dateModified":"2021-08-19T11:47:31+00:00","description":"Porto di Porozina informazioni, posizione e servizi disponibili. Come arrivarci, e tutti i traghetti battelli che partono da e fino a Cres.","breadcrumb":{"@id":"https:\/\/www.ferrycroatia.com\/it\/porto-di-porozina\/#breadcrumb"},"inLanguage":"en-US","potentialAction":[{"@type":"ReadAction","target":["https:\/\/www.ferrycroatia.com\/it\/porto-di-porozina\/"]}]},{"@type":"BreadcrumbList","@id":"https:\/\/www.ferrycroatia.com\/it\/porto-di-porozina\/#breadcrumb","itemListElement":[{"@type":"ListItem","position":1,"name":"Home","item":"https:\/\/www.ferrycroatia.com\/it\/"},{"@type":"ListItem","position":2,"name":"Porto di Porozina"}]},{"@type":"WebSite","@id":"https:\/\/www.ferrycroatia.com\/it\/#website","url":"https:\/\/www.ferrycroatia.com\/it\/","name":"Traghetto Croazia","description":"Info e orari per tutti i catamarani e traghetti in Croazia","potentialAction":[{"@type":"SearchAction","target":{"@type":"EntryPoint","urlTemplate":"https:\/\/www.ferrycroatia.com\/it\/?s={search_term_string}"},"query-input":"required name=search_term_string"}],"inLanguage":"en-US"}]}},"_links":{"self":[{"href":"https:\/\/www.ferrycroatia.com\/it\/wp-json\/wp\/v2\/pages\/1592"}],"collection":[{"href":"https:\/\/www.ferrycroatia.com\/it\/wp-json\/wp\/v2\/pages"}],"about":[{"href":"https:\/\/www.ferrycroatia.com\/it\/wp-json\/wp\/v2\/types\/page"}],"author":[{"embeddable":true,"href":"https:\/\/www.ferrycroatia.com\/it\/wp-json\/wp\/v2\/users\/5"}],"replies":[{"embeddable":true,"href":"https:\/\/www.ferrycroatia.com\/it\/wp-json\/wp\/v2\/comments?post=1592"}],"version-history":[{"count":4,"href":"https:\/\/www.ferrycroatia.com\/it\/wp-json\/wp\/v2\/pages\/1592\/revisions"}],"predecessor-version":[{"id":3143,"href":"https:\/\/www.ferrycroatia.com\/it\/wp-json\/wp\/v2\/pages\/1592\/revisions\/3143"}],"wp:attachment":[{"href":"https:\/\/www.ferrycroatia.com\/it\/wp-json\/wp\/v2\/media?parent=1592"}],"curies":[{"name":"wp","href":"https:\/\/api.w.org\/{rel}","templated":true}]}}