{"id":1595,"date":"2021-02-04T15:20:47","date_gmt":"2021-02-04T15:20:47","guid":{"rendered":"https:\/\/ferrycroatia.com\/it\/?page_id=1595"},"modified":"2021-08-19T13:49:00","modified_gmt":"2021-08-19T11:49:00","slug":"porto-di-prapratno","status":"publish","type":"page","link":"https:\/\/www.ferrycroatia.com\/it\/porto-di-prapratno\/","title":{"rendered":"Porto di Prapratno"},"content":{"rendered":"\n<p>Prapratno \u00e8 una piccola citt\u00e0 sulla penisola di Sabbioncello, situata in una bellissima baia. Poich\u00e9 <strong>Prapratno \u00e8 una cittadina molto piccola<\/strong>,<strong> il terminal dei traghetti<\/strong> non \u00e8 lontano dal centro del paese.<strong> Prapratno \u00e8 collegata<\/strong> da linee di traghetti con l&#8217;isola di Meleda.<\/p>\n\n\n\n<p><span style=\"text-decoration: underline;\"><b>Raggiungere il terminal dei traghetti di Prapratno:<\/b><\/span><\/p>\n\n\n\n<p>Come gi\u00e0 accennato, Prapratno \u00e8 <strong>una cittadina davvero piccola sull&#8217;isola di Sabbioncello<\/strong>, situata principalmente intorno al terminal dei traghetti. C&#8217;\u00e8 un grande campo l\u00ec e <strong>poche altre unit\u00e0 di alloggio<\/strong>. Non importa dove si trova, il terminal dei traghetti \u00e8 facilmente raggiungibile a piedi.<\/p>\n\n\n\n<p>Se soggiorna da qualche altra parte sulla penisola di Sabbioncello e vuole attraversare l&#8217;isola di Meleda, pu\u00f2 raggiungere Prapratno in autobus e poi prendere un traghetto per Meleda. Gli autobus si fermano sulla strada che collega le citt\u00e0 della penisola, 15 minuti a piedi in discesa al terminal dei traghetti.<\/p>\n\n\n\n<p><span style=\"text-decoration: underline;\"><b>Cosa pu\u00f2 trovare al terminal dei traghetti di Prapratno:<\/b><\/span><\/p>\n\n\n\n<p>Come gi\u00e0 accennato in precedenza, Prapratno \u00e8 una <strong>cittadina davvero piccola con un terminal traghetti davvero piccolo<\/strong>, quindi non ci sono molti servizi l\u00ec: la maggior parte si trova all&#8217;interno del campeggio e c&#8217;\u00e8 un ristorante e una <strong>cantina a poca distanza<\/strong>.<\/p>\n\n\n\n<p><span style=\"text-decoration: underline;\"><b>Indirizzo del terminal traghetti Prapratno:<\/b><\/span><\/p>\n\n\n\n<blockquote class=\"wp-block-quote\"><p>Broce<\/p><p>20230 Prapratno (Peljesac)<\/p><p><strong>COORDINATE GPS:<\/strong> 42.81156, 17.67861<\/p><\/blockquote>\n\n\n\n<div class=\"wp-block-image\"><figure class=\"aligncenter\"><img decoding=\"async\" loading=\"lazy\" width=\"800\" height=\"672\" data-src=\"https:\/\/ferrycroatia.com\/it\/wp-content\/uploads\/2021\/02\/Prapratno.jpg\" alt=\"\" class=\"wp-image-1596\" data-srcset=\"https:\/\/www.ferrycroatia.com\/it\/wp-content\/uploads\/2021\/02\/Prapratno.jpg 800w, https:\/\/www.ferrycroatia.com\/it\/wp-content\/uploads\/2021\/02\/Prapratno-300x252.jpg 300w, https:\/\/www.ferrycroatia.com\/it\/wp-content\/uploads\/2021\/02\/Prapratno-768x645.jpg 768w\" sizes=\"(max-width: 800px) 100vw, 800px\" \/><\/figure><\/div>\n\n\n\n<p><span class=\"VIiyi\" lang=\"it\"><span class=\"JLqJ4b ChMk0b\" data-language-for-alternatives=\"it\" data-language-to-translate-into=\"en\" data-phrase-index=\"0\">&nbsp;<\/span><\/span><\/p>\n\n\n\n<p><span style=\"text-decoration: underline;\"><b>Elenco dei percorsi:<\/b><\/span><\/p>\n\n\n\n<p>\u2192 Traghetto: Prapratno (Sabbioncello) &#8211; Sobra (Meleda)<\/p>\n\n\n\n<ul><li aria-level=\"1\"><a href=\"https:\/\/www.ferrycroatia.com\/it\/prapratno-sobra\/\">Prapratno &#8211; Sobra<\/a><\/li><\/ul>\n\n\n\n<p><\/p>\n","protected":false},"excerpt":{"rendered":"<p>Prapratno \u00e8 una piccola citt\u00e0 sulla penisola di Sabbioncello, situata in una bellissima baia. Poich\u00e9 Prapratno \u00e8 una cittadina molto piccola, il terminal dei traghetti non \u00e8 lontano dal centro del paese. Prapratno \u00e8 collegata da linee di traghetti con l&#8217;isola di Meleda. Raggiungere il terminal dei traghetti di Prapratno: Come gi\u00e0 accennato, Prapratno \u00e8 [&hellip;]<\/p>\n<p><a class=\"more-link\" href=\"https:\/\/www.ferrycroatia.com\/it\/porto-di-prapratno\/\"> Continue reading&#8230;<\/a><\/p>\n","protected":false},"author":5,"featured_media":0,"parent":0,"menu_order":0,"comment_status":"closed","ping_status":"closed","template":"","meta":[],"yoast_head":"<!-- This site is optimized with the Yoast SEO plugin v19.8 - https:\/\/yoast.com\/wordpress\/plugins\/seo\/ -->\n<title>Porto di Prapratno, partenze e arrivi di traghetti e battelli<\/title>\n<meta name=\"description\" content=\"Porto di Prapratno informazioni, posizione e servizi disponibili. Come arrivarci, e tutti i traghetti battelli che partono da e fino a Prapratno.\" \/>\n<meta name=\"robots\" content=\"index, follow, max-snippet:-1, max-image-preview:large, max-video-preview:-1\" \/>\n<link rel=\"canonical\" href=\"https:\/\/www.ferrycroatia.com\/it\/porto-di-prapratno\/\" \/>\n<meta property=\"og:locale\" content=\"en_US\" \/>\n<meta property=\"og:type\" content=\"article\" \/>\n<meta property=\"og:title\" content=\"Porto di Prapratno, partenze e arrivi di traghetti e battelli\" \/>\n<meta property=\"og:description\" content=\"Porto di Prapratno informazioni, posizione e servizi disponibili. Come arrivarci, e tutti i traghetti battelli che partono da e fino a Prapratno.\" \/>\n<meta property=\"og:url\" content=\"https:\/\/www.ferrycroatia.com\/it\/porto-di-prapratno\/\" \/>\n<meta property=\"og:site_name\" content=\"Traghetto Croazia\" \/>\n<meta property=\"article:modified_time\" content=\"2021-08-19T11:49:00+00:00\" \/>\n<meta property=\"og:image\" content=\"https:\/\/ferrycroatia.com\/it\/wp-content\/uploads\/2021\/02\/Prapratno.jpg\" \/>\n<meta name=\"twitter:card\" content=\"summary_large_image\" \/>\n<meta name=\"twitter:label1\" content=\"Est. reading time\" \/>\n\t<meta name=\"twitter:data1\" content=\"2 minutes\" \/>\n<script type=\"application\/ld+json\" class=\"yoast-schema-graph\">{\"@context\":\"https:\/\/schema.org\",\"@graph\":[{\"@type\":\"WebPage\",\"@id\":\"https:\/\/www.ferrycroatia.com\/it\/porto-di-prapratno\/\",\"url\":\"https:\/\/www.ferrycroatia.com\/it\/porto-di-prapratno\/\",\"name\":\"Porto di Prapratno, partenze e arrivi di traghetti e battelli\",\"isPartOf\":{\"@id\":\"https:\/\/www.ferrycroatia.com\/it\/#website\"},\"datePublished\":\"2021-02-04T15:20:47+00:00\",\"dateModified\":\"2021-08-19T11:49:00+00:00\",\"description\":\"Porto di Prapratno informazioni, posizione e servizi disponibili. Come arrivarci, e tutti i traghetti battelli che partono da e fino a Prapratno.\",\"breadcrumb\":{\"@id\":\"https:\/\/www.ferrycroatia.com\/it\/porto-di-prapratno\/#breadcrumb\"},\"inLanguage\":\"en-US\",\"potentialAction\":[{\"@type\":\"ReadAction\",\"target\":[\"https:\/\/www.ferrycroatia.com\/it\/porto-di-prapratno\/\"]}]},{\"@type\":\"BreadcrumbList\",\"@id\":\"https:\/\/www.ferrycroatia.com\/it\/porto-di-prapratno\/#breadcrumb\",\"itemListElement\":[{\"@type\":\"ListItem\",\"position\":1,\"name\":\"Home\",\"item\":\"https:\/\/www.ferrycroatia.com\/it\/\"},{\"@type\":\"ListItem\",\"position\":2,\"name\":\"Porto di Prapratno\"}]},{\"@type\":\"WebSite\",\"@id\":\"https:\/\/www.ferrycroatia.com\/it\/#website\",\"url\":\"https:\/\/www.ferrycroatia.com\/it\/\",\"name\":\"Traghetto Croazia\",\"description\":\"Info e orari per tutti i catamarani e traghetti in Croazia\",\"potentialAction\":[{\"@type\":\"SearchAction\",\"target\":{\"@type\":\"EntryPoint\",\"urlTemplate\":\"https:\/\/www.ferrycroatia.com\/it\/?s={search_term_string}\"},\"query-input\":\"required name=search_term_string\"}],\"inLanguage\":\"en-US\"}]}<\/script>\n<!-- \/ Yoast SEO plugin. -->","yoast_head_json":{"title":"Porto di Prapratno, partenze e arrivi di traghetti e battelli","description":"Porto di Prapratno informazioni, posizione e servizi disponibili. Come arrivarci, e tutti i traghetti battelli che partono da e fino a Prapratno.","robots":{"index":"index","follow":"follow","max-snippet":"max-snippet:-1","max-image-preview":"max-image-preview:large","max-video-preview":"max-video-preview:-1"},"canonical":"https:\/\/www.ferrycroatia.com\/it\/porto-di-prapratno\/","og_locale":"en_US","og_type":"article","og_title":"Porto di Prapratno, partenze e arrivi di traghetti e battelli","og_description":"Porto di Prapratno informazioni, posizione e servizi disponibili. Come arrivarci, e tutti i traghetti battelli che partono da e fino a Prapratno.","og_url":"https:\/\/www.ferrycroatia.com\/it\/porto-di-prapratno\/","og_site_name":"Traghetto Croazia","article_modified_time":"2021-08-19T11:49:00+00:00","og_image":[{"url":"https:\/\/ferrycroatia.com\/it\/wp-content\/uploads\/2021\/02\/Prapratno.jpg"}],"twitter_card":"summary_large_image","twitter_misc":{"Est. reading time":"2 minutes"},"schema":{"@context":"https:\/\/schema.org","@graph":[{"@type":"WebPage","@id":"https:\/\/www.ferrycroatia.com\/it\/porto-di-prapratno\/","url":"https:\/\/www.ferrycroatia.com\/it\/porto-di-prapratno\/","name":"Porto di Prapratno, partenze e arrivi di traghetti e battelli","isPartOf":{"@id":"https:\/\/www.ferrycroatia.com\/it\/#website"},"datePublished":"2021-02-04T15:20:47+00:00","dateModified":"2021-08-19T11:49:00+00:00","description":"Porto di Prapratno informazioni, posizione e servizi disponibili. Come arrivarci, e tutti i traghetti battelli che partono da e fino a Prapratno.","breadcrumb":{"@id":"https:\/\/www.ferrycroatia.com\/it\/porto-di-prapratno\/#breadcrumb"},"inLanguage":"en-US","potentialAction":[{"@type":"ReadAction","target":["https:\/\/www.ferrycroatia.com\/it\/porto-di-prapratno\/"]}]},{"@type":"BreadcrumbList","@id":"https:\/\/www.ferrycroatia.com\/it\/porto-di-prapratno\/#breadcrumb","itemListElement":[{"@type":"ListItem","position":1,"name":"Home","item":"https:\/\/www.ferrycroatia.com\/it\/"},{"@type":"ListItem","position":2,"name":"Porto di Prapratno"}]},{"@type":"WebSite","@id":"https:\/\/www.ferrycroatia.com\/it\/#website","url":"https:\/\/www.ferrycroatia.com\/it\/","name":"Traghetto Croazia","description":"Info e orari per tutti i catamarani e traghetti in Croazia","potentialAction":[{"@type":"SearchAction","target":{"@type":"EntryPoint","urlTemplate":"https:\/\/www.ferrycroatia.com\/it\/?s={search_term_string}"},"query-input":"required name=search_term_string"}],"inLanguage":"en-US"}]}},"_links":{"self":[{"href":"https:\/\/www.ferrycroatia.com\/it\/wp-json\/wp\/v2\/pages\/1595"}],"collection":[{"href":"https:\/\/www.ferrycroatia.com\/it\/wp-json\/wp\/v2\/pages"}],"about":[{"href":"https:\/\/www.ferrycroatia.com\/it\/wp-json\/wp\/v2\/types\/page"}],"author":[{"embeddable":true,"href":"https:\/\/www.ferrycroatia.com\/it\/wp-json\/wp\/v2\/users\/5"}],"replies":[{"embeddable":true,"href":"https:\/\/www.ferrycroatia.com\/it\/wp-json\/wp\/v2\/comments?post=1595"}],"version-history":[{"count":4,"href":"https:\/\/www.ferrycroatia.com\/it\/wp-json\/wp\/v2\/pages\/1595\/revisions"}],"predecessor-version":[{"id":3145,"href":"https:\/\/www.ferrycroatia.com\/it\/wp-json\/wp\/v2\/pages\/1595\/revisions\/3145"}],"wp:attachment":[{"href":"https:\/\/www.ferrycroatia.com\/it\/wp-json\/wp\/v2\/media?parent=1595"}],"curies":[{"name":"wp","href":"https:\/\/api.w.org\/{rel}","templated":true}]}}