{"id":1598,"date":"2021-02-05T07:17:59","date_gmt":"2021-02-05T07:17:59","guid":{"rendered":"https:\/\/ferrycroatia.com\/it\/?page_id=1598"},"modified":"2021-08-19T13:43:58","modified_gmt":"2021-08-19T11:43:58","slug":"porto-di-oltre","status":"publish","type":"page","link":"https:\/\/www.ferrycroatia.com\/it\/porto-di-oltre\/","title":{"rendered":"Porto di Preko"},"content":{"rendered":"\n<p>Preko \u00e8 una citt\u00e0 sull&#8217;<strong>isola di Ugliano<\/strong>, situata sul suo lato settentrionale e come dice il nome, di fronte a Zara. \u00c8 collegata alla terraferma con<strong> linee regolari di traghetti per Zara e Zara (Gazenica)<\/strong>. Il terminal dei traghetti si trova vicino dal centro del paese, alla fine di una passeggiata in riva al mare.<\/p>\n\n\n\n<p><span style=\"text-decoration: underline;\"><b>Arrivare da e per il terminal dei traghetti di Preko:<\/b><\/span><\/p>\n\n\n\n<p>Il tempo di viaggio tra Zara e Preko \u00e8 di circa 30 minuti. A<strong> Zara, il traghetto parte dal <a href=\"https:\/\/www.ferrycroatia.com\/it\/porto-di-zara\/\">terminal dei traghetti Gazenica<\/a><\/strong>. Se arriva a Zara in aereo, impiegher\u00e0 20 minuti per raggiungere il terminal dei traghetti con un taxi.<\/p>\n\n\n\n<p>Poich\u00e9 la citt\u00e0 di<strong> Preko \u00e8 una piccola citt\u00e0 insulare<\/strong>, non importa dove si trova il Suo alloggio, il terminal dei traghetti \u00e8 facilmente raggiungibile a piedi. L&#8217;alternativa, soprattutto se ha molti bagagli, \u00e8 prendere un taxi che non La dovrebbe costare molto, dato che si tratta di una breve distanza.<\/p>\n\n\n\n<p><span style=\"text-decoration: underline;\"><b>Cosa pu\u00f2 trovare sul terminal dei traghetti di Preko:<\/b><\/span><\/p>\n\n\n\n<p>Poich\u00e9 il terminal dei traghetti di Preko non \u00e8 lontano dal centro e dal lungomare, pu\u00f2 trovare diversi servizi nelle vicinanze: ristoranti, bar, negozi, banche, ecc.<\/p>\n\n\n\n<p><span style=\"text-decoration: underline;\"><b>Indirizzo del terminal dei traghetti di Preko:<\/b><\/span><\/p>\n\n\n\n<ul><li aria-level=\"1\">Longitudine: 15.194499<\/li><li aria-level=\"1\">Latitudine: 44,076429<\/li><li aria-level=\"1\">Bili\u0161\u0107e 18<\/li><li aria-level=\"1\">23273 Preko (Ugljan)<\/li><\/ul>\n\n\n\n<div class=\"wp-block-image\"><figure class=\"aligncenter\"><img decoding=\"async\" loading=\"lazy\" width=\"1024\" height=\"672\" data-src=\"https:\/\/ferrycroatia.com\/it\/wp-content\/uploads\/2021\/02\/Preko-ferry-terminal.jpg\" alt=\"\" class=\"wp-image-1599\" data-srcset=\"https:\/\/www.ferrycroatia.com\/it\/wp-content\/uploads\/2021\/02\/Preko-ferry-terminal.jpg 1024w, https:\/\/www.ferrycroatia.com\/it\/wp-content\/uploads\/2021\/02\/Preko-ferry-terminal-300x197.jpg 300w, https:\/\/www.ferrycroatia.com\/it\/wp-content\/uploads\/2021\/02\/Preko-ferry-terminal-768x504.jpg 768w\" sizes=\"(max-width: 1024px) 100vw, 1024px\" \/><\/figure><\/div>\n\n\n\n<p><span style=\"text-decoration: underline;\"><b>Elenco delle rotte dei traghetti da Preko:<\/b><\/span><\/p>\n\n\n\n<p>\u2192 Traghetto: Zara (Gazenica) &#8211; Preko (Ugliano)<\/p>\n\n\n\n<ul><li aria-level=\"1\"><a href=\"https:\/\/www.ferrycroatia.com\/it\/oltre-zara\/\">Preko &#8211; Zara<\/a><\/li><\/ul>\n\n\n\n<p>\u2192 Nave: Zara &#8211; Preko (Ugliano)<\/p>\n","protected":false},"excerpt":{"rendered":"<p>Preko \u00e8 una citt\u00e0 sull&#8217;isola di Ugliano, situata sul suo lato settentrionale e come dice il nome, di fronte a Zara. \u00c8 collegata alla terraferma con linee regolari di traghetti per Zara e Zara (Gazenica). Il terminal dei traghetti si trova vicino dal centro del paese, alla fine di una passeggiata in riva al mare. [&hellip;]<\/p>\n<p><a class=\"more-link\" href=\"https:\/\/www.ferrycroatia.com\/it\/porto-di-oltre\/\"> Continue reading&#8230;<\/a><\/p>\n","protected":false},"author":5,"featured_media":0,"parent":0,"menu_order":0,"comment_status":"closed","ping_status":"closed","template":"","meta":[],"yoast_head":"<!-- This site is optimized with the Yoast SEO plugin v19.8 - https:\/\/yoast.com\/wordpress\/plugins\/seo\/ -->\n<title>Porto di Preko, partenze e arrivi di traghetti e battelli<\/title>\n<meta name=\"description\" content=\"Porto di Preko informazioni, posizione e servizi disponibili. Come arrivarci, e tutti i traghetti battelli che partono da e fino a Ugljan.\" \/>\n<meta name=\"robots\" content=\"index, follow, max-snippet:-1, max-image-preview:large, max-video-preview:-1\" \/>\n<link rel=\"canonical\" href=\"https:\/\/www.ferrycroatia.com\/it\/porto-di-oltre\/\" \/>\n<meta property=\"og:locale\" content=\"en_US\" \/>\n<meta property=\"og:type\" content=\"article\" \/>\n<meta property=\"og:title\" content=\"Porto di Preko, partenze e arrivi di traghetti e battelli\" \/>\n<meta property=\"og:description\" content=\"Porto di Preko informazioni, posizione e servizi disponibili. Come arrivarci, e tutti i traghetti battelli che partono da e fino a Ugljan.\" \/>\n<meta property=\"og:url\" content=\"https:\/\/www.ferrycroatia.com\/it\/porto-di-oltre\/\" \/>\n<meta property=\"og:site_name\" content=\"Traghetto Croazia\" \/>\n<meta property=\"article:modified_time\" content=\"2021-08-19T11:43:58+00:00\" \/>\n<meta property=\"og:image\" content=\"https:\/\/ferrycroatia.com\/it\/wp-content\/uploads\/2021\/02\/Preko-ferry-terminal.jpg\" \/>\n<meta name=\"twitter:card\" content=\"summary_large_image\" \/>\n<meta name=\"twitter:label1\" content=\"Est. reading time\" \/>\n\t<meta name=\"twitter:data1\" content=\"2 minutes\" \/>\n<script type=\"application\/ld+json\" class=\"yoast-schema-graph\">{\"@context\":\"https:\/\/schema.org\",\"@graph\":[{\"@type\":\"WebPage\",\"@id\":\"https:\/\/www.ferrycroatia.com\/it\/porto-di-oltre\/\",\"url\":\"https:\/\/www.ferrycroatia.com\/it\/porto-di-oltre\/\",\"name\":\"Porto di Preko, partenze e arrivi di traghetti e battelli\",\"isPartOf\":{\"@id\":\"https:\/\/www.ferrycroatia.com\/it\/#website\"},\"datePublished\":\"2021-02-05T07:17:59+00:00\",\"dateModified\":\"2021-08-19T11:43:58+00:00\",\"description\":\"Porto di Preko informazioni, posizione e servizi disponibili. Come arrivarci, e tutti i traghetti battelli che partono da e fino a Ugljan.\",\"breadcrumb\":{\"@id\":\"https:\/\/www.ferrycroatia.com\/it\/porto-di-oltre\/#breadcrumb\"},\"inLanguage\":\"en-US\",\"potentialAction\":[{\"@type\":\"ReadAction\",\"target\":[\"https:\/\/www.ferrycroatia.com\/it\/porto-di-oltre\/\"]}]},{\"@type\":\"BreadcrumbList\",\"@id\":\"https:\/\/www.ferrycroatia.com\/it\/porto-di-oltre\/#breadcrumb\",\"itemListElement\":[{\"@type\":\"ListItem\",\"position\":1,\"name\":\"Home\",\"item\":\"https:\/\/www.ferrycroatia.com\/it\/\"},{\"@type\":\"ListItem\",\"position\":2,\"name\":\"Porto di Preko\"}]},{\"@type\":\"WebSite\",\"@id\":\"https:\/\/www.ferrycroatia.com\/it\/#website\",\"url\":\"https:\/\/www.ferrycroatia.com\/it\/\",\"name\":\"Traghetto Croazia\",\"description\":\"Info e orari per tutti i catamarani e traghetti in Croazia\",\"potentialAction\":[{\"@type\":\"SearchAction\",\"target\":{\"@type\":\"EntryPoint\",\"urlTemplate\":\"https:\/\/www.ferrycroatia.com\/it\/?s={search_term_string}\"},\"query-input\":\"required name=search_term_string\"}],\"inLanguage\":\"en-US\"}]}<\/script>\n<!-- \/ Yoast SEO plugin. -->","yoast_head_json":{"title":"Porto di Preko, partenze e arrivi di traghetti e battelli","description":"Porto di Preko informazioni, posizione e servizi disponibili. Come arrivarci, e tutti i traghetti battelli che partono da e fino a Ugljan.","robots":{"index":"index","follow":"follow","max-snippet":"max-snippet:-1","max-image-preview":"max-image-preview:large","max-video-preview":"max-video-preview:-1"},"canonical":"https:\/\/www.ferrycroatia.com\/it\/porto-di-oltre\/","og_locale":"en_US","og_type":"article","og_title":"Porto di Preko, partenze e arrivi di traghetti e battelli","og_description":"Porto di Preko informazioni, posizione e servizi disponibili. Come arrivarci, e tutti i traghetti battelli che partono da e fino a Ugljan.","og_url":"https:\/\/www.ferrycroatia.com\/it\/porto-di-oltre\/","og_site_name":"Traghetto Croazia","article_modified_time":"2021-08-19T11:43:58+00:00","og_image":[{"url":"https:\/\/ferrycroatia.com\/it\/wp-content\/uploads\/2021\/02\/Preko-ferry-terminal.jpg"}],"twitter_card":"summary_large_image","twitter_misc":{"Est. reading time":"2 minutes"},"schema":{"@context":"https:\/\/schema.org","@graph":[{"@type":"WebPage","@id":"https:\/\/www.ferrycroatia.com\/it\/porto-di-oltre\/","url":"https:\/\/www.ferrycroatia.com\/it\/porto-di-oltre\/","name":"Porto di Preko, partenze e arrivi di traghetti e battelli","isPartOf":{"@id":"https:\/\/www.ferrycroatia.com\/it\/#website"},"datePublished":"2021-02-05T07:17:59+00:00","dateModified":"2021-08-19T11:43:58+00:00","description":"Porto di Preko informazioni, posizione e servizi disponibili. Come arrivarci, e tutti i traghetti battelli che partono da e fino a Ugljan.","breadcrumb":{"@id":"https:\/\/www.ferrycroatia.com\/it\/porto-di-oltre\/#breadcrumb"},"inLanguage":"en-US","potentialAction":[{"@type":"ReadAction","target":["https:\/\/www.ferrycroatia.com\/it\/porto-di-oltre\/"]}]},{"@type":"BreadcrumbList","@id":"https:\/\/www.ferrycroatia.com\/it\/porto-di-oltre\/#breadcrumb","itemListElement":[{"@type":"ListItem","position":1,"name":"Home","item":"https:\/\/www.ferrycroatia.com\/it\/"},{"@type":"ListItem","position":2,"name":"Porto di Preko"}]},{"@type":"WebSite","@id":"https:\/\/www.ferrycroatia.com\/it\/#website","url":"https:\/\/www.ferrycroatia.com\/it\/","name":"Traghetto Croazia","description":"Info e orari per tutti i catamarani e traghetti in Croazia","potentialAction":[{"@type":"SearchAction","target":{"@type":"EntryPoint","urlTemplate":"https:\/\/www.ferrycroatia.com\/it\/?s={search_term_string}"},"query-input":"required name=search_term_string"}],"inLanguage":"en-US"}]}},"_links":{"self":[{"href":"https:\/\/www.ferrycroatia.com\/it\/wp-json\/wp\/v2\/pages\/1598"}],"collection":[{"href":"https:\/\/www.ferrycroatia.com\/it\/wp-json\/wp\/v2\/pages"}],"about":[{"href":"https:\/\/www.ferrycroatia.com\/it\/wp-json\/wp\/v2\/types\/page"}],"author":[{"embeddable":true,"href":"https:\/\/www.ferrycroatia.com\/it\/wp-json\/wp\/v2\/users\/5"}],"replies":[{"embeddable":true,"href":"https:\/\/www.ferrycroatia.com\/it\/wp-json\/wp\/v2\/comments?post=1598"}],"version-history":[{"count":4,"href":"https:\/\/www.ferrycroatia.com\/it\/wp-json\/wp\/v2\/pages\/1598\/revisions"}],"predecessor-version":[{"id":3137,"href":"https:\/\/www.ferrycroatia.com\/it\/wp-json\/wp\/v2\/pages\/1598\/revisions\/3137"}],"wp:attachment":[{"href":"https:\/\/www.ferrycroatia.com\/it\/wp-json\/wp\/v2\/media?parent=1598"}],"curies":[{"name":"wp","href":"https:\/\/api.w.org\/{rel}","templated":true}]}}