{"id":1604,"date":"2021-02-05T07:50:23","date_gmt":"2021-02-05T07:50:23","guid":{"rendered":"https:\/\/ferrycroatia.com\/it\/?page_id=1604"},"modified":"2021-08-19T13:50:20","modified_gmt":"2021-08-19T11:50:20","slug":"porto-di-prizna","status":"publish","type":"page","link":"https:\/\/www.ferrycroatia.com\/it\/porto-di-prizna\/","title":{"rendered":"Porto di Prizna"},"content":{"rendered":"\n<p>Prizna \u00e8 un <strong>villaggio portuale direttamente collegato all&#8217;isola di Pago<\/strong>. Il villaggio si trova tra Karlobag e Senj, sulla strada costiera che collega<strong> le citt\u00e0 e i villaggi della costa adriatica<\/strong>. Il centro del paese dista circa 350 m dal<strong> terminal dei traghetti e la stazione degli autobus<\/strong> si trova sulla strada principale a circa 2,5 km dal terminal dei traghetti. Se si trova l\u00ec, molto probabilmente vorrebbe prendere un traghetto per l&#8217;isola di Pago e non vorrebbe restare l\u00ec.<\/p>\n\n\n\n<p><span style=\"text-decoration: underline;\"><b>Arrivare da e per il terminal dei traghetti di Prizna:<\/b><\/span><\/p>\n\n\n\n<p>Il terminal dei traghetti di Prizna si trova ai piedi di una ripida collina; questo significa che arrivarci a piedi \u00e8 davvero una seccatura, eccetto che alloggia nella &#8220;localit\u00e0 di villeggiatura&#8221; di Prizna situata nelle vicinanze. Da qualsiasi altro luogo avr\u00e0 bisogno di un veicolo per raggiungere il porto.<\/p>\n\n\n\n<p><span style=\"text-decoration: underline;\"><b>Collegamenti dall&#8217;Aeroporto di Zara \/ Fiume al terminal dei traghetti di Prizna:<\/b><\/span><\/p>\n\n\n\n<p>Prizna si trova a circa met\u00e0 strada tra gli <strong>Aeroporti di Zara<\/strong> (circa 90 km \/ circa 10 km da Zara) e<strong> Fiume<\/strong> (circa 105 km \/ 26 km da Fiume). Una volta atterrato all&#8217;aeroporto di Zara o Fiume, pu\u00f2 prendere un trasferimento noleggiato in anticipo (<strong>o prenda un taxi anche direttamente al terminal dei traghetti di Prizna<\/strong>).<\/p>\n\n\n\n<p><strong>Ci sono anche bus navetta<\/strong> che partono sia dall&#8217;<a href=\"https:\/\/getbybus.com\/it\/blog\/autobus-aeroporto-di-zara\/\">Aeroporto di Zara<\/a> che dall&#8217;<a href=\"https:\/\/getbybus.com\/it\/blog\/autobus-bus-aeroporto-di-fiume\/\">Aeroporto di Fiume<\/a>, che La portano alla stazione principale degli autobus, da dove partono autobus per tutta la Croazia. Il biglietto dall&#8217;Aeroporto di Zara al centro di Zara \u00e8 di circa 25 kune = 3 euro e il biglietto dall&#8217;Aeroporto di Fiume alla citt\u00e0 di Fiume \u00e8 di <strong>circa 50 kune = 7 euro<\/strong>.<\/p>\n\n\n\n<p><span style=\"text-decoration: underline;\"><b>Arrivare da altre destinazioni in Croazia e in Europa al terminal dei traghetti di Prizna:<\/b><\/span><\/p>\n\n\n\n<p>Ci sono alcune linee di autobus per Prizna da alcune delle <strong>principali destinazioni croate<\/strong>. Come gi\u00e0 accennato in precedenza, la stazione principale degli autobus di Prizna si trova sulla <strong>strada principale a circa 2,5 km<\/strong> dal terminal dei traghetti. Sono <strong>circa 20 minuti a piedi<\/strong> in discesa fino al terminal dei traghetti. Per la posizione esatta, faccia clic <a href=\"https:\/\/getbybus.com\/it\/bus-da-prizna\">qui<\/a>.<\/p>\n\n\n\n<p>Se viaggia in auto<strong> prendendo l&#8217;autostrada o la strada costiera<\/strong>, da sud o da nord, una volta entrato nel paese di Prizna <strong>dalla strada costiera principale<\/strong>, segua le indicazioni per il terminal dei traghetti (c&#8217;\u00e8 la possibilit\u00e0 di un ingorgo, soprattutto d&#8217;estate, perch\u00e9 la maggior parte delle <strong>auto che scendono vogliono salire a bordo di un traghetto<\/strong>, quindi \u00e8 meglio venire un po&#8217; prima). \u00c8 abbastanza ben segnalato, situato a <strong>circa 350 m dal centro del paese<\/strong>.<\/p>\n\n\n\n<p><span style=\"text-decoration: underline;\"><b>Cosa pu\u00f2 trovare al terminal dei traghetti di Prizna:<\/b><\/span><\/p>\n\n\n\n<p>Come gi\u00e0 accennato in precedenza, Prizna \u00e8 <strong>un piccolo villaggio e il suo centro &#8220;de facto&#8221;<\/strong> \u00e8 a circa 350 m dal terminal dei traghetti. Al terminal dei traghetti <strong>non ci sono molti servizi<\/strong>, ma per i negozi, <strong>un ristorante o un bar<\/strong>, pu\u00f2 andare al centro del villaggio.<\/p>\n\n\n\n<p><span style=\"text-decoration: underline;\"><b>Indirizzo del terminal dei traghetti Prizna:<\/b><\/span><\/p>\n\n\n\n<blockquote class=\"wp-block-quote\"><p>D406<\/p><p>53287 Prizna<\/p><p><strong>Coordinate GPS:<\/strong> 44.60192, 14.97015<\/p><\/blockquote>\n\n\n\n<div class=\"wp-block-image\"><figure class=\"aligncenter\"><img decoding=\"async\" loading=\"lazy\" width=\"800\" height=\"451\" data-src=\"https:\/\/ferrycroatia.com\/it\/wp-content\/uploads\/2021\/02\/Prizna.jpg\" alt=\"\" class=\"wp-image-1606\" data-srcset=\"https:\/\/www.ferrycroatia.com\/it\/wp-content\/uploads\/2021\/02\/Prizna.jpg 800w, https:\/\/www.ferrycroatia.com\/it\/wp-content\/uploads\/2021\/02\/Prizna-300x169.jpg 300w, https:\/\/www.ferrycroatia.com\/it\/wp-content\/uploads\/2021\/02\/Prizna-768x433.jpg 768w\" sizes=\"(max-width: 800px) 100vw, 800px\" \/><\/figure><\/div>\n\n\n\n<p><span style=\"text-decoration: underline;\"><b>Elenco dei percorsi:<\/b><\/span><\/p>\n\n\n\n<p>\u2192 Traghetto: Prizna &#8211; Zigljen (Pago)<\/p>\n\n\n\n<ul><li><a href=\"https:\/\/www.ferrycroatia.com\/it\/prizna-zigljen\/\">Prizna &#8211; Zigljen<\/a><\/li><\/ul>\n","protected":false},"excerpt":{"rendered":"<p>Prizna \u00e8 un villaggio portuale direttamente collegato all&#8217;isola di Pago. Il villaggio si trova tra Karlobag e Senj, sulla strada costiera che collega le citt\u00e0 e i villaggi della costa adriatica. Il centro del paese dista circa 350 m dal terminal dei traghetti e la stazione degli autobus si trova sulla strada principale a circa [&hellip;]<\/p>\n<p><a class=\"more-link\" href=\"https:\/\/www.ferrycroatia.com\/it\/porto-di-prizna\/\"> Continue reading&#8230;<\/a><\/p>\n","protected":false},"author":5,"featured_media":1607,"parent":0,"menu_order":0,"comment_status":"closed","ping_status":"closed","template":"","meta":[],"yoast_head":"<!-- This site is optimized with the Yoast SEO plugin v19.8 - https:\/\/yoast.com\/wordpress\/plugins\/seo\/ -->\n<title>Porto di Prizna, partenze e arrivi di traghetti e battelli<\/title>\n<meta name=\"description\" content=\"Porto di Prizna informazioni, posizione e servizi disponibili. Come arrivarci, e tutti i traghetti battelli che partono da e fino a Prizna.\" \/>\n<meta name=\"robots\" content=\"index, follow, max-snippet:-1, max-image-preview:large, max-video-preview:-1\" \/>\n<link rel=\"canonical\" href=\"https:\/\/www.ferrycroatia.com\/it\/porto-di-prizna\/\" \/>\n<meta property=\"og:locale\" content=\"en_US\" \/>\n<meta property=\"og:type\" content=\"article\" \/>\n<meta property=\"og:title\" content=\"Porto di Prizna, partenze e arrivi di traghetti e battelli\" \/>\n<meta property=\"og:description\" content=\"Porto di Prizna informazioni, posizione e servizi disponibili. Come arrivarci, e tutti i traghetti battelli che partono da e fino a Prizna.\" \/>\n<meta property=\"og:url\" content=\"https:\/\/www.ferrycroatia.com\/it\/porto-di-prizna\/\" \/>\n<meta property=\"og:site_name\" content=\"Traghetto Croazia\" \/>\n<meta property=\"article:modified_time\" content=\"2021-08-19T11:50:20+00:00\" \/>\n<meta property=\"og:image\" content=\"https:\/\/www.ferrycroatia.com\/it\/wp-content\/uploads\/2021\/02\/Prizna-ferry-terminal.jpg\" \/>\n\t<meta property=\"og:image:width\" content=\"1024\" \/>\n\t<meta property=\"og:image:height\" content=\"576\" \/>\n\t<meta property=\"og:image:type\" content=\"image\/jpeg\" \/>\n<meta name=\"twitter:card\" content=\"summary_large_image\" \/>\n<meta name=\"twitter:label1\" content=\"Est. reading time\" \/>\n\t<meta name=\"twitter:data1\" content=\"3 minutes\" \/>\n<script type=\"application\/ld+json\" class=\"yoast-schema-graph\">{\"@context\":\"https:\/\/schema.org\",\"@graph\":[{\"@type\":\"WebPage\",\"@id\":\"https:\/\/www.ferrycroatia.com\/it\/porto-di-prizna\/\",\"url\":\"https:\/\/www.ferrycroatia.com\/it\/porto-di-prizna\/\",\"name\":\"Porto di Prizna, partenze e arrivi di traghetti e battelli\",\"isPartOf\":{\"@id\":\"https:\/\/www.ferrycroatia.com\/it\/#website\"},\"datePublished\":\"2021-02-05T07:50:23+00:00\",\"dateModified\":\"2021-08-19T11:50:20+00:00\",\"description\":\"Porto di Prizna informazioni, posizione e servizi disponibili. Come arrivarci, e tutti i traghetti battelli che partono da e fino a Prizna.\",\"breadcrumb\":{\"@id\":\"https:\/\/www.ferrycroatia.com\/it\/porto-di-prizna\/#breadcrumb\"},\"inLanguage\":\"en-US\",\"potentialAction\":[{\"@type\":\"ReadAction\",\"target\":[\"https:\/\/www.ferrycroatia.com\/it\/porto-di-prizna\/\"]}]},{\"@type\":\"BreadcrumbList\",\"@id\":\"https:\/\/www.ferrycroatia.com\/it\/porto-di-prizna\/#breadcrumb\",\"itemListElement\":[{\"@type\":\"ListItem\",\"position\":1,\"name\":\"Home\",\"item\":\"https:\/\/www.ferrycroatia.com\/it\/\"},{\"@type\":\"ListItem\",\"position\":2,\"name\":\"Porto di Prizna\"}]},{\"@type\":\"WebSite\",\"@id\":\"https:\/\/www.ferrycroatia.com\/it\/#website\",\"url\":\"https:\/\/www.ferrycroatia.com\/it\/\",\"name\":\"Traghetto Croazia\",\"description\":\"Info e orari per tutti i catamarani e traghetti in Croazia\",\"potentialAction\":[{\"@type\":\"SearchAction\",\"target\":{\"@type\":\"EntryPoint\",\"urlTemplate\":\"https:\/\/www.ferrycroatia.com\/it\/?s={search_term_string}\"},\"query-input\":\"required name=search_term_string\"}],\"inLanguage\":\"en-US\"}]}<\/script>\n<!-- \/ Yoast SEO plugin. -->","yoast_head_json":{"title":"Porto di Prizna, partenze e arrivi di traghetti e battelli","description":"Porto di Prizna informazioni, posizione e servizi disponibili. Come arrivarci, e tutti i traghetti battelli che partono da e fino a Prizna.","robots":{"index":"index","follow":"follow","max-snippet":"max-snippet:-1","max-image-preview":"max-image-preview:large","max-video-preview":"max-video-preview:-1"},"canonical":"https:\/\/www.ferrycroatia.com\/it\/porto-di-prizna\/","og_locale":"en_US","og_type":"article","og_title":"Porto di Prizna, partenze e arrivi di traghetti e battelli","og_description":"Porto di Prizna informazioni, posizione e servizi disponibili. Come arrivarci, e tutti i traghetti battelli che partono da e fino a Prizna.","og_url":"https:\/\/www.ferrycroatia.com\/it\/porto-di-prizna\/","og_site_name":"Traghetto Croazia","article_modified_time":"2021-08-19T11:50:20+00:00","og_image":[{"width":1024,"height":576,"url":"https:\/\/www.ferrycroatia.com\/it\/wp-content\/uploads\/2021\/02\/Prizna-ferry-terminal.jpg","type":"image\/jpeg"}],"twitter_card":"summary_large_image","twitter_misc":{"Est. reading time":"3 minutes"},"schema":{"@context":"https:\/\/schema.org","@graph":[{"@type":"WebPage","@id":"https:\/\/www.ferrycroatia.com\/it\/porto-di-prizna\/","url":"https:\/\/www.ferrycroatia.com\/it\/porto-di-prizna\/","name":"Porto di Prizna, partenze e arrivi di traghetti e battelli","isPartOf":{"@id":"https:\/\/www.ferrycroatia.com\/it\/#website"},"datePublished":"2021-02-05T07:50:23+00:00","dateModified":"2021-08-19T11:50:20+00:00","description":"Porto di Prizna informazioni, posizione e servizi disponibili. Come arrivarci, e tutti i traghetti battelli che partono da e fino a Prizna.","breadcrumb":{"@id":"https:\/\/www.ferrycroatia.com\/it\/porto-di-prizna\/#breadcrumb"},"inLanguage":"en-US","potentialAction":[{"@type":"ReadAction","target":["https:\/\/www.ferrycroatia.com\/it\/porto-di-prizna\/"]}]},{"@type":"BreadcrumbList","@id":"https:\/\/www.ferrycroatia.com\/it\/porto-di-prizna\/#breadcrumb","itemListElement":[{"@type":"ListItem","position":1,"name":"Home","item":"https:\/\/www.ferrycroatia.com\/it\/"},{"@type":"ListItem","position":2,"name":"Porto di Prizna"}]},{"@type":"WebSite","@id":"https:\/\/www.ferrycroatia.com\/it\/#website","url":"https:\/\/www.ferrycroatia.com\/it\/","name":"Traghetto Croazia","description":"Info e orari per tutti i catamarani e traghetti in Croazia","potentialAction":[{"@type":"SearchAction","target":{"@type":"EntryPoint","urlTemplate":"https:\/\/www.ferrycroatia.com\/it\/?s={search_term_string}"},"query-input":"required name=search_term_string"}],"inLanguage":"en-US"}]}},"_links":{"self":[{"href":"https:\/\/www.ferrycroatia.com\/it\/wp-json\/wp\/v2\/pages\/1604"}],"collection":[{"href":"https:\/\/www.ferrycroatia.com\/it\/wp-json\/wp\/v2\/pages"}],"about":[{"href":"https:\/\/www.ferrycroatia.com\/it\/wp-json\/wp\/v2\/types\/page"}],"author":[{"embeddable":true,"href":"https:\/\/www.ferrycroatia.com\/it\/wp-json\/wp\/v2\/users\/5"}],"replies":[{"embeddable":true,"href":"https:\/\/www.ferrycroatia.com\/it\/wp-json\/wp\/v2\/comments?post=1604"}],"version-history":[{"count":5,"href":"https:\/\/www.ferrycroatia.com\/it\/wp-json\/wp\/v2\/pages\/1604\/revisions"}],"predecessor-version":[{"id":3147,"href":"https:\/\/www.ferrycroatia.com\/it\/wp-json\/wp\/v2\/pages\/1604\/revisions\/3147"}],"wp:featuredmedia":[{"embeddable":true,"href":"https:\/\/www.ferrycroatia.com\/it\/wp-json\/wp\/v2\/media\/1607"}],"wp:attachment":[{"href":"https:\/\/www.ferrycroatia.com\/it\/wp-json\/wp\/v2\/media?parent=1604"}],"curies":[{"name":"wp","href":"https:\/\/api.w.org\/{rel}","templated":true}]}}