{"id":1616,"date":"2021-02-05T08:43:31","date_gmt":"2021-02-05T08:43:31","guid":{"rendered":"https:\/\/ferrycroatia.com\/it\/?page_id=1616"},"modified":"2021-08-19T13:46:31","modified_gmt":"2021-08-19T11:46:31","slug":"porto-di-pola","status":"publish","type":"page","link":"https:\/\/www.ferrycroatia.com\/it\/porto-di-pola\/","title":{"rendered":"Porto di Pula"},"content":{"rendered":"\n<p>Pola \u00e8 una famosa citt\u00e0 storica sul lato sud-ovest della penisola istriana. <strong>Tutti i catamarani a Pula partono dal molo situato in pieno centro<\/strong>, vicino alla maggior parte dei siti storici. \u00c8 collegato da <strong>linee regolari di catamarani a Venezia in Italia e Pirano in Slovenia*<\/strong>, proprio come con Zara e le isole Unie, Selve, Lussino e Asinello (Ilovik).<\/p>\n\n\n\n<p><span style=\"text-decoration: underline;\"><strong>Arrivare da e a porto di Pola:<\/strong><\/span><\/p>\n\n\n\n<p>Se alloggiate nel centro di Pola, cos\u00ec vicino alla maggior parte dei siti storici, <strong>non c\u2019\u00e8 bisogno per un trasporto se volete raggiungere il porto dei catamarani<\/strong>, poich\u00e9 tutto si trova proprio nel centro. Se avete molti bagagli, potete anche prendere un taxi che non coster\u00e0 molto dato che \u00e8 a breve distanza.<\/p>\n\n\n\n<p>Gli <strong>autobus pubblici non si fermano proprio al porto<\/strong> ma passano tutti per il centro del paese, distante circa 500 m.<\/p>\n\n\n\n<p>Se alloggiate in <strong>zone turistiche della citt\u00e0 come Verudela o Lungo Mare<\/strong>, ci sono autobus locali regolari che li collegano con il centro di Pola. L&#8217;autobus per Verudela \u00e8 l&#8217;autobus numero 2a e l&#8217;autobus per Lungo Mare \u00e8 l&#8217;autobus numero 1. Il biglietto costa circa 7 hrk = 1 euro (un po\u2019 di pi\u00f9 se acquistato direttamente in autobus.). L&#8217;altra opzione proveniente da queste due parti della citt\u00e0 \u00e8 prendere un taxi.<\/p>\n\n\n\n<p><strong>Se<\/strong> <strong>alloggiate a Medulin,<\/strong> per raggiungere Pola potete prendere l&#8217;autobus numero 25. Il biglietto costa circa 11 hrk= 1,5 euro e un po\u2019 di pi\u00f9 se acquistato direttamente in autobus<\/p>\n\n\n\n<p>Infine, <strong>se alloggiate a Fasana<\/strong>, l&#8217;autobus che dovete prendere \u00e8 l&#8217;autobus 21 e il prezzo del biglietto \u00e8 lo stesso come il biglietto da Medulin.<\/p>\n\n\n\n<p>La <a href=\"https:\/\/getbybus.com\/it\/bus-da-pola\">stazione principale degli autobus di Pola<\/a> dove partono <strong>gli autobus da altre citt\u00e0 istriane e dal resto della Croazia<\/strong> si trova a circa 600 m dal punto di partenza del catamarano.<\/p>\n\n\n\n<p><span style=\"text-decoration: underline;\"><strong>Dall&#8217;Aeroporto di Pola al porto dei catamarani:<\/strong><\/span><\/p>\n\n\n\n<p>L&#8217;Aeroporto di Pola si trova a circa 9 km dal porto dei catamarani. Una volta atterrati, <strong>potete prendere il bus navetta per arrivare alla stazione principale degli autobus di Pola<\/strong> e da l\u00ec andare a piedi per arrivare al porto che dista circa 600 m. Se avete molti bagagli, potete anche prendere un taxi che non coster\u00e0 molto dato che \u00e8 a breve distanza. L&#8217;altro modo per scendere dall&#8217;aeroporto \u00e8<strong><a href=\"https:\/\/getbytransfer.com\/it\/pola-aeroporto-pola\"> prendere un trasferimento prenotato in anticipo<\/a><\/strong> o un taxi direttamente al porto.<\/p>\n\n\n\n<p>Se volete saperne di pi\u00f9 sull&#8217;aeroporto di Pola, controllate <a href=\"https:\/\/getbybus.com\/it\/blog\/aeroporto-bus-pola\/\">qui<\/a>:<\/p>\n\n\n\n<p><span style=\"text-decoration: underline;\"><strong>Cosa potete trovare al porto dei traghetti di Pola:<\/strong><\/span><\/p>\n\n\n\n<p>Siccome il terminal dei catamarani \u00e8 molto vicino al centro della citt\u00e0 ci sono molti servizi situati al terminal dei catamarani come ad es. una biglietteria, bar, ristoranti, negozi ecc.<\/p>\n\n\n\n<p><span style=\"text-decoration: underline;\"><strong>Indirizzo del porto dei catamarani Pola:<\/strong><\/span><\/p>\n\n\n\n<ul><li>Longitudine: 13.847119<\/li><li>Latitudine: 44,874889<\/li><li>Ulica Svetog Petra<\/li><li>52100 Pula<\/li><\/ul>\n\n\n\n<div class=\"wp-block-image\"><figure class=\"aligncenter\"><img decoding=\"async\" loading=\"lazy\" width=\"1024\" height=\"768\" data-src=\"https:\/\/ferrycroatia.com\/it\/wp-content\/uploads\/2021\/02\/Catamaran-port-pula.jpg\" alt=\"\" class=\"wp-image-1619\" data-srcset=\"https:\/\/www.ferrycroatia.com\/it\/wp-content\/uploads\/2021\/02\/Catamaran-port-pula.jpg 1024w, https:\/\/www.ferrycroatia.com\/it\/wp-content\/uploads\/2021\/02\/Catamaran-port-pula-300x225.jpg 300w, https:\/\/www.ferrycroatia.com\/it\/wp-content\/uploads\/2021\/02\/Catamaran-port-pula-768x576.jpg 768w\" sizes=\"(max-width: 1024px) 100vw, 1024px\" \/><\/figure><\/div>\n\n\n\n<p><span style=\"text-decoration: underline;\"><strong>Elenco delle tratte da Pola:<\/strong><\/span><\/p>\n\n\n\n<p>Venezia (IT) &#8211; Umago &#8211; Parenzo &#8211; Rovigno &#8211; Pola<\/p>\n\n\n\n<ul><li><a href=\"https:\/\/www.ferrycroatia.com\/it\/pola-venezia\/\">Pula &#8211; Venezia<\/a><\/li><\/ul>\n\n\n\n<p>Catamarano: Zara &#8211; Selve &#8211; Asinello &#8211; Lussinpiccolo &#8211; Unie &#8211; Pola<\/p>\n\n\n\n<ul><li><a href=\"https:\/\/www.ferrycroatia.com\/it\/pola-zara\/\">Pola &#8211; Zara<\/a><\/li><li><a href=\"https:\/\/www.ferrycroatia.com\/it\/pola-unie\/\">Pola &#8211; Unie<\/a><\/li><li><a href=\"https:\/\/www.ferrycroatia.com\/it\/pola-lussinpiccolo\/\">Pola &#8211; Lussinpiccolo<\/a><\/li><li><a href=\"https:\/\/www.ferrycroatia.com\/it\/pola-asinello\/\">Pola &#8211; Asinello<\/a><\/li><li><a href=\"https:\/\/www.ferrycroatia.com\/it\/pola-selve\/\">Pola &#8211; Selve<\/a><\/li><\/ul>\n\n\n\n<p>Trieste (IT) &#8211; Pirano (SLO) &#8211; Parenzo &#8211; Rovigno &#8211; Pola<\/p>\n\n\n\n<ul><li><a href=\"https:\/\/www.ferrycroatia.com\/it\/pola-trieste\/\">Pola &#8211; Trieste<\/a><\/li><li><a href=\"https:\/\/www.ferrycroatia.com\/it\/pola-pirano\/\">Pola &#8211; Pirano<\/a><\/li><\/ul>\n\n\n\n<p>*La tratta per Pirano in Slovenia \u00e8 interrotta per l\u2019anno 2020<\/p>\n","protected":false},"excerpt":{"rendered":"<p>Pola \u00e8 una famosa citt\u00e0 storica sul lato sud-ovest della penisola istriana. Tutti i catamarani a Pula partono dal molo situato in pieno centro, vicino alla maggior parte dei siti storici. \u00c8 collegato da linee regolari di catamarani a Venezia in Italia e Pirano in Slovenia*, proprio come con Zara e le isole Unie, Selve, [&hellip;]<\/p>\n<p><a class=\"more-link\" href=\"https:\/\/www.ferrycroatia.com\/it\/porto-di-pola\/\"> Continue reading&#8230;<\/a><\/p>\n","protected":false},"author":5,"featured_media":1618,"parent":0,"menu_order":0,"comment_status":"closed","ping_status":"closed","template":"","meta":[],"yoast_head":"<!-- This site is optimized with the Yoast SEO plugin v19.8 - https:\/\/yoast.com\/wordpress\/plugins\/seo\/ -->\n<title>Porto di Pula, partenze di catamarani e traghetti veloci<\/title>\n<meta name=\"description\" content=\"Porto di Pula informazioni, posizione e servizi disponibili. Come arrivarci, e tutti i traghetti veloci e catamarani che partono da e fino a Pula.\" \/>\n<meta name=\"robots\" content=\"index, follow, max-snippet:-1, max-image-preview:large, max-video-preview:-1\" \/>\n<link rel=\"canonical\" href=\"https:\/\/www.ferrycroatia.com\/it\/porto-di-pola\/\" \/>\n<meta property=\"og:locale\" content=\"en_US\" \/>\n<meta property=\"og:type\" content=\"article\" \/>\n<meta property=\"og:title\" content=\"Porto di Pula, partenze di catamarani e traghetti veloci\" \/>\n<meta property=\"og:description\" content=\"Porto di Pula informazioni, posizione e servizi disponibili. Come arrivarci, e tutti i traghetti veloci e catamarani che partono da e fino a Pula.\" \/>\n<meta property=\"og:url\" content=\"https:\/\/www.ferrycroatia.com\/it\/porto-di-pola\/\" \/>\n<meta property=\"og:site_name\" content=\"Traghetto Croazia\" \/>\n<meta property=\"article:modified_time\" content=\"2021-08-19T11:46:31+00:00\" \/>\n<meta property=\"og:image\" content=\"https:\/\/www.ferrycroatia.com\/it\/wp-content\/uploads\/2021\/02\/Pula-arena-1.jpg\" \/>\n\t<meta property=\"og:image:width\" content=\"1024\" \/>\n\t<meta property=\"og:image:height\" content=\"768\" \/>\n\t<meta property=\"og:image:type\" content=\"image\/jpeg\" \/>\n<meta name=\"twitter:card\" content=\"summary_large_image\" \/>\n<meta name=\"twitter:label1\" content=\"Est. reading time\" \/>\n\t<meta name=\"twitter:data1\" content=\"3 minutes\" \/>\n<script type=\"application\/ld+json\" class=\"yoast-schema-graph\">{\"@context\":\"https:\/\/schema.org\",\"@graph\":[{\"@type\":\"WebPage\",\"@id\":\"https:\/\/www.ferrycroatia.com\/it\/porto-di-pola\/\",\"url\":\"https:\/\/www.ferrycroatia.com\/it\/porto-di-pola\/\",\"name\":\"Porto di Pula, partenze di catamarani e traghetti veloci\",\"isPartOf\":{\"@id\":\"https:\/\/www.ferrycroatia.com\/it\/#website\"},\"datePublished\":\"2021-02-05T08:43:31+00:00\",\"dateModified\":\"2021-08-19T11:46:31+00:00\",\"description\":\"Porto di Pula informazioni, posizione e servizi disponibili. Come arrivarci, e tutti i traghetti veloci e catamarani che partono da e fino a Pula.\",\"breadcrumb\":{\"@id\":\"https:\/\/www.ferrycroatia.com\/it\/porto-di-pola\/#breadcrumb\"},\"inLanguage\":\"en-US\",\"potentialAction\":[{\"@type\":\"ReadAction\",\"target\":[\"https:\/\/www.ferrycroatia.com\/it\/porto-di-pola\/\"]}]},{\"@type\":\"BreadcrumbList\",\"@id\":\"https:\/\/www.ferrycroatia.com\/it\/porto-di-pola\/#breadcrumb\",\"itemListElement\":[{\"@type\":\"ListItem\",\"position\":1,\"name\":\"Home\",\"item\":\"https:\/\/www.ferrycroatia.com\/it\/\"},{\"@type\":\"ListItem\",\"position\":2,\"name\":\"Porto di Pula\"}]},{\"@type\":\"WebSite\",\"@id\":\"https:\/\/www.ferrycroatia.com\/it\/#website\",\"url\":\"https:\/\/www.ferrycroatia.com\/it\/\",\"name\":\"Traghetto Croazia\",\"description\":\"Info e orari per tutti i catamarani e traghetti in Croazia\",\"potentialAction\":[{\"@type\":\"SearchAction\",\"target\":{\"@type\":\"EntryPoint\",\"urlTemplate\":\"https:\/\/www.ferrycroatia.com\/it\/?s={search_term_string}\"},\"query-input\":\"required name=search_term_string\"}],\"inLanguage\":\"en-US\"}]}<\/script>\n<!-- \/ Yoast SEO plugin. -->","yoast_head_json":{"title":"Porto di Pula, partenze di catamarani e traghetti veloci","description":"Porto di Pula informazioni, posizione e servizi disponibili. Come arrivarci, e tutti i traghetti veloci e catamarani che partono da e fino a Pula.","robots":{"index":"index","follow":"follow","max-snippet":"max-snippet:-1","max-image-preview":"max-image-preview:large","max-video-preview":"max-video-preview:-1"},"canonical":"https:\/\/www.ferrycroatia.com\/it\/porto-di-pola\/","og_locale":"en_US","og_type":"article","og_title":"Porto di Pula, partenze di catamarani e traghetti veloci","og_description":"Porto di Pula informazioni, posizione e servizi disponibili. Come arrivarci, e tutti i traghetti veloci e catamarani che partono da e fino a Pula.","og_url":"https:\/\/www.ferrycroatia.com\/it\/porto-di-pola\/","og_site_name":"Traghetto Croazia","article_modified_time":"2021-08-19T11:46:31+00:00","og_image":[{"width":1024,"height":768,"url":"https:\/\/www.ferrycroatia.com\/it\/wp-content\/uploads\/2021\/02\/Pula-arena-1.jpg","type":"image\/jpeg"}],"twitter_card":"summary_large_image","twitter_misc":{"Est. reading time":"3 minutes"},"schema":{"@context":"https:\/\/schema.org","@graph":[{"@type":"WebPage","@id":"https:\/\/www.ferrycroatia.com\/it\/porto-di-pola\/","url":"https:\/\/www.ferrycroatia.com\/it\/porto-di-pola\/","name":"Porto di Pula, partenze di catamarani e traghetti veloci","isPartOf":{"@id":"https:\/\/www.ferrycroatia.com\/it\/#website"},"datePublished":"2021-02-05T08:43:31+00:00","dateModified":"2021-08-19T11:46:31+00:00","description":"Porto di Pula informazioni, posizione e servizi disponibili. Come arrivarci, e tutti i traghetti veloci e catamarani che partono da e fino a Pula.","breadcrumb":{"@id":"https:\/\/www.ferrycroatia.com\/it\/porto-di-pola\/#breadcrumb"},"inLanguage":"en-US","potentialAction":[{"@type":"ReadAction","target":["https:\/\/www.ferrycroatia.com\/it\/porto-di-pola\/"]}]},{"@type":"BreadcrumbList","@id":"https:\/\/www.ferrycroatia.com\/it\/porto-di-pola\/#breadcrumb","itemListElement":[{"@type":"ListItem","position":1,"name":"Home","item":"https:\/\/www.ferrycroatia.com\/it\/"},{"@type":"ListItem","position":2,"name":"Porto di Pula"}]},{"@type":"WebSite","@id":"https:\/\/www.ferrycroatia.com\/it\/#website","url":"https:\/\/www.ferrycroatia.com\/it\/","name":"Traghetto Croazia","description":"Info e orari per tutti i catamarani e traghetti in Croazia","potentialAction":[{"@type":"SearchAction","target":{"@type":"EntryPoint","urlTemplate":"https:\/\/www.ferrycroatia.com\/it\/?s={search_term_string}"},"query-input":"required name=search_term_string"}],"inLanguage":"en-US"}]}},"_links":{"self":[{"href":"https:\/\/www.ferrycroatia.com\/it\/wp-json\/wp\/v2\/pages\/1616"}],"collection":[{"href":"https:\/\/www.ferrycroatia.com\/it\/wp-json\/wp\/v2\/pages"}],"about":[{"href":"https:\/\/www.ferrycroatia.com\/it\/wp-json\/wp\/v2\/types\/page"}],"author":[{"embeddable":true,"href":"https:\/\/www.ferrycroatia.com\/it\/wp-json\/wp\/v2\/users\/5"}],"replies":[{"embeddable":true,"href":"https:\/\/www.ferrycroatia.com\/it\/wp-json\/wp\/v2\/comments?post=1616"}],"version-history":[{"count":8,"href":"https:\/\/www.ferrycroatia.com\/it\/wp-json\/wp\/v2\/pages\/1616\/revisions"}],"predecessor-version":[{"id":3141,"href":"https:\/\/www.ferrycroatia.com\/it\/wp-json\/wp\/v2\/pages\/1616\/revisions\/3141"}],"wp:featuredmedia":[{"embeddable":true,"href":"https:\/\/www.ferrycroatia.com\/it\/wp-json\/wp\/v2\/media\/1618"}],"wp:attachment":[{"href":"https:\/\/www.ferrycroatia.com\/it\/wp-json\/wp\/v2\/media?parent=1616"}],"curies":[{"name":"wp","href":"https:\/\/api.w.org\/{rel}","templated":true}]}}