{"id":1622,"date":"2021-02-05T08:50:18","date_gmt":"2021-02-05T08:50:18","guid":{"rendered":"https:\/\/ferrycroatia.com\/it\/?page_id=1622"},"modified":"2021-08-19T13:52:50","modified_gmt":"2021-08-19T11:52:50","slug":"porto-di-rava","status":"publish","type":"page","link":"https:\/\/www.ferrycroatia.com\/it\/porto-di-rava\/","title":{"rendered":"Porto di Rava"},"content":{"rendered":"\n<p>Rava \u00e8 una piccola citt\u00e0<strong> situata sul lato sud-ovest dell&#8217;isola di Rava<\/strong>, nell&#8217;arcipelago di Zara. Il terminal dei traghetti si trova proprio nel centro della citt\u00e0, vicino al lungomare principale. Il terminal dei traghetti di Rava \u00e8 collegato con la citt\u00e0 di Rava Piccola, l&#8217;isola di Eso (Eso Piccolo ed Eso Grande e Brsanj) e con Zara e Zara (Gazenica) tramite linee regolari di traghetti e catamarani.<\/p>\n\n\n\n<p>Poich\u00e9 Rava \u00e8 una cittadina insulare piuttosto piccola e poich\u00e9 <strong>il terminal dei traghetti si trova proprio nel centro di essa<\/strong>, indipendentemente da dove si trova il Suo alloggio, \u00e8 abbastanza facile raggiungere il terminal dei traghetti a piedi.<\/p>\n\n\n\n<p><span style=\"text-decoration: underline;\"><b>Cosa pu\u00f2 trovare sul terminal dei traghetti di Rava:<\/b><\/span><\/p>\n\n\n\n<p>Come accennato in precedenza, Rava \u00e8 una citt\u00e0 davvero piccola e il terminal dei traghetti si trova abbastanza vicino al centro, quindi ovviamente tutti i servizi della citt\u00e0 sono nelle vicinanze (\u00e8 una piccola citt\u00e0, quindi non aspetti di trovare un grande numero di cose).<\/p>\n\n\n\n<p><span style=\"text-decoration: underline;\"><b>Indirizzo del terminal dei traghetti di Rava:<\/b><\/span><\/p>\n\n\n\n<ul><li aria-level=\"1\">Longitudine: 15.059555<\/li><li aria-level=\"1\">Latitudine: 44,022678<\/li><li aria-level=\"1\">Obalni put<\/li><li aria-level=\"1\">23283 Rava (Rava)<\/li><\/ul>\n\n\n\n<div class=\"wp-block-image\"><figure class=\"aligncenter\"><img decoding=\"async\" loading=\"lazy\" width=\"1016\" height=\"619\" data-src=\"https:\/\/ferrycroatia.com\/it\/wp-content\/uploads\/2021\/02\/Rava-ferry-port.jpg\" alt=\"\" class=\"wp-image-1624\" data-srcset=\"https:\/\/www.ferrycroatia.com\/it\/wp-content\/uploads\/2021\/02\/Rava-ferry-port.jpg 1016w, https:\/\/www.ferrycroatia.com\/it\/wp-content\/uploads\/2021\/02\/Rava-ferry-port-300x183.jpg 300w, https:\/\/www.ferrycroatia.com\/it\/wp-content\/uploads\/2021\/02\/Rava-ferry-port-768x468.jpg 768w\" sizes=\"(max-width: 1016px) 100vw, 1016px\" \/><\/figure><\/div>\n\n\n\n<p><span style=\"text-decoration: underline;\"><b>Elenco delle rotte in traghetto e catamarano da e per Rava:<\/b><\/span><\/p>\n\n\n\n<p>\u2192 Traghetto: Zara (Gazenica) &#8211; Brsanj (Eso) &#8211; Rava \u2013 Rava Piccola<\/p>\n\n\n\n<ul><li aria-level=\"1\"><a href=\"https:\/\/www.ferrycroatia.com\/it\/rava-rava-piccola\/\">Rava &#8211; Rava Piccola<\/a><\/li><li aria-level=\"1\"><a href=\"https:\/\/www.ferrycroatia.com\/it\/rava-brsanj\/\">Rava &#8211; Brsanj<\/a><\/li><li aria-level=\"1\"><a href=\"https:\/\/www.ferrycroatia.com\/it\/rava-zara\/\">Rava &#8211; Zara<\/a><\/li><\/ul>\n\n\n\n<p>\u2192 Catamarano: Zara &#8211; Eso Piccolo &#8211; Eso Grande &#8211; Rava Piccola &#8211; Rava<\/p>\n\n\n\n<ul><li aria-level=\"1\"><a href=\"https:\/\/www.ferrycroatia.com\/it\/rava-mali-iz\/\">Rava &#8211; Eso Piccolo<\/a><\/li><li aria-level=\"1\"><a href=\"https:\/\/www.ferrycroatia.com\/it\/rava-veli-iz\/\">Rava &#8211; Eso Grande<\/a><\/li><\/ul>\n","protected":false},"excerpt":{"rendered":"<p>Rava \u00e8 una piccola citt\u00e0 situata sul lato sud-ovest dell&#8217;isola di Rava, nell&#8217;arcipelago di Zara. Il terminal dei traghetti si trova proprio nel centro della citt\u00e0, vicino al lungomare principale. Il terminal dei traghetti di Rava \u00e8 collegato con la citt\u00e0 di Rava Piccola, l&#8217;isola di Eso (Eso Piccolo ed Eso Grande e Brsanj) e [&hellip;]<\/p>\n<p><a class=\"more-link\" href=\"https:\/\/www.ferrycroatia.com\/it\/porto-di-rava\/\"> Continue reading&#8230;<\/a><\/p>\n","protected":false},"author":5,"featured_media":0,"parent":0,"menu_order":0,"comment_status":"closed","ping_status":"closed","template":"","meta":[],"yoast_head":"<!-- This site is optimized with the Yoast SEO plugin v19.8 - https:\/\/yoast.com\/wordpress\/plugins\/seo\/ -->\n<title>Porto di Rava, partenze dei traghetti e catamarani<\/title>\n<meta name=\"description\" content=\"Porto di Rava informazioni, posizione e servizi disponibili. Come arrivarci, e tutti i traghetti e catamarani che partono da e fino a Rava.\" \/>\n<meta name=\"robots\" content=\"index, follow, max-snippet:-1, max-image-preview:large, max-video-preview:-1\" \/>\n<link rel=\"canonical\" href=\"https:\/\/www.ferrycroatia.com\/it\/porto-di-rava\/\" \/>\n<meta property=\"og:locale\" content=\"en_US\" \/>\n<meta property=\"og:type\" content=\"article\" \/>\n<meta property=\"og:title\" content=\"Porto di Rava, partenze dei traghetti e catamarani\" \/>\n<meta property=\"og:description\" content=\"Porto di Rava informazioni, posizione e servizi disponibili. Come arrivarci, e tutti i traghetti e catamarani che partono da e fino a Rava.\" \/>\n<meta property=\"og:url\" content=\"https:\/\/www.ferrycroatia.com\/it\/porto-di-rava\/\" \/>\n<meta property=\"og:site_name\" content=\"Traghetto Croazia\" \/>\n<meta property=\"article:modified_time\" content=\"2021-08-19T11:52:50+00:00\" \/>\n<meta property=\"og:image\" content=\"https:\/\/ferrycroatia.com\/it\/wp-content\/uploads\/2021\/02\/Rava-ferry-port.jpg\" \/>\n<meta name=\"twitter:card\" content=\"summary_large_image\" \/>\n<meta name=\"twitter:label1\" content=\"Est. reading time\" \/>\n\t<meta name=\"twitter:data1\" content=\"2 minutes\" \/>\n<script type=\"application\/ld+json\" class=\"yoast-schema-graph\">{\"@context\":\"https:\/\/schema.org\",\"@graph\":[{\"@type\":\"WebPage\",\"@id\":\"https:\/\/www.ferrycroatia.com\/it\/porto-di-rava\/\",\"url\":\"https:\/\/www.ferrycroatia.com\/it\/porto-di-rava\/\",\"name\":\"Porto di Rava, partenze dei traghetti e catamarani\",\"isPartOf\":{\"@id\":\"https:\/\/www.ferrycroatia.com\/it\/#website\"},\"datePublished\":\"2021-02-05T08:50:18+00:00\",\"dateModified\":\"2021-08-19T11:52:50+00:00\",\"description\":\"Porto di Rava informazioni, posizione e servizi disponibili. Come arrivarci, e tutti i traghetti e catamarani che partono da e fino a Rava.\",\"breadcrumb\":{\"@id\":\"https:\/\/www.ferrycroatia.com\/it\/porto-di-rava\/#breadcrumb\"},\"inLanguage\":\"en-US\",\"potentialAction\":[{\"@type\":\"ReadAction\",\"target\":[\"https:\/\/www.ferrycroatia.com\/it\/porto-di-rava\/\"]}]},{\"@type\":\"BreadcrumbList\",\"@id\":\"https:\/\/www.ferrycroatia.com\/it\/porto-di-rava\/#breadcrumb\",\"itemListElement\":[{\"@type\":\"ListItem\",\"position\":1,\"name\":\"Home\",\"item\":\"https:\/\/www.ferrycroatia.com\/it\/\"},{\"@type\":\"ListItem\",\"position\":2,\"name\":\"Porto di Rava\"}]},{\"@type\":\"WebSite\",\"@id\":\"https:\/\/www.ferrycroatia.com\/it\/#website\",\"url\":\"https:\/\/www.ferrycroatia.com\/it\/\",\"name\":\"Traghetto Croazia\",\"description\":\"Info e orari per tutti i catamarani e traghetti in Croazia\",\"potentialAction\":[{\"@type\":\"SearchAction\",\"target\":{\"@type\":\"EntryPoint\",\"urlTemplate\":\"https:\/\/www.ferrycroatia.com\/it\/?s={search_term_string}\"},\"query-input\":\"required name=search_term_string\"}],\"inLanguage\":\"en-US\"}]}<\/script>\n<!-- \/ Yoast SEO plugin. -->","yoast_head_json":{"title":"Porto di Rava, partenze dei traghetti e catamarani","description":"Porto di Rava informazioni, posizione e servizi disponibili. Come arrivarci, e tutti i traghetti e catamarani che partono da e fino a Rava.","robots":{"index":"index","follow":"follow","max-snippet":"max-snippet:-1","max-image-preview":"max-image-preview:large","max-video-preview":"max-video-preview:-1"},"canonical":"https:\/\/www.ferrycroatia.com\/it\/porto-di-rava\/","og_locale":"en_US","og_type":"article","og_title":"Porto di Rava, partenze dei traghetti e catamarani","og_description":"Porto di Rava informazioni, posizione e servizi disponibili. Come arrivarci, e tutti i traghetti e catamarani che partono da e fino a Rava.","og_url":"https:\/\/www.ferrycroatia.com\/it\/porto-di-rava\/","og_site_name":"Traghetto Croazia","article_modified_time":"2021-08-19T11:52:50+00:00","og_image":[{"url":"https:\/\/ferrycroatia.com\/it\/wp-content\/uploads\/2021\/02\/Rava-ferry-port.jpg"}],"twitter_card":"summary_large_image","twitter_misc":{"Est. reading time":"2 minutes"},"schema":{"@context":"https:\/\/schema.org","@graph":[{"@type":"WebPage","@id":"https:\/\/www.ferrycroatia.com\/it\/porto-di-rava\/","url":"https:\/\/www.ferrycroatia.com\/it\/porto-di-rava\/","name":"Porto di Rava, partenze dei traghetti e catamarani","isPartOf":{"@id":"https:\/\/www.ferrycroatia.com\/it\/#website"},"datePublished":"2021-02-05T08:50:18+00:00","dateModified":"2021-08-19T11:52:50+00:00","description":"Porto di Rava informazioni, posizione e servizi disponibili. Come arrivarci, e tutti i traghetti e catamarani che partono da e fino a Rava.","breadcrumb":{"@id":"https:\/\/www.ferrycroatia.com\/it\/porto-di-rava\/#breadcrumb"},"inLanguage":"en-US","potentialAction":[{"@type":"ReadAction","target":["https:\/\/www.ferrycroatia.com\/it\/porto-di-rava\/"]}]},{"@type":"BreadcrumbList","@id":"https:\/\/www.ferrycroatia.com\/it\/porto-di-rava\/#breadcrumb","itemListElement":[{"@type":"ListItem","position":1,"name":"Home","item":"https:\/\/www.ferrycroatia.com\/it\/"},{"@type":"ListItem","position":2,"name":"Porto di Rava"}]},{"@type":"WebSite","@id":"https:\/\/www.ferrycroatia.com\/it\/#website","url":"https:\/\/www.ferrycroatia.com\/it\/","name":"Traghetto Croazia","description":"Info e orari per tutti i catamarani e traghetti in Croazia","potentialAction":[{"@type":"SearchAction","target":{"@type":"EntryPoint","urlTemplate":"https:\/\/www.ferrycroatia.com\/it\/?s={search_term_string}"},"query-input":"required name=search_term_string"}],"inLanguage":"en-US"}]}},"_links":{"self":[{"href":"https:\/\/www.ferrycroatia.com\/it\/wp-json\/wp\/v2\/pages\/1622"}],"collection":[{"href":"https:\/\/www.ferrycroatia.com\/it\/wp-json\/wp\/v2\/pages"}],"about":[{"href":"https:\/\/www.ferrycroatia.com\/it\/wp-json\/wp\/v2\/types\/page"}],"author":[{"embeddable":true,"href":"https:\/\/www.ferrycroatia.com\/it\/wp-json\/wp\/v2\/users\/5"}],"replies":[{"embeddable":true,"href":"https:\/\/www.ferrycroatia.com\/it\/wp-json\/wp\/v2\/comments?post=1622"}],"version-history":[{"count":5,"href":"https:\/\/www.ferrycroatia.com\/it\/wp-json\/wp\/v2\/pages\/1622\/revisions"}],"predecessor-version":[{"id":3151,"href":"https:\/\/www.ferrycroatia.com\/it\/wp-json\/wp\/v2\/pages\/1622\/revisions\/3151"}],"wp:attachment":[{"href":"https:\/\/www.ferrycroatia.com\/it\/wp-json\/wp\/v2\/media?parent=1622"}],"curies":[{"name":"wp","href":"https:\/\/api.w.org\/{rel}","templated":true}]}}