{"id":1626,"date":"2021-02-05T09:04:50","date_gmt":"2021-02-05T09:04:50","guid":{"rendered":"https:\/\/ferrycroatia.com\/it\/?page_id=1626"},"modified":"2021-08-19T13:34:44","modified_gmt":"2021-08-19T11:34:44","slug":"porto-di-fiume","status":"publish","type":"page","link":"https:\/\/www.ferrycroatia.com\/it\/porto-di-fiume\/","title":{"rendered":"Porto di Rijeka"},"content":{"rendered":"\n<p>La citt\u00e0 di <strong>Fiume \u00e8 la terza citt\u00e0 pi\u00f9 grande della Croazia<\/strong> e la seconda citt\u00e0 pi\u00f9 grande sulla costa adriatica croata. Anche se non ci sono molte linee passeggeri che attraversano la citt\u00e0 di Fiume il porto di Fiume \u00e8 considerato il porto croato pi\u00f9 grande. Il<strong> terminal dei traghetti di Fiume si trova nel centro della citt\u00e0<\/strong> a soli 350 m dalla passeggiata principale e da tutte le attrazioni della citt\u00e0.<\/p>\n\n\n\n<p><span style=\"text-decoration: underline;\"><strong>Da e per il porto dei traghetti di Fiume:<\/strong><\/span><\/p>\n\n\n\n<p>Se alloggia a Fiume e <strong>vuole raggiungere le isole di Cherso, Arbe, Lussinpiccolo, Unie e Susak<\/strong> ecco come pu\u00f2 arrivare al terminal dei traghetti da diverse parti della citt\u00e0: la maggior parte delle linee di autobus passano molto vicino al <strong>terminal dei traghetti (5 minuti a piedi)<\/strong>.<\/p>\n\n\n\n<p>Dal centro storico al terminal dei traghetti pu\u00f2 <strong>prendere l&#8217;autobus numero 1, 1A, 1B, 2, 4, 5<\/strong> ecc. La fermata dell&#8217;autobus \u00e8 a 5 minuti a piedi dal terminal dei traghetti. Il centro storico in generale \u00e8 a soli 10 minuti a piedi (solo poche fermate di autobus).<\/p>\n\n\n\n<p>Se oppure alloggia a<strong> Kantrida (un&#8217;altra parte popolare della citt\u00e0)<\/strong>, si consiglia di prendere l&#8217;autobus numero 1 per raggiungere il terminal dei traghetti.<\/p>\n\n\n\n<p>I biglietti dell&#8217;autobus costano circa 10 HRK, <strong>poco pi\u00f9 di un euro se acquistati direttamente in autobus<\/strong>.<\/p>\n\n\n\n<p>Dall\u2019altra parte <strong>pu\u00f2 anche prendere un taxi<\/strong> da qualsiasi parte della citt\u00e0. Il trasporto dal centro storico di Fiume o da Kantrida non dovrebbe costare molto dato che non \u00e8 una grande distanza.<\/p>\n\n\n\n<p>Se alloggia a Castua <strong>deve prendere l&#8217;autobus numero 18, 18B o 18C<\/strong>. Il viaggio dura circa 20 minuti e il biglietto costa <strong>circa 16 HRK = circa 2 euro se acquistato direttamente in autobus<\/strong>.<\/p>\n\n\n\n<p>Infine, <strong>se alloggia ad Abbazia<\/strong> (in croato Opatija) deve prendere l&#8217;autobus numero 32.&nbsp; Il biglietto costa circa 16 HRK = circa 2 euro se acquistato in autobus.<\/p>\n\n\n\n<p>Tutti gli autobus passano dalla mattina presto alla sera tardi e sono abbastanza frequenti. <strong>Si prega di notare che i biglietti sono un po&#8217; pi\u00f9 costosi se acquistati al chiosco<\/strong>.<\/p>\n\n\n\n<p><span style=\"text-decoration: underline;\"><strong>Arrivare dall&#8217;Aeroporto di Fiume al terminal dei traghetti:<\/strong><\/span><\/p>\n\n\n\n<p>L&#8217;<strong>Aeroporto di Fiume si trova a circa 26 chilometri dal terminal dei traghetti di Fiume<\/strong> vicino alla citt\u00e0 di Castelmuschio (in croato Omisalj) sull&#8217;isola di Veglia. Una volta atterrato, pu\u00f2 <strong>prendere un trasferimento prenotato in anticipo o pu\u00f2 prendere un taxi (circa 30 euro)<\/strong>. Ci sono anche <strong>bus navetta che vanno dall&#8217;aeroporto verso Fiume<\/strong> &#8211; va alla stazione principale degli autobus a Fiume. Da l\u00ec pu\u00f2 prendere un<strong> autobus locale numero 1, 2, 6<\/strong> <strong>fino al terminal dei traghetti<\/strong>. Il biglietto per il bus navetta costa<strong> circa 50 HRK = 7 euro<\/strong>.&nbsp; Il viaggio dura circa 30 minuti.<\/p>\n\n\n\n<p>Se vuole saperne di pi\u00f9 sul trasporto dall&#8217;aeroporto al terminal dei traghetti, faccia click <a href=\"https:\/\/getbybus.com\/it\/blog\/autobus-bus-aeroporto-di-fiume\/\">qui<\/a>.<\/p>\n\n\n\n<p><span style=\"text-decoration: underline;\"><strong>Arrivare da altre destinazioni in Croazia e in Europa al terminal dei traghetti di Fiume:<\/strong><\/span><\/p>\n\n\n\n<p>La citt\u00e0 di <strong>Fiume \u00e8 perfettamente collegata a molte destinazioni croate<\/strong> e anche ad alcune destinazioni europee da linee di autobus regolari e stagionali. La <a href=\"https:\/\/getbybus.com\/it\/blog\/autobus-bus-aeroporto-di-fiume\/\">stazione principale degli autobus<\/a> si trova a circa 10 minuti dal terminal dei traghetti.&nbsp; Per arrivare alla stazione principale pu\u00f2<strong> prendere l&#8217;autobus numero 1, 2, 6<\/strong> oppure pu\u00f2 utilizzare un taxi, un\u2019opzione ottima se porta bagagli.<\/p>\n\n\n\n<p>Se va <strong>in auto<\/strong>, <strong>arrivando da nord o da sud<\/strong>, prendendo l&#8217;autostrada o la strada costiera, una volta entrato a Fiume,<strong> vedr\u00e0 le indicazioni per il centro citt\u00e0 e il terminal dei traghetti<\/strong>. Il terminal dei traghetti si trova a soli 350 m dal centro della citt\u00e0.<\/p>\n\n\n\n<p><span style=\"text-decoration: underline;\"><strong>Cosa si pu\u00f2 trovare al terminal dei traghetti di Fiume:<\/strong><\/span><\/p>\n\n\n\n<p>Siccome il <strong>terminal dei traghetti \u00e8 molto vicino al centro della citt\u00e0 ci sono molti servizi<\/strong> situati al terminal dei traghetti come ad es. una biglietteria, bar, ristoranti, negozi, banche, ufficio postale, siti storici. La stazione degli autobus \u00e8 a<strong> soli 10 minuti (a piedi) e la stazione degli autobus per le linee locali \u00e8 a 5 minuti a piedi<\/strong>.<\/p>\n\n\n\n<p><span style=\"text-decoration: underline;\"><strong>Indirizzo del terminal dei traghetti di Fiume:<\/strong><\/span><\/p>\n\n\n\n<blockquote class=\"wp-block-quote\"><p>Senjsko pristani\u0161te 3<\/p><p>51000 Fiume<\/p><p><strong>Coordinate GPS:<\/strong> 45.324, 14.43998<\/p><\/blockquote>\n\n\n\n<div class=\"wp-block-image\"><figure class=\"aligncenter\"><img decoding=\"async\" loading=\"lazy\" width=\"800\" height=\"456\" data-src=\"https:\/\/ferrycroatia.com\/it\/wp-content\/uploads\/2021\/02\/Rijeka.jpg\" alt=\"\" class=\"wp-image-1628\" data-srcset=\"https:\/\/www.ferrycroatia.com\/it\/wp-content\/uploads\/2021\/02\/Rijeka.jpg 800w, https:\/\/www.ferrycroatia.com\/it\/wp-content\/uploads\/2021\/02\/Rijeka-300x171.jpg 300w, https:\/\/www.ferrycroatia.com\/it\/wp-content\/uploads\/2021\/02\/Rijeka-768x438.jpg 768w\" sizes=\"(max-width: 800px) 100vw, 800px\" \/><\/figure><\/div>\n\n\n\n<p><span style=\"text-decoration: underline;\"><strong>Elenco delle tratte in catamarano da Fiume:<\/strong><\/span><\/p>\n\n\n\n<p>\u2192 Catamarano: Fiume &#8211; Cherso &#8211; Martinscica (Cherso) &#8211; Unie &#8211; Susak &#8211; Ilovik &#8211; Lussinpiccolo<\/p>\n\n\n\n<ul><li><a href=\"https:\/\/www.ferrycroatia.com\/it\/fiume-cherso\/\">Fiume &#8211; Cherso<\/a><\/li><li><a href=\"https:\/\/www.ferrycroatia.com\/it\/fiume-martinscica\/\">Fiume &#8211; Martinscica<\/a><\/li><li><a href=\"https:\/\/www.ferrycroatia.com\/it\/fiume-unie\/\">Fiume &#8211; Unie<\/a><\/li><li>Fiume &#8211; Susak<\/li><li style=\"text-align: left;\"><a href=\"https:\/\/www.ferrycroatia.com\/it\/fiume-asinello\/\">Fiume &#8211; Ilovik<\/a><\/li><li><a href=\"https:\/\/www.ferrycroatia.com\/it\/fiume-lussinpiccolo\/\">Fiume &#8211; Lussinpiccolo<\/a><\/li><\/ul>\n\n\n\n<p>\u2192 Catamarano: Fiume &#8211; Arbe &#8211; Novaglia (Pago)<\/p>\n\n\n\n<ul><li><a href=\"https:\/\/www.ferrycroatia.com\/it\/fiume-arbe\/\">Fiume \u2013 Arbe<\/a><\/li><li><a href=\"https:\/\/www.ferrycroatia.com\/it\/fiume-novaglia\/\">Fiume &#8211; Novaglia<\/a><\/li><\/ul>\n\n\n\n<p>\u2192 Catamarano: Fiume \u2013 citt\u00e0 di Veglia &#8211; Loparo (Arbe) &#8211; Selve &#8211; Zara<\/p>\n\n\n\n<ul><li><a href=\"https:\/\/www.ferrycroatia.com\/it\/fiume-zara\/\">Fiume &#8211; Zara<\/a><\/li><li><a href=\"https:\/\/www.ferrycroatia.com\/it\/fiume-veglia\/\">Fiume &#8211; Veglia<\/a><\/li><li><a href=\"https:\/\/www.ferrycroatia.com\/it\/fiume-loparo\/\">Fiume &#8211; Loparo<\/a><\/li><li><a href=\"https:\/\/www.ferrycroatia.com\/it\/fiume-selve\/\">Fiume &#8211; Selve<\/a><\/li><\/ul>\n","protected":false},"excerpt":{"rendered":"<p>La citt\u00e0 di Fiume \u00e8 la terza citt\u00e0 pi\u00f9 grande della Croazia e la seconda citt\u00e0 pi\u00f9 grande sulla costa adriatica croata. Anche se non ci sono molte linee passeggeri che attraversano la citt\u00e0 di Fiume il porto di Fiume \u00e8 considerato il porto croato pi\u00f9 grande. Il terminal dei traghetti di Fiume si trova [&hellip;]<\/p>\n<p><a class=\"more-link\" href=\"https:\/\/www.ferrycroatia.com\/it\/porto-di-fiume\/\"> Continue reading&#8230;<\/a><\/p>\n","protected":false},"author":5,"featured_media":0,"parent":0,"menu_order":0,"comment_status":"closed","ping_status":"closed","template":"","meta":[],"yoast_head":"<!-- This site is optimized with the Yoast SEO plugin v19.8 - https:\/\/yoast.com\/wordpress\/plugins\/seo\/ -->\n<title>Porto di Rijeka, partenze dei traghetti e catamarani<\/title>\n<meta name=\"description\" content=\"Porto di Rijeka informazioni, posizione e servizi disponibili. Come arrivarci, e tutti i traghetti e catamarani che partono da e fino a Rijeka.\" \/>\n<meta name=\"robots\" content=\"index, follow, max-snippet:-1, max-image-preview:large, max-video-preview:-1\" \/>\n<link rel=\"canonical\" href=\"https:\/\/www.ferrycroatia.com\/it\/porto-di-fiume\/\" \/>\n<meta property=\"og:locale\" content=\"en_US\" \/>\n<meta property=\"og:type\" content=\"article\" \/>\n<meta property=\"og:title\" content=\"Porto di Rijeka, partenze dei traghetti e catamarani\" \/>\n<meta property=\"og:description\" content=\"Porto di Rijeka informazioni, posizione e servizi disponibili. Come arrivarci, e tutti i traghetti e catamarani che partono da e fino a Rijeka.\" \/>\n<meta property=\"og:url\" content=\"https:\/\/www.ferrycroatia.com\/it\/porto-di-fiume\/\" \/>\n<meta property=\"og:site_name\" content=\"Traghetto Croazia\" \/>\n<meta property=\"article:modified_time\" content=\"2021-08-19T11:34:44+00:00\" \/>\n<meta property=\"og:image\" content=\"https:\/\/ferrycroatia.com\/it\/wp-content\/uploads\/2021\/02\/Rijeka.jpg\" \/>\n<meta name=\"twitter:card\" content=\"summary_large_image\" \/>\n<meta name=\"twitter:label1\" content=\"Est. reading time\" \/>\n\t<meta name=\"twitter:data1\" content=\"4 minutes\" \/>\n<script type=\"application\/ld+json\" class=\"yoast-schema-graph\">{\"@context\":\"https:\/\/schema.org\",\"@graph\":[{\"@type\":\"WebPage\",\"@id\":\"https:\/\/www.ferrycroatia.com\/it\/porto-di-fiume\/\",\"url\":\"https:\/\/www.ferrycroatia.com\/it\/porto-di-fiume\/\",\"name\":\"Porto di Rijeka, partenze dei traghetti e catamarani\",\"isPartOf\":{\"@id\":\"https:\/\/www.ferrycroatia.com\/it\/#website\"},\"datePublished\":\"2021-02-05T09:04:50+00:00\",\"dateModified\":\"2021-08-19T11:34:44+00:00\",\"description\":\"Porto di Rijeka informazioni, posizione e servizi disponibili. Come arrivarci, e tutti i traghetti e catamarani che partono da e fino a Rijeka.\",\"breadcrumb\":{\"@id\":\"https:\/\/www.ferrycroatia.com\/it\/porto-di-fiume\/#breadcrumb\"},\"inLanguage\":\"en-US\",\"potentialAction\":[{\"@type\":\"ReadAction\",\"target\":[\"https:\/\/www.ferrycroatia.com\/it\/porto-di-fiume\/\"]}]},{\"@type\":\"BreadcrumbList\",\"@id\":\"https:\/\/www.ferrycroatia.com\/it\/porto-di-fiume\/#breadcrumb\",\"itemListElement\":[{\"@type\":\"ListItem\",\"position\":1,\"name\":\"Home\",\"item\":\"https:\/\/www.ferrycroatia.com\/it\/\"},{\"@type\":\"ListItem\",\"position\":2,\"name\":\"Porto di Rijeka\"}]},{\"@type\":\"WebSite\",\"@id\":\"https:\/\/www.ferrycroatia.com\/it\/#website\",\"url\":\"https:\/\/www.ferrycroatia.com\/it\/\",\"name\":\"Traghetto Croazia\",\"description\":\"Info e orari per tutti i catamarani e traghetti in Croazia\",\"potentialAction\":[{\"@type\":\"SearchAction\",\"target\":{\"@type\":\"EntryPoint\",\"urlTemplate\":\"https:\/\/www.ferrycroatia.com\/it\/?s={search_term_string}\"},\"query-input\":\"required name=search_term_string\"}],\"inLanguage\":\"en-US\"}]}<\/script>\n<!-- \/ Yoast SEO plugin. -->","yoast_head_json":{"title":"Porto di Rijeka, partenze dei traghetti e catamarani","description":"Porto di Rijeka informazioni, posizione e servizi disponibili. Come arrivarci, e tutti i traghetti e catamarani che partono da e fino a Rijeka.","robots":{"index":"index","follow":"follow","max-snippet":"max-snippet:-1","max-image-preview":"max-image-preview:large","max-video-preview":"max-video-preview:-1"},"canonical":"https:\/\/www.ferrycroatia.com\/it\/porto-di-fiume\/","og_locale":"en_US","og_type":"article","og_title":"Porto di Rijeka, partenze dei traghetti e catamarani","og_description":"Porto di Rijeka informazioni, posizione e servizi disponibili. Come arrivarci, e tutti i traghetti e catamarani che partono da e fino a Rijeka.","og_url":"https:\/\/www.ferrycroatia.com\/it\/porto-di-fiume\/","og_site_name":"Traghetto Croazia","article_modified_time":"2021-08-19T11:34:44+00:00","og_image":[{"url":"https:\/\/ferrycroatia.com\/it\/wp-content\/uploads\/2021\/02\/Rijeka.jpg"}],"twitter_card":"summary_large_image","twitter_misc":{"Est. reading time":"4 minutes"},"schema":{"@context":"https:\/\/schema.org","@graph":[{"@type":"WebPage","@id":"https:\/\/www.ferrycroatia.com\/it\/porto-di-fiume\/","url":"https:\/\/www.ferrycroatia.com\/it\/porto-di-fiume\/","name":"Porto di Rijeka, partenze dei traghetti e catamarani","isPartOf":{"@id":"https:\/\/www.ferrycroatia.com\/it\/#website"},"datePublished":"2021-02-05T09:04:50+00:00","dateModified":"2021-08-19T11:34:44+00:00","description":"Porto di Rijeka informazioni, posizione e servizi disponibili. Come arrivarci, e tutti i traghetti e catamarani che partono da e fino a Rijeka.","breadcrumb":{"@id":"https:\/\/www.ferrycroatia.com\/it\/porto-di-fiume\/#breadcrumb"},"inLanguage":"en-US","potentialAction":[{"@type":"ReadAction","target":["https:\/\/www.ferrycroatia.com\/it\/porto-di-fiume\/"]}]},{"@type":"BreadcrumbList","@id":"https:\/\/www.ferrycroatia.com\/it\/porto-di-fiume\/#breadcrumb","itemListElement":[{"@type":"ListItem","position":1,"name":"Home","item":"https:\/\/www.ferrycroatia.com\/it\/"},{"@type":"ListItem","position":2,"name":"Porto di Rijeka"}]},{"@type":"WebSite","@id":"https:\/\/www.ferrycroatia.com\/it\/#website","url":"https:\/\/www.ferrycroatia.com\/it\/","name":"Traghetto Croazia","description":"Info e orari per tutti i catamarani e traghetti in Croazia","potentialAction":[{"@type":"SearchAction","target":{"@type":"EntryPoint","urlTemplate":"https:\/\/www.ferrycroatia.com\/it\/?s={search_term_string}"},"query-input":"required name=search_term_string"}],"inLanguage":"en-US"}]}},"_links":{"self":[{"href":"https:\/\/www.ferrycroatia.com\/it\/wp-json\/wp\/v2\/pages\/1626"}],"collection":[{"href":"https:\/\/www.ferrycroatia.com\/it\/wp-json\/wp\/v2\/pages"}],"about":[{"href":"https:\/\/www.ferrycroatia.com\/it\/wp-json\/wp\/v2\/types\/page"}],"author":[{"embeddable":true,"href":"https:\/\/www.ferrycroatia.com\/it\/wp-json\/wp\/v2\/users\/5"}],"replies":[{"embeddable":true,"href":"https:\/\/www.ferrycroatia.com\/it\/wp-json\/wp\/v2\/comments?post=1626"}],"version-history":[{"count":5,"href":"https:\/\/www.ferrycroatia.com\/it\/wp-json\/wp\/v2\/pages\/1626\/revisions"}],"predecessor-version":[{"id":3127,"href":"https:\/\/www.ferrycroatia.com\/it\/wp-json\/wp\/v2\/pages\/1626\/revisions\/3127"}],"wp:attachment":[{"href":"https:\/\/www.ferrycroatia.com\/it\/wp-json\/wp\/v2\/media?parent=1626"}],"curies":[{"name":"wp","href":"https:\/\/api.w.org\/{rel}","templated":true}]}}