{"id":1630,"date":"2021-02-05T09:09:08","date_gmt":"2021-02-05T09:09:08","guid":{"rendered":"https:\/\/ferrycroatia.com\/it\/?page_id=1630"},"modified":"2021-08-19T13:53:56","modified_gmt":"2021-08-19T11:53:56","slug":"porto-di-rivani","status":"publish","type":"page","link":"https:\/\/www.ferrycroatia.com\/it\/porto-di-rivani\/","title":{"rendered":"Porto di Rivanj"},"content":{"rendered":"\n<p><strong>Rivani \u00e8 una piccola isola dell&#8217;arcipelago di Zara<\/strong>, tra le isole di Sestrugno e Ugliano. L&#8217;unica citt\u00e0 \u00e8 Rivani situata nell&#8217;interno dell&#8217;isola. <strong>Il terminal dei traghetti si trova a circa 500 m dal centro del paese<\/strong>. Il viaggio in catamarano fino a Rivani dura circa 40 minuti, se catamarano parte dal porto della citt\u00e0 vecchia di Zara. Il tempo di viaggio con il traghetto da Zara Gazenica a Rivani \u00e8 di circa 1 ora e 20 minuti.<\/p>\n\n\n\n<p><span style=\"text-decoration: underline;\"><b>Cosa pu\u00f2 trovare al terminal dei traghetti di Rivani:<\/b><\/span><\/p>\n\n\n\n<p>Rivani \u00e8 una cittadina molto piccola con circa 30 abitanti, quindi non ci sono molti servizi disponibili l\u00ec.<\/p>\n\n\n\n<p><span style=\"text-decoration: underline;\"><b>Indirizzo del terminal dei traghetti di Rivani:<\/b><\/span><\/p>\n\n\n\n<ul><li aria-level=\"1\">Longitudine: 15.031285<\/li><li aria-level=\"1\">Latitudine: 44.152540<\/li><li aria-level=\"1\">23291 Rivanj (Rivanj)<\/li><\/ul>\n\n\n\n<div class=\"wp-block-image\"><figure class=\"aligncenter\"><img decoding=\"async\" loading=\"lazy\" width=\"1024\" height=\"583\" data-src=\"https:\/\/ferrycroatia.com\/it\/wp-content\/uploads\/2021\/02\/Rivanj-Island-Catamaran.jpg\" alt=\"\" class=\"wp-image-1631\" data-srcset=\"https:\/\/www.ferrycroatia.com\/it\/wp-content\/uploads\/2021\/02\/Rivanj-Island-Catamaran.jpg 1024w, https:\/\/www.ferrycroatia.com\/it\/wp-content\/uploads\/2021\/02\/Rivanj-Island-Catamaran-300x171.jpg 300w, https:\/\/www.ferrycroatia.com\/it\/wp-content\/uploads\/2021\/02\/Rivanj-Island-Catamaran-768x437.jpg 768w\" sizes=\"(max-width: 1024px) 100vw, 1024px\" \/><\/figure><\/div>\n\n\n\n<p><span style=\"text-decoration: underline;\"><b>Elenco delle rotte in traghetto e catamarano da e per Rivani:<\/b><\/span><\/p>\n\n\n\n<p>\u2192 Traghetto: Zara (Gazenica) &#8211; Rivani &#8211; Sestrugno &#8211; Sferinaz &#8211; Melada<\/p>\n\n\n\n<ul><li aria-level=\"1\"><a href=\"https:\/\/www.ferrycroatia.com\/it\/rivani-zara\/\">Rivani &#8211; Zara<\/a><\/li><li aria-level=\"1\"><a href=\"https:\/\/www.ferrycroatia.com\/it\/rivani-sestrugno\/\">Rivani &#8211; Sestrugno<\/a><\/li><li aria-level=\"1\"><a href=\"https:\/\/www.ferrycroatia.com\/it\/rivani-sferinaz\/\">Rivani &#8211; Sferinaz<\/a><\/li><li aria-level=\"1\"><a href=\"https:\/\/www.ferrycroatia.com\/it\/rivani-melada\/\">Rivani &#8211; Melada<\/a><\/li><\/ul>\n\n\n\n<p>\u2192 Catamarano: Birbigno (Isola Lunga) &#8211; Bozava (Isola Lunga) &#8211; Sferinaz &#8211; Sestrugno &#8211; Rivani &#8211; Zara<\/p>\n\n\n\n<ul><li aria-level=\"1\"><a href=\"https:\/\/www.ferrycroatia.com\/it\/rivanj-birbigno\/\">Rivani &#8211; Birbigno<\/a><\/li><li aria-level=\"1\"><a href=\"https:\/\/www.ferrycroatia.com\/it\/rivani-bozava\/\">Rivani &#8211; Bozava<\/a><\/li><\/ul>\n","protected":false},"excerpt":{"rendered":"<p>Rivani \u00e8 una piccola isola dell&#8217;arcipelago di Zara, tra le isole di Sestrugno e Ugliano. L&#8217;unica citt\u00e0 \u00e8 Rivani situata nell&#8217;interno dell&#8217;isola. Il terminal dei traghetti si trova a circa 500 m dal centro del paese. Il viaggio in catamarano fino a Rivani dura circa 40 minuti, se catamarano parte dal porto della citt\u00e0 vecchia [&hellip;]<\/p>\n<p><a class=\"more-link\" href=\"https:\/\/www.ferrycroatia.com\/it\/porto-di-rivani\/\"> Continue reading&#8230;<\/a><\/p>\n","protected":false},"author":5,"featured_media":0,"parent":0,"menu_order":0,"comment_status":"closed","ping_status":"closed","template":"","meta":[],"yoast_head":"<!-- This site is optimized with the Yoast SEO plugin v19.8 - https:\/\/yoast.com\/wordpress\/plugins\/seo\/ -->\n<title>Porto di Rivanj, partenze dei traghetti e catamarani<\/title>\n<meta name=\"description\" content=\"Porto di Rivanj informazioni, posizione e servizi disponibili. Come arrivarci, e tutti i traghetti e catamarani che partono da e fino a Rivanj.\" \/>\n<meta name=\"robots\" content=\"index, follow, max-snippet:-1, max-image-preview:large, max-video-preview:-1\" \/>\n<link rel=\"canonical\" href=\"https:\/\/www.ferrycroatia.com\/it\/porto-di-rivani\/\" \/>\n<meta property=\"og:locale\" content=\"en_US\" \/>\n<meta property=\"og:type\" content=\"article\" \/>\n<meta property=\"og:title\" content=\"Porto di Rivanj, partenze dei traghetti e catamarani\" \/>\n<meta property=\"og:description\" content=\"Porto di Rivanj informazioni, posizione e servizi disponibili. Come arrivarci, e tutti i traghetti e catamarani che partono da e fino a Rivanj.\" \/>\n<meta property=\"og:url\" content=\"https:\/\/www.ferrycroatia.com\/it\/porto-di-rivani\/\" \/>\n<meta property=\"og:site_name\" content=\"Traghetto Croazia\" \/>\n<meta property=\"article:modified_time\" content=\"2021-08-19T11:53:56+00:00\" \/>\n<meta property=\"og:image\" content=\"https:\/\/ferrycroatia.com\/it\/wp-content\/uploads\/2021\/02\/Rivanj-Island-Catamaran.jpg\" \/>\n<meta name=\"twitter:card\" content=\"summary_large_image\" \/>\n<meta name=\"twitter:label1\" content=\"Est. reading time\" \/>\n\t<meta name=\"twitter:data1\" content=\"1 minute\" \/>\n<script type=\"application\/ld+json\" class=\"yoast-schema-graph\">{\"@context\":\"https:\/\/schema.org\",\"@graph\":[{\"@type\":\"WebPage\",\"@id\":\"https:\/\/www.ferrycroatia.com\/it\/porto-di-rivani\/\",\"url\":\"https:\/\/www.ferrycroatia.com\/it\/porto-di-rivani\/\",\"name\":\"Porto di Rivanj, partenze dei traghetti e catamarani\",\"isPartOf\":{\"@id\":\"https:\/\/www.ferrycroatia.com\/it\/#website\"},\"datePublished\":\"2021-02-05T09:09:08+00:00\",\"dateModified\":\"2021-08-19T11:53:56+00:00\",\"description\":\"Porto di Rivanj informazioni, posizione e servizi disponibili. Come arrivarci, e tutti i traghetti e catamarani che partono da e fino a Rivanj.\",\"breadcrumb\":{\"@id\":\"https:\/\/www.ferrycroatia.com\/it\/porto-di-rivani\/#breadcrumb\"},\"inLanguage\":\"en-US\",\"potentialAction\":[{\"@type\":\"ReadAction\",\"target\":[\"https:\/\/www.ferrycroatia.com\/it\/porto-di-rivani\/\"]}]},{\"@type\":\"BreadcrumbList\",\"@id\":\"https:\/\/www.ferrycroatia.com\/it\/porto-di-rivani\/#breadcrumb\",\"itemListElement\":[{\"@type\":\"ListItem\",\"position\":1,\"name\":\"Home\",\"item\":\"https:\/\/www.ferrycroatia.com\/it\/\"},{\"@type\":\"ListItem\",\"position\":2,\"name\":\"Porto di Rivanj\"}]},{\"@type\":\"WebSite\",\"@id\":\"https:\/\/www.ferrycroatia.com\/it\/#website\",\"url\":\"https:\/\/www.ferrycroatia.com\/it\/\",\"name\":\"Traghetto Croazia\",\"description\":\"Info e orari per tutti i catamarani e traghetti in Croazia\",\"potentialAction\":[{\"@type\":\"SearchAction\",\"target\":{\"@type\":\"EntryPoint\",\"urlTemplate\":\"https:\/\/www.ferrycroatia.com\/it\/?s={search_term_string}\"},\"query-input\":\"required name=search_term_string\"}],\"inLanguage\":\"en-US\"}]}<\/script>\n<!-- \/ Yoast SEO plugin. -->","yoast_head_json":{"title":"Porto di Rivanj, partenze dei traghetti e catamarani","description":"Porto di Rivanj informazioni, posizione e servizi disponibili. Come arrivarci, e tutti i traghetti e catamarani che partono da e fino a Rivanj.","robots":{"index":"index","follow":"follow","max-snippet":"max-snippet:-1","max-image-preview":"max-image-preview:large","max-video-preview":"max-video-preview:-1"},"canonical":"https:\/\/www.ferrycroatia.com\/it\/porto-di-rivani\/","og_locale":"en_US","og_type":"article","og_title":"Porto di Rivanj, partenze dei traghetti e catamarani","og_description":"Porto di Rivanj informazioni, posizione e servizi disponibili. Come arrivarci, e tutti i traghetti e catamarani che partono da e fino a Rivanj.","og_url":"https:\/\/www.ferrycroatia.com\/it\/porto-di-rivani\/","og_site_name":"Traghetto Croazia","article_modified_time":"2021-08-19T11:53:56+00:00","og_image":[{"url":"https:\/\/ferrycroatia.com\/it\/wp-content\/uploads\/2021\/02\/Rivanj-Island-Catamaran.jpg"}],"twitter_card":"summary_large_image","twitter_misc":{"Est. reading time":"1 minute"},"schema":{"@context":"https:\/\/schema.org","@graph":[{"@type":"WebPage","@id":"https:\/\/www.ferrycroatia.com\/it\/porto-di-rivani\/","url":"https:\/\/www.ferrycroatia.com\/it\/porto-di-rivani\/","name":"Porto di Rivanj, partenze dei traghetti e catamarani","isPartOf":{"@id":"https:\/\/www.ferrycroatia.com\/it\/#website"},"datePublished":"2021-02-05T09:09:08+00:00","dateModified":"2021-08-19T11:53:56+00:00","description":"Porto di Rivanj informazioni, posizione e servizi disponibili. Come arrivarci, e tutti i traghetti e catamarani che partono da e fino a Rivanj.","breadcrumb":{"@id":"https:\/\/www.ferrycroatia.com\/it\/porto-di-rivani\/#breadcrumb"},"inLanguage":"en-US","potentialAction":[{"@type":"ReadAction","target":["https:\/\/www.ferrycroatia.com\/it\/porto-di-rivani\/"]}]},{"@type":"BreadcrumbList","@id":"https:\/\/www.ferrycroatia.com\/it\/porto-di-rivani\/#breadcrumb","itemListElement":[{"@type":"ListItem","position":1,"name":"Home","item":"https:\/\/www.ferrycroatia.com\/it\/"},{"@type":"ListItem","position":2,"name":"Porto di Rivanj"}]},{"@type":"WebSite","@id":"https:\/\/www.ferrycroatia.com\/it\/#website","url":"https:\/\/www.ferrycroatia.com\/it\/","name":"Traghetto Croazia","description":"Info e orari per tutti i catamarani e traghetti in Croazia","potentialAction":[{"@type":"SearchAction","target":{"@type":"EntryPoint","urlTemplate":"https:\/\/www.ferrycroatia.com\/it\/?s={search_term_string}"},"query-input":"required name=search_term_string"}],"inLanguage":"en-US"}]}},"_links":{"self":[{"href":"https:\/\/www.ferrycroatia.com\/it\/wp-json\/wp\/v2\/pages\/1630"}],"collection":[{"href":"https:\/\/www.ferrycroatia.com\/it\/wp-json\/wp\/v2\/pages"}],"about":[{"href":"https:\/\/www.ferrycroatia.com\/it\/wp-json\/wp\/v2\/types\/page"}],"author":[{"embeddable":true,"href":"https:\/\/www.ferrycroatia.com\/it\/wp-json\/wp\/v2\/users\/5"}],"replies":[{"embeddable":true,"href":"https:\/\/www.ferrycroatia.com\/it\/wp-json\/wp\/v2\/comments?post=1630"}],"version-history":[{"count":4,"href":"https:\/\/www.ferrycroatia.com\/it\/wp-json\/wp\/v2\/pages\/1630\/revisions"}],"predecessor-version":[{"id":3153,"href":"https:\/\/www.ferrycroatia.com\/it\/wp-json\/wp\/v2\/pages\/1630\/revisions\/3153"}],"wp:attachment":[{"href":"https:\/\/www.ferrycroatia.com\/it\/wp-json\/wp\/v2\/media?parent=1630"}],"curies":[{"name":"wp","href":"https:\/\/api.w.org\/{rel}","templated":true}]}}