{"id":1633,"date":"2021-02-05T09:14:49","date_gmt":"2021-02-05T09:14:49","guid":{"rendered":"https:\/\/ferrycroatia.com\/it\/?page_id=1633"},"modified":"2021-08-19T13:54:24","modified_gmt":"2021-08-19T11:54:24","slug":"porto-di-rogac","status":"publish","type":"page","link":"https:\/\/www.ferrycroatia.com\/it\/porto-di-rogac\/","title":{"rendered":"Porto di Rogac"},"content":{"rendered":"\n<p>Rogac \u00e8 <strong>una piccola citt\u00e0 sul lato nord dell&#8217;isola di Solta<\/strong>. \u00c8 anche il porto principale dell&#8217;isola, collegato alle<strong> altre localit\u00e0 dell&#8217;isola con autobus<\/strong>. Il terminal dei traghetti si trova in un&#8217;ampia baia vicino al centro della citt\u00e0.<\/p>\n\n\n\n<p><span style=\"text-decoration: underline;\"><b>Arrivare e partire dal terminal dei traghetti di Rogac:<\/b><\/span><\/p>\n\n\n\n<p>Come gi\u00e0 menzionato, Rogac \u00e8 una citt\u00e0 sull\u2019isola molto piccola, quindi <strong>non \u00e8 importante dove sia il Suo alloggio<\/strong>, il terminal dei traghetti \u00e8 facilmente raggiungibile a piedi. <strong>Se ha molti bagagli<\/strong>, pu\u00f2 chiamare un taxi che non La dovrebbe costare molto, dato che \u00e8 una distanza piuttosto breve. Se alloggia da qualche altra parte sull&#8217;isola di Solta, \u00e8 abbastanza facile raggiungere Rogac in autobus. La <a href=\"https:\/\/getbybus.com\/it\/bus-da-rogac-solta\">fermata dell&#8217;autobus<\/a> <strong>si trova proprio accanto al terminal dei traghetti<\/strong> e ci sono collegamenti in autobus una volta sceso dal traghetto.<\/p>\n\n\n\n<p><span style=\"text-decoration: underline;\"><b>Arrivare da Rogac all&#8217;Aeroporto di Spalato:<\/b><\/span><\/p>\n\n\n\n<p>Rogac e Spalato sono ben collegate da regolari linee di catamarani e traghetti. Una volta arrivato al porto dei traghetti di Spalato, attraversi semplicemente la strada per raggiungere la stazione principale degli autobus. \u00c8 l\u00ec che prende un bus navetta per l&#8217;aeroporto. Il viaggio dura 30-40 minuti (25 km) e il biglietto costa circa 30 kune = 4 euro. Se porta i bagagli e vuole evitare il fastidio, pu\u00f2 anche noleggiare un trasferimento privato o prendere un taxi dal <a href=\"https:\/\/www.ferrycroatia.com\/it\/porto-di-spalato\/\">porto dei traghetti di Spalato<\/a>.<\/p>\n\n\n\n<p><span style=\"text-decoration: underline;\"><b>Cosa pu\u00f2 trovare al terminal dei traghetti di Rogac:<\/b><\/span><\/p>\n\n\n\n<p>Rogac \u00e8 una piccola citt\u00e0, ma <strong>pu\u00f2 trovare alcuni servizi<\/strong> vicino al terminal dei traghetti: bar, ristoranti, negozi, una biglietteria, ecc.<\/p>\n\n\n\n<p><span style=\"text-decoration: underline;\"><b>Indirizzo del terminal dei traghetti Rogac:<\/b><\/span><\/p>\n\n\n\n<blockquote class=\"wp-block-quote\"><p>D112 32<\/p><p>21430 Rogac (Solta)<\/p><p><strong>Coordinate GPS:<\/strong> 43.39616, 16.29989<\/p><\/blockquote>\n\n\n\n<div class=\"wp-block-image\"><figure class=\"aligncenter\"><img decoding=\"async\" loading=\"lazy\" width=\"800\" height=\"491\" data-src=\"https:\/\/ferrycroatia.com\/it\/wp-content\/uploads\/2021\/02\/Rogac.jpg\" alt=\"\" class=\"wp-image-1635\" data-srcset=\"https:\/\/www.ferrycroatia.com\/it\/wp-content\/uploads\/2021\/02\/Rogac.jpg 800w, https:\/\/www.ferrycroatia.com\/it\/wp-content\/uploads\/2021\/02\/Rogac-300x184.jpg 300w, https:\/\/www.ferrycroatia.com\/it\/wp-content\/uploads\/2021\/02\/Rogac-768x471.jpg 768w\" sizes=\"(max-width: 800px) 100vw, 800px\" \/><\/figure><\/div>\n\n\n\n<p><span style=\"text-decoration: underline;\"><b>L\u2019elenco dei percorsi di traghetto e catamarano da Rogac:<\/b><\/span><\/p>\n\n\n\n<p>Traghetto e catamarano: Spalato &#8211; Rogac (Solta)<\/p>\n\n\n\n<ul><li aria-level=\"1\"><a href=\"https:\/\/www.ferrycroatia.com\/it\/spalato-rogac\/\">Spalato &#8211; Rogac<\/a><\/li><\/ul>\n","protected":false},"excerpt":{"rendered":"<p>Rogac \u00e8 una piccola citt\u00e0 sul lato nord dell&#8217;isola di Solta. \u00c8 anche il porto principale dell&#8217;isola, collegato alle altre localit\u00e0 dell&#8217;isola con autobus. Il terminal dei traghetti si trova in un&#8217;ampia baia vicino al centro della citt\u00e0. Arrivare e partire dal terminal dei traghetti di Rogac: Come gi\u00e0 menzionato, Rogac \u00e8 una citt\u00e0 sull\u2019isola [&hellip;]<\/p>\n<p><a class=\"more-link\" href=\"https:\/\/www.ferrycroatia.com\/it\/porto-di-rogac\/\"> Continue reading&#8230;<\/a><\/p>\n","protected":false},"author":5,"featured_media":1636,"parent":0,"menu_order":0,"comment_status":"closed","ping_status":"closed","template":"","meta":[],"yoast_head":"<!-- This site is optimized with the Yoast SEO plugin v19.8 - https:\/\/yoast.com\/wordpress\/plugins\/seo\/ -->\n<title>Porto di Rogac, partenze e arrivi di traghetti e battelli<\/title>\n<meta name=\"description\" content=\"Porto di Rogac informazioni, posizione e servizi disponibili. Come arrivarci, e tutti i traghetti battelli che partono da e fino a Solta.\" \/>\n<meta name=\"robots\" content=\"index, follow, max-snippet:-1, max-image-preview:large, max-video-preview:-1\" \/>\n<link rel=\"canonical\" href=\"https:\/\/www.ferrycroatia.com\/it\/porto-di-rogac\/\" \/>\n<meta property=\"og:locale\" content=\"en_US\" \/>\n<meta property=\"og:type\" content=\"article\" \/>\n<meta property=\"og:title\" content=\"Porto di Rogac, partenze e arrivi di traghetti e battelli\" \/>\n<meta property=\"og:description\" content=\"Porto di Rogac informazioni, posizione e servizi disponibili. Come arrivarci, e tutti i traghetti battelli che partono da e fino a Solta.\" \/>\n<meta property=\"og:url\" content=\"https:\/\/www.ferrycroatia.com\/it\/porto-di-rogac\/\" \/>\n<meta property=\"og:site_name\" content=\"Traghetto Croazia\" \/>\n<meta property=\"article:modified_time\" content=\"2021-08-19T11:54:24+00:00\" \/>\n<meta property=\"og:image\" content=\"https:\/\/www.ferrycroatia.com\/it\/wp-content\/uploads\/2021\/02\/Rogaz-ferry-terminal-1.jpg\" \/>\n\t<meta property=\"og:image:width\" content=\"1024\" \/>\n\t<meta property=\"og:image:height\" content=\"768\" \/>\n\t<meta property=\"og:image:type\" content=\"image\/jpeg\" \/>\n<meta name=\"twitter:card\" content=\"summary_large_image\" \/>\n<meta name=\"twitter:label1\" content=\"Est. reading time\" \/>\n\t<meta name=\"twitter:data1\" content=\"2 minutes\" \/>\n<script type=\"application\/ld+json\" class=\"yoast-schema-graph\">{\"@context\":\"https:\/\/schema.org\",\"@graph\":[{\"@type\":\"WebPage\",\"@id\":\"https:\/\/www.ferrycroatia.com\/it\/porto-di-rogac\/\",\"url\":\"https:\/\/www.ferrycroatia.com\/it\/porto-di-rogac\/\",\"name\":\"Porto di Rogac, partenze e arrivi di traghetti e battelli\",\"isPartOf\":{\"@id\":\"https:\/\/www.ferrycroatia.com\/it\/#website\"},\"datePublished\":\"2021-02-05T09:14:49+00:00\",\"dateModified\":\"2021-08-19T11:54:24+00:00\",\"description\":\"Porto di Rogac informazioni, posizione e servizi disponibili. Come arrivarci, e tutti i traghetti battelli che partono da e fino a Solta.\",\"breadcrumb\":{\"@id\":\"https:\/\/www.ferrycroatia.com\/it\/porto-di-rogac\/#breadcrumb\"},\"inLanguage\":\"en-US\",\"potentialAction\":[{\"@type\":\"ReadAction\",\"target\":[\"https:\/\/www.ferrycroatia.com\/it\/porto-di-rogac\/\"]}]},{\"@type\":\"BreadcrumbList\",\"@id\":\"https:\/\/www.ferrycroatia.com\/it\/porto-di-rogac\/#breadcrumb\",\"itemListElement\":[{\"@type\":\"ListItem\",\"position\":1,\"name\":\"Home\",\"item\":\"https:\/\/www.ferrycroatia.com\/it\/\"},{\"@type\":\"ListItem\",\"position\":2,\"name\":\"Porto di Rogac\"}]},{\"@type\":\"WebSite\",\"@id\":\"https:\/\/www.ferrycroatia.com\/it\/#website\",\"url\":\"https:\/\/www.ferrycroatia.com\/it\/\",\"name\":\"Traghetto Croazia\",\"description\":\"Info e orari per tutti i catamarani e traghetti in Croazia\",\"potentialAction\":[{\"@type\":\"SearchAction\",\"target\":{\"@type\":\"EntryPoint\",\"urlTemplate\":\"https:\/\/www.ferrycroatia.com\/it\/?s={search_term_string}\"},\"query-input\":\"required name=search_term_string\"}],\"inLanguage\":\"en-US\"}]}<\/script>\n<!-- \/ Yoast SEO plugin. -->","yoast_head_json":{"title":"Porto di Rogac, partenze e arrivi di traghetti e battelli","description":"Porto di Rogac informazioni, posizione e servizi disponibili. Come arrivarci, e tutti i traghetti battelli che partono da e fino a Solta.","robots":{"index":"index","follow":"follow","max-snippet":"max-snippet:-1","max-image-preview":"max-image-preview:large","max-video-preview":"max-video-preview:-1"},"canonical":"https:\/\/www.ferrycroatia.com\/it\/porto-di-rogac\/","og_locale":"en_US","og_type":"article","og_title":"Porto di Rogac, partenze e arrivi di traghetti e battelli","og_description":"Porto di Rogac informazioni, posizione e servizi disponibili. Come arrivarci, e tutti i traghetti battelli che partono da e fino a Solta.","og_url":"https:\/\/www.ferrycroatia.com\/it\/porto-di-rogac\/","og_site_name":"Traghetto Croazia","article_modified_time":"2021-08-19T11:54:24+00:00","og_image":[{"width":1024,"height":768,"url":"https:\/\/www.ferrycroatia.com\/it\/wp-content\/uploads\/2021\/02\/Rogaz-ferry-terminal-1.jpg","type":"image\/jpeg"}],"twitter_card":"summary_large_image","twitter_misc":{"Est. reading time":"2 minutes"},"schema":{"@context":"https:\/\/schema.org","@graph":[{"@type":"WebPage","@id":"https:\/\/www.ferrycroatia.com\/it\/porto-di-rogac\/","url":"https:\/\/www.ferrycroatia.com\/it\/porto-di-rogac\/","name":"Porto di Rogac, partenze e arrivi di traghetti e battelli","isPartOf":{"@id":"https:\/\/www.ferrycroatia.com\/it\/#website"},"datePublished":"2021-02-05T09:14:49+00:00","dateModified":"2021-08-19T11:54:24+00:00","description":"Porto di Rogac informazioni, posizione e servizi disponibili. Come arrivarci, e tutti i traghetti battelli che partono da e fino a Solta.","breadcrumb":{"@id":"https:\/\/www.ferrycroatia.com\/it\/porto-di-rogac\/#breadcrumb"},"inLanguage":"en-US","potentialAction":[{"@type":"ReadAction","target":["https:\/\/www.ferrycroatia.com\/it\/porto-di-rogac\/"]}]},{"@type":"BreadcrumbList","@id":"https:\/\/www.ferrycroatia.com\/it\/porto-di-rogac\/#breadcrumb","itemListElement":[{"@type":"ListItem","position":1,"name":"Home","item":"https:\/\/www.ferrycroatia.com\/it\/"},{"@type":"ListItem","position":2,"name":"Porto di Rogac"}]},{"@type":"WebSite","@id":"https:\/\/www.ferrycroatia.com\/it\/#website","url":"https:\/\/www.ferrycroatia.com\/it\/","name":"Traghetto Croazia","description":"Info e orari per tutti i catamarani e traghetti in Croazia","potentialAction":[{"@type":"SearchAction","target":{"@type":"EntryPoint","urlTemplate":"https:\/\/www.ferrycroatia.com\/it\/?s={search_term_string}"},"query-input":"required name=search_term_string"}],"inLanguage":"en-US"}]}},"_links":{"self":[{"href":"https:\/\/www.ferrycroatia.com\/it\/wp-json\/wp\/v2\/pages\/1633"}],"collection":[{"href":"https:\/\/www.ferrycroatia.com\/it\/wp-json\/wp\/v2\/pages"}],"about":[{"href":"https:\/\/www.ferrycroatia.com\/it\/wp-json\/wp\/v2\/types\/page"}],"author":[{"embeddable":true,"href":"https:\/\/www.ferrycroatia.com\/it\/wp-json\/wp\/v2\/users\/5"}],"replies":[{"embeddable":true,"href":"https:\/\/www.ferrycroatia.com\/it\/wp-json\/wp\/v2\/comments?post=1633"}],"version-history":[{"count":5,"href":"https:\/\/www.ferrycroatia.com\/it\/wp-json\/wp\/v2\/pages\/1633\/revisions"}],"predecessor-version":[{"id":3154,"href":"https:\/\/www.ferrycroatia.com\/it\/wp-json\/wp\/v2\/pages\/1633\/revisions\/3154"}],"wp:featuredmedia":[{"embeddable":true,"href":"https:\/\/www.ferrycroatia.com\/it\/wp-json\/wp\/v2\/media\/1636"}],"wp:attachment":[{"href":"https:\/\/www.ferrycroatia.com\/it\/wp-json\/wp\/v2\/media?parent=1633"}],"curies":[{"name":"wp","href":"https:\/\/api.w.org\/{rel}","templated":true}]}}