{"id":1638,"date":"2021-02-05T09:21:52","date_gmt":"2021-02-05T09:21:52","guid":{"rendered":"https:\/\/ferrycroatia.com\/it\/?page_id=1638"},"modified":"2021-08-19T13:55:07","modified_gmt":"2021-08-19T11:55:07","slug":"porto-di-rovigno","status":"publish","type":"page","link":"https:\/\/www.ferrycroatia.com\/it\/porto-di-rovigno\/","title":{"rendered":"Porto di Rovinj"},"content":{"rendered":"\n<p>Rovigno \u00e8 una citt\u00e0 mediterranea situata <strong>sul lato occidentale della penisola istriana<\/strong>. Tutti i catamarani a Rovigno partono dal molo situato proprio accanto alla penisola dove si trova il centro storico (a sinistra se trovate di fronte al mare).<\/p>\n\n\n\n<p><strong><span style=\"text-decoration: underline;\">Arrivare al porto dei traghetti di Rovigno:<\/span><\/strong><\/p>\n\n\n\n<p>Rovigno \u00e8 una citt\u00e0 davvero piccola e <strong>non ci sono trasporti pubblici regolari<\/strong>. Se alloggiate da qualche parte nella citt\u00e0 di Rovigno, il porto dei catamarani non \u00e8 lontano, anzi \u00e8 facilmente raggiungibile a piedi. Se avete molti bagagli, potete anche prendere un taxi che non coster\u00e0 molto dato che \u00e8 a breve distanza. <strong>Durante i mesi estivi, i battelli turistici sono disponibili<\/strong> se volete raggiungere il centro di Rovigno (e il porto dei catamarani) da alcune famose localit\u00e0 turistiche come Amarin o Villas Rubin.<\/p>\n\n\n\n<p><span style=\"text-decoration: underline;\"><strong>Cosa potete trovare al porto dei catamarani:<\/strong><\/span><\/p>\n\n\n\n<p>Come gi\u00e0 accennato, il<strong> molo da cui parte il catamarano si trova letteralmente nel centro di Rovigno<\/strong>, quindi per tutte le cose che non potete trovare proprio al porto, potete trovarle nel centro del paese nelle vicinanze come ad es. bar, ristoranti, negozi, ecc.<\/p>\n\n\n\n<p><strong><span style=\"text-decoration: underline;\">Indirizzo del porto dei traghetti di Rovigno:<\/span><\/strong><\/p>\n\n\n\n<ul><li>Longitudine: 13.633015<\/li><li>Latitudine: 45,080266<\/li><li>Veliki Mol<\/li><li>52210 Rovinj<\/li><\/ul>\n\n\n\n<div class=\"wp-block-image\"><figure class=\"aligncenter\"><img decoding=\"async\" loading=\"lazy\" width=\"1216\" height=\"1012\" data-src=\"https:\/\/ferrycroatia.com\/it\/wp-content\/uploads\/2021\/02\/Rovinj-catamaran.jpg\" alt=\"\" class=\"wp-image-1642\" data-srcset=\"https:\/\/www.ferrycroatia.com\/it\/wp-content\/uploads\/2021\/02\/Rovinj-catamaran.jpg 1216w, https:\/\/www.ferrycroatia.com\/it\/wp-content\/uploads\/2021\/02\/Rovinj-catamaran-300x250.jpg 300w, https:\/\/www.ferrycroatia.com\/it\/wp-content\/uploads\/2021\/02\/Rovinj-catamaran-1024x852.jpg 1024w, https:\/\/www.ferrycroatia.com\/it\/wp-content\/uploads\/2021\/02\/Rovinj-catamaran-768x639.jpg 768w\" sizes=\"(max-width: 1216px) 100vw, 1216px\" \/><\/figure><\/div>\n\n\n\n<p><span style=\"text-decoration: underline;\"><strong>Elenco delle tratte in catamarano da Rovigno:<\/strong><\/span><\/p>\n\n\n\n<p>\u2192 Catamarano: Venezia &#8211; Umago &#8211; Parenzo &#8211; Rovigno &#8211; Pola<\/p>\n\n\n\n<ul><li><a href=\"https:\/\/www.ferrycroatia.com\/it\/rovigno-venezia\/\">Rovigno &#8211; Venezia<\/a><\/li><\/ul>\n\n\n\n<p>\u2192 Catamarano: Trieste (IT) &#8211; Pirano (SLO) &#8211; Rovigno &#8211; Pola<\/p>\n\n\n\n<ul><li><a href=\"https:\/\/www.ferrycroatia.com\/it\/rovigno-trieste\/\">Rovigno &#8211; Trieste<\/a><\/li><li><a href=\"https:\/\/www.ferrycroatia.com\/it\/rovigno-pirano\/\">Rovigno &#8211; Pirano<\/a><\/li><\/ul>\n","protected":false},"excerpt":{"rendered":"<p>Rovigno \u00e8 una citt\u00e0 mediterranea situata sul lato occidentale della penisola istriana. Tutti i catamarani a Rovigno partono dal molo situato proprio accanto alla penisola dove si trova il centro storico (a sinistra se trovate di fronte al mare). Arrivare al porto dei traghetti di Rovigno: Rovigno \u00e8 una citt\u00e0 davvero piccola e non ci [&hellip;]<\/p>\n<p><a class=\"more-link\" href=\"https:\/\/www.ferrycroatia.com\/it\/porto-di-rovigno\/\"> Continue reading&#8230;<\/a><\/p>\n","protected":false},"author":5,"featured_media":1640,"parent":0,"menu_order":0,"comment_status":"closed","ping_status":"closed","template":"","meta":[],"yoast_head":"<!-- This site is optimized with the Yoast SEO plugin v19.8 - https:\/\/yoast.com\/wordpress\/plugins\/seo\/ -->\n<title>Porto di Rovinj, partenze di catamarani e traghetti veloci<\/title>\n<meta name=\"description\" content=\"Porto di Rovinj informazioni, posizione e servizi disponibili. Come arrivarci, e tutti i traghetti veloci e catamarani che partono da e fino a Rovinj.\" \/>\n<meta name=\"robots\" content=\"index, follow, max-snippet:-1, max-image-preview:large, max-video-preview:-1\" \/>\n<link rel=\"canonical\" href=\"https:\/\/www.ferrycroatia.com\/it\/porto-di-rovigno\/\" \/>\n<meta property=\"og:locale\" content=\"en_US\" \/>\n<meta property=\"og:type\" content=\"article\" \/>\n<meta property=\"og:title\" content=\"Porto di Rovinj, partenze di catamarani e traghetti veloci\" \/>\n<meta property=\"og:description\" content=\"Porto di Rovinj informazioni, posizione e servizi disponibili. Come arrivarci, e tutti i traghetti veloci e catamarani che partono da e fino a Rovinj.\" \/>\n<meta property=\"og:url\" content=\"https:\/\/www.ferrycroatia.com\/it\/porto-di-rovigno\/\" \/>\n<meta property=\"og:site_name\" content=\"Traghetto Croazia\" \/>\n<meta property=\"article:modified_time\" content=\"2021-08-19T11:55:07+00:00\" \/>\n<meta property=\"og:image\" content=\"https:\/\/www.ferrycroatia.com\/it\/wp-content\/uploads\/2021\/02\/Rovinj-1.jpg\" \/>\n\t<meta property=\"og:image:width\" content=\"1024\" \/>\n\t<meta property=\"og:image:height\" content=\"768\" \/>\n\t<meta property=\"og:image:type\" content=\"image\/jpeg\" \/>\n<meta name=\"twitter:card\" content=\"summary_large_image\" \/>\n<meta name=\"twitter:label1\" content=\"Est. reading time\" \/>\n\t<meta name=\"twitter:data1\" content=\"2 minutes\" \/>\n<script type=\"application\/ld+json\" class=\"yoast-schema-graph\">{\"@context\":\"https:\/\/schema.org\",\"@graph\":[{\"@type\":\"WebPage\",\"@id\":\"https:\/\/www.ferrycroatia.com\/it\/porto-di-rovigno\/\",\"url\":\"https:\/\/www.ferrycroatia.com\/it\/porto-di-rovigno\/\",\"name\":\"Porto di Rovinj, partenze di catamarani e traghetti veloci\",\"isPartOf\":{\"@id\":\"https:\/\/www.ferrycroatia.com\/it\/#website\"},\"datePublished\":\"2021-02-05T09:21:52+00:00\",\"dateModified\":\"2021-08-19T11:55:07+00:00\",\"description\":\"Porto di Rovinj informazioni, posizione e servizi disponibili. Come arrivarci, e tutti i traghetti veloci e catamarani che partono da e fino a Rovinj.\",\"breadcrumb\":{\"@id\":\"https:\/\/www.ferrycroatia.com\/it\/porto-di-rovigno\/#breadcrumb\"},\"inLanguage\":\"en-US\",\"potentialAction\":[{\"@type\":\"ReadAction\",\"target\":[\"https:\/\/www.ferrycroatia.com\/it\/porto-di-rovigno\/\"]}]},{\"@type\":\"BreadcrumbList\",\"@id\":\"https:\/\/www.ferrycroatia.com\/it\/porto-di-rovigno\/#breadcrumb\",\"itemListElement\":[{\"@type\":\"ListItem\",\"position\":1,\"name\":\"Home\",\"item\":\"https:\/\/www.ferrycroatia.com\/it\/\"},{\"@type\":\"ListItem\",\"position\":2,\"name\":\"Porto di Rovinj\"}]},{\"@type\":\"WebSite\",\"@id\":\"https:\/\/www.ferrycroatia.com\/it\/#website\",\"url\":\"https:\/\/www.ferrycroatia.com\/it\/\",\"name\":\"Traghetto Croazia\",\"description\":\"Info e orari per tutti i catamarani e traghetti in Croazia\",\"potentialAction\":[{\"@type\":\"SearchAction\",\"target\":{\"@type\":\"EntryPoint\",\"urlTemplate\":\"https:\/\/www.ferrycroatia.com\/it\/?s={search_term_string}\"},\"query-input\":\"required name=search_term_string\"}],\"inLanguage\":\"en-US\"}]}<\/script>\n<!-- \/ Yoast SEO plugin. -->","yoast_head_json":{"title":"Porto di Rovinj, partenze di catamarani e traghetti veloci","description":"Porto di Rovinj informazioni, posizione e servizi disponibili. Come arrivarci, e tutti i traghetti veloci e catamarani che partono da e fino a Rovinj.","robots":{"index":"index","follow":"follow","max-snippet":"max-snippet:-1","max-image-preview":"max-image-preview:large","max-video-preview":"max-video-preview:-1"},"canonical":"https:\/\/www.ferrycroatia.com\/it\/porto-di-rovigno\/","og_locale":"en_US","og_type":"article","og_title":"Porto di Rovinj, partenze di catamarani e traghetti veloci","og_description":"Porto di Rovinj informazioni, posizione e servizi disponibili. Come arrivarci, e tutti i traghetti veloci e catamarani che partono da e fino a Rovinj.","og_url":"https:\/\/www.ferrycroatia.com\/it\/porto-di-rovigno\/","og_site_name":"Traghetto Croazia","article_modified_time":"2021-08-19T11:55:07+00:00","og_image":[{"width":1024,"height":768,"url":"https:\/\/www.ferrycroatia.com\/it\/wp-content\/uploads\/2021\/02\/Rovinj-1.jpg","type":"image\/jpeg"}],"twitter_card":"summary_large_image","twitter_misc":{"Est. reading time":"2 minutes"},"schema":{"@context":"https:\/\/schema.org","@graph":[{"@type":"WebPage","@id":"https:\/\/www.ferrycroatia.com\/it\/porto-di-rovigno\/","url":"https:\/\/www.ferrycroatia.com\/it\/porto-di-rovigno\/","name":"Porto di Rovinj, partenze di catamarani e traghetti veloci","isPartOf":{"@id":"https:\/\/www.ferrycroatia.com\/it\/#website"},"datePublished":"2021-02-05T09:21:52+00:00","dateModified":"2021-08-19T11:55:07+00:00","description":"Porto di Rovinj informazioni, posizione e servizi disponibili. Come arrivarci, e tutti i traghetti veloci e catamarani che partono da e fino a Rovinj.","breadcrumb":{"@id":"https:\/\/www.ferrycroatia.com\/it\/porto-di-rovigno\/#breadcrumb"},"inLanguage":"en-US","potentialAction":[{"@type":"ReadAction","target":["https:\/\/www.ferrycroatia.com\/it\/porto-di-rovigno\/"]}]},{"@type":"BreadcrumbList","@id":"https:\/\/www.ferrycroatia.com\/it\/porto-di-rovigno\/#breadcrumb","itemListElement":[{"@type":"ListItem","position":1,"name":"Home","item":"https:\/\/www.ferrycroatia.com\/it\/"},{"@type":"ListItem","position":2,"name":"Porto di Rovinj"}]},{"@type":"WebSite","@id":"https:\/\/www.ferrycroatia.com\/it\/#website","url":"https:\/\/www.ferrycroatia.com\/it\/","name":"Traghetto Croazia","description":"Info e orari per tutti i catamarani e traghetti in Croazia","potentialAction":[{"@type":"SearchAction","target":{"@type":"EntryPoint","urlTemplate":"https:\/\/www.ferrycroatia.com\/it\/?s={search_term_string}"},"query-input":"required name=search_term_string"}],"inLanguage":"en-US"}]}},"_links":{"self":[{"href":"https:\/\/www.ferrycroatia.com\/it\/wp-json\/wp\/v2\/pages\/1638"}],"collection":[{"href":"https:\/\/www.ferrycroatia.com\/it\/wp-json\/wp\/v2\/pages"}],"about":[{"href":"https:\/\/www.ferrycroatia.com\/it\/wp-json\/wp\/v2\/types\/page"}],"author":[{"embeddable":true,"href":"https:\/\/www.ferrycroatia.com\/it\/wp-json\/wp\/v2\/users\/5"}],"replies":[{"embeddable":true,"href":"https:\/\/www.ferrycroatia.com\/it\/wp-json\/wp\/v2\/comments?post=1638"}],"version-history":[{"count":5,"href":"https:\/\/www.ferrycroatia.com\/it\/wp-json\/wp\/v2\/pages\/1638\/revisions"}],"predecessor-version":[{"id":3155,"href":"https:\/\/www.ferrycroatia.com\/it\/wp-json\/wp\/v2\/pages\/1638\/revisions\/3155"}],"wp:featuredmedia":[{"embeddable":true,"href":"https:\/\/www.ferrycroatia.com\/it\/wp-json\/wp\/v2\/media\/1640"}],"wp:attachment":[{"href":"https:\/\/www.ferrycroatia.com\/it\/wp-json\/wp\/v2\/media?parent=1638"}],"curies":[{"name":"wp","href":"https:\/\/api.w.org\/{rel}","templated":true}]}}