{"id":1644,"date":"2021-02-05T09:29:32","date_gmt":"2021-02-05T09:29:32","guid":{"rendered":"https:\/\/ferrycroatia.com\/it\/?page_id=1644"},"modified":"2021-08-19T13:55:43","modified_gmt":"2021-08-19T11:55:43","slug":"porto-di-sale","status":"publish","type":"page","link":"https:\/\/www.ferrycroatia.com\/it\/porto-di-sale\/","title":{"rendered":"Porto di Sali"},"content":{"rendered":"\n<p><strong>Sale \u00e8 la citt\u00e0 pi\u00f9 grande di <a href=\"https:\/\/www.ferrycroatia.com\/it\/isola-lunga\/\">Isola Lunga<\/a><\/strong>, situata sul lato nord-est. Il molo da cui partono i catamarani si trova proprio nel centro della citt\u00e0, vicino alla passeggiata principale in riva al mare. Sale \u00e8 collegata da linee regolari di catamarani con l<strong>a citt\u00e0 di<a href=\"https:\/\/www.ferrycroatia.com\/it\/porto-di-zaglav\/\"> Zaglava su Isola Lunga<\/a>, il porto Brsanj sull&#8217;isola di Eso e con <a href=\"https:\/\/www.ferrycroatia.com\/it\/porto-di-zara\/\">Zara<\/a><\/strong> &#8211; con il porto principale.<\/p>\n\n\n\n<p><span style=\"text-decoration: underline;\"><b>Arrivare da e per il porto dei catamarani di Sale:<\/b><\/span><\/p>\n\n\n\n<p>Il <strong>tempo di viaggio da e per Sale da Zara \u00e8 di circa 1 ora<\/strong>, che significa che vogliono circa 2 ore per arrivare <a href=\"https:\/\/getbybus.com\/it\/blog\/autobus-aeroporto-di-zara\/\">dall&#8217;Aeroporto di Zara<\/a> a Sale, a condizione che l&#8217;arrivo dell&#8217;aereo corrisponda all&#8217;orario di partenza del catamarano.<\/p>\n\n\n\n<p>Come accennato in precedenza, Sale \u00e8 la citt\u00e0 pi\u00f9 grande dell&#8217;isola, ma comunque piuttosto piccola, quindi non importa dove sia il Suo alloggio, <strong>il molo da cui partono i catamarani \u00e8 facilmente raggiungibile a piedi<\/strong>. Se alloggia in una delle altre citt\u00e0 dell&#8217;isola, pu\u00f2 prendere un taxi o organizzare il trasferimento dal Suo padrone d\u2019appartamento dove soggiorna.<\/p>\n\n\n\n<p><span style=\"text-decoration: underline;\"><b>Cosa pu\u00f2 trovare nel porto dei catamarani di Sale:<\/b><\/span><\/p>\n\n\n\n<p>Anche se \u00e8 una citt\u00e0 molto piccola, Sale ancora ha abbastanza servizi, quindi <strong>pu\u00f2 trovare un ufficio postale, una banca, diversi bar, ristoranti e negozi<\/strong> proprio vicino al porto.<\/p>\n\n\n\n<p><span style=\"text-decoration: underline;\"><b>Indirizzo del porto dei catamarani Sale:<\/b><\/span><\/p>\n\n\n\n<ul><li aria-level=\"1\">Longitudine: 15.166041<\/li><li aria-level=\"1\">Latitudine: 43,937187<\/li><li aria-level=\"1\">23281 Sale (Isola Lunga)<\/li><\/ul>\n\n\n\n<div class=\"wp-block-image\"><figure class=\"aligncenter\"><img decoding=\"async\" loading=\"lazy\" width=\"1024\" height=\"708\" data-src=\"https:\/\/ferrycroatia.com\/it\/wp-content\/uploads\/2021\/02\/Sali-catamaran-port.jpg\" alt=\"\" class=\"wp-image-1646\" data-srcset=\"https:\/\/www.ferrycroatia.com\/it\/wp-content\/uploads\/2021\/02\/Sali-catamaran-port.jpg 1024w, https:\/\/www.ferrycroatia.com\/it\/wp-content\/uploads\/2021\/02\/Sali-catamaran-port-300x207.jpg 300w, https:\/\/www.ferrycroatia.com\/it\/wp-content\/uploads\/2021\/02\/Sali-catamaran-port-768x531.jpg 768w\" sizes=\"(max-width: 1024px) 100vw, 1024px\" \/><\/figure><\/div>\n\n\n\n<p><span style=\"text-decoration: underline;\"><b>Elenco dei percorsi in catamarano da e per Sale:<\/b><\/span><\/p>\n\n\n\n<ul><li aria-level=\"1\"><a href=\"https:\/\/www.ferrycroatia.com\/it\/sali-zara\/\">Sale &#8211; Zara<\/a><\/li><li aria-level=\"1\">Sale &#8211; Zaglava (Isola Lunga)<\/li><li aria-level=\"1\">Sale &#8211; Brsanj (Eso)<\/li><\/ul>\n","protected":false},"excerpt":{"rendered":"<p>Sale \u00e8 la citt\u00e0 pi\u00f9 grande di Isola Lunga, situata sul lato nord-est. Il molo da cui partono i catamarani si trova proprio nel centro della citt\u00e0, vicino alla passeggiata principale in riva al mare. Sale \u00e8 collegata da linee regolari di catamarani con la citt\u00e0 di Zaglava su Isola Lunga, il porto Brsanj sull&#8217;isola [&hellip;]<\/p>\n<p><a class=\"more-link\" href=\"https:\/\/www.ferrycroatia.com\/it\/porto-di-sale\/\"> Continue reading&#8230;<\/a><\/p>\n","protected":false},"author":5,"featured_media":0,"parent":0,"menu_order":0,"comment_status":"closed","ping_status":"closed","template":"","meta":[],"yoast_head":"<!-- This site is optimized with the Yoast SEO plugin v19.8 - https:\/\/yoast.com\/wordpress\/plugins\/seo\/ -->\n<title>Porto di Sali, partenze di catamarani e traghetti veloci<\/title>\n<meta name=\"description\" content=\"Porto di Sali informazioni, posizione e servizi disponibili. Come arrivarci, e tutti i traghetti veloci e catamarani che partono da e fino a Dugi Otok.\" \/>\n<meta name=\"robots\" content=\"index, follow, max-snippet:-1, max-image-preview:large, max-video-preview:-1\" \/>\n<link rel=\"canonical\" href=\"https:\/\/www.ferrycroatia.com\/it\/porto-di-sale\/\" \/>\n<meta property=\"og:locale\" content=\"en_US\" \/>\n<meta property=\"og:type\" content=\"article\" \/>\n<meta property=\"og:title\" content=\"Porto di Sali, partenze di catamarani e traghetti veloci\" \/>\n<meta property=\"og:description\" content=\"Porto di Sali informazioni, posizione e servizi disponibili. Come arrivarci, e tutti i traghetti veloci e catamarani che partono da e fino a Dugi Otok.\" \/>\n<meta property=\"og:url\" content=\"https:\/\/www.ferrycroatia.com\/it\/porto-di-sale\/\" \/>\n<meta property=\"og:site_name\" content=\"Traghetto Croazia\" \/>\n<meta property=\"article:modified_time\" content=\"2021-08-19T11:55:43+00:00\" \/>\n<meta property=\"og:image\" content=\"https:\/\/ferrycroatia.com\/it\/wp-content\/uploads\/2021\/02\/Sali-catamaran-port.jpg\" \/>\n<meta name=\"twitter:card\" content=\"summary_large_image\" \/>\n<meta name=\"twitter:label1\" content=\"Est. reading time\" \/>\n\t<meta name=\"twitter:data1\" content=\"2 minutes\" \/>\n<script type=\"application\/ld+json\" class=\"yoast-schema-graph\">{\"@context\":\"https:\/\/schema.org\",\"@graph\":[{\"@type\":\"WebPage\",\"@id\":\"https:\/\/www.ferrycroatia.com\/it\/porto-di-sale\/\",\"url\":\"https:\/\/www.ferrycroatia.com\/it\/porto-di-sale\/\",\"name\":\"Porto di Sali, partenze di catamarani e traghetti veloci\",\"isPartOf\":{\"@id\":\"https:\/\/www.ferrycroatia.com\/it\/#website\"},\"datePublished\":\"2021-02-05T09:29:32+00:00\",\"dateModified\":\"2021-08-19T11:55:43+00:00\",\"description\":\"Porto di Sali informazioni, posizione e servizi disponibili. Come arrivarci, e tutti i traghetti veloci e catamarani che partono da e fino a Dugi Otok.\",\"breadcrumb\":{\"@id\":\"https:\/\/www.ferrycroatia.com\/it\/porto-di-sale\/#breadcrumb\"},\"inLanguage\":\"en-US\",\"potentialAction\":[{\"@type\":\"ReadAction\",\"target\":[\"https:\/\/www.ferrycroatia.com\/it\/porto-di-sale\/\"]}]},{\"@type\":\"BreadcrumbList\",\"@id\":\"https:\/\/www.ferrycroatia.com\/it\/porto-di-sale\/#breadcrumb\",\"itemListElement\":[{\"@type\":\"ListItem\",\"position\":1,\"name\":\"Home\",\"item\":\"https:\/\/www.ferrycroatia.com\/it\/\"},{\"@type\":\"ListItem\",\"position\":2,\"name\":\"Porto di Sali\"}]},{\"@type\":\"WebSite\",\"@id\":\"https:\/\/www.ferrycroatia.com\/it\/#website\",\"url\":\"https:\/\/www.ferrycroatia.com\/it\/\",\"name\":\"Traghetto Croazia\",\"description\":\"Info e orari per tutti i catamarani e traghetti in Croazia\",\"potentialAction\":[{\"@type\":\"SearchAction\",\"target\":{\"@type\":\"EntryPoint\",\"urlTemplate\":\"https:\/\/www.ferrycroatia.com\/it\/?s={search_term_string}\"},\"query-input\":\"required name=search_term_string\"}],\"inLanguage\":\"en-US\"}]}<\/script>\n<!-- \/ Yoast SEO plugin. -->","yoast_head_json":{"title":"Porto di Sali, partenze di catamarani e traghetti veloci","description":"Porto di Sali informazioni, posizione e servizi disponibili. Come arrivarci, e tutti i traghetti veloci e catamarani che partono da e fino a Dugi Otok.","robots":{"index":"index","follow":"follow","max-snippet":"max-snippet:-1","max-image-preview":"max-image-preview:large","max-video-preview":"max-video-preview:-1"},"canonical":"https:\/\/www.ferrycroatia.com\/it\/porto-di-sale\/","og_locale":"en_US","og_type":"article","og_title":"Porto di Sali, partenze di catamarani e traghetti veloci","og_description":"Porto di Sali informazioni, posizione e servizi disponibili. Come arrivarci, e tutti i traghetti veloci e catamarani che partono da e fino a Dugi Otok.","og_url":"https:\/\/www.ferrycroatia.com\/it\/porto-di-sale\/","og_site_name":"Traghetto Croazia","article_modified_time":"2021-08-19T11:55:43+00:00","og_image":[{"url":"https:\/\/ferrycroatia.com\/it\/wp-content\/uploads\/2021\/02\/Sali-catamaran-port.jpg"}],"twitter_card":"summary_large_image","twitter_misc":{"Est. reading time":"2 minutes"},"schema":{"@context":"https:\/\/schema.org","@graph":[{"@type":"WebPage","@id":"https:\/\/www.ferrycroatia.com\/it\/porto-di-sale\/","url":"https:\/\/www.ferrycroatia.com\/it\/porto-di-sale\/","name":"Porto di Sali, partenze di catamarani e traghetti veloci","isPartOf":{"@id":"https:\/\/www.ferrycroatia.com\/it\/#website"},"datePublished":"2021-02-05T09:29:32+00:00","dateModified":"2021-08-19T11:55:43+00:00","description":"Porto di Sali informazioni, posizione e servizi disponibili. Come arrivarci, e tutti i traghetti veloci e catamarani che partono da e fino a Dugi Otok.","breadcrumb":{"@id":"https:\/\/www.ferrycroatia.com\/it\/porto-di-sale\/#breadcrumb"},"inLanguage":"en-US","potentialAction":[{"@type":"ReadAction","target":["https:\/\/www.ferrycroatia.com\/it\/porto-di-sale\/"]}]},{"@type":"BreadcrumbList","@id":"https:\/\/www.ferrycroatia.com\/it\/porto-di-sale\/#breadcrumb","itemListElement":[{"@type":"ListItem","position":1,"name":"Home","item":"https:\/\/www.ferrycroatia.com\/it\/"},{"@type":"ListItem","position":2,"name":"Porto di Sali"}]},{"@type":"WebSite","@id":"https:\/\/www.ferrycroatia.com\/it\/#website","url":"https:\/\/www.ferrycroatia.com\/it\/","name":"Traghetto Croazia","description":"Info e orari per tutti i catamarani e traghetti in Croazia","potentialAction":[{"@type":"SearchAction","target":{"@type":"EntryPoint","urlTemplate":"https:\/\/www.ferrycroatia.com\/it\/?s={search_term_string}"},"query-input":"required name=search_term_string"}],"inLanguage":"en-US"}]}},"_links":{"self":[{"href":"https:\/\/www.ferrycroatia.com\/it\/wp-json\/wp\/v2\/pages\/1644"}],"collection":[{"href":"https:\/\/www.ferrycroatia.com\/it\/wp-json\/wp\/v2\/pages"}],"about":[{"href":"https:\/\/www.ferrycroatia.com\/it\/wp-json\/wp\/v2\/types\/page"}],"author":[{"embeddable":true,"href":"https:\/\/www.ferrycroatia.com\/it\/wp-json\/wp\/v2\/users\/5"}],"replies":[{"embeddable":true,"href":"https:\/\/www.ferrycroatia.com\/it\/wp-json\/wp\/v2\/comments?post=1644"}],"version-history":[{"count":5,"href":"https:\/\/www.ferrycroatia.com\/it\/wp-json\/wp\/v2\/pages\/1644\/revisions"}],"predecessor-version":[{"id":3156,"href":"https:\/\/www.ferrycroatia.com\/it\/wp-json\/wp\/v2\/pages\/1644\/revisions\/3156"}],"wp:attachment":[{"href":"https:\/\/www.ferrycroatia.com\/it\/wp-json\/wp\/v2\/media?parent=1644"}],"curies":[{"name":"wp","href":"https:\/\/api.w.org\/{rel}","templated":true}]}}