{"id":1657,"date":"2021-02-05T09:54:03","date_gmt":"2021-02-05T09:54:03","guid":{"rendered":"https:\/\/ferrycroatia.com\/it\/?page_id=1657"},"modified":"2021-08-19T13:57:01","modified_gmt":"2021-08-19T11:57:01","slug":"porto-di-selve","status":"publish","type":"page","link":"https:\/\/www.ferrycroatia.com\/it\/porto-di-selve\/","title":{"rendered":"Porto di Silba"},"content":{"rendered":"\n<p>Selve (Silba) \u00e8 un&#8217;isola <strong>situata a nord-ovest della citt\u00e0 di Zara<\/strong>, tra le isole di Olib e Premuda. <strong>L&#8217;unico terminal dei traghetti si trova nella citt\u00e0 di Selve<\/strong> &#8211; collegata da linee di traghetti e catamarani con Zara e le isole di Olib, Premuda e Lussino. Un\u2019<strong>isola ideale e perfetta per una vacanza tranquilla e serena<\/strong>.&nbsp; \u00c8 abbastanza facile raggiungere la terraferma e visitare le citt\u00e0 di Zara e Sebenico e i parchi nazionali di Kornati e Krka. Inoltre se volete, \u00e8 possibile visitare anche le isole di Premuda, Lussino e Olib.<\/p>\n\n\n\n<p><span style=\"text-decoration: underline;\"><strong>Arrivare al terminal dei traghetti di Selve:<\/strong><\/span><\/p>\n\n\n\n<p>Come gi\u00e0 accennato, Selve \u00e8 un piccolo paese dove il <strong>terminal dei traghetti non si trova lontano dal centro<\/strong>, quindi non importa dove sia il vostro alloggio siccome tutto necessario \u00e8 facilmente raggiungibile a piedi.<\/p>\n\n\n\n<p><span style=\"text-decoration: underline;\"><strong>Cosa potete trovare al terminal dei traghetti di Selve:<\/strong><\/span><\/p>\n\n\n\n<p>La citt\u00e0 di <strong>Selve \u00e8 una cittadina davvero piccola<\/strong>, quindi nelle vicinanze non troverete molte cose: alcuni ristoranti, bar, un ufficio postale, ecc.<\/p>\n\n\n\n<p><span style=\"text-decoration: underline;\"><strong>Indirizzo del terminal traghetti Selve:<\/strong><\/span><\/p>\n\n\n\n<ul><li>Longitudine: 14.691785<\/li><li>Latitudine: 44,373697<\/li><li>23295 Silba (Silba)<\/li><\/ul>\n\n\n\n<div class=\"wp-block-image\"><figure class=\"aligncenter\"><img decoding=\"async\" loading=\"lazy\" width=\"1025\" height=\"629\" data-src=\"https:\/\/ferrycroatia.com\/it\/wp-content\/uploads\/2021\/02\/Silba-ferry-terminal.jpg\" alt=\"\" class=\"wp-image-1659\" data-srcset=\"https:\/\/www.ferrycroatia.com\/it\/wp-content\/uploads\/2021\/02\/Silba-ferry-terminal.jpg 1025w, https:\/\/www.ferrycroatia.com\/it\/wp-content\/uploads\/2021\/02\/Silba-ferry-terminal-300x184.jpg 300w, https:\/\/www.ferrycroatia.com\/it\/wp-content\/uploads\/2021\/02\/Silba-ferry-terminal-768x471.jpg 768w\" sizes=\"(max-width: 1025px) 100vw, 1025px\" \/><\/figure><\/div>\n\n\n\n<p><span style=\"text-decoration: underline;\"><strong>Elenco delle tratte:<\/strong><\/span><\/p>\n\n\n\n<p>\u2192 Traghetto: Zara (Ga\u017eenica) &#8211; Ist &#8211; Olib &#8211; Selve &#8211; Premuda &#8211; Lussinpiccolo<\/p>\n\n\n\n<ul><li><a href=\"https:\/\/www.ferrycroatia.com\/it\/selve-zara\/\">Selve &#8211; Zara<\/a><\/li><li><a href=\"https:\/\/www.ferrycroatia.com\/it\/selve-isto\/\">Selve &#8211; Ist<\/a><\/li><li><a href=\"https:\/\/www.ferrycroatia.com\/it\/selve-olib\/\">Selve &#8211; Olib<\/a><\/li><li><a href=\"https:\/\/www.ferrycroatia.com\/it\/selve-premuda\/\">Selve &#8211; Premuda<\/a><\/li><li><a href=\"https:\/\/www.ferrycroatia.com\/it\/selve-lussinpiccolo\/\">Selve &#8211; Lussinpiccolo<\/a><\/li><\/ul>\n\n\n\n<p>\u2192 Catamarano: Zara &#8211; Premuda (Krijal) &#8211;&nbsp; Selve &#8211; Olib<\/p>\n","protected":false},"excerpt":{"rendered":"<p>Selve (Silba) \u00e8 un&#8217;isola situata a nord-ovest della citt\u00e0 di Zara, tra le isole di Olib e Premuda. L&#8217;unico terminal dei traghetti si trova nella citt\u00e0 di Selve &#8211; collegata da linee di traghetti e catamarani con Zara e le isole di Olib, Premuda e Lussino. Un\u2019isola ideale e perfetta per una vacanza tranquilla e [&hellip;]<\/p>\n<p><a class=\"more-link\" href=\"https:\/\/www.ferrycroatia.com\/it\/porto-di-selve\/\"> Continue reading&#8230;<\/a><\/p>\n","protected":false},"author":5,"featured_media":0,"parent":0,"menu_order":0,"comment_status":"closed","ping_status":"closed","template":"","meta":[],"yoast_head":"<!-- This site is optimized with the Yoast SEO plugin v19.8 - https:\/\/yoast.com\/wordpress\/plugins\/seo\/ -->\n<title>Porto di Silba, partenze dei traghetti e catamarani<\/title>\n<meta name=\"description\" content=\"Porto di Silba informazioni, posizione e servizi disponibili. Come arrivarci, e tutti i traghetti e catamarani che partono da e fino a Silba.\" \/>\n<meta name=\"robots\" content=\"index, follow, max-snippet:-1, max-image-preview:large, max-video-preview:-1\" \/>\n<link rel=\"canonical\" href=\"https:\/\/www.ferrycroatia.com\/it\/porto-di-selve\/\" \/>\n<meta property=\"og:locale\" content=\"en_US\" \/>\n<meta property=\"og:type\" content=\"article\" \/>\n<meta property=\"og:title\" content=\"Porto di Silba, partenze dei traghetti e catamarani\" \/>\n<meta property=\"og:description\" content=\"Porto di Silba informazioni, posizione e servizi disponibili. Come arrivarci, e tutti i traghetti e catamarani che partono da e fino a Silba.\" \/>\n<meta property=\"og:url\" content=\"https:\/\/www.ferrycroatia.com\/it\/porto-di-selve\/\" \/>\n<meta property=\"og:site_name\" content=\"Traghetto Croazia\" \/>\n<meta property=\"article:modified_time\" content=\"2021-08-19T11:57:01+00:00\" \/>\n<meta property=\"og:image\" content=\"https:\/\/ferrycroatia.com\/it\/wp-content\/uploads\/2021\/02\/Silba-ferry-terminal.jpg\" \/>\n<meta name=\"twitter:card\" content=\"summary_large_image\" \/>\n<meta name=\"twitter:label1\" content=\"Est. reading time\" \/>\n\t<meta name=\"twitter:data1\" content=\"2 minutes\" \/>\n<script type=\"application\/ld+json\" class=\"yoast-schema-graph\">{\"@context\":\"https:\/\/schema.org\",\"@graph\":[{\"@type\":\"WebPage\",\"@id\":\"https:\/\/www.ferrycroatia.com\/it\/porto-di-selve\/\",\"url\":\"https:\/\/www.ferrycroatia.com\/it\/porto-di-selve\/\",\"name\":\"Porto di Silba, partenze dei traghetti e catamarani\",\"isPartOf\":{\"@id\":\"https:\/\/www.ferrycroatia.com\/it\/#website\"},\"datePublished\":\"2021-02-05T09:54:03+00:00\",\"dateModified\":\"2021-08-19T11:57:01+00:00\",\"description\":\"Porto di Silba informazioni, posizione e servizi disponibili. Come arrivarci, e tutti i traghetti e catamarani che partono da e fino a Silba.\",\"breadcrumb\":{\"@id\":\"https:\/\/www.ferrycroatia.com\/it\/porto-di-selve\/#breadcrumb\"},\"inLanguage\":\"en-US\",\"potentialAction\":[{\"@type\":\"ReadAction\",\"target\":[\"https:\/\/www.ferrycroatia.com\/it\/porto-di-selve\/\"]}]},{\"@type\":\"BreadcrumbList\",\"@id\":\"https:\/\/www.ferrycroatia.com\/it\/porto-di-selve\/#breadcrumb\",\"itemListElement\":[{\"@type\":\"ListItem\",\"position\":1,\"name\":\"Home\",\"item\":\"https:\/\/www.ferrycroatia.com\/it\/\"},{\"@type\":\"ListItem\",\"position\":2,\"name\":\"Porto di Silba\"}]},{\"@type\":\"WebSite\",\"@id\":\"https:\/\/www.ferrycroatia.com\/it\/#website\",\"url\":\"https:\/\/www.ferrycroatia.com\/it\/\",\"name\":\"Traghetto Croazia\",\"description\":\"Info e orari per tutti i catamarani e traghetti in Croazia\",\"potentialAction\":[{\"@type\":\"SearchAction\",\"target\":{\"@type\":\"EntryPoint\",\"urlTemplate\":\"https:\/\/www.ferrycroatia.com\/it\/?s={search_term_string}\"},\"query-input\":\"required name=search_term_string\"}],\"inLanguage\":\"en-US\"}]}<\/script>\n<!-- \/ Yoast SEO plugin. -->","yoast_head_json":{"title":"Porto di Silba, partenze dei traghetti e catamarani","description":"Porto di Silba informazioni, posizione e servizi disponibili. Come arrivarci, e tutti i traghetti e catamarani che partono da e fino a Silba.","robots":{"index":"index","follow":"follow","max-snippet":"max-snippet:-1","max-image-preview":"max-image-preview:large","max-video-preview":"max-video-preview:-1"},"canonical":"https:\/\/www.ferrycroatia.com\/it\/porto-di-selve\/","og_locale":"en_US","og_type":"article","og_title":"Porto di Silba, partenze dei traghetti e catamarani","og_description":"Porto di Silba informazioni, posizione e servizi disponibili. Come arrivarci, e tutti i traghetti e catamarani che partono da e fino a Silba.","og_url":"https:\/\/www.ferrycroatia.com\/it\/porto-di-selve\/","og_site_name":"Traghetto Croazia","article_modified_time":"2021-08-19T11:57:01+00:00","og_image":[{"url":"https:\/\/ferrycroatia.com\/it\/wp-content\/uploads\/2021\/02\/Silba-ferry-terminal.jpg"}],"twitter_card":"summary_large_image","twitter_misc":{"Est. reading time":"2 minutes"},"schema":{"@context":"https:\/\/schema.org","@graph":[{"@type":"WebPage","@id":"https:\/\/www.ferrycroatia.com\/it\/porto-di-selve\/","url":"https:\/\/www.ferrycroatia.com\/it\/porto-di-selve\/","name":"Porto di Silba, partenze dei traghetti e catamarani","isPartOf":{"@id":"https:\/\/www.ferrycroatia.com\/it\/#website"},"datePublished":"2021-02-05T09:54:03+00:00","dateModified":"2021-08-19T11:57:01+00:00","description":"Porto di Silba informazioni, posizione e servizi disponibili. Come arrivarci, e tutti i traghetti e catamarani che partono da e fino a Silba.","breadcrumb":{"@id":"https:\/\/www.ferrycroatia.com\/it\/porto-di-selve\/#breadcrumb"},"inLanguage":"en-US","potentialAction":[{"@type":"ReadAction","target":["https:\/\/www.ferrycroatia.com\/it\/porto-di-selve\/"]}]},{"@type":"BreadcrumbList","@id":"https:\/\/www.ferrycroatia.com\/it\/porto-di-selve\/#breadcrumb","itemListElement":[{"@type":"ListItem","position":1,"name":"Home","item":"https:\/\/www.ferrycroatia.com\/it\/"},{"@type":"ListItem","position":2,"name":"Porto di Silba"}]},{"@type":"WebSite","@id":"https:\/\/www.ferrycroatia.com\/it\/#website","url":"https:\/\/www.ferrycroatia.com\/it\/","name":"Traghetto Croazia","description":"Info e orari per tutti i catamarani e traghetti in Croazia","potentialAction":[{"@type":"SearchAction","target":{"@type":"EntryPoint","urlTemplate":"https:\/\/www.ferrycroatia.com\/it\/?s={search_term_string}"},"query-input":"required name=search_term_string"}],"inLanguage":"en-US"}]}},"_links":{"self":[{"href":"https:\/\/www.ferrycroatia.com\/it\/wp-json\/wp\/v2\/pages\/1657"}],"collection":[{"href":"https:\/\/www.ferrycroatia.com\/it\/wp-json\/wp\/v2\/pages"}],"about":[{"href":"https:\/\/www.ferrycroatia.com\/it\/wp-json\/wp\/v2\/types\/page"}],"author":[{"embeddable":true,"href":"https:\/\/www.ferrycroatia.com\/it\/wp-json\/wp\/v2\/users\/5"}],"replies":[{"embeddable":true,"href":"https:\/\/www.ferrycroatia.com\/it\/wp-json\/wp\/v2\/comments?post=1657"}],"version-history":[{"count":6,"href":"https:\/\/www.ferrycroatia.com\/it\/wp-json\/wp\/v2\/pages\/1657\/revisions"}],"predecessor-version":[{"id":3158,"href":"https:\/\/www.ferrycroatia.com\/it\/wp-json\/wp\/v2\/pages\/1657\/revisions\/3158"}],"wp:attachment":[{"href":"https:\/\/www.ferrycroatia.com\/it\/wp-json\/wp\/v2\/media?parent=1657"}],"curies":[{"name":"wp","href":"https:\/\/api.w.org\/{rel}","templated":true}]}}