{"id":1698,"date":"2021-02-05T10:20:05","date_gmt":"2021-02-05T10:20:05","guid":{"rendered":"https:\/\/ferrycroatia.com\/it\/?page_id=1698"},"modified":"2021-08-19T13:59:15","modified_gmt":"2021-08-19T11:59:15","slug":"porto-di-slatine-ciovo","status":"publish","type":"page","link":"https:\/\/www.ferrycroatia.com\/it\/porto-di-slatine-ciovo\/","title":{"rendered":"Porto di Slatine"},"content":{"rendered":"\n<p>Slatine \u00e8 una piccola citt\u00e0 <strong>sul lato nord-est dell&#8217;isola di Ciovo (Bua)<\/strong>. \u00c8 collegata da linee stagionali di navi e catamarani (<a href=\"https:\/\/www.ferrycroatia.com\/it\/bura-line\/\"><strong>Bura Line<\/strong><\/a>) con Spalato e Trogir (Tra\u00f9). Il porto di Slatine si trova nel centro della citt\u00e0, molto vicino alla passeggiata principale in riva al mare.<\/p>\n\n\n\n<p><b>Arrivare e partire dal porto di Slatine:<\/b><\/p>\n\n\n\n<p>Slatine \u00e8 collegata a Trogir e ad altre citt\u00e0 dell&#8217;isola di Ciovo da una linea di autobus locale (linea n. 42). La stazione degli autobus di Slatine si trova a pochi passi dal porto, quindi \u00e8 facilmente raggiungibile a piedi. Per la posizione esatta, fare clic <a href=\"https:\/\/getbybus.com\/it\/bus-da-bagno-di-bua\">qui<\/a>.<\/p>\n\n\n\n<p><strong>Slatine \u00e8 una cittadina sull&#8217;isola di Ciovo<\/strong> e non importa dove sia il vostro alloggio a Slatine, il porto \u00e8 facilmente raggiungibile a piedi. Potete prendere un taxi se siete con i bagagli, il che non dovrebbe costarvi molto dato che \u00e8 una distanza piuttosto piccola.<\/p>\n\n\n\n<p><b>Cosa potete trovare nel porto di Slatine:<\/b><\/p>\n\n\n\n<p>Come gi\u00e0 accennato, Slatine \u00e8 una cittadina davvero piccola e il porto si trova proprio al centro di essa. Ovviamente tutte le strutture della citt\u00e0 sono situate vicino al porto: bar, ristoranti, negozi, ecc.<\/p>\n\n\n\n<p><b>Indirizzo del porto di Slatine:<\/b><\/p>\n\n\n\n<ul><li>Longitudine: 16.338406<\/li><li>Latitudine: 43.499473<\/li><li>Put Porta<\/li><li>21224 Slatine (Ciovo)<\/li><\/ul>\n\n\n\n<div class=\"wp-block-image\"><figure class=\"aligncenter\"><img decoding=\"async\" loading=\"lazy\" width=\"1024\" height=\"537\" data-src=\"https:\/\/ferrycroatia.com\/it\/wp-content\/uploads\/2021\/02\/Slatine-bura-line.jpg\" alt=\"\" class=\"wp-image-1700\" data-srcset=\"https:\/\/www.ferrycroatia.com\/it\/wp-content\/uploads\/2021\/02\/Slatine-bura-line.jpg 1024w, https:\/\/www.ferrycroatia.com\/it\/wp-content\/uploads\/2021\/02\/Slatine-bura-line-300x157.jpg 300w, https:\/\/www.ferrycroatia.com\/it\/wp-content\/uploads\/2021\/02\/Slatine-bura-line-768x403.jpg 768w\" sizes=\"(max-width: 1024px) 100vw, 1024px\" \/><\/figure><\/div>\n\n\n\n<p><b>Elenco delle rotte da \/ per Slatine:<\/b><\/p>\n\n\n\n<p>Nave passeggeri: Spalato &#8211; Slatine (Ciovo) &#8211; Trogir (Bura Line)<\/p>\n\n\n\n<ul><li>Slatine &#8211; Trogir<\/li><li>Slatine &#8211; Spalato<\/li><\/ul>\n","protected":false},"excerpt":{"rendered":"<p>Slatine \u00e8 una piccola citt\u00e0 sul lato nord-est dell&#8217;isola di Ciovo (Bua). \u00c8 collegata da linee stagionali di navi e catamarani (Bura Line) con Spalato e Trogir (Tra\u00f9). Il porto di Slatine si trova nel centro della citt\u00e0, molto vicino alla passeggiata principale in riva al mare. Arrivare e partire dal porto di Slatine: Slatine [&hellip;]<\/p>\n<p><a class=\"more-link\" href=\"https:\/\/www.ferrycroatia.com\/it\/porto-di-slatine-ciovo\/\"> Continue reading&#8230;<\/a><\/p>\n","protected":false},"author":5,"featured_media":0,"parent":0,"menu_order":0,"comment_status":"closed","ping_status":"closed","template":"","meta":[],"yoast_head":"<!-- This site is optimized with the Yoast SEO plugin v19.8 - https:\/\/yoast.com\/wordpress\/plugins\/seo\/ -->\n<title>Porto di Slatine, partenze e arrivi di traghetti e battelli<\/title>\n<meta name=\"description\" content=\"Porto di Slatine informazioni, posizione e servizi disponibili. Come arrivarci, e tutti i traghetti battelli che partono da e fino a Ciovo.\" \/>\n<meta name=\"robots\" content=\"index, follow, max-snippet:-1, max-image-preview:large, max-video-preview:-1\" \/>\n<link rel=\"canonical\" href=\"https:\/\/www.ferrycroatia.com\/it\/porto-di-slatine-ciovo\/\" \/>\n<meta property=\"og:locale\" content=\"en_US\" \/>\n<meta property=\"og:type\" content=\"article\" \/>\n<meta property=\"og:title\" content=\"Porto di Slatine, partenze e arrivi di traghetti e battelli\" \/>\n<meta property=\"og:description\" content=\"Porto di Slatine informazioni, posizione e servizi disponibili. Come arrivarci, e tutti i traghetti battelli che partono da e fino a Ciovo.\" \/>\n<meta property=\"og:url\" content=\"https:\/\/www.ferrycroatia.com\/it\/porto-di-slatine-ciovo\/\" \/>\n<meta property=\"og:site_name\" content=\"Traghetto Croazia\" \/>\n<meta property=\"article:modified_time\" content=\"2021-08-19T11:59:15+00:00\" \/>\n<meta property=\"og:image\" content=\"https:\/\/ferrycroatia.com\/it\/wp-content\/uploads\/2021\/02\/Slatine-bura-line.jpg\" \/>\n<meta name=\"twitter:card\" content=\"summary_large_image\" \/>\n<meta name=\"twitter:label1\" content=\"Est. reading time\" \/>\n\t<meta name=\"twitter:data1\" content=\"2 minutes\" \/>\n<script type=\"application\/ld+json\" class=\"yoast-schema-graph\">{\"@context\":\"https:\/\/schema.org\",\"@graph\":[{\"@type\":\"WebPage\",\"@id\":\"https:\/\/www.ferrycroatia.com\/it\/porto-di-slatine-ciovo\/\",\"url\":\"https:\/\/www.ferrycroatia.com\/it\/porto-di-slatine-ciovo\/\",\"name\":\"Porto di Slatine, partenze e arrivi di traghetti e battelli\",\"isPartOf\":{\"@id\":\"https:\/\/www.ferrycroatia.com\/it\/#website\"},\"datePublished\":\"2021-02-05T10:20:05+00:00\",\"dateModified\":\"2021-08-19T11:59:15+00:00\",\"description\":\"Porto di Slatine informazioni, posizione e servizi disponibili. Come arrivarci, e tutti i traghetti battelli che partono da e fino a Ciovo.\",\"breadcrumb\":{\"@id\":\"https:\/\/www.ferrycroatia.com\/it\/porto-di-slatine-ciovo\/#breadcrumb\"},\"inLanguage\":\"en-US\",\"potentialAction\":[{\"@type\":\"ReadAction\",\"target\":[\"https:\/\/www.ferrycroatia.com\/it\/porto-di-slatine-ciovo\/\"]}]},{\"@type\":\"BreadcrumbList\",\"@id\":\"https:\/\/www.ferrycroatia.com\/it\/porto-di-slatine-ciovo\/#breadcrumb\",\"itemListElement\":[{\"@type\":\"ListItem\",\"position\":1,\"name\":\"Home\",\"item\":\"https:\/\/www.ferrycroatia.com\/it\/\"},{\"@type\":\"ListItem\",\"position\":2,\"name\":\"Porto di Slatine\"}]},{\"@type\":\"WebSite\",\"@id\":\"https:\/\/www.ferrycroatia.com\/it\/#website\",\"url\":\"https:\/\/www.ferrycroatia.com\/it\/\",\"name\":\"Traghetto Croazia\",\"description\":\"Info e orari per tutti i catamarani e traghetti in Croazia\",\"potentialAction\":[{\"@type\":\"SearchAction\",\"target\":{\"@type\":\"EntryPoint\",\"urlTemplate\":\"https:\/\/www.ferrycroatia.com\/it\/?s={search_term_string}\"},\"query-input\":\"required name=search_term_string\"}],\"inLanguage\":\"en-US\"}]}<\/script>\n<!-- \/ Yoast SEO plugin. -->","yoast_head_json":{"title":"Porto di Slatine, partenze e arrivi di traghetti e battelli","description":"Porto di Slatine informazioni, posizione e servizi disponibili. Come arrivarci, e tutti i traghetti battelli che partono da e fino a Ciovo.","robots":{"index":"index","follow":"follow","max-snippet":"max-snippet:-1","max-image-preview":"max-image-preview:large","max-video-preview":"max-video-preview:-1"},"canonical":"https:\/\/www.ferrycroatia.com\/it\/porto-di-slatine-ciovo\/","og_locale":"en_US","og_type":"article","og_title":"Porto di Slatine, partenze e arrivi di traghetti e battelli","og_description":"Porto di Slatine informazioni, posizione e servizi disponibili. Come arrivarci, e tutti i traghetti battelli che partono da e fino a Ciovo.","og_url":"https:\/\/www.ferrycroatia.com\/it\/porto-di-slatine-ciovo\/","og_site_name":"Traghetto Croazia","article_modified_time":"2021-08-19T11:59:15+00:00","og_image":[{"url":"https:\/\/ferrycroatia.com\/it\/wp-content\/uploads\/2021\/02\/Slatine-bura-line.jpg"}],"twitter_card":"summary_large_image","twitter_misc":{"Est. reading time":"2 minutes"},"schema":{"@context":"https:\/\/schema.org","@graph":[{"@type":"WebPage","@id":"https:\/\/www.ferrycroatia.com\/it\/porto-di-slatine-ciovo\/","url":"https:\/\/www.ferrycroatia.com\/it\/porto-di-slatine-ciovo\/","name":"Porto di Slatine, partenze e arrivi di traghetti e battelli","isPartOf":{"@id":"https:\/\/www.ferrycroatia.com\/it\/#website"},"datePublished":"2021-02-05T10:20:05+00:00","dateModified":"2021-08-19T11:59:15+00:00","description":"Porto di Slatine informazioni, posizione e servizi disponibili. Come arrivarci, e tutti i traghetti battelli che partono da e fino a Ciovo.","breadcrumb":{"@id":"https:\/\/www.ferrycroatia.com\/it\/porto-di-slatine-ciovo\/#breadcrumb"},"inLanguage":"en-US","potentialAction":[{"@type":"ReadAction","target":["https:\/\/www.ferrycroatia.com\/it\/porto-di-slatine-ciovo\/"]}]},{"@type":"BreadcrumbList","@id":"https:\/\/www.ferrycroatia.com\/it\/porto-di-slatine-ciovo\/#breadcrumb","itemListElement":[{"@type":"ListItem","position":1,"name":"Home","item":"https:\/\/www.ferrycroatia.com\/it\/"},{"@type":"ListItem","position":2,"name":"Porto di Slatine"}]},{"@type":"WebSite","@id":"https:\/\/www.ferrycroatia.com\/it\/#website","url":"https:\/\/www.ferrycroatia.com\/it\/","name":"Traghetto Croazia","description":"Info e orari per tutti i catamarani e traghetti in Croazia","potentialAction":[{"@type":"SearchAction","target":{"@type":"EntryPoint","urlTemplate":"https:\/\/www.ferrycroatia.com\/it\/?s={search_term_string}"},"query-input":"required name=search_term_string"}],"inLanguage":"en-US"}]}},"_links":{"self":[{"href":"https:\/\/www.ferrycroatia.com\/it\/wp-json\/wp\/v2\/pages\/1698"}],"collection":[{"href":"https:\/\/www.ferrycroatia.com\/it\/wp-json\/wp\/v2\/pages"}],"about":[{"href":"https:\/\/www.ferrycroatia.com\/it\/wp-json\/wp\/v2\/types\/page"}],"author":[{"embeddable":true,"href":"https:\/\/www.ferrycroatia.com\/it\/wp-json\/wp\/v2\/users\/5"}],"replies":[{"embeddable":true,"href":"https:\/\/www.ferrycroatia.com\/it\/wp-json\/wp\/v2\/comments?post=1698"}],"version-history":[{"count":4,"href":"https:\/\/www.ferrycroatia.com\/it\/wp-json\/wp\/v2\/pages\/1698\/revisions"}],"predecessor-version":[{"id":3162,"href":"https:\/\/www.ferrycroatia.com\/it\/wp-json\/wp\/v2\/pages\/1698\/revisions\/3162"}],"wp:attachment":[{"href":"https:\/\/www.ferrycroatia.com\/it\/wp-json\/wp\/v2\/media?parent=1698"}],"curies":[{"name":"wp","href":"https:\/\/api.w.org\/{rel}","templated":true}]}}