{"id":1702,"date":"2021-02-05T10:25:46","date_gmt":"2021-02-05T10:25:46","guid":{"rendered":"https:\/\/ferrycroatia.com\/it\/?page_id=1702"},"modified":"2021-08-19T13:59:55","modified_gmt":"2021-08-19T11:59:55","slug":"porto-di-sobra","status":"publish","type":"page","link":"https:\/\/www.ferrycroatia.com\/it\/porto-di-sobra\/","title":{"rendered":"Porto di Sobra"},"content":{"rendered":"\n<p><b>Il terminal dei traghetti di Sobra si trova a circa 2 km da Sobra<\/b>, in una piccola e bellissima baia dell&#8217;isola di Meleda. Il terminal dei traghetti di Sobra \u00e8 il porto principale dell&#8217;isola ed \u00e8 il luogo in cui arrivano tutti i traghetti. <b>L&#8217;autorit\u00e0 portuale di Meleda si trova l\u00ec<\/b>. Sobra \u00e8 ben collegata alle altre parti dell&#8217;isola con linee regolari di autobus e con il Parco nazionale di Meleda.<\/p>\n\n\n\n<p><span style=\"text-decoration: underline;\"><b>Raggiungere il terminal dei traghetti di Sobra:<\/b><\/span><\/p>\n\n\n\n<p>Il traghetto <b>tra Ragusa e Sobra<\/b> ha un tempo di viaggio di 2 ore (linea sospesa nel 2016), mentre il viaggio in catamarano tra le citt\u00e0 dura di circa 1 ora e 15 minuti. Se ha prenotato un alloggio a Sobra, <b>pu\u00f2 facilmente raggiungerlo a piedi dal terminal dei traghetti.<\/b> Se ha bisogno di raggiungere altre parti dell&#8217;isola, pu\u00f2 prendere l&#8217;autobus o il taxi.<\/p>\n\n\n\n<p><span style=\"text-decoration: underline;\"><b>Cosa pu\u00f2 trovare al terminal dei traghetti di Sobra:<\/b><\/span><\/p>\n\n\n\n<p>Al terminal dei traghetti di Sobra, hai una biglietteria, un chiosco e un bar.<\/p>\n\n\n\n<p><span style=\"text-decoration: underline;\"><b>Indirizzo del terminal dei traghetti Sobra:<\/b><\/span><\/p>\n\n\n\n<ul><li aria-level=\"1\">Longitudine: 17.620476<\/li><li aria-level=\"1\">Latitudine: 42,739454<\/li><li aria-level=\"1\">20225 Sobra (Meleda)<\/li><\/ul>\n\n\n\n<div class=\"wp-block-image\"><figure class=\"aligncenter\"><img decoding=\"async\" loading=\"lazy\" width=\"1024\" height=\"540\" data-src=\"https:\/\/ferrycroatia.com\/it\/wp-content\/uploads\/2021\/02\/Sobra-ferry-terminal.jpg\" alt=\"\" class=\"wp-image-1704\" data-srcset=\"https:\/\/www.ferrycroatia.com\/it\/wp-content\/uploads\/2021\/02\/Sobra-ferry-terminal.jpg 1024w, https:\/\/www.ferrycroatia.com\/it\/wp-content\/uploads\/2021\/02\/Sobra-ferry-terminal-300x158.jpg 300w, https:\/\/www.ferrycroatia.com\/it\/wp-content\/uploads\/2021\/02\/Sobra-ferry-terminal-768x405.jpg 768w\" sizes=\"(max-width: 1024px) 100vw, 1024px\" \/><\/figure><\/div>\n\n\n\n<p><span style=\"text-decoration: underline;\"><b>Elenco delle rotte in traghetto e catamarano da e per Sobra:<\/b><\/span><\/p>\n\n\n\n<p>\u2192 Traghetto: Prapratno (Sabbioncello) -Sobra<\/p>\n\n\n\n<ul><li aria-level=\"1\"><a href=\"https:\/\/www.ferrycroatia.com\/it\/sobra-prapratno\/\">Sobra &#8211; Prapratno<\/a><\/li><\/ul>\n\n\n\n<p>\u2192 Catamarano: Ragusa &#8211; Luka Sipanska &#8211; Sobra (Meleda) &#8211; Polace (Meleda) &#8211; Curzola &#8211; Ubli (Lagosta)<\/p>\n\n\n\n<ul><li aria-level=\"1\"><a href=\"https:\/\/www.ferrycroatia.com\/it\/sobra-ragusa\/\">Sobra &#8211; Ragusa<\/a><\/li><li aria-level=\"1\"><a href=\"https:\/\/www.ferrycroatia.com\/it\/sobra-porto-giuppana\/\">Sobra &#8211; Sipanska Luka<\/a><\/li><li aria-level=\"1\"><a href=\"https:\/\/www.ferrycroatia.com\/it\/sobra-curzola\/\">Sobra &#8211; Curzola<\/a><\/li><li aria-level=\"1\"><a href=\"https:\/\/www.ferrycroatia.com\/it\/sobra-ubli\/\">Sobra &#8211; Ubli<\/a><\/li><\/ul>\n","protected":false},"excerpt":{"rendered":"<p>Il terminal dei traghetti di Sobra si trova a circa 2 km da Sobra, in una piccola e bellissima baia dell&#8217;isola di Meleda. Il terminal dei traghetti di Sobra \u00e8 il porto principale dell&#8217;isola ed \u00e8 il luogo in cui arrivano tutti i traghetti. L&#8217;autorit\u00e0 portuale di Meleda si trova l\u00ec. Sobra \u00e8 ben collegata [&hellip;]<\/p>\n<p><a class=\"more-link\" href=\"https:\/\/www.ferrycroatia.com\/it\/porto-di-sobra\/\"> Continue reading&#8230;<\/a><\/p>\n","protected":false},"author":5,"featured_media":0,"parent":0,"menu_order":0,"comment_status":"closed","ping_status":"closed","template":"","meta":[],"yoast_head":"<!-- This site is optimized with the Yoast SEO plugin v19.8 - https:\/\/yoast.com\/wordpress\/plugins\/seo\/ -->\n<title>Porto di Sobra, partenze dei traghetti e catamarani<\/title>\n<meta name=\"description\" content=\"Porto di Sobra informazioni, posizione e servizi disponibili. Come arrivarci, e tutti i traghetti e catamarani che partono da e fino a Mljet.\" \/>\n<meta name=\"robots\" content=\"index, follow, max-snippet:-1, max-image-preview:large, max-video-preview:-1\" \/>\n<link rel=\"canonical\" href=\"https:\/\/www.ferrycroatia.com\/it\/porto-di-sobra\/\" \/>\n<meta property=\"og:locale\" content=\"en_US\" \/>\n<meta property=\"og:type\" content=\"article\" \/>\n<meta property=\"og:title\" content=\"Porto di Sobra, partenze dei traghetti e catamarani\" \/>\n<meta property=\"og:description\" content=\"Porto di Sobra informazioni, posizione e servizi disponibili. Come arrivarci, e tutti i traghetti e catamarani che partono da e fino a Mljet.\" \/>\n<meta property=\"og:url\" content=\"https:\/\/www.ferrycroatia.com\/it\/porto-di-sobra\/\" \/>\n<meta property=\"og:site_name\" content=\"Traghetto Croazia\" \/>\n<meta property=\"article:modified_time\" content=\"2021-08-19T11:59:55+00:00\" \/>\n<meta property=\"og:image\" content=\"https:\/\/ferrycroatia.com\/it\/wp-content\/uploads\/2021\/02\/Sobra-ferry-terminal.jpg\" \/>\n<meta name=\"twitter:card\" content=\"summary_large_image\" \/>\n<meta name=\"twitter:label1\" content=\"Est. reading time\" \/>\n\t<meta name=\"twitter:data1\" content=\"2 minutes\" \/>\n<script type=\"application\/ld+json\" class=\"yoast-schema-graph\">{\"@context\":\"https:\/\/schema.org\",\"@graph\":[{\"@type\":\"WebPage\",\"@id\":\"https:\/\/www.ferrycroatia.com\/it\/porto-di-sobra\/\",\"url\":\"https:\/\/www.ferrycroatia.com\/it\/porto-di-sobra\/\",\"name\":\"Porto di Sobra, partenze dei traghetti e catamarani\",\"isPartOf\":{\"@id\":\"https:\/\/www.ferrycroatia.com\/it\/#website\"},\"datePublished\":\"2021-02-05T10:25:46+00:00\",\"dateModified\":\"2021-08-19T11:59:55+00:00\",\"description\":\"Porto di Sobra informazioni, posizione e servizi disponibili. Come arrivarci, e tutti i traghetti e catamarani che partono da e fino a Mljet.\",\"breadcrumb\":{\"@id\":\"https:\/\/www.ferrycroatia.com\/it\/porto-di-sobra\/#breadcrumb\"},\"inLanguage\":\"en-US\",\"potentialAction\":[{\"@type\":\"ReadAction\",\"target\":[\"https:\/\/www.ferrycroatia.com\/it\/porto-di-sobra\/\"]}]},{\"@type\":\"BreadcrumbList\",\"@id\":\"https:\/\/www.ferrycroatia.com\/it\/porto-di-sobra\/#breadcrumb\",\"itemListElement\":[{\"@type\":\"ListItem\",\"position\":1,\"name\":\"Home\",\"item\":\"https:\/\/www.ferrycroatia.com\/it\/\"},{\"@type\":\"ListItem\",\"position\":2,\"name\":\"Porto di Sobra\"}]},{\"@type\":\"WebSite\",\"@id\":\"https:\/\/www.ferrycroatia.com\/it\/#website\",\"url\":\"https:\/\/www.ferrycroatia.com\/it\/\",\"name\":\"Traghetto Croazia\",\"description\":\"Info e orari per tutti i catamarani e traghetti in Croazia\",\"potentialAction\":[{\"@type\":\"SearchAction\",\"target\":{\"@type\":\"EntryPoint\",\"urlTemplate\":\"https:\/\/www.ferrycroatia.com\/it\/?s={search_term_string}\"},\"query-input\":\"required name=search_term_string\"}],\"inLanguage\":\"en-US\"}]}<\/script>\n<!-- \/ Yoast SEO plugin. -->","yoast_head_json":{"title":"Porto di Sobra, partenze dei traghetti e catamarani","description":"Porto di Sobra informazioni, posizione e servizi disponibili. Come arrivarci, e tutti i traghetti e catamarani che partono da e fino a Mljet.","robots":{"index":"index","follow":"follow","max-snippet":"max-snippet:-1","max-image-preview":"max-image-preview:large","max-video-preview":"max-video-preview:-1"},"canonical":"https:\/\/www.ferrycroatia.com\/it\/porto-di-sobra\/","og_locale":"en_US","og_type":"article","og_title":"Porto di Sobra, partenze dei traghetti e catamarani","og_description":"Porto di Sobra informazioni, posizione e servizi disponibili. Come arrivarci, e tutti i traghetti e catamarani che partono da e fino a Mljet.","og_url":"https:\/\/www.ferrycroatia.com\/it\/porto-di-sobra\/","og_site_name":"Traghetto Croazia","article_modified_time":"2021-08-19T11:59:55+00:00","og_image":[{"url":"https:\/\/ferrycroatia.com\/it\/wp-content\/uploads\/2021\/02\/Sobra-ferry-terminal.jpg"}],"twitter_card":"summary_large_image","twitter_misc":{"Est. reading time":"2 minutes"},"schema":{"@context":"https:\/\/schema.org","@graph":[{"@type":"WebPage","@id":"https:\/\/www.ferrycroatia.com\/it\/porto-di-sobra\/","url":"https:\/\/www.ferrycroatia.com\/it\/porto-di-sobra\/","name":"Porto di Sobra, partenze dei traghetti e catamarani","isPartOf":{"@id":"https:\/\/www.ferrycroatia.com\/it\/#website"},"datePublished":"2021-02-05T10:25:46+00:00","dateModified":"2021-08-19T11:59:55+00:00","description":"Porto di Sobra informazioni, posizione e servizi disponibili. Come arrivarci, e tutti i traghetti e catamarani che partono da e fino a Mljet.","breadcrumb":{"@id":"https:\/\/www.ferrycroatia.com\/it\/porto-di-sobra\/#breadcrumb"},"inLanguage":"en-US","potentialAction":[{"@type":"ReadAction","target":["https:\/\/www.ferrycroatia.com\/it\/porto-di-sobra\/"]}]},{"@type":"BreadcrumbList","@id":"https:\/\/www.ferrycroatia.com\/it\/porto-di-sobra\/#breadcrumb","itemListElement":[{"@type":"ListItem","position":1,"name":"Home","item":"https:\/\/www.ferrycroatia.com\/it\/"},{"@type":"ListItem","position":2,"name":"Porto di Sobra"}]},{"@type":"WebSite","@id":"https:\/\/www.ferrycroatia.com\/it\/#website","url":"https:\/\/www.ferrycroatia.com\/it\/","name":"Traghetto Croazia","description":"Info e orari per tutti i catamarani e traghetti in Croazia","potentialAction":[{"@type":"SearchAction","target":{"@type":"EntryPoint","urlTemplate":"https:\/\/www.ferrycroatia.com\/it\/?s={search_term_string}"},"query-input":"required name=search_term_string"}],"inLanguage":"en-US"}]}},"_links":{"self":[{"href":"https:\/\/www.ferrycroatia.com\/it\/wp-json\/wp\/v2\/pages\/1702"}],"collection":[{"href":"https:\/\/www.ferrycroatia.com\/it\/wp-json\/wp\/v2\/pages"}],"about":[{"href":"https:\/\/www.ferrycroatia.com\/it\/wp-json\/wp\/v2\/types\/page"}],"author":[{"embeddable":true,"href":"https:\/\/www.ferrycroatia.com\/it\/wp-json\/wp\/v2\/users\/5"}],"replies":[{"embeddable":true,"href":"https:\/\/www.ferrycroatia.com\/it\/wp-json\/wp\/v2\/comments?post=1702"}],"version-history":[{"count":5,"href":"https:\/\/www.ferrycroatia.com\/it\/wp-json\/wp\/v2\/pages\/1702\/revisions"}],"predecessor-version":[{"id":3164,"href":"https:\/\/www.ferrycroatia.com\/it\/wp-json\/wp\/v2\/pages\/1702\/revisions\/3164"}],"wp:attachment":[{"href":"https:\/\/www.ferrycroatia.com\/it\/wp-json\/wp\/v2\/media?parent=1702"}],"curies":[{"name":"wp","href":"https:\/\/api.w.org\/{rel}","templated":true}]}}