{"id":1751,"date":"2021-02-05T11:03:09","date_gmt":"2021-02-05T11:03:09","guid":{"rendered":"https:\/\/ferrycroatia.com\/it\/?page_id=1751"},"modified":"2021-08-19T13:31:13","modified_gmt":"2021-08-19T11:31:13","slug":"porto-di-cittavecchia","status":"publish","type":"page","link":"https:\/\/www.ferrycroatia.com\/it\/porto-di-cittavecchia\/","title":{"rendered":"Porto di Stari Grad"},"content":{"rendered":"\n<p><b>Cittavecchia \u00e8 una citt\u00e0 dell&#8217;isola di Lesina<\/b> situata sul lato occidentale, in una bella baia. Il terminal dei traghetti non si trova nel centro della citt\u00e0, ma <b>a circa 2 chilometri ad ovest<\/b>.<\/p>\n\n\n\n<div id=\"ez-toc-container\" class=\"ez-toc-v2_0_62 counter-hierarchy ez-toc-counter ez-toc-grey ez-toc-container-direction\">\n<div class=\"ez-toc-title-container\">\n<p class=\"ez-toc-title \" >Table of Contents<\/p>\n<span class=\"ez-toc-title-toggle\"><a href=\"#\" class=\"ez-toc-pull-right ez-toc-btn ez-toc-btn-xs ez-toc-btn-default ez-toc-toggle\" aria-label=\"Toggle Table of Content\"><span class=\"ez-toc-js-icon-con\"><span class=\"\"><span class=\"eztoc-hide\" style=\"display:none;\">Toggle<\/span><span class=\"ez-toc-icon-toggle-span\"><svg style=\"fill: #070c63;color:#070c63\" xmlns=\"http:\/\/www.w3.org\/2000\/svg\" class=\"list-377408\" width=\"20px\" height=\"20px\" viewBox=\"0 0 24 24\" fill=\"none\"><path d=\"M6 6H4v2h2V6zm14 0H8v2h12V6zM4 11h2v2H4v-2zm16 0H8v2h12v-2zM4 16h2v2H4v-2zm16 0H8v2h12v-2z\" fill=\"currentColor\"><\/path><\/svg><svg style=\"fill: #070c63;color:#070c63\" class=\"arrow-unsorted-368013\" xmlns=\"http:\/\/www.w3.org\/2000\/svg\" width=\"10px\" height=\"10px\" viewBox=\"0 0 24 24\" version=\"1.2\" baseProfile=\"tiny\"><path d=\"M18.2 9.3l-6.2-6.3-6.2 6.3c-.2.2-.3.4-.3.7s.1.5.3.7c.2.2.4.3.7.3h11c.3 0 .5-.1.7-.3.2-.2.3-.5.3-.7s-.1-.5-.3-.7zM5.8 14.7l6.2 6.3 6.2-6.3c.2-.2.3-.5.3-.7s-.1-.5-.3-.7c-.2-.2-.4-.3-.7-.3h-11c-.3 0-.5.1-.7.3-.2.2-.3.5-.3.7s.1.5.3.7z\"\/><\/svg><\/span><\/span><\/span><\/a><\/span><\/div>\n<nav><ul class='ez-toc-list ez-toc-list-level-1 eztoc-toggle-hide-by-default' ><li class='ez-toc-page-1 ez-toc-heading-level-2'><a class=\"ez-toc-link ez-toc-heading-1\" href=\"https:\/\/www.ferrycroatia.com\/it\/porto-di-cittavecchia\/#Raggiungere_il_terminal_dei_traghetti_di_Cittavecchia\" title=\"Raggiungere il terminal dei traghetti di Cittavecchia:&nbsp;\">Raggiungere il terminal dei traghetti di Cittavecchia:&nbsp;<\/a><\/li><li class='ez-toc-page-1 ez-toc-heading-level-2'><a class=\"ez-toc-link ez-toc-heading-2\" href=\"https:\/\/www.ferrycroatia.com\/it\/porto-di-cittavecchia\/#Arrivare_da_Cittavecchia_allAeroporto_di_Spalato\" title=\"Arrivare da Cittavecchia all&#8217;Aeroporto di Spalato:&nbsp;\">Arrivare da Cittavecchia all&#8217;Aeroporto di Spalato:&nbsp;<\/a><\/li><li class='ez-toc-page-1 ez-toc-heading-level-2'><a class=\"ez-toc-link ez-toc-heading-3\" href=\"https:\/\/www.ferrycroatia.com\/it\/porto-di-cittavecchia\/#Da_Cittavecchia_alla_citta_di_Hvar\" title=\"Da Cittavecchia alla citt\u00e0 di Hvar:&nbsp;\">Da Cittavecchia alla citt\u00e0 di Hvar:&nbsp;<\/a><\/li><li class='ez-toc-page-1 ez-toc-heading-level-2'><a class=\"ez-toc-link ez-toc-heading-4\" href=\"https:\/\/www.ferrycroatia.com\/it\/porto-di-cittavecchia\/#Cosa_puo_trovare_al_terminal_dei_traghetti_di_Cittavecchia\" title=\"Cosa pu\u00f2 trovare al terminal dei traghetti di Cittavecchia:&nbsp;\">Cosa pu\u00f2 trovare al terminal dei traghetti di Cittavecchia:&nbsp;<\/a><\/li><li class='ez-toc-page-1 ez-toc-heading-level-2'><a class=\"ez-toc-link ez-toc-heading-5\" href=\"https:\/\/www.ferrycroatia.com\/it\/porto-di-cittavecchia\/#Lindirizzo_del_terminal_dei_traghetti_di_Cittavecchia\" title=\"L\u2019indirizzo del terminal dei traghetti di Cittavecchia:&nbsp;\">L\u2019indirizzo del terminal dei traghetti di Cittavecchia:&nbsp;<\/a><\/li><\/ul><\/nav><\/div>\n<h2><span class=\"ez-toc-section\" id=\"Raggiungere_il_terminal_dei_traghetti_di_Cittavecchia\"><\/span><b>Raggiungere il terminal dei traghetti di Cittavecchia:&nbsp;<\/b><span class=\"ez-toc-section-end\"><\/span><\/h2>\n\n\n\n<p><b>Cittavecchia \u00e8 una piccola citt\u00e0<\/b> sull\u2019isola e il suo terminal dei traghetti si trova a 2,3 chilometri da essa. Se alloggia in qualsiasi parte del centro della citt\u00e0, si ha un bel percorso a piedi tra la citt\u00e0 e il terminal dei traghetti; ovviamente, pu\u00f2 anche prendere un taxi o <b>un autobus dalla fermata dell&#8217;autobus a Cittavecchia<\/b>. Se alloggia da qualsiasi altra parte dell&#8217;isola di Lesina, \u00e8 abbastanza facile raggiungere Cittavecchia in autobus. <a href=\"https:\/\/getbybus.com\/it\/bus-da-cittavecchia-lesina\">La fermata principale degli autobus<\/a> si trova nel centro della citt\u00e0.<\/p>\n\n\n\n<h2><span class=\"ez-toc-section\" id=\"Arrivare_da_Cittavecchia_allAeroporto_di_Spalato\"><\/span><b>Arrivare da Cittavecchia all&#8217;Aeroporto di Spalato:&nbsp;<\/b><span class=\"ez-toc-section-end\"><\/span><\/h2>\n\n\n\n<p>Se deve raggiungere l&#8217;Aeroporto di Spalato, il viaggio dura circa 3-4 ore. Prima, il viaggio in traghetto da Cittavecchia a Spalato \u00e8 di circa 2 ore e 30 minuti e alla fine, dal terminal dei traghetti di Spalato ci vogliono 30 minuti in taxi. Oppure, se prende l&#8217;autobus per l&#8217;aeroporto, deve includere tempo di attesa per la prossima partenza pi\u00f9 un tempo di percorrenza di almeno 30 minuti.<\/p>\n\n\n\n<h2><span class=\"ez-toc-section\" id=\"Da_Cittavecchia_alla_citta_di_Hvar\"><\/span><b>Da Cittavecchia alla citt\u00e0 di Hvar:&nbsp;<\/b><span class=\"ez-toc-section-end\"><\/span><\/h2>\n\n\n\n<p>Quando il traghetto arriva <b>al porto di Cittavecchia<\/b>, l&#8217;autobus per la citt\u00e0 di Hvar e altri luoghi dell&#8217;<a href=\"https:\/\/www.ferrycroatia.com\/it\/isola-di-lesina\/\">isola di Lesina<\/a> sono in attesa. I biglietti per gli autobus possono essere acquistati direttamente in autobus e il tempo di percorrenza per la citt\u00e0 di Hvar \u00e8 di circa 25 minuti. <b>Dalla citt\u00e0 di Lesina a Cittavecchia<\/b> gli autobus partono in tempo impostato per consentire ai passeggeri di raggiungere il traghetto per la partenza successiva.<\/p>\n\n\n\n<h2><span class=\"ez-toc-section\" id=\"Cosa_puo_trovare_al_terminal_dei_traghetti_di_Cittavecchia\"><\/span><b>Cosa pu\u00f2 trovare al terminal dei traghetti di Cittavecchia:&nbsp;<\/b><span class=\"ez-toc-section-end\"><\/span><\/h2>\n\n\n\n<p>Come gi\u00e0 accennato<b>, il terminal dei traghetti di Cittavecchia si trova a pochi chilometri dal centro della citt\u00e0<\/b>. Al terminal dei traghetti non ci sono molti servizi: un bar, un supermercato, un chiosco, ecc. Per qualsiasi altra cosa di cui potrebbe aver bisogno, pu\u00f2 andare <b>in centro citt\u00e0<\/b>.<\/p>\n\n\n\n<h2><span class=\"ez-toc-section\" id=\"Lindirizzo_del_terminal_dei_traghetti_di_Cittavecchia\"><\/span><b>L\u2019indirizzo del terminal dei traghetti di Cittavecchia:&nbsp;<\/b><span class=\"ez-toc-section-end\"><\/span><\/h2>\n\n\n\n<blockquote class=\"wp-block-quote\"><p>D116<\/p><p>21460 Cittavecchia (Lesina)<\/p><p><strong>Coordinate GPS:<\/strong> 43.18124, 16.57622<\/p><\/blockquote>\n\n\n\n<div class=\"wp-block-image\"><figure class=\"aligncenter\"><img decoding=\"async\" loading=\"lazy\" width=\"800\" height=\"545\" data-src=\"https:\/\/ferrycroatia.com\/it\/wp-content\/uploads\/2021\/02\/Stari-Grad-1.jpg\" alt=\"\" class=\"wp-image-1752\" data-srcset=\"https:\/\/www.ferrycroatia.com\/it\/wp-content\/uploads\/2021\/02\/Stari-Grad-1.jpg 800w, https:\/\/www.ferrycroatia.com\/it\/wp-content\/uploads\/2021\/02\/Stari-Grad-1-300x204.jpg 300w, https:\/\/www.ferrycroatia.com\/it\/wp-content\/uploads\/2021\/02\/Stari-Grad-1-768x523.jpg 768w\" sizes=\"(max-width: 800px) 100vw, 800px\" \/><\/figure><\/div>\n\n\n\n<p><b>Elenco dei percorsi:&nbsp;<\/b><\/p>\n\n\n\n<p>Traghetto: Spalato &#8211; Cittavecchia (Lesina)<\/p>\n\n\n\n<ul><li aria-level=\"1\"><a href=\"https:\/\/www.ferrycroatia.com\/it\/cittavecchia-spalato\/\">Cittavecchia &#8211; Spalato<\/a><\/li><\/ul>\n\n\n\n<p>Traghetto: Spalato &#8211; Cittavecchia (Lesina) &#8211; Ancona<\/p>\n\n\n\n<ul><li aria-level=\"1\"><a href=\"https:\/\/www.ferrycroatia.com\/it\/cittavecchia-ancona\/\">Cittavecchia &#8211; Ancona<\/a><\/li><\/ul>\n","protected":false},"excerpt":{"rendered":"<p>Cittavecchia \u00e8 una citt\u00e0 dell&#8217;isola di Lesina situata sul lato occidentale, in una bella baia. Il terminal dei traghetti non si trova nel centro della citt\u00e0, ma a circa 2 chilometri ad ovest. Raggiungere il terminal dei traghetti di Cittavecchia:&nbsp; Cittavecchia \u00e8 una piccola citt\u00e0 sull\u2019isola e il suo terminal dei traghetti si trova a [&hellip;]<\/p>\n<p><a class=\"more-link\" href=\"https:\/\/www.ferrycroatia.com\/it\/porto-di-cittavecchia\/\"> Continue reading&#8230;<\/a><\/p>\n","protected":false},"author":5,"featured_media":0,"parent":0,"menu_order":0,"comment_status":"closed","ping_status":"closed","template":"","meta":[],"yoast_head":"<!-- This site is optimized with the Yoast SEO plugin v19.8 - https:\/\/yoast.com\/wordpress\/plugins\/seo\/ -->\n<title>Porto di Stari Grad, partenze traghetti e battelli<\/title>\n<meta name=\"description\" content=\"Porto di Stari Grad informazioni, posizione e servizi disponibili. Come arrivarci, e tutti i traghetti battelli che partono da e fino a Hvar.\" \/>\n<meta name=\"robots\" content=\"index, follow, max-snippet:-1, max-image-preview:large, max-video-preview:-1\" \/>\n<link rel=\"canonical\" href=\"https:\/\/www.ferrycroatia.com\/it\/porto-di-cittavecchia\/\" \/>\n<meta property=\"og:locale\" content=\"en_US\" \/>\n<meta property=\"og:type\" content=\"article\" \/>\n<meta property=\"og:title\" content=\"Porto di Stari Grad, partenze traghetti e battelli\" \/>\n<meta property=\"og:description\" content=\"Porto di Stari Grad informazioni, posizione e servizi disponibili. Come arrivarci, e tutti i traghetti battelli che partono da e fino a Hvar.\" \/>\n<meta property=\"og:url\" content=\"https:\/\/www.ferrycroatia.com\/it\/porto-di-cittavecchia\/\" \/>\n<meta property=\"og:site_name\" content=\"Traghetto Croazia\" \/>\n<meta property=\"article:modified_time\" content=\"2021-08-19T11:31:13+00:00\" \/>\n<meta property=\"og:image\" content=\"https:\/\/ferrycroatia.com\/it\/wp-content\/uploads\/2021\/02\/Stari-Grad-1.jpg\" \/>\n<meta name=\"twitter:card\" content=\"summary_large_image\" \/>\n<meta name=\"twitter:label1\" content=\"Est. reading time\" \/>\n\t<meta name=\"twitter:data1\" content=\"2 minutes\" \/>\n<script type=\"application\/ld+json\" class=\"yoast-schema-graph\">{\"@context\":\"https:\/\/schema.org\",\"@graph\":[{\"@type\":\"WebPage\",\"@id\":\"https:\/\/www.ferrycroatia.com\/it\/porto-di-cittavecchia\/\",\"url\":\"https:\/\/www.ferrycroatia.com\/it\/porto-di-cittavecchia\/\",\"name\":\"Porto di Stari Grad, partenze traghetti e battelli\",\"isPartOf\":{\"@id\":\"https:\/\/www.ferrycroatia.com\/it\/#website\"},\"datePublished\":\"2021-02-05T11:03:09+00:00\",\"dateModified\":\"2021-08-19T11:31:13+00:00\",\"description\":\"Porto di Stari Grad informazioni, posizione e servizi disponibili. Come arrivarci, e tutti i traghetti battelli che partono da e fino a Hvar.\",\"breadcrumb\":{\"@id\":\"https:\/\/www.ferrycroatia.com\/it\/porto-di-cittavecchia\/#breadcrumb\"},\"inLanguage\":\"en-US\",\"potentialAction\":[{\"@type\":\"ReadAction\",\"target\":[\"https:\/\/www.ferrycroatia.com\/it\/porto-di-cittavecchia\/\"]}]},{\"@type\":\"BreadcrumbList\",\"@id\":\"https:\/\/www.ferrycroatia.com\/it\/porto-di-cittavecchia\/#breadcrumb\",\"itemListElement\":[{\"@type\":\"ListItem\",\"position\":1,\"name\":\"Home\",\"item\":\"https:\/\/www.ferrycroatia.com\/it\/\"},{\"@type\":\"ListItem\",\"position\":2,\"name\":\"Porto di Stari Grad\"}]},{\"@type\":\"WebSite\",\"@id\":\"https:\/\/www.ferrycroatia.com\/it\/#website\",\"url\":\"https:\/\/www.ferrycroatia.com\/it\/\",\"name\":\"Traghetto Croazia\",\"description\":\"Info e orari per tutti i catamarani e traghetti in Croazia\",\"potentialAction\":[{\"@type\":\"SearchAction\",\"target\":{\"@type\":\"EntryPoint\",\"urlTemplate\":\"https:\/\/www.ferrycroatia.com\/it\/?s={search_term_string}\"},\"query-input\":\"required name=search_term_string\"}],\"inLanguage\":\"en-US\"}]}<\/script>\n<!-- \/ Yoast SEO plugin. -->","yoast_head_json":{"title":"Porto di Stari Grad, partenze traghetti e battelli","description":"Porto di Stari Grad informazioni, posizione e servizi disponibili. Come arrivarci, e tutti i traghetti battelli che partono da e fino a Hvar.","robots":{"index":"index","follow":"follow","max-snippet":"max-snippet:-1","max-image-preview":"max-image-preview:large","max-video-preview":"max-video-preview:-1"},"canonical":"https:\/\/www.ferrycroatia.com\/it\/porto-di-cittavecchia\/","og_locale":"en_US","og_type":"article","og_title":"Porto di Stari Grad, partenze traghetti e battelli","og_description":"Porto di Stari Grad informazioni, posizione e servizi disponibili. Come arrivarci, e tutti i traghetti battelli che partono da e fino a Hvar.","og_url":"https:\/\/www.ferrycroatia.com\/it\/porto-di-cittavecchia\/","og_site_name":"Traghetto Croazia","article_modified_time":"2021-08-19T11:31:13+00:00","og_image":[{"url":"https:\/\/ferrycroatia.com\/it\/wp-content\/uploads\/2021\/02\/Stari-Grad-1.jpg"}],"twitter_card":"summary_large_image","twitter_misc":{"Est. reading time":"2 minutes"},"schema":{"@context":"https:\/\/schema.org","@graph":[{"@type":"WebPage","@id":"https:\/\/www.ferrycroatia.com\/it\/porto-di-cittavecchia\/","url":"https:\/\/www.ferrycroatia.com\/it\/porto-di-cittavecchia\/","name":"Porto di Stari Grad, partenze traghetti e battelli","isPartOf":{"@id":"https:\/\/www.ferrycroatia.com\/it\/#website"},"datePublished":"2021-02-05T11:03:09+00:00","dateModified":"2021-08-19T11:31:13+00:00","description":"Porto di Stari Grad informazioni, posizione e servizi disponibili. Come arrivarci, e tutti i traghetti battelli che partono da e fino a Hvar.","breadcrumb":{"@id":"https:\/\/www.ferrycroatia.com\/it\/porto-di-cittavecchia\/#breadcrumb"},"inLanguage":"en-US","potentialAction":[{"@type":"ReadAction","target":["https:\/\/www.ferrycroatia.com\/it\/porto-di-cittavecchia\/"]}]},{"@type":"BreadcrumbList","@id":"https:\/\/www.ferrycroatia.com\/it\/porto-di-cittavecchia\/#breadcrumb","itemListElement":[{"@type":"ListItem","position":1,"name":"Home","item":"https:\/\/www.ferrycroatia.com\/it\/"},{"@type":"ListItem","position":2,"name":"Porto di Stari Grad"}]},{"@type":"WebSite","@id":"https:\/\/www.ferrycroatia.com\/it\/#website","url":"https:\/\/www.ferrycroatia.com\/it\/","name":"Traghetto Croazia","description":"Info e orari per tutti i catamarani e traghetti in Croazia","potentialAction":[{"@type":"SearchAction","target":{"@type":"EntryPoint","urlTemplate":"https:\/\/www.ferrycroatia.com\/it\/?s={search_term_string}"},"query-input":"required name=search_term_string"}],"inLanguage":"en-US"}]}},"_links":{"self":[{"href":"https:\/\/www.ferrycroatia.com\/it\/wp-json\/wp\/v2\/pages\/1751"}],"collection":[{"href":"https:\/\/www.ferrycroatia.com\/it\/wp-json\/wp\/v2\/pages"}],"about":[{"href":"https:\/\/www.ferrycroatia.com\/it\/wp-json\/wp\/v2\/types\/page"}],"author":[{"embeddable":true,"href":"https:\/\/www.ferrycroatia.com\/it\/wp-json\/wp\/v2\/users\/5"}],"replies":[{"embeddable":true,"href":"https:\/\/www.ferrycroatia.com\/it\/wp-json\/wp\/v2\/comments?post=1751"}],"version-history":[{"count":4,"href":"https:\/\/www.ferrycroatia.com\/it\/wp-json\/wp\/v2\/pages\/1751\/revisions"}],"predecessor-version":[{"id":3123,"href":"https:\/\/www.ferrycroatia.com\/it\/wp-json\/wp\/v2\/pages\/1751\/revisions\/3123"}],"wp:attachment":[{"href":"https:\/\/www.ferrycroatia.com\/it\/wp-json\/wp\/v2\/media?parent=1751"}],"curies":[{"name":"wp","href":"https:\/\/api.w.org\/{rel}","templated":true}]}}