{"id":1754,"date":"2021-02-05T11:09:36","date_gmt":"2021-02-05T11:09:36","guid":{"rendered":"https:\/\/ferrycroatia.com\/it\/?page_id=1754"},"modified":"2021-08-19T14:05:24","modified_gmt":"2021-08-19T12:05:24","slug":"porto-di-stinica","status":"publish","type":"page","link":"https:\/\/www.ferrycroatia.com\/it\/porto-di-stinica\/","title":{"rendered":"Porto di Stinica"},"content":{"rendered":"\n<p>Stinica \u00e8 una piccolo cittadina situata sulla terraferma, a <strong>circa 40 km dalla storica citt\u00e0 di Senj (Segna)<\/strong>. Il terminal dei traghetti di Stinica si trova in una baia, vicino al centro della citt\u00e0 e al lungomare principale (<strong>a circa 1,5 km da esso<\/strong>).<\/p>\n\n\n\n<p><span style=\"text-decoration: underline;\"><b>Arrivare da e per il terminal dei traghetti di Stinica:<\/b><\/span><\/p>\n\n\n\n<p>Se <strong>soggiornate nel centro di Stinica<\/strong>, il terminal dei traghetti \u00e8 a circa 1,5 km di distanza. Se state portando dei bagagli, potete chiedere al vostro padrone di casa se pu\u00f2 portarvi \/ venirvi a prendere al porto dei traghetti o mandare qualcun altro.<\/p>\n\n\n\n<p><span style=\"text-decoration: underline;\"><b>Cosa potete trovare al terminal dei traghetti di Stinica:<\/b><\/span><\/p>\n\n\n\n<p>Come gi\u00e0 accennato in precedenza, Stinica \u00e8 un piccolo borgo<strong> il cui centro si trova a circa 1,5 km<\/strong> dal terminal dei traghetti. La maggior parte delle strutture (bar, ristorante, negozio) sono l\u00ec e non ci sono molte cose al terminal dei traghetti.<\/p>\n\n\n\n<p><span style=\"text-decoration: underline;\"><b>Indirizzo del terminal dei traghetti di Stinica:<\/b><\/span><\/p>\n\n\n\n<blockquote class=\"wp-block-quote\"><p>D105<\/p><p>53287 Stinica<\/p><p><strong>Coordinate GPS:<\/strong> 44.71939, 14.89089<\/p><\/blockquote>\n\n\n\n<div class=\"wp-block-image\"><figure class=\"aligncenter\"><img decoding=\"async\" loading=\"lazy\" width=\"800\" height=\"656\" data-src=\"https:\/\/ferrycroatia.com\/it\/wp-content\/uploads\/2021\/02\/Stinica-1.jpg\" alt=\"\" class=\"wp-image-1755\" data-srcset=\"https:\/\/www.ferrycroatia.com\/it\/wp-content\/uploads\/2021\/02\/Stinica-1.jpg 800w, https:\/\/www.ferrycroatia.com\/it\/wp-content\/uploads\/2021\/02\/Stinica-1-300x246.jpg 300w, https:\/\/www.ferrycroatia.com\/it\/wp-content\/uploads\/2021\/02\/Stinica-1-768x630.jpg 768w\" sizes=\"(max-width: 800px) 100vw, 800px\" \/><\/figure><\/div>\n\n\n\n<p><span style=\"text-decoration: underline;\"><b>Elenco delle rotte:<\/b><\/span><\/p>\n\n\n\n<p>\u2192 Traghetto: Misnjak (Rab) &#8211; Stinica<\/p>\n\n\n\n<ul><li aria-level=\"1\"><a href=\"https:\/\/www.ferrycroatia.com\/it\/stinica-misnjak\/\">Stinica &#8211; Misnjak<\/a><\/li><\/ul>\n","protected":false},"excerpt":{"rendered":"<p>Stinica \u00e8 una piccolo cittadina situata sulla terraferma, a circa 40 km dalla storica citt\u00e0 di Senj (Segna). Il terminal dei traghetti di Stinica si trova in una baia, vicino al centro della citt\u00e0 e al lungomare principale (a circa 1,5 km da esso). Arrivare da e per il terminal dei traghetti di Stinica: Se [&hellip;]<\/p>\n<p><a class=\"more-link\" href=\"https:\/\/www.ferrycroatia.com\/it\/porto-di-stinica\/\"> Continue reading&#8230;<\/a><\/p>\n","protected":false},"author":5,"featured_media":1756,"parent":0,"menu_order":0,"comment_status":"closed","ping_status":"closed","template":"","meta":[],"yoast_head":"<!-- This site is optimized with the Yoast SEO plugin v19.8 - https:\/\/yoast.com\/wordpress\/plugins\/seo\/ -->\n<title>Porto di Stinica, partenze e arrivi di traghetti e battelli<\/title>\n<meta name=\"description\" content=\"Porto di Stinica informazioni, posizione e servizi disponibili. Come arrivarci, e tutti i traghetti battelli che partono da e fino a Stinica.\" \/>\n<meta name=\"robots\" content=\"index, follow, max-snippet:-1, max-image-preview:large, max-video-preview:-1\" \/>\n<link rel=\"canonical\" href=\"https:\/\/www.ferrycroatia.com\/it\/porto-di-stinica\/\" \/>\n<meta property=\"og:locale\" content=\"en_US\" \/>\n<meta property=\"og:type\" content=\"article\" \/>\n<meta property=\"og:title\" content=\"Porto di Stinica, partenze e arrivi di traghetti e battelli\" \/>\n<meta property=\"og:description\" content=\"Porto di Stinica informazioni, posizione e servizi disponibili. Come arrivarci, e tutti i traghetti battelli che partono da e fino a Stinica.\" \/>\n<meta property=\"og:url\" content=\"https:\/\/www.ferrycroatia.com\/it\/porto-di-stinica\/\" \/>\n<meta property=\"og:site_name\" content=\"Traghetto Croazia\" \/>\n<meta property=\"article:modified_time\" content=\"2021-08-19T12:05:24+00:00\" \/>\n<meta property=\"og:image\" content=\"https:\/\/www.ferrycroatia.com\/it\/wp-content\/uploads\/2021\/02\/Stinica-2.jpg\" \/>\n\t<meta property=\"og:image:width\" content=\"1024\" \/>\n\t<meta property=\"og:image:height\" content=\"576\" \/>\n\t<meta property=\"og:image:type\" content=\"image\/jpeg\" \/>\n<meta name=\"twitter:card\" content=\"summary_large_image\" \/>\n<meta name=\"twitter:label1\" content=\"Est. reading time\" \/>\n\t<meta name=\"twitter:data1\" content=\"1 minute\" \/>\n<script type=\"application\/ld+json\" class=\"yoast-schema-graph\">{\"@context\":\"https:\/\/schema.org\",\"@graph\":[{\"@type\":\"WebPage\",\"@id\":\"https:\/\/www.ferrycroatia.com\/it\/porto-di-stinica\/\",\"url\":\"https:\/\/www.ferrycroatia.com\/it\/porto-di-stinica\/\",\"name\":\"Porto di Stinica, partenze e arrivi di traghetti e battelli\",\"isPartOf\":{\"@id\":\"https:\/\/www.ferrycroatia.com\/it\/#website\"},\"datePublished\":\"2021-02-05T11:09:36+00:00\",\"dateModified\":\"2021-08-19T12:05:24+00:00\",\"description\":\"Porto di Stinica informazioni, posizione e servizi disponibili. Come arrivarci, e tutti i traghetti battelli che partono da e fino a Stinica.\",\"breadcrumb\":{\"@id\":\"https:\/\/www.ferrycroatia.com\/it\/porto-di-stinica\/#breadcrumb\"},\"inLanguage\":\"en-US\",\"potentialAction\":[{\"@type\":\"ReadAction\",\"target\":[\"https:\/\/www.ferrycroatia.com\/it\/porto-di-stinica\/\"]}]},{\"@type\":\"BreadcrumbList\",\"@id\":\"https:\/\/www.ferrycroatia.com\/it\/porto-di-stinica\/#breadcrumb\",\"itemListElement\":[{\"@type\":\"ListItem\",\"position\":1,\"name\":\"Home\",\"item\":\"https:\/\/www.ferrycroatia.com\/it\/\"},{\"@type\":\"ListItem\",\"position\":2,\"name\":\"Porto di Stinica\"}]},{\"@type\":\"WebSite\",\"@id\":\"https:\/\/www.ferrycroatia.com\/it\/#website\",\"url\":\"https:\/\/www.ferrycroatia.com\/it\/\",\"name\":\"Traghetto Croazia\",\"description\":\"Info e orari per tutti i catamarani e traghetti in Croazia\",\"potentialAction\":[{\"@type\":\"SearchAction\",\"target\":{\"@type\":\"EntryPoint\",\"urlTemplate\":\"https:\/\/www.ferrycroatia.com\/it\/?s={search_term_string}\"},\"query-input\":\"required name=search_term_string\"}],\"inLanguage\":\"en-US\"}]}<\/script>\n<!-- \/ Yoast SEO plugin. -->","yoast_head_json":{"title":"Porto di Stinica, partenze e arrivi di traghetti e battelli","description":"Porto di Stinica informazioni, posizione e servizi disponibili. Come arrivarci, e tutti i traghetti battelli che partono da e fino a Stinica.","robots":{"index":"index","follow":"follow","max-snippet":"max-snippet:-1","max-image-preview":"max-image-preview:large","max-video-preview":"max-video-preview:-1"},"canonical":"https:\/\/www.ferrycroatia.com\/it\/porto-di-stinica\/","og_locale":"en_US","og_type":"article","og_title":"Porto di Stinica, partenze e arrivi di traghetti e battelli","og_description":"Porto di Stinica informazioni, posizione e servizi disponibili. Come arrivarci, e tutti i traghetti battelli che partono da e fino a Stinica.","og_url":"https:\/\/www.ferrycroatia.com\/it\/porto-di-stinica\/","og_site_name":"Traghetto Croazia","article_modified_time":"2021-08-19T12:05:24+00:00","og_image":[{"width":1024,"height":576,"url":"https:\/\/www.ferrycroatia.com\/it\/wp-content\/uploads\/2021\/02\/Stinica-2.jpg","type":"image\/jpeg"}],"twitter_card":"summary_large_image","twitter_misc":{"Est. reading time":"1 minute"},"schema":{"@context":"https:\/\/schema.org","@graph":[{"@type":"WebPage","@id":"https:\/\/www.ferrycroatia.com\/it\/porto-di-stinica\/","url":"https:\/\/www.ferrycroatia.com\/it\/porto-di-stinica\/","name":"Porto di Stinica, partenze e arrivi di traghetti e battelli","isPartOf":{"@id":"https:\/\/www.ferrycroatia.com\/it\/#website"},"datePublished":"2021-02-05T11:09:36+00:00","dateModified":"2021-08-19T12:05:24+00:00","description":"Porto di Stinica informazioni, posizione e servizi disponibili. Come arrivarci, e tutti i traghetti battelli che partono da e fino a Stinica.","breadcrumb":{"@id":"https:\/\/www.ferrycroatia.com\/it\/porto-di-stinica\/#breadcrumb"},"inLanguage":"en-US","potentialAction":[{"@type":"ReadAction","target":["https:\/\/www.ferrycroatia.com\/it\/porto-di-stinica\/"]}]},{"@type":"BreadcrumbList","@id":"https:\/\/www.ferrycroatia.com\/it\/porto-di-stinica\/#breadcrumb","itemListElement":[{"@type":"ListItem","position":1,"name":"Home","item":"https:\/\/www.ferrycroatia.com\/it\/"},{"@type":"ListItem","position":2,"name":"Porto di Stinica"}]},{"@type":"WebSite","@id":"https:\/\/www.ferrycroatia.com\/it\/#website","url":"https:\/\/www.ferrycroatia.com\/it\/","name":"Traghetto Croazia","description":"Info e orari per tutti i catamarani e traghetti in Croazia","potentialAction":[{"@type":"SearchAction","target":{"@type":"EntryPoint","urlTemplate":"https:\/\/www.ferrycroatia.com\/it\/?s={search_term_string}"},"query-input":"required name=search_term_string"}],"inLanguage":"en-US"}]}},"_links":{"self":[{"href":"https:\/\/www.ferrycroatia.com\/it\/wp-json\/wp\/v2\/pages\/1754"}],"collection":[{"href":"https:\/\/www.ferrycroatia.com\/it\/wp-json\/wp\/v2\/pages"}],"about":[{"href":"https:\/\/www.ferrycroatia.com\/it\/wp-json\/wp\/v2\/types\/page"}],"author":[{"embeddable":true,"href":"https:\/\/www.ferrycroatia.com\/it\/wp-json\/wp\/v2\/users\/5"}],"replies":[{"embeddable":true,"href":"https:\/\/www.ferrycroatia.com\/it\/wp-json\/wp\/v2\/comments?post=1754"}],"version-history":[{"count":5,"href":"https:\/\/www.ferrycroatia.com\/it\/wp-json\/wp\/v2\/pages\/1754\/revisions"}],"predecessor-version":[{"id":2877,"href":"https:\/\/www.ferrycroatia.com\/it\/wp-json\/wp\/v2\/pages\/1754\/revisions\/2877"}],"wp:featuredmedia":[{"embeddable":true,"href":"https:\/\/www.ferrycroatia.com\/it\/wp-json\/wp\/v2\/media\/1756"}],"wp:attachment":[{"href":"https:\/\/www.ferrycroatia.com\/it\/wp-json\/wp\/v2\/media?parent=1754"}],"curies":[{"name":"wp","href":"https:\/\/api.w.org\/{rel}","templated":true}]}}