{"id":1758,"date":"2021-02-05T11:53:31","date_gmt":"2021-02-05T11:53:31","guid":{"rendered":"https:\/\/ferrycroatia.com\/it\/?page_id=1758"},"modified":"2021-08-19T14:05:58","modified_gmt":"2021-08-19T12:05:58","slug":"porto-di-sucuraj","status":"publish","type":"page","link":"https:\/\/www.ferrycroatia.com\/it\/porto-di-sucuraj\/","title":{"rendered":"Porto di Sucuraj"},"content":{"rendered":"\n<p><strong>Sucuraj \u00e8 una piccola citt\u00e0 sull&#8217;isola di Lesina<\/strong>, situata sul lato est dell&#8217;isola, nel punto pi\u00f9 vicino alla terraferma. Il terminal dei traghetti si trova in <strong>una piccola baia molto stretta<\/strong> e, come in quasi tutti gli altri paesi dell&#8217;isola, si trova non lontano dal centro, alla fine della passeggiata lungomare. I <strong>biglietti possono essere acquistati<\/strong> presso la biglietteria di Sucuraj o di Drvenik.<\/p>\n\n\n\n<p><span style=\"text-decoration: underline;\"><b>Raggiungere il terminal dei traghetti di Sucuraj:<\/b><\/span><\/p>\n\n\n\n<p><strong>Sucuraj \u00e8 una piccola citt\u00e0 insulare<\/strong>, quindi non importa dove sia il Suo alloggio, il terminal dei traghetti \u00e8 facilmente raggiungibile a piedi. Se prenota un appartamento nelle baie lungo la costa da Sucuraj, forse potr\u00e0 organizzare un ritiro dal Suo padrone d&#8217;appartamento. Se alloggia<strong> da qualche altra parte sull&#8217;isola di Lesina<\/strong>, \u00e8 facile raggiungere Sucuraj in autobus. Anche <a href=\"https:\/\/getbybus.com\/it\/bus-da-san-giorgio-lesina\">la fermata dell&#8217;autobus<\/a> si trova nel centro del paese.<\/p>\n\n\n\n<p><span style=\"text-decoration: underline;\"><b>Cosa pu\u00f2 trovare al terminal dei traghetti di Sucuraj:<\/b><\/span><\/p>\n\n\n\n<p>Come gi\u00e0 accennato in precedenza, Sucuraj \u00e8 <strong>una cittadina insulare davvero piccola e il terminal dei traghetti non si trova lontano dal centro<\/strong>. Ecco perch\u00e9 la maggior parte delle strutture della citt\u00e0 si trovano molto vicino al terminal dei traghetti: bar, ristoranti, negozi, ecc.<\/p>\n\n\n\n<p><span style=\"text-decoration: underline;\"><b>Indirizzo del terminal dei traghetti di Sucuraj:<\/b><\/span><\/p>\n\n\n\n<blockquote class=\"wp-block-quote\"><p>D116 29<\/p><p>21469 Sucuraj (Lesina)<\/p><p><strong>Coordinate GPS:<\/strong> 43.12486, 17.18808<\/p><\/blockquote>\n\n\n\n<p><span style=\"text-decoration: underline;\"><b>Elenco dei percorsi:<\/b><\/span><\/p>\n\n\n\n<p>\u2192 Traghetto: Sucuraj &#8211; Drvenik<\/p>\n\n\n\n<ul><li aria-level=\"1\"><a href=\"https:\/\/www.ferrycroatia.com\/it\/san-giorgio-zirona\/\">Sucuraj &#8211; Drvenik<\/a><\/li><\/ul>\n","protected":false},"excerpt":{"rendered":"<p>Sucuraj \u00e8 una piccola citt\u00e0 sull&#8217;isola di Lesina, situata sul lato est dell&#8217;isola, nel punto pi\u00f9 vicino alla terraferma. Il terminal dei traghetti si trova in una piccola baia molto stretta e, come in quasi tutti gli altri paesi dell&#8217;isola, si trova non lontano dal centro, alla fine della passeggiata lungomare. I biglietti possono essere [&hellip;]<\/p>\n<p><a class=\"more-link\" href=\"https:\/\/www.ferrycroatia.com\/it\/porto-di-sucuraj\/\"> Continue reading&#8230;<\/a><\/p>\n","protected":false},"author":5,"featured_media":0,"parent":0,"menu_order":0,"comment_status":"closed","ping_status":"closed","template":"","meta":[],"yoast_head":"<!-- This site is optimized with the Yoast SEO plugin v19.8 - https:\/\/yoast.com\/wordpress\/plugins\/seo\/ -->\n<title>Porto di Sucuraj, partenze e arrivi di traghetti e battelli<\/title>\n<meta name=\"description\" content=\"Porto di Sucuraj informazioni, posizione e servizi disponibili. Come arrivarci, e tutti i traghetti battelli che partono da e fino a Hvar.\" \/>\n<meta name=\"robots\" content=\"index, follow, max-snippet:-1, max-image-preview:large, max-video-preview:-1\" \/>\n<link rel=\"canonical\" href=\"https:\/\/www.ferrycroatia.com\/it\/porto-di-sucuraj\/\" \/>\n<meta property=\"og:locale\" content=\"en_US\" \/>\n<meta property=\"og:type\" content=\"article\" \/>\n<meta property=\"og:title\" content=\"Porto di Sucuraj, partenze e arrivi di traghetti e battelli\" \/>\n<meta property=\"og:description\" content=\"Porto di Sucuraj informazioni, posizione e servizi disponibili. Come arrivarci, e tutti i traghetti battelli che partono da e fino a Hvar.\" \/>\n<meta property=\"og:url\" content=\"https:\/\/www.ferrycroatia.com\/it\/porto-di-sucuraj\/\" \/>\n<meta property=\"og:site_name\" content=\"Traghetto Croazia\" \/>\n<meta property=\"article:modified_time\" content=\"2021-08-19T12:05:58+00:00\" \/>\n<meta name=\"twitter:card\" content=\"summary_large_image\" \/>\n<meta name=\"twitter:label1\" content=\"Est. reading time\" \/>\n\t<meta name=\"twitter:data1\" content=\"1 minute\" \/>\n<script type=\"application\/ld+json\" class=\"yoast-schema-graph\">{\"@context\":\"https:\/\/schema.org\",\"@graph\":[{\"@type\":\"WebPage\",\"@id\":\"https:\/\/www.ferrycroatia.com\/it\/porto-di-sucuraj\/\",\"url\":\"https:\/\/www.ferrycroatia.com\/it\/porto-di-sucuraj\/\",\"name\":\"Porto di Sucuraj, partenze e arrivi di traghetti e battelli\",\"isPartOf\":{\"@id\":\"https:\/\/www.ferrycroatia.com\/it\/#website\"},\"datePublished\":\"2021-02-05T11:53:31+00:00\",\"dateModified\":\"2021-08-19T12:05:58+00:00\",\"description\":\"Porto di Sucuraj informazioni, posizione e servizi disponibili. Come arrivarci, e tutti i traghetti battelli che partono da e fino a Hvar.\",\"breadcrumb\":{\"@id\":\"https:\/\/www.ferrycroatia.com\/it\/porto-di-sucuraj\/#breadcrumb\"},\"inLanguage\":\"en-US\",\"potentialAction\":[{\"@type\":\"ReadAction\",\"target\":[\"https:\/\/www.ferrycroatia.com\/it\/porto-di-sucuraj\/\"]}]},{\"@type\":\"BreadcrumbList\",\"@id\":\"https:\/\/www.ferrycroatia.com\/it\/porto-di-sucuraj\/#breadcrumb\",\"itemListElement\":[{\"@type\":\"ListItem\",\"position\":1,\"name\":\"Home\",\"item\":\"https:\/\/www.ferrycroatia.com\/it\/\"},{\"@type\":\"ListItem\",\"position\":2,\"name\":\"Porto di Sucuraj\"}]},{\"@type\":\"WebSite\",\"@id\":\"https:\/\/www.ferrycroatia.com\/it\/#website\",\"url\":\"https:\/\/www.ferrycroatia.com\/it\/\",\"name\":\"Traghetto Croazia\",\"description\":\"Info e orari per tutti i catamarani e traghetti in Croazia\",\"potentialAction\":[{\"@type\":\"SearchAction\",\"target\":{\"@type\":\"EntryPoint\",\"urlTemplate\":\"https:\/\/www.ferrycroatia.com\/it\/?s={search_term_string}\"},\"query-input\":\"required name=search_term_string\"}],\"inLanguage\":\"en-US\"}]}<\/script>\n<!-- \/ Yoast SEO plugin. -->","yoast_head_json":{"title":"Porto di Sucuraj, partenze e arrivi di traghetti e battelli","description":"Porto di Sucuraj informazioni, posizione e servizi disponibili. Come arrivarci, e tutti i traghetti battelli che partono da e fino a Hvar.","robots":{"index":"index","follow":"follow","max-snippet":"max-snippet:-1","max-image-preview":"max-image-preview:large","max-video-preview":"max-video-preview:-1"},"canonical":"https:\/\/www.ferrycroatia.com\/it\/porto-di-sucuraj\/","og_locale":"en_US","og_type":"article","og_title":"Porto di Sucuraj, partenze e arrivi di traghetti e battelli","og_description":"Porto di Sucuraj informazioni, posizione e servizi disponibili. Come arrivarci, e tutti i traghetti battelli che partono da e fino a Hvar.","og_url":"https:\/\/www.ferrycroatia.com\/it\/porto-di-sucuraj\/","og_site_name":"Traghetto Croazia","article_modified_time":"2021-08-19T12:05:58+00:00","twitter_card":"summary_large_image","twitter_misc":{"Est. reading time":"1 minute"},"schema":{"@context":"https:\/\/schema.org","@graph":[{"@type":"WebPage","@id":"https:\/\/www.ferrycroatia.com\/it\/porto-di-sucuraj\/","url":"https:\/\/www.ferrycroatia.com\/it\/porto-di-sucuraj\/","name":"Porto di Sucuraj, partenze e arrivi di traghetti e battelli","isPartOf":{"@id":"https:\/\/www.ferrycroatia.com\/it\/#website"},"datePublished":"2021-02-05T11:53:31+00:00","dateModified":"2021-08-19T12:05:58+00:00","description":"Porto di Sucuraj informazioni, posizione e servizi disponibili. Come arrivarci, e tutti i traghetti battelli che partono da e fino a Hvar.","breadcrumb":{"@id":"https:\/\/www.ferrycroatia.com\/it\/porto-di-sucuraj\/#breadcrumb"},"inLanguage":"en-US","potentialAction":[{"@type":"ReadAction","target":["https:\/\/www.ferrycroatia.com\/it\/porto-di-sucuraj\/"]}]},{"@type":"BreadcrumbList","@id":"https:\/\/www.ferrycroatia.com\/it\/porto-di-sucuraj\/#breadcrumb","itemListElement":[{"@type":"ListItem","position":1,"name":"Home","item":"https:\/\/www.ferrycroatia.com\/it\/"},{"@type":"ListItem","position":2,"name":"Porto di Sucuraj"}]},{"@type":"WebSite","@id":"https:\/\/www.ferrycroatia.com\/it\/#website","url":"https:\/\/www.ferrycroatia.com\/it\/","name":"Traghetto Croazia","description":"Info e orari per tutti i catamarani e traghetti in Croazia","potentialAction":[{"@type":"SearchAction","target":{"@type":"EntryPoint","urlTemplate":"https:\/\/www.ferrycroatia.com\/it\/?s={search_term_string}"},"query-input":"required name=search_term_string"}],"inLanguage":"en-US"}]}},"_links":{"self":[{"href":"https:\/\/www.ferrycroatia.com\/it\/wp-json\/wp\/v2\/pages\/1758"}],"collection":[{"href":"https:\/\/www.ferrycroatia.com\/it\/wp-json\/wp\/v2\/pages"}],"about":[{"href":"https:\/\/www.ferrycroatia.com\/it\/wp-json\/wp\/v2\/types\/page"}],"author":[{"embeddable":true,"href":"https:\/\/www.ferrycroatia.com\/it\/wp-json\/wp\/v2\/users\/5"}],"replies":[{"embeddable":true,"href":"https:\/\/www.ferrycroatia.com\/it\/wp-json\/wp\/v2\/comments?post=1758"}],"version-history":[{"count":5,"href":"https:\/\/www.ferrycroatia.com\/it\/wp-json\/wp\/v2\/pages\/1758\/revisions"}],"predecessor-version":[{"id":3165,"href":"https:\/\/www.ferrycroatia.com\/it\/wp-json\/wp\/v2\/pages\/1758\/revisions\/3165"}],"wp:attachment":[{"href":"https:\/\/www.ferrycroatia.com\/it\/wp-json\/wp\/v2\/media?parent=1758"}],"curies":[{"name":"wp","href":"https:\/\/api.w.org\/{rel}","templated":true}]}}