{"id":1765,"date":"2021-02-05T11:41:57","date_gmt":"2021-02-05T11:41:57","guid":{"rendered":"https:\/\/ferrycroatia.com\/it\/?page_id=1765"},"modified":"2021-08-19T14:07:15","modified_gmt":"2021-08-19T12:07:15","slug":"porto-di-sumartin","status":"publish","type":"page","link":"https:\/\/www.ferrycroatia.com\/it\/porto-di-sumartin\/","title":{"rendered":"Porto di Sumartin"},"content":{"rendered":"\n<p><strong>Sumartin \u00e8 una piccola citt\u00e0 che si trova all&#8217;estremit\u00e0 orientale dell&#8217;isola di Brazza (Brac)<\/strong>. Il terminal dei traghetti si trova in una baia stretta, vicino alla passeggiata principale in riva al mare e al centro della citt\u00e0.<\/p>\n\n\n\n<p><span style=\"text-decoration: underline;\"><b>Arrivare da e per il terminal dei traghetti di Sumartin:<\/b><\/span><\/p>\n\n\n\n<p>Sumartin \u00e8 una piccola citt\u00e0 insulare e il <strong>suo terminal dei traghetti si trova nel centro<\/strong>, vicino alla passeggiata principale in riva al mare. Non importa dove sia il vostro alloggio, tutto, compreso il terminal dei traghetti, \u00e8 facilmente raggiungibile a piedi. <strong>Se il vostro appartamento si trova nella parte opposta della baia<\/strong>, camminare \u00e8 un po&#8217; difficile, in tal caso dovreste organizzare un pick up dal vostro padrone di casa, di solito sono abbastanza disposti a farlo.<\/p>\n\n\n\n<p>Se soggiornate <strong>da un\u2019altra parte sull&#8217;isola di Brazza<\/strong>, \u00e8 facile raggiungere Sumartin in autobus. La fermata dell&#8217;autobus \u00e8 anche vicino al terminal dei traghetti ed \u00e8 facile da trovarla.<\/p>\n\n\n\n<p><span style=\"text-decoration: underline;\"><b>Arrivare da Sumartin all&#8217;Aeroporto di Spalato:<\/b><\/span><\/p>\n\n\n\n<p>Viaggiare in<strong> traghetto Sumartin &#8211; Makarska<\/strong> per l&#8217;Aeroporto di Spalato durer\u00e0 circa 2 ore e 30 minuti (1 ora di traghetto, pi\u00f9 1 ora e 30 minuti di guida). L&#8217;alternativa \u00e8 <a href=\"https:\/\/www.ferrycroatia.com\/it\/porto-di-supetar\/\">guidare fino a Supetar<\/a> e poi prendere il traghetto per Spalato da l\u00ec, che <strong>non sar\u00e0 pi\u00f9 veloce, ma il biglietto del traghetto costa meno<\/strong>. Se non avete una macchina, il modo pi\u00f9 semplice \u00e8 prendere il traghetto per Makarska e poi camminare fino alla stazione degli autobus (che \u00e8 a circa 500 metri) da dove potete prendere un autobus per il terminal degli autobus di Spalato. <strong>Al terminal degli autobus di Spalato prendete l&#8217;autobus per l&#8217;aeroporto<\/strong>. Il tempo di viaggio totale da Sumartin all&#8217;Aeroporto di Spalato sar\u00e0 in questo caso probabilmente di circa 4 ore.<\/p>\n\n\n\n<p><span style=\"text-decoration: underline;\"><b>Cosa potete trovare sul terminal dei traghetti di Sumartin:<\/b><\/span><\/p>\n\n\n\n<p>Come gi\u00e0 menzionato sopra, Sumartin \u00e8 una citt\u00e0 davvero piccola e il <strong>terminal dei traghetti si trova proprio nel centro della citt\u00e0<\/strong> e sulla passeggiata principale in riva al mare, quindi ovviamente potete trovare molti servizi l\u00ec: bar, ristoranti, negozi, bancomat, ecc.<\/p>\n\n\n\n<p><span style=\"text-decoration: underline;\"><b>Indirizzo del terminal dei traghetti di Sumartin:<\/b><\/span><\/p>\n\n\n\n<blockquote class=\"wp-block-quote\"><p>D113<\/p><p>21426 Sumartin (Brac)<\/p><p><strong>Coordinate GPS:<\/strong> 43.28548, 16.87163<\/p><\/blockquote>\n\n\n\n<div class=\"wp-block-image\"><figure class=\"aligncenter\"><img decoding=\"async\" loading=\"lazy\" width=\"800\" height=\"592\" data-src=\"https:\/\/ferrycroatia.com\/it\/wp-content\/uploads\/2021\/02\/Sumartin-2.jpg\" alt=\"\" class=\"wp-image-1768\" data-srcset=\"https:\/\/www.ferrycroatia.com\/it\/wp-content\/uploads\/2021\/02\/Sumartin-2.jpg 800w, https:\/\/www.ferrycroatia.com\/it\/wp-content\/uploads\/2021\/02\/Sumartin-2-300x222.jpg 300w, https:\/\/www.ferrycroatia.com\/it\/wp-content\/uploads\/2021\/02\/Sumartin-2-768x568.jpg 768w\" sizes=\"(max-width: 800px) 100vw, 800px\" \/><\/figure><\/div>\n\n\n\n<p><span style=\"text-decoration: underline;\"><b>Elenco delle rotte dei traghetti da Sumartin:<\/b><\/span><\/p>\n\n\n\n<p>Traghetto: Sumartin (Brazza) &#8211; Makarska<\/p>\n\n\n\n<ul><li aria-level=\"1\"><a href=\"https:\/\/www.ferrycroatia.com\/it\/sumartin-macarsca\/\">Sumartin &#8211; Makarska<\/a><\/li><\/ul>\n","protected":false},"excerpt":{"rendered":"<p>Sumartin \u00e8 una piccola citt\u00e0 che si trova all&#8217;estremit\u00e0 orientale dell&#8217;isola di Brazza (Brac). Il terminal dei traghetti si trova in una baia stretta, vicino alla passeggiata principale in riva al mare e al centro della citt\u00e0. Arrivare da e per il terminal dei traghetti di Sumartin: Sumartin \u00e8 una piccola citt\u00e0 insulare e il [&hellip;]<\/p>\n<p><a class=\"more-link\" href=\"https:\/\/www.ferrycroatia.com\/it\/porto-di-sumartin\/\"> Continue reading&#8230;<\/a><\/p>\n","protected":false},"author":5,"featured_media":1767,"parent":0,"menu_order":0,"comment_status":"closed","ping_status":"closed","template":"","meta":[],"yoast_head":"<!-- This site is optimized with the Yoast SEO plugin v19.8 - https:\/\/yoast.com\/wordpress\/plugins\/seo\/ -->\n<title>Porto di Sumartin, partenze e arrivi di traghetti e battelli<\/title>\n<meta name=\"description\" content=\"Porto di Sumartin informazioni, posizione e servizi disponibili. Come arrivarci, e tutti i traghetti battelli che partono da e fino a Brac.\" \/>\n<meta name=\"robots\" content=\"index, follow, max-snippet:-1, max-image-preview:large, max-video-preview:-1\" \/>\n<link rel=\"canonical\" href=\"https:\/\/www.ferrycroatia.com\/it\/porto-di-sumartin\/\" \/>\n<meta property=\"og:locale\" content=\"en_US\" \/>\n<meta property=\"og:type\" content=\"article\" \/>\n<meta property=\"og:title\" content=\"Porto di Sumartin, partenze e arrivi di traghetti e battelli\" \/>\n<meta property=\"og:description\" content=\"Porto di Sumartin informazioni, posizione e servizi disponibili. Come arrivarci, e tutti i traghetti battelli che partono da e fino a Brac.\" \/>\n<meta property=\"og:url\" content=\"https:\/\/www.ferrycroatia.com\/it\/porto-di-sumartin\/\" \/>\n<meta property=\"og:site_name\" content=\"Traghetto Croazia\" \/>\n<meta property=\"article:modified_time\" content=\"2021-08-19T12:07:15+00:00\" \/>\n<meta property=\"og:image\" content=\"https:\/\/www.ferrycroatia.com\/it\/wp-content\/uploads\/2021\/02\/Sumartin-1.jpg\" \/>\n\t<meta property=\"og:image:width\" content=\"1024\" \/>\n\t<meta property=\"og:image:height\" content=\"768\" \/>\n\t<meta property=\"og:image:type\" content=\"image\/jpeg\" \/>\n<meta name=\"twitter:card\" content=\"summary_large_image\" \/>\n<meta name=\"twitter:label1\" content=\"Est. reading time\" \/>\n\t<meta name=\"twitter:data1\" content=\"2 minutes\" \/>\n<script type=\"application\/ld+json\" class=\"yoast-schema-graph\">{\"@context\":\"https:\/\/schema.org\",\"@graph\":[{\"@type\":\"WebPage\",\"@id\":\"https:\/\/www.ferrycroatia.com\/it\/porto-di-sumartin\/\",\"url\":\"https:\/\/www.ferrycroatia.com\/it\/porto-di-sumartin\/\",\"name\":\"Porto di Sumartin, partenze e arrivi di traghetti e battelli\",\"isPartOf\":{\"@id\":\"https:\/\/www.ferrycroatia.com\/it\/#website\"},\"datePublished\":\"2021-02-05T11:41:57+00:00\",\"dateModified\":\"2021-08-19T12:07:15+00:00\",\"description\":\"Porto di Sumartin informazioni, posizione e servizi disponibili. Come arrivarci, e tutti i traghetti battelli che partono da e fino a Brac.\",\"breadcrumb\":{\"@id\":\"https:\/\/www.ferrycroatia.com\/it\/porto-di-sumartin\/#breadcrumb\"},\"inLanguage\":\"en-US\",\"potentialAction\":[{\"@type\":\"ReadAction\",\"target\":[\"https:\/\/www.ferrycroatia.com\/it\/porto-di-sumartin\/\"]}]},{\"@type\":\"BreadcrumbList\",\"@id\":\"https:\/\/www.ferrycroatia.com\/it\/porto-di-sumartin\/#breadcrumb\",\"itemListElement\":[{\"@type\":\"ListItem\",\"position\":1,\"name\":\"Home\",\"item\":\"https:\/\/www.ferrycroatia.com\/it\/\"},{\"@type\":\"ListItem\",\"position\":2,\"name\":\"Porto di Sumartin\"}]},{\"@type\":\"WebSite\",\"@id\":\"https:\/\/www.ferrycroatia.com\/it\/#website\",\"url\":\"https:\/\/www.ferrycroatia.com\/it\/\",\"name\":\"Traghetto Croazia\",\"description\":\"Info e orari per tutti i catamarani e traghetti in Croazia\",\"potentialAction\":[{\"@type\":\"SearchAction\",\"target\":{\"@type\":\"EntryPoint\",\"urlTemplate\":\"https:\/\/www.ferrycroatia.com\/it\/?s={search_term_string}\"},\"query-input\":\"required name=search_term_string\"}],\"inLanguage\":\"en-US\"}]}<\/script>\n<!-- \/ Yoast SEO plugin. -->","yoast_head_json":{"title":"Porto di Sumartin, partenze e arrivi di traghetti e battelli","description":"Porto di Sumartin informazioni, posizione e servizi disponibili. Come arrivarci, e tutti i traghetti battelli che partono da e fino a Brac.","robots":{"index":"index","follow":"follow","max-snippet":"max-snippet:-1","max-image-preview":"max-image-preview:large","max-video-preview":"max-video-preview:-1"},"canonical":"https:\/\/www.ferrycroatia.com\/it\/porto-di-sumartin\/","og_locale":"en_US","og_type":"article","og_title":"Porto di Sumartin, partenze e arrivi di traghetti e battelli","og_description":"Porto di Sumartin informazioni, posizione e servizi disponibili. Come arrivarci, e tutti i traghetti battelli che partono da e fino a Brac.","og_url":"https:\/\/www.ferrycroatia.com\/it\/porto-di-sumartin\/","og_site_name":"Traghetto Croazia","article_modified_time":"2021-08-19T12:07:15+00:00","og_image":[{"width":1024,"height":768,"url":"https:\/\/www.ferrycroatia.com\/it\/wp-content\/uploads\/2021\/02\/Sumartin-1.jpg","type":"image\/jpeg"}],"twitter_card":"summary_large_image","twitter_misc":{"Est. reading time":"2 minutes"},"schema":{"@context":"https:\/\/schema.org","@graph":[{"@type":"WebPage","@id":"https:\/\/www.ferrycroatia.com\/it\/porto-di-sumartin\/","url":"https:\/\/www.ferrycroatia.com\/it\/porto-di-sumartin\/","name":"Porto di Sumartin, partenze e arrivi di traghetti e battelli","isPartOf":{"@id":"https:\/\/www.ferrycroatia.com\/it\/#website"},"datePublished":"2021-02-05T11:41:57+00:00","dateModified":"2021-08-19T12:07:15+00:00","description":"Porto di Sumartin informazioni, posizione e servizi disponibili. Come arrivarci, e tutti i traghetti battelli che partono da e fino a Brac.","breadcrumb":{"@id":"https:\/\/www.ferrycroatia.com\/it\/porto-di-sumartin\/#breadcrumb"},"inLanguage":"en-US","potentialAction":[{"@type":"ReadAction","target":["https:\/\/www.ferrycroatia.com\/it\/porto-di-sumartin\/"]}]},{"@type":"BreadcrumbList","@id":"https:\/\/www.ferrycroatia.com\/it\/porto-di-sumartin\/#breadcrumb","itemListElement":[{"@type":"ListItem","position":1,"name":"Home","item":"https:\/\/www.ferrycroatia.com\/it\/"},{"@type":"ListItem","position":2,"name":"Porto di Sumartin"}]},{"@type":"WebSite","@id":"https:\/\/www.ferrycroatia.com\/it\/#website","url":"https:\/\/www.ferrycroatia.com\/it\/","name":"Traghetto Croazia","description":"Info e orari per tutti i catamarani e traghetti in Croazia","potentialAction":[{"@type":"SearchAction","target":{"@type":"EntryPoint","urlTemplate":"https:\/\/www.ferrycroatia.com\/it\/?s={search_term_string}"},"query-input":"required name=search_term_string"}],"inLanguage":"en-US"}]}},"_links":{"self":[{"href":"https:\/\/www.ferrycroatia.com\/it\/wp-json\/wp\/v2\/pages\/1765"}],"collection":[{"href":"https:\/\/www.ferrycroatia.com\/it\/wp-json\/wp\/v2\/pages"}],"about":[{"href":"https:\/\/www.ferrycroatia.com\/it\/wp-json\/wp\/v2\/types\/page"}],"author":[{"embeddable":true,"href":"https:\/\/www.ferrycroatia.com\/it\/wp-json\/wp\/v2\/users\/5"}],"replies":[{"embeddable":true,"href":"https:\/\/www.ferrycroatia.com\/it\/wp-json\/wp\/v2\/comments?post=1765"}],"version-history":[{"count":7,"href":"https:\/\/www.ferrycroatia.com\/it\/wp-json\/wp\/v2\/pages\/1765\/revisions"}],"predecessor-version":[{"id":3167,"href":"https:\/\/www.ferrycroatia.com\/it\/wp-json\/wp\/v2\/pages\/1765\/revisions\/3167"}],"wp:featuredmedia":[{"embeddable":true,"href":"https:\/\/www.ferrycroatia.com\/it\/wp-json\/wp\/v2\/media\/1767"}],"wp:attachment":[{"href":"https:\/\/www.ferrycroatia.com\/it\/wp-json\/wp\/v2\/media?parent=1765"}],"curies":[{"name":"wp","href":"https:\/\/api.w.org\/{rel}","templated":true}]}}