{"id":1771,"date":"2021-02-05T11:59:25","date_gmt":"2021-02-05T11:59:25","guid":{"rendered":"https:\/\/ferrycroatia.com\/it\/?page_id=1771"},"modified":"2021-08-19T14:07:50","modified_gmt":"2021-08-19T12:07:50","slug":"porto-di-supetar","status":"publish","type":"page","link":"https:\/\/www.ferrycroatia.com\/it\/porto-di-supetar\/","title":{"rendered":"Porto di Supetar"},"content":{"rendered":"\n<p><strong>Supetar (San Pietro di Brazza) \u00e8 una citt\u00e0 situata sul lato nord dell&#8217;isola di Brazza<\/strong> ed \u00e8 il porto principale dell&#8217;isola, il collegamento diretto in traghetto con la citt\u00e0 di Spalato.<\/p>\n\n\n\n<p><span style=\"text-decoration: underline;\"><b>Raggiungere il terminal dei traghetti di Supetar:<\/b><\/span><\/p>\n\n\n\n<p><strong>Supetar \u00e8 considerata la capitale dell&#8217;isola di Brazza<\/strong>. Se alloggia da qualche parte a Supetar, pu\u00f2 raggiungere a piedi il terminal dei traghetti (distanza massima 1,5 km), se porta i bagagli normalmente pu\u00f2 anche organizzare un trasferimento con il padrone d\u2019appartamento in quale resta, oppure pu\u00f2 prendere un taxi. Se soggiorna da qualche altra parte sull&#8217;isola di Brazza, \u00e8 abbastanza facile raggiungere Supetar in autobus: la stazione principale degli autobus della citt\u00e0 si trova <strong>a due minuti dal terminal dei traghetti<\/strong>. Per la posizione esatta \u00e8 possibile fare clic su questo link: <a href=\"https:\/\/getbybus.com\/it\/bus-da-san-pietro-di-brazza\">https:\/\/getbybus.com\/it\/bus-da-san-pietro-di-brazza<\/a><\/p>\n\n\n\n<p><span style=\"text-decoration: underline;\"><b>Arrivare da Supetar all&#8217;Aeroporto di Spalato:<\/b><\/span><\/p>\n\n\n\n<p>Il viaggio da Supetar all\u2019Aeroporto di Spalato dura circa 1 ora e 45 minuti se prende un taxi o il trasferimento dal terminal dei traghetti di Spalato all\u2019aeroporto. Il viaggio in autobus potrebbe richiedere pi\u00f9 di tempo e dipende completamente dell&#8217;orario di partenza dell&#8217;autobus. Se i soldi non rappresentano un problema, pu\u00f2 anche prenotare un trasferimento veloce direttamente da Supetar all&#8217;aeroporto di Spalato, che \u00e8 un viaggio in barca a vela di circa 30 minuti.<\/p>\n\n\n\n<p><span style=\"text-decoration: underline;\"><b>Cosa pu\u00f2 trovare al terminal dei traghetti di Supetar:<\/b><\/span><\/p>\n\n\n\n<p>Come gi\u00e0 accennato in precedenza, il <strong>terminal dei traghetti di Supetar<\/strong> si trova vicino al centro della citt\u00e0 e alla passeggiata principale, un lungomare.<strong> C&#8217;\u00e8 una biglietteria proprio al terminal dei traghetti<\/strong> e molti servizi nelle vicinanze: <strong>ristoranti, bar, chioschi, negozi, bancarelle di souvenir<\/strong>, ecc.<\/p>\n\n\n\n<p><span style=\"text-decoration: underline;\"><b>Indirizzo del terminal dei traghetti Supetar:<\/b><\/span><\/p>\n\n\n\n<blockquote class=\"wp-block-quote\"><p>D113 14<\/p><p>21400 Supetar (Brac)<\/p><p><strong>Coordinate GPS:<\/strong> 43.38582, 16.55373<\/p><\/blockquote>\n\n\n\n<div class=\"wp-block-image\"><figure class=\"aligncenter\"><img decoding=\"async\" loading=\"lazy\" width=\"800\" height=\"518\" data-src=\"https:\/\/ferrycroatia.com\/it\/wp-content\/uploads\/2021\/02\/Supetar1.jpg\" alt=\"\" class=\"wp-image-1773\" data-srcset=\"https:\/\/www.ferrycroatia.com\/it\/wp-content\/uploads\/2021\/02\/Supetar1.jpg 800w, https:\/\/www.ferrycroatia.com\/it\/wp-content\/uploads\/2021\/02\/Supetar1-300x194.jpg 300w, https:\/\/www.ferrycroatia.com\/it\/wp-content\/uploads\/2021\/02\/Supetar1-768x497.jpg 768w\" sizes=\"(max-width: 800px) 100vw, 800px\" \/><\/figure><\/div>\n\n\n\n<p><span style=\"text-decoration: underline;\"><b>Lista delle partenze:<\/b><\/span><\/p>\n\n\n\n<p>\u2192 Traghetto: Supetar (Brazza) &#8211; Spalato<\/p>\n\n\n\n<ul><li aria-level=\"1\"><a href=\"https:\/\/www.ferrycroatia.com\/it\/san-pietro-di-brazza-spalato\/\">Supetar &#8211; Spalato<\/a><\/li><\/ul>\n","protected":false},"excerpt":{"rendered":"<p>Supetar (San Pietro di Brazza) \u00e8 una citt\u00e0 situata sul lato nord dell&#8217;isola di Brazza ed \u00e8 il porto principale dell&#8217;isola, il collegamento diretto in traghetto con la citt\u00e0 di Spalato. Raggiungere il terminal dei traghetti di Supetar: Supetar \u00e8 considerata la capitale dell&#8217;isola di Brazza. Se alloggia da qualche parte a Supetar, pu\u00f2 raggiungere [&hellip;]<\/p>\n<p><a class=\"more-link\" href=\"https:\/\/www.ferrycroatia.com\/it\/porto-di-supetar\/\"> Continue reading&#8230;<\/a><\/p>\n","protected":false},"author":5,"featured_media":0,"parent":0,"menu_order":0,"comment_status":"closed","ping_status":"closed","template":"","meta":[],"yoast_head":"<!-- This site is optimized with the Yoast SEO plugin v19.8 - https:\/\/yoast.com\/wordpress\/plugins\/seo\/ -->\n<title>Porto di Supetar, partenze e arrivi di traghetti e battelli<\/title>\n<meta name=\"description\" content=\"Porto di Supetar informazioni, posizione e servizi disponibili. Come arrivarci, e tutti i traghetti battelli che partono da e fino a Brac.\" \/>\n<meta name=\"robots\" content=\"index, follow, max-snippet:-1, max-image-preview:large, max-video-preview:-1\" \/>\n<link rel=\"canonical\" href=\"https:\/\/www.ferrycroatia.com\/it\/porto-di-supetar\/\" \/>\n<meta property=\"og:locale\" content=\"en_US\" \/>\n<meta property=\"og:type\" content=\"article\" \/>\n<meta property=\"og:title\" content=\"Porto di Supetar, partenze e arrivi di traghetti e battelli\" \/>\n<meta property=\"og:description\" content=\"Porto di Supetar informazioni, posizione e servizi disponibili. Come arrivarci, e tutti i traghetti battelli che partono da e fino a Brac.\" \/>\n<meta property=\"og:url\" content=\"https:\/\/www.ferrycroatia.com\/it\/porto-di-supetar\/\" \/>\n<meta property=\"og:site_name\" content=\"Traghetto Croazia\" \/>\n<meta property=\"article:modified_time\" content=\"2021-08-19T12:07:50+00:00\" \/>\n<meta property=\"og:image\" content=\"https:\/\/ferrycroatia.com\/it\/wp-content\/uploads\/2021\/02\/Supetar1.jpg\" \/>\n<meta name=\"twitter:card\" content=\"summary_large_image\" \/>\n<meta name=\"twitter:label1\" content=\"Est. reading time\" \/>\n\t<meta name=\"twitter:data1\" content=\"2 minutes\" \/>\n<script type=\"application\/ld+json\" class=\"yoast-schema-graph\">{\"@context\":\"https:\/\/schema.org\",\"@graph\":[{\"@type\":\"WebPage\",\"@id\":\"https:\/\/www.ferrycroatia.com\/it\/porto-di-supetar\/\",\"url\":\"https:\/\/www.ferrycroatia.com\/it\/porto-di-supetar\/\",\"name\":\"Porto di Supetar, partenze e arrivi di traghetti e battelli\",\"isPartOf\":{\"@id\":\"https:\/\/www.ferrycroatia.com\/it\/#website\"},\"datePublished\":\"2021-02-05T11:59:25+00:00\",\"dateModified\":\"2021-08-19T12:07:50+00:00\",\"description\":\"Porto di Supetar informazioni, posizione e servizi disponibili. Come arrivarci, e tutti i traghetti battelli che partono da e fino a Brac.\",\"breadcrumb\":{\"@id\":\"https:\/\/www.ferrycroatia.com\/it\/porto-di-supetar\/#breadcrumb\"},\"inLanguage\":\"en-US\",\"potentialAction\":[{\"@type\":\"ReadAction\",\"target\":[\"https:\/\/www.ferrycroatia.com\/it\/porto-di-supetar\/\"]}]},{\"@type\":\"BreadcrumbList\",\"@id\":\"https:\/\/www.ferrycroatia.com\/it\/porto-di-supetar\/#breadcrumb\",\"itemListElement\":[{\"@type\":\"ListItem\",\"position\":1,\"name\":\"Home\",\"item\":\"https:\/\/www.ferrycroatia.com\/it\/\"},{\"@type\":\"ListItem\",\"position\":2,\"name\":\"Porto di Supetar\"}]},{\"@type\":\"WebSite\",\"@id\":\"https:\/\/www.ferrycroatia.com\/it\/#website\",\"url\":\"https:\/\/www.ferrycroatia.com\/it\/\",\"name\":\"Traghetto Croazia\",\"description\":\"Info e orari per tutti i catamarani e traghetti in Croazia\",\"potentialAction\":[{\"@type\":\"SearchAction\",\"target\":{\"@type\":\"EntryPoint\",\"urlTemplate\":\"https:\/\/www.ferrycroatia.com\/it\/?s={search_term_string}\"},\"query-input\":\"required name=search_term_string\"}],\"inLanguage\":\"en-US\"}]}<\/script>\n<!-- \/ Yoast SEO plugin. -->","yoast_head_json":{"title":"Porto di Supetar, partenze e arrivi di traghetti e battelli","description":"Porto di Supetar informazioni, posizione e servizi disponibili. Come arrivarci, e tutti i traghetti battelli che partono da e fino a Brac.","robots":{"index":"index","follow":"follow","max-snippet":"max-snippet:-1","max-image-preview":"max-image-preview:large","max-video-preview":"max-video-preview:-1"},"canonical":"https:\/\/www.ferrycroatia.com\/it\/porto-di-supetar\/","og_locale":"en_US","og_type":"article","og_title":"Porto di Supetar, partenze e arrivi di traghetti e battelli","og_description":"Porto di Supetar informazioni, posizione e servizi disponibili. Come arrivarci, e tutti i traghetti battelli che partono da e fino a Brac.","og_url":"https:\/\/www.ferrycroatia.com\/it\/porto-di-supetar\/","og_site_name":"Traghetto Croazia","article_modified_time":"2021-08-19T12:07:50+00:00","og_image":[{"url":"https:\/\/ferrycroatia.com\/it\/wp-content\/uploads\/2021\/02\/Supetar1.jpg"}],"twitter_card":"summary_large_image","twitter_misc":{"Est. reading time":"2 minutes"},"schema":{"@context":"https:\/\/schema.org","@graph":[{"@type":"WebPage","@id":"https:\/\/www.ferrycroatia.com\/it\/porto-di-supetar\/","url":"https:\/\/www.ferrycroatia.com\/it\/porto-di-supetar\/","name":"Porto di Supetar, partenze e arrivi di traghetti e battelli","isPartOf":{"@id":"https:\/\/www.ferrycroatia.com\/it\/#website"},"datePublished":"2021-02-05T11:59:25+00:00","dateModified":"2021-08-19T12:07:50+00:00","description":"Porto di Supetar informazioni, posizione e servizi disponibili. Come arrivarci, e tutti i traghetti battelli che partono da e fino a Brac.","breadcrumb":{"@id":"https:\/\/www.ferrycroatia.com\/it\/porto-di-supetar\/#breadcrumb"},"inLanguage":"en-US","potentialAction":[{"@type":"ReadAction","target":["https:\/\/www.ferrycroatia.com\/it\/porto-di-supetar\/"]}]},{"@type":"BreadcrumbList","@id":"https:\/\/www.ferrycroatia.com\/it\/porto-di-supetar\/#breadcrumb","itemListElement":[{"@type":"ListItem","position":1,"name":"Home","item":"https:\/\/www.ferrycroatia.com\/it\/"},{"@type":"ListItem","position":2,"name":"Porto di Supetar"}]},{"@type":"WebSite","@id":"https:\/\/www.ferrycroatia.com\/it\/#website","url":"https:\/\/www.ferrycroatia.com\/it\/","name":"Traghetto Croazia","description":"Info e orari per tutti i catamarani e traghetti in Croazia","potentialAction":[{"@type":"SearchAction","target":{"@type":"EntryPoint","urlTemplate":"https:\/\/www.ferrycroatia.com\/it\/?s={search_term_string}"},"query-input":"required name=search_term_string"}],"inLanguage":"en-US"}]}},"_links":{"self":[{"href":"https:\/\/www.ferrycroatia.com\/it\/wp-json\/wp\/v2\/pages\/1771"}],"collection":[{"href":"https:\/\/www.ferrycroatia.com\/it\/wp-json\/wp\/v2\/pages"}],"about":[{"href":"https:\/\/www.ferrycroatia.com\/it\/wp-json\/wp\/v2\/types\/page"}],"author":[{"embeddable":true,"href":"https:\/\/www.ferrycroatia.com\/it\/wp-json\/wp\/v2\/users\/5"}],"replies":[{"embeddable":true,"href":"https:\/\/www.ferrycroatia.com\/it\/wp-json\/wp\/v2\/comments?post=1771"}],"version-history":[{"count":7,"href":"https:\/\/www.ferrycroatia.com\/it\/wp-json\/wp\/v2\/pages\/1771\/revisions"}],"predecessor-version":[{"id":3168,"href":"https:\/\/www.ferrycroatia.com\/it\/wp-json\/wp\/v2\/pages\/1771\/revisions\/3168"}],"wp:attachment":[{"href":"https:\/\/www.ferrycroatia.com\/it\/wp-json\/wp\/v2\/media?parent=1771"}],"curies":[{"name":"wp","href":"https:\/\/api.w.org\/{rel}","templated":true}]}}